{"id":6487,"date":"2025-04-15T09:47:06","date_gmt":"2025-04-15T09:47:06","guid":{"rendered":"https:\/\/xenonkungen.com\/product\/lampsarg-125-serie-svart\/"},"modified":"2026-04-11T00:37:47","modified_gmt":"2026-04-10T23:37:47","slug":"marco-de-lampara-serie-125-negro","status":"publish","type":"product","link":"https:\/\/xenonkungen.com\/es\/producto\/marco-de-lampara-serie-125-negro\/","title":{"rendered":"Marco de l\u00e1mpara serie 125 Negro"},"content":{"rendered":"<h1>Marco de l\u00e1mpara de acero negro: una soluci\u00f3n perfecta para la serie 125 de Kvadrat<\/h1>\n<p>La iluminaci\u00f3n puede definir el ambiente de una habitaci\u00f3n. Una pantalla de alta calidad puede ser lo que se interponga entre una experiencia de iluminaci\u00f3n normal y una que realmente transforme el espacio. Para quienes ya hayan invertido en la Serie 125 de Kvadrat, o quienes est\u00e9n pensando en hacerlo, este marco de l\u00e1mpara de acero negro ser\u00e1 un complemento inestimable.<\/p>\n<h2>Elegancia y funcionalidad<\/h2>\n<p>El acabado negro de esta estructura de l\u00e1mpara ofrece una sofisticada sensaci\u00f3n de elegancia moderna. El negro como color es atemporal y vers\u00e1til, lo que le permite encajar en casi cualquier interior. Tanto si tu espacio tiene un dise\u00f1o minimalista, industrial, cl\u00e1sico o de cualquier otro tipo, este marco de acero negro puede integrarse o destacar de forma que realce la est\u00e9tica general de la habitaci\u00f3n.<\/p>\n<h2>Acero: resistencia y est\u00e9tica<\/h2>\n<p>El acero es conocido por su durabilidad. Esto significa que cuando invierte en un marco de l\u00e1mpara fabricado con este material, est\u00e1 invirtiendo en un producto dise\u00f1ado para durar. Puede soportar el desgaste diario sin perder su belleza ni su funcionalidad. Con unas dimensiones exactas de 145x145 mm, este marco de l\u00e1mpara garantiza un ajuste perfecto para cualquiera de las l\u00e1mparas de la serie 125 de Kvadrat.<\/p>\n<h2>\u00bfPor qu\u00e9 sustituir o cambiar?<\/h2>\n<p>Todo tiene una vida \u00fatil. Por muy alta que sea la calidad de un producto, con el tiempo puede desgastarse o no encajar con la nueva decoraci\u00f3n que elija para su espacio. Tener la opci\u00f3n de sustituir o cambiar f\u00e1cilmente la luminaria te da la libertad de actualizar tu espacio cuando te apetezca, sin tener que sustituir todo el sistema de iluminaci\u00f3n.<\/p>\n<h2>Palabras finales<\/h2>\n<p>Contar con las soluciones de iluminaci\u00f3n adecuadas puede hacer maravillas en una habitaci\u00f3n. Con este marco de l\u00e1mpara de acero negro para la Serie 125 de Kvadrat, tendr\u00e1 una combinaci\u00f3n de resistencia, belleza y funcionalidad. Tanto si necesita sustituir un marco antiguo como si simplemente desea renovar su espacio, esta es una opci\u00f3n ideal que le servir\u00e1 durante muchos a\u00f1os.<\/p>\n<p><iframe loading=\"lazy\" height=\"314\" src=\"https:\/\/www.youtube.com\/embed\/stf8LdE07sE\" width=\"560\" allowfullscreen=\"allowfullscreen\"><\/iframe><\/p>","protected":false},"excerpt":{"rendered":"<p>Lampsarg i Svart St\u00e5l: En Perfekt L\u00f6sning f\u00f6r Kvadrat Serie 125 Belysning kan definiera atmosf\u00e4ren i ett rum. En h\u00f6gkvalitativ lampsarg kan vara det som st\u00e5r mellan en genomsnittlig belysningsupplevelse och en som verkligen f\u00f6rvandlar utrymmet. F\u00f6r de som redan har investerat i Kvadrat Serie 125, eller de som \u00f6verv\u00e4ger att g\u00f6ra det, kommer den [&hellip;]<\/p>","protected":false},"featured_media":6488,"comment_status":"closed","ping_status":"open","template":"","meta":{"_acf_changed":false,"_smort_price_nok":"64","_smort_price_dkk":"41","_smort_price_eur":"5.45","_smort_sale_price_nok":"","_smort_sale_price_dkk":"","_smort_sale_price_eur":"","smort_restorder":"","shipmondo_restorder":"","_kad_blocks_custom_css":"","_kad_blocks_head_custom_js":"","_kad_blocks_body_custom_js":"","_kad_blocks_footer_custom_js":"","smort_custom_pricelist_1":"33.6","smort_custom_pricelist_2":"33.6","smort_custom_pricelist_3":"31.92","smort_custom_pricelist_4":"48","smort_custom_pricelist_5":"33.6"},"anvandningsomrade":[166,238,2816],"bilmarken":[],"product_brand":[1252],"product_cat":[2583],"product_tag":[],"class_list":{"0":"post-6487","1":"product","2":"type-product","3":"status-publish","4":"has-post-thumbnail","6":"anvandningsomrade-lastbil","7":"anvandningsomrade-slap","8":"anvandningsomrade-trailer","9":"product_brand-lea","10":"product_cat-lampsarg-slap","11":"pa_storlek-mm-145x145","13":"first","14":"onbackorder","15":"taxable","16":"shipping-taxable","17":"purchasable","18":"product-type-simple"},"bundled_by":[],"bundle_stock_status":"onbackorder","bundle_stock_quantity":0,"bundle_virtual":false,"bundle_layout":"","bundle_add_to_cart_form_location":"","bundle_editable_in_cart":false,"bundle_sold_individually_context":"","bundle_item_grouping":"","bundle_min_size":"","bundle_max_size":"","bundle_price":[],"bundled_items":[],"bundle_sell_ids":[],"acf":[],"yoast_head":"<!-- This site is optimized with the Yoast SEO plugin v27.0 - https:\/\/yoast.com\/product\/yoast-seo-wordpress\/ -->\n<title>Lampsarg 125-serie Svart - Xenonkungen<\/title>\n<meta name=\"robots\" content=\"index, follow, max-snippet:-1, max-image-preview:large, max-video-preview:-1\" \/>\n<link rel=\"canonical\" href=\"https:\/\/xenonkungen.com\/es\/producto\/marco-de-lampara-serie-125-negro\/\" \/>\n<meta property=\"og:locale\" content=\"es_ES\" \/>\n<meta property=\"og:type\" content=\"article\" \/>\n<meta property=\"og:title\" content=\"Lampsarg 125-serie Svart - Xenonkungen\" \/>\n<meta property=\"og:description\" content=\"Lampsarg i Svart St\u00e5l: En Perfekt L\u00f6sning f\u00f6r Kvadrat Serie 125 Belysning kan definiera atmosf\u00e4ren i ett rum. En h\u00f6gkvalitativ lampsarg kan vara det som st\u00e5r mellan en genomsnittlig belysningsupplevelse och en som verkligen f\u00f6rvandlar utrymmet. F\u00f6r de som redan har investerat i Kvadrat Serie 125, eller de som \u00f6verv\u00e4ger att g\u00f6ra det, kommer den [&hellip;]\" \/>\n<meta property=\"og:url\" content=\"https:\/\/xenonkungen.com\/es\/producto\/marco-de-lampara-serie-125-negro\/\" \/>\n<meta property=\"og:site_name\" content=\"Xenonkungen\" \/>\n<meta property=\"article:modified_time\" content=\"2026-04-10T23:37:47+00:00\" \/>\n<meta property=\"og:image\" content=\"https:\/\/xenonkungen.com\/wp-content\/uploads\/2025\/04\/12778383-origpic-c669b6.jpg\" \/>\n\t<meta property=\"og:image:width\" content=\"600\" \/>\n\t<meta property=\"og:image:height\" content=\"600\" \/>\n\t<meta property=\"og:image:type\" content=\"image\/jpeg\" \/>\n<meta name=\"twitter:card\" content=\"summary_large_image\" \/>\n<meta name=\"twitter:label1\" content=\"Tiempo de lectura\" \/>\n\t<meta name=\"twitter:data1\" content=\"2 minutos\" \/>\n<script type=\"application\/ld+json\" class=\"yoast-schema-graph\">{\"@context\":\"https:\/\/schema.org\",\"@graph\":[{\"@type\":\"WebPage\",\"@id\":\"https:\/\/xenonkungen.com\/nl\/product\/lampframe-125-serie-zwart\/\",\"url\":\"https:\/\/xenonkungen.com\/nl\/product\/lampframe-125-serie-zwart\/\",\"name\":\"Lampsarg 125-serie Svart - Xenonkungen\",\"isPartOf\":{\"@id\":\"https:\/\/xenonkungen.com\/#website\"},\"primaryImageOfPage\":{\"@id\":\"https:\/\/xenonkungen.com\/nl\/product\/lampframe-125-serie-zwart\/#primaryimage\"},\"image\":{\"@id\":\"https:\/\/xenonkungen.com\/nl\/product\/lampframe-125-serie-zwart\/#primaryimage\"},\"thumbnailUrl\":\"https:\/\/xenonkungen.com\/wp-content\/uploads\/2025\/04\/12778383-origpic-c669b6.jpg\",\"datePublished\":\"2025-04-15T09:47:06+00:00\",\"dateModified\":\"2026-04-10T23:37:47+00:00\",\"breadcrumb\":{\"@id\":\"https:\/\/xenonkungen.com\/nl\/product\/lampframe-125-serie-zwart\/#breadcrumb\"},\"inLanguage\":\"es\",\"potentialAction\":[{\"@type\":\"ReadAction\",\"target\":[\"https:\/\/xenonkungen.com\/nl\/product\/lampframe-125-serie-zwart\/\"]}]},{\"@type\":\"ImageObject\",\"inLanguage\":\"es\",\"@id\":\"https:\/\/xenonkungen.com\/nl\/product\/lampframe-125-serie-zwart\/#primaryimage\",\"url\":\"https:\/\/xenonkungen.com\/wp-content\/uploads\/2025\/04\/12778383-origpic-c669b6.jpg\",\"contentUrl\":\"https:\/\/xenonkungen.com\/wp-content\/uploads\/2025\/04\/12778383-origpic-c669b6.jpg\",\"width\":600,\"height\":600},{\"@type\":\"BreadcrumbList\",\"@id\":\"https:\/\/xenonkungen.com\/nl\/product\/lampframe-125-serie-zwart\/#breadcrumb\",\"itemListElement\":[{\"@type\":\"ListItem\",\"position\":1,\"name\":\"Hem\",\"item\":\"https:\/\/xenonkungen.com\/\"},{\"@type\":\"ListItem\",\"position\":2,\"name\":\"Shop\",\"item\":\"https:\/\/xenonkungen.com\/shop\/\"},{\"@type\":\"ListItem\",\"position\":3,\"name\":\"Lampsarg 125-serie Svart\"}]},{\"@type\":\"WebSite\",\"@id\":\"https:\/\/xenonkungen.com\/#website\",\"url\":\"https:\/\/xenonkungen.com\/\",\"name\":\"Xenonkungen\",\"description\":\"\",\"potentialAction\":[{\"@type\":\"SearchAction\",\"target\":{\"@type\":\"EntryPoint\",\"urlTemplate\":\"https:\/\/xenonkungen.com\/?s={search_term_string}\"},\"query-input\":{\"@type\":\"PropertyValueSpecification\",\"valueRequired\":true,\"valueName\":\"search_term_string\"}}],\"inLanguage\":\"es\"}]}<\/script>\n<!-- \/ Yoast SEO plugin. -->","yoast_head_json":{"title":"Lampsarg Serie 125 Negra - El Rey del Xen\u00f3n","robots":{"index":"index","follow":"follow","max-snippet":"max-snippet:-1","max-image-preview":"max-image-preview:large","max-video-preview":"max-video-preview:-1"},"canonical":"https:\/\/xenonkungen.com\/es\/producto\/marco-de-lampara-serie-125-negro\/","og_locale":"es_ES","og_type":"article","og_title":"Lampsarg 125-serie Svart - Xenonkungen","og_description":"Lampsarg i Svart St\u00e5l: En Perfekt L\u00f6sning f\u00f6r Kvadrat Serie 125 Belysning kan definiera atmosf\u00e4ren i ett rum. En h\u00f6gkvalitativ lampsarg kan vara det som st\u00e5r mellan en genomsnittlig belysningsupplevelse och en som verkligen f\u00f6rvandlar utrymmet. F\u00f6r de som redan har investerat i Kvadrat Serie 125, eller de som \u00f6verv\u00e4ger att g\u00f6ra det, kommer den [&hellip;]","og_url":"https:\/\/xenonkungen.com\/es\/producto\/marco-de-lampara-serie-125-negro\/","og_site_name":"Xenonkungen","article_modified_time":"2026-04-10T23:37:47+00:00","og_image":[{"width":600,"height":600,"url":"https:\/\/xenonkungen.com\/wp-content\/uploads\/2025\/04\/12778383-origpic-c669b6.jpg","type":"image\/jpeg"}],"twitter_card":"summary_large_image","twitter_misc":{"Tiempo de lectura":"2 minutos"},"schema":{"@context":"https:\/\/schema.org","@graph":[{"@type":"WebPage","@id":"https:\/\/xenonkungen.com\/nl\/product\/lampframe-125-serie-zwart\/","url":"https:\/\/xenonkungen.com\/nl\/product\/lampframe-125-serie-zwart\/","name":"Lampsarg Serie 125 Negra - El Rey del Xen\u00f3n","isPartOf":{"@id":"https:\/\/xenonkungen.com\/#website"},"primaryImageOfPage":{"@id":"https:\/\/xenonkungen.com\/nl\/product\/lampframe-125-serie-zwart\/#primaryimage"},"image":{"@id":"https:\/\/xenonkungen.com\/nl\/product\/lampframe-125-serie-zwart\/#primaryimage"},"thumbnailUrl":"https:\/\/xenonkungen.com\/wp-content\/uploads\/2025\/04\/12778383-origpic-c669b6.jpg","datePublished":"2025-04-15T09:47:06+00:00","dateModified":"2026-04-10T23:37:47+00:00","breadcrumb":{"@id":"https:\/\/xenonkungen.com\/nl\/product\/lampframe-125-serie-zwart\/#breadcrumb"},"inLanguage":"es","potentialAction":[{"@type":"ReadAction","target":["https:\/\/xenonkungen.com\/nl\/product\/lampframe-125-serie-zwart\/"]}]},{"@type":"ImageObject","inLanguage":"es","@id":"https:\/\/xenonkungen.com\/nl\/product\/lampframe-125-serie-zwart\/#primaryimage","url":"https:\/\/xenonkungen.com\/wp-content\/uploads\/2025\/04\/12778383-origpic-c669b6.jpg","contentUrl":"https:\/\/xenonkungen.com\/wp-content\/uploads\/2025\/04\/12778383-origpic-c669b6.jpg","width":600,"height":600},{"@type":"BreadcrumbList","@id":"https:\/\/xenonkungen.com\/nl\/product\/lampframe-125-serie-zwart\/#breadcrumb","itemListElement":[{"@type":"ListItem","position":1,"name":"Hem","item":"https:\/\/xenonkungen.com\/"},{"@type":"ListItem","position":2,"name":"Shop","item":"https:\/\/xenonkungen.com\/shop\/"},{"@type":"ListItem","position":3,"name":"Lampsarg 125-serie Svart"}]},{"@type":"WebSite","@id":"https:\/\/xenonkungen.com\/#website","url":"https:\/\/xenonkungen.com\/","name":"Xenonkungen","description":"","potentialAction":[{"@type":"SearchAction","target":{"@type":"EntryPoint","urlTemplate":"https:\/\/xenonkungen.com\/?s={search_term_string}"},"query-input":{"@type":"PropertyValueSpecification","valueRequired":true,"valueName":"search_term_string"}}],"inLanguage":"es"}]}},"taxonomy_info":{"anvandningsomrade":[{"value":166,"label":"Lastbil"},{"value":238,"label":"SL\u00c4P"},{"value":2816,"label":"TRAILER"}],"product_brand":[{"value":1252,"label":"LEA"}],"product_cat":[{"value":2583,"label":"Lampsarg"}],"pa_storlek-mm":[{"value":1766,"label":"145x145"}]},"featured_image_src_large":["https:\/\/xenonkungen.com\/wp-content\/uploads\/2025\/04\/12778383-origpic-c669b6.jpg",600,600,false],"author_info":[],"comment_info":0,"_links":{"self":[{"href":"https:\/\/xenonkungen.com\/es\/wp-json\/wp\/v2\/product\/6487","targetHints":{"allow":["GET"]}}],"collection":[{"href":"https:\/\/xenonkungen.com\/es\/wp-json\/wp\/v2\/product"}],"about":[{"href":"https:\/\/xenonkungen.com\/es\/wp-json\/wp\/v2\/types\/product"}],"replies":[{"embeddable":true,"href":"https:\/\/xenonkungen.com\/es\/wp-json\/wp\/v2\/comments?post=6487"}],"wp:featuredmedia":[{"embeddable":true,"href":"https:\/\/xenonkungen.com\/es\/wp-json\/wp\/v2\/media\/6488"}],"wp:attachment":[{"href":"https:\/\/xenonkungen.com\/es\/wp-json\/wp\/v2\/media?parent=6487"}],"wp:term":[{"taxonomy":"anvandningsomrade","embeddable":true,"href":"https:\/\/xenonkungen.com\/es\/wp-json\/wp\/v2\/anvandningsomrade?post=6487"},{"taxonomy":"bilmarken","embeddable":true,"href":"https:\/\/xenonkungen.com\/es\/wp-json\/wp\/v2\/bilmarken?post=6487"},{"taxonomy":"product_brand","embeddable":true,"href":"https:\/\/xenonkungen.com\/es\/wp-json\/wp\/v2\/product_brand?post=6487"},{"taxonomy":"product_cat","embeddable":true,"href":"https:\/\/xenonkungen.com\/es\/wp-json\/wp\/v2\/product_cat?post=6487"},{"taxonomy":"product_tag","embeddable":true,"href":"https:\/\/xenonkungen.com\/es\/wp-json\/wp\/v2\/product_tag?post=6487"}],"curies":[{"name":"wp","href":"https:\/\/api.w.org\/{rel}","templated":true}]}}