{"id":6537,"date":"2025-04-15T09:47:22","date_gmt":"2025-04-15T09:47:22","guid":{"rendered":"https:\/\/xenonkungen.com\/product\/bakmarkering-129rm\/"},"modified":"2026-04-24T17:09:26","modified_gmt":"2026-04-24T16:09:26","slug":"marca-trasera-129rm","status":"publish","type":"product","link":"https:\/\/xenonkungen.com\/es\/producto\/marca-trasera-129rm\/","title":{"rendered":"Marca trasera 129RM"},"content":{"rendered":"<div class=\"container\">\n<h1>Luz de posici\u00f3n trasera LED multivoltaje discreta con placa reflectante integrada<\/h1>\n<p>Esta luz de posici\u00f3n trasera LED multivoltaje est\u00e1 dise\u00f1ada para ofrecer m\u00e1xima visibilidad y seguridad en diversos tipos de veh\u00edculos, desde remolques hasta camiones. Con tres LED en el lado izquierdo y una placa reflectora integrada en el lado derecho, esta luz garantiza una excelente visibilidad en cualquier condici\u00f3n clim\u00e1tica.<\/p>\n<h2>Especificaciones<\/h2>\n<ul>\n<li>Fuente de alimentaci\u00f3n: Multivolt, adecuada para diversos sistemas del veh\u00edculo.<\/li>\n<li>LED: 3 diodos LED de alta eficiencia para una iluminaci\u00f3n clara y brillante<\/li>\n<li>Placa reflectante: integrada en el lado derecho para una mejor visibilidad.<\/li>\n<li>Montaje: Flexible, se puede montar tanto vertical como horizontalmente.<\/li>\n<li>Profundidad: solo 13 mm para una instalaci\u00f3n discreta en superficie<\/li>\n<li>Material: Marco ABS negro, lente acr\u00edlico PMMA para mayor durabilidad y resistencia.<\/li>\n<li>Longitud del cable: Cable fijo de 40cm para una f\u00e1cil instalaci\u00f3n<\/li>\n<li>Durabilidad: A prueba de golpes, 100% a prueba de agua y polvo para un uso confiable en cualquier entorno<\/li>\n<li>Colores: Disponible en varios colores para diferentes prop\u00f3sitos.<\/li>\n<\/ul>\n<h2>Caracter\u00edsticas y ventajas<\/h2>\n<p>Ideal para propietarios de veh\u00edculos que valoran tanto la funci\u00f3n como la est\u00e9tica, esta luz de posici\u00f3n trasera ofrece una iluminaci\u00f3n potente gracias a los LED de alta eficiencia y la placa reflectora integrada, al tiempo que mantiene un perfil bajo y una apariencia discreta.<\/p>\n<ul>\n<li>Garantiza una excelente visibilidad y seguridad para todo tipo de veh\u00edculos.<\/li>\n<li>Dise\u00f1o discreto y est\u00e9ticamente agradable que se integra f\u00e1cilmente en el veh\u00edculo.<\/li>\n<li>Montaje sencillo y vers\u00e1til para una instalaci\u00f3n r\u00e1pida.<\/li>\n<li>Durable y confiable con construcci\u00f3n a prueba de golpes e impermeable.<\/li>\n<li>La capacidad multivoltaje lo hace compatible con una amplia gama de veh\u00edculos.<\/li>\n<\/ul>\n<\/div>\n<p><strong>Es bueno saberlo:<\/strong><br \/>Los agujeros para los tornillos est\u00e1n espaciados a 116 mm.<br \/>Para su instalaci\u00f3n, se requiere un orificio de 8 mm por donde se pasa el cable.<\/p>\n<p><strong>Informaci\u00f3n de entrega<\/strong><br \/>1 marca trasera roja<br \/>2 tornillos para el montaje<\/p>\n<p><strong>Garant\u00eda<\/strong><br \/>Garant\u00eda funcional de 2 a\u00f1os<\/p>","protected":false},"excerpt":{"rendered":"<p><b>Perfil bajo para marcaje lateral<\/b><br \/>\n<b>Multivolt<\/b><br \/>\n<b>Luz roja y reflejo<\/b><br \/>\n<b>IP67<\/b><br \/>\n<b>Garant\u00eda funcional de 2 a\u00f1os<\/b><\/p>","protected":false},"featured_media":6538,"comment_status":"closed","ping_status":"open","template":"","meta":{"_acf_changed":false,"_smort_price_nok":"107","_smort_price_dkk":"68","_smort_price_eur":"9.09","_smort_sale_price_nok":"","_smort_sale_price_dkk":"","_smort_sale_price_eur":"","smort_restorder":"","shipmondo_restorder":"","_kad_blocks_custom_css":"","_kad_blocks_head_custom_js":"","_kad_blocks_body_custom_js":"","_kad_blocks_footer_custom_js":"","smort_custom_pricelist_1":"56","smort_custom_pricelist_2":"56","smort_custom_pricelist_3":"53.2","smort_custom_pricelist_4":"80","smort_custom_pricelist_5":"56"},"anvandningsomrade":[166,238,2816],"bilmarken":[],"product_brand":[1252],"product_cat":[2811,2478],"product_tag":[],"class_list":{"0":"post-6537","1":"product","2":"type-product","3":"status-publish","4":"has-post-thumbnail","6":"anvandningsomrade-lastbil","7":"anvandningsomrade-slap","8":"anvandningsomrade-trailer","9":"product_brand-lea","10":"product_cat-bak","11":"product_cat-positionsljus-slap","12":"pa_fuktskydd-varde-ipxx-ip67","13":"pa_godkannande-ece-e9-emc-r1-ia","14":"pa_storlek-mm-129x32x13","15":"pa_stromforbrukning-0-02a-13-8v","16":"pa_stromforbrukning-0-03a-28v","17":"pa_volt-v-12-24","19":"first","20":"instock","21":"taxable","22":"shipping-taxable","23":"purchasable","24":"product-type-simple"},"bundled_by":[],"bundle_stock_status":"instock","bundle_stock_quantity":11,"bundle_virtual":false,"bundle_layout":"","bundle_add_to_cart_form_location":"","bundle_editable_in_cart":false,"bundle_sold_individually_context":"","bundle_item_grouping":"","bundle_min_size":"","bundle_max_size":"","bundle_price":[],"bundled_items":[],"bundle_sell_ids":[],"acf":[],"yoast_head":"<!-- This site is optimized with the Yoast SEO plugin v27.0 - https:\/\/yoast.com\/product\/yoast-seo-wordpress\/ -->\n<title>Bakmarkering 129RM - Xenonkungen<\/title>\n<meta name=\"robots\" content=\"index, follow, max-snippet:-1, max-image-preview:large, max-video-preview:-1\" \/>\n<link rel=\"canonical\" href=\"https:\/\/xenonkungen.com\/es\/producto\/marca-trasera-129rm\/\" \/>\n<meta property=\"og:locale\" content=\"es_ES\" \/>\n<meta property=\"og:type\" content=\"article\" \/>\n<meta property=\"og:title\" content=\"Bakmarkering 129RM - Xenonkungen\" \/>\n<meta property=\"og:description\" content=\"L\u00e5g profil f\u00f6r sidomarkering Multivolt R\u00f6tt ljus och reflex IP67 2 \u00e5rs Funktionsgaranti\" \/>\n<meta property=\"og:url\" content=\"https:\/\/xenonkungen.com\/es\/producto\/marca-trasera-129rm\/\" \/>\n<meta property=\"og:site_name\" content=\"Xenonkungen\" \/>\n<meta property=\"article:modified_time\" content=\"2026-04-24T16:09:26+00:00\" \/>\n<meta property=\"og:image\" content=\"https:\/\/xenonkungen.com\/wp-content\/uploads\/2025\/04\/21677843-origpic-ec7dde.jpg\" \/>\n\t<meta property=\"og:image:width\" content=\"450\" \/>\n\t<meta property=\"og:image:height\" content=\"450\" \/>\n\t<meta property=\"og:image:type\" content=\"image\/jpeg\" \/>\n<meta name=\"twitter:card\" content=\"summary_large_image\" \/>\n<meta name=\"twitter:label1\" content=\"Tiempo de lectura\" \/>\n\t<meta name=\"twitter:data1\" content=\"2 minutos\" \/>\n<script type=\"application\/ld+json\" class=\"yoast-schema-graph\">{\"@context\":\"https:\/\/schema.org\",\"@graph\":[{\"@type\":\"WebPage\",\"@id\":\"https:\/\/xenonkungen.com\/produkt\/bakmarkering-129rm\/\",\"url\":\"https:\/\/xenonkungen.com\/produkt\/bakmarkering-129rm\/\",\"name\":\"Bakmarkering 129RM - Xenonkungen\",\"isPartOf\":{\"@id\":\"https:\/\/xenonkungen.com\/#website\"},\"primaryImageOfPage\":{\"@id\":\"https:\/\/xenonkungen.com\/produkt\/bakmarkering-129rm\/#primaryimage\"},\"image\":{\"@id\":\"https:\/\/xenonkungen.com\/produkt\/bakmarkering-129rm\/#primaryimage\"},\"thumbnailUrl\":\"https:\/\/xenonkungen.com\/wp-content\/uploads\/2025\/04\/21677843-origpic-ec7dde.jpg\",\"datePublished\":\"2025-04-15T09:47:22+00:00\",\"dateModified\":\"2026-04-24T16:09:26+00:00\",\"breadcrumb\":{\"@id\":\"https:\/\/xenonkungen.com\/produkt\/bakmarkering-129rm\/#breadcrumb\"},\"inLanguage\":\"es\",\"potentialAction\":[{\"@type\":\"ReadAction\",\"target\":[\"https:\/\/xenonkungen.com\/produkt\/bakmarkering-129rm\/\"]}]},{\"@type\":\"ImageObject\",\"inLanguage\":\"es\",\"@id\":\"https:\/\/xenonkungen.com\/produkt\/bakmarkering-129rm\/#primaryimage\",\"url\":\"https:\/\/xenonkungen.com\/wp-content\/uploads\/2025\/04\/21677843-origpic-ec7dde.jpg\",\"contentUrl\":\"https:\/\/xenonkungen.com\/wp-content\/uploads\/2025\/04\/21677843-origpic-ec7dde.jpg\",\"width\":450,\"height\":450},{\"@type\":\"BreadcrumbList\",\"@id\":\"https:\/\/xenonkungen.com\/produkt\/bakmarkering-129rm\/#breadcrumb\",\"itemListElement\":[{\"@type\":\"ListItem\",\"position\":1,\"name\":\"Hem\",\"item\":\"https:\/\/xenonkungen.com\/\"},{\"@type\":\"ListItem\",\"position\":2,\"name\":\"Shop\",\"item\":\"https:\/\/xenonkungen.com\/shop\/\"},{\"@type\":\"ListItem\",\"position\":3,\"name\":\"Bakmarkering 129RM\"}]},{\"@type\":\"WebSite\",\"@id\":\"https:\/\/xenonkungen.com\/#website\",\"url\":\"https:\/\/xenonkungen.com\/\",\"name\":\"Xenonkungen\",\"description\":\"\",\"potentialAction\":[{\"@type\":\"SearchAction\",\"target\":{\"@type\":\"EntryPoint\",\"urlTemplate\":\"https:\/\/xenonkungen.com\/?s={search_term_string}\"},\"query-input\":{\"@type\":\"PropertyValueSpecification\",\"valueRequired\":true,\"valueName\":\"search_term_string\"}}],\"inLanguage\":\"es\"}]}<\/script>\n<!-- \/ Yoast SEO plugin. -->","yoast_head_json":{"title":"Marcado trasero 129RM - El Rey del Xen\u00f3n","robots":{"index":"index","follow":"follow","max-snippet":"max-snippet:-1","max-image-preview":"max-image-preview:large","max-video-preview":"max-video-preview:-1"},"canonical":"https:\/\/xenonkungen.com\/es\/producto\/marca-trasera-129rm\/","og_locale":"es_ES","og_type":"article","og_title":"Bakmarkering 129RM - Xenonkungen","og_description":"L\u00e5g profil f\u00f6r sidomarkering Multivolt R\u00f6tt ljus och reflex IP67 2 \u00e5rs Funktionsgaranti","og_url":"https:\/\/xenonkungen.com\/es\/producto\/marca-trasera-129rm\/","og_site_name":"Xenonkungen","article_modified_time":"2026-04-24T16:09:26+00:00","og_image":[{"width":450,"height":450,"url":"https:\/\/xenonkungen.com\/wp-content\/uploads\/2025\/04\/21677843-origpic-ec7dde.jpg","type":"image\/jpeg"}],"twitter_card":"summary_large_image","twitter_misc":{"Tiempo de lectura":"2 minutos"},"schema":{"@context":"https:\/\/schema.org","@graph":[{"@type":"WebPage","@id":"https:\/\/xenonkungen.com\/produkt\/bakmarkering-129rm\/","url":"https:\/\/xenonkungen.com\/produkt\/bakmarkering-129rm\/","name":"Marcado trasero 129RM - El Rey del Xen\u00f3n","isPartOf":{"@id":"https:\/\/xenonkungen.com\/#website"},"primaryImageOfPage":{"@id":"https:\/\/xenonkungen.com\/produkt\/bakmarkering-129rm\/#primaryimage"},"image":{"@id":"https:\/\/xenonkungen.com\/produkt\/bakmarkering-129rm\/#primaryimage"},"thumbnailUrl":"https:\/\/xenonkungen.com\/wp-content\/uploads\/2025\/04\/21677843-origpic-ec7dde.jpg","datePublished":"2025-04-15T09:47:22+00:00","dateModified":"2026-04-24T16:09:26+00:00","breadcrumb":{"@id":"https:\/\/xenonkungen.com\/produkt\/bakmarkering-129rm\/#breadcrumb"},"inLanguage":"es","potentialAction":[{"@type":"ReadAction","target":["https:\/\/xenonkungen.com\/produkt\/bakmarkering-129rm\/"]}]},{"@type":"ImageObject","inLanguage":"es","@id":"https:\/\/xenonkungen.com\/produkt\/bakmarkering-129rm\/#primaryimage","url":"https:\/\/xenonkungen.com\/wp-content\/uploads\/2025\/04\/21677843-origpic-ec7dde.jpg","contentUrl":"https:\/\/xenonkungen.com\/wp-content\/uploads\/2025\/04\/21677843-origpic-ec7dde.jpg","width":450,"height":450},{"@type":"BreadcrumbList","@id":"https:\/\/xenonkungen.com\/produkt\/bakmarkering-129rm\/#breadcrumb","itemListElement":[{"@type":"ListItem","position":1,"name":"Hem","item":"https:\/\/xenonkungen.com\/"},{"@type":"ListItem","position":2,"name":"Shop","item":"https:\/\/xenonkungen.com\/shop\/"},{"@type":"ListItem","position":3,"name":"Bakmarkering 129RM"}]},{"@type":"WebSite","@id":"https:\/\/xenonkungen.com\/#website","url":"https:\/\/xenonkungen.com\/","name":"Xenonkungen","description":"","potentialAction":[{"@type":"SearchAction","target":{"@type":"EntryPoint","urlTemplate":"https:\/\/xenonkungen.com\/?s={search_term_string}"},"query-input":{"@type":"PropertyValueSpecification","valueRequired":true,"valueName":"search_term_string"}}],"inLanguage":"es"}]}},"taxonomy_info":{"anvandningsomrade":[{"value":166,"label":"Lastbil"},{"value":238,"label":"SL\u00c4P"},{"value":2816,"label":"TRAILER"}],"product_brand":[{"value":1252,"label":"LEA"}],"product_cat":[{"value":2811,"label":"Bak"},{"value":2478,"label":"Positionsljus"}],"pa_fuktskydd-varde-ipxx":[{"value":333,"label":"IP67"}],"pa_godkannande":[{"value":1780,"label":"ECE, E9, EMC, R1, IA"}],"pa_storlek-mm":[{"value":1779,"label":"129x32x13"}],"pa_stromforbrukning":[{"value":1775,"label":"0.02A @13.8V"},{"value":1776,"label":"0.03A @28V"}],"pa_volt-v":[{"value":348,"label":"12, 24"}]},"featured_image_src_large":["https:\/\/xenonkungen.com\/wp-content\/uploads\/2025\/04\/21677843-origpic-ec7dde.jpg",450,450,false],"author_info":[],"comment_info":0,"_links":{"self":[{"href":"https:\/\/xenonkungen.com\/es\/wp-json\/wp\/v2\/product\/6537","targetHints":{"allow":["GET"]}}],"collection":[{"href":"https:\/\/xenonkungen.com\/es\/wp-json\/wp\/v2\/product"}],"about":[{"href":"https:\/\/xenonkungen.com\/es\/wp-json\/wp\/v2\/types\/product"}],"replies":[{"embeddable":true,"href":"https:\/\/xenonkungen.com\/es\/wp-json\/wp\/v2\/comments?post=6537"}],"wp:featuredmedia":[{"embeddable":true,"href":"https:\/\/xenonkungen.com\/es\/wp-json\/wp\/v2\/media\/6538"}],"wp:attachment":[{"href":"https:\/\/xenonkungen.com\/es\/wp-json\/wp\/v2\/media?parent=6537"}],"wp:term":[{"taxonomy":"anvandningsomrade","embeddable":true,"href":"https:\/\/xenonkungen.com\/es\/wp-json\/wp\/v2\/anvandningsomrade?post=6537"},{"taxonomy":"bilmarken","embeddable":true,"href":"https:\/\/xenonkungen.com\/es\/wp-json\/wp\/v2\/bilmarken?post=6537"},{"taxonomy":"product_brand","embeddable":true,"href":"https:\/\/xenonkungen.com\/es\/wp-json\/wp\/v2\/product_brand?post=6537"},{"taxonomy":"product_cat","embeddable":true,"href":"https:\/\/xenonkungen.com\/es\/wp-json\/wp\/v2\/product_cat?post=6537"},{"taxonomy":"product_tag","embeddable":true,"href":"https:\/\/xenonkungen.com\/es\/wp-json\/wp\/v2\/product_tag?post=6537"}],"curies":[{"name":"wp","href":"https:\/\/api.w.org\/{rel}","templated":true}]}}