{"id":6559,"date":"2025-04-15T09:47:34","date_gmt":"2025-04-15T09:47:34","guid":{"rendered":"https:\/\/xenonkungen.com\/product\/backlampa-130wme-vit\/"},"modified":"2026-04-24T17:09:41","modified_gmt":"2026-04-24T16:09:41","slug":"luz-de-marcha-atras-130wme-blanca","status":"publish","type":"product","link":"https:\/\/xenonkungen.com\/es\/producto\/luz-de-marcha-atras-130wme-blanca\/","title":{"rendered":"Retroiluminaci\u00f3n 130WME Blanco"},"content":{"rendered":"<div class=\"container\">\n<h1>Mejora tu veh\u00edculo con la luz trasera LED 130WME<\/h1>\n<p>Optimice su veh\u00edculo con nuestra luz trasera LED de alta calidad con funci\u00f3n de luz de marcha atr\u00e1s. Dise\u00f1ada para ser compacta, funcional y duradera, esta luz es una soluci\u00f3n ideal para aumentar la seguridad y la eficiencia.<\/p>\n<h2>Caracter\u00edsticas principales:<\/h2>\n<ul>\n<li>Funci\u00f3n de luz de marcha atr\u00e1s especialmente dise\u00f1ada para aumentar la seguridad al dar marcha atr\u00e1s.<\/li>\n<li>Tecnolog\u00eda LED avanzada para un brillo excepcional y un bajo consumo de energ\u00eda.<\/li>\n<li>Carcasa de la l\u00e1mpara robusta, a prueba de fugas y resistente a los impactos para un rendimiento duradero.<\/li>\n<li>Dise\u00f1o moderno y compacto para facilitar su instalaci\u00f3n en distintos tipos de veh\u00edculos.<\/li>\n<\/ul>\n<h2>Ventajas:<\/h2>\n<ul>\n<li>Mayor visibilidad y seguridad al dar marcha atr\u00e1s.<\/li>\n<li>Soluci\u00f3n de iluminaci\u00f3n eficiente energ\u00e9ticamente y respetuosa con el medio ambiente.<\/li>\n<li>Su larga vida \u00fatil reduce la necesidad de cambiar las l\u00e1mparas con frecuencia.<\/li>\n<li>Instalaci\u00f3n sencilla para actualizaciones r\u00e1pidas y f\u00e1ciles.<\/li>\n<\/ul>\n<p>Invierta en la luz trasera LED 130WME para asegurarse de que su veh\u00edculo est\u00e1 equipado con la \u00faltima tecnolog\u00eda que no s\u00f3lo mejora la visibilidad, sino que tambi\u00e9n le protege a usted y a su entorno. Experimente hoy mismo la diferencia con nuestra avanzada iluminaci\u00f3n LED.<\/p>\n<p><span><strong>Garant\u00eda:<\/strong> 5 a\u00f1os<\/span><\/p>\n<\/div>","protected":false},"excerpt":{"rendered":"<p>Uppgradera Ditt Fordon med LED Baklampa 130WME Optimera ditt fordon med v\u00e5r h\u00f6gkvalitativa LED baklampa med backljus funktion. Designad f\u00f6r att vara kompakt, funktionell och h\u00e5llbar, \u00e4r denna lampa en idealisk l\u00f6sning f\u00f6r \u00f6kad s\u00e4kerhet och effektivitet. Huvudegenskaper: Specialdesignad backljus funktion f\u00f6r \u00f6kad s\u00e4kerhet vid backning. Avancerad LED-teknik f\u00f6r exceptionell ljusstyrka och l\u00e5g energif\u00f6rbrukning. Robust, [&hellip;]<\/p>","protected":false},"featured_media":6560,"comment_status":"closed","ping_status":"open","template":"","meta":{"_acf_changed":false,"_smort_price_nok":"1025","_smort_price_dkk":"651","_smort_price_eur":"87.27","_smort_sale_price_nok":"","_smort_sale_price_dkk":"","_smort_sale_price_eur":"","smort_restorder":"","shipmondo_restorder":"","_kad_blocks_custom_css":"","_kad_blocks_head_custom_js":"","_kad_blocks_body_custom_js":"","_kad_blocks_footer_custom_js":"","smort_custom_pricelist_1":"537.6","smort_custom_pricelist_2":"537.6","smort_custom_pricelist_3":"510.72","smort_custom_pricelist_4":"768","smort_custom_pricelist_5":"537.6"},"anvandningsomrade":[166,238,2816],"bilmarken":[],"product_brand":[1252],"product_cat":[3049,2585],"product_tag":[],"class_list":{"0":"post-6559","1":"product","2":"type-product","3":"status-publish","4":"has-post-thumbnail","6":"anvandningsomrade-lastbil","7":"anvandningsomrade-slap","8":"anvandningsomrade-trailer","9":"product_brand-lea","10":"product_cat-bakljus-enkel-rektangular","11":"product_cat-backljus","12":"pa_fuktskydd-varde-ipxx-ip67","13":"pa_godkannande-ece-emc","14":"pa_storlek-mm-134x86x48","15":"pa_stromforbrukning-0-08a-28v","16":"pa_stromforbrukning-0-15a-13-8v","17":"pa_volt-v-12-24","19":"first","20":"onbackorder","21":"taxable","22":"shipping-taxable","23":"purchasable","24":"product-type-simple"},"bundled_by":[],"bundle_stock_status":"onbackorder","bundle_stock_quantity":0,"bundle_virtual":false,"bundle_layout":"","bundle_add_to_cart_form_location":"","bundle_editable_in_cart":false,"bundle_sold_individually_context":"","bundle_item_grouping":"","bundle_min_size":"","bundle_max_size":"","bundle_price":[],"bundled_items":[],"bundle_sell_ids":[],"acf":[],"yoast_head":"<!-- This site is optimized with the Yoast SEO plugin v27.0 - https:\/\/yoast.com\/product\/yoast-seo-wordpress\/ -->\n<title>Backlampa 130WME Vit - Xenonkungen<\/title>\n<meta name=\"robots\" content=\"index, follow, max-snippet:-1, max-image-preview:large, max-video-preview:-1\" \/>\n<link rel=\"canonical\" href=\"https:\/\/xenonkungen.com\/es\/producto\/luz-de-marcha-atras-130wme-blanca\/\" \/>\n<meta property=\"og:locale\" content=\"es_ES\" \/>\n<meta property=\"og:type\" content=\"article\" \/>\n<meta property=\"og:title\" content=\"Backlampa 130WME Vit - Xenonkungen\" \/>\n<meta property=\"og:description\" content=\"Uppgradera Ditt Fordon med LED Baklampa 130WME Optimera ditt fordon med v\u00e5r h\u00f6gkvalitativa LED baklampa med backljus funktion. Designad f\u00f6r att vara kompakt, funktionell och h\u00e5llbar, \u00e4r denna lampa en idealisk l\u00f6sning f\u00f6r \u00f6kad s\u00e4kerhet och effektivitet. Huvudegenskaper: Specialdesignad backljus funktion f\u00f6r \u00f6kad s\u00e4kerhet vid backning. Avancerad LED-teknik f\u00f6r exceptionell ljusstyrka och l\u00e5g energif\u00f6rbrukning. Robust, [&hellip;]\" \/>\n<meta property=\"og:url\" content=\"https:\/\/xenonkungen.com\/es\/producto\/luz-de-marcha-atras-130wme-blanca\/\" \/>\n<meta property=\"og:site_name\" content=\"Xenonkungen\" \/>\n<meta property=\"article:modified_time\" content=\"2026-04-24T16:09:41+00:00\" \/>\n<meta property=\"og:image\" content=\"https:\/\/xenonkungen.com\/wp-content\/uploads\/2025\/04\/7293379-origpic-6348cf.jpg\" \/>\n\t<meta property=\"og:image:width\" content=\"800\" \/>\n\t<meta property=\"og:image:height\" content=\"800\" \/>\n\t<meta property=\"og:image:type\" content=\"image\/jpeg\" \/>\n<meta name=\"twitter:card\" content=\"summary_large_image\" \/>\n<meta name=\"twitter:label1\" content=\"Tiempo de lectura\" \/>\n\t<meta name=\"twitter:data1\" content=\"1 minuto\" \/>\n<script type=\"application\/ld+json\" class=\"yoast-schema-graph\">{\"@context\":\"https:\/\/schema.org\",\"@graph\":[{\"@type\":\"WebPage\",\"@id\":\"https:\/\/xenonkungen.com\/produkt\/backlampa-130wme-vit\/\",\"url\":\"https:\/\/xenonkungen.com\/produkt\/backlampa-130wme-vit\/\",\"name\":\"Backlampa 130WME Vit - Xenonkungen\",\"isPartOf\":{\"@id\":\"https:\/\/xenonkungen.com\/#website\"},\"primaryImageOfPage\":{\"@id\":\"https:\/\/xenonkungen.com\/produkt\/backlampa-130wme-vit\/#primaryimage\"},\"image\":{\"@id\":\"https:\/\/xenonkungen.com\/produkt\/backlampa-130wme-vit\/#primaryimage\"},\"thumbnailUrl\":\"https:\/\/xenonkungen.com\/wp-content\/uploads\/2025\/04\/7293379-origpic-6348cf.jpg\",\"datePublished\":\"2025-04-15T09:47:34+00:00\",\"dateModified\":\"2026-04-24T16:09:41+00:00\",\"breadcrumb\":{\"@id\":\"https:\/\/xenonkungen.com\/produkt\/backlampa-130wme-vit\/#breadcrumb\"},\"inLanguage\":\"es\",\"potentialAction\":[{\"@type\":\"ReadAction\",\"target\":[\"https:\/\/xenonkungen.com\/produkt\/backlampa-130wme-vit\/\"]}]},{\"@type\":\"ImageObject\",\"inLanguage\":\"es\",\"@id\":\"https:\/\/xenonkungen.com\/produkt\/backlampa-130wme-vit\/#primaryimage\",\"url\":\"https:\/\/xenonkungen.com\/wp-content\/uploads\/2025\/04\/7293379-origpic-6348cf.jpg\",\"contentUrl\":\"https:\/\/xenonkungen.com\/wp-content\/uploads\/2025\/04\/7293379-origpic-6348cf.jpg\",\"width\":800,\"height\":800},{\"@type\":\"BreadcrumbList\",\"@id\":\"https:\/\/xenonkungen.com\/produkt\/backlampa-130wme-vit\/#breadcrumb\",\"itemListElement\":[{\"@type\":\"ListItem\",\"position\":1,\"name\":\"Hem\",\"item\":\"https:\/\/xenonkungen.com\/\"},{\"@type\":\"ListItem\",\"position\":2,\"name\":\"Shop\",\"item\":\"https:\/\/xenonkungen.com\/shop\/\"},{\"@type\":\"ListItem\",\"position\":3,\"name\":\"Backlampa 130WME Vit\"}]},{\"@type\":\"WebSite\",\"@id\":\"https:\/\/xenonkungen.com\/#website\",\"url\":\"https:\/\/xenonkungen.com\/\",\"name\":\"Xenonkungen\",\"description\":\"\",\"potentialAction\":[{\"@type\":\"SearchAction\",\"target\":{\"@type\":\"EntryPoint\",\"urlTemplate\":\"https:\/\/xenonkungen.com\/?s={search_term_string}\"},\"query-input\":{\"@type\":\"PropertyValueSpecification\",\"valueRequired\":true,\"valueName\":\"search_term_string\"}}],\"inLanguage\":\"es\"}]}<\/script>\n<!-- \/ Yoast SEO plugin. -->","yoast_head_json":{"title":"Retroiluminaci\u00f3n 130WME Blanca - El Rey del Xen\u00f3n","robots":{"index":"index","follow":"follow","max-snippet":"max-snippet:-1","max-image-preview":"max-image-preview:large","max-video-preview":"max-video-preview:-1"},"canonical":"https:\/\/xenonkungen.com\/es\/producto\/luz-de-marcha-atras-130wme-blanca\/","og_locale":"es_ES","og_type":"article","og_title":"Backlampa 130WME Vit - Xenonkungen","og_description":"Uppgradera Ditt Fordon med LED Baklampa 130WME Optimera ditt fordon med v\u00e5r h\u00f6gkvalitativa LED baklampa med backljus funktion. Designad f\u00f6r att vara kompakt, funktionell och h\u00e5llbar, \u00e4r denna lampa en idealisk l\u00f6sning f\u00f6r \u00f6kad s\u00e4kerhet och effektivitet. Huvudegenskaper: Specialdesignad backljus funktion f\u00f6r \u00f6kad s\u00e4kerhet vid backning. Avancerad LED-teknik f\u00f6r exceptionell ljusstyrka och l\u00e5g energif\u00f6rbrukning. Robust, [&hellip;]","og_url":"https:\/\/xenonkungen.com\/es\/producto\/luz-de-marcha-atras-130wme-blanca\/","og_site_name":"Xenonkungen","article_modified_time":"2026-04-24T16:09:41+00:00","og_image":[{"width":800,"height":800,"url":"https:\/\/xenonkungen.com\/wp-content\/uploads\/2025\/04\/7293379-origpic-6348cf.jpg","type":"image\/jpeg"}],"twitter_card":"summary_large_image","twitter_misc":{"Tiempo de lectura":"1 minuto"},"schema":{"@context":"https:\/\/schema.org","@graph":[{"@type":"WebPage","@id":"https:\/\/xenonkungen.com\/produkt\/backlampa-130wme-vit\/","url":"https:\/\/xenonkungen.com\/produkt\/backlampa-130wme-vit\/","name":"Retroiluminaci\u00f3n 130WME Blanca - El Rey del Xen\u00f3n","isPartOf":{"@id":"https:\/\/xenonkungen.com\/#website"},"primaryImageOfPage":{"@id":"https:\/\/xenonkungen.com\/produkt\/backlampa-130wme-vit\/#primaryimage"},"image":{"@id":"https:\/\/xenonkungen.com\/produkt\/backlampa-130wme-vit\/#primaryimage"},"thumbnailUrl":"https:\/\/xenonkungen.com\/wp-content\/uploads\/2025\/04\/7293379-origpic-6348cf.jpg","datePublished":"2025-04-15T09:47:34+00:00","dateModified":"2026-04-24T16:09:41+00:00","breadcrumb":{"@id":"https:\/\/xenonkungen.com\/produkt\/backlampa-130wme-vit\/#breadcrumb"},"inLanguage":"es","potentialAction":[{"@type":"ReadAction","target":["https:\/\/xenonkungen.com\/produkt\/backlampa-130wme-vit\/"]}]},{"@type":"ImageObject","inLanguage":"es","@id":"https:\/\/xenonkungen.com\/produkt\/backlampa-130wme-vit\/#primaryimage","url":"https:\/\/xenonkungen.com\/wp-content\/uploads\/2025\/04\/7293379-origpic-6348cf.jpg","contentUrl":"https:\/\/xenonkungen.com\/wp-content\/uploads\/2025\/04\/7293379-origpic-6348cf.jpg","width":800,"height":800},{"@type":"BreadcrumbList","@id":"https:\/\/xenonkungen.com\/produkt\/backlampa-130wme-vit\/#breadcrumb","itemListElement":[{"@type":"ListItem","position":1,"name":"Hem","item":"https:\/\/xenonkungen.com\/"},{"@type":"ListItem","position":2,"name":"Shop","item":"https:\/\/xenonkungen.com\/shop\/"},{"@type":"ListItem","position":3,"name":"Backlampa 130WME Vit"}]},{"@type":"WebSite","@id":"https:\/\/xenonkungen.com\/#website","url":"https:\/\/xenonkungen.com\/","name":"Xenonkungen","description":"","potentialAction":[{"@type":"SearchAction","target":{"@type":"EntryPoint","urlTemplate":"https:\/\/xenonkungen.com\/?s={search_term_string}"},"query-input":{"@type":"PropertyValueSpecification","valueRequired":true,"valueName":"search_term_string"}}],"inLanguage":"es"}]}},"taxonomy_info":{"anvandningsomrade":[{"value":166,"label":"Lastbil"},{"value":238,"label":"SL\u00c4P"},{"value":2816,"label":"TRAILER"}],"product_brand":[{"value":1252,"label":"LEA"}],"product_cat":[{"value":3049,"label":"Bakljus Enkel Rektangul\u00e4r"},{"value":2585,"label":"Backljus"}],"pa_fuktskydd-varde-ipxx":[{"value":333,"label":"IP67"}],"pa_godkannande":[{"value":1262,"label":"ECE, EMC"}],"pa_storlek-mm":[{"value":1783,"label":"134x86x48"}],"pa_stromforbrukning":[{"value":1789,"label":"0.08A @28V"},{"value":1788,"label":"0.15A @13.8V"}],"pa_volt-v":[{"value":348,"label":"12, 24"}]},"featured_image_src_large":["https:\/\/xenonkungen.com\/wp-content\/uploads\/2025\/04\/7293379-origpic-6348cf.jpg",800,800,false],"author_info":[],"comment_info":0,"_links":{"self":[{"href":"https:\/\/xenonkungen.com\/es\/wp-json\/wp\/v2\/product\/6559","targetHints":{"allow":["GET"]}}],"collection":[{"href":"https:\/\/xenonkungen.com\/es\/wp-json\/wp\/v2\/product"}],"about":[{"href":"https:\/\/xenonkungen.com\/es\/wp-json\/wp\/v2\/types\/product"}],"replies":[{"embeddable":true,"href":"https:\/\/xenonkungen.com\/es\/wp-json\/wp\/v2\/comments?post=6559"}],"wp:featuredmedia":[{"embeddable":true,"href":"https:\/\/xenonkungen.com\/es\/wp-json\/wp\/v2\/media\/6560"}],"wp:attachment":[{"href":"https:\/\/xenonkungen.com\/es\/wp-json\/wp\/v2\/media?parent=6559"}],"wp:term":[{"taxonomy":"anvandningsomrade","embeddable":true,"href":"https:\/\/xenonkungen.com\/es\/wp-json\/wp\/v2\/anvandningsomrade?post=6559"},{"taxonomy":"bilmarken","embeddable":true,"href":"https:\/\/xenonkungen.com\/es\/wp-json\/wp\/v2\/bilmarken?post=6559"},{"taxonomy":"product_brand","embeddable":true,"href":"https:\/\/xenonkungen.com\/es\/wp-json\/wp\/v2\/product_brand?post=6559"},{"taxonomy":"product_cat","embeddable":true,"href":"https:\/\/xenonkungen.com\/es\/wp-json\/wp\/v2\/product_cat?post=6559"},{"taxonomy":"product_tag","embeddable":true,"href":"https:\/\/xenonkungen.com\/es\/wp-json\/wp\/v2\/product_tag?post=6559"}],"curies":[{"name":"wp","href":"https:\/\/api.w.org\/{rel}","templated":true}]}}