{"id":6569,"date":"2025-04-15T09:47:34","date_gmt":"2025-04-15T09:47:34","guid":{"rendered":"https:\/\/xenonkungen.com\/product\/baklampa-135arme-rod\/"},"modified":"2026-04-24T17:09:45","modified_gmt":"2026-04-24T16:09:45","slug":"luz-trasera-135arme-roja","status":"publish","type":"product","link":"https:\/\/xenonkungen.com\/es\/producto\/luz-trasera-135arme-roja\/","title":{"rendered":"Luz trasera 135ARME Roja"},"content":{"rendered":"<h1>Nuestra l\u00e1mpara combinada para montaje en superficie con marco negro<\/h1>\n<p>Es la soluci\u00f3n perfecta para mejorar la visibilidad y la seguridad de su veh\u00edculo. Con sus impresionantes dimensiones de 135 x 38 x 24 mm, esta l\u00e1mpara tiene un dise\u00f1o compacto y discreto que la hace adecuada para una gran variedad de veh\u00edculos y aplicaciones.<\/p>\n<h2>Especificaciones t\u00e9cnicas:<\/h2>\n<div class=\"specifications\">\n<ul>\n<li><strong>Multivoltio:<\/strong> Es compatible con sistemas de 12V y 24V CC, lo que le brinda la flexibilidad de usarlo en diferentes veh\u00edculos y en diferentes sistemas el\u00e9ctricos.<\/li>\n<li><strong>Dimensiones:<\/strong> Con unas dimensiones de 135 mm de largo, 38 mm de ancho y 24 mm de alto, su perfil compacto facilita su colocaci\u00f3n incluso en espacios reducidos. Su apariencia se ve realzada por el bisel negro, que le confiere un aspecto moderno y elegante.<\/li>\n<li><strong>Electr\u00f3nica sellada contra fugas:<\/strong> Una de sus caracter\u00edsticas m\u00e1s impresionantes es su electr\u00f3nica a prueba de fugas. Esto significa que est\u00e1 dise\u00f1ada para resistir la entrada de agua y condiciones clim\u00e1ticas adversas, lo que la hace perfecta para uso en exteriores y en diversos tipos de terreno. Puede estar seguro de que funcionar\u00e1 de forma fiable, incluso en condiciones extremas.<\/li>\n<li><strong>Conexi\u00f3n por cable:<\/strong> Con un generoso cable de conexi\u00f3n de 40 cm de longitud, esta l\u00e1mpara le ofrece la flexibilidad de conectarla a la electr\u00f3nica de su veh\u00edculo sin ning\u00fan problema.<\/li>\n<\/ul>\n<\/div>\n<h2>Consumo de energ\u00eda:<\/h2>\n<div class=\"specifications\">\n<ul>\n<li><strong>Luz de freno:<\/strong> Consume tan solo 0,07 A, lo que supone una soluci\u00f3n energ\u00e9ticamente eficiente que reduce la carga en el sistema de su veh\u00edculo.<\/li>\n<li><strong>Luces traseras:<\/strong> Con un consumo m\u00ednimo de corriente de tan solo 0,02 A, le ayuda a ahorrar energ\u00eda y a mantener su instalaci\u00f3n el\u00e9ctrica en buen estado.<\/li>\n<li><strong>Intermitente:<\/strong> La funci\u00f3n intermitente requiere 0,19 A, lo que proporciona se\u00f1ales intermitentes claras y visibles.<\/li>\n<\/ul>\n<\/div>\n<h2>Garant\u00eda:<\/h2>\n<p>Para su total tranquilidad, ofrecemos una garant\u00eda integral de 5 a\u00f1os en esta l\u00e1mpara combinada, prueba de nuestra confianza en su alta calidad, durabilidad y fiabilidad.<\/p>\n<p>En conclusi\u00f3n, nuestra l\u00e1mpara combinada con borde negro es una excelente inversi\u00f3n para mejorar la seguridad y la est\u00e9tica de su veh\u00edculo. Est\u00e1 dise\u00f1ada con precisi\u00f3n y esmero para garantizar un rendimiento constante durante mucho tiempo. Ya sea para veh\u00edculos de trabajo, camiones u otros veh\u00edculos, ser\u00e1 una compa\u00f1era fiable en la carretera, brind\u00e1ndole tranquilidad y visibilidad.<\/p>","protected":false},"excerpt":{"rendered":"<p>V\u00e5r kombinationslampa f\u00f6r utanp\u00e5liggande montage med svart sarg \u00e4r den perfekta l\u00f6sningen f\u00f6r att f\u00f6rb\u00e4ttra synligheten och s\u00e4kerheten p\u00e5 ditt fordon. Med sina imponerande m\u00e5tt p\u00e5 135x38x24mm har denna lampa en kompakt och diskret design som g\u00f6r den l\u00e4mplig f\u00f6r en m\u00e4ngd olika fordonstyper och anv\u00e4ndningsomr\u00e5den. Tekniska Specifikationer: Multivolt: Den \u00e4r kompatibel med b\u00e5de 12V [&hellip;]<\/p>","protected":false},"featured_media":6570,"comment_status":"closed","ping_status":"open","template":"","meta":{"_acf_changed":false,"_smort_price_nok":"438","_smort_price_dkk":"278","_smort_price_eur":"37.27","_smort_sale_price_nok":"","_smort_sale_price_dkk":"","_smort_sale_price_eur":"","smort_restorder":"","shipmondo_restorder":"","_kad_blocks_custom_css":"","_kad_blocks_head_custom_js":"","_kad_blocks_body_custom_js":"","_kad_blocks_footer_custom_js":"","smort_custom_pricelist_1":"229.6","smort_custom_pricelist_2":"229.6","smort_custom_pricelist_3":"218.12","smort_custom_pricelist_4":"328","smort_custom_pricelist_5":"229.6"},"anvandningsomrade":[166,238,2816],"bilmarken":[],"product_brand":[1252],"product_cat":[3045,2552],"product_tag":[],"class_list":{"0":"post-6569","1":"product","2":"type-product","3":"status-publish","4":"has-post-thumbnail","6":"anvandningsomrade-lastbil","7":"anvandningsomrade-slap","8":"anvandningsomrade-trailer","9":"product_brand-lea","10":"product_cat-bakljus-kombination-kompakt","11":"product_cat-bakljus-slap","12":"pa_storlek-mm-135x38x24","13":"pa_volt-v-12-24","15":"first","16":"onbackorder","17":"taxable","18":"shipping-taxable","19":"purchasable","20":"product-type-simple"},"bundled_by":[],"bundle_stock_status":"onbackorder","bundle_stock_quantity":0,"bundle_virtual":false,"bundle_layout":"","bundle_add_to_cart_form_location":"","bundle_editable_in_cart":false,"bundle_sold_individually_context":"","bundle_item_grouping":"","bundle_min_size":"","bundle_max_size":"","bundle_price":[],"bundled_items":[],"bundle_sell_ids":[],"acf":[],"yoast_head":"<!-- This site is optimized with the Yoast SEO plugin v27.0 - https:\/\/yoast.com\/product\/yoast-seo-wordpress\/ -->\n<title>Baklampa 135ARME R\u00f6d - Xenonkungen<\/title>\n<meta name=\"robots\" content=\"index, follow, max-snippet:-1, max-image-preview:large, max-video-preview:-1\" \/>\n<link rel=\"canonical\" href=\"https:\/\/xenonkungen.com\/es\/producto\/luz-trasera-135arme-roja\/\" \/>\n<meta property=\"og:locale\" content=\"es_ES\" \/>\n<meta property=\"og:type\" content=\"article\" \/>\n<meta property=\"og:title\" content=\"Baklampa 135ARME R\u00f6d - Xenonkungen\" \/>\n<meta property=\"og:description\" content=\"V\u00e5r kombinationslampa f\u00f6r utanp\u00e5liggande montage med svart sarg \u00e4r den perfekta l\u00f6sningen f\u00f6r att f\u00f6rb\u00e4ttra synligheten och s\u00e4kerheten p\u00e5 ditt fordon. Med sina imponerande m\u00e5tt p\u00e5 135x38x24mm har denna lampa en kompakt och diskret design som g\u00f6r den l\u00e4mplig f\u00f6r en m\u00e4ngd olika fordonstyper och anv\u00e4ndningsomr\u00e5den. Tekniska Specifikationer: Multivolt: Den \u00e4r kompatibel med b\u00e5de 12V [&hellip;]\" \/>\n<meta property=\"og:url\" content=\"https:\/\/xenonkungen.com\/es\/producto\/luz-trasera-135arme-roja\/\" \/>\n<meta property=\"og:site_name\" content=\"Xenonkungen\" \/>\n<meta property=\"article:modified_time\" content=\"2026-04-24T16:09:45+00:00\" \/>\n<meta property=\"og:image\" content=\"https:\/\/xenonkungen.com\/wp-content\/uploads\/2025\/04\/7265430-origpic-1a0199.jpg\" \/>\n\t<meta property=\"og:image:width\" content=\"800\" \/>\n\t<meta property=\"og:image:height\" content=\"800\" \/>\n\t<meta property=\"og:image:type\" content=\"image\/jpeg\" \/>\n<meta name=\"twitter:card\" content=\"summary_large_image\" \/>\n<meta name=\"twitter:label1\" content=\"Tiempo de lectura\" \/>\n\t<meta name=\"twitter:data1\" content=\"2 minutos\" \/>\n<script type=\"application\/ld+json\" class=\"yoast-schema-graph\">{\"@context\":\"https:\/\/schema.org\",\"@graph\":[{\"@type\":\"WebPage\",\"@id\":\"https:\/\/xenonkungen.com\/produkt\/baklampa-135arme-rod\/\",\"url\":\"https:\/\/xenonkungen.com\/produkt\/baklampa-135arme-rod\/\",\"name\":\"Baklampa 135ARME R\u00f6d - Xenonkungen\",\"isPartOf\":{\"@id\":\"https:\/\/xenonkungen.com\/#website\"},\"primaryImageOfPage\":{\"@id\":\"https:\/\/xenonkungen.com\/produkt\/baklampa-135arme-rod\/#primaryimage\"},\"image\":{\"@id\":\"https:\/\/xenonkungen.com\/produkt\/baklampa-135arme-rod\/#primaryimage\"},\"thumbnailUrl\":\"https:\/\/xenonkungen.com\/wp-content\/uploads\/2025\/04\/7265430-origpic-1a0199.jpg\",\"datePublished\":\"2025-04-15T09:47:34+00:00\",\"dateModified\":\"2026-04-24T16:09:45+00:00\",\"breadcrumb\":{\"@id\":\"https:\/\/xenonkungen.com\/produkt\/baklampa-135arme-rod\/#breadcrumb\"},\"inLanguage\":\"es\",\"potentialAction\":[{\"@type\":\"ReadAction\",\"target\":[\"https:\/\/xenonkungen.com\/produkt\/baklampa-135arme-rod\/\"]}]},{\"@type\":\"ImageObject\",\"inLanguage\":\"es\",\"@id\":\"https:\/\/xenonkungen.com\/produkt\/baklampa-135arme-rod\/#primaryimage\",\"url\":\"https:\/\/xenonkungen.com\/wp-content\/uploads\/2025\/04\/7265430-origpic-1a0199.jpg\",\"contentUrl\":\"https:\/\/xenonkungen.com\/wp-content\/uploads\/2025\/04\/7265430-origpic-1a0199.jpg\",\"width\":800,\"height\":800},{\"@type\":\"BreadcrumbList\",\"@id\":\"https:\/\/xenonkungen.com\/produkt\/baklampa-135arme-rod\/#breadcrumb\",\"itemListElement\":[{\"@type\":\"ListItem\",\"position\":1,\"name\":\"Hem\",\"item\":\"https:\/\/xenonkungen.com\/\"},{\"@type\":\"ListItem\",\"position\":2,\"name\":\"Shop\",\"item\":\"https:\/\/xenonkungen.com\/shop\/\"},{\"@type\":\"ListItem\",\"position\":3,\"name\":\"Baklampa 135ARME R\u00f6d\"}]},{\"@type\":\"WebSite\",\"@id\":\"https:\/\/xenonkungen.com\/#website\",\"url\":\"https:\/\/xenonkungen.com\/\",\"name\":\"Xenonkungen\",\"description\":\"\",\"potentialAction\":[{\"@type\":\"SearchAction\",\"target\":{\"@type\":\"EntryPoint\",\"urlTemplate\":\"https:\/\/xenonkungen.com\/?s={search_term_string}\"},\"query-input\":{\"@type\":\"PropertyValueSpecification\",\"valueRequired\":true,\"valueName\":\"search_term_string\"}}],\"inLanguage\":\"es\"}]}<\/script>\n<!-- \/ Yoast SEO plugin. -->","yoast_head_json":{"title":"Luz trasera 135ARME roja - Xen\u00f3n","robots":{"index":"index","follow":"follow","max-snippet":"max-snippet:-1","max-image-preview":"max-image-preview:large","max-video-preview":"max-video-preview:-1"},"canonical":"https:\/\/xenonkungen.com\/es\/producto\/luz-trasera-135arme-roja\/","og_locale":"es_ES","og_type":"article","og_title":"Baklampa 135ARME R\u00f6d - Xenonkungen","og_description":"V\u00e5r kombinationslampa f\u00f6r utanp\u00e5liggande montage med svart sarg \u00e4r den perfekta l\u00f6sningen f\u00f6r att f\u00f6rb\u00e4ttra synligheten och s\u00e4kerheten p\u00e5 ditt fordon. Med sina imponerande m\u00e5tt p\u00e5 135x38x24mm har denna lampa en kompakt och diskret design som g\u00f6r den l\u00e4mplig f\u00f6r en m\u00e4ngd olika fordonstyper och anv\u00e4ndningsomr\u00e5den. Tekniska Specifikationer: Multivolt: Den \u00e4r kompatibel med b\u00e5de 12V [&hellip;]","og_url":"https:\/\/xenonkungen.com\/es\/producto\/luz-trasera-135arme-roja\/","og_site_name":"Xenonkungen","article_modified_time":"2026-04-24T16:09:45+00:00","og_image":[{"width":800,"height":800,"url":"https:\/\/xenonkungen.com\/wp-content\/uploads\/2025\/04\/7265430-origpic-1a0199.jpg","type":"image\/jpeg"}],"twitter_card":"summary_large_image","twitter_misc":{"Tiempo de lectura":"2 minutos"},"schema":{"@context":"https:\/\/schema.org","@graph":[{"@type":"WebPage","@id":"https:\/\/xenonkungen.com\/produkt\/baklampa-135arme-rod\/","url":"https:\/\/xenonkungen.com\/produkt\/baklampa-135arme-rod\/","name":"Luz trasera 135ARME roja - Xen\u00f3n","isPartOf":{"@id":"https:\/\/xenonkungen.com\/#website"},"primaryImageOfPage":{"@id":"https:\/\/xenonkungen.com\/produkt\/baklampa-135arme-rod\/#primaryimage"},"image":{"@id":"https:\/\/xenonkungen.com\/produkt\/baklampa-135arme-rod\/#primaryimage"},"thumbnailUrl":"https:\/\/xenonkungen.com\/wp-content\/uploads\/2025\/04\/7265430-origpic-1a0199.jpg","datePublished":"2025-04-15T09:47:34+00:00","dateModified":"2026-04-24T16:09:45+00:00","breadcrumb":{"@id":"https:\/\/xenonkungen.com\/produkt\/baklampa-135arme-rod\/#breadcrumb"},"inLanguage":"es","potentialAction":[{"@type":"ReadAction","target":["https:\/\/xenonkungen.com\/produkt\/baklampa-135arme-rod\/"]}]},{"@type":"ImageObject","inLanguage":"es","@id":"https:\/\/xenonkungen.com\/produkt\/baklampa-135arme-rod\/#primaryimage","url":"https:\/\/xenonkungen.com\/wp-content\/uploads\/2025\/04\/7265430-origpic-1a0199.jpg","contentUrl":"https:\/\/xenonkungen.com\/wp-content\/uploads\/2025\/04\/7265430-origpic-1a0199.jpg","width":800,"height":800},{"@type":"BreadcrumbList","@id":"https:\/\/xenonkungen.com\/produkt\/baklampa-135arme-rod\/#breadcrumb","itemListElement":[{"@type":"ListItem","position":1,"name":"Hem","item":"https:\/\/xenonkungen.com\/"},{"@type":"ListItem","position":2,"name":"Shop","item":"https:\/\/xenonkungen.com\/shop\/"},{"@type":"ListItem","position":3,"name":"Baklampa 135ARME R\u00f6d"}]},{"@type":"WebSite","@id":"https:\/\/xenonkungen.com\/#website","url":"https:\/\/xenonkungen.com\/","name":"Xenonkungen","description":"","potentialAction":[{"@type":"SearchAction","target":{"@type":"EntryPoint","urlTemplate":"https:\/\/xenonkungen.com\/?s={search_term_string}"},"query-input":{"@type":"PropertyValueSpecification","valueRequired":true,"valueName":"search_term_string"}}],"inLanguage":"es"}]}},"taxonomy_info":{"anvandningsomrade":[{"value":166,"label":"Lastbil"},{"value":238,"label":"SL\u00c4P"},{"value":2816,"label":"TRAILER"}],"product_brand":[{"value":1252,"label":"LEA"}],"product_cat":[{"value":3045,"label":"Bakljus Kombination Kompakt"},{"value":2552,"label":"Bakljus"}],"pa_storlek-mm":[{"value":1794,"label":"135x38x24"}],"pa_volt-v":[{"value":348,"label":"12, 24"}]},"featured_image_src_large":["https:\/\/xenonkungen.com\/wp-content\/uploads\/2025\/04\/7265430-origpic-1a0199.jpg",800,800,false],"author_info":[],"comment_info":0,"_links":{"self":[{"href":"https:\/\/xenonkungen.com\/es\/wp-json\/wp\/v2\/product\/6569","targetHints":{"allow":["GET"]}}],"collection":[{"href":"https:\/\/xenonkungen.com\/es\/wp-json\/wp\/v2\/product"}],"about":[{"href":"https:\/\/xenonkungen.com\/es\/wp-json\/wp\/v2\/types\/product"}],"replies":[{"embeddable":true,"href":"https:\/\/xenonkungen.com\/es\/wp-json\/wp\/v2\/comments?post=6569"}],"wp:featuredmedia":[{"embeddable":true,"href":"https:\/\/xenonkungen.com\/es\/wp-json\/wp\/v2\/media\/6570"}],"wp:attachment":[{"href":"https:\/\/xenonkungen.com\/es\/wp-json\/wp\/v2\/media?parent=6569"}],"wp:term":[{"taxonomy":"anvandningsomrade","embeddable":true,"href":"https:\/\/xenonkungen.com\/es\/wp-json\/wp\/v2\/anvandningsomrade?post=6569"},{"taxonomy":"bilmarken","embeddable":true,"href":"https:\/\/xenonkungen.com\/es\/wp-json\/wp\/v2\/bilmarken?post=6569"},{"taxonomy":"product_brand","embeddable":true,"href":"https:\/\/xenonkungen.com\/es\/wp-json\/wp\/v2\/product_brand?post=6569"},{"taxonomy":"product_cat","embeddable":true,"href":"https:\/\/xenonkungen.com\/es\/wp-json\/wp\/v2\/product_cat?post=6569"},{"taxonomy":"product_tag","embeddable":true,"href":"https:\/\/xenonkungen.com\/es\/wp-json\/wp\/v2\/product_tag?post=6569"}],"curies":[{"name":"wp","href":"https:\/\/api.w.org\/{rel}","templated":true}]}}