{"id":6658,"date":"2025-04-15T09:48:10","date_gmt":"2025-04-15T09:48:10","guid":{"rendered":"https:\/\/xenonkungen.com\/product\/sidomarkering-1491am-2pin\/"},"modified":"2026-04-11T00:41:11","modified_gmt":"2026-04-10T23:41:11","slug":"marcado-lateral-1491am-2-pines","status":"publish","type":"product","link":"https:\/\/xenonkungen.com\/es\/producto\/marcado-lateral-1491am-2-pines\/","title":{"rendered":"Marcado lateral 1491AM 2PIN"},"content":{"rendered":"<div class=\"container\">\n<h1>Luz de posici\u00f3n lateral LED con placa de montaje colgante: soluci\u00f3n flexible e impermeable<\/h1>\n<p>Una soluci\u00f3n de iluminaci\u00f3n moderna que combina flexibilidad, durabilidad y rendimiento fiable para aumentar la visibilidad y la seguridad del veh\u00edculo.<\/p>\n<div class=\"specifications\">\n<h2>Especificaciones:<\/h2>\n<ul>\n<li><span class=\"highlight\">Placa de montaje:<\/span> Dise\u00f1o colgante para un montaje flexible.<\/li>\n<li><span class=\"highlight\">Electr\u00f3nica:<\/span> Sellado herm\u00e9tico para una protecci\u00f3n \u00f3ptima contra el agua y el polvo.<\/li>\n<li><span class=\"highlight\">Tecnolog\u00eda LED:<\/span> Proporciona una gran luminosidad y es energ\u00e9ticamente eficiente.<\/li>\n<li><span class=\"highlight\">\u00dasalo:<\/span> Universalmente apto para una gran variedad de tipos de veh\u00edculos.<\/li>\n<\/ul>\n<\/div>\n<div class=\"features\">\n<h2>Caracter\u00edsticas:<\/h2>\n<ul>\n<li>Aumenta la visibilidad y mejora la seguridad de las luces de posici\u00f3n laterales.<\/li>\n<li>Robusto y fiable incluso en condiciones clim\u00e1ticas adversas.<\/li>\n<li>F\u00e1cil de instalar, lo que reduce el esfuerzo de instalaci\u00f3n.<\/li>\n<li>Dise\u00f1o moderno que complementa la est\u00e9tica del veh\u00edculo.<\/li>\n<\/ul>\n<\/div>\n<\/div>\n<p><strong>Garant\u00eda:<\/strong> 5 a\u00f1os<\/p>","protected":false},"excerpt":{"rendered":"<p>LED Sidomarkeringslampa med H\u00e4ngande Montageplatta: Flexibel och Vattent\u00e4t L\u00f6sning En modern belysningsl\u00f6sning som kombinerar flexibilitet, h\u00e5llbarhet och p\u00e5litlig prestanda f\u00f6r att \u00f6ka fordonets synlighet och s\u00e4kerhet. Specifikationer: Montageplatta: H\u00e4ngande design f\u00f6r flexibel montering. Elektronik: L\u00e4ckagef\u00f6rseglad f\u00f6r optimalt skydd mot vatten och damm. LED-teknologi: Ger stark ljusstyrka och \u00e4r energieffektiv. Anv\u00e4ndning: Universellt l\u00e4mplig f\u00f6r en m\u00e4ngd [&hellip;]<\/p>","protected":false},"featured_media":6659,"comment_status":"closed","ping_status":"open","template":"","meta":{"_acf_changed":false,"_smort_price_nok":"128","_smort_price_dkk":"81","_smort_price_eur":"10.91","_smort_sale_price_nok":"","_smort_sale_price_dkk":"","_smort_sale_price_eur":"","smort_restorder":"","shipmondo_restorder":"","_kad_blocks_custom_css":"","_kad_blocks_head_custom_js":"","_kad_blocks_body_custom_js":"","_kad_blocks_footer_custom_js":"","smort_custom_pricelist_1":"108.16","smort_custom_pricelist_2":"94.64","smort_custom_pricelist_3":"87.88","smort_custom_pricelist_4":"135.2","smort_custom_pricelist_5":"94.64"},"anvandningsomrade":[166,238,2816],"bilmarken":[],"product_brand":[1252],"product_cat":[2478,2813],"product_tag":[],"class_list":{"0":"post-6658","1":"product","2":"type-product","3":"status-publish","4":"has-post-thumbnail","6":"anvandningsomrade-lastbil","7":"anvandningsomrade-slap","8":"anvandningsomrade-trailer","9":"product_brand-lea","10":"product_cat-positionsljus-slap","11":"product_cat-sido","12":"pa_fuktskydd-varde-ipxx-ip67","13":"pa_godkannande-ece-emc","14":"pa_storlek-mm-110x65x47","15":"pa_stromforbrukning-0-05a-13-8v","16":"pa_stromforbrukning-0-07a-28v","17":"pa_volt-v-12-24","19":"first","20":"onbackorder","21":"taxable","22":"shipping-taxable","23":"purchasable","24":"product-type-simple"},"bundled_by":[],"bundle_stock_status":"onbackorder","bundle_stock_quantity":0,"bundle_virtual":false,"bundle_layout":"","bundle_add_to_cart_form_location":"","bundle_editable_in_cart":false,"bundle_sold_individually_context":"","bundle_item_grouping":"","bundle_min_size":"","bundle_max_size":"","bundle_price":[],"bundled_items":[],"bundle_sell_ids":[],"acf":[],"yoast_head":"<!-- This site is optimized with the Yoast SEO plugin v27.0 - https:\/\/yoast.com\/product\/yoast-seo-wordpress\/ -->\n<title>Sidomarkering 1491AM 2PIN - Xenonkungen<\/title>\n<meta name=\"robots\" content=\"index, follow, max-snippet:-1, max-image-preview:large, max-video-preview:-1\" \/>\n<link rel=\"canonical\" href=\"https:\/\/xenonkungen.com\/es\/producto\/marcado-lateral-1491am-2-pines\/\" \/>\n<meta property=\"og:locale\" content=\"es_ES\" \/>\n<meta property=\"og:type\" content=\"article\" \/>\n<meta property=\"og:title\" content=\"Sidomarkering 1491AM 2PIN - Xenonkungen\" \/>\n<meta property=\"og:description\" content=\"LED Sidomarkeringslampa med H\u00e4ngande Montageplatta: Flexibel och Vattent\u00e4t L\u00f6sning En modern belysningsl\u00f6sning som kombinerar flexibilitet, h\u00e5llbarhet och p\u00e5litlig prestanda f\u00f6r att \u00f6ka fordonets synlighet och s\u00e4kerhet. Specifikationer: Montageplatta: H\u00e4ngande design f\u00f6r flexibel montering. Elektronik: L\u00e4ckagef\u00f6rseglad f\u00f6r optimalt skydd mot vatten och damm. LED-teknologi: Ger stark ljusstyrka och \u00e4r energieffektiv. Anv\u00e4ndning: Universellt l\u00e4mplig f\u00f6r en m\u00e4ngd [&hellip;]\" \/>\n<meta property=\"og:url\" content=\"https:\/\/xenonkungen.com\/es\/producto\/marcado-lateral-1491am-2-pines\/\" \/>\n<meta property=\"og:site_name\" content=\"Xenonkungen\" \/>\n<meta property=\"article:modified_time\" content=\"2026-04-10T23:41:11+00:00\" \/>\n<meta property=\"og:image\" content=\"https:\/\/xenonkungen.com\/wp-content\/uploads\/2025\/04\/11528971-origpic-b57549.jpg\" \/>\n\t<meta property=\"og:image:width\" content=\"600\" \/>\n\t<meta property=\"og:image:height\" content=\"600\" \/>\n\t<meta property=\"og:image:type\" content=\"image\/jpeg\" \/>\n<meta name=\"twitter:card\" content=\"summary_large_image\" \/>\n<meta name=\"twitter:label1\" content=\"Tiempo de lectura\" \/>\n\t<meta name=\"twitter:data1\" content=\"1 minuto\" \/>\n<script type=\"application\/ld+json\" class=\"yoast-schema-graph\">{\"@context\":\"https:\/\/schema.org\",\"@graph\":[{\"@type\":\"WebPage\",\"@id\":\"https:\/\/xenonkungen.com\/produkt\/sidomarkering-1491am-2pin\/\",\"url\":\"https:\/\/xenonkungen.com\/produkt\/sidomarkering-1491am-2pin\/\",\"name\":\"Sidomarkering 1491AM 2PIN - Xenonkungen\",\"isPartOf\":{\"@id\":\"https:\/\/xenonkungen.com\/#website\"},\"primaryImageOfPage\":{\"@id\":\"https:\/\/xenonkungen.com\/produkt\/sidomarkering-1491am-2pin\/#primaryimage\"},\"image\":{\"@id\":\"https:\/\/xenonkungen.com\/produkt\/sidomarkering-1491am-2pin\/#primaryimage\"},\"thumbnailUrl\":\"https:\/\/xenonkungen.com\/wp-content\/uploads\/2025\/04\/11528971-origpic-b57549.jpg\",\"datePublished\":\"2025-04-15T09:48:10+00:00\",\"dateModified\":\"2026-04-10T23:41:11+00:00\",\"breadcrumb\":{\"@id\":\"https:\/\/xenonkungen.com\/produkt\/sidomarkering-1491am-2pin\/#breadcrumb\"},\"inLanguage\":\"es\",\"potentialAction\":[{\"@type\":\"ReadAction\",\"target\":[\"https:\/\/xenonkungen.com\/produkt\/sidomarkering-1491am-2pin\/\"]}]},{\"@type\":\"ImageObject\",\"inLanguage\":\"es\",\"@id\":\"https:\/\/xenonkungen.com\/produkt\/sidomarkering-1491am-2pin\/#primaryimage\",\"url\":\"https:\/\/xenonkungen.com\/wp-content\/uploads\/2025\/04\/11528971-origpic-b57549.jpg\",\"contentUrl\":\"https:\/\/xenonkungen.com\/wp-content\/uploads\/2025\/04\/11528971-origpic-b57549.jpg\",\"width\":600,\"height\":600},{\"@type\":\"BreadcrumbList\",\"@id\":\"https:\/\/xenonkungen.com\/produkt\/sidomarkering-1491am-2pin\/#breadcrumb\",\"itemListElement\":[{\"@type\":\"ListItem\",\"position\":1,\"name\":\"Hem\",\"item\":\"https:\/\/xenonkungen.com\/\"},{\"@type\":\"ListItem\",\"position\":2,\"name\":\"Shop\",\"item\":\"https:\/\/xenonkungen.com\/shop\/\"},{\"@type\":\"ListItem\",\"position\":3,\"name\":\"Sidomarkering 1491AM 2PIN\"}]},{\"@type\":\"WebSite\",\"@id\":\"https:\/\/xenonkungen.com\/#website\",\"url\":\"https:\/\/xenonkungen.com\/\",\"name\":\"Xenonkungen\",\"description\":\"\",\"potentialAction\":[{\"@type\":\"SearchAction\",\"target\":{\"@type\":\"EntryPoint\",\"urlTemplate\":\"https:\/\/xenonkungen.com\/?s={search_term_string}\"},\"query-input\":{\"@type\":\"PropertyValueSpecification\",\"valueRequired\":true,\"valueName\":\"search_term_string\"}}],\"inLanguage\":\"es\"}]}<\/script>\n<!-- \/ Yoast SEO plugin. -->","yoast_head_json":{"title":"Marcador lateral 1491AM 2PIN - El Rey del Xen\u00f3n","robots":{"index":"index","follow":"follow","max-snippet":"max-snippet:-1","max-image-preview":"max-image-preview:large","max-video-preview":"max-video-preview:-1"},"canonical":"https:\/\/xenonkungen.com\/es\/producto\/marcado-lateral-1491am-2-pines\/","og_locale":"es_ES","og_type":"article","og_title":"Sidomarkering 1491AM 2PIN - Xenonkungen","og_description":"LED Sidomarkeringslampa med H\u00e4ngande Montageplatta: Flexibel och Vattent\u00e4t L\u00f6sning En modern belysningsl\u00f6sning som kombinerar flexibilitet, h\u00e5llbarhet och p\u00e5litlig prestanda f\u00f6r att \u00f6ka fordonets synlighet och s\u00e4kerhet. Specifikationer: Montageplatta: H\u00e4ngande design f\u00f6r flexibel montering. Elektronik: L\u00e4ckagef\u00f6rseglad f\u00f6r optimalt skydd mot vatten och damm. LED-teknologi: Ger stark ljusstyrka och \u00e4r energieffektiv. Anv\u00e4ndning: Universellt l\u00e4mplig f\u00f6r en m\u00e4ngd [&hellip;]","og_url":"https:\/\/xenonkungen.com\/es\/producto\/marcado-lateral-1491am-2-pines\/","og_site_name":"Xenonkungen","article_modified_time":"2026-04-10T23:41:11+00:00","og_image":[{"width":600,"height":600,"url":"https:\/\/xenonkungen.com\/wp-content\/uploads\/2025\/04\/11528971-origpic-b57549.jpg","type":"image\/jpeg"}],"twitter_card":"summary_large_image","twitter_misc":{"Tiempo de lectura":"1 minuto"},"schema":{"@context":"https:\/\/schema.org","@graph":[{"@type":"WebPage","@id":"https:\/\/xenonkungen.com\/produkt\/sidomarkering-1491am-2pin\/","url":"https:\/\/xenonkungen.com\/produkt\/sidomarkering-1491am-2pin\/","name":"Marcador lateral 1491AM 2PIN - El Rey del Xen\u00f3n","isPartOf":{"@id":"https:\/\/xenonkungen.com\/#website"},"primaryImageOfPage":{"@id":"https:\/\/xenonkungen.com\/produkt\/sidomarkering-1491am-2pin\/#primaryimage"},"image":{"@id":"https:\/\/xenonkungen.com\/produkt\/sidomarkering-1491am-2pin\/#primaryimage"},"thumbnailUrl":"https:\/\/xenonkungen.com\/wp-content\/uploads\/2025\/04\/11528971-origpic-b57549.jpg","datePublished":"2025-04-15T09:48:10+00:00","dateModified":"2026-04-10T23:41:11+00:00","breadcrumb":{"@id":"https:\/\/xenonkungen.com\/produkt\/sidomarkering-1491am-2pin\/#breadcrumb"},"inLanguage":"es","potentialAction":[{"@type":"ReadAction","target":["https:\/\/xenonkungen.com\/produkt\/sidomarkering-1491am-2pin\/"]}]},{"@type":"ImageObject","inLanguage":"es","@id":"https:\/\/xenonkungen.com\/produkt\/sidomarkering-1491am-2pin\/#primaryimage","url":"https:\/\/xenonkungen.com\/wp-content\/uploads\/2025\/04\/11528971-origpic-b57549.jpg","contentUrl":"https:\/\/xenonkungen.com\/wp-content\/uploads\/2025\/04\/11528971-origpic-b57549.jpg","width":600,"height":600},{"@type":"BreadcrumbList","@id":"https:\/\/xenonkungen.com\/produkt\/sidomarkering-1491am-2pin\/#breadcrumb","itemListElement":[{"@type":"ListItem","position":1,"name":"Hem","item":"https:\/\/xenonkungen.com\/"},{"@type":"ListItem","position":2,"name":"Shop","item":"https:\/\/xenonkungen.com\/shop\/"},{"@type":"ListItem","position":3,"name":"Sidomarkering 1491AM 2PIN"}]},{"@type":"WebSite","@id":"https:\/\/xenonkungen.com\/#website","url":"https:\/\/xenonkungen.com\/","name":"Xenonkungen","description":"","potentialAction":[{"@type":"SearchAction","target":{"@type":"EntryPoint","urlTemplate":"https:\/\/xenonkungen.com\/?s={search_term_string}"},"query-input":{"@type":"PropertyValueSpecification","valueRequired":true,"valueName":"search_term_string"}}],"inLanguage":"es"}]}},"taxonomy_info":{"anvandningsomrade":[{"value":166,"label":"Lastbil"},{"value":238,"label":"SL\u00c4P"},{"value":2816,"label":"TRAILER"}],"product_brand":[{"value":1252,"label":"LEA"}],"product_cat":[{"value":2478,"label":"Positionsljus"},{"value":2813,"label":"Sido"}],"pa_fuktskydd-varde-ipxx":[{"value":333,"label":"IP67"}],"pa_godkannande":[{"value":1262,"label":"ECE, EMC"}],"pa_storlek-mm":[{"value":1814,"label":"110x65x47"}],"pa_stromforbrukning":[{"value":1812,"label":"0.05A @13.8V"},{"value":1813,"label":"0.07A @28V"}],"pa_volt-v":[{"value":348,"label":"12, 24"}]},"featured_image_src_large":["https:\/\/xenonkungen.com\/wp-content\/uploads\/2025\/04\/11528971-origpic-b57549.jpg",600,600,false],"author_info":[],"comment_info":0,"_links":{"self":[{"href":"https:\/\/xenonkungen.com\/es\/wp-json\/wp\/v2\/product\/6658","targetHints":{"allow":["GET"]}}],"collection":[{"href":"https:\/\/xenonkungen.com\/es\/wp-json\/wp\/v2\/product"}],"about":[{"href":"https:\/\/xenonkungen.com\/es\/wp-json\/wp\/v2\/types\/product"}],"replies":[{"embeddable":true,"href":"https:\/\/xenonkungen.com\/es\/wp-json\/wp\/v2\/comments?post=6658"}],"wp:featuredmedia":[{"embeddable":true,"href":"https:\/\/xenonkungen.com\/es\/wp-json\/wp\/v2\/media\/6659"}],"wp:attachment":[{"href":"https:\/\/xenonkungen.com\/es\/wp-json\/wp\/v2\/media?parent=6658"}],"wp:term":[{"taxonomy":"anvandningsomrade","embeddable":true,"href":"https:\/\/xenonkungen.com\/es\/wp-json\/wp\/v2\/anvandningsomrade?post=6658"},{"taxonomy":"bilmarken","embeddable":true,"href":"https:\/\/xenonkungen.com\/es\/wp-json\/wp\/v2\/bilmarken?post=6658"},{"taxonomy":"product_brand","embeddable":true,"href":"https:\/\/xenonkungen.com\/es\/wp-json\/wp\/v2\/product_brand?post=6658"},{"taxonomy":"product_cat","embeddable":true,"href":"https:\/\/xenonkungen.com\/es\/wp-json\/wp\/v2\/product_cat?post=6658"},{"taxonomy":"product_tag","embeddable":true,"href":"https:\/\/xenonkungen.com\/es\/wp-json\/wp\/v2\/product_tag?post=6658"}],"curies":[{"name":"wp","href":"https:\/\/api.w.org\/{rel}","templated":true}]}}