{"id":6719,"date":"2025-04-15T09:48:36","date_gmt":"2025-04-15T09:48:36","guid":{"rendered":"https:\/\/xenonkungen.com\/product\/12v-frontmarkeringsljus-16w12-2-pack-58x16mm\/"},"modified":"2026-04-11T00:41:55","modified_gmt":"2026-04-10T23:41:55","slug":"luz-de-posicion-delantera-de-12-v-16-w-12-v-paquete-de-2-58-x-16-mm","status":"publish","type":"product","link":"https:\/\/xenonkungen.com\/es\/producto\/luz-de-posicion-delantera-de-12-v-16-w-12-v-paquete-de-2-58-x-16-mm\/","title":{"rendered":"12V Luz de posici\u00f3n delantera 16W12 (2-Pack) 58x16mm"},"content":{"rendered":"<div class=\"container\">\n<h1>Luz de g\u00e1libo LED blanca compacta<\/h1>\n<p>Esta eficiente y compacta luz de posici\u00f3n delantera est\u00e1 dise\u00f1ada para proporcionar una brillante luz LED blanca, perfecta para su montaje en una gran variedad de tipos de veh\u00edculos. Con sus dimensiones m\u00ednimas, s\u00f3lo 5,8 cm de largo y 1,6 cm de ancho, esta luz es una soluci\u00f3n ideal para los usuarios que buscan una fuente de luz discreta pero potente. Es resistente al agua y al polvo con una clasificaci\u00f3n IP67, lo que garantiza su fiabilidad y durabilidad en entornos dif\u00edciles. Adecuada para veh\u00edculos de 12 V como coches, furgonetas, remolques o para trabajos especializados.<\/p>\n<h2>Especificaciones<\/h2>\n<ul>\n<li>Fuente de luz: LED blanco<\/li>\n<li>Dimensiones: 5,8 cm de largo, 1,6 cm de ancho<\/li>\n<li>Resistente al agua y al polvo, clasificaci\u00f3n IP67<\/li>\n<li>Alimentaci\u00f3n: 12 V, adecuada para turismos, furgonetas, remolques y trabajos especializados<\/li>\n<\/ul>\n<h2>Caracter\u00edsticas y ventajas<\/h2>\n<p>Esta luz LED blanca de balizamiento delantero combina una iluminaci\u00f3n de alto rendimiento con un dise\u00f1o extremadamente compacto y discreto. Est\u00e1 especialmente dise\u00f1ada para ofrecer un haz de luz potente y eficaz, mejorando la visibilidad y la seguridad del veh\u00edculo. Su clasificaci\u00f3n IP67 garantiza que la luz es lo suficientemente robusta como para soportar las condiciones m\u00e1s exigentes, lo que la convierte en una opci\u00f3n fiable para todo tipo de veh\u00edculos.<\/p>\n<ul>\n<li>Haz de luz LED blanca brillante para una visibilidad y seguridad excelentes<\/li>\n<li>Dise\u00f1o ultracompacto y discreto para opciones de montaje vers\u00e1tiles<\/li>\n<li>La clasificaci\u00f3n IP67 ofrece una protecci\u00f3n superior contra el agua y el polvo<\/li>\n<li>F\u00e1cil instalaci\u00f3n en veh\u00edculos de 12 V, desde turismos a veh\u00edculos especializados<\/li>\n<\/ul>\n<\/div>\n<p><strong>Acciones espec\u00edficas:<\/strong><br \/><strong>Voltios: <\/strong>12V<br \/><strong>Fuente de luz:<\/strong> LED, 3 piezas<br \/><strong>Color claro:<\/strong> Blanco<br \/><strong>Autorizaci\u00f3n:<\/strong> ECE, EMC<br \/><strong>Protecci\u00f3n contra la humedad:<\/strong> IP67 (resistente al polvo y al agua)<br \/><strong>Tama\u00f1o (LxAxA):<\/strong> 58x16x12,5 mm<\/p>\n<p><strong>Garant\u00eda: <\/strong>5 a\u00f1os<\/p>","protected":false},"excerpt":{"rendered":"<p>Compact Front Marker Light \/ Position Light 16W12 es adecuado para veh\u00edculos de 12V como furgonetas, remolques, remolques o trabajos especiales.<\/p>\n<p><b>5 a\u00f1os de garant\u00eda.<\/b><\/p>","protected":false},"featured_media":6720,"comment_status":"closed","ping_status":"open","template":"","meta":{"_acf_changed":false,"_smort_price_nok":"203","_smort_price_dkk":"129","_smort_price_eur":"17.27","_smort_sale_price_nok":"","_smort_sale_price_dkk":"","_smort_sale_price_eur":"","smort_restorder":"","shipmondo_restorder":"","_kad_blocks_custom_css":"","_kad_blocks_head_custom_js":"","_kad_blocks_body_custom_js":"","_kad_blocks_footer_custom_js":"","smort_custom_pricelist_1":"106.4","smort_custom_pricelist_2":"106.4","smort_custom_pricelist_3":"101.08","smort_custom_pricelist_4":"152","smort_custom_pricelist_5":"106.4"},"anvandningsomrade":[166,238,2816],"bilmarken":[],"product_brand":[1252],"product_cat":[2810,2478],"product_tag":[],"class_list":{"0":"post-6719","1":"product","2":"type-product","3":"status-publish","4":"has-post-thumbnail","6":"anvandningsomrade-lastbil","7":"anvandningsomrade-slap","8":"anvandningsomrade-trailer","9":"product_brand-lea","10":"product_cat-front","11":"product_cat-positionsljus-slap","12":"pa_storlek-mm-58x16x12-5","13":"pa_volt-v-160","15":"first","16":"instock","17":"taxable","18":"shipping-taxable","19":"purchasable","20":"product-type-simple"},"bundled_by":[],"bundle_stock_status":"instock","bundle_stock_quantity":1,"bundle_virtual":false,"bundle_layout":"","bundle_add_to_cart_form_location":"","bundle_editable_in_cart":false,"bundle_sold_individually_context":"","bundle_item_grouping":"","bundle_min_size":"","bundle_max_size":"","bundle_price":[],"bundled_items":[],"bundle_sell_ids":[],"acf":[],"yoast_head":"<!-- This site is optimized with the Yoast SEO plugin v27.0 - https:\/\/yoast.com\/product\/yoast-seo-wordpress\/ -->\n<title>12V Frontmarkeringsljus 16W12 (2-Pack) 58x16mm - Xenonkungen<\/title>\n<meta name=\"robots\" content=\"index, follow, max-snippet:-1, max-image-preview:large, max-video-preview:-1\" \/>\n<link rel=\"canonical\" href=\"http:\/\/xenonkungen.com\/es\/producto\/luz-de-posicion-delantera-de-12-v-16-w-12-v-paquete-de-2-58-x-16-mm\/\" \/>\n<meta property=\"og:locale\" content=\"es_ES\" \/>\n<meta property=\"og:type\" content=\"article\" \/>\n<meta property=\"og:title\" content=\"12V Frontmarkeringsljus 16W12 (2-Pack) 58x16mm - Xenonkungen\" \/>\n<meta property=\"og:description\" content=\"Kompakt frontmarkeringslampa \/ Positionsljus 16W12 \u00e4r l\u00e4mplig f\u00f6r 12V fordon som transportbilar, trailer, sl\u00e4p eller special-arbeten. 5 \u00e5rs garanti.\" \/>\n<meta property=\"og:url\" content=\"http:\/\/xenonkungen.com\/es\/producto\/luz-de-posicion-delantera-de-12-v-16-w-12-v-paquete-de-2-58-x-16-mm\/\" \/>\n<meta property=\"og:site_name\" content=\"Xenonkungen\" \/>\n<meta property=\"article:modified_time\" content=\"2026-04-10T23:41:55+00:00\" \/>\n<meta property=\"og:image\" content=\"https:\/\/xenonkungen.com\/wp-content\/uploads\/2025\/04\/177483569-origpic-4b0cce.jpg\" \/>\n\t<meta property=\"og:image:width\" content=\"800\" \/>\n\t<meta property=\"og:image:height\" content=\"800\" \/>\n\t<meta property=\"og:image:type\" content=\"image\/jpeg\" \/>\n<meta name=\"twitter:card\" content=\"summary_large_image\" \/>\n<meta name=\"twitter:label1\" content=\"Tiempo de lectura\" \/>\n\t<meta name=\"twitter:data1\" content=\"1 minuto\" \/>\n<script type=\"application\/ld+json\" class=\"yoast-schema-graph\">{\"@context\":\"https:\/\/schema.org\",\"@graph\":[{\"@type\":\"WebPage\",\"@id\":\"http:\/\/xenonkungen.com\/en\/product\/12v-front-marker-light-16w12-2-pack-58x16mm\/\",\"url\":\"http:\/\/xenonkungen.com\/en\/product\/12v-front-marker-light-16w12-2-pack-58x16mm\/\",\"name\":\"12V Frontmarkeringsljus 16W12 (2-Pack) 58x16mm - Xenonkungen\",\"isPartOf\":{\"@id\":\"https:\/\/xenonkungen.com\/#website\"},\"primaryImageOfPage\":{\"@id\":\"http:\/\/xenonkungen.com\/en\/product\/12v-front-marker-light-16w12-2-pack-58x16mm\/#primaryimage\"},\"image\":{\"@id\":\"http:\/\/xenonkungen.com\/en\/product\/12v-front-marker-light-16w12-2-pack-58x16mm\/#primaryimage\"},\"thumbnailUrl\":\"https:\/\/xenonkungen.com\/wp-content\/uploads\/2025\/04\/177483569-origpic-4b0cce.jpg\",\"datePublished\":\"2025-04-15T09:48:36+00:00\",\"dateModified\":\"2026-04-10T23:41:55+00:00\",\"breadcrumb\":{\"@id\":\"http:\/\/xenonkungen.com\/en\/product\/12v-front-marker-light-16w12-2-pack-58x16mm\/#breadcrumb\"},\"inLanguage\":\"es\",\"potentialAction\":[{\"@type\":\"ReadAction\",\"target\":[\"http:\/\/xenonkungen.com\/en\/product\/12v-front-marker-light-16w12-2-pack-58x16mm\/\"]}]},{\"@type\":\"ImageObject\",\"inLanguage\":\"es\",\"@id\":\"http:\/\/xenonkungen.com\/en\/product\/12v-front-marker-light-16w12-2-pack-58x16mm\/#primaryimage\",\"url\":\"https:\/\/xenonkungen.com\/wp-content\/uploads\/2025\/04\/177483569-origpic-4b0cce.jpg\",\"contentUrl\":\"https:\/\/xenonkungen.com\/wp-content\/uploads\/2025\/04\/177483569-origpic-4b0cce.jpg\",\"width\":800,\"height\":800},{\"@type\":\"BreadcrumbList\",\"@id\":\"http:\/\/xenonkungen.com\/en\/product\/12v-front-marker-light-16w12-2-pack-58x16mm\/#breadcrumb\",\"itemListElement\":[{\"@type\":\"ListItem\",\"position\":1,\"name\":\"Hem\",\"item\":\"https:\/\/xenonkungen.com\/\"},{\"@type\":\"ListItem\",\"position\":2,\"name\":\"Shop\",\"item\":\"https:\/\/xenonkungen.com\/shop\/\"},{\"@type\":\"ListItem\",\"position\":3,\"name\":\"12V Frontmarkeringsljus 16W12 (2-Pack) 58x16mm\"}]},{\"@type\":\"WebSite\",\"@id\":\"https:\/\/xenonkungen.com\/#website\",\"url\":\"https:\/\/xenonkungen.com\/\",\"name\":\"Xenonkungen\",\"description\":\"\",\"potentialAction\":[{\"@type\":\"SearchAction\",\"target\":{\"@type\":\"EntryPoint\",\"urlTemplate\":\"https:\/\/xenonkungen.com\/?s={search_term_string}\"},\"query-input\":{\"@type\":\"PropertyValueSpecification\",\"valueRequired\":true,\"valueName\":\"search_term_string\"}}],\"inLanguage\":\"es\"}]}<\/script>\n<!-- \/ Yoast SEO plugin. -->","yoast_head_json":{"title":"Luz de posici\u00f3n delantera de 12 V, 16 W, 12 V (paquete de 2), 58 x 16 mm - The Xenon King","robots":{"index":"index","follow":"follow","max-snippet":"max-snippet:-1","max-image-preview":"max-image-preview:large","max-video-preview":"max-video-preview:-1"},"canonical":"http:\/\/xenonkungen.com\/es\/producto\/luz-de-posicion-delantera-de-12-v-16-w-12-v-paquete-de-2-58-x-16-mm\/","og_locale":"es_ES","og_type":"article","og_title":"12V Frontmarkeringsljus 16W12 (2-Pack) 58x16mm - Xenonkungen","og_description":"Kompakt frontmarkeringslampa \/ Positionsljus 16W12 \u00e4r l\u00e4mplig f\u00f6r 12V fordon som transportbilar, trailer, sl\u00e4p eller special-arbeten. 5 \u00e5rs garanti.","og_url":"http:\/\/xenonkungen.com\/es\/producto\/luz-de-posicion-delantera-de-12-v-16-w-12-v-paquete-de-2-58-x-16-mm\/","og_site_name":"Xenonkungen","article_modified_time":"2026-04-10T23:41:55+00:00","og_image":[{"width":800,"height":800,"url":"https:\/\/xenonkungen.com\/wp-content\/uploads\/2025\/04\/177483569-origpic-4b0cce.jpg","type":"image\/jpeg"}],"twitter_card":"summary_large_image","twitter_misc":{"Tiempo de lectura":"1 minuto"},"schema":{"@context":"https:\/\/schema.org","@graph":[{"@type":"WebPage","@id":"http:\/\/xenonkungen.com\/en\/product\/12v-front-marker-light-16w12-2-pack-58x16mm\/","url":"http:\/\/xenonkungen.com\/en\/product\/12v-front-marker-light-16w12-2-pack-58x16mm\/","name":"Luz de posici\u00f3n delantera de 12 V, 16 W, 12 V (paquete de 2), 58 x 16 mm - The Xenon King","isPartOf":{"@id":"https:\/\/xenonkungen.com\/#website"},"primaryImageOfPage":{"@id":"http:\/\/xenonkungen.com\/en\/product\/12v-front-marker-light-16w12-2-pack-58x16mm\/#primaryimage"},"image":{"@id":"http:\/\/xenonkungen.com\/en\/product\/12v-front-marker-light-16w12-2-pack-58x16mm\/#primaryimage"},"thumbnailUrl":"https:\/\/xenonkungen.com\/wp-content\/uploads\/2025\/04\/177483569-origpic-4b0cce.jpg","datePublished":"2025-04-15T09:48:36+00:00","dateModified":"2026-04-10T23:41:55+00:00","breadcrumb":{"@id":"http:\/\/xenonkungen.com\/en\/product\/12v-front-marker-light-16w12-2-pack-58x16mm\/#breadcrumb"},"inLanguage":"es","potentialAction":[{"@type":"ReadAction","target":["http:\/\/xenonkungen.com\/en\/product\/12v-front-marker-light-16w12-2-pack-58x16mm\/"]}]},{"@type":"ImageObject","inLanguage":"es","@id":"http:\/\/xenonkungen.com\/en\/product\/12v-front-marker-light-16w12-2-pack-58x16mm\/#primaryimage","url":"https:\/\/xenonkungen.com\/wp-content\/uploads\/2025\/04\/177483569-origpic-4b0cce.jpg","contentUrl":"https:\/\/xenonkungen.com\/wp-content\/uploads\/2025\/04\/177483569-origpic-4b0cce.jpg","width":800,"height":800},{"@type":"BreadcrumbList","@id":"http:\/\/xenonkungen.com\/en\/product\/12v-front-marker-light-16w12-2-pack-58x16mm\/#breadcrumb","itemListElement":[{"@type":"ListItem","position":1,"name":"Hem","item":"https:\/\/xenonkungen.com\/"},{"@type":"ListItem","position":2,"name":"Shop","item":"https:\/\/xenonkungen.com\/shop\/"},{"@type":"ListItem","position":3,"name":"12V Frontmarkeringsljus 16W12 (2-Pack) 58x16mm"}]},{"@type":"WebSite","@id":"https:\/\/xenonkungen.com\/#website","url":"https:\/\/xenonkungen.com\/","name":"Xenonkungen","description":"","potentialAction":[{"@type":"SearchAction","target":{"@type":"EntryPoint","urlTemplate":"https:\/\/xenonkungen.com\/?s={search_term_string}"},"query-input":{"@type":"PropertyValueSpecification","valueRequired":true,"valueName":"search_term_string"}}],"inLanguage":"es"}]}},"taxonomy_info":{"anvandningsomrade":[{"value":166,"label":"Lastbil"},{"value":238,"label":"SL\u00c4P"},{"value":2816,"label":"TRAILER"}],"product_brand":[{"value":1252,"label":"LEA"}],"product_cat":[{"value":2810,"label":"Front"},{"value":2478,"label":"Positionsljus"}],"pa_storlek-mm":[{"value":1821,"label":"58x16x12.5"}],"pa_volt-v":[{"value":160,"label":"24"}]},"featured_image_src_large":["https:\/\/xenonkungen.com\/wp-content\/uploads\/2025\/04\/177483569-origpic-4b0cce.jpg",800,800,false],"author_info":[],"comment_info":0,"_links":{"self":[{"href":"https:\/\/xenonkungen.com\/es\/wp-json\/wp\/v2\/product\/6719","targetHints":{"allow":["GET"]}}],"collection":[{"href":"https:\/\/xenonkungen.com\/es\/wp-json\/wp\/v2\/product"}],"about":[{"href":"https:\/\/xenonkungen.com\/es\/wp-json\/wp\/v2\/types\/product"}],"replies":[{"embeddable":true,"href":"https:\/\/xenonkungen.com\/es\/wp-json\/wp\/v2\/comments?post=6719"}],"wp:featuredmedia":[{"embeddable":true,"href":"https:\/\/xenonkungen.com\/es\/wp-json\/wp\/v2\/media\/6720"}],"wp:attachment":[{"href":"https:\/\/xenonkungen.com\/es\/wp-json\/wp\/v2\/media?parent=6719"}],"wp:term":[{"taxonomy":"anvandningsomrade","embeddable":true,"href":"https:\/\/xenonkungen.com\/es\/wp-json\/wp\/v2\/anvandningsomrade?post=6719"},{"taxonomy":"bilmarken","embeddable":true,"href":"https:\/\/xenonkungen.com\/es\/wp-json\/wp\/v2\/bilmarken?post=6719"},{"taxonomy":"product_brand","embeddable":true,"href":"https:\/\/xenonkungen.com\/es\/wp-json\/wp\/v2\/product_brand?post=6719"},{"taxonomy":"product_cat","embeddable":true,"href":"https:\/\/xenonkungen.com\/es\/wp-json\/wp\/v2\/product_cat?post=6719"},{"taxonomy":"product_tag","embeddable":true,"href":"https:\/\/xenonkungen.com\/es\/wp-json\/wp\/v2\/product_tag?post=6719"}],"curies":[{"name":"wp","href":"https:\/\/api.w.org\/{rel}","templated":true}]}}