{"id":6727,"date":"2025-04-15T09:48:52","date_gmt":"2025-04-15T09:48:52","guid":{"rendered":"https:\/\/xenonkungen.com\/product\/rund-sidomarkering-28mm-gul\/"},"modified":"2026-04-17T12:08:14","modified_gmt":"2026-04-17T11:08:14","slug":"marcador-lateral-redondo-amarillo-de-28-mm","status":"publish","type":"product","link":"https:\/\/xenonkungen.com\/es\/producto\/marcador-lateral-redondo-amarillo-de-28-mm\/","title":{"rendered":"Marca lateral redonda 28mm Amarillo"},"content":{"rendered":"<div class=\"container\">\n<h1>Piloto de se\u00f1alizaci\u00f3n LED redondo y duradero con luz naranja\/amarilla<\/h1>\n<p>Esta luz de se\u00f1alizaci\u00f3n delantera redonda est\u00e1 equipada con 3 LED que emiten una luz naranja\/amarilla brillante, perfecta para mejorar o complementar la iluminaci\u00f3n existente de su veh\u00edculo. Su perfil bajo y construcci\u00f3n robusta la convierten en una opci\u00f3n ideal para una gran variedad de veh\u00edculos, desde camiones a remolques, y tambi\u00e9n como complemento de las marcas frontales existentes.<\/p>\n<p>Fabricada en pl\u00e1stico resistente y protegida por una carcasa de goma de alta resistencia, esta luz de se\u00f1alizaci\u00f3n est\u00e1 dise\u00f1ada para soportar condiciones duras. El cable de conexi\u00f3n enfundado contribuye a una instalaci\u00f3n segura y duradera. La luz es multivoltaje, lo que significa que es compatible tanto con sistemas de 12 V como de 24 V, ofreciendo una soluci\u00f3n flexible para diferentes tipos de veh\u00edculos.<\/p>\n<h2>Especificaciones<\/h2>\n<ul>\n<li>Fuente de luz: 3 LED para una luz naranja\/amarilla intensa<\/li>\n<li>Construcci\u00f3n: Pl\u00e1stico con carcasa de goma resistente y cable enfundado<\/li>\n<li>Funci\u00f3n: Multivoltaje, apto para sistemas de 12 V y 24 V<\/li>\n<li>Durabilidad: sumergible, inoxidable, a prueba de golpes, con electr\u00f3nica sellada de por vida<\/li>\n<li>Opciones de color: Disponible en varios colores para diferentes aplicaciones<\/li>\n<\/ul>\n<h2>Caracter\u00edsticas y ventajas<\/h2>\n<p>Con su moderno dise\u00f1o y avanzada tecnolog\u00eda, esta luz de posici\u00f3n delantera ofrece una soluci\u00f3n superior para aumentar la visibilidad y la seguridad de su veh\u00edculo. No solo es energ\u00e9ticamente eficiente gracias a la tecnolog\u00eda LED, sino que tambi\u00e9n es extremadamente duradera con su construcci\u00f3n de acero inoxidable y resistente a los impactos. La electr\u00f3nica sellada de por vida garantiza un rendimiento duradero y fiabilidad en todas las condiciones.<\/p>\n<ul>\n<li>Mayor seguridad y visibilidad con luz LED naranja\/amarilla intensa<\/li>\n<li>Perfil bajo y construcci\u00f3n robusta para una mayor durabilidad y una instalaci\u00f3n discreta<\/li>\n<li>Uso flexible en una amplia gama de veh\u00edculos<\/li>\n<li>F\u00e1cil instalaci\u00f3n con cableado encamisado para un uso prolongado<\/li>\n<li>Electr\u00f3nica sellada de por vida para la mayor durabilidad y rendimiento posibles<\/li>\n<\/ul>\n<\/div>\n<p><strong>Especificaciones<\/strong><br \/><strong>Tensi\u00f3n (voltios):<\/strong> 12V-24V<br \/><strong>Fuente de luz:<\/strong> LED<br \/><strong>Consumo de corriente (amperios):<br \/><\/strong>- 0,02 A a 13,8 V<br \/>- 0,03 A a 28 V<br \/><strong>Color claro:<\/strong> Naranja\/Amarillo<br \/><strong>Protecci\u00f3n contra la humedad:<\/strong> IP67<br \/><strong>Autorizado en virtud de:<\/strong> ECE E9<br \/><strong>Talla<\/strong>: 28\u00d725 mm (La proyecci\u00f3n desde el borde de la goma hasta la parte superior es de 3 mm)<\/p>\n<p><strong>Es bueno saberlo<\/strong><br \/>La longitud del cable es de 20 cm<br \/>La instalaci\u00f3n debe realizarse sobre una superficie plana. A continuaci\u00f3n, perfore un agujero de 20 mm para poder llevar a cabo la carcasa de goma. <br \/>Este producto tambi\u00e9n est\u00e1 disponible en versi\u00f3n de dos patillas <a href=\"https:\/\/www.xenonkungen.com\/se\/produkter\/yrke-proffs\/kablage\/markeringslampor-for-kabelsystem\/rund-sidomarkering-28mm-2pin.html\" target=\"_blank\" rel=\"noopener\">LEA-181AME2P<\/a><\/p>\n<p><strong>Contenido de la entrega<\/strong><br \/>1\u00aa Marca delantera Naranja\/Amarillo<\/p>\n<p><strong>Garant\u00eda<\/strong><br \/>5 a\u00f1os de garant\u00eda de funcionamiento<\/p>","protected":false},"excerpt":{"rendered":"<p><b>Tama\u00f1o peque\u00f1o<\/b><\/p>\n<p><b>Aprobado para su uso en carreteras<\/b><\/p>\n<p><b>5 a\u00f1os de garant\u00eda de funcionamiento<\/b><\/p>\n<p><b>Multivolt<\/b><\/p>\n<p><b>bajo consumo de energ\u00eda<\/b><\/p>","protected":false},"featured_media":6728,"comment_status":"closed","ping_status":"open","template":"","meta":{"_acf_changed":false,"_smort_price_nok":"141","_smort_price_dkk":"90","_smort_price_eur":"12","_smort_sale_price_nok":"","_smort_sale_price_dkk":"","_smort_sale_price_eur":"","smort_restorder":"","shipmondo_restorder":"","_kad_blocks_custom_css":"","_kad_blocks_head_custom_js":"","_kad_blocks_body_custom_js":"","_kad_blocks_footer_custom_js":"","smort_custom_pricelist_1":"82.56","smort_custom_pricelist_2":"72.24","smort_custom_pricelist_3":"67.08","smort_custom_pricelist_4":"105.6","smort_custom_pricelist_5":"72.24"},"anvandningsomrade":[166,238,2816],"bilmarken":[],"product_brand":[1252],"product_cat":[2478,2813],"product_tag":[],"class_list":{"0":"post-6727","1":"product","2":"type-product","3":"status-publish","4":"has-post-thumbnail","6":"anvandningsomrade-lastbil","7":"anvandningsomrade-slap","8":"anvandningsomrade-trailer","9":"product_brand-lea","10":"product_cat-positionsljus-slap","11":"product_cat-sido","12":"pa_storlek-mm-28x25","13":"pa_volt-v-160","15":"first","16":"instock","17":"taxable","18":"shipping-taxable","19":"purchasable","20":"product-type-simple"},"bundled_by":[],"bundle_stock_status":"instock","bundle_stock_quantity":4,"bundle_virtual":false,"bundle_layout":"","bundle_add_to_cart_form_location":"","bundle_editable_in_cart":false,"bundle_sold_individually_context":"","bundle_item_grouping":"","bundle_min_size":"","bundle_max_size":"","bundle_price":[],"bundled_items":[],"bundle_sell_ids":[],"acf":[],"yoast_head":"<!-- This site is optimized with the Yoast SEO plugin v27.0 - https:\/\/yoast.com\/product\/yoast-seo-wordpress\/ -->\n<title>Rund Sidomarkering 28mm Gul - Xenonkungen<\/title>\n<meta name=\"robots\" content=\"index, follow, max-snippet:-1, max-image-preview:large, max-video-preview:-1\" \/>\n<link rel=\"canonical\" href=\"https:\/\/xenonkungen.com\/es\/producto\/marcador-lateral-redondo-amarillo-de-28-mm\/\" \/>\n<meta property=\"og:locale\" content=\"es_ES\" \/>\n<meta property=\"og:type\" content=\"article\" \/>\n<meta property=\"og:title\" content=\"Rund Sidomarkering 28mm Gul - Xenonkungen\" \/>\n<meta property=\"og:description\" content=\"Liten storlek Godk\u00e4nd f\u00f6r bruk p\u00e5 v\u00e4g 5 \u00e5rs funktionsgaranti Multivolt l\u00e5g str\u00f6mf\u00f6rbrukning\" \/>\n<meta property=\"og:url\" content=\"https:\/\/xenonkungen.com\/es\/producto\/marcador-lateral-redondo-amarillo-de-28-mm\/\" \/>\n<meta property=\"og:site_name\" content=\"Xenonkungen\" \/>\n<meta property=\"article:modified_time\" content=\"2026-04-17T11:08:14+00:00\" \/>\n<meta property=\"og:image\" content=\"https:\/\/xenonkungen.com\/wp-content\/uploads\/2025\/04\/8669140-origpic-0f59c5.jpg\" \/>\n\t<meta property=\"og:image:width\" content=\"600\" \/>\n\t<meta property=\"og:image:height\" content=\"600\" \/>\n\t<meta property=\"og:image:type\" content=\"image\/jpeg\" \/>\n<meta name=\"twitter:card\" content=\"summary_large_image\" \/>\n<meta name=\"twitter:label1\" content=\"Tiempo de lectura\" \/>\n\t<meta name=\"twitter:data1\" content=\"2 minutos\" \/>\n<script type=\"application\/ld+json\" class=\"yoast-schema-graph\">{\"@context\":\"https:\/\/schema.org\",\"@graph\":[{\"@type\":\"WebPage\",\"@id\":\"https:\/\/xenonkungen.com\/nl\/product\/ronde-zijmarkering-28-mm-geel\/\",\"url\":\"https:\/\/xenonkungen.com\/nl\/product\/ronde-zijmarkering-28-mm-geel\/\",\"name\":\"Rund Sidomarkering 28mm Gul - Xenonkungen\",\"isPartOf\":{\"@id\":\"https:\/\/xenonkungen.com\/#website\"},\"primaryImageOfPage\":{\"@id\":\"https:\/\/xenonkungen.com\/nl\/product\/ronde-zijmarkering-28-mm-geel\/#primaryimage\"},\"image\":{\"@id\":\"https:\/\/xenonkungen.com\/nl\/product\/ronde-zijmarkering-28-mm-geel\/#primaryimage\"},\"thumbnailUrl\":\"https:\/\/xenonkungen.com\/wp-content\/uploads\/2025\/04\/8669140-origpic-0f59c5.jpg\",\"datePublished\":\"2025-04-15T09:48:52+00:00\",\"dateModified\":\"2026-04-17T11:08:14+00:00\",\"breadcrumb\":{\"@id\":\"https:\/\/xenonkungen.com\/nl\/product\/ronde-zijmarkering-28-mm-geel\/#breadcrumb\"},\"inLanguage\":\"es\",\"potentialAction\":[{\"@type\":\"ReadAction\",\"target\":[\"https:\/\/xenonkungen.com\/nl\/product\/ronde-zijmarkering-28-mm-geel\/\"]}]},{\"@type\":\"ImageObject\",\"inLanguage\":\"es\",\"@id\":\"https:\/\/xenonkungen.com\/nl\/product\/ronde-zijmarkering-28-mm-geel\/#primaryimage\",\"url\":\"https:\/\/xenonkungen.com\/wp-content\/uploads\/2025\/04\/8669140-origpic-0f59c5.jpg\",\"contentUrl\":\"https:\/\/xenonkungen.com\/wp-content\/uploads\/2025\/04\/8669140-origpic-0f59c5.jpg\",\"width\":600,\"height\":600},{\"@type\":\"BreadcrumbList\",\"@id\":\"https:\/\/xenonkungen.com\/nl\/product\/ronde-zijmarkering-28-mm-geel\/#breadcrumb\",\"itemListElement\":[{\"@type\":\"ListItem\",\"position\":1,\"name\":\"Hem\",\"item\":\"https:\/\/xenonkungen.com\/\"},{\"@type\":\"ListItem\",\"position\":2,\"name\":\"Shop\",\"item\":\"https:\/\/xenonkungen.com\/shop\/\"},{\"@type\":\"ListItem\",\"position\":3,\"name\":\"Rund Sidomarkering 28mm Gul\"}]},{\"@type\":\"WebSite\",\"@id\":\"https:\/\/xenonkungen.com\/#website\",\"url\":\"https:\/\/xenonkungen.com\/\",\"name\":\"Xenonkungen\",\"description\":\"\",\"potentialAction\":[{\"@type\":\"SearchAction\",\"target\":{\"@type\":\"EntryPoint\",\"urlTemplate\":\"https:\/\/xenonkungen.com\/?s={search_term_string}\"},\"query-input\":{\"@type\":\"PropertyValueSpecification\",\"valueRequired\":true,\"valueName\":\"search_term_string\"}}],\"inLanguage\":\"es\"}]}<\/script>\n<!-- \/ Yoast SEO plugin. -->","yoast_head_json":{"title":"Marcador lateral redondo amarillo de 28 mm - The Xenon King","robots":{"index":"index","follow":"follow","max-snippet":"max-snippet:-1","max-image-preview":"max-image-preview:large","max-video-preview":"max-video-preview:-1"},"canonical":"https:\/\/xenonkungen.com\/es\/producto\/marcador-lateral-redondo-amarillo-de-28-mm\/","og_locale":"es_ES","og_type":"article","og_title":"Rund Sidomarkering 28mm Gul - Xenonkungen","og_description":"Liten storlek Godk\u00e4nd f\u00f6r bruk p\u00e5 v\u00e4g 5 \u00e5rs funktionsgaranti Multivolt l\u00e5g str\u00f6mf\u00f6rbrukning","og_url":"https:\/\/xenonkungen.com\/es\/producto\/marcador-lateral-redondo-amarillo-de-28-mm\/","og_site_name":"Xenonkungen","article_modified_time":"2026-04-17T11:08:14+00:00","og_image":[{"width":600,"height":600,"url":"https:\/\/xenonkungen.com\/wp-content\/uploads\/2025\/04\/8669140-origpic-0f59c5.jpg","type":"image\/jpeg"}],"twitter_card":"summary_large_image","twitter_misc":{"Tiempo de lectura":"2 minutos"},"schema":{"@context":"https:\/\/schema.org","@graph":[{"@type":"WebPage","@id":"https:\/\/xenonkungen.com\/nl\/product\/ronde-zijmarkering-28-mm-geel\/","url":"https:\/\/xenonkungen.com\/nl\/product\/ronde-zijmarkering-28-mm-geel\/","name":"Marcador lateral redondo amarillo de 28 mm - The Xenon King","isPartOf":{"@id":"https:\/\/xenonkungen.com\/#website"},"primaryImageOfPage":{"@id":"https:\/\/xenonkungen.com\/nl\/product\/ronde-zijmarkering-28-mm-geel\/#primaryimage"},"image":{"@id":"https:\/\/xenonkungen.com\/nl\/product\/ronde-zijmarkering-28-mm-geel\/#primaryimage"},"thumbnailUrl":"https:\/\/xenonkungen.com\/wp-content\/uploads\/2025\/04\/8669140-origpic-0f59c5.jpg","datePublished":"2025-04-15T09:48:52+00:00","dateModified":"2026-04-17T11:08:14+00:00","breadcrumb":{"@id":"https:\/\/xenonkungen.com\/nl\/product\/ronde-zijmarkering-28-mm-geel\/#breadcrumb"},"inLanguage":"es","potentialAction":[{"@type":"ReadAction","target":["https:\/\/xenonkungen.com\/nl\/product\/ronde-zijmarkering-28-mm-geel\/"]}]},{"@type":"ImageObject","inLanguage":"es","@id":"https:\/\/xenonkungen.com\/nl\/product\/ronde-zijmarkering-28-mm-geel\/#primaryimage","url":"https:\/\/xenonkungen.com\/wp-content\/uploads\/2025\/04\/8669140-origpic-0f59c5.jpg","contentUrl":"https:\/\/xenonkungen.com\/wp-content\/uploads\/2025\/04\/8669140-origpic-0f59c5.jpg","width":600,"height":600},{"@type":"BreadcrumbList","@id":"https:\/\/xenonkungen.com\/nl\/product\/ronde-zijmarkering-28-mm-geel\/#breadcrumb","itemListElement":[{"@type":"ListItem","position":1,"name":"Hem","item":"https:\/\/xenonkungen.com\/"},{"@type":"ListItem","position":2,"name":"Shop","item":"https:\/\/xenonkungen.com\/shop\/"},{"@type":"ListItem","position":3,"name":"Rund Sidomarkering 28mm Gul"}]},{"@type":"WebSite","@id":"https:\/\/xenonkungen.com\/#website","url":"https:\/\/xenonkungen.com\/","name":"Xenonkungen","description":"","potentialAction":[{"@type":"SearchAction","target":{"@type":"EntryPoint","urlTemplate":"https:\/\/xenonkungen.com\/?s={search_term_string}"},"query-input":{"@type":"PropertyValueSpecification","valueRequired":true,"valueName":"search_term_string"}}],"inLanguage":"es"}]}},"taxonomy_info":{"anvandningsomrade":[{"value":166,"label":"Lastbil"},{"value":238,"label":"SL\u00c4P"},{"value":2816,"label":"TRAILER"}],"product_brand":[{"value":1252,"label":"LEA"}],"product_cat":[{"value":2478,"label":"Positionsljus"},{"value":2813,"label":"Sido"}],"pa_storlek-mm":[{"value":1822,"label":"28x25"}],"pa_volt-v":[{"value":160,"label":"24"}]},"featured_image_src_large":["https:\/\/xenonkungen.com\/wp-content\/uploads\/2025\/04\/8669140-origpic-0f59c5.jpg",600,600,false],"author_info":[],"comment_info":0,"_links":{"self":[{"href":"https:\/\/xenonkungen.com\/es\/wp-json\/wp\/v2\/product\/6727","targetHints":{"allow":["GET"]}}],"collection":[{"href":"https:\/\/xenonkungen.com\/es\/wp-json\/wp\/v2\/product"}],"about":[{"href":"https:\/\/xenonkungen.com\/es\/wp-json\/wp\/v2\/types\/product"}],"replies":[{"embeddable":true,"href":"https:\/\/xenonkungen.com\/es\/wp-json\/wp\/v2\/comments?post=6727"}],"wp:featuredmedia":[{"embeddable":true,"href":"https:\/\/xenonkungen.com\/es\/wp-json\/wp\/v2\/media\/6728"}],"wp:attachment":[{"href":"https:\/\/xenonkungen.com\/es\/wp-json\/wp\/v2\/media?parent=6727"}],"wp:term":[{"taxonomy":"anvandningsomrade","embeddable":true,"href":"https:\/\/xenonkungen.com\/es\/wp-json\/wp\/v2\/anvandningsomrade?post=6727"},{"taxonomy":"bilmarken","embeddable":true,"href":"https:\/\/xenonkungen.com\/es\/wp-json\/wp\/v2\/bilmarken?post=6727"},{"taxonomy":"product_brand","embeddable":true,"href":"https:\/\/xenonkungen.com\/es\/wp-json\/wp\/v2\/product_brand?post=6727"},{"taxonomy":"product_cat","embeddable":true,"href":"https:\/\/xenonkungen.com\/es\/wp-json\/wp\/v2\/product_cat?post=6727"},{"taxonomy":"product_tag","embeddable":true,"href":"https:\/\/xenonkungen.com\/es\/wp-json\/wp\/v2\/product_tag?post=6727"}],"curies":[{"name":"wp","href":"https:\/\/api.w.org\/{rel}","templated":true}]}}