{"id":6733,"date":"2025-04-15T09:48:52","date_gmt":"2025-04-15T09:48:52","guid":{"rendered":"https:\/\/xenonkungen.com\/product\/rund-markering-28mm-bla\/"},"modified":"2026-04-11T00:42:06","modified_gmt":"2026-04-10T23:42:06","slug":"marca-redonda-28mm-azul","status":"publish","type":"product","link":"https:\/\/xenonkungen.com\/es\/producto\/marca-redonda-28mm-azul\/","title":{"rendered":"Marcador redondo 28mm Azul"},"content":{"rendered":"<h1>Luz de g\u00e1libo LED redonda duradera con luz azul<\/h1>\n<p>Esta luz de se\u00f1alizaci\u00f3n delantera redonda est\u00e1 equipada con 3 LED que emiten una luz azul brillante, perfecta para mejorar o complementar la iluminaci\u00f3n existente de su veh\u00edculo. Su perfil bajo y construcci\u00f3n robusta la convierten en una opci\u00f3n ideal para una gran variedad de veh\u00edculos, desde camiones a remolques, y tambi\u00e9n como complemento de las marcas frontales existentes.<\/p>\n<p>Fabricada en pl\u00e1stico resistente y protegida por una carcasa de goma de alta resistencia, esta luz de se\u00f1alizaci\u00f3n est\u00e1 dise\u00f1ada para soportar condiciones duras. El cable de conexi\u00f3n enfundado contribuye a una instalaci\u00f3n segura y duradera. La luz es multivoltaje, lo que significa que es compatible tanto con sistemas de 12 V como de 24 V, ofreciendo una soluci\u00f3n flexible para diferentes tipos de veh\u00edculos.<\/p>\n<h2>Especificaciones<\/h2>\n<ul>\n<li>Fuente de luz: 3 LED para una luz azul intensa<\/li>\n<li>Construcci\u00f3n: Pl\u00e1stico con carcasa de goma resistente y cable enfundado<\/li>\n<li>Funci\u00f3n: Multivoltaje, apto para sistemas de 12 V y 24 V<\/li>\n<li>Durabilidad: sumergible, inoxidable, a prueba de golpes, con electr\u00f3nica sellada de por vida<\/li>\n<li>Opciones de color: Disponible en varios colores para diferentes aplicaciones<\/li>\n<\/ul>\n<h2>Caracter\u00edsticas y ventajas<\/h2>\n<p>Con su moderno dise\u00f1o y avanzada tecnolog\u00eda, esta luz de posici\u00f3n delantera ofrece una soluci\u00f3n superior para aumentar la visibilidad y la seguridad de su veh\u00edculo. No solo es energ\u00e9ticamente eficiente gracias a la tecnolog\u00eda LED, sino que tambi\u00e9n es extremadamente duradera con su construcci\u00f3n de acero inoxidable y resistente a los impactos. La electr\u00f3nica sellada de por vida garantiza un rendimiento duradero y fiabilidad en todas las condiciones.<\/p>\n<ul>\n<li>Mayor seguridad y visibilidad con luz LED azul intensa<\/li>\n<li>Perfil bajo y construcci\u00f3n robusta para una mayor durabilidad y una instalaci\u00f3n discreta<\/li>\n<li>Uso flexible en una amplia gama de veh\u00edculos<\/li>\n<li>F\u00e1cil instalaci\u00f3n con cableado encamisado para un uso prolongado<\/li>\n<li>Electr\u00f3nica sellada de por vida para la mayor durabilidad y rendimiento posibles<\/li>\n<\/ul>","protected":false},"excerpt":{"rendered":"<p><strong>Tama\u00f1o peque\u00f1o<\/strong><\/p>\n<p><strong>Aprobado para su uso en carreteras<\/strong><\/p>\n<p><strong>5 a\u00f1os de garant\u00eda de funcionamiento<\/strong><\/p>\n<p><strong>Multivolt<\/strong><\/p>\n<p><strong>bajo consumo de energ\u00eda<\/strong><\/p>","protected":false},"featured_media":6734,"comment_status":"closed","ping_status":"open","template":"","meta":{"_acf_changed":false,"_smort_price_nok":"155","_smort_price_dkk":"98","_smort_price_eur":"13.18","_smort_sale_price_nok":"","_smort_sale_price_dkk":"","_smort_sale_price_eur":"","smort_restorder":"","shipmondo_restorder":"","_kad_blocks_custom_css":"","_kad_blocks_head_custom_js":"","_kad_blocks_body_custom_js":"","_kad_blocks_footer_custom_js":"","smort_custom_pricelist_1":"92.8","smort_custom_pricelist_2":"81.2","smort_custom_pricelist_3":"75.4","smort_custom_pricelist_4":"116","smort_custom_pricelist_5":"81.2"},"anvandningsomrade":[166,238,2816],"bilmarken":[],"product_brand":[1252],"product_cat":[2478],"product_tag":[],"class_list":{"0":"post-6733","1":"product","2":"type-product","3":"status-publish","4":"has-post-thumbnail","6":"anvandningsomrade-lastbil","7":"anvandningsomrade-slap","8":"anvandningsomrade-trailer","9":"product_brand-lea","10":"product_cat-positionsljus-slap","11":"pa_fargtemperatur-bla","12":"pa_fuktskydd-varde-ipxx-ip67","13":"pa_godkannande-ece","14":"pa_storlek-mm-28x5","15":"pa_stromforbrukning-003a-138v","16":"pa_stromforbrukning-003a-28v","17":"pa_volt-v-12-24","19":"first","20":"instock","21":"taxable","22":"shipping-taxable","23":"purchasable","24":"product-type-simple"},"bundled_by":[],"bundle_stock_status":"instock","bundle_stock_quantity":4,"bundle_virtual":false,"bundle_layout":"","bundle_add_to_cart_form_location":"","bundle_editable_in_cart":false,"bundle_sold_individually_context":"","bundle_item_grouping":"","bundle_min_size":"","bundle_max_size":"","bundle_price":[],"bundled_items":[],"bundle_sell_ids":[],"acf":[],"yoast_head":"<!-- This site is optimized with the Yoast SEO plugin v27.0 - https:\/\/yoast.com\/product\/yoast-seo-wordpress\/ -->\n<title>Rund Markering 28mm Bl\u00e5 - Xenonkungen<\/title>\n<meta name=\"robots\" content=\"index, follow, max-snippet:-1, max-image-preview:large, max-video-preview:-1\" \/>\n<link rel=\"canonical\" href=\"https:\/\/xenonkungen.com\/es\/producto\/marca-redonda-28mm-azul\/\" \/>\n<meta property=\"og:locale\" content=\"es_ES\" \/>\n<meta property=\"og:type\" content=\"article\" \/>\n<meta property=\"og:title\" content=\"Rund Markering 28mm Bl\u00e5 - Xenonkungen\" \/>\n<meta property=\"og:description\" content=\"Liten storlekGodk\u00e4nd f\u00f6r bruk p\u00e5 v\u00e4g5 \u00e5rs funktionsgarantiMultivoltl\u00e5g str\u00f6mf\u00f6rbrukning\" \/>\n<meta property=\"og:url\" content=\"https:\/\/xenonkungen.com\/es\/producto\/marca-redonda-28mm-azul\/\" \/>\n<meta property=\"og:site_name\" content=\"Xenonkungen\" \/>\n<meta property=\"article:modified_time\" content=\"2026-04-10T23:42:06+00:00\" \/>\n<meta property=\"og:image\" content=\"https:\/\/xenonkungen.com\/wp-content\/uploads\/2025\/04\/181BME-800x800-1.jpg\" \/>\n\t<meta property=\"og:image:width\" content=\"800\" \/>\n\t<meta property=\"og:image:height\" content=\"800\" \/>\n\t<meta property=\"og:image:type\" content=\"image\/jpeg\" \/>\n<meta name=\"twitter:card\" content=\"summary_large_image\" \/>\n<meta name=\"twitter:label1\" content=\"Tiempo de lectura\" \/>\n\t<meta name=\"twitter:data1\" content=\"2 minutos\" \/>\n<script type=\"application\/ld+json\" class=\"yoast-schema-graph\">{\"@context\":\"https:\/\/schema.org\",\"@graph\":[{\"@type\":\"WebPage\",\"@id\":\"https:\/\/xenonkungen.com\/produkt\/rund-markering-28mm-bla\/\",\"url\":\"https:\/\/xenonkungen.com\/produkt\/rund-markering-28mm-bla\/\",\"name\":\"Rund Markering 28mm Bl\u00e5 - Xenonkungen\",\"isPartOf\":{\"@id\":\"https:\/\/xenonkungen.com\/#website\"},\"primaryImageOfPage\":{\"@id\":\"https:\/\/xenonkungen.com\/produkt\/rund-markering-28mm-bla\/#primaryimage\"},\"image\":{\"@id\":\"https:\/\/xenonkungen.com\/produkt\/rund-markering-28mm-bla\/#primaryimage\"},\"thumbnailUrl\":\"https:\/\/xenonkungen.com\/wp-content\/uploads\/2025\/04\/181BME-800x800-1.jpg\",\"datePublished\":\"2025-04-15T09:48:52+00:00\",\"dateModified\":\"2026-04-10T23:42:06+00:00\",\"breadcrumb\":{\"@id\":\"https:\/\/xenonkungen.com\/produkt\/rund-markering-28mm-bla\/#breadcrumb\"},\"inLanguage\":\"es\",\"potentialAction\":[{\"@type\":\"ReadAction\",\"target\":[\"https:\/\/xenonkungen.com\/produkt\/rund-markering-28mm-bla\/\"]}]},{\"@type\":\"ImageObject\",\"inLanguage\":\"es\",\"@id\":\"https:\/\/xenonkungen.com\/produkt\/rund-markering-28mm-bla\/#primaryimage\",\"url\":\"https:\/\/xenonkungen.com\/wp-content\/uploads\/2025\/04\/181BME-800x800-1.jpg\",\"contentUrl\":\"https:\/\/xenonkungen.com\/wp-content\/uploads\/2025\/04\/181BME-800x800-1.jpg\",\"width\":800,\"height\":800},{\"@type\":\"BreadcrumbList\",\"@id\":\"https:\/\/xenonkungen.com\/produkt\/rund-markering-28mm-bla\/#breadcrumb\",\"itemListElement\":[{\"@type\":\"ListItem\",\"position\":1,\"name\":\"Hem\",\"item\":\"https:\/\/xenonkungen.com\/\"},{\"@type\":\"ListItem\",\"position\":2,\"name\":\"Shop\",\"item\":\"https:\/\/xenonkungen.com\/shop\/\"},{\"@type\":\"ListItem\",\"position\":3,\"name\":\"Rund Markering 28mm Bl\u00e5\"}]},{\"@type\":\"WebSite\",\"@id\":\"https:\/\/xenonkungen.com\/#website\",\"url\":\"https:\/\/xenonkungen.com\/\",\"name\":\"Xenonkungen\",\"description\":\"\",\"potentialAction\":[{\"@type\":\"SearchAction\",\"target\":{\"@type\":\"EntryPoint\",\"urlTemplate\":\"https:\/\/xenonkungen.com\/?s={search_term_string}\"},\"query-input\":{\"@type\":\"PropertyValueSpecification\",\"valueRequired\":true,\"valueName\":\"search_term_string\"}}],\"inLanguage\":\"es\"}]}<\/script>\n<!-- \/ Yoast SEO plugin. -->","yoast_head_json":{"title":"Marcador redondo azul de 28 mm - The Xenon King","robots":{"index":"index","follow":"follow","max-snippet":"max-snippet:-1","max-image-preview":"max-image-preview:large","max-video-preview":"max-video-preview:-1"},"canonical":"https:\/\/xenonkungen.com\/es\/producto\/marca-redonda-28mm-azul\/","og_locale":"es_ES","og_type":"article","og_title":"Rund Markering 28mm Bl\u00e5 - Xenonkungen","og_description":"Liten storlekGodk\u00e4nd f\u00f6r bruk p\u00e5 v\u00e4g5 \u00e5rs funktionsgarantiMultivoltl\u00e5g str\u00f6mf\u00f6rbrukning","og_url":"https:\/\/xenonkungen.com\/es\/producto\/marca-redonda-28mm-azul\/","og_site_name":"Xenonkungen","article_modified_time":"2026-04-10T23:42:06+00:00","og_image":[{"width":800,"height":800,"url":"https:\/\/xenonkungen.com\/wp-content\/uploads\/2025\/04\/181BME-800x800-1.jpg","type":"image\/jpeg"}],"twitter_card":"summary_large_image","twitter_misc":{"Tiempo de lectura":"2 minutos"},"schema":{"@context":"https:\/\/schema.org","@graph":[{"@type":"WebPage","@id":"https:\/\/xenonkungen.com\/produkt\/rund-markering-28mm-bla\/","url":"https:\/\/xenonkungen.com\/produkt\/rund-markering-28mm-bla\/","name":"Marcador redondo azul de 28 mm - The Xenon King","isPartOf":{"@id":"https:\/\/xenonkungen.com\/#website"},"primaryImageOfPage":{"@id":"https:\/\/xenonkungen.com\/produkt\/rund-markering-28mm-bla\/#primaryimage"},"image":{"@id":"https:\/\/xenonkungen.com\/produkt\/rund-markering-28mm-bla\/#primaryimage"},"thumbnailUrl":"https:\/\/xenonkungen.com\/wp-content\/uploads\/2025\/04\/181BME-800x800-1.jpg","datePublished":"2025-04-15T09:48:52+00:00","dateModified":"2026-04-10T23:42:06+00:00","breadcrumb":{"@id":"https:\/\/xenonkungen.com\/produkt\/rund-markering-28mm-bla\/#breadcrumb"},"inLanguage":"es","potentialAction":[{"@type":"ReadAction","target":["https:\/\/xenonkungen.com\/produkt\/rund-markering-28mm-bla\/"]}]},{"@type":"ImageObject","inLanguage":"es","@id":"https:\/\/xenonkungen.com\/produkt\/rund-markering-28mm-bla\/#primaryimage","url":"https:\/\/xenonkungen.com\/wp-content\/uploads\/2025\/04\/181BME-800x800-1.jpg","contentUrl":"https:\/\/xenonkungen.com\/wp-content\/uploads\/2025\/04\/181BME-800x800-1.jpg","width":800,"height":800},{"@type":"BreadcrumbList","@id":"https:\/\/xenonkungen.com\/produkt\/rund-markering-28mm-bla\/#breadcrumb","itemListElement":[{"@type":"ListItem","position":1,"name":"Hem","item":"https:\/\/xenonkungen.com\/"},{"@type":"ListItem","position":2,"name":"Shop","item":"https:\/\/xenonkungen.com\/shop\/"},{"@type":"ListItem","position":3,"name":"Rund Markering 28mm Bl\u00e5"}]},{"@type":"WebSite","@id":"https:\/\/xenonkungen.com\/#website","url":"https:\/\/xenonkungen.com\/","name":"Xenonkungen","description":"","potentialAction":[{"@type":"SearchAction","target":{"@type":"EntryPoint","urlTemplate":"https:\/\/xenonkungen.com\/?s={search_term_string}"},"query-input":{"@type":"PropertyValueSpecification","valueRequired":true,"valueName":"search_term_string"}}],"inLanguage":"es"}]}},"taxonomy_info":{"anvandningsomrade":[{"value":166,"label":"Lastbil"},{"value":238,"label":"SL\u00c4P"},{"value":2816,"label":"TRAILER"}],"product_brand":[{"value":1252,"label":"LEA"}],"product_cat":[{"value":2478,"label":"Positionsljus"}],"pa_fargtemperatur":[{"value":1828,"label":"Bl\u00e5"}],"pa_fuktskydd-varde-ipxx":[{"value":333,"label":"IP67"}],"pa_godkannande":[{"value":192,"label":"ECE"}],"pa_storlek-mm":[{"value":1827,"label":"28x5"}],"pa_stromforbrukning":[{"value":1829,"label":"0,03A @13,8V"},{"value":1825,"label":"0,03A @28V"}],"pa_volt-v":[{"value":348,"label":"12, 24"}]},"featured_image_src_large":["https:\/\/xenonkungen.com\/wp-content\/uploads\/2025\/04\/181BME-800x800-1.jpg",800,800,false],"author_info":[],"comment_info":0,"_links":{"self":[{"href":"https:\/\/xenonkungen.com\/es\/wp-json\/wp\/v2\/product\/6733","targetHints":{"allow":["GET"]}}],"collection":[{"href":"https:\/\/xenonkungen.com\/es\/wp-json\/wp\/v2\/product"}],"about":[{"href":"https:\/\/xenonkungen.com\/es\/wp-json\/wp\/v2\/types\/product"}],"replies":[{"embeddable":true,"href":"https:\/\/xenonkungen.com\/es\/wp-json\/wp\/v2\/comments?post=6733"}],"wp:featuredmedia":[{"embeddable":true,"href":"https:\/\/xenonkungen.com\/es\/wp-json\/wp\/v2\/media\/6734"}],"wp:attachment":[{"href":"https:\/\/xenonkungen.com\/es\/wp-json\/wp\/v2\/media?parent=6733"}],"wp:term":[{"taxonomy":"anvandningsomrade","embeddable":true,"href":"https:\/\/xenonkungen.com\/es\/wp-json\/wp\/v2\/anvandningsomrade?post=6733"},{"taxonomy":"bilmarken","embeddable":true,"href":"https:\/\/xenonkungen.com\/es\/wp-json\/wp\/v2\/bilmarken?post=6733"},{"taxonomy":"product_brand","embeddable":true,"href":"https:\/\/xenonkungen.com\/es\/wp-json\/wp\/v2\/product_brand?post=6733"},{"taxonomy":"product_cat","embeddable":true,"href":"https:\/\/xenonkungen.com\/es\/wp-json\/wp\/v2\/product_cat?post=6733"},{"taxonomy":"product_tag","embeddable":true,"href":"https:\/\/xenonkungen.com\/es\/wp-json\/wp\/v2\/product_tag?post=6733"}],"curies":[{"name":"wp","href":"https:\/\/api.w.org\/{rel}","templated":true}]}}