{"id":6768,"date":"2025-04-15T09:49:12","date_gmt":"2025-04-15T09:49:12","guid":{"rendered":"https:\/\/xenonkungen.com\/product\/lampsarg-for-3st-200mm-svart\/"},"modified":"2026-04-11T00:42:45","modified_gmt":"2026-04-10T23:42:45","slug":"marco-de-lampara-para-3-piezas-200-mm-negro","status":"publish","type":"product","link":"https:\/\/xenonkungen.com\/es\/producto\/marco-de-lampara-para-3-piezas-200-mm-negro\/","title":{"rendered":"Marco de l\u00e1mpara para 3pcs 200mm | negro"},"content":{"rendered":"<h1>Pantalla negra para Slim-line Triple serie 200<\/h1>\n<p>La pantalla negra es una soluci\u00f3n pr\u00e1ctica y funcional para actualizar o sustituir su l\u00e1mpara Slim-line Triple serie 200. Dise\u00f1ado pensando tanto en la est\u00e9tica como en la funcionalidad, este embellecedor espec\u00edfico ofrece varias ventajas para sus necesidades de iluminaci\u00f3n.<\/p>\n<p>El acabado negro de la pantalla proporciona una est\u00e9tica moderna y discreta que puede encajar bien en diferentes estilos de interiores y veh\u00edculos. El negro es un color atemporal que aporta un toque elegante y sofisticado a su l\u00e1mpara. Si desea dar a su l\u00e1mpara Slim-line de la serie Triple 200 un aspecto m\u00e1s moderno y elegante, la pantalla negra es una excelente elecci\u00f3n.<\/p>\n<p>Pero no se trata s\u00f3lo del aspecto. La pantalla negra tambi\u00e9n se ha dise\u00f1ado pensando en la durabilidad. Est\u00e1 dise\u00f1ada para proteger la l\u00e1mpara en su interior y garantizar su rendimiento a largo plazo. Si cambia a la pantalla adecuada, podr\u00e1 prolongar la vida \u00fatil de su l\u00e1mpara y asegurarse de que funcione a la perfecci\u00f3n incluso en condiciones exigentes.<\/p>\n<p>La instalaci\u00f3n del marco de la l\u00e1mpara es sencilla y f\u00e1cil. No necesita ser un experto para sustituir su embellecedor actual. Con las herramientas adecuadas y unos sencillos pasos, podr\u00e1 instalar r\u00e1pida y f\u00e1cilmente el nuevo embellecedor negro y disfrutar de sus ventajas tanto est\u00e9ticas como funcionales.<\/p>\n<p>En conclusi\u00f3n, la pantalla negra es una gran soluci\u00f3n para cualquiera que posea una l\u00e1mpara Slim-line Triple Serie 200 y desee mejorar su aspecto y rendimiento. Con su elegante acabado en negro y su construcci\u00f3n duradera, puede estar seguro de que ser\u00e1 un compa\u00f1ero fiable para su l\u00e1mpara y mejorar\u00e1 su rendimiento general y su est\u00e9tica. Es una forma sencilla de dar un impulso a su iluminaci\u00f3n y disfrutar de las ventajas del dise\u00f1o moderno y la fiabilidad.<\/p>","protected":false},"excerpt":{"rendered":"<p>Svart Lampsarg f\u00f6r Slim-line Triple-serien 200 Den svarta lampsargen \u00e4r en praktisk och funktionell l\u00f6sning f\u00f6r att uppgradera eller byta ut din lampa i Slim-line Triple-serien 200. Denna specifika sarg \u00e4r utformad med b\u00e5de estetik och funktionalitet i \u00e5tanke och erbjuder flera f\u00f6rdelar f\u00f6r ditt belysningsbehov. Det svarta utf\u00f6randet p\u00e5 lampsargen ger en modern och [&hellip;]<\/p>","protected":false},"featured_media":6769,"comment_status":"closed","ping_status":"open","template":"","meta":{"_acf_changed":false,"_smort_price_nok":"107","_smort_price_dkk":"68","_smort_price_eur":"9.09","_smort_sale_price_nok":"","_smort_sale_price_dkk":"","_smort_sale_price_eur":"","smort_restorder":"","shipmondo_restorder":"","_kad_blocks_custom_css":"","_kad_blocks_head_custom_js":"","_kad_blocks_body_custom_js":"","_kad_blocks_footer_custom_js":"","smort_custom_pricelist_1":"56","smort_custom_pricelist_2":"56","smort_custom_pricelist_3":"53.2","smort_custom_pricelist_4":"80","smort_custom_pricelist_5":"56"},"anvandningsomrade":[166,238,2816],"bilmarken":[],"product_brand":[1252],"product_cat":[2583],"product_tag":[],"class_list":{"0":"post-6768","1":"product","2":"type-product","3":"status-publish","4":"has-post-thumbnail","6":"anvandningsomrade-lastbil","7":"anvandningsomrade-slap","8":"anvandningsomrade-trailer","9":"product_brand-lea","10":"product_cat-lampsarg-slap","12":"first","13":"onbackorder","14":"taxable","15":"shipping-taxable","16":"purchasable","17":"product-type-simple"},"bundled_by":[],"bundle_stock_status":"onbackorder","bundle_stock_quantity":0,"bundle_virtual":false,"bundle_layout":"","bundle_add_to_cart_form_location":"","bundle_editable_in_cart":false,"bundle_sold_individually_context":"","bundle_item_grouping":"","bundle_min_size":"","bundle_max_size":"","bundle_price":[],"bundled_items":[],"bundle_sell_ids":[],"acf":[],"yoast_head":"<!-- This site is optimized with the Yoast SEO plugin v27.0 - https:\/\/yoast.com\/product\/yoast-seo-wordpress\/ -->\n<title>Lampsarg f\u00f6r 3st 200mm | svart - Xenonkungen<\/title>\n<meta name=\"robots\" content=\"index, follow, max-snippet:-1, max-image-preview:large, max-video-preview:-1\" \/>\n<link rel=\"canonical\" href=\"https:\/\/xenonkungen.com\/es\/producto\/marco-de-lampara-para-3-piezas-200-mm-negro\/\" \/>\n<meta property=\"og:locale\" content=\"es_ES\" \/>\n<meta property=\"og:type\" content=\"article\" \/>\n<meta property=\"og:title\" content=\"Lampsarg f\u00f6r 3st 200mm | svart - Xenonkungen\" \/>\n<meta property=\"og:description\" content=\"Svart Lampsarg f\u00f6r Slim-line Triple-serien 200 Den svarta lampsargen \u00e4r en praktisk och funktionell l\u00f6sning f\u00f6r att uppgradera eller byta ut din lampa i Slim-line Triple-serien 200. Denna specifika sarg \u00e4r utformad med b\u00e5de estetik och funktionalitet i \u00e5tanke och erbjuder flera f\u00f6rdelar f\u00f6r ditt belysningsbehov. Det svarta utf\u00f6randet p\u00e5 lampsargen ger en modern och [&hellip;]\" \/>\n<meta property=\"og:url\" content=\"https:\/\/xenonkungen.com\/es\/producto\/marco-de-lampara-para-3-piezas-200-mm-negro\/\" \/>\n<meta property=\"og:site_name\" content=\"Xenonkungen\" \/>\n<meta property=\"article:modified_time\" content=\"2026-04-10T23:42:45+00:00\" \/>\n<meta property=\"og:image\" content=\"https:\/\/xenonkungen.com\/wp-content\/uploads\/2025\/04\/7341119-origpic-0f4d12.jpg\" \/>\n\t<meta property=\"og:image:width\" content=\"600\" \/>\n\t<meta property=\"og:image:height\" content=\"600\" \/>\n\t<meta property=\"og:image:type\" content=\"image\/jpeg\" \/>\n<meta name=\"twitter:card\" content=\"summary_large_image\" \/>\n<meta name=\"twitter:label1\" content=\"Tiempo de lectura\" \/>\n\t<meta name=\"twitter:data1\" content=\"2 minutos\" \/>\n<script type=\"application\/ld+json\" class=\"yoast-schema-graph\">{\"@context\":\"https:\/\/schema.org\",\"@graph\":[{\"@type\":\"WebPage\",\"@id\":\"https:\/\/xenonkungen.com\/fi\/tuote\/lampun-kehys-3-kpl-200-mm-musta\/\",\"url\":\"https:\/\/xenonkungen.com\/fi\/tuote\/lampun-kehys-3-kpl-200-mm-musta\/\",\"name\":\"Lampsarg f\u00f6r 3st 200mm | svart - Xenonkungen\",\"isPartOf\":{\"@id\":\"https:\/\/xenonkungen.com\/#website\"},\"primaryImageOfPage\":{\"@id\":\"https:\/\/xenonkungen.com\/fi\/tuote\/lampun-kehys-3-kpl-200-mm-musta\/#primaryimage\"},\"image\":{\"@id\":\"https:\/\/xenonkungen.com\/fi\/tuote\/lampun-kehys-3-kpl-200-mm-musta\/#primaryimage\"},\"thumbnailUrl\":\"https:\/\/xenonkungen.com\/wp-content\/uploads\/2025\/04\/7341119-origpic-0f4d12.jpg\",\"datePublished\":\"2025-04-15T09:49:12+00:00\",\"dateModified\":\"2026-04-10T23:42:45+00:00\",\"breadcrumb\":{\"@id\":\"https:\/\/xenonkungen.com\/fi\/tuote\/lampun-kehys-3-kpl-200-mm-musta\/#breadcrumb\"},\"inLanguage\":\"es\",\"potentialAction\":[{\"@type\":\"ReadAction\",\"target\":[\"https:\/\/xenonkungen.com\/fi\/tuote\/lampun-kehys-3-kpl-200-mm-musta\/\"]}]},{\"@type\":\"ImageObject\",\"inLanguage\":\"es\",\"@id\":\"https:\/\/xenonkungen.com\/fi\/tuote\/lampun-kehys-3-kpl-200-mm-musta\/#primaryimage\",\"url\":\"https:\/\/xenonkungen.com\/wp-content\/uploads\/2025\/04\/7341119-origpic-0f4d12.jpg\",\"contentUrl\":\"https:\/\/xenonkungen.com\/wp-content\/uploads\/2025\/04\/7341119-origpic-0f4d12.jpg\",\"width\":600,\"height\":600},{\"@type\":\"BreadcrumbList\",\"@id\":\"https:\/\/xenonkungen.com\/fi\/tuote\/lampun-kehys-3-kpl-200-mm-musta\/#breadcrumb\",\"itemListElement\":[{\"@type\":\"ListItem\",\"position\":1,\"name\":\"Hem\",\"item\":\"https:\/\/xenonkungen.com\/\"},{\"@type\":\"ListItem\",\"position\":2,\"name\":\"Shop\",\"item\":\"https:\/\/xenonkungen.com\/shop\/\"},{\"@type\":\"ListItem\",\"position\":3,\"name\":\"Lampsarg f\u00f6r 3st 200mm | svart\"}]},{\"@type\":\"WebSite\",\"@id\":\"https:\/\/xenonkungen.com\/#website\",\"url\":\"https:\/\/xenonkungen.com\/\",\"name\":\"Xenonkungen\",\"description\":\"\",\"potentialAction\":[{\"@type\":\"SearchAction\",\"target\":{\"@type\":\"EntryPoint\",\"urlTemplate\":\"https:\/\/xenonkungen.com\/?s={search_term_string}\"},\"query-input\":{\"@type\":\"PropertyValueSpecification\",\"valueRequired\":true,\"valueName\":\"search_term_string\"}}],\"inLanguage\":\"es\"}]}<\/script>\n<!-- \/ Yoast SEO plugin. -->","yoast_head_json":{"title":"Marco de l\u00e1mpara para 3 piezas de 200 mm | negro - Xenonkungen","robots":{"index":"index","follow":"follow","max-snippet":"max-snippet:-1","max-image-preview":"max-image-preview:large","max-video-preview":"max-video-preview:-1"},"canonical":"https:\/\/xenonkungen.com\/es\/producto\/marco-de-lampara-para-3-piezas-200-mm-negro\/","og_locale":"es_ES","og_type":"article","og_title":"Lampsarg f\u00f6r 3st 200mm | svart - Xenonkungen","og_description":"Svart Lampsarg f\u00f6r Slim-line Triple-serien 200 Den svarta lampsargen \u00e4r en praktisk och funktionell l\u00f6sning f\u00f6r att uppgradera eller byta ut din lampa i Slim-line Triple-serien 200. Denna specifika sarg \u00e4r utformad med b\u00e5de estetik och funktionalitet i \u00e5tanke och erbjuder flera f\u00f6rdelar f\u00f6r ditt belysningsbehov. Det svarta utf\u00f6randet p\u00e5 lampsargen ger en modern och [&hellip;]","og_url":"https:\/\/xenonkungen.com\/es\/producto\/marco-de-lampara-para-3-piezas-200-mm-negro\/","og_site_name":"Xenonkungen","article_modified_time":"2026-04-10T23:42:45+00:00","og_image":[{"width":600,"height":600,"url":"https:\/\/xenonkungen.com\/wp-content\/uploads\/2025\/04\/7341119-origpic-0f4d12.jpg","type":"image\/jpeg"}],"twitter_card":"summary_large_image","twitter_misc":{"Tiempo de lectura":"2 minutos"},"schema":{"@context":"https:\/\/schema.org","@graph":[{"@type":"WebPage","@id":"https:\/\/xenonkungen.com\/fi\/tuote\/lampun-kehys-3-kpl-200-mm-musta\/","url":"https:\/\/xenonkungen.com\/fi\/tuote\/lampun-kehys-3-kpl-200-mm-musta\/","name":"Marco de l\u00e1mpara para 3 piezas de 200 mm | negro - Xenonkungen","isPartOf":{"@id":"https:\/\/xenonkungen.com\/#website"},"primaryImageOfPage":{"@id":"https:\/\/xenonkungen.com\/fi\/tuote\/lampun-kehys-3-kpl-200-mm-musta\/#primaryimage"},"image":{"@id":"https:\/\/xenonkungen.com\/fi\/tuote\/lampun-kehys-3-kpl-200-mm-musta\/#primaryimage"},"thumbnailUrl":"https:\/\/xenonkungen.com\/wp-content\/uploads\/2025\/04\/7341119-origpic-0f4d12.jpg","datePublished":"2025-04-15T09:49:12+00:00","dateModified":"2026-04-10T23:42:45+00:00","breadcrumb":{"@id":"https:\/\/xenonkungen.com\/fi\/tuote\/lampun-kehys-3-kpl-200-mm-musta\/#breadcrumb"},"inLanguage":"es","potentialAction":[{"@type":"ReadAction","target":["https:\/\/xenonkungen.com\/fi\/tuote\/lampun-kehys-3-kpl-200-mm-musta\/"]}]},{"@type":"ImageObject","inLanguage":"es","@id":"https:\/\/xenonkungen.com\/fi\/tuote\/lampun-kehys-3-kpl-200-mm-musta\/#primaryimage","url":"https:\/\/xenonkungen.com\/wp-content\/uploads\/2025\/04\/7341119-origpic-0f4d12.jpg","contentUrl":"https:\/\/xenonkungen.com\/wp-content\/uploads\/2025\/04\/7341119-origpic-0f4d12.jpg","width":600,"height":600},{"@type":"BreadcrumbList","@id":"https:\/\/xenonkungen.com\/fi\/tuote\/lampun-kehys-3-kpl-200-mm-musta\/#breadcrumb","itemListElement":[{"@type":"ListItem","position":1,"name":"Hem","item":"https:\/\/xenonkungen.com\/"},{"@type":"ListItem","position":2,"name":"Shop","item":"https:\/\/xenonkungen.com\/shop\/"},{"@type":"ListItem","position":3,"name":"Lampsarg f\u00f6r 3st 200mm | svart"}]},{"@type":"WebSite","@id":"https:\/\/xenonkungen.com\/#website","url":"https:\/\/xenonkungen.com\/","name":"Xenonkungen","description":"","potentialAction":[{"@type":"SearchAction","target":{"@type":"EntryPoint","urlTemplate":"https:\/\/xenonkungen.com\/?s={search_term_string}"},"query-input":{"@type":"PropertyValueSpecification","valueRequired":true,"valueName":"search_term_string"}}],"inLanguage":"es"}]}},"taxonomy_info":{"anvandningsomrade":[{"value":166,"label":"Lastbil"},{"value":238,"label":"SL\u00c4P"},{"value":2816,"label":"TRAILER"}],"product_brand":[{"value":1252,"label":"LEA"}],"product_cat":[{"value":2583,"label":"Lampsarg"}]},"featured_image_src_large":["https:\/\/xenonkungen.com\/wp-content\/uploads\/2025\/04\/7341119-origpic-0f4d12.jpg",600,600,false],"author_info":[],"comment_info":0,"_links":{"self":[{"href":"https:\/\/xenonkungen.com\/es\/wp-json\/wp\/v2\/product\/6768","targetHints":{"allow":["GET"]}}],"collection":[{"href":"https:\/\/xenonkungen.com\/es\/wp-json\/wp\/v2\/product"}],"about":[{"href":"https:\/\/xenonkungen.com\/es\/wp-json\/wp\/v2\/types\/product"}],"replies":[{"embeddable":true,"href":"https:\/\/xenonkungen.com\/es\/wp-json\/wp\/v2\/comments?post=6768"}],"wp:featuredmedia":[{"embeddable":true,"href":"https:\/\/xenonkungen.com\/es\/wp-json\/wp\/v2\/media\/6769"}],"wp:attachment":[{"href":"https:\/\/xenonkungen.com\/es\/wp-json\/wp\/v2\/media?parent=6768"}],"wp:term":[{"taxonomy":"anvandningsomrade","embeddable":true,"href":"https:\/\/xenonkungen.com\/es\/wp-json\/wp\/v2\/anvandningsomrade?post=6768"},{"taxonomy":"bilmarken","embeddable":true,"href":"https:\/\/xenonkungen.com\/es\/wp-json\/wp\/v2\/bilmarken?post=6768"},{"taxonomy":"product_brand","embeddable":true,"href":"https:\/\/xenonkungen.com\/es\/wp-json\/wp\/v2\/product_brand?post=6768"},{"taxonomy":"product_cat","embeddable":true,"href":"https:\/\/xenonkungen.com\/es\/wp-json\/wp\/v2\/product_cat?post=6768"},{"taxonomy":"product_tag","embeddable":true,"href":"https:\/\/xenonkungen.com\/es\/wp-json\/wp\/v2\/product_tag?post=6768"}],"curies":[{"name":"wp","href":"https:\/\/api.w.org\/{rel}","templated":true}]}}