{"id":6846,"date":"2025-04-15T09:49:48","date_gmt":"2025-04-15T09:49:48","guid":{"rendered":"https:\/\/xenonkungen.com\/product\/lampsarg-chrome-53101c\/"},"modified":"2026-04-11T00:49:26","modified_gmt":"2026-04-10T23:49:26","slug":"marco-de-lampara-cromado-53101c","status":"publish","type":"product","link":"https:\/\/xenonkungen.com\/es\/producto\/marco-de-lampara-cromado-53101c\/","title":{"rendered":"L\u00e1mpara Coffin Cromo 53101C"},"content":{"rendered":"<div class=\"container\">\n<h1>Mejora la apariencia de tu veh\u00edculo con el marco de faro de 115 mm en acero cromado.<\/h1>\n<p>Este exclusivo embellecedor cromado de acero para faros est\u00e1 dise\u00f1ado a medida para el faro modular redondo Serie 110, ofreciendo una mejora est\u00e9tica instant\u00e1nea a la vez que protege la iluminaci\u00f3n. Con un acabado cromado brillante, realza la apariencia general del veh\u00edculo y contribuye a un aspecto m\u00e1s elegante y sofisticado.<\/p>\n<h2>\u00bfPor qu\u00e9 elegir esta estructura de l\u00e1mpara?<\/h2>\n<ul>\n<li><strong>Mejora est\u00e9tica:<\/strong> El acabado cromado del acero le confiere un toque de lujo y realza la apariencia del veh\u00edculo.<\/li>\n<li><strong>Encaja a la perfecci\u00f3n:<\/strong> Con un di\u00e1metro de 115 mm, este marco de l\u00e1mpara est\u00e1 dise\u00f1ado espec\u00edficamente para adaptarse a las l\u00e1mparas modulares redondas de la Serie 110.<\/li>\n<li><strong>Mayor protecci\u00f3n:<\/strong> Adem\u00e1s de sus beneficios est\u00e9ticos, la estructura tambi\u00e9n ofrece protecci\u00f3n contra las influencias externas y, por lo tanto, prolonga la vida \u00fatil de la l\u00e1mpara.<\/li>\n<li><strong>F\u00e1cil de instalar:<\/strong> Su dise\u00f1o permite un montaje sencillo y sin complicaciones, lo que le permite actualizar su veh\u00edculo de forma r\u00e1pida y eficiente.<\/li>\n<\/ul>\n<p>Con el marco cromado de acero de 115 mm para la l\u00e1mpara modular redonda de la serie 110, obtendr\u00e1 lo mejor de ambos mundos: una protecci\u00f3n inigualable para sus luces y una mejora inconfundible en la est\u00e9tica de su veh\u00edculo. Actualice hoy mismo y disfrute de un perfil vehicular m\u00e1s distintivo y elegante.<\/p>\n<\/div>","protected":false},"excerpt":{"rendered":"<p>Lyft Ditt Fordons Utseende med Lampsarg 115mm i St\u00e5lkrom Denna exklusiva lampsarg i st\u00e5lkrom \u00e4r skr\u00e4ddarsydd f\u00f6r Serie 110 Rund Modullampa, erbjuder en omedelbar estetisk uppgradering samtidigt som den skyddar din belysning. Med en gl\u00e4nsande kromfinish f\u00f6rh\u00f6jer den fordonets \u00f6vergripande utseende och bidrar till en mer elegant och polerad look. Varf\u00f6r V\u00e4lja Denna Lampsarg: Estetisk [&hellip;]<\/p>","protected":false},"featured_media":6847,"comment_status":"closed","ping_status":"open","template":"","meta":{"_acf_changed":false,"_smort_price_nok":"107","_smort_price_dkk":"68","_smort_price_eur":"9.09","_smort_sale_price_nok":"","_smort_sale_price_dkk":"","_smort_sale_price_eur":"","smort_restorder":"","shipmondo_restorder":"","_kad_blocks_custom_css":"","_kad_blocks_head_custom_js":"","_kad_blocks_body_custom_js":"","_kad_blocks_footer_custom_js":"","smort_custom_pricelist_1":"56","smort_custom_pricelist_2":"56","smort_custom_pricelist_3":"53.2","smort_custom_pricelist_4":"80","smort_custom_pricelist_5":"56"},"anvandningsomrade":[166,238,2816],"bilmarken":[],"product_brand":[1252],"product_cat":[2583],"product_tag":[],"class_list":{"0":"post-6846","1":"product","2":"type-product","3":"status-publish","4":"has-post-thumbnail","6":"anvandningsomrade-lastbil","7":"anvandningsomrade-slap","8":"anvandningsomrade-trailer","9":"product_brand-lea","10":"product_cat-lampsarg-slap","12":"first","13":"instock","14":"taxable","15":"shipping-taxable","16":"purchasable","17":"product-type-simple"},"bundled_by":[],"bundle_stock_status":"instock","bundle_stock_quantity":7,"bundle_virtual":false,"bundle_layout":"","bundle_add_to_cart_form_location":"","bundle_editable_in_cart":false,"bundle_sold_individually_context":"","bundle_item_grouping":"","bundle_min_size":"","bundle_max_size":"","bundle_price":[],"bundled_items":[],"bundle_sell_ids":[],"acf":[],"yoast_head":"<!-- This site is optimized with the Yoast SEO plugin v27.0 - https:\/\/yoast.com\/product\/yoast-seo-wordpress\/ -->\n<title>Lampsarg Chrome 53101C - Xenonkungen<\/title>\n<meta name=\"robots\" content=\"index, follow, max-snippet:-1, max-image-preview:large, max-video-preview:-1\" \/>\n<link rel=\"canonical\" href=\"https:\/\/xenonkungen.com\/es\/producto\/marco-de-lampara-cromado-53101c\/\" \/>\n<meta property=\"og:locale\" content=\"es_ES\" \/>\n<meta property=\"og:type\" content=\"article\" \/>\n<meta property=\"og:title\" content=\"Lampsarg Chrome 53101C - Xenonkungen\" \/>\n<meta property=\"og:description\" content=\"Lyft Ditt Fordons Utseende med Lampsarg 115mm i St\u00e5lkrom Denna exklusiva lampsarg i st\u00e5lkrom \u00e4r skr\u00e4ddarsydd f\u00f6r Serie 110 Rund Modullampa, erbjuder en omedelbar estetisk uppgradering samtidigt som den skyddar din belysning. Med en gl\u00e4nsande kromfinish f\u00f6rh\u00f6jer den fordonets \u00f6vergripande utseende och bidrar till en mer elegant och polerad look. Varf\u00f6r V\u00e4lja Denna Lampsarg: Estetisk [&hellip;]\" \/>\n<meta property=\"og:url\" content=\"https:\/\/xenonkungen.com\/es\/producto\/marco-de-lampara-cromado-53101c\/\" \/>\n<meta property=\"og:site_name\" content=\"Xenonkungen\" \/>\n<meta property=\"article:modified_time\" content=\"2026-04-10T23:49:26+00:00\" \/>\n<meta property=\"og:image\" content=\"https:\/\/xenonkungen.com\/wp-content\/uploads\/2025\/04\/7293715-origpic-4d452b.jpg\" \/>\n\t<meta property=\"og:image:width\" content=\"600\" \/>\n\t<meta property=\"og:image:height\" content=\"600\" \/>\n\t<meta property=\"og:image:type\" content=\"image\/jpeg\" \/>\n<meta name=\"twitter:card\" content=\"summary_large_image\" \/>\n<meta name=\"twitter:label1\" content=\"Tiempo de lectura\" \/>\n\t<meta name=\"twitter:data1\" content=\"1 minuto\" \/>\n<script type=\"application\/ld+json\" class=\"yoast-schema-graph\">{\"@context\":\"https:\/\/schema.org\",\"@graph\":[{\"@type\":\"WebPage\",\"@id\":\"https:\/\/xenonkungen.com\/fi\/tuote\/lampun-runko-kromi-53101c\/\",\"url\":\"https:\/\/xenonkungen.com\/fi\/tuote\/lampun-runko-kromi-53101c\/\",\"name\":\"Lampsarg Chrome 53101C - Xenonkungen\",\"isPartOf\":{\"@id\":\"https:\/\/xenonkungen.com\/#website\"},\"primaryImageOfPage\":{\"@id\":\"https:\/\/xenonkungen.com\/fi\/tuote\/lampun-runko-kromi-53101c\/#primaryimage\"},\"image\":{\"@id\":\"https:\/\/xenonkungen.com\/fi\/tuote\/lampun-runko-kromi-53101c\/#primaryimage\"},\"thumbnailUrl\":\"https:\/\/xenonkungen.com\/wp-content\/uploads\/2025\/04\/7293715-origpic-4d452b.jpg\",\"datePublished\":\"2025-04-15T09:49:48+00:00\",\"dateModified\":\"2026-04-10T23:49:26+00:00\",\"breadcrumb\":{\"@id\":\"https:\/\/xenonkungen.com\/fi\/tuote\/lampun-runko-kromi-53101c\/#breadcrumb\"},\"inLanguage\":\"es\",\"potentialAction\":[{\"@type\":\"ReadAction\",\"target\":[\"https:\/\/xenonkungen.com\/fi\/tuote\/lampun-runko-kromi-53101c\/\"]}]},{\"@type\":\"ImageObject\",\"inLanguage\":\"es\",\"@id\":\"https:\/\/xenonkungen.com\/fi\/tuote\/lampun-runko-kromi-53101c\/#primaryimage\",\"url\":\"https:\/\/xenonkungen.com\/wp-content\/uploads\/2025\/04\/7293715-origpic-4d452b.jpg\",\"contentUrl\":\"https:\/\/xenonkungen.com\/wp-content\/uploads\/2025\/04\/7293715-origpic-4d452b.jpg\",\"width\":600,\"height\":600},{\"@type\":\"BreadcrumbList\",\"@id\":\"https:\/\/xenonkungen.com\/fi\/tuote\/lampun-runko-kromi-53101c\/#breadcrumb\",\"itemListElement\":[{\"@type\":\"ListItem\",\"position\":1,\"name\":\"Hem\",\"item\":\"https:\/\/xenonkungen.com\/\"},{\"@type\":\"ListItem\",\"position\":2,\"name\":\"Shop\",\"item\":\"https:\/\/xenonkungen.com\/shop\/\"},{\"@type\":\"ListItem\",\"position\":3,\"name\":\"Lampsarg Chrome 53101C\"}]},{\"@type\":\"WebSite\",\"@id\":\"https:\/\/xenonkungen.com\/#website\",\"url\":\"https:\/\/xenonkungen.com\/\",\"name\":\"Xenonkungen\",\"description\":\"\",\"potentialAction\":[{\"@type\":\"SearchAction\",\"target\":{\"@type\":\"EntryPoint\",\"urlTemplate\":\"https:\/\/xenonkungen.com\/?s={search_term_string}\"},\"query-input\":{\"@type\":\"PropertyValueSpecification\",\"valueRequired\":true,\"valueName\":\"search_term_string\"}}],\"inLanguage\":\"es\"}]}<\/script>\n<!-- \/ Yoast SEO plugin. -->","yoast_head_json":{"title":"Bisel de l\u00e1mpara Cromo 53101C - El Rey del Xen\u00f3n","robots":{"index":"index","follow":"follow","max-snippet":"max-snippet:-1","max-image-preview":"max-image-preview:large","max-video-preview":"max-video-preview:-1"},"canonical":"https:\/\/xenonkungen.com\/es\/producto\/marco-de-lampara-cromado-53101c\/","og_locale":"es_ES","og_type":"article","og_title":"Lampsarg Chrome 53101C - Xenonkungen","og_description":"Lyft Ditt Fordons Utseende med Lampsarg 115mm i St\u00e5lkrom Denna exklusiva lampsarg i st\u00e5lkrom \u00e4r skr\u00e4ddarsydd f\u00f6r Serie 110 Rund Modullampa, erbjuder en omedelbar estetisk uppgradering samtidigt som den skyddar din belysning. Med en gl\u00e4nsande kromfinish f\u00f6rh\u00f6jer den fordonets \u00f6vergripande utseende och bidrar till en mer elegant och polerad look. Varf\u00f6r V\u00e4lja Denna Lampsarg: Estetisk [&hellip;]","og_url":"https:\/\/xenonkungen.com\/es\/producto\/marco-de-lampara-cromado-53101c\/","og_site_name":"Xenonkungen","article_modified_time":"2026-04-10T23:49:26+00:00","og_image":[{"width":600,"height":600,"url":"https:\/\/xenonkungen.com\/wp-content\/uploads\/2025\/04\/7293715-origpic-4d452b.jpg","type":"image\/jpeg"}],"twitter_card":"summary_large_image","twitter_misc":{"Tiempo de lectura":"1 minuto"},"schema":{"@context":"https:\/\/schema.org","@graph":[{"@type":"WebPage","@id":"https:\/\/xenonkungen.com\/fi\/tuote\/lampun-runko-kromi-53101c\/","url":"https:\/\/xenonkungen.com\/fi\/tuote\/lampun-runko-kromi-53101c\/","name":"Bisel de l\u00e1mpara Cromo 53101C - El Rey del Xen\u00f3n","isPartOf":{"@id":"https:\/\/xenonkungen.com\/#website"},"primaryImageOfPage":{"@id":"https:\/\/xenonkungen.com\/fi\/tuote\/lampun-runko-kromi-53101c\/#primaryimage"},"image":{"@id":"https:\/\/xenonkungen.com\/fi\/tuote\/lampun-runko-kromi-53101c\/#primaryimage"},"thumbnailUrl":"https:\/\/xenonkungen.com\/wp-content\/uploads\/2025\/04\/7293715-origpic-4d452b.jpg","datePublished":"2025-04-15T09:49:48+00:00","dateModified":"2026-04-10T23:49:26+00:00","breadcrumb":{"@id":"https:\/\/xenonkungen.com\/fi\/tuote\/lampun-runko-kromi-53101c\/#breadcrumb"},"inLanguage":"es","potentialAction":[{"@type":"ReadAction","target":["https:\/\/xenonkungen.com\/fi\/tuote\/lampun-runko-kromi-53101c\/"]}]},{"@type":"ImageObject","inLanguage":"es","@id":"https:\/\/xenonkungen.com\/fi\/tuote\/lampun-runko-kromi-53101c\/#primaryimage","url":"https:\/\/xenonkungen.com\/wp-content\/uploads\/2025\/04\/7293715-origpic-4d452b.jpg","contentUrl":"https:\/\/xenonkungen.com\/wp-content\/uploads\/2025\/04\/7293715-origpic-4d452b.jpg","width":600,"height":600},{"@type":"BreadcrumbList","@id":"https:\/\/xenonkungen.com\/fi\/tuote\/lampun-runko-kromi-53101c\/#breadcrumb","itemListElement":[{"@type":"ListItem","position":1,"name":"Hem","item":"https:\/\/xenonkungen.com\/"},{"@type":"ListItem","position":2,"name":"Shop","item":"https:\/\/xenonkungen.com\/shop\/"},{"@type":"ListItem","position":3,"name":"Lampsarg Chrome 53101C"}]},{"@type":"WebSite","@id":"https:\/\/xenonkungen.com\/#website","url":"https:\/\/xenonkungen.com\/","name":"Xenonkungen","description":"","potentialAction":[{"@type":"SearchAction","target":{"@type":"EntryPoint","urlTemplate":"https:\/\/xenonkungen.com\/?s={search_term_string}"},"query-input":{"@type":"PropertyValueSpecification","valueRequired":true,"valueName":"search_term_string"}}],"inLanguage":"es"}]}},"taxonomy_info":{"anvandningsomrade":[{"value":166,"label":"Lastbil"},{"value":238,"label":"SL\u00c4P"},{"value":2816,"label":"TRAILER"}],"product_brand":[{"value":1252,"label":"LEA"}],"product_cat":[{"value":2583,"label":"Lampsarg"}]},"featured_image_src_large":["https:\/\/xenonkungen.com\/wp-content\/uploads\/2025\/04\/7293715-origpic-4d452b.jpg",600,600,false],"author_info":[],"comment_info":0,"_links":{"self":[{"href":"https:\/\/xenonkungen.com\/es\/wp-json\/wp\/v2\/product\/6846","targetHints":{"allow":["GET"]}}],"collection":[{"href":"https:\/\/xenonkungen.com\/es\/wp-json\/wp\/v2\/product"}],"about":[{"href":"https:\/\/xenonkungen.com\/es\/wp-json\/wp\/v2\/types\/product"}],"replies":[{"embeddable":true,"href":"https:\/\/xenonkungen.com\/es\/wp-json\/wp\/v2\/comments?post=6846"}],"wp:featuredmedia":[{"embeddable":true,"href":"https:\/\/xenonkungen.com\/es\/wp-json\/wp\/v2\/media\/6847"}],"wp:attachment":[{"href":"https:\/\/xenonkungen.com\/es\/wp-json\/wp\/v2\/media?parent=6846"}],"wp:term":[{"taxonomy":"anvandningsomrade","embeddable":true,"href":"https:\/\/xenonkungen.com\/es\/wp-json\/wp\/v2\/anvandningsomrade?post=6846"},{"taxonomy":"bilmarken","embeddable":true,"href":"https:\/\/xenonkungen.com\/es\/wp-json\/wp\/v2\/bilmarken?post=6846"},{"taxonomy":"product_brand","embeddable":true,"href":"https:\/\/xenonkungen.com\/es\/wp-json\/wp\/v2\/product_brand?post=6846"},{"taxonomy":"product_cat","embeddable":true,"href":"https:\/\/xenonkungen.com\/es\/wp-json\/wp\/v2\/product_cat?post=6846"},{"taxonomy":"product_tag","embeddable":true,"href":"https:\/\/xenonkungen.com\/es\/wp-json\/wp\/v2\/product_tag?post=6846"}],"curies":[{"name":"wp","href":"https:\/\/api.w.org\/{rel}","templated":true}]}}