{"id":6867,"date":"2025-04-15T09:50:02","date_gmt":"2025-04-15T09:50:02","guid":{"rendered":"https:\/\/xenonkungen.com\/product\/neoprenskydd-triple-r-750-238-mm-bred\/"},"modified":"2025-12-10T14:48:27","modified_gmt":"2025-12-10T13:48:27","slug":"proteccion-de-neopreno-triple-r-750-238-mm-de-ancho","status":"publish","type":"product","link":"https:\/\/xenonkungen.com\/es\/producto\/proteccion-de-neopreno-triple-r-750-238-mm-de-ancho\/","title":{"rendered":"Funda de neopreno Triple-R 750 (238 mm de ancho)"},"content":{"rendered":"<h1>Lazer Lightbar Protection - Mantenga su barra de luces en las mejores condiciones<\/h1>\n<p>Las fundas de barra de luces Lazer para las series Triple-R y Linear ofrecen una protecci\u00f3n superior para su barra de luces LED. Est\u00e1n fabricadas en neopreno duradero y lavable con protecci\u00f3n contra impactos de alta tecnolog\u00eda para ofrecer un uso duradero y una protecci\u00f3n excelente. Con estos protectores, podr\u00e1 mantener su barra de luces en las mejores condiciones y reducir el ruido del viento cuando la barra est\u00e9 montada en el techo.<\/p>\n<h2>Caracter\u00edsticas y ventajas<\/h2>\n<p>La protecci\u00f3n de la barra de luces Lazer ofrece numerosas ventajas:<\/p>\n<ul>\n<li><strong>Construcci\u00f3n robusta:<\/strong> Fabricadas en neopreno duradero y lavable, estas fundas para barras de luces protegen tu barra de luces LED del desgaste y la mantienen en las mejores condiciones.<\/li>\n<li><strong>F\u00e1cil de montar:<\/strong> Con cierres de velcro para una instalaci\u00f3n r\u00e1pida y sencilla, estas cubiertas pueden colocarse f\u00e1cilmente cuando la rampa no est\u00e1 en uso.<\/li>\n<li><strong>Reduce el ruido del viento:<\/strong> Las cubiertas de dise\u00f1o inteligente reducen significativamente el ruido del viento de las rampas montadas en el techo, haciendo que su experiencia de conducci\u00f3n sea m\u00e1s tranquila y agradable.<\/li>\n<li><strong>Protecci\u00f3n contra impactos:<\/strong> Las cubiertas est\u00e1n equipadas con protecci\u00f3n contra impactos de alta tecnolog\u00eda para proporcionar una protecci\u00f3n adicional contra golpes e impactos.<\/li>\n<\/ul>\n<p>Con Lazer Light Ramp Protection, puede mantener f\u00e1cilmente su rampa LED en las mejores condiciones y mejorar su experiencia de conducci\u00f3n. \u00a1Asegura la longevidad de tu rampa y disfruta de las ventajas de una conducci\u00f3n m\u00e1s silenciosa y c\u00f3moda!<\/p>","protected":false},"excerpt":{"rendered":"<p>Lazer Ljusrampsskydd &#8211; Bevara Din Ljusramp i Toppskick Lazer ljusrampsskydd f\u00f6r Triple-R och Linear-serierna erbjuder \u00f6verl\u00e4gsen skydd f\u00f6r din LED-ramp. De \u00e4r tillverkade av h\u00e5llbar och tv\u00e4ttbar neopren med h\u00f6gteknologiskt st\u00f6tskydd f\u00f6r att ge l\u00e5ngvarig anv\u00e4ndning och utm\u00e4rkt skydd. Med dessa skydd kan du h\u00e5lla din ljusramp i toppskick och reducera vindbruset n\u00e4r rampen \u00e4r [&hellip;]<\/p>","protected":false},"featured_media":6868,"comment_status":"closed","ping_status":"open","template":"","meta":{"_acf_changed":false,"_smort_price_nok":"801","_smort_price_dkk":"509","_smort_price_eur":"68.18","_smort_sale_price_nok":"","_smort_sale_price_dkk":"","_smort_sale_price_eur":"","smort_restorder":"","shipmondo_restorder":"","_kad_blocks_custom_css":"","_kad_blocks_head_custom_js":"","_kad_blocks_body_custom_js":"","_kad_blocks_footer_custom_js":"","smort_custom_pricelist_1":"480","smort_custom_pricelist_2":"480","smort_custom_pricelist_3":"480","smort_custom_pricelist_4":"600","smort_custom_pricelist_5":"480"},"anvandningsomrade":[],"bilmarken":[],"product_brand":[2793],"product_cat":[2612,2828,2539,2613],"product_tag":[2735],"class_list":{"0":"post-6867","1":"product","2":"type-product","3":"status-publish","4":"has-post-thumbnail","6":"product_brand-ovrigt","7":"product_cat-tillbehor-installation-ledramper","8":"product_cat-installation-led-ramper","9":"product_cat-ledramper","10":"product_cat-ovriga-tillbehor-tillbehor-installation-ledramper","11":"product_tag-lazer","13":"first","14":"onbackorder","15":"taxable","16":"shipping-taxable","17":"purchasable","18":"product-type-simple"},"bundled_by":[],"bundle_stock_status":"onbackorder","bundle_stock_quantity":0,"bundle_virtual":false,"bundle_layout":"","bundle_add_to_cart_form_location":"","bundle_editable_in_cart":false,"bundle_sold_individually_context":"","bundle_item_grouping":"","bundle_min_size":"","bundle_max_size":"","bundle_price":[],"bundled_items":[],"bundle_sell_ids":[],"acf":[],"yoast_head":"<!-- This site is optimized with the Yoast SEO plugin v27.0 - https:\/\/yoast.com\/product\/yoast-seo-wordpress\/ -->\n<title>Neoprenskydd Triple-R 750 (238 mm bred) - Xenonkungen<\/title>\n<meta name=\"robots\" content=\"index, follow, max-snippet:-1, max-image-preview:large, max-video-preview:-1\" \/>\n<link rel=\"canonical\" href=\"https:\/\/xenonkungen.com\/es\/producto\/proteccion-de-neopreno-triple-r-750-238-mm-de-ancho\/\" \/>\n<meta property=\"og:locale\" content=\"es_ES\" \/>\n<meta property=\"og:type\" content=\"article\" \/>\n<meta property=\"og:title\" content=\"Neoprenskydd Triple-R 750 (238 mm bred) - Xenonkungen\" \/>\n<meta property=\"og:description\" content=\"Lazer Ljusrampsskydd &#8211; Bevara Din Ljusramp i Toppskick Lazer ljusrampsskydd f\u00f6r Triple-R och Linear-serierna erbjuder \u00f6verl\u00e4gsen skydd f\u00f6r din LED-ramp. De \u00e4r tillverkade av h\u00e5llbar och tv\u00e4ttbar neopren med h\u00f6gteknologiskt st\u00f6tskydd f\u00f6r att ge l\u00e5ngvarig anv\u00e4ndning och utm\u00e4rkt skydd. Med dessa skydd kan du h\u00e5lla din ljusramp i toppskick och reducera vindbruset n\u00e4r rampen \u00e4r [&hellip;]\" \/>\n<meta property=\"og:url\" content=\"https:\/\/xenonkungen.com\/es\/producto\/proteccion-de-neopreno-triple-r-750-238-mm-de-ancho\/\" \/>\n<meta property=\"og:site_name\" content=\"Xenonkungen\" \/>\n<meta property=\"article:modified_time\" content=\"2025-12-10T13:48:27+00:00\" \/>\n<meta property=\"og:image\" content=\"https:\/\/xenonkungen.com\/wp-content\/uploads\/2025\/04\/neoprene_impact_cover_web.jpg\" \/>\n\t<meta property=\"og:image:width\" content=\"1000\" \/>\n\t<meta property=\"og:image:height\" content=\"750\" \/>\n\t<meta property=\"og:image:type\" content=\"image\/jpeg\" \/>\n<meta name=\"twitter:card\" content=\"summary_large_image\" \/>\n<meta name=\"twitter:label1\" content=\"Tiempo de lectura\" \/>\n\t<meta name=\"twitter:data1\" content=\"1 minuto\" \/>\n<script type=\"application\/ld+json\" class=\"yoast-schema-graph\">{\"@context\":\"https:\/\/schema.org\",\"@graph\":[{\"@type\":\"WebPage\",\"@id\":\"https:\/\/xenonkungen.com\/es\/producto\/proteccion-de-neopreno-triple-r-750-238-mm-de-ancho\/\",\"url\":\"https:\/\/xenonkungen.com\/es\/producto\/proteccion-de-neopreno-triple-r-750-238-mm-de-ancho\/\",\"name\":\"Neoprenskydd Triple-R 750 (238 mm bred) - Xenonkungen\",\"isPartOf\":{\"@id\":\"https:\/\/xenonkungen.com\/#website\"},\"primaryImageOfPage\":{\"@id\":\"https:\/\/xenonkungen.com\/es\/producto\/proteccion-de-neopreno-triple-r-750-238-mm-de-ancho\/#primaryimage\"},\"image\":{\"@id\":\"https:\/\/xenonkungen.com\/es\/producto\/proteccion-de-neopreno-triple-r-750-238-mm-de-ancho\/#primaryimage\"},\"thumbnailUrl\":\"https:\/\/xenonkungen.com\/wp-content\/uploads\/2025\/04\/neoprene_impact_cover_web.jpg\",\"datePublished\":\"2025-04-15T09:50:02+00:00\",\"dateModified\":\"2025-12-10T13:48:27+00:00\",\"breadcrumb\":{\"@id\":\"https:\/\/xenonkungen.com\/es\/producto\/proteccion-de-neopreno-triple-r-750-238-mm-de-ancho\/#breadcrumb\"},\"inLanguage\":\"es\",\"potentialAction\":[{\"@type\":\"ReadAction\",\"target\":[\"https:\/\/xenonkungen.com\/es\/producto\/proteccion-de-neopreno-triple-r-750-238-mm-de-ancho\/\"]}]},{\"@type\":\"ImageObject\",\"inLanguage\":\"es\",\"@id\":\"https:\/\/xenonkungen.com\/es\/producto\/proteccion-de-neopreno-triple-r-750-238-mm-de-ancho\/#primaryimage\",\"url\":\"https:\/\/xenonkungen.com\/wp-content\/uploads\/2025\/04\/neoprene_impact_cover_web.jpg\",\"contentUrl\":\"https:\/\/xenonkungen.com\/wp-content\/uploads\/2025\/04\/neoprene_impact_cover_web.jpg\",\"width\":1000,\"height\":750},{\"@type\":\"BreadcrumbList\",\"@id\":\"https:\/\/xenonkungen.com\/es\/producto\/proteccion-de-neopreno-triple-r-750-238-mm-de-ancho\/#breadcrumb\",\"itemListElement\":[{\"@type\":\"ListItem\",\"position\":1,\"name\":\"Hem\",\"item\":\"https:\/\/xenonkungen.com\/\"},{\"@type\":\"ListItem\",\"position\":2,\"name\":\"Shop\",\"item\":\"https:\/\/xenonkungen.com\/shop\/\"},{\"@type\":\"ListItem\",\"position\":3,\"name\":\"Neoprenskydd Triple-R 750 (238 mm bred)\"}]},{\"@type\":\"WebSite\",\"@id\":\"https:\/\/xenonkungen.com\/#website\",\"url\":\"https:\/\/xenonkungen.com\/\",\"name\":\"Xenonkungen\",\"description\":\"\",\"potentialAction\":[{\"@type\":\"SearchAction\",\"target\":{\"@type\":\"EntryPoint\",\"urlTemplate\":\"https:\/\/xenonkungen.com\/?s={search_term_string}\"},\"query-input\":{\"@type\":\"PropertyValueSpecification\",\"valueRequired\":true,\"valueName\":\"search_term_string\"}}],\"inLanguage\":\"es\"}]}<\/script>\n<!-- \/ Yoast SEO plugin. -->","yoast_head_json":{"title":"Protecci\u00f3n de neopreno Triple-R 750 (238 mm de ancho) - El rey del xen\u00f3n","robots":{"index":"index","follow":"follow","max-snippet":"max-snippet:-1","max-image-preview":"max-image-preview:large","max-video-preview":"max-video-preview:-1"},"canonical":"https:\/\/xenonkungen.com\/es\/producto\/proteccion-de-neopreno-triple-r-750-238-mm-de-ancho\/","og_locale":"es_ES","og_type":"article","og_title":"Neoprenskydd Triple-R 750 (238 mm bred) - Xenonkungen","og_description":"Lazer Ljusrampsskydd &#8211; Bevara Din Ljusramp i Toppskick Lazer ljusrampsskydd f\u00f6r Triple-R och Linear-serierna erbjuder \u00f6verl\u00e4gsen skydd f\u00f6r din LED-ramp. De \u00e4r tillverkade av h\u00e5llbar och tv\u00e4ttbar neopren med h\u00f6gteknologiskt st\u00f6tskydd f\u00f6r att ge l\u00e5ngvarig anv\u00e4ndning och utm\u00e4rkt skydd. Med dessa skydd kan du h\u00e5lla din ljusramp i toppskick och reducera vindbruset n\u00e4r rampen \u00e4r [&hellip;]","og_url":"https:\/\/xenonkungen.com\/es\/producto\/proteccion-de-neopreno-triple-r-750-238-mm-de-ancho\/","og_site_name":"Xenonkungen","article_modified_time":"2025-12-10T13:48:27+00:00","og_image":[{"width":1000,"height":750,"url":"https:\/\/xenonkungen.com\/wp-content\/uploads\/2025\/04\/neoprene_impact_cover_web.jpg","type":"image\/jpeg"}],"twitter_card":"summary_large_image","twitter_misc":{"Tiempo de lectura":"1 minuto"},"schema":{"@context":"https:\/\/schema.org","@graph":[{"@type":"WebPage","@id":"https:\/\/xenonkungen.com\/es\/producto\/proteccion-de-neopreno-triple-r-750-238-mm-de-ancho\/","url":"https:\/\/xenonkungen.com\/es\/producto\/proteccion-de-neopreno-triple-r-750-238-mm-de-ancho\/","name":"Protecci\u00f3n de neopreno Triple-R 750 (238 mm de ancho) - El rey del xen\u00f3n","isPartOf":{"@id":"https:\/\/xenonkungen.com\/#website"},"primaryImageOfPage":{"@id":"https:\/\/xenonkungen.com\/es\/producto\/proteccion-de-neopreno-triple-r-750-238-mm-de-ancho\/#primaryimage"},"image":{"@id":"https:\/\/xenonkungen.com\/es\/producto\/proteccion-de-neopreno-triple-r-750-238-mm-de-ancho\/#primaryimage"},"thumbnailUrl":"https:\/\/xenonkungen.com\/wp-content\/uploads\/2025\/04\/neoprene_impact_cover_web.jpg","datePublished":"2025-04-15T09:50:02+00:00","dateModified":"2025-12-10T13:48:27+00:00","breadcrumb":{"@id":"https:\/\/xenonkungen.com\/es\/producto\/proteccion-de-neopreno-triple-r-750-238-mm-de-ancho\/#breadcrumb"},"inLanguage":"es","potentialAction":[{"@type":"ReadAction","target":["https:\/\/xenonkungen.com\/es\/producto\/proteccion-de-neopreno-triple-r-750-238-mm-de-ancho\/"]}]},{"@type":"ImageObject","inLanguage":"es","@id":"https:\/\/xenonkungen.com\/es\/producto\/proteccion-de-neopreno-triple-r-750-238-mm-de-ancho\/#primaryimage","url":"https:\/\/xenonkungen.com\/wp-content\/uploads\/2025\/04\/neoprene_impact_cover_web.jpg","contentUrl":"https:\/\/xenonkungen.com\/wp-content\/uploads\/2025\/04\/neoprene_impact_cover_web.jpg","width":1000,"height":750},{"@type":"BreadcrumbList","@id":"https:\/\/xenonkungen.com\/es\/producto\/proteccion-de-neopreno-triple-r-750-238-mm-de-ancho\/#breadcrumb","itemListElement":[{"@type":"ListItem","position":1,"name":"Hem","item":"https:\/\/xenonkungen.com\/"},{"@type":"ListItem","position":2,"name":"Shop","item":"https:\/\/xenonkungen.com\/shop\/"},{"@type":"ListItem","position":3,"name":"Neoprenskydd Triple-R 750 (238 mm bred)"}]},{"@type":"WebSite","@id":"https:\/\/xenonkungen.com\/#website","url":"https:\/\/xenonkungen.com\/","name":"Xenonkungen","description":"","potentialAction":[{"@type":"SearchAction","target":{"@type":"EntryPoint","urlTemplate":"https:\/\/xenonkungen.com\/?s={search_term_string}"},"query-input":{"@type":"PropertyValueSpecification","valueRequired":true,"valueName":"search_term_string"}}],"inLanguage":"es"}]}},"taxonomy_info":{"product_brand":[{"value":2793,"label":"\u00d6VRIGT"}],"product_cat":[{"value":2612,"label":"INSTALLATION"},{"value":2828,"label":"Installation LED-ramper"},{"value":2539,"label":"LEDRAMPER"},{"value":2613,"label":"\u00d6vriga Tillbeh\u00f6r"}],"product_tag":[{"value":2735,"label":"Lazer"}]},"featured_image_src_large":["https:\/\/xenonkungen.com\/wp-content\/uploads\/2025\/04\/neoprene_impact_cover_web.jpg",1000,750,false],"author_info":[],"comment_info":0,"_links":{"self":[{"href":"https:\/\/xenonkungen.com\/es\/wp-json\/wp\/v2\/product\/6867","targetHints":{"allow":["GET"]}}],"collection":[{"href":"https:\/\/xenonkungen.com\/es\/wp-json\/wp\/v2\/product"}],"about":[{"href":"https:\/\/xenonkungen.com\/es\/wp-json\/wp\/v2\/types\/product"}],"replies":[{"embeddable":true,"href":"https:\/\/xenonkungen.com\/es\/wp-json\/wp\/v2\/comments?post=6867"}],"wp:featuredmedia":[{"embeddable":true,"href":"https:\/\/xenonkungen.com\/es\/wp-json\/wp\/v2\/media\/6868"}],"wp:attachment":[{"href":"https:\/\/xenonkungen.com\/es\/wp-json\/wp\/v2\/media?parent=6867"}],"wp:term":[{"taxonomy":"anvandningsomrade","embeddable":true,"href":"https:\/\/xenonkungen.com\/es\/wp-json\/wp\/v2\/anvandningsomrade?post=6867"},{"taxonomy":"bilmarken","embeddable":true,"href":"https:\/\/xenonkungen.com\/es\/wp-json\/wp\/v2\/bilmarken?post=6867"},{"taxonomy":"product_brand","embeddable":true,"href":"https:\/\/xenonkungen.com\/es\/wp-json\/wp\/v2\/product_brand?post=6867"},{"taxonomy":"product_cat","embeddable":true,"href":"https:\/\/xenonkungen.com\/es\/wp-json\/wp\/v2\/product_cat?post=6867"},{"taxonomy":"product_tag","embeddable":true,"href":"https:\/\/xenonkungen.com\/es\/wp-json\/wp\/v2\/product_tag?post=6867"}],"curies":[{"name":"wp","href":"https:\/\/api.w.org\/{rel}","templated":true}]}}