{"id":6878,"date":"2025-04-15T09:50:09","date_gmt":"2025-04-15T09:50:09","guid":{"rendered":"https:\/\/xenonkungen.com\/product\/rafflat-linskit-15-horisontell-for-triple-r-std\/"},"modified":"2026-03-04T16:35:55","modified_gmt":"2026-03-04T15:35:55","slug":"kit-de-linskit-moleteado-15-horizontal-para-triple-r-std","status":"publish","type":"product","link":"https:\/\/xenonkungen.com\/es\/producto\/kit-de-linskit-moleteado-15-horizontal-para-triple-r-std\/","title":{"rendered":"Kit de lentes moleteadas de 15\u00b0 horizontales para Triple-R Std"},"content":{"rendered":"<h1>Lentes de difusi\u00f3n l\u00e1ser para la serie Triple-R<\/h1>\n<p>Las lentes difusoras l\u00e1ser est\u00e1n fabricadas en acr\u00edlico resistente y duradero, y son compatibles con la serie Triple-R. Cada lente cubre cuatro m\u00f3dulos LED, lo que permite utilizar una o m\u00e1s lentes en rampas m\u00e1s largas. Los cuatro clips incluidos facilitan la colocaci\u00f3n de las lentes difusoras.<\/p>\n<h2>Caracter\u00edsticas y ventajas:<\/h2>\n<ul>\n<li>Protecci\u00f3n contra impactos de piedras y protege la lente original de ara\u00f1azos y desgaste.<\/li>\n<li>Las juntas herm\u00e9ticas impiden la entrada de agua y suciedad.<\/li>\n<li>Las lentes transparentes con dise\u00f1o acanalado proporcionan una dispersi\u00f3n de luz de 15\u00b0.<\/li>\n<li>La amplitud del patr\u00f3n de luz mejora la visibilidad lateral del veh\u00edculo.<\/li>\n<li>Las lentes amarillas est\u00e1n disponibles con una superficie lisa para mejorar la visibilidad en condiciones de lluvia, nieve y niebla.<\/li>\n<\/ul>\n<p>\u00a1Optimice su experiencia de iluminaci\u00f3n y proteja sus rampas con las lentes de difusi\u00f3n Lazer!<\/p>","protected":false},"excerpt":{"rendered":"<p>Lazer Spridningslinser f\u00f6r Triple-R-serien Lazer spridningslinser \u00e4r tillverkade av h\u00e5llbar och t\u00e5lig akryl och \u00e4r kompatibla med Triple-R-serien. Varje linselement t\u00e4cker fyra LED-moduler, vilket g\u00f6r att du kan anv\u00e4nda en eller flera linser p\u00e5 l\u00e4ngre rampar. De medf\u00f6ljande fyra klippen g\u00f6r det enkelt att f\u00e4sta spridningslinserna. Funktioner och f\u00f6rdelar: Stenskottsskydd och skyddar den ursprungliga linsen [&hellip;]<\/p>","protected":false},"featured_media":6879,"comment_status":"closed","ping_status":"open","template":"","meta":{"_acf_changed":false,"_smort_price_nok":"310","_smort_price_dkk":"197","_smort_price_eur":"26.36","_smort_sale_price_nok":"","_smort_sale_price_dkk":"","_smort_sale_price_eur":"","smort_restorder":"","shipmondo_restorder":"","_kad_blocks_custom_css":"","_kad_blocks_head_custom_js":"","_kad_blocks_body_custom_js":"","_kad_blocks_footer_custom_js":"","smort_custom_pricelist_1":"185.6","smort_custom_pricelist_2":"185.6","smort_custom_pricelist_3":"185.6","smort_custom_pricelist_4":"232","smort_custom_pricelist_5":"185.6"},"anvandningsomrade":[],"bilmarken":[],"product_brand":[2793],"product_cat":[2612,2828,2539,2613],"product_tag":[2735],"class_list":{"0":"post-6878","1":"product","2":"type-product","3":"status-publish","4":"has-post-thumbnail","6":"product_brand-ovrigt","7":"product_cat-tillbehor-installation-ledramper","8":"product_cat-installation-led-ramper","9":"product_cat-ledramper","10":"product_cat-ovriga-tillbehor-tillbehor-installation-ledramper","11":"product_tag-lazer","12":"pa_ljusspridning-grader-1746","14":"first","15":"onbackorder","16":"taxable","17":"shipping-taxable","18":"purchasable","19":"product-type-simple"},"bundled_by":[],"bundle_stock_status":"onbackorder","bundle_stock_quantity":0,"bundle_virtual":false,"bundle_layout":"","bundle_add_to_cart_form_location":"","bundle_editable_in_cart":false,"bundle_sold_individually_context":"","bundle_item_grouping":"","bundle_min_size":"","bundle_max_size":"","bundle_price":[],"bundled_items":[],"bundle_sell_ids":[],"acf":[],"yoast_head":"<!-- This site is optimized with the Yoast SEO plugin v27.0 - https:\/\/yoast.com\/product\/yoast-seo-wordpress\/ -->\n<title>R\u00e4fflat linskit 15\u00b0 horisontell f\u00f6r Triple-R Std - Xenonkungen<\/title>\n<meta name=\"robots\" content=\"index, follow, max-snippet:-1, max-image-preview:large, max-video-preview:-1\" \/>\n<link rel=\"canonical\" href=\"https:\/\/xenonkungen.com\/es\/producto\/kit-de-linskit-moleteado-15-horizontal-para-triple-r-std\/\" \/>\n<meta property=\"og:locale\" content=\"es_ES\" \/>\n<meta property=\"og:type\" content=\"article\" \/>\n<meta property=\"og:title\" content=\"R\u00e4fflat linskit 15\u00b0 horisontell f\u00f6r Triple-R Std - Xenonkungen\" \/>\n<meta property=\"og:description\" content=\"Lazer Spridningslinser f\u00f6r Triple-R-serien Lazer spridningslinser \u00e4r tillverkade av h\u00e5llbar och t\u00e5lig akryl och \u00e4r kompatibla med Triple-R-serien. Varje linselement t\u00e4cker fyra LED-moduler, vilket g\u00f6r att du kan anv\u00e4nda en eller flera linser p\u00e5 l\u00e4ngre rampar. De medf\u00f6ljande fyra klippen g\u00f6r det enkelt att f\u00e4sta spridningslinserna. Funktioner och f\u00f6rdelar: Stenskottsskydd och skyddar den ursprungliga linsen [&hellip;]\" \/>\n<meta property=\"og:url\" content=\"https:\/\/xenonkungen.com\/es\/producto\/kit-de-linskit-moleteado-15-horizontal-para-triple-r-std\/\" \/>\n<meta property=\"og:site_name\" content=\"Xenonkungen\" \/>\n<meta property=\"article:modified_time\" content=\"2026-03-04T15:35:55+00:00\" \/>\n<meta property=\"og:image\" content=\"https:\/\/xenonkungen.com\/wp-content\/uploads\/2025\/04\/189055221-origpic-7cf36f.jpg\" \/>\n\t<meta property=\"og:image:width\" content=\"1139\" \/>\n\t<meta property=\"og:image:height\" content=\"852\" \/>\n\t<meta property=\"og:image:type\" content=\"image\/jpeg\" \/>\n<meta name=\"twitter:card\" content=\"summary_large_image\" \/>\n<meta name=\"twitter:label1\" content=\"Tiempo de lectura\" \/>\n\t<meta name=\"twitter:data1\" content=\"1 minuto\" \/>\n<script type=\"application\/ld+json\" class=\"yoast-schema-graph\">{\"@context\":\"https:\/\/schema.org\",\"@graph\":[{\"@type\":\"WebPage\",\"@id\":\"https:\/\/xenonkungen.com\/nl\/product\/geribbelde-linskit-15-horizontaal-voor-triple-r-std\/\",\"url\":\"https:\/\/xenonkungen.com\/nl\/product\/geribbelde-linskit-15-horizontaal-voor-triple-r-std\/\",\"name\":\"R\u00e4fflat linskit 15\u00b0 horisontell f\u00f6r Triple-R Std - Xenonkungen\",\"isPartOf\":{\"@id\":\"https:\/\/xenonkungen.com\/#website\"},\"primaryImageOfPage\":{\"@id\":\"https:\/\/xenonkungen.com\/nl\/product\/geribbelde-linskit-15-horizontaal-voor-triple-r-std\/#primaryimage\"},\"image\":{\"@id\":\"https:\/\/xenonkungen.com\/nl\/product\/geribbelde-linskit-15-horizontaal-voor-triple-r-std\/#primaryimage\"},\"thumbnailUrl\":\"https:\/\/xenonkungen.com\/wp-content\/uploads\/2025\/04\/189055221-origpic-7cf36f.jpg\",\"datePublished\":\"2025-04-15T09:50:09+00:00\",\"dateModified\":\"2026-03-04T15:35:55+00:00\",\"breadcrumb\":{\"@id\":\"https:\/\/xenonkungen.com\/nl\/product\/geribbelde-linskit-15-horizontaal-voor-triple-r-std\/#breadcrumb\"},\"inLanguage\":\"es\",\"potentialAction\":[{\"@type\":\"ReadAction\",\"target\":[\"https:\/\/xenonkungen.com\/nl\/product\/geribbelde-linskit-15-horizontaal-voor-triple-r-std\/\"]}]},{\"@type\":\"ImageObject\",\"inLanguage\":\"es\",\"@id\":\"https:\/\/xenonkungen.com\/nl\/product\/geribbelde-linskit-15-horizontaal-voor-triple-r-std\/#primaryimage\",\"url\":\"https:\/\/xenonkungen.com\/wp-content\/uploads\/2025\/04\/189055221-origpic-7cf36f.jpg\",\"contentUrl\":\"https:\/\/xenonkungen.com\/wp-content\/uploads\/2025\/04\/189055221-origpic-7cf36f.jpg\",\"width\":1139,\"height\":852},{\"@type\":\"BreadcrumbList\",\"@id\":\"https:\/\/xenonkungen.com\/nl\/product\/geribbelde-linskit-15-horizontaal-voor-triple-r-std\/#breadcrumb\",\"itemListElement\":[{\"@type\":\"ListItem\",\"position\":1,\"name\":\"Hem\",\"item\":\"https:\/\/xenonkungen.com\/\"},{\"@type\":\"ListItem\",\"position\":2,\"name\":\"Shop\",\"item\":\"https:\/\/xenonkungen.com\/shop\/\"},{\"@type\":\"ListItem\",\"position\":3,\"name\":\"R\u00e4fflat linskit 15\u00b0 horisontell f\u00f6r Triple-R Std\"}]},{\"@type\":\"WebSite\",\"@id\":\"https:\/\/xenonkungen.com\/#website\",\"url\":\"https:\/\/xenonkungen.com\/\",\"name\":\"Xenonkungen\",\"description\":\"\",\"potentialAction\":[{\"@type\":\"SearchAction\",\"target\":{\"@type\":\"EntryPoint\",\"urlTemplate\":\"https:\/\/xenonkungen.com\/?s={search_term_string}\"},\"query-input\":{\"@type\":\"PropertyValueSpecification\",\"valueRequired\":true,\"valueName\":\"search_term_string\"}}],\"inLanguage\":\"es\"}]}<\/script>\n<!-- \/ Yoast SEO plugin. -->","yoast_head_json":{"title":"Kit de lentes ranuradas de 15\u00b0 horizontales para Triple-R Std - Xenonkungen","robots":{"index":"index","follow":"follow","max-snippet":"max-snippet:-1","max-image-preview":"max-image-preview:large","max-video-preview":"max-video-preview:-1"},"canonical":"https:\/\/xenonkungen.com\/es\/producto\/kit-de-linskit-moleteado-15-horizontal-para-triple-r-std\/","og_locale":"es_ES","og_type":"article","og_title":"R\u00e4fflat linskit 15\u00b0 horisontell f\u00f6r Triple-R Std - Xenonkungen","og_description":"Lazer Spridningslinser f\u00f6r Triple-R-serien Lazer spridningslinser \u00e4r tillverkade av h\u00e5llbar och t\u00e5lig akryl och \u00e4r kompatibla med Triple-R-serien. Varje linselement t\u00e4cker fyra LED-moduler, vilket g\u00f6r att du kan anv\u00e4nda en eller flera linser p\u00e5 l\u00e4ngre rampar. De medf\u00f6ljande fyra klippen g\u00f6r det enkelt att f\u00e4sta spridningslinserna. Funktioner och f\u00f6rdelar: Stenskottsskydd och skyddar den ursprungliga linsen [&hellip;]","og_url":"https:\/\/xenonkungen.com\/es\/producto\/kit-de-linskit-moleteado-15-horizontal-para-triple-r-std\/","og_site_name":"Xenonkungen","article_modified_time":"2026-03-04T15:35:55+00:00","og_image":[{"width":1139,"height":852,"url":"https:\/\/xenonkungen.com\/wp-content\/uploads\/2025\/04\/189055221-origpic-7cf36f.jpg","type":"image\/jpeg"}],"twitter_card":"summary_large_image","twitter_misc":{"Tiempo de lectura":"1 minuto"},"schema":{"@context":"https:\/\/schema.org","@graph":[{"@type":"WebPage","@id":"https:\/\/xenonkungen.com\/nl\/product\/geribbelde-linskit-15-horizontaal-voor-triple-r-std\/","url":"https:\/\/xenonkungen.com\/nl\/product\/geribbelde-linskit-15-horizontaal-voor-triple-r-std\/","name":"Kit de lentes ranuradas de 15\u00b0 horizontales para Triple-R Std - Xenonkungen","isPartOf":{"@id":"https:\/\/xenonkungen.com\/#website"},"primaryImageOfPage":{"@id":"https:\/\/xenonkungen.com\/nl\/product\/geribbelde-linskit-15-horizontaal-voor-triple-r-std\/#primaryimage"},"image":{"@id":"https:\/\/xenonkungen.com\/nl\/product\/geribbelde-linskit-15-horizontaal-voor-triple-r-std\/#primaryimage"},"thumbnailUrl":"https:\/\/xenonkungen.com\/wp-content\/uploads\/2025\/04\/189055221-origpic-7cf36f.jpg","datePublished":"2025-04-15T09:50:09+00:00","dateModified":"2026-03-04T15:35:55+00:00","breadcrumb":{"@id":"https:\/\/xenonkungen.com\/nl\/product\/geribbelde-linskit-15-horizontaal-voor-triple-r-std\/#breadcrumb"},"inLanguage":"es","potentialAction":[{"@type":"ReadAction","target":["https:\/\/xenonkungen.com\/nl\/product\/geribbelde-linskit-15-horizontaal-voor-triple-r-std\/"]}]},{"@type":"ImageObject","inLanguage":"es","@id":"https:\/\/xenonkungen.com\/nl\/product\/geribbelde-linskit-15-horizontaal-voor-triple-r-std\/#primaryimage","url":"https:\/\/xenonkungen.com\/wp-content\/uploads\/2025\/04\/189055221-origpic-7cf36f.jpg","contentUrl":"https:\/\/xenonkungen.com\/wp-content\/uploads\/2025\/04\/189055221-origpic-7cf36f.jpg","width":1139,"height":852},{"@type":"BreadcrumbList","@id":"https:\/\/xenonkungen.com\/nl\/product\/geribbelde-linskit-15-horizontaal-voor-triple-r-std\/#breadcrumb","itemListElement":[{"@type":"ListItem","position":1,"name":"Hem","item":"https:\/\/xenonkungen.com\/"},{"@type":"ListItem","position":2,"name":"Shop","item":"https:\/\/xenonkungen.com\/shop\/"},{"@type":"ListItem","position":3,"name":"R\u00e4fflat linskit 15\u00b0 horisontell f\u00f6r Triple-R Std"}]},{"@type":"WebSite","@id":"https:\/\/xenonkungen.com\/#website","url":"https:\/\/xenonkungen.com\/","name":"Xenonkungen","description":"","potentialAction":[{"@type":"SearchAction","target":{"@type":"EntryPoint","urlTemplate":"https:\/\/xenonkungen.com\/?s={search_term_string}"},"query-input":{"@type":"PropertyValueSpecification","valueRequired":true,"valueName":"search_term_string"}}],"inLanguage":"es"}]}},"taxonomy_info":{"product_brand":[{"value":2793,"label":"\u00d6VRIGT"}],"product_cat":[{"value":2612,"label":"INSTALLATION"},{"value":2828,"label":"Installation LED-ramper"},{"value":2539,"label":"LEDRAMPER"},{"value":2613,"label":"\u00d6vriga Tillbeh\u00f6r"}],"product_tag":[{"value":2735,"label":"Lazer"}],"pa_ljusspridning-grader":[{"value":1746,"label":"15"}]},"featured_image_src_large":["https:\/\/xenonkungen.com\/wp-content\/uploads\/2025\/04\/189055221-origpic-7cf36f-1024x766.jpg",1024,766,true],"author_info":[],"comment_info":0,"_links":{"self":[{"href":"https:\/\/xenonkungen.com\/es\/wp-json\/wp\/v2\/product\/6878","targetHints":{"allow":["GET"]}}],"collection":[{"href":"https:\/\/xenonkungen.com\/es\/wp-json\/wp\/v2\/product"}],"about":[{"href":"https:\/\/xenonkungen.com\/es\/wp-json\/wp\/v2\/types\/product"}],"replies":[{"embeddable":true,"href":"https:\/\/xenonkungen.com\/es\/wp-json\/wp\/v2\/comments?post=6878"}],"wp:featuredmedia":[{"embeddable":true,"href":"https:\/\/xenonkungen.com\/es\/wp-json\/wp\/v2\/media\/6879"}],"wp:attachment":[{"href":"https:\/\/xenonkungen.com\/es\/wp-json\/wp\/v2\/media?parent=6878"}],"wp:term":[{"taxonomy":"anvandningsomrade","embeddable":true,"href":"https:\/\/xenonkungen.com\/es\/wp-json\/wp\/v2\/anvandningsomrade?post=6878"},{"taxonomy":"bilmarken","embeddable":true,"href":"https:\/\/xenonkungen.com\/es\/wp-json\/wp\/v2\/bilmarken?post=6878"},{"taxonomy":"product_brand","embeddable":true,"href":"https:\/\/xenonkungen.com\/es\/wp-json\/wp\/v2\/product_brand?post=6878"},{"taxonomy":"product_cat","embeddable":true,"href":"https:\/\/xenonkungen.com\/es\/wp-json\/wp\/v2\/product_cat?post=6878"},{"taxonomy":"product_tag","embeddable":true,"href":"https:\/\/xenonkungen.com\/es\/wp-json\/wp\/v2\/product_tag?post=6878"}],"curies":[{"name":"wp","href":"https:\/\/api.w.org\/{rel}","templated":true}]}}