{"id":6884,"date":"2025-04-15T09:50:09","date_gmt":"2025-04-15T09:50:09","guid":{"rendered":"https:\/\/xenonkungen.com\/product\/orange-linskit-horisontell-for-triple-r-std\/"},"modified":"2025-12-10T14:48:28","modified_gmt":"2025-12-10T13:48:28","slug":"kit-de-lentes-naranjas-horizontales-para-triple-r-std","status":"publish","type":"product","link":"https:\/\/xenonkungen.com\/es\/producto\/kit-de-lentes-naranjas-horizontales-para-triple-r-std\/","title":{"rendered":"Kit de lentes naranja horizontal para Triple-R Std"},"content":{"rendered":"<h1>Lentes difusoras Lazer: mayor visibilidad y protecci\u00f3n<\/h1>\n<p>Descubre las lentes difusoras de Lazer que est\u00e1n fabricadas en acr\u00edlico duradero y resistente y son compatibles con las series Triple-R y ST Evolution. Estas lentes cubren cuatro m\u00f3dulos LED, lo que permite utilizar una o varias lentes en rampas m\u00e1s largas. Con las abrazaderas incluidas podr\u00e1s fijar f\u00e1cilmente las lentes difusoras.<\/p>\n<p>Las lentes de dispersi\u00f3n tienen varias funciones. En primer lugar, act\u00faan como protector de la mampara, protegiendo la lente original de ara\u00f1azos y desgaste. Adem\u00e1s, las juntas herm\u00e9ticas de las lentes impiden la entrada de agua y suciedad.<\/p>\n<p>Las lentes transparentes tienen un dise\u00f1o estriado y proporcionan una difusi\u00f3n de la luz de 15\u00b0 o 30\u00b0. Esto significa que el patr\u00f3n de luz original se ampl\u00eda y proporciona una mejor visibilidad en los laterales del veh\u00edculo. El dise\u00f1o estriado ayuda a distribuir la luz de forma uniforme y eficaz.<\/p>\n<p>Adem\u00e1s del dise\u00f1o estriado, las lentes amarillas tambi\u00e9n est\u00e1n disponibles con superficie lisa. La gran ventaja de la lente amarilla es que mejora la visibilidad con lluvia, nieve y niebla. Al filtrar la luz de una forma especial, la lente amarilla reduce los reflejos y proporciona una visi\u00f3n m\u00e1s clara y n\u00edtida incluso en condiciones meteorol\u00f3gicas desfavorables.<\/p>\n<p>Con las lentes difusoras Lazer, no s\u00f3lo puede mejorar la visibilidad y la difusi\u00f3n de la luz, sino tambi\u00e9n proteger sus faros auxiliares de da\u00f1os y desgaste. Explora las distintas opciones de dise\u00f1o y elige las lentes que mejor se adapten a tus necesidades.<\/p>","protected":false},"excerpt":{"rendered":"<p>Lazer Spridningslinser &#8211; F\u00f6rb\u00e4ttrad synlighet och skydd Uppt\u00e4ck Lazer&#8217;s spridningslinser som \u00e4r tillverkade av slitstark och h\u00e5llbar akryl och \u00e4r kompatibla med b\u00e5de Triple-R och ST Evolution-serierna. Dessa linser t\u00e4cker fyra LED-moduler, vilket g\u00f6r det m\u00f6jligt att anv\u00e4nda en eller flera linser p\u00e5 l\u00e4ngre rampar. Med de medf\u00f6ljande kl\u00e4mmorna kan du enkelt f\u00e4sta spridningslinserna. Spridningslinserna [&hellip;]<\/p>","protected":false},"featured_media":6885,"comment_status":"closed","ping_status":"open","template":"","meta":{"_acf_changed":false,"_smort_price_nok":"310","_smort_price_dkk":"197","_smort_price_eur":"26.36","_smort_sale_price_nok":"","_smort_sale_price_dkk":"","_smort_sale_price_eur":"","smort_restorder":"","shipmondo_restorder":"","_kad_blocks_custom_css":"","_kad_blocks_head_custom_js":"","_kad_blocks_body_custom_js":"","_kad_blocks_footer_custom_js":"","smort_custom_pricelist_1":"185.6","smort_custom_pricelist_2":"185.6","smort_custom_pricelist_3":"185.6","smort_custom_pricelist_4":"232","smort_custom_pricelist_5":"185.6"},"anvandningsomrade":[],"bilmarken":[],"product_brand":[2793],"product_cat":[2612,2828,2539,2613],"product_tag":[2735],"class_list":{"0":"post-6884","1":"product","2":"type-product","3":"status-publish","4":"has-post-thumbnail","6":"product_brand-ovrigt","7":"product_cat-tillbehor-installation-ledramper","8":"product_cat-installation-led-ramper","9":"product_cat-ledramper","10":"product_cat-ovriga-tillbehor-tillbehor-installation-ledramper","11":"product_tag-lazer","13":"first","14":"onbackorder","15":"taxable","16":"shipping-taxable","17":"purchasable","18":"product-type-simple"},"bundled_by":[],"bundle_stock_status":"onbackorder","bundle_stock_quantity":0,"bundle_virtual":false,"bundle_layout":"","bundle_add_to_cart_form_location":"","bundle_editable_in_cart":false,"bundle_sold_individually_context":"","bundle_item_grouping":"","bundle_min_size":"","bundle_max_size":"","bundle_price":[],"bundled_items":[],"bundle_sell_ids":[],"acf":[],"yoast_head":"<!-- This site is optimized with the Yoast SEO plugin v27.0 - https:\/\/yoast.com\/product\/yoast-seo-wordpress\/ -->\n<title>Orange linskit horisontell f\u00f6r Triple-R Std - Xenonkungen<\/title>\n<meta name=\"robots\" content=\"index, follow, max-snippet:-1, max-image-preview:large, max-video-preview:-1\" \/>\n<link rel=\"canonical\" href=\"https:\/\/xenonkungen.com\/es\/producto\/kit-de-lentes-naranjas-horizontales-para-triple-r-std\/\" \/>\n<meta property=\"og:locale\" content=\"es_ES\" \/>\n<meta property=\"og:type\" content=\"article\" \/>\n<meta property=\"og:title\" content=\"Orange linskit horisontell f\u00f6r Triple-R Std - Xenonkungen\" \/>\n<meta property=\"og:description\" content=\"Lazer Spridningslinser &#8211; F\u00f6rb\u00e4ttrad synlighet och skydd Uppt\u00e4ck Lazer&#8217;s spridningslinser som \u00e4r tillverkade av slitstark och h\u00e5llbar akryl och \u00e4r kompatibla med b\u00e5de Triple-R och ST Evolution-serierna. Dessa linser t\u00e4cker fyra LED-moduler, vilket g\u00f6r det m\u00f6jligt att anv\u00e4nda en eller flera linser p\u00e5 l\u00e4ngre rampar. Med de medf\u00f6ljande kl\u00e4mmorna kan du enkelt f\u00e4sta spridningslinserna. Spridningslinserna [&hellip;]\" \/>\n<meta property=\"og:url\" content=\"https:\/\/xenonkungen.com\/es\/producto\/kit-de-lentes-naranjas-horizontales-para-triple-r-std\/\" \/>\n<meta property=\"og:site_name\" content=\"Xenonkungen\" \/>\n<meta property=\"article:modified_time\" content=\"2025-12-10T13:48:28+00:00\" \/>\n<meta property=\"og:image\" content=\"https:\/\/xenonkungen.com\/wp-content\/uploads\/2025\/04\/ylw_15_degree_web.jpg\" \/>\n\t<meta property=\"og:image:width\" content=\"1000\" \/>\n\t<meta property=\"og:image:height\" content=\"750\" \/>\n\t<meta property=\"og:image:type\" content=\"image\/jpeg\" \/>\n<meta name=\"twitter:card\" content=\"summary_large_image\" \/>\n<meta name=\"twitter:label1\" content=\"Tiempo de lectura\" \/>\n\t<meta name=\"twitter:data1\" content=\"1 minuto\" \/>\n<script type=\"application\/ld+json\" class=\"yoast-schema-graph\">{\"@context\":\"https:\/\/schema.org\",\"@graph\":[{\"@type\":\"WebPage\",\"@id\":\"https:\/\/xenonkungen.com\/dk\/vare\/orange-linsesaet-vandret-til-triple-r-standard\/\",\"url\":\"https:\/\/xenonkungen.com\/dk\/vare\/orange-linsesaet-vandret-til-triple-r-standard\/\",\"name\":\"Orange linskit horisontell f\u00f6r Triple-R Std - Xenonkungen\",\"isPartOf\":{\"@id\":\"https:\/\/xenonkungen.com\/#website\"},\"primaryImageOfPage\":{\"@id\":\"https:\/\/xenonkungen.com\/dk\/vare\/orange-linsesaet-vandret-til-triple-r-standard\/#primaryimage\"},\"image\":{\"@id\":\"https:\/\/xenonkungen.com\/dk\/vare\/orange-linsesaet-vandret-til-triple-r-standard\/#primaryimage\"},\"thumbnailUrl\":\"https:\/\/xenonkungen.com\/wp-content\/uploads\/2025\/04\/ylw_15_degree_web.jpg\",\"datePublished\":\"2025-04-15T09:50:09+00:00\",\"dateModified\":\"2025-12-10T13:48:28+00:00\",\"breadcrumb\":{\"@id\":\"https:\/\/xenonkungen.com\/dk\/vare\/orange-linsesaet-vandret-til-triple-r-standard\/#breadcrumb\"},\"inLanguage\":\"es\",\"potentialAction\":[{\"@type\":\"ReadAction\",\"target\":[\"https:\/\/xenonkungen.com\/dk\/vare\/orange-linsesaet-vandret-til-triple-r-standard\/\"]}]},{\"@type\":\"ImageObject\",\"inLanguage\":\"es\",\"@id\":\"https:\/\/xenonkungen.com\/dk\/vare\/orange-linsesaet-vandret-til-triple-r-standard\/#primaryimage\",\"url\":\"https:\/\/xenonkungen.com\/wp-content\/uploads\/2025\/04\/ylw_15_degree_web.jpg\",\"contentUrl\":\"https:\/\/xenonkungen.com\/wp-content\/uploads\/2025\/04\/ylw_15_degree_web.jpg\",\"width\":1000,\"height\":750},{\"@type\":\"BreadcrumbList\",\"@id\":\"https:\/\/xenonkungen.com\/dk\/vare\/orange-linsesaet-vandret-til-triple-r-standard\/#breadcrumb\",\"itemListElement\":[{\"@type\":\"ListItem\",\"position\":1,\"name\":\"Hem\",\"item\":\"https:\/\/xenonkungen.com\/\"},{\"@type\":\"ListItem\",\"position\":2,\"name\":\"Shop\",\"item\":\"https:\/\/xenonkungen.com\/shop\/\"},{\"@type\":\"ListItem\",\"position\":3,\"name\":\"Orange linskit horisontell f\u00f6r Triple-R Std\"}]},{\"@type\":\"WebSite\",\"@id\":\"https:\/\/xenonkungen.com\/#website\",\"url\":\"https:\/\/xenonkungen.com\/\",\"name\":\"Xenonkungen\",\"description\":\"\",\"potentialAction\":[{\"@type\":\"SearchAction\",\"target\":{\"@type\":\"EntryPoint\",\"urlTemplate\":\"https:\/\/xenonkungen.com\/?s={search_term_string}\"},\"query-input\":{\"@type\":\"PropertyValueSpecification\",\"valueRequired\":true,\"valueName\":\"search_term_string\"}}],\"inLanguage\":\"es\"}]}<\/script>\n<!-- \/ Yoast SEO plugin. -->","yoast_head_json":{"title":"Kit de lentes naranjas horizontales para Triple-R Std - Xenonkungen","robots":{"index":"index","follow":"follow","max-snippet":"max-snippet:-1","max-image-preview":"max-image-preview:large","max-video-preview":"max-video-preview:-1"},"canonical":"https:\/\/xenonkungen.com\/es\/producto\/kit-de-lentes-naranjas-horizontales-para-triple-r-std\/","og_locale":"es_ES","og_type":"article","og_title":"Orange linskit horisontell f\u00f6r Triple-R Std - Xenonkungen","og_description":"Lazer Spridningslinser &#8211; F\u00f6rb\u00e4ttrad synlighet och skydd Uppt\u00e4ck Lazer&#8217;s spridningslinser som \u00e4r tillverkade av slitstark och h\u00e5llbar akryl och \u00e4r kompatibla med b\u00e5de Triple-R och ST Evolution-serierna. Dessa linser t\u00e4cker fyra LED-moduler, vilket g\u00f6r det m\u00f6jligt att anv\u00e4nda en eller flera linser p\u00e5 l\u00e4ngre rampar. Med de medf\u00f6ljande kl\u00e4mmorna kan du enkelt f\u00e4sta spridningslinserna. Spridningslinserna [&hellip;]","og_url":"https:\/\/xenonkungen.com\/es\/producto\/kit-de-lentes-naranjas-horizontales-para-triple-r-std\/","og_site_name":"Xenonkungen","article_modified_time":"2025-12-10T13:48:28+00:00","og_image":[{"width":1000,"height":750,"url":"https:\/\/xenonkungen.com\/wp-content\/uploads\/2025\/04\/ylw_15_degree_web.jpg","type":"image\/jpeg"}],"twitter_card":"summary_large_image","twitter_misc":{"Tiempo de lectura":"1 minuto"},"schema":{"@context":"https:\/\/schema.org","@graph":[{"@type":"WebPage","@id":"https:\/\/xenonkungen.com\/dk\/vare\/orange-linsesaet-vandret-til-triple-r-standard\/","url":"https:\/\/xenonkungen.com\/dk\/vare\/orange-linsesaet-vandret-til-triple-r-standard\/","name":"Kit de lentes naranjas horizontales para Triple-R Std - Xenonkungen","isPartOf":{"@id":"https:\/\/xenonkungen.com\/#website"},"primaryImageOfPage":{"@id":"https:\/\/xenonkungen.com\/dk\/vare\/orange-linsesaet-vandret-til-triple-r-standard\/#primaryimage"},"image":{"@id":"https:\/\/xenonkungen.com\/dk\/vare\/orange-linsesaet-vandret-til-triple-r-standard\/#primaryimage"},"thumbnailUrl":"https:\/\/xenonkungen.com\/wp-content\/uploads\/2025\/04\/ylw_15_degree_web.jpg","datePublished":"2025-04-15T09:50:09+00:00","dateModified":"2025-12-10T13:48:28+00:00","breadcrumb":{"@id":"https:\/\/xenonkungen.com\/dk\/vare\/orange-linsesaet-vandret-til-triple-r-standard\/#breadcrumb"},"inLanguage":"es","potentialAction":[{"@type":"ReadAction","target":["https:\/\/xenonkungen.com\/dk\/vare\/orange-linsesaet-vandret-til-triple-r-standard\/"]}]},{"@type":"ImageObject","inLanguage":"es","@id":"https:\/\/xenonkungen.com\/dk\/vare\/orange-linsesaet-vandret-til-triple-r-standard\/#primaryimage","url":"https:\/\/xenonkungen.com\/wp-content\/uploads\/2025\/04\/ylw_15_degree_web.jpg","contentUrl":"https:\/\/xenonkungen.com\/wp-content\/uploads\/2025\/04\/ylw_15_degree_web.jpg","width":1000,"height":750},{"@type":"BreadcrumbList","@id":"https:\/\/xenonkungen.com\/dk\/vare\/orange-linsesaet-vandret-til-triple-r-standard\/#breadcrumb","itemListElement":[{"@type":"ListItem","position":1,"name":"Hem","item":"https:\/\/xenonkungen.com\/"},{"@type":"ListItem","position":2,"name":"Shop","item":"https:\/\/xenonkungen.com\/shop\/"},{"@type":"ListItem","position":3,"name":"Orange linskit horisontell f\u00f6r Triple-R Std"}]},{"@type":"WebSite","@id":"https:\/\/xenonkungen.com\/#website","url":"https:\/\/xenonkungen.com\/","name":"Xenonkungen","description":"","potentialAction":[{"@type":"SearchAction","target":{"@type":"EntryPoint","urlTemplate":"https:\/\/xenonkungen.com\/?s={search_term_string}"},"query-input":{"@type":"PropertyValueSpecification","valueRequired":true,"valueName":"search_term_string"}}],"inLanguage":"es"}]}},"taxonomy_info":{"product_brand":[{"value":2793,"label":"\u00d6VRIGT"}],"product_cat":[{"value":2612,"label":"INSTALLATION"},{"value":2828,"label":"Installation LED-ramper"},{"value":2539,"label":"LEDRAMPER"},{"value":2613,"label":"\u00d6vriga Tillbeh\u00f6r"}],"product_tag":[{"value":2735,"label":"Lazer"}]},"featured_image_src_large":["https:\/\/xenonkungen.com\/wp-content\/uploads\/2025\/04\/ylw_15_degree_web.jpg",1000,750,false],"author_info":[],"comment_info":0,"_links":{"self":[{"href":"https:\/\/xenonkungen.com\/es\/wp-json\/wp\/v2\/product\/6884","targetHints":{"allow":["GET"]}}],"collection":[{"href":"https:\/\/xenonkungen.com\/es\/wp-json\/wp\/v2\/product"}],"about":[{"href":"https:\/\/xenonkungen.com\/es\/wp-json\/wp\/v2\/types\/product"}],"replies":[{"embeddable":true,"href":"https:\/\/xenonkungen.com\/es\/wp-json\/wp\/v2\/comments?post=6884"}],"wp:featuredmedia":[{"embeddable":true,"href":"https:\/\/xenonkungen.com\/es\/wp-json\/wp\/v2\/media\/6885"}],"wp:attachment":[{"href":"https:\/\/xenonkungen.com\/es\/wp-json\/wp\/v2\/media?parent=6884"}],"wp:term":[{"taxonomy":"anvandningsomrade","embeddable":true,"href":"https:\/\/xenonkungen.com\/es\/wp-json\/wp\/v2\/anvandningsomrade?post=6884"},{"taxonomy":"bilmarken","embeddable":true,"href":"https:\/\/xenonkungen.com\/es\/wp-json\/wp\/v2\/bilmarken?post=6884"},{"taxonomy":"product_brand","embeddable":true,"href":"https:\/\/xenonkungen.com\/es\/wp-json\/wp\/v2\/product_brand?post=6884"},{"taxonomy":"product_cat","embeddable":true,"href":"https:\/\/xenonkungen.com\/es\/wp-json\/wp\/v2\/product_cat?post=6884"},{"taxonomy":"product_tag","embeddable":true,"href":"https:\/\/xenonkungen.com\/es\/wp-json\/wp\/v2\/product_tag?post=6884"}],"curies":[{"name":"wp","href":"https:\/\/api.w.org\/{rel}","templated":true}]}}