{"id":6893,"date":"2025-04-15T09:50:21","date_gmt":"2025-04-15T09:50:21","guid":{"rendered":"https:\/\/xenonkungen.com\/product\/extraljus-nbb-alpha-225-luxtar-premium-led\/"},"modified":"2026-05-13T08:08:32","modified_gmt":"2026-05-13T07:08:32","slug":"luz-extra-nbb-alpha-225-luxtar-premium-led","status":"publish","type":"product","link":"https:\/\/xenonkungen.com\/es\/producto\/luz-extra-nbb-alpha-225-luxtar-premium-led\/","title":{"rendered":"Luz extra NBB Alpha 225 LUXTAR\u00ae Premium LED"},"content":{"rendered":"<p>El popular faro NBB Alpha 225 con fuente de luz LED, m\u00e1s brillante que el xen\u00f3n est\u00e1ndar de 6000 K. Este es el resultado del faro LED Premium Luxtar con casquillo D2.<\/p>\n<p>La l\u00e1mpara NBB 225 est\u00e1 dise\u00f1ada para portal\u00e1mparas H1 (hal\u00f3gena o xen\u00f3n) y D2 (xen\u00f3n o LED).<\/p>\n<p>La ventaja del LED es su potencia m\u00e1xima inmediata, su integraci\u00f3n total y su bajo peso. Adem\u00e1s, est\u00e1 probado como libre de interferencias en casos donde la luz de xen\u00f3n puede causarlas.<\/p>\n<p>L\u00e1mpara LED: Luxtar Premium D2<br \/>Voltios: 12\/24 V CC<br \/>Temperatura de color: 6000K<br \/>Flujo luminoso, real: 3100 \u00b1 100 l\u00famenes<\/p>\n<p>Cuerpo de la l\u00e1mpara: NBB 225 Alpha LED, bestseller popular que cumple los requisitos de alta calidad. Marcado E en dise\u00f1o hal\u00f3geno original. Montaje vertical.<br \/>- Pl\u00e1stico reforzado con fibra de vidrio<br \/>- Reflector de aluminio de forma libre<br \/>- Lente de cristal transparente en policarbonato<br \/>- Imagen luminosa Remoto<\/p>\n<p>Contenido de la entrega:<br \/>1x NBB 225 extra ligero<br \/>1 LED Luxtar Premium D2<\/p>\n<p>Accesorios para LED NBB225 8G:<br \/>- cable de rel\u00e9<br \/>- Protecci\u00f3n del mamparo de piedra<\/p>\n<p>La l\u00e1mpara se entrega desmontada.<br \/>La luz auxiliar no est\u00e1 homologada E en esta versi\u00f3n.<\/p>\n<p>Garant\u00eda 1 a\u00f1o.<\/p>","protected":false},"excerpt":{"rendered":"<p>Popul\u00e4ra NBB Alpha 225 med LED ljusk\u00e4lla som \u00e4r mer ljusstark \u00e4n standard xenon 6000K. Det \u00e4r resultatet tack vare Luxtar Premium LED Headlight med D2 lampsockel. NBB 225 lyktan \u00e4r konstruerad f\u00f6r lampsockel H1 (halogen eller xenon) och D2 (xenon eller LED). F\u00f6rdel LED \u00e4r omg\u00e5ende full effekt och allt integrerat med l\u00e5g vikt. [&hellip;]<\/p>","protected":false},"featured_media":6894,"comment_status":"closed","ping_status":"closed","template":"","meta":{"_acf_changed":false,"_smort_price_nok":"1810","_smort_price_dkk":"1150","_smort_price_eur":"154.08","_smort_sale_price_nok":"","_smort_sale_price_dkk":"","_smort_sale_price_eur":"115.56","smort_restorder":"","shipmondo_restorder":"","_kad_blocks_custom_css":"","_kad_blocks_head_custom_js":"","_kad_blocks_body_custom_js":"","_kad_blocks_footer_custom_js":"","smort_custom_pricelist_1":"1084.8","smort_custom_pricelist_2":"1084.9","smort_custom_pricelist_3":"1030.66","smort_custom_pricelist_4":"1356","smort_custom_pricelist_5":"1084.9"},"anvandningsomrade":[],"bilmarken":[],"product_brand":[],"product_cat":[2674,142,1859],"product_tag":[],"class_list":{"0":"post-6893","1":"product","2":"type-product","3":"status-publish","4":"has-post-thumbnail","6":"product_cat-paket-extraljus","7":"product_cat-extraljus","8":"product_cat-extraljuspaket","10":"first","11":"onbackorder","12":"taxable","13":"shipping-taxable","14":"purchasable","15":"product-type-simple"},"bundled_by":[],"bundle_stock_status":"onbackorder","bundle_stock_quantity":-66,"bundle_virtual":false,"bundle_layout":"","bundle_add_to_cart_form_location":"","bundle_editable_in_cart":false,"bundle_sold_individually_context":"","bundle_item_grouping":"","bundle_min_size":"","bundle_max_size":"","bundle_price":[],"bundled_items":[],"bundle_sell_ids":[],"acf":[],"yoast_head":"<!-- This site is optimized with the Yoast SEO plugin v27.0 - https:\/\/yoast.com\/product\/yoast-seo-wordpress\/ -->\n<title>Extraljus NBB Alpha 225 LUXTAR\u00ae Premium LED - Xenonkungen<\/title>\n<meta name=\"robots\" content=\"index, follow, max-snippet:-1, max-image-preview:large, max-video-preview:-1\" \/>\n<link rel=\"canonical\" href=\"https:\/\/xenonkungen.com\/es\/producto\/luz-extra-nbb-alpha-225-luxtar-premium-led\/\" \/>\n<meta property=\"og:locale\" content=\"es_ES\" \/>\n<meta property=\"og:type\" content=\"article\" \/>\n<meta property=\"og:title\" content=\"Extraljus NBB Alpha 225 LUXTAR\u00ae Premium LED - Xenonkungen\" \/>\n<meta property=\"og:description\" content=\"Popul\u00e4ra NBB Alpha 225 med LED ljusk\u00e4lla som \u00e4r mer ljusstark \u00e4n standard xenon 6000K. Det \u00e4r resultatet tack vare Luxtar Premium LED Headlight med D2 lampsockel. NBB 225 lyktan \u00e4r konstruerad f\u00f6r lampsockel H1 (halogen eller xenon) och D2 (xenon eller LED). F\u00f6rdel LED \u00e4r omg\u00e5ende full effekt och allt integrerat med l\u00e5g vikt. [&hellip;]\" \/>\n<meta property=\"og:url\" content=\"https:\/\/xenonkungen.com\/es\/producto\/luz-extra-nbb-alpha-225-luxtar-premium-led\/\" \/>\n<meta property=\"og:site_name\" content=\"Xenonkungen\" \/>\n<meta property=\"article:modified_time\" content=\"2026-05-13T07:08:32+00:00\" \/>\n<meta property=\"og:image\" content=\"https:\/\/xenonkungen.com\/wp-content\/uploads\/2025\/04\/162405853-origpic-de322a.png\" \/>\n\t<meta property=\"og:image:width\" content=\"810\" \/>\n\t<meta property=\"og:image:height\" content=\"1000\" \/>\n\t<meta property=\"og:image:type\" content=\"image\/png\" \/>\n<meta name=\"twitter:card\" content=\"summary_large_image\" \/>\n<meta name=\"twitter:label1\" content=\"Tiempo de lectura\" \/>\n\t<meta name=\"twitter:data1\" content=\"1 minuto\" \/>\n<script type=\"application\/ld+json\" class=\"yoast-schema-graph\">{\"@context\":\"https:\/\/schema.org\",\"@graph\":[{\"@type\":\"WebPage\",\"@id\":\"https:\/\/xenonkungen.com\/produkt\/extraljus-nbb-alpha-225-luxtar-premium-led\/\",\"url\":\"https:\/\/xenonkungen.com\/produkt\/extraljus-nbb-alpha-225-luxtar-premium-led\/\",\"name\":\"Extraljus NBB Alpha 225 LUXTAR\u00ae Premium LED - Xenonkungen\",\"isPartOf\":{\"@id\":\"https:\/\/xenonkungen.com\/#website\"},\"primaryImageOfPage\":{\"@id\":\"https:\/\/xenonkungen.com\/produkt\/extraljus-nbb-alpha-225-luxtar-premium-led\/#primaryimage\"},\"image\":{\"@id\":\"https:\/\/xenonkungen.com\/produkt\/extraljus-nbb-alpha-225-luxtar-premium-led\/#primaryimage\"},\"thumbnailUrl\":\"https:\/\/xenonkungen.com\/wp-content\/uploads\/2025\/04\/162405853-origpic-de322a.png\",\"datePublished\":\"2025-04-15T09:50:21+00:00\",\"dateModified\":\"2026-05-13T07:08:32+00:00\",\"breadcrumb\":{\"@id\":\"https:\/\/xenonkungen.com\/produkt\/extraljus-nbb-alpha-225-luxtar-premium-led\/#breadcrumb\"},\"inLanguage\":\"es\",\"potentialAction\":[{\"@type\":\"ReadAction\",\"target\":[\"https:\/\/xenonkungen.com\/produkt\/extraljus-nbb-alpha-225-luxtar-premium-led\/\"]}]},{\"@type\":\"ImageObject\",\"inLanguage\":\"es\",\"@id\":\"https:\/\/xenonkungen.com\/produkt\/extraljus-nbb-alpha-225-luxtar-premium-led\/#primaryimage\",\"url\":\"https:\/\/xenonkungen.com\/wp-content\/uploads\/2025\/04\/162405853-origpic-de322a.png\",\"contentUrl\":\"https:\/\/xenonkungen.com\/wp-content\/uploads\/2025\/04\/162405853-origpic-de322a.png\",\"width\":810,\"height\":1000},{\"@type\":\"BreadcrumbList\",\"@id\":\"https:\/\/xenonkungen.com\/produkt\/extraljus-nbb-alpha-225-luxtar-premium-led\/#breadcrumb\",\"itemListElement\":[{\"@type\":\"ListItem\",\"position\":1,\"name\":\"Hem\",\"item\":\"https:\/\/xenonkungen.com\/\"},{\"@type\":\"ListItem\",\"position\":2,\"name\":\"Shop\",\"item\":\"https:\/\/xenonkungen.com\/shop\/\"},{\"@type\":\"ListItem\",\"position\":3,\"name\":\"Extraljus NBB Alpha 225 LUXTAR\u00ae Premium LED\"}]},{\"@type\":\"WebSite\",\"@id\":\"https:\/\/xenonkungen.com\/#website\",\"url\":\"https:\/\/xenonkungen.com\/\",\"name\":\"Xenonkungen\",\"description\":\"\",\"potentialAction\":[{\"@type\":\"SearchAction\",\"target\":{\"@type\":\"EntryPoint\",\"urlTemplate\":\"https:\/\/xenonkungen.com\/?s={search_term_string}\"},\"query-input\":{\"@type\":\"PropertyValueSpecification\",\"valueRequired\":true,\"valueName\":\"search_term_string\"}}],\"inLanguage\":\"es\"}]}<\/script>\n<!-- \/ Yoast SEO plugin. -->","yoast_head_json":{"title":"Luz auxiliar NBB Alpha 225 LUXTAR\u00ae Premium LED - Xenonkungen","robots":{"index":"index","follow":"follow","max-snippet":"max-snippet:-1","max-image-preview":"max-image-preview:large","max-video-preview":"max-video-preview:-1"},"canonical":"https:\/\/xenonkungen.com\/es\/producto\/luz-extra-nbb-alpha-225-luxtar-premium-led\/","og_locale":"es_ES","og_type":"article","og_title":"Extraljus NBB Alpha 225 LUXTAR\u00ae Premium LED - Xenonkungen","og_description":"Popul\u00e4ra NBB Alpha 225 med LED ljusk\u00e4lla som \u00e4r mer ljusstark \u00e4n standard xenon 6000K. Det \u00e4r resultatet tack vare Luxtar Premium LED Headlight med D2 lampsockel. NBB 225 lyktan \u00e4r konstruerad f\u00f6r lampsockel H1 (halogen eller xenon) och D2 (xenon eller LED). F\u00f6rdel LED \u00e4r omg\u00e5ende full effekt och allt integrerat med l\u00e5g vikt. [&hellip;]","og_url":"https:\/\/xenonkungen.com\/es\/producto\/luz-extra-nbb-alpha-225-luxtar-premium-led\/","og_site_name":"Xenonkungen","article_modified_time":"2026-05-13T07:08:32+00:00","og_image":[{"width":810,"height":1000,"url":"https:\/\/xenonkungen.com\/wp-content\/uploads\/2025\/04\/162405853-origpic-de322a.png","type":"image\/png"}],"twitter_card":"summary_large_image","twitter_misc":{"Tiempo de lectura":"1 minuto"},"schema":{"@context":"https:\/\/schema.org","@graph":[{"@type":"WebPage","@id":"https:\/\/xenonkungen.com\/produkt\/extraljus-nbb-alpha-225-luxtar-premium-led\/","url":"https:\/\/xenonkungen.com\/produkt\/extraljus-nbb-alpha-225-luxtar-premium-led\/","name":"Luz auxiliar NBB Alpha 225 LUXTAR\u00ae Premium LED - Xenonkungen","isPartOf":{"@id":"https:\/\/xenonkungen.com\/#website"},"primaryImageOfPage":{"@id":"https:\/\/xenonkungen.com\/produkt\/extraljus-nbb-alpha-225-luxtar-premium-led\/#primaryimage"},"image":{"@id":"https:\/\/xenonkungen.com\/produkt\/extraljus-nbb-alpha-225-luxtar-premium-led\/#primaryimage"},"thumbnailUrl":"https:\/\/xenonkungen.com\/wp-content\/uploads\/2025\/04\/162405853-origpic-de322a.png","datePublished":"2025-04-15T09:50:21+00:00","dateModified":"2026-05-13T07:08:32+00:00","breadcrumb":{"@id":"https:\/\/xenonkungen.com\/produkt\/extraljus-nbb-alpha-225-luxtar-premium-led\/#breadcrumb"},"inLanguage":"es","potentialAction":[{"@type":"ReadAction","target":["https:\/\/xenonkungen.com\/produkt\/extraljus-nbb-alpha-225-luxtar-premium-led\/"]}]},{"@type":"ImageObject","inLanguage":"es","@id":"https:\/\/xenonkungen.com\/produkt\/extraljus-nbb-alpha-225-luxtar-premium-led\/#primaryimage","url":"https:\/\/xenonkungen.com\/wp-content\/uploads\/2025\/04\/162405853-origpic-de322a.png","contentUrl":"https:\/\/xenonkungen.com\/wp-content\/uploads\/2025\/04\/162405853-origpic-de322a.png","width":810,"height":1000},{"@type":"BreadcrumbList","@id":"https:\/\/xenonkungen.com\/produkt\/extraljus-nbb-alpha-225-luxtar-premium-led\/#breadcrumb","itemListElement":[{"@type":"ListItem","position":1,"name":"Hem","item":"https:\/\/xenonkungen.com\/"},{"@type":"ListItem","position":2,"name":"Shop","item":"https:\/\/xenonkungen.com\/shop\/"},{"@type":"ListItem","position":3,"name":"Extraljus NBB Alpha 225 LUXTAR\u00ae Premium LED"}]},{"@type":"WebSite","@id":"https:\/\/xenonkungen.com\/#website","url":"https:\/\/xenonkungen.com\/","name":"Xenonkungen","description":"","potentialAction":[{"@type":"SearchAction","target":{"@type":"EntryPoint","urlTemplate":"https:\/\/xenonkungen.com\/?s={search_term_string}"},"query-input":{"@type":"PropertyValueSpecification","valueRequired":true,"valueName":"search_term_string"}}],"inLanguage":"es"}]}},"taxonomy_info":{"product_cat":[{"value":2674,"label":"Paket"},{"value":142,"label":"Extraljus"},{"value":1859,"label":"Extraljuspaket"}]},"featured_image_src_large":["https:\/\/xenonkungen.com\/wp-content\/uploads\/2025\/04\/162405853-origpic-de322a.png",810,1000,false],"author_info":[],"comment_info":0,"_links":{"self":[{"href":"https:\/\/xenonkungen.com\/es\/wp-json\/wp\/v2\/product\/6893","targetHints":{"allow":["GET"]}}],"collection":[{"href":"https:\/\/xenonkungen.com\/es\/wp-json\/wp\/v2\/product"}],"about":[{"href":"https:\/\/xenonkungen.com\/es\/wp-json\/wp\/v2\/types\/product"}],"replies":[{"embeddable":true,"href":"https:\/\/xenonkungen.com\/es\/wp-json\/wp\/v2\/comments?post=6893"}],"wp:featuredmedia":[{"embeddable":true,"href":"https:\/\/xenonkungen.com\/es\/wp-json\/wp\/v2\/media\/6894"}],"wp:attachment":[{"href":"https:\/\/xenonkungen.com\/es\/wp-json\/wp\/v2\/media?parent=6893"}],"wp:term":[{"taxonomy":"anvandningsomrade","embeddable":true,"href":"https:\/\/xenonkungen.com\/es\/wp-json\/wp\/v2\/anvandningsomrade?post=6893"},{"taxonomy":"bilmarken","embeddable":true,"href":"https:\/\/xenonkungen.com\/es\/wp-json\/wp\/v2\/bilmarken?post=6893"},{"taxonomy":"product_brand","embeddable":true,"href":"https:\/\/xenonkungen.com\/es\/wp-json\/wp\/v2\/product_brand?post=6893"},{"taxonomy":"product_cat","embeddable":true,"href":"https:\/\/xenonkungen.com\/es\/wp-json\/wp\/v2\/product_cat?post=6893"},{"taxonomy":"product_tag","embeddable":true,"href":"https:\/\/xenonkungen.com\/es\/wp-json\/wp\/v2\/product_tag?post=6893"}],"curies":[{"name":"wp","href":"https:\/\/api.w.org\/{rel}","templated":true}]}}