{"id":6921,"date":"2025-04-15T09:50:21","date_gmt":"2025-04-15T09:50:21","guid":{"rendered":"https:\/\/xenonkungen.com\/product\/rad4-extraljus-nbb-alpha-225-premium-led-12v\/"},"modified":"2026-05-13T08:03:55","modified_gmt":"2026-05-13T07:03:55","slug":"luz-auxiliar-rad4-nbb-alpha-225-premium-led-12-v","status":"publish","type":"product","link":"https:\/\/xenonkungen.com\/es\/producto\/luz-auxiliar-rad4-nbb-alpha-225-premium-led-12-v\/","title":{"rendered":"RAD4 Luz extra NBB Alpha 225 Premium LED 12V"},"content":{"rendered":"<p>Paquete completo con 4 luces adicionales NBB Alpha 225 de 225 mm de di\u00e1metro con una de las mejores im\u00e1genes luminosas del mercado. Nuevo modelo con luz de posici\u00f3n LED en el borde superior (conexi\u00f3n opcional).<\/p>\n<p>Popular NBB Alpha 225 con fuente de luz LED que es m\u00e1s brillante que el xen\u00f3n est\u00e1ndar 6000K. Este es el resultado de la Luxtar G\u00e9nesis LED Faro con base de la l\u00e1mpara D2.<\/p>\n<p>La l\u00e1mpara NBB Alpha 225 est\u00e1 dise\u00f1ada para portal\u00e1mparas H1 (hal\u00f3geno o xen\u00f3n) y D2 (xen\u00f3n o LED).<\/p>\n<p>El paquete se vende con 2 Remote(Driving) y 2 Pencil beam(Spot)<\/p>\n<p>en la formaci\u00f3n FSSF<\/p>\n<p>La ventaja del LED es la plena potencia inmediata y todo integrado con un peso reducido. Adem\u00e1s, probado como libre de interferencias en los casos en que la luz de xen\u00f3n puede causar esto.<\/p>\n<p>L\u00e1mpara de diodo: Luxtar Genesis D2<br \/>\nVoltios: 12\/24 V CC<br \/>\nTemperatura de color: 6000K<br \/>\nFlujo luminoso, real: 3400\u00b1100 l\u00famenes<br \/>\nFlujo luminoso de todo el conjunto: 10400\u00b1400 l\u00famenes<br \/>\nCuerpo de la l\u00e1mpara: NBB 225 Alpha LED, bestseller popular que cumple los requisitos de alta calidad. Marcado E en dise\u00f1o hal\u00f3geno original. Montaje vertical.<br \/>\n- Pl\u00e1stico reforzado con fibra de vidrio<br \/>\n- Reflector de aluminio de forma libre<br \/>\n- Lente de cristal transparente en policarbonato<br \/>\n- Patr\u00f3n de luz Remoto(conducci\u00f3n)\/L\u00e1piz(Spot)<\/p>\n<p>Contenido de la entrega:<br \/>\n4 piezas <a href=\"https:\/\/www.xenonkungen.com\/sok\/161041\" target=\"_blank\" rel=\"noopener\">Luz extra NBB 225 LED F-S-S-F<\/a><br \/>\n4 piezas <a href=\"https:\/\/www.xenonkungen.com\/se\/produkter\/helljus-halvljus\/led\/luxtar-genesis\/luxtarr-genesis-d2h-d2y-gen2.html\" target=\"_blank\" rel=\"noopener\">#20019 Luxtar Genesis D2 LED<\/a><br \/>\n2 piezas <a href=\"https:\/\/www.xenonkungen.com\/se\/produkter\/xenon\/kablar-kontakter\/extraljus-relakablage.html\" target=\"_blank\" rel=\"noopener\">#103120 Juego cable rel\u00e9 2pcs Luz extra 12V|9006<\/a><br \/>\n4 piezas <a href=\"https:\/\/www.xenonkungen.com\/se\/produkter\/installationsmaterial\/fasten-universal\/extraljus-stag-rund-svart.html\" target=\"_blank\" rel=\"noopener\">#161107 Etiqueta luminosa adicional<\/a><br \/>\n1\u00ba <a href=\"https:\/\/www.xenonkungen.com\/se\/produkter\/installationsmaterial\/fasten-universal\/extraljusfaste-svart-4.html\" target=\"_blank\" rel=\"noopener\">#161106 Soporte luz extra 4 - 225mm\/9\u2033<\/a><\/p>\n<p><strong>\u00a1Atenci\u00f3n!<\/strong> Tenga en cuenta que el cable de la l\u00e1mpara de diodos no tiene su correspondiente conector de cable de rel\u00e9.<\/p>\n<p>El paquete se entrega sin montar.<br \/>\nLa luz auxiliar no est\u00e1 homologada E en esta versi\u00f3n.<\/p>\n<p>1 a\u00f1o de garant\u00eda.<\/p>","protected":false},"excerpt":{"rendered":"<p>Un paquete para los que quieren mucha luz y, al mismo tiempo, \u00a1el encendido rapid\u00edsimo de la l\u00e1mpara LED!<\/p>","protected":false},"featured_media":6922,"comment_status":"closed","ping_status":"closed","template":"","meta":{"_acf_changed":false,"_smort_price_nok":"8006","_smort_price_dkk":"5086","_smort_price_eur":"681.33","_smort_sale_price_nok":"","_smort_sale_price_dkk":"","_smort_sale_price_eur":"511","smort_restorder":"","shipmondo_restorder":"","_kad_blocks_custom_css":"","_kad_blocks_head_custom_js":"","_kad_blocks_body_custom_js":"","_kad_blocks_footer_custom_js":"","smort_custom_pricelist_1":"4796.8","smort_custom_pricelist_2":"4497","smort_custom_pricelist_3":"4272.15","smort_custom_pricelist_4":"5996","smort_custom_pricelist_5":"4497"},"anvandningsomrade":[],"bilmarken":[],"product_brand":[104],"product_cat":[2544,2674,142,1859],"product_tag":[],"class_list":{"0":"post-6921","1":"product","2":"type-product","3":"status-publish","4":"has-post-thumbnail","6":"product_brand-nbb","7":"product_cat-nbb-xenon-led","8":"product_cat-paket-extraljus","9":"product_cat-extraljus","10":"product_cat-extraljuspaket","12":"first","13":"onbackorder","14":"taxable","15":"shipping-taxable","16":"purchasable","17":"product-type-simple"},"bundled_by":[],"bundle_stock_status":"onbackorder","bundle_stock_quantity":-33,"bundle_virtual":false,"bundle_layout":"","bundle_add_to_cart_form_location":"","bundle_editable_in_cart":false,"bundle_sold_individually_context":"","bundle_item_grouping":"","bundle_min_size":"","bundle_max_size":"","bundle_price":[],"bundled_items":[],"bundle_sell_ids":[],"acf":[],"yoast_head":"<!-- This site is optimized with the Yoast SEO plugin v27.0 - https:\/\/yoast.com\/product\/yoast-seo-wordpress\/ -->\n<title>RAD4 Extraljus NBB Alpha 225 Premium LED 12V - Xenonkungen<\/title>\n<meta name=\"robots\" content=\"index, follow, max-snippet:-1, max-image-preview:large, max-video-preview:-1\" \/>\n<link rel=\"canonical\" href=\"https:\/\/xenonkungen.com\/es\/producto\/luz-auxiliar-rad4-nbb-alpha-225-premium-led-12-v\/\" \/>\n<meta property=\"og:locale\" content=\"es_ES\" \/>\n<meta property=\"og:type\" content=\"article\" \/>\n<meta property=\"og:title\" content=\"RAD4 Extraljus NBB Alpha 225 Premium LED 12V - Xenonkungen\" \/>\n<meta property=\"og:description\" content=\"Ett paket f\u00f6r er som vill ha riktigt mycket ljus, samtidigt som ni f\u00e5r ledlampans blixtsnabba t\u00e4ndning!\" \/>\n<meta property=\"og:url\" content=\"https:\/\/xenonkungen.com\/es\/producto\/luz-auxiliar-rad4-nbb-alpha-225-premium-led-12-v\/\" \/>\n<meta property=\"og:site_name\" content=\"Xenonkungen\" \/>\n<meta property=\"article:modified_time\" content=\"2026-05-13T07:03:55+00:00\" \/>\n<meta property=\"og:image\" content=\"https:\/\/xenonkungen.com\/wp-content\/uploads\/2025\/04\/178755023-origpic-f1295c.png\" \/>\n\t<meta property=\"og:image:width\" content=\"1000\" \/>\n\t<meta property=\"og:image:height\" content=\"1000\" \/>\n\t<meta property=\"og:image:type\" content=\"image\/png\" \/>\n<meta name=\"twitter:card\" content=\"summary_large_image\" \/>\n<meta name=\"twitter:label1\" content=\"Tiempo de lectura\" \/>\n\t<meta name=\"twitter:data1\" content=\"2 minutos\" \/>\n<script type=\"application\/ld+json\" class=\"yoast-schema-graph\">{\"@context\":\"https:\/\/schema.org\",\"@graph\":[{\"@type\":\"WebPage\",\"@id\":\"https:\/\/xenonkungen.com\/produkt\/rad4-extraljus-nbb-alpha-225-premium-led-12v\/\",\"url\":\"https:\/\/xenonkungen.com\/produkt\/rad4-extraljus-nbb-alpha-225-premium-led-12v\/\",\"name\":\"RAD4 Extraljus NBB Alpha 225 Premium LED 12V - Xenonkungen\",\"isPartOf\":{\"@id\":\"https:\/\/xenonkungen.com\/#website\"},\"primaryImageOfPage\":{\"@id\":\"https:\/\/xenonkungen.com\/produkt\/rad4-extraljus-nbb-alpha-225-premium-led-12v\/#primaryimage\"},\"image\":{\"@id\":\"https:\/\/xenonkungen.com\/produkt\/rad4-extraljus-nbb-alpha-225-premium-led-12v\/#primaryimage\"},\"thumbnailUrl\":\"https:\/\/xenonkungen.com\/wp-content\/uploads\/2025\/04\/178755023-origpic-f1295c.png\",\"datePublished\":\"2025-04-15T09:50:21+00:00\",\"dateModified\":\"2026-05-13T07:03:55+00:00\",\"breadcrumb\":{\"@id\":\"https:\/\/xenonkungen.com\/produkt\/rad4-extraljus-nbb-alpha-225-premium-led-12v\/#breadcrumb\"},\"inLanguage\":\"es\",\"potentialAction\":[{\"@type\":\"ReadAction\",\"target\":[\"https:\/\/xenonkungen.com\/produkt\/rad4-extraljus-nbb-alpha-225-premium-led-12v\/\"]}]},{\"@type\":\"ImageObject\",\"inLanguage\":\"es\",\"@id\":\"https:\/\/xenonkungen.com\/produkt\/rad4-extraljus-nbb-alpha-225-premium-led-12v\/#primaryimage\",\"url\":\"https:\/\/xenonkungen.com\/wp-content\/uploads\/2025\/04\/178755023-origpic-f1295c.png\",\"contentUrl\":\"https:\/\/xenonkungen.com\/wp-content\/uploads\/2025\/04\/178755023-origpic-f1295c.png\",\"width\":1000,\"height\":1000},{\"@type\":\"BreadcrumbList\",\"@id\":\"https:\/\/xenonkungen.com\/produkt\/rad4-extraljus-nbb-alpha-225-premium-led-12v\/#breadcrumb\",\"itemListElement\":[{\"@type\":\"ListItem\",\"position\":1,\"name\":\"Hem\",\"item\":\"https:\/\/xenonkungen.com\/\"},{\"@type\":\"ListItem\",\"position\":2,\"name\":\"Shop\",\"item\":\"https:\/\/xenonkungen.com\/shop\/\"},{\"@type\":\"ListItem\",\"position\":3,\"name\":\"RAD4 Extraljus NBB Alpha 225 Premium LED 12V\"}]},{\"@type\":\"WebSite\",\"@id\":\"https:\/\/xenonkungen.com\/#website\",\"url\":\"https:\/\/xenonkungen.com\/\",\"name\":\"Xenonkungen\",\"description\":\"\",\"potentialAction\":[{\"@type\":\"SearchAction\",\"target\":{\"@type\":\"EntryPoint\",\"urlTemplate\":\"https:\/\/xenonkungen.com\/?s={search_term_string}\"},\"query-input\":{\"@type\":\"PropertyValueSpecification\",\"valueRequired\":true,\"valueName\":\"search_term_string\"}}],\"inLanguage\":\"es\"}]}<\/script>\n<!-- \/ Yoast SEO plugin. -->","yoast_head_json":{"title":"Luz auxiliar RAD4 NBB Alpha 225 Premium LED 12V - Xen\u00f3n","robots":{"index":"index","follow":"follow","max-snippet":"max-snippet:-1","max-image-preview":"max-image-preview:large","max-video-preview":"max-video-preview:-1"},"canonical":"https:\/\/xenonkungen.com\/es\/producto\/luz-auxiliar-rad4-nbb-alpha-225-premium-led-12-v\/","og_locale":"es_ES","og_type":"article","og_title":"RAD4 Extraljus NBB Alpha 225 Premium LED 12V - Xenonkungen","og_description":"Ett paket f\u00f6r er som vill ha riktigt mycket ljus, samtidigt som ni f\u00e5r ledlampans blixtsnabba t\u00e4ndning!","og_url":"https:\/\/xenonkungen.com\/es\/producto\/luz-auxiliar-rad4-nbb-alpha-225-premium-led-12-v\/","og_site_name":"Xenonkungen","article_modified_time":"2026-05-13T07:03:55+00:00","og_image":[{"width":1000,"height":1000,"url":"https:\/\/xenonkungen.com\/wp-content\/uploads\/2025\/04\/178755023-origpic-f1295c.png","type":"image\/png"}],"twitter_card":"summary_large_image","twitter_misc":{"Tiempo de lectura":"2 minutos"},"schema":{"@context":"https:\/\/schema.org","@graph":[{"@type":"WebPage","@id":"https:\/\/xenonkungen.com\/produkt\/rad4-extraljus-nbb-alpha-225-premium-led-12v\/","url":"https:\/\/xenonkungen.com\/produkt\/rad4-extraljus-nbb-alpha-225-premium-led-12v\/","name":"Luz auxiliar RAD4 NBB Alpha 225 Premium LED 12V - Xen\u00f3n","isPartOf":{"@id":"https:\/\/xenonkungen.com\/#website"},"primaryImageOfPage":{"@id":"https:\/\/xenonkungen.com\/produkt\/rad4-extraljus-nbb-alpha-225-premium-led-12v\/#primaryimage"},"image":{"@id":"https:\/\/xenonkungen.com\/produkt\/rad4-extraljus-nbb-alpha-225-premium-led-12v\/#primaryimage"},"thumbnailUrl":"https:\/\/xenonkungen.com\/wp-content\/uploads\/2025\/04\/178755023-origpic-f1295c.png","datePublished":"2025-04-15T09:50:21+00:00","dateModified":"2026-05-13T07:03:55+00:00","breadcrumb":{"@id":"https:\/\/xenonkungen.com\/produkt\/rad4-extraljus-nbb-alpha-225-premium-led-12v\/#breadcrumb"},"inLanguage":"es","potentialAction":[{"@type":"ReadAction","target":["https:\/\/xenonkungen.com\/produkt\/rad4-extraljus-nbb-alpha-225-premium-led-12v\/"]}]},{"@type":"ImageObject","inLanguage":"es","@id":"https:\/\/xenonkungen.com\/produkt\/rad4-extraljus-nbb-alpha-225-premium-led-12v\/#primaryimage","url":"https:\/\/xenonkungen.com\/wp-content\/uploads\/2025\/04\/178755023-origpic-f1295c.png","contentUrl":"https:\/\/xenonkungen.com\/wp-content\/uploads\/2025\/04\/178755023-origpic-f1295c.png","width":1000,"height":1000},{"@type":"BreadcrumbList","@id":"https:\/\/xenonkungen.com\/produkt\/rad4-extraljus-nbb-alpha-225-premium-led-12v\/#breadcrumb","itemListElement":[{"@type":"ListItem","position":1,"name":"Hem","item":"https:\/\/xenonkungen.com\/"},{"@type":"ListItem","position":2,"name":"Shop","item":"https:\/\/xenonkungen.com\/shop\/"},{"@type":"ListItem","position":3,"name":"RAD4 Extraljus NBB Alpha 225 Premium LED 12V"}]},{"@type":"WebSite","@id":"https:\/\/xenonkungen.com\/#website","url":"https:\/\/xenonkungen.com\/","name":"Xenonkungen","description":"","potentialAction":[{"@type":"SearchAction","target":{"@type":"EntryPoint","urlTemplate":"https:\/\/xenonkungen.com\/?s={search_term_string}"},"query-input":{"@type":"PropertyValueSpecification","valueRequired":true,"valueName":"search_term_string"}}],"inLanguage":"es"}]}},"taxonomy_info":{"product_brand":[{"value":104,"label":"NBB"}],"product_cat":[{"value":2544,"label":"NBB Xenon\/LED"},{"value":2674,"label":"Paket"},{"value":142,"label":"Extraljus"},{"value":1859,"label":"Extraljuspaket"}]},"featured_image_src_large":["https:\/\/xenonkungen.com\/wp-content\/uploads\/2025\/04\/178755023-origpic-f1295c.png",1000,1000,false],"author_info":[],"comment_info":0,"_links":{"self":[{"href":"https:\/\/xenonkungen.com\/es\/wp-json\/wp\/v2\/product\/6921","targetHints":{"allow":["GET"]}}],"collection":[{"href":"https:\/\/xenonkungen.com\/es\/wp-json\/wp\/v2\/product"}],"about":[{"href":"https:\/\/xenonkungen.com\/es\/wp-json\/wp\/v2\/types\/product"}],"replies":[{"embeddable":true,"href":"https:\/\/xenonkungen.com\/es\/wp-json\/wp\/v2\/comments?post=6921"}],"wp:featuredmedia":[{"embeddable":true,"href":"https:\/\/xenonkungen.com\/es\/wp-json\/wp\/v2\/media\/6922"}],"wp:attachment":[{"href":"https:\/\/xenonkungen.com\/es\/wp-json\/wp\/v2\/media?parent=6921"}],"wp:term":[{"taxonomy":"anvandningsomrade","embeddable":true,"href":"https:\/\/xenonkungen.com\/es\/wp-json\/wp\/v2\/anvandningsomrade?post=6921"},{"taxonomy":"bilmarken","embeddable":true,"href":"https:\/\/xenonkungen.com\/es\/wp-json\/wp\/v2\/bilmarken?post=6921"},{"taxonomy":"product_brand","embeddable":true,"href":"https:\/\/xenonkungen.com\/es\/wp-json\/wp\/v2\/product_brand?post=6921"},{"taxonomy":"product_cat","embeddable":true,"href":"https:\/\/xenonkungen.com\/es\/wp-json\/wp\/v2\/product_cat?post=6921"},{"taxonomy":"product_tag","embeddable":true,"href":"https:\/\/xenonkungen.com\/es\/wp-json\/wp\/v2\/product_tag?post=6921"}],"curies":[{"name":"wp","href":"https:\/\/api.w.org\/{rel}","templated":true}]}}