{"id":6931,"date":"2025-04-15T09:50:50","date_gmt":"2025-04-15T09:50:50","guid":{"rendered":"https:\/\/xenonkungen.com\/product\/kombinationslampa-250arwm\/"},"modified":"2026-04-11T00:44:50","modified_gmt":"2026-04-10T23:44:50","slug":"lampara-combinada-250arwm","status":"publish","type":"product","link":"https:\/\/xenonkungen.com\/es\/producto\/lampara-combinada-250arwm\/","title":{"rendered":"Piloto combinado 250ARWM"},"content":{"rendered":"<h1>Luz combinada con funcionalidad avanzada y rendimiento excepcional<\/h1>\n<p>Esta luz combinada es una soluci\u00f3n pionera que combina varias funciones importantes en una sola unidad. Con luces de freno, traseras, intermitentes y de marcha atr\u00e1s en un dise\u00f1o moderno, es un complemento necesario para veh\u00edculos y aplicaciones exteriores. A continuaci\u00f3n le ofrecemos una descripci\u00f3n detallada de sus impresionantes caracter\u00edsticas:<\/p>\n<h2>Electr\u00f3nica a prueba de fugas para una fiabilidad absoluta<\/h2>\n<p>Una de las caracter\u00edsticas m\u00e1s notables de esta l\u00e1mpara combinada es su sistema electr\u00f3nico totalmente estanco. Esto significa que todos los componentes electr\u00f3nicos del interior de la l\u00e1mpara est\u00e1n cuidadosamente sellados y protegidos contra la humedad y la entrada de agua. Tanto si llueve como si nieva o hay humedad, esta l\u00e1mpara seguir\u00e1 funcionando sin problemas y sin comprometer su rendimiento. Este nivel de fiabilidad garantiza que la l\u00e1mpara ser\u00e1 una compa\u00f1era de confianza durante mucho tiempo.<\/p>\n<h2>Carcasa de la l\u00e1mpara resistente a los impactos con una durabilidad superior<\/h2>\n<p>El cuerpo de la l\u00e1mpara es de acr\u00edlico resistente a los impactos y est\u00e1 dise\u00f1ado para soportar tensiones y condiciones extremas. Esto significa que la l\u00e1mpara est\u00e1 dise\u00f1ada para soportar las situaciones m\u00e1s duras en la carretera o en entornos de trabajo sin sufrir da\u00f1os. Adem\u00e1s, el cristal es de policarbonato y tiene una impresionante resistencia a los productos qu\u00edmicos que pueden encontrarse en los productos de limpieza. Esto proporciona un nivel extra de durabilidad y protecci\u00f3n contra la corrosi\u00f3n qu\u00edmica. Adem\u00e1s, la l\u00e1mpara tambi\u00e9n cuenta con protecci\u00f3n UV ampliada para evitar el envejecimiento y el amarilleamiento con el paso del tiempo, lo que se traduce en una vida \u00fatil m\u00e1s larga y en el mantenimiento de la calidad.<\/p>\n<h2>Totalmente sumergible, inoxidable y resistente a los golpes<\/h2>\n<p>Esta l\u00e1mpara est\u00e1 dise\u00f1ada para cumplir y superar los requisitos m\u00e1s exigentes. Es totalmente sumergible, lo que significa que puede sumergirse en agua sin que le afecte negativamente. Su construcci\u00f3n en acero inoxidable garantiza que no se corroer\u00e1, ni siquiera en condiciones de humedad. Sus propiedades antichoque lo hacen resistente a golpes y colisiones, lo que es esencial para preservar su rendimiento e integridad durante un uso prolongado.<\/p>\n<h2>Enchufe para iluminaci\u00f3n de se\u00f1alizaci\u00f3n<\/h2>\n<p>Para aumentar la flexibilidad y la funcionalidad, tambi\u00e9n hay una toma para la iluminaci\u00f3n de se\u00f1alizaci\u00f3n enchufable. Esto permite personalizar a\u00fan m\u00e1s la iluminaci\u00f3n en funci\u00f3n de las necesidades y situaciones espec\u00edficas, lo que resulta ideal para diferentes veh\u00edculos y aplicaciones.<\/p>\n<h2>En resumen<\/h2>\n<p>Esta moderna luz combinada con funciones de parada, marcha atr\u00e1s, intermitente y marcha atr\u00e1s es una soluci\u00f3n de iluminaci\u00f3n fiable y de alto rendimiento que cumple los m\u00e1s altos est\u00e1ndares de calidad y durabilidad. Su electr\u00f3nica a prueba de fugas, su construcci\u00f3n resistente a los impactos y sus caracter\u00edsticas flexibles la convierten en un complemento indispensable para veh\u00edculos y entornos exteriores en los que una iluminaci\u00f3n fiable es de suma importancia. Con esta l\u00e1mpara, no s\u00f3lo obtendr\u00e1 una funcionalidad superior, sino tambi\u00e9n un producto fabricado para durar y rendir durante a\u00f1os.<\/p>","protected":false},"excerpt":{"rendered":"<p>Kombinationslampa med avancerad funktionalitet och exceptionell prestanda Denna kombinationslampa \u00e4r en banbrytande l\u00f6sning som kombinerar flera viktiga funktioner i en enda enhet. Med stopp-, bak-, blinker- och backljus i ett modernt utf\u00f6rande \u00e4r den ett n\u00f6dv\u00e4ndigt till\u00e4gg f\u00f6r fordon och utomhusapplikationer. H\u00e4r \u00e4r en djupg\u00e5ende \u00f6versikt \u00f6ver dess imponerande funktioner: L\u00e4ckageskyddad elektronik f\u00f6r absolut tillf\u00f6rlitlighet [&hellip;]<\/p>","protected":false},"featured_media":6932,"comment_status":"closed","ping_status":"open","template":"","meta":{"_acf_changed":false,"_smort_price_nok":"1036","_smort_price_dkk":"658","_smort_price_eur":"88.18","_smort_sale_price_nok":"","_smort_sale_price_dkk":"","_smort_sale_price_eur":"","smort_restorder":"","shipmondo_restorder":"","_kad_blocks_custom_css":"","_kad_blocks_head_custom_js":"","_kad_blocks_body_custom_js":"","_kad_blocks_footer_custom_js":"","smort_custom_pricelist_1":"543.2","smort_custom_pricelist_2":"543.2","smort_custom_pricelist_3":"516.04","smort_custom_pricelist_4":"776","smort_custom_pricelist_5":"543.2"},"anvandningsomrade":[166,238,2816],"bilmarken":[],"product_brand":[1252],"product_cat":[2552],"product_tag":[],"class_list":{"0":"post-6931","1":"product","2":"type-product","3":"status-publish","4":"has-post-thumbnail","6":"anvandningsomrade-lastbil","7":"anvandningsomrade-slap","8":"anvandningsomrade-trailer","9":"product_brand-lea","10":"product_cat-bakljus-slap","11":"pa_fuktskydd-varde-ipxx-ip67","12":"pa_godkannande-ece-emc","13":"pa_storlek-mm-250x80x24","14":"pa_volt-v-12-24","16":"first","17":"instock","18":"taxable","19":"shipping-taxable","20":"purchasable","21":"product-type-simple"},"bundled_by":[],"bundle_stock_status":"instock","bundle_stock_quantity":4,"bundle_virtual":false,"bundle_layout":"","bundle_add_to_cart_form_location":"","bundle_editable_in_cart":false,"bundle_sold_individually_context":"","bundle_item_grouping":"","bundle_min_size":"","bundle_max_size":"","bundle_price":[],"bundled_items":[],"bundle_sell_ids":[],"acf":[],"yoast_head":"<!-- This site is optimized with the Yoast SEO plugin v27.0 - https:\/\/yoast.com\/product\/yoast-seo-wordpress\/ -->\n<title>Kombinationslampa 250ARWM - Xenonkungen<\/title>\n<meta name=\"robots\" content=\"index, follow, max-snippet:-1, max-image-preview:large, max-video-preview:-1\" \/>\n<link rel=\"canonical\" href=\"https:\/\/xenonkungen.com\/es\/producto\/lampara-combinada-250arwm\/\" \/>\n<meta property=\"og:locale\" content=\"es_ES\" \/>\n<meta property=\"og:type\" content=\"article\" \/>\n<meta property=\"og:title\" content=\"Kombinationslampa 250ARWM - Xenonkungen\" \/>\n<meta property=\"og:description\" content=\"Kombinationslampa med avancerad funktionalitet och exceptionell prestanda Denna kombinationslampa \u00e4r en banbrytande l\u00f6sning som kombinerar flera viktiga funktioner i en enda enhet. Med stopp-, bak-, blinker- och backljus i ett modernt utf\u00f6rande \u00e4r den ett n\u00f6dv\u00e4ndigt till\u00e4gg f\u00f6r fordon och utomhusapplikationer. H\u00e4r \u00e4r en djupg\u00e5ende \u00f6versikt \u00f6ver dess imponerande funktioner: L\u00e4ckageskyddad elektronik f\u00f6r absolut tillf\u00f6rlitlighet [&hellip;]\" \/>\n<meta property=\"og:url\" content=\"https:\/\/xenonkungen.com\/es\/producto\/lampara-combinada-250arwm\/\" \/>\n<meta property=\"og:site_name\" content=\"Xenonkungen\" \/>\n<meta property=\"article:modified_time\" content=\"2026-04-10T23:44:50+00:00\" \/>\n<meta property=\"og:image\" content=\"https:\/\/xenonkungen.com\/wp-content\/uploads\/2025\/04\/10191057-origpic-3082a6.jpg\" \/>\n\t<meta property=\"og:image:width\" content=\"600\" \/>\n\t<meta property=\"og:image:height\" content=\"600\" \/>\n\t<meta property=\"og:image:type\" content=\"image\/jpeg\" \/>\n<meta name=\"twitter:card\" content=\"summary_large_image\" \/>\n<meta name=\"twitter:label1\" content=\"Tiempo de lectura\" \/>\n\t<meta name=\"twitter:data1\" content=\"3 minutos\" \/>\n<script type=\"application\/ld+json\" class=\"yoast-schema-graph\">{\"@context\":\"https:\/\/schema.org\",\"@graph\":[{\"@type\":\"WebPage\",\"@id\":\"https:\/\/xenonkungen.com\/es\/producto\/lampara-combinada-250arwm\/\",\"url\":\"https:\/\/xenonkungen.com\/es\/producto\/lampara-combinada-250arwm\/\",\"name\":\"Kombinationslampa 250ARWM - Xenonkungen\",\"isPartOf\":{\"@id\":\"https:\/\/xenonkungen.com\/#website\"},\"primaryImageOfPage\":{\"@id\":\"https:\/\/xenonkungen.com\/es\/producto\/lampara-combinada-250arwm\/#primaryimage\"},\"image\":{\"@id\":\"https:\/\/xenonkungen.com\/es\/producto\/lampara-combinada-250arwm\/#primaryimage\"},\"thumbnailUrl\":\"https:\/\/xenonkungen.com\/wp-content\/uploads\/2025\/04\/10191057-origpic-3082a6.jpg\",\"datePublished\":\"2025-04-15T09:50:50+00:00\",\"dateModified\":\"2026-04-10T23:44:50+00:00\",\"breadcrumb\":{\"@id\":\"https:\/\/xenonkungen.com\/es\/producto\/lampara-combinada-250arwm\/#breadcrumb\"},\"inLanguage\":\"es\",\"potentialAction\":[{\"@type\":\"ReadAction\",\"target\":[\"https:\/\/xenonkungen.com\/es\/producto\/lampara-combinada-250arwm\/\"]}]},{\"@type\":\"ImageObject\",\"inLanguage\":\"es\",\"@id\":\"https:\/\/xenonkungen.com\/es\/producto\/lampara-combinada-250arwm\/#primaryimage\",\"url\":\"https:\/\/xenonkungen.com\/wp-content\/uploads\/2025\/04\/10191057-origpic-3082a6.jpg\",\"contentUrl\":\"https:\/\/xenonkungen.com\/wp-content\/uploads\/2025\/04\/10191057-origpic-3082a6.jpg\",\"width\":600,\"height\":600},{\"@type\":\"BreadcrumbList\",\"@id\":\"https:\/\/xenonkungen.com\/es\/producto\/lampara-combinada-250arwm\/#breadcrumb\",\"itemListElement\":[{\"@type\":\"ListItem\",\"position\":1,\"name\":\"Hem\",\"item\":\"https:\/\/xenonkungen.com\/\"},{\"@type\":\"ListItem\",\"position\":2,\"name\":\"Shop\",\"item\":\"https:\/\/xenonkungen.com\/shop\/\"},{\"@type\":\"ListItem\",\"position\":3,\"name\":\"Kombinationslampa 250ARWM\"}]},{\"@type\":\"WebSite\",\"@id\":\"https:\/\/xenonkungen.com\/#website\",\"url\":\"https:\/\/xenonkungen.com\/\",\"name\":\"Xenonkungen\",\"description\":\"\",\"potentialAction\":[{\"@type\":\"SearchAction\",\"target\":{\"@type\":\"EntryPoint\",\"urlTemplate\":\"https:\/\/xenonkungen.com\/?s={search_term_string}\"},\"query-input\":{\"@type\":\"PropertyValueSpecification\",\"valueRequired\":true,\"valueName\":\"search_term_string\"}}],\"inLanguage\":\"es\"}]}<\/script>\n<!-- \/ Yoast SEO plugin. -->","yoast_head_json":{"title":"L\u00e1mpara combinada 250ARWM - El rey del xen\u00f3n","robots":{"index":"index","follow":"follow","max-snippet":"max-snippet:-1","max-image-preview":"max-image-preview:large","max-video-preview":"max-video-preview:-1"},"canonical":"https:\/\/xenonkungen.com\/es\/producto\/lampara-combinada-250arwm\/","og_locale":"es_ES","og_type":"article","og_title":"Kombinationslampa 250ARWM - Xenonkungen","og_description":"Kombinationslampa med avancerad funktionalitet och exceptionell prestanda Denna kombinationslampa \u00e4r en banbrytande l\u00f6sning som kombinerar flera viktiga funktioner i en enda enhet. Med stopp-, bak-, blinker- och backljus i ett modernt utf\u00f6rande \u00e4r den ett n\u00f6dv\u00e4ndigt till\u00e4gg f\u00f6r fordon och utomhusapplikationer. H\u00e4r \u00e4r en djupg\u00e5ende \u00f6versikt \u00f6ver dess imponerande funktioner: L\u00e4ckageskyddad elektronik f\u00f6r absolut tillf\u00f6rlitlighet [&hellip;]","og_url":"https:\/\/xenonkungen.com\/es\/producto\/lampara-combinada-250arwm\/","og_site_name":"Xenonkungen","article_modified_time":"2026-04-10T23:44:50+00:00","og_image":[{"width":600,"height":600,"url":"https:\/\/xenonkungen.com\/wp-content\/uploads\/2025\/04\/10191057-origpic-3082a6.jpg","type":"image\/jpeg"}],"twitter_card":"summary_large_image","twitter_misc":{"Tiempo de lectura":"3 minutos"},"schema":{"@context":"https:\/\/schema.org","@graph":[{"@type":"WebPage","@id":"https:\/\/xenonkungen.com\/es\/producto\/lampara-combinada-250arwm\/","url":"https:\/\/xenonkungen.com\/es\/producto\/lampara-combinada-250arwm\/","name":"L\u00e1mpara combinada 250ARWM - El rey del xen\u00f3n","isPartOf":{"@id":"https:\/\/xenonkungen.com\/#website"},"primaryImageOfPage":{"@id":"https:\/\/xenonkungen.com\/es\/producto\/lampara-combinada-250arwm\/#primaryimage"},"image":{"@id":"https:\/\/xenonkungen.com\/es\/producto\/lampara-combinada-250arwm\/#primaryimage"},"thumbnailUrl":"https:\/\/xenonkungen.com\/wp-content\/uploads\/2025\/04\/10191057-origpic-3082a6.jpg","datePublished":"2025-04-15T09:50:50+00:00","dateModified":"2026-04-10T23:44:50+00:00","breadcrumb":{"@id":"https:\/\/xenonkungen.com\/es\/producto\/lampara-combinada-250arwm\/#breadcrumb"},"inLanguage":"es","potentialAction":[{"@type":"ReadAction","target":["https:\/\/xenonkungen.com\/es\/producto\/lampara-combinada-250arwm\/"]}]},{"@type":"ImageObject","inLanguage":"es","@id":"https:\/\/xenonkungen.com\/es\/producto\/lampara-combinada-250arwm\/#primaryimage","url":"https:\/\/xenonkungen.com\/wp-content\/uploads\/2025\/04\/10191057-origpic-3082a6.jpg","contentUrl":"https:\/\/xenonkungen.com\/wp-content\/uploads\/2025\/04\/10191057-origpic-3082a6.jpg","width":600,"height":600},{"@type":"BreadcrumbList","@id":"https:\/\/xenonkungen.com\/es\/producto\/lampara-combinada-250arwm\/#breadcrumb","itemListElement":[{"@type":"ListItem","position":1,"name":"Hem","item":"https:\/\/xenonkungen.com\/"},{"@type":"ListItem","position":2,"name":"Shop","item":"https:\/\/xenonkungen.com\/shop\/"},{"@type":"ListItem","position":3,"name":"Kombinationslampa 250ARWM"}]},{"@type":"WebSite","@id":"https:\/\/xenonkungen.com\/#website","url":"https:\/\/xenonkungen.com\/","name":"Xenonkungen","description":"","potentialAction":[{"@type":"SearchAction","target":{"@type":"EntryPoint","urlTemplate":"https:\/\/xenonkungen.com\/?s={search_term_string}"},"query-input":{"@type":"PropertyValueSpecification","valueRequired":true,"valueName":"search_term_string"}}],"inLanguage":"es"}]}},"taxonomy_info":{"anvandningsomrade":[{"value":166,"label":"Lastbil"},{"value":238,"label":"SL\u00c4P"},{"value":2816,"label":"TRAILER"}],"product_brand":[{"value":1252,"label":"LEA"}],"product_cat":[{"value":2552,"label":"Bakljus"}],"pa_fuktskydd-varde-ipxx":[{"value":333,"label":"IP67"}],"pa_godkannande":[{"value":1262,"label":"ECE, EMC"}],"pa_storlek-mm":[{"value":1861,"label":"250x80x24"}],"pa_volt-v":[{"value":348,"label":"12, 24"}]},"featured_image_src_large":["https:\/\/xenonkungen.com\/wp-content\/uploads\/2025\/04\/10191057-origpic-3082a6.jpg",600,600,false],"author_info":[],"comment_info":0,"_links":{"self":[{"href":"https:\/\/xenonkungen.com\/es\/wp-json\/wp\/v2\/product\/6931","targetHints":{"allow":["GET"]}}],"collection":[{"href":"https:\/\/xenonkungen.com\/es\/wp-json\/wp\/v2\/product"}],"about":[{"href":"https:\/\/xenonkungen.com\/es\/wp-json\/wp\/v2\/types\/product"}],"replies":[{"embeddable":true,"href":"https:\/\/xenonkungen.com\/es\/wp-json\/wp\/v2\/comments?post=6931"}],"wp:featuredmedia":[{"embeddable":true,"href":"https:\/\/xenonkungen.com\/es\/wp-json\/wp\/v2\/media\/6932"}],"wp:attachment":[{"href":"https:\/\/xenonkungen.com\/es\/wp-json\/wp\/v2\/media?parent=6931"}],"wp:term":[{"taxonomy":"anvandningsomrade","embeddable":true,"href":"https:\/\/xenonkungen.com\/es\/wp-json\/wp\/v2\/anvandningsomrade?post=6931"},{"taxonomy":"bilmarken","embeddable":true,"href":"https:\/\/xenonkungen.com\/es\/wp-json\/wp\/v2\/bilmarken?post=6931"},{"taxonomy":"product_brand","embeddable":true,"href":"https:\/\/xenonkungen.com\/es\/wp-json\/wp\/v2\/product_brand?post=6931"},{"taxonomy":"product_cat","embeddable":true,"href":"https:\/\/xenonkungen.com\/es\/wp-json\/wp\/v2\/product_cat?post=6931"},{"taxonomy":"product_tag","embeddable":true,"href":"https:\/\/xenonkungen.com\/es\/wp-json\/wp\/v2\/product_tag?post=6931"}],"curies":[{"name":"wp","href":"https:\/\/api.w.org\/{rel}","templated":true}]}}