{"id":6934,"date":"2025-04-15T09:50:50","date_gmt":"2025-04-15T09:50:50","guid":{"rendered":"https:\/\/xenonkungen.com\/product\/kombinationslampa-250farm\/"},"modified":"2026-04-11T00:44:52","modified_gmt":"2026-04-10T23:44:52","slug":"lampara-combinada-250farm","status":"publish","type":"product","link":"https:\/\/xenonkungen.com\/es\/producto\/lampara-combinada-250farm\/","title":{"rendered":"L\u00e1mpara combinada 250FARM"},"content":{"rendered":"<h1>Piloto combinado con luces de freno, marcha atr\u00e1s, intermitentes y antiniebla<\/h1>\n<p>Esta luz combinada representa el \u00faltimo desarrollo en tecnolog\u00eda de iluminaci\u00f3n moderna y ofrece un impresionante conjunto de caracter\u00edsticas para aplicaciones de automoci\u00f3n y exteriores. Con su luz combinada de freno, marcha atr\u00e1s, intermitente y antiniebla en un dise\u00f1o elegante y moderno, esta l\u00e1mpara es una soluci\u00f3n excelente que lleva la iluminaci\u00f3n a un nuevo nivel.<\/p>\n<h2>Electr\u00f3nica a prueba de fugas para una fiabilidad inigualable<\/h2>\n<p>Una de las ventajas m\u00e1s significativas de esta l\u00e1mpara combinada es su sistema electr\u00f3nico totalmente estanco. Esto significa que todos los componentes electr\u00f3nicos del interior de la l\u00e1mpara est\u00e1n sellados y protegidos contra la humedad y la entrada de agua. Tanto si llueve copiosamente como si nieva o si la l\u00e1mpara se utiliza en ambientes h\u00famedos, seguir\u00e1 funcionando sin problemas. Esto proporciona una durabilidad y fiabilidad extraordinarias a largo plazo.<\/p>\n<h2>Carcasa de la l\u00e1mpara resistente a los impactos con una durabilidad excepcional<\/h2>\n<p>La carcasa de la l\u00e1mpara es de acr\u00edlico resistente a los impactos y est\u00e1 dise\u00f1ada para soportar tensiones y condiciones duras. Esto significa que la l\u00e1mpara puede hacer frente a diversas situaciones dif\u00edciles en la carretera o en entornos de trabajo sin sufrir da\u00f1os. Adem\u00e1s, el cristal es de policarbonato y tiene una gran resistencia a las sustancias qu\u00edmicas que pueden encontrarse en los productos de limpieza. Tambi\u00e9n proporciona una protecci\u00f3n UV prolongada para evitar el envejecimiento y el amarilleamiento de la l\u00e1mpara con el paso del tiempo.<\/p>\n<h2>Sumergible, de acero inoxidable y resistente a los golpes<\/h2>\n<p>Esta l\u00e1mpara es m\u00e1s que capaz de hacer frente a condiciones exigentes. Es totalmente sumergible, lo que significa que puede sumergirse en agua sin sufrir da\u00f1os. Su construcci\u00f3n en acero inoxidable garantiza que no se corroer\u00e1, ni siquiera en condiciones h\u00famedas. Sus propiedades de resistencia a impactos la hacen resistente a golpes y colisiones, lo que es importante para mantener el rendimiento y la integridad.<\/p>\n<h2>Iluminaci\u00f3n de carteles enchufable para mayor flexibilidad<\/h2>\n<p>Una ventaja adicional de esta luz combinada es la posibilidad de conectar iluminaci\u00f3n de se\u00f1alizaci\u00f3n enchufable. Esto proporciona flexibilidad y funcionalidad adicionales y permite adaptar la iluminaci\u00f3n a necesidades y situaciones espec\u00edficas.<\/p>\n<h2>Resumen ejecutivo<\/h2>\n<p>Esta moderna luz combinada con funciones de luz de freno, marcha atr\u00e1s, intermitente y antiniebla es una soluci\u00f3n de iluminaci\u00f3n fiable y de alto rendimiento que cumple los m\u00e1s altos est\u00e1ndares de calidad y durabilidad. Su electr\u00f3nica a prueba de fugas, su construcci\u00f3n resistente a los impactos y su capacidad de conexi\u00f3n la convierten en una excelente opci\u00f3n para aplicaciones de automoci\u00f3n y exteriores en las que una iluminaci\u00f3n fiable y personalizable es de suma importancia. Con esta l\u00e1mpara, no s\u00f3lo obtendr\u00e1 una mejor visibilidad en la carretera, sino tambi\u00e9n una mayor seguridad y fiabilidad en diferentes situaciones.<\/p>","protected":false},"excerpt":{"rendered":"<p>Kombinationslampa med Stop-, Bak-, Blinker- och Dimljus Denna kombinationslampa representerar den senaste utvecklingen inom modern belysningsteknik och erbjuder en imponerande upps\u00e4ttning funktioner f\u00f6r fordon och utomhusapplikationer. Med dess kombinerade stopp-, bak-, blinker- och dimljus i ett elegant och modernt utf\u00f6rande \u00e4r denna lampa en utm\u00e4rkt l\u00f6sning som tar belysning till en ny niv\u00e5. L\u00e4ckageskyddad Elektronik [&hellip;]<\/p>","protected":false},"featured_media":6935,"comment_status":"closed","ping_status":"open","template":"","meta":{"_acf_changed":false,"_smort_price_nok":"1036","_smort_price_dkk":"658","_smort_price_eur":"88.18","_smort_sale_price_nok":"","_smort_sale_price_dkk":"","_smort_sale_price_eur":"","smort_restorder":"","shipmondo_restorder":"","_kad_blocks_custom_css":"","_kad_blocks_head_custom_js":"","_kad_blocks_body_custom_js":"","_kad_blocks_footer_custom_js":"","smort_custom_pricelist_1":"543.2","smort_custom_pricelist_2":"543.2","smort_custom_pricelist_3":"516.04","smort_custom_pricelist_4":"776","smort_custom_pricelist_5":"543.2"},"anvandningsomrade":[166,238,2816],"bilmarken":[],"product_brand":[1252],"product_cat":[2552],"product_tag":[],"class_list":{"0":"post-6934","1":"product","2":"type-product","3":"status-publish","4":"has-post-thumbnail","6":"anvandningsomrade-lastbil","7":"anvandningsomrade-slap","8":"anvandningsomrade-trailer","9":"product_brand-lea","10":"product_cat-bakljus-slap","11":"pa_fuktskydd-varde-ipxx-ip67","12":"pa_godkannande-ece-emc","13":"pa_storlek-mm-250x80x24","14":"pa_volt-v-12-24","16":"first","17":"onbackorder","18":"taxable","19":"shipping-taxable","20":"purchasable","21":"product-type-simple"},"bundled_by":[],"bundle_stock_status":"onbackorder","bundle_stock_quantity":0,"bundle_virtual":false,"bundle_layout":"","bundle_add_to_cart_form_location":"","bundle_editable_in_cart":false,"bundle_sold_individually_context":"","bundle_item_grouping":"","bundle_min_size":"","bundle_max_size":"","bundle_price":[],"bundled_items":[],"bundle_sell_ids":[],"acf":[],"yoast_head":"<!-- This site is optimized with the Yoast SEO plugin v27.0 - https:\/\/yoast.com\/product\/yoast-seo-wordpress\/ -->\n<title>Kombinationslampa 250FARM - Xenonkungen<\/title>\n<meta name=\"robots\" content=\"index, follow, max-snippet:-1, max-image-preview:large, max-video-preview:-1\" \/>\n<link rel=\"canonical\" href=\"https:\/\/xenonkungen.com\/es\/producto\/lampara-combinada-250farm\/\" \/>\n<meta property=\"og:locale\" content=\"es_ES\" \/>\n<meta property=\"og:type\" content=\"article\" \/>\n<meta property=\"og:title\" content=\"Kombinationslampa 250FARM - Xenonkungen\" \/>\n<meta property=\"og:description\" content=\"Kombinationslampa med Stop-, Bak-, Blinker- och Dimljus Denna kombinationslampa representerar den senaste utvecklingen inom modern belysningsteknik och erbjuder en imponerande upps\u00e4ttning funktioner f\u00f6r fordon och utomhusapplikationer. Med dess kombinerade stopp-, bak-, blinker- och dimljus i ett elegant och modernt utf\u00f6rande \u00e4r denna lampa en utm\u00e4rkt l\u00f6sning som tar belysning till en ny niv\u00e5. L\u00e4ckageskyddad Elektronik [&hellip;]\" \/>\n<meta property=\"og:url\" content=\"https:\/\/xenonkungen.com\/es\/producto\/lampara-combinada-250farm\/\" \/>\n<meta property=\"og:site_name\" content=\"Xenonkungen\" \/>\n<meta property=\"article:modified_time\" content=\"2026-04-10T23:44:52+00:00\" \/>\n<meta property=\"og:image\" content=\"https:\/\/xenonkungen.com\/wp-content\/uploads\/2025\/04\/10953975-origpic-fa1cd6.jpg\" \/>\n\t<meta property=\"og:image:width\" content=\"600\" \/>\n\t<meta property=\"og:image:height\" content=\"600\" \/>\n\t<meta property=\"og:image:type\" content=\"image\/jpeg\" \/>\n<meta name=\"twitter:card\" content=\"summary_large_image\" \/>\n<meta name=\"twitter:label1\" content=\"Tiempo de lectura\" \/>\n\t<meta name=\"twitter:data1\" content=\"2 minutos\" \/>\n<script type=\"application\/ld+json\" class=\"yoast-schema-graph\">{\"@context\":\"https:\/\/schema.org\",\"@graph\":[{\"@type\":\"WebPage\",\"@id\":\"https:\/\/xenonkungen.com\/nl\/product\/combinatielamp-250farm\/\",\"url\":\"https:\/\/xenonkungen.com\/nl\/product\/combinatielamp-250farm\/\",\"name\":\"Kombinationslampa 250FARM - Xenonkungen\",\"isPartOf\":{\"@id\":\"https:\/\/xenonkungen.com\/#website\"},\"primaryImageOfPage\":{\"@id\":\"https:\/\/xenonkungen.com\/nl\/product\/combinatielamp-250farm\/#primaryimage\"},\"image\":{\"@id\":\"https:\/\/xenonkungen.com\/nl\/product\/combinatielamp-250farm\/#primaryimage\"},\"thumbnailUrl\":\"https:\/\/xenonkungen.com\/wp-content\/uploads\/2025\/04\/10953975-origpic-fa1cd6.jpg\",\"datePublished\":\"2025-04-15T09:50:50+00:00\",\"dateModified\":\"2026-04-10T23:44:52+00:00\",\"breadcrumb\":{\"@id\":\"https:\/\/xenonkungen.com\/nl\/product\/combinatielamp-250farm\/#breadcrumb\"},\"inLanguage\":\"es\",\"potentialAction\":[{\"@type\":\"ReadAction\",\"target\":[\"https:\/\/xenonkungen.com\/nl\/product\/combinatielamp-250farm\/\"]}]},{\"@type\":\"ImageObject\",\"inLanguage\":\"es\",\"@id\":\"https:\/\/xenonkungen.com\/nl\/product\/combinatielamp-250farm\/#primaryimage\",\"url\":\"https:\/\/xenonkungen.com\/wp-content\/uploads\/2025\/04\/10953975-origpic-fa1cd6.jpg\",\"contentUrl\":\"https:\/\/xenonkungen.com\/wp-content\/uploads\/2025\/04\/10953975-origpic-fa1cd6.jpg\",\"width\":600,\"height\":600},{\"@type\":\"BreadcrumbList\",\"@id\":\"https:\/\/xenonkungen.com\/nl\/product\/combinatielamp-250farm\/#breadcrumb\",\"itemListElement\":[{\"@type\":\"ListItem\",\"position\":1,\"name\":\"Hem\",\"item\":\"https:\/\/xenonkungen.com\/\"},{\"@type\":\"ListItem\",\"position\":2,\"name\":\"Shop\",\"item\":\"https:\/\/xenonkungen.com\/shop\/\"},{\"@type\":\"ListItem\",\"position\":3,\"name\":\"Kombinationslampa 250FARM\"}]},{\"@type\":\"WebSite\",\"@id\":\"https:\/\/xenonkungen.com\/#website\",\"url\":\"https:\/\/xenonkungen.com\/\",\"name\":\"Xenonkungen\",\"description\":\"\",\"potentialAction\":[{\"@type\":\"SearchAction\",\"target\":{\"@type\":\"EntryPoint\",\"urlTemplate\":\"https:\/\/xenonkungen.com\/?s={search_term_string}\"},\"query-input\":{\"@type\":\"PropertyValueSpecification\",\"valueRequired\":true,\"valueName\":\"search_term_string\"}}],\"inLanguage\":\"es\"}]}<\/script>\n<!-- \/ Yoast SEO plugin. -->","yoast_head_json":{"title":"L\u00e1mpara combinada 250FARM - Xenonkungen","robots":{"index":"index","follow":"follow","max-snippet":"max-snippet:-1","max-image-preview":"max-image-preview:large","max-video-preview":"max-video-preview:-1"},"canonical":"https:\/\/xenonkungen.com\/es\/producto\/lampara-combinada-250farm\/","og_locale":"es_ES","og_type":"article","og_title":"Kombinationslampa 250FARM - Xenonkungen","og_description":"Kombinationslampa med Stop-, Bak-, Blinker- och Dimljus Denna kombinationslampa representerar den senaste utvecklingen inom modern belysningsteknik och erbjuder en imponerande upps\u00e4ttning funktioner f\u00f6r fordon och utomhusapplikationer. Med dess kombinerade stopp-, bak-, blinker- och dimljus i ett elegant och modernt utf\u00f6rande \u00e4r denna lampa en utm\u00e4rkt l\u00f6sning som tar belysning till en ny niv\u00e5. L\u00e4ckageskyddad Elektronik [&hellip;]","og_url":"https:\/\/xenonkungen.com\/es\/producto\/lampara-combinada-250farm\/","og_site_name":"Xenonkungen","article_modified_time":"2026-04-10T23:44:52+00:00","og_image":[{"width":600,"height":600,"url":"https:\/\/xenonkungen.com\/wp-content\/uploads\/2025\/04\/10953975-origpic-fa1cd6.jpg","type":"image\/jpeg"}],"twitter_card":"summary_large_image","twitter_misc":{"Tiempo de lectura":"2 minutos"},"schema":{"@context":"https:\/\/schema.org","@graph":[{"@type":"WebPage","@id":"https:\/\/xenonkungen.com\/nl\/product\/combinatielamp-250farm\/","url":"https:\/\/xenonkungen.com\/nl\/product\/combinatielamp-250farm\/","name":"L\u00e1mpara combinada 250FARM - Xenonkungen","isPartOf":{"@id":"https:\/\/xenonkungen.com\/#website"},"primaryImageOfPage":{"@id":"https:\/\/xenonkungen.com\/nl\/product\/combinatielamp-250farm\/#primaryimage"},"image":{"@id":"https:\/\/xenonkungen.com\/nl\/product\/combinatielamp-250farm\/#primaryimage"},"thumbnailUrl":"https:\/\/xenonkungen.com\/wp-content\/uploads\/2025\/04\/10953975-origpic-fa1cd6.jpg","datePublished":"2025-04-15T09:50:50+00:00","dateModified":"2026-04-10T23:44:52+00:00","breadcrumb":{"@id":"https:\/\/xenonkungen.com\/nl\/product\/combinatielamp-250farm\/#breadcrumb"},"inLanguage":"es","potentialAction":[{"@type":"ReadAction","target":["https:\/\/xenonkungen.com\/nl\/product\/combinatielamp-250farm\/"]}]},{"@type":"ImageObject","inLanguage":"es","@id":"https:\/\/xenonkungen.com\/nl\/product\/combinatielamp-250farm\/#primaryimage","url":"https:\/\/xenonkungen.com\/wp-content\/uploads\/2025\/04\/10953975-origpic-fa1cd6.jpg","contentUrl":"https:\/\/xenonkungen.com\/wp-content\/uploads\/2025\/04\/10953975-origpic-fa1cd6.jpg","width":600,"height":600},{"@type":"BreadcrumbList","@id":"https:\/\/xenonkungen.com\/nl\/product\/combinatielamp-250farm\/#breadcrumb","itemListElement":[{"@type":"ListItem","position":1,"name":"Hem","item":"https:\/\/xenonkungen.com\/"},{"@type":"ListItem","position":2,"name":"Shop","item":"https:\/\/xenonkungen.com\/shop\/"},{"@type":"ListItem","position":3,"name":"Kombinationslampa 250FARM"}]},{"@type":"WebSite","@id":"https:\/\/xenonkungen.com\/#website","url":"https:\/\/xenonkungen.com\/","name":"Xenonkungen","description":"","potentialAction":[{"@type":"SearchAction","target":{"@type":"EntryPoint","urlTemplate":"https:\/\/xenonkungen.com\/?s={search_term_string}"},"query-input":{"@type":"PropertyValueSpecification","valueRequired":true,"valueName":"search_term_string"}}],"inLanguage":"es"}]}},"taxonomy_info":{"anvandningsomrade":[{"value":166,"label":"Lastbil"},{"value":238,"label":"SL\u00c4P"},{"value":2816,"label":"TRAILER"}],"product_brand":[{"value":1252,"label":"LEA"}],"product_cat":[{"value":2552,"label":"Bakljus"}],"pa_fuktskydd-varde-ipxx":[{"value":333,"label":"IP67"}],"pa_godkannande":[{"value":1262,"label":"ECE, EMC"}],"pa_storlek-mm":[{"value":1861,"label":"250x80x24"}],"pa_volt-v":[{"value":348,"label":"12, 24"}]},"featured_image_src_large":["https:\/\/xenonkungen.com\/wp-content\/uploads\/2025\/04\/10953975-origpic-fa1cd6.jpg",600,600,false],"author_info":[],"comment_info":0,"_links":{"self":[{"href":"https:\/\/xenonkungen.com\/es\/wp-json\/wp\/v2\/product\/6934","targetHints":{"allow":["GET"]}}],"collection":[{"href":"https:\/\/xenonkungen.com\/es\/wp-json\/wp\/v2\/product"}],"about":[{"href":"https:\/\/xenonkungen.com\/es\/wp-json\/wp\/v2\/types\/product"}],"replies":[{"embeddable":true,"href":"https:\/\/xenonkungen.com\/es\/wp-json\/wp\/v2\/comments?post=6934"}],"wp:featuredmedia":[{"embeddable":true,"href":"https:\/\/xenonkungen.com\/es\/wp-json\/wp\/v2\/media\/6935"}],"wp:attachment":[{"href":"https:\/\/xenonkungen.com\/es\/wp-json\/wp\/v2\/media?parent=6934"}],"wp:term":[{"taxonomy":"anvandningsomrade","embeddable":true,"href":"https:\/\/xenonkungen.com\/es\/wp-json\/wp\/v2\/anvandningsomrade?post=6934"},{"taxonomy":"bilmarken","embeddable":true,"href":"https:\/\/xenonkungen.com\/es\/wp-json\/wp\/v2\/bilmarken?post=6934"},{"taxonomy":"product_brand","embeddable":true,"href":"https:\/\/xenonkungen.com\/es\/wp-json\/wp\/v2\/product_brand?post=6934"},{"taxonomy":"product_cat","embeddable":true,"href":"https:\/\/xenonkungen.com\/es\/wp-json\/wp\/v2\/product_cat?post=6934"},{"taxonomy":"product_tag","embeddable":true,"href":"https:\/\/xenonkungen.com\/es\/wp-json\/wp\/v2\/product_tag?post=6934"}],"curies":[{"name":"wp","href":"https:\/\/api.w.org\/{rel}","templated":true}]}}