{"id":6970,"date":"2025-04-15T09:51:09","date_gmt":"2025-04-15T09:51:09","guid":{"rendered":"https:\/\/xenonkungen.com\/product\/t-piece-marker-cover\/"},"modified":"2026-03-04T16:54:35","modified_gmt":"2026-03-04T15:54:35","slug":"cubierta-del-marcador-de-pieza-en-t","status":"publish","type":"product","link":"https:\/\/xenonkungen.com\/es\/producto\/cubierta-del-marcador-de-pieza-en-t\/","title":{"rendered":"Cubierta de marcador de pieza en T"},"content":{"rendered":"<h1>Cubierta protectora para el conector del cable marcador en T (LEA-2PT): Para mayor durabilidad<\/h1>\n<p>Esta cubierta protectora est\u00e1 dise\u00f1ada espec\u00edficamente para adaptarse al conector del cable marcador de pieza en T (LEA-2PT) y est\u00e1 destinada a aumentar la durabilidad y proteger la conexi\u00f3n de da\u00f1os y de la intemperie.<\/p>\n<h2>Especificaciones:<\/h2>\n<ul>\n<li>Compatibilidad: Se adapta al conector de cable marcador de pieza en T (LEA-2PT).<\/li>\n<li>Protecci\u00f3n: Protege la conexi\u00f3n de da\u00f1os y de las inclemencias del tiempo.<\/li>\n<p><!-- Om du har fler specifikationer, l\u00e4gg till dem h\u00e4r --><\/ul>","protected":false},"excerpt":{"rendered":"<p>Cubierta protectora para conector de cable marcador en T (LEA-2PT): Mayor durabilidad. Esta cubierta protectora est\u00e1 dise\u00f1ada espec\u00edficamente para el conector de cable marcador en T (LEA-2PT) y est\u00e1 dise\u00f1ada para aumentar la durabilidad y proteger la conexi\u00f3n de da\u00f1os y la intemperie. Especificaciones: Compatibilidad: Compatible con el conector de cable marcador en T (LEA-2PT). Protecci\u00f3n: Protege la conexi\u00f3n de da\u00f1os y la intemperie.<\/p>","protected":false},"featured_media":6971,"comment_status":"closed","ping_status":"open","template":"","meta":{"_acf_changed":false,"_smort_price_nok":"43","_smort_price_dkk":"27","_smort_price_eur":"3.64","_smort_sale_price_nok":"","_smort_sale_price_dkk":"","_smort_sale_price_eur":"","smort_restorder":"","shipmondo_restorder":"","_kad_blocks_custom_css":"","_kad_blocks_head_custom_js":"","_kad_blocks_body_custom_js":"","_kad_blocks_footer_custom_js":"","smort_custom_pricelist_1":"22.4","smort_custom_pricelist_2":"22.4","smort_custom_pricelist_3":"21.28","smort_custom_pricelist_4":"32","smort_custom_pricelist_5":"22.4"},"anvandningsomrade":[166,238,2816],"bilmarken":[],"product_brand":[1252],"product_cat":[2590],"product_tag":[],"class_list":{"0":"post-6970","1":"product","2":"type-product","3":"status-publish","4":"has-post-thumbnail","6":"anvandningsomrade-lastbil","7":"anvandningsomrade-slap","8":"anvandningsomrade-trailer","9":"product_brand-lea","10":"product_cat-kontakter-slap","12":"first","13":"instock","14":"taxable","15":"shipping-taxable","16":"purchasable","17":"product-type-simple"},"bundled_by":["9690","9697","9704"],"bundle_stock_status":"instock","bundle_stock_quantity":6,"bundle_virtual":false,"bundle_layout":"","bundle_add_to_cart_form_location":"","bundle_editable_in_cart":false,"bundle_sold_individually_context":"","bundle_item_grouping":"","bundle_min_size":"","bundle_max_size":"","bundle_price":[],"bundled_items":[],"bundle_sell_ids":[],"acf":[],"yoast_head":"<!-- This site is optimized with the Yoast SEO plugin v27.0 - https:\/\/yoast.com\/product\/yoast-seo-wordpress\/ -->\n<title>T Piece Marker Cover - Xenonkungen<\/title>\n<meta name=\"robots\" content=\"index, follow, max-snippet:-1, max-image-preview:large, max-video-preview:-1\" \/>\n<link rel=\"canonical\" href=\"https:\/\/xenonkungen.com\/es\/producto\/cubierta-del-marcador-de-pieza-en-t\/\" \/>\n<meta property=\"og:locale\" content=\"es_ES\" \/>\n<meta property=\"og:type\" content=\"article\" \/>\n<meta property=\"og:title\" content=\"T Piece Marker Cover - Xenonkungen\" \/>\n<meta property=\"og:description\" content=\"Skyddsh\u00f6lje till T Piece Marker Cable Plug (LEA-2PT): F\u00f6r \u00d6kad H\u00e5llbarhet Denna skyddsh\u00f6lje \u00e4r speciellt utformad f\u00f6r att passa T Piece Marker Cable Plug (LEA-2PT) och syftar till att \u00f6ka h\u00e5llbarheten och skydda anslutningen mot skador och v\u00e4derp\u00e5verkan. Specifikationer: Kompatibilitet: Passar T Piece Marker Cable Plug (LEA-2PT). Skydd: Skyddar anslutningen mot skador och v\u00e4derp\u00e5verkan.\" \/>\n<meta property=\"og:url\" content=\"https:\/\/xenonkungen.com\/es\/producto\/cubierta-del-marcador-de-pieza-en-t\/\" \/>\n<meta property=\"og:site_name\" content=\"Xenonkungen\" \/>\n<meta property=\"article:modified_time\" content=\"2026-03-04T15:54:35+00:00\" \/>\n<meta property=\"og:image\" content=\"https:\/\/xenonkungen.com\/wp-content\/uploads\/2025\/04\/2PTC-800x800-1.jpg\" \/>\n\t<meta property=\"og:image:width\" content=\"800\" \/>\n\t<meta property=\"og:image:height\" content=\"800\" \/>\n\t<meta property=\"og:image:type\" content=\"image\/jpeg\" \/>\n<meta name=\"twitter:card\" content=\"summary_large_image\" \/>\n<script type=\"application\/ld+json\" class=\"yoast-schema-graph\">{\"@context\":\"https:\/\/schema.org\",\"@graph\":[{\"@type\":\"WebPage\",\"@id\":\"https:\/\/xenonkungen.com\/es\/producto\/cubierta-del-marcador-de-pieza-en-t\/\",\"url\":\"https:\/\/xenonkungen.com\/es\/producto\/cubierta-del-marcador-de-pieza-en-t\/\",\"name\":\"T Piece Marker Cover - Xenonkungen\",\"isPartOf\":{\"@id\":\"https:\/\/xenonkungen.com\/#website\"},\"primaryImageOfPage\":{\"@id\":\"https:\/\/xenonkungen.com\/es\/producto\/cubierta-del-marcador-de-pieza-en-t\/#primaryimage\"},\"image\":{\"@id\":\"https:\/\/xenonkungen.com\/es\/producto\/cubierta-del-marcador-de-pieza-en-t\/#primaryimage\"},\"thumbnailUrl\":\"https:\/\/xenonkungen.com\/wp-content\/uploads\/2025\/04\/2PTC-800x800-1.jpg\",\"datePublished\":\"2025-04-15T09:51:09+00:00\",\"dateModified\":\"2026-03-04T15:54:35+00:00\",\"breadcrumb\":{\"@id\":\"https:\/\/xenonkungen.com\/es\/producto\/cubierta-del-marcador-de-pieza-en-t\/#breadcrumb\"},\"inLanguage\":\"es\",\"potentialAction\":[{\"@type\":\"ReadAction\",\"target\":[\"https:\/\/xenonkungen.com\/es\/producto\/cubierta-del-marcador-de-pieza-en-t\/\"]}]},{\"@type\":\"ImageObject\",\"inLanguage\":\"es\",\"@id\":\"https:\/\/xenonkungen.com\/es\/producto\/cubierta-del-marcador-de-pieza-en-t\/#primaryimage\",\"url\":\"https:\/\/xenonkungen.com\/wp-content\/uploads\/2025\/04\/2PTC-800x800-1.jpg\",\"contentUrl\":\"https:\/\/xenonkungen.com\/wp-content\/uploads\/2025\/04\/2PTC-800x800-1.jpg\",\"width\":800,\"height\":800},{\"@type\":\"BreadcrumbList\",\"@id\":\"https:\/\/xenonkungen.com\/es\/producto\/cubierta-del-marcador-de-pieza-en-t\/#breadcrumb\",\"itemListElement\":[{\"@type\":\"ListItem\",\"position\":1,\"name\":\"Hem\",\"item\":\"https:\/\/xenonkungen.com\/\"},{\"@type\":\"ListItem\",\"position\":2,\"name\":\"Shop\",\"item\":\"https:\/\/xenonkungen.com\/shop\/\"},{\"@type\":\"ListItem\",\"position\":3,\"name\":\"T Piece Marker Cover\"}]},{\"@type\":\"WebSite\",\"@id\":\"https:\/\/xenonkungen.com\/#website\",\"url\":\"https:\/\/xenonkungen.com\/\",\"name\":\"Xenonkungen\",\"description\":\"\",\"potentialAction\":[{\"@type\":\"SearchAction\",\"target\":{\"@type\":\"EntryPoint\",\"urlTemplate\":\"https:\/\/xenonkungen.com\/?s={search_term_string}\"},\"query-input\":{\"@type\":\"PropertyValueSpecification\",\"valueRequired\":true,\"valueName\":\"search_term_string\"}}],\"inLanguage\":\"es\"}]}<\/script>\n<!-- \/ Yoast SEO plugin. -->","yoast_head_json":{"title":"Cubierta del marcador de pieza en T - The Xenon King","robots":{"index":"index","follow":"follow","max-snippet":"max-snippet:-1","max-image-preview":"max-image-preview:large","max-video-preview":"max-video-preview:-1"},"canonical":"https:\/\/xenonkungen.com\/es\/producto\/cubierta-del-marcador-de-pieza-en-t\/","og_locale":"es_ES","og_type":"article","og_title":"T Piece Marker Cover - Xenonkungen","og_description":"Skyddsh\u00f6lje till T Piece Marker Cable Plug (LEA-2PT): F\u00f6r \u00d6kad H\u00e5llbarhet Denna skyddsh\u00f6lje \u00e4r speciellt utformad f\u00f6r att passa T Piece Marker Cable Plug (LEA-2PT) och syftar till att \u00f6ka h\u00e5llbarheten och skydda anslutningen mot skador och v\u00e4derp\u00e5verkan. Specifikationer: Kompatibilitet: Passar T Piece Marker Cable Plug (LEA-2PT). Skydd: Skyddar anslutningen mot skador och v\u00e4derp\u00e5verkan.","og_url":"https:\/\/xenonkungen.com\/es\/producto\/cubierta-del-marcador-de-pieza-en-t\/","og_site_name":"Xenonkungen","article_modified_time":"2026-03-04T15:54:35+00:00","og_image":[{"width":800,"height":800,"url":"https:\/\/xenonkungen.com\/wp-content\/uploads\/2025\/04\/2PTC-800x800-1.jpg","type":"image\/jpeg"}],"twitter_card":"summary_large_image","schema":{"@context":"https:\/\/schema.org","@graph":[{"@type":"WebPage","@id":"https:\/\/xenonkungen.com\/es\/producto\/cubierta-del-marcador-de-pieza-en-t\/","url":"https:\/\/xenonkungen.com\/es\/producto\/cubierta-del-marcador-de-pieza-en-t\/","name":"Cubierta del marcador de pieza en T - The Xenon King","isPartOf":{"@id":"https:\/\/xenonkungen.com\/#website"},"primaryImageOfPage":{"@id":"https:\/\/xenonkungen.com\/es\/producto\/cubierta-del-marcador-de-pieza-en-t\/#primaryimage"},"image":{"@id":"https:\/\/xenonkungen.com\/es\/producto\/cubierta-del-marcador-de-pieza-en-t\/#primaryimage"},"thumbnailUrl":"https:\/\/xenonkungen.com\/wp-content\/uploads\/2025\/04\/2PTC-800x800-1.jpg","datePublished":"2025-04-15T09:51:09+00:00","dateModified":"2026-03-04T15:54:35+00:00","breadcrumb":{"@id":"https:\/\/xenonkungen.com\/es\/producto\/cubierta-del-marcador-de-pieza-en-t\/#breadcrumb"},"inLanguage":"es","potentialAction":[{"@type":"ReadAction","target":["https:\/\/xenonkungen.com\/es\/producto\/cubierta-del-marcador-de-pieza-en-t\/"]}]},{"@type":"ImageObject","inLanguage":"es","@id":"https:\/\/xenonkungen.com\/es\/producto\/cubierta-del-marcador-de-pieza-en-t\/#primaryimage","url":"https:\/\/xenonkungen.com\/wp-content\/uploads\/2025\/04\/2PTC-800x800-1.jpg","contentUrl":"https:\/\/xenonkungen.com\/wp-content\/uploads\/2025\/04\/2PTC-800x800-1.jpg","width":800,"height":800},{"@type":"BreadcrumbList","@id":"https:\/\/xenonkungen.com\/es\/producto\/cubierta-del-marcador-de-pieza-en-t\/#breadcrumb","itemListElement":[{"@type":"ListItem","position":1,"name":"Hem","item":"https:\/\/xenonkungen.com\/"},{"@type":"ListItem","position":2,"name":"Shop","item":"https:\/\/xenonkungen.com\/shop\/"},{"@type":"ListItem","position":3,"name":"T Piece Marker Cover"}]},{"@type":"WebSite","@id":"https:\/\/xenonkungen.com\/#website","url":"https:\/\/xenonkungen.com\/","name":"Xenonkungen","description":"","potentialAction":[{"@type":"SearchAction","target":{"@type":"EntryPoint","urlTemplate":"https:\/\/xenonkungen.com\/?s={search_term_string}"},"query-input":{"@type":"PropertyValueSpecification","valueRequired":true,"valueName":"search_term_string"}}],"inLanguage":"es"}]}},"taxonomy_info":{"anvandningsomrade":[{"value":166,"label":"Lastbil"},{"value":238,"label":"SL\u00c4P"},{"value":2816,"label":"TRAILER"}],"product_brand":[{"value":1252,"label":"LEA"}],"product_cat":[{"value":2590,"label":"Kontakter"}]},"featured_image_src_large":["https:\/\/xenonkungen.com\/wp-content\/uploads\/2025\/04\/2PTC-800x800-1.jpg",800,800,false],"author_info":[],"comment_info":0,"_links":{"self":[{"href":"https:\/\/xenonkungen.com\/es\/wp-json\/wp\/v2\/product\/6970","targetHints":{"allow":["GET"]}}],"collection":[{"href":"https:\/\/xenonkungen.com\/es\/wp-json\/wp\/v2\/product"}],"about":[{"href":"https:\/\/xenonkungen.com\/es\/wp-json\/wp\/v2\/types\/product"}],"replies":[{"embeddable":true,"href":"https:\/\/xenonkungen.com\/es\/wp-json\/wp\/v2\/comments?post=6970"}],"wp:featuredmedia":[{"embeddable":true,"href":"https:\/\/xenonkungen.com\/es\/wp-json\/wp\/v2\/media\/6971"}],"wp:attachment":[{"href":"https:\/\/xenonkungen.com\/es\/wp-json\/wp\/v2\/media?parent=6970"}],"wp:term":[{"taxonomy":"anvandningsomrade","embeddable":true,"href":"https:\/\/xenonkungen.com\/es\/wp-json\/wp\/v2\/anvandningsomrade?post=6970"},{"taxonomy":"bilmarken","embeddable":true,"href":"https:\/\/xenonkungen.com\/es\/wp-json\/wp\/v2\/bilmarken?post=6970"},{"taxonomy":"product_brand","embeddable":true,"href":"https:\/\/xenonkungen.com\/es\/wp-json\/wp\/v2\/product_brand?post=6970"},{"taxonomy":"product_cat","embeddable":true,"href":"https:\/\/xenonkungen.com\/es\/wp-json\/wp\/v2\/product_cat?post=6970"},{"taxonomy":"product_tag","embeddable":true,"href":"https:\/\/xenonkungen.com\/es\/wp-json\/wp\/v2\/product_tag?post=6970"}],"curies":[{"name":"wp","href":"https:\/\/api.w.org\/{rel}","templated":true}]}}