{"id":6992,"date":"2025-04-15T09:51:22","date_gmt":"2025-04-15T09:51:22","guid":{"rendered":"https:\/\/xenonkungen.com\/product\/kombinationslampa-355barwml-black-left\/"},"modified":"2026-04-11T00:45:35","modified_gmt":"2026-04-10T23:45:35","slug":"lampara-combinada-355barwml-negra-izquierda","status":"publish","type":"product","link":"https:\/\/xenonkungen.com\/es\/producto\/lampara-combinada-355barwml-negra-izquierda\/","title":{"rendered":"Piloto combinado 355BARWML Negro | Izquierda"},"content":{"rendered":"<h1>LED Autolamps Serie 355 - Luces traseras elegantes e innovadoras para todos los veh\u00edculos<\/h1>\n<p>Lleve la iluminaci\u00f3n de su veh\u00edculo al siguiente nivel con <strong>Luces LED para coche Serie 355<\/strong> - una combinaci\u00f3n perfecta de dise\u00f1o moderno y funcionalidad avanzada. Con sus elegantes faros traseros difusos de tipo glow-track y sus intermitentes secuenciales progresivos, estas luces ofrecen no solo seguridad, sino tambi\u00e9n una actualizaci\u00f3n visualmente impactante para su veh\u00edculo.<\/p>\n<h3>Soluci\u00f3n todo en uno para simplicidad y rendimiento<\/h3>\n<p>La serie 355 ofrece versatilidad y calidad en una unidad sellada que combina:<\/p>\n<ul>\n<li><strong>Luces de freno y traseras<\/strong><\/li>\n<li><strong>Intermitentes<\/strong><\/li>\n<li><strong>Luz de marcha atr\u00e1s y reflector<br \/><\/strong><\/li>\n<\/ul>\n<h3><strong>C\u00f3digos de color de los acoplamientos<\/strong><\/h3>\n<ul>\n<li>MARRON: Luz trasera [+]<\/li>\n<li>ROJO: Luz de freno [+]<\/li>\n<li>NEGRO: Luz de fondo [+]<\/li>\n<li>AMARILLO \/ VERDE: Intermitentes [+]<\/li>\n<li>BLANCO: Tierra [-]<\/li>\n<\/ul>\n<h3>Fabricado para durar en cualquier entorno<\/h3>\n<p>Estas luces traseras est\u00e1n dise\u00f1adas para soportar las condiciones m\u00e1s duras. Con una construcci\u00f3n robusta que es:<\/p>\n<ul>\n<li><strong>Protecci\u00f3n IP67:<\/strong> Totalmente resistente al polvo y al agua<\/li>\n<li><strong>Resistente a golpes y vibraciones<\/strong><\/li>\n<li><strong>5 a\u00f1os de garant\u00eda:<\/strong> Para mayor seguridad y tranquilidad<\/li>\n<\/ul>\n<h3>Tecnolog\u00eda LED de bajo consumo<\/h3>\n<p>Con la \u00faltima <strong>Tecnolog\u00eda LED<\/strong> ofrece la serie 355:<\/p>\n<ul>\n<li>Larga vida \u00fatil del producto<\/li>\n<li>Menor consumo de energ\u00eda para proteger la bater\u00eda<\/li>\n<li>Brillo visible, incluso en condiciones clim\u00e1ticas adversas<\/li>\n<\/ul>\n<h3>Versatilidad para todos los veh\u00edculos<\/h3>\n<p>Med <strong>Compatibilidad multivoltaje 12\/24 V<\/strong> estas luces son perfectas para una variedad de veh\u00edculos, incluyendo:<\/p>\n<ul>\n<li>Transformaci\u00f3n de furgonetas<\/li>\n<li>Veh\u00edculo utilitario<\/li>\n<li>Veh\u00edculos comerciales y privados<\/li>\n<\/ul>\n<p><strong>Descubra la diferencia con la serie LED Autolamps 355, donde el estilo se une a la durabilidad y la innovaci\u00f3n.<\/strong><\/p>","protected":false},"excerpt":{"rendered":"<p><strong>Linterna izquierda<\/strong><\/p>\n<p>- Dise\u00f1o negro<br \/>- 12\/24 V multitensi\u00f3n<br \/>- Secuencia progresiva de indicadores<br \/>- Luz trasera difusa \"glow-track<br \/>- Totalmente homologado por la CEPE<br \/>- IP67 - totalmente impermeable<br \/>- 5 a\u00f1os de garant\u00eda<br \/>- Tecnolog\u00eda LED de alta eficiencia<br \/>- Probado contra golpes y vibraciones<\/p>","protected":false},"featured_media":6993,"comment_status":"closed","ping_status":"open","template":"","meta":{"_acf_changed":false,"_smort_price_nok":"1810","_smort_price_dkk":"1150","_smort_price_eur":"154.08","_smort_sale_price_nok":"","_smort_sale_price_dkk":"","_smort_sale_price_eur":"","smort_restorder":"","shipmondo_restorder":"","_kad_blocks_custom_css":"","_kad_blocks_head_custom_js":"","_kad_blocks_body_custom_js":"","_kad_blocks_footer_custom_js":"","smort_custom_pricelist_1":"1084.8","smort_custom_pricelist_2":"949.2","smort_custom_pricelist_3":"881.4","smort_custom_pricelist_4":"1356","smort_custom_pricelist_5":"949.2"},"anvandningsomrade":[166,238,2816],"bilmarken":[],"product_brand":[1252],"product_cat":[2552],"product_tag":[],"class_list":{"0":"post-6992","1":"product","2":"type-product","3":"status-publish","4":"has-post-thumbnail","6":"anvandningsomrade-lastbil","7":"anvandningsomrade-slap","8":"anvandningsomrade-trailer","9":"product_brand-lea","10":"product_cat-bakljus-slap","11":"pa_fuktskydd-varde-ipxx-ip67","12":"pa_godkannande-ece-r10-r3-r6-r7-r23","13":"pa_storlek-mm-356x86x35","14":"pa_volt-v-12-24","16":"first","17":"instock","18":"taxable","19":"shipping-taxable","20":"purchasable","21":"product-type-simple"},"bundled_by":[],"bundle_stock_status":"instock","bundle_stock_quantity":4,"bundle_virtual":false,"bundle_layout":"","bundle_add_to_cart_form_location":"","bundle_editable_in_cart":false,"bundle_sold_individually_context":"","bundle_item_grouping":"","bundle_min_size":"","bundle_max_size":"","bundle_price":[],"bundled_items":[],"bundle_sell_ids":[],"acf":[],"yoast_head":"<!-- This site is optimized with the Yoast SEO plugin v27.0 - https:\/\/yoast.com\/product\/yoast-seo-wordpress\/ -->\n<title>Kombinationslampa 355BARWML Black | Left - Xenonkungen<\/title>\n<meta name=\"robots\" content=\"index, follow, max-snippet:-1, max-image-preview:large, max-video-preview:-1\" \/>\n<link rel=\"canonical\" href=\"https:\/\/xenonkungen.com\/es\/producto\/lampara-combinada-355barwml-negra-izquierda\/\" \/>\n<meta property=\"og:locale\" content=\"es_ES\" \/>\n<meta property=\"og:type\" content=\"article\" \/>\n<meta property=\"og:title\" content=\"Kombinationslampa 355BARWML Black | Left - Xenonkungen\" \/>\n<meta property=\"og:description\" content=\"V\u00e4nster Lykta\u2022 Svart Design\u2022 12\/24V multivolt\u2022 Progressiv indikatorsekvens\u2022 Diffusat &#039;glow-track&#039; bakljus\u2022 Helt ECE-godk\u00e4nd\u2022 IP67 \u2013 helt vattent\u00e4t\u2022 5 \u00e5rs garanti\u2022 Mycket effektiv LED-teknik\u2022 St\u00f6t- och vibrationstestade\" \/>\n<meta property=\"og:url\" content=\"https:\/\/xenonkungen.com\/es\/producto\/lampara-combinada-355barwml-negra-izquierda\/\" \/>\n<meta property=\"og:site_name\" content=\"Xenonkungen\" \/>\n<meta property=\"article:modified_time\" content=\"2026-04-10T23:45:35+00:00\" \/>\n<meta property=\"og:image\" content=\"https:\/\/xenonkungen.com\/wp-content\/uploads\/2025\/04\/190276689-origpic-b4ddd8.jpg\" \/>\n\t<meta property=\"og:image:width\" content=\"800\" \/>\n\t<meta property=\"og:image:height\" content=\"800\" \/>\n\t<meta property=\"og:image:type\" content=\"image\/jpeg\" \/>\n<meta name=\"twitter:card\" content=\"summary_large_image\" \/>\n<meta name=\"twitter:label1\" content=\"Tiempo de lectura\" \/>\n\t<meta name=\"twitter:data1\" content=\"1 minuto\" \/>\n<script type=\"application\/ld+json\" class=\"yoast-schema-graph\">{\"@context\":\"https:\/\/schema.org\",\"@graph\":[{\"@type\":\"WebPage\",\"@id\":\"https:\/\/xenonkungen.com\/nl\/product\/combinatielamp-355barwml-zwart-links\/\",\"url\":\"https:\/\/xenonkungen.com\/nl\/product\/combinatielamp-355barwml-zwart-links\/\",\"name\":\"Kombinationslampa 355BARWML Black | Left - Xenonkungen\",\"isPartOf\":{\"@id\":\"https:\/\/xenonkungen.com\/#website\"},\"primaryImageOfPage\":{\"@id\":\"https:\/\/xenonkungen.com\/nl\/product\/combinatielamp-355barwml-zwart-links\/#primaryimage\"},\"image\":{\"@id\":\"https:\/\/xenonkungen.com\/nl\/product\/combinatielamp-355barwml-zwart-links\/#primaryimage\"},\"thumbnailUrl\":\"https:\/\/xenonkungen.com\/wp-content\/uploads\/2025\/04\/190276689-origpic-b4ddd8.jpg\",\"datePublished\":\"2025-04-15T09:51:22+00:00\",\"dateModified\":\"2026-04-10T23:45:35+00:00\",\"breadcrumb\":{\"@id\":\"https:\/\/xenonkungen.com\/nl\/product\/combinatielamp-355barwml-zwart-links\/#breadcrumb\"},\"inLanguage\":\"es\",\"potentialAction\":[{\"@type\":\"ReadAction\",\"target\":[\"https:\/\/xenonkungen.com\/nl\/product\/combinatielamp-355barwml-zwart-links\/\"]}]},{\"@type\":\"ImageObject\",\"inLanguage\":\"es\",\"@id\":\"https:\/\/xenonkungen.com\/nl\/product\/combinatielamp-355barwml-zwart-links\/#primaryimage\",\"url\":\"https:\/\/xenonkungen.com\/wp-content\/uploads\/2025\/04\/190276689-origpic-b4ddd8.jpg\",\"contentUrl\":\"https:\/\/xenonkungen.com\/wp-content\/uploads\/2025\/04\/190276689-origpic-b4ddd8.jpg\",\"width\":800,\"height\":800},{\"@type\":\"BreadcrumbList\",\"@id\":\"https:\/\/xenonkungen.com\/nl\/product\/combinatielamp-355barwml-zwart-links\/#breadcrumb\",\"itemListElement\":[{\"@type\":\"ListItem\",\"position\":1,\"name\":\"Hem\",\"item\":\"https:\/\/xenonkungen.com\/\"},{\"@type\":\"ListItem\",\"position\":2,\"name\":\"Shop\",\"item\":\"https:\/\/xenonkungen.com\/shop\/\"},{\"@type\":\"ListItem\",\"position\":3,\"name\":\"Kombinationslampa 355BARWML Black | Left\"}]},{\"@type\":\"WebSite\",\"@id\":\"https:\/\/xenonkungen.com\/#website\",\"url\":\"https:\/\/xenonkungen.com\/\",\"name\":\"Xenonkungen\",\"description\":\"\",\"potentialAction\":[{\"@type\":\"SearchAction\",\"target\":{\"@type\":\"EntryPoint\",\"urlTemplate\":\"https:\/\/xenonkungen.com\/?s={search_term_string}\"},\"query-input\":{\"@type\":\"PropertyValueSpecification\",\"valueRequired\":true,\"valueName\":\"search_term_string\"}}],\"inLanguage\":\"es\"}]}<\/script>\n<!-- \/ Yoast SEO plugin. -->","yoast_head_json":{"title":"L\u00e1mpara combinada 355BARWML Negra | Izquierda - El Rey del Xen\u00f3n","robots":{"index":"index","follow":"follow","max-snippet":"max-snippet:-1","max-image-preview":"max-image-preview:large","max-video-preview":"max-video-preview:-1"},"canonical":"https:\/\/xenonkungen.com\/es\/producto\/lampara-combinada-355barwml-negra-izquierda\/","og_locale":"es_ES","og_type":"article","og_title":"Kombinationslampa 355BARWML Black | Left - Xenonkungen","og_description":"V\u00e4nster Lykta\u2022 Svart Design\u2022 12\/24V multivolt\u2022 Progressiv indikatorsekvens\u2022 Diffusat 'glow-track' bakljus\u2022 Helt ECE-godk\u00e4nd\u2022 IP67 \u2013 helt vattent\u00e4t\u2022 5 \u00e5rs garanti\u2022 Mycket effektiv LED-teknik\u2022 St\u00f6t- och vibrationstestade","og_url":"https:\/\/xenonkungen.com\/es\/producto\/lampara-combinada-355barwml-negra-izquierda\/","og_site_name":"Xenonkungen","article_modified_time":"2026-04-10T23:45:35+00:00","og_image":[{"width":800,"height":800,"url":"https:\/\/xenonkungen.com\/wp-content\/uploads\/2025\/04\/190276689-origpic-b4ddd8.jpg","type":"image\/jpeg"}],"twitter_card":"summary_large_image","twitter_misc":{"Tiempo de lectura":"1 minuto"},"schema":{"@context":"https:\/\/schema.org","@graph":[{"@type":"WebPage","@id":"https:\/\/xenonkungen.com\/nl\/product\/combinatielamp-355barwml-zwart-links\/","url":"https:\/\/xenonkungen.com\/nl\/product\/combinatielamp-355barwml-zwart-links\/","name":"L\u00e1mpara combinada 355BARWML Negra | Izquierda - El Rey del Xen\u00f3n","isPartOf":{"@id":"https:\/\/xenonkungen.com\/#website"},"primaryImageOfPage":{"@id":"https:\/\/xenonkungen.com\/nl\/product\/combinatielamp-355barwml-zwart-links\/#primaryimage"},"image":{"@id":"https:\/\/xenonkungen.com\/nl\/product\/combinatielamp-355barwml-zwart-links\/#primaryimage"},"thumbnailUrl":"https:\/\/xenonkungen.com\/wp-content\/uploads\/2025\/04\/190276689-origpic-b4ddd8.jpg","datePublished":"2025-04-15T09:51:22+00:00","dateModified":"2026-04-10T23:45:35+00:00","breadcrumb":{"@id":"https:\/\/xenonkungen.com\/nl\/product\/combinatielamp-355barwml-zwart-links\/#breadcrumb"},"inLanguage":"es","potentialAction":[{"@type":"ReadAction","target":["https:\/\/xenonkungen.com\/nl\/product\/combinatielamp-355barwml-zwart-links\/"]}]},{"@type":"ImageObject","inLanguage":"es","@id":"https:\/\/xenonkungen.com\/nl\/product\/combinatielamp-355barwml-zwart-links\/#primaryimage","url":"https:\/\/xenonkungen.com\/wp-content\/uploads\/2025\/04\/190276689-origpic-b4ddd8.jpg","contentUrl":"https:\/\/xenonkungen.com\/wp-content\/uploads\/2025\/04\/190276689-origpic-b4ddd8.jpg","width":800,"height":800},{"@type":"BreadcrumbList","@id":"https:\/\/xenonkungen.com\/nl\/product\/combinatielamp-355barwml-zwart-links\/#breadcrumb","itemListElement":[{"@type":"ListItem","position":1,"name":"Hem","item":"https:\/\/xenonkungen.com\/"},{"@type":"ListItem","position":2,"name":"Shop","item":"https:\/\/xenonkungen.com\/shop\/"},{"@type":"ListItem","position":3,"name":"Kombinationslampa 355BARWML Black | Left"}]},{"@type":"WebSite","@id":"https:\/\/xenonkungen.com\/#website","url":"https:\/\/xenonkungen.com\/","name":"Xenonkungen","description":"","potentialAction":[{"@type":"SearchAction","target":{"@type":"EntryPoint","urlTemplate":"https:\/\/xenonkungen.com\/?s={search_term_string}"},"query-input":{"@type":"PropertyValueSpecification","valueRequired":true,"valueName":"search_term_string"}}],"inLanguage":"es"}]}},"taxonomy_info":{"anvandningsomrade":[{"value":166,"label":"Lastbil"},{"value":238,"label":"SL\u00c4P"},{"value":2816,"label":"TRAILER"}],"product_brand":[{"value":1252,"label":"LEA"}],"product_cat":[{"value":2552,"label":"Bakljus"}],"pa_fuktskydd-varde-ipxx":[{"value":333,"label":"IP67"}],"pa_godkannande":[{"value":1867,"label":"ECE, R10, R3, R6, R7, R23"}],"pa_storlek-mm":[{"value":1866,"label":"356x86x35"}],"pa_volt-v":[{"value":348,"label":"12, 24"}]},"featured_image_src_large":["https:\/\/xenonkungen.com\/wp-content\/uploads\/2025\/04\/190276689-origpic-b4ddd8.jpg",800,800,false],"author_info":[],"comment_info":0,"_links":{"self":[{"href":"https:\/\/xenonkungen.com\/es\/wp-json\/wp\/v2\/product\/6992","targetHints":{"allow":["GET"]}}],"collection":[{"href":"https:\/\/xenonkungen.com\/es\/wp-json\/wp\/v2\/product"}],"about":[{"href":"https:\/\/xenonkungen.com\/es\/wp-json\/wp\/v2\/types\/product"}],"replies":[{"embeddable":true,"href":"https:\/\/xenonkungen.com\/es\/wp-json\/wp\/v2\/comments?post=6992"}],"wp:featuredmedia":[{"embeddable":true,"href":"https:\/\/xenonkungen.com\/es\/wp-json\/wp\/v2\/media\/6993"}],"wp:attachment":[{"href":"https:\/\/xenonkungen.com\/es\/wp-json\/wp\/v2\/media?parent=6992"}],"wp:term":[{"taxonomy":"anvandningsomrade","embeddable":true,"href":"https:\/\/xenonkungen.com\/es\/wp-json\/wp\/v2\/anvandningsomrade?post=6992"},{"taxonomy":"bilmarken","embeddable":true,"href":"https:\/\/xenonkungen.com\/es\/wp-json\/wp\/v2\/bilmarken?post=6992"},{"taxonomy":"product_brand","embeddable":true,"href":"https:\/\/xenonkungen.com\/es\/wp-json\/wp\/v2\/product_brand?post=6992"},{"taxonomy":"product_cat","embeddable":true,"href":"https:\/\/xenonkungen.com\/es\/wp-json\/wp\/v2\/product_cat?post=6992"},{"taxonomy":"product_tag","embeddable":true,"href":"https:\/\/xenonkungen.com\/es\/wp-json\/wp\/v2\/product_tag?post=6992"}],"curies":[{"name":"wp","href":"https:\/\/api.w.org\/{rel}","templated":true}]}}