{"id":7016,"date":"2025-04-15T09:51:41","date_gmt":"2025-04-15T09:51:41","guid":{"rendered":"https:\/\/xenonkungen.com\/product\/abs-markeringsljus-4led-gron-chrome\/"},"modified":"2026-04-11T00:45:52","modified_gmt":"2026-04-10T23:45:52","slug":"luz-de-posicion-abs-4-led-verde-cromada","status":"publish","type":"product","link":"https:\/\/xenonkungen.com\/es\/producto\/luz-de-posicion-abs-4-led-verde-cromada\/","title":{"rendered":"Piloto de se\u00f1alizaci\u00f3n ABS 4LED Verde Cromado"},"content":{"rendered":"<h1>Luz de posici\u00f3n LED moderna con acabado cromado<\/h1>\n<p>Esta elegante y funcional luz de posici\u00f3n LED es una excelente mejora para cualquier tipo de veh\u00edculo, ya que combina estilo y rendimiento. Con cuatro LED brillantes enmarcados en un llamativo borde cromado, esta luz proporciona una iluminaci\u00f3n distintiva y atractiva. Su dise\u00f1o robusto incluye pl\u00e1stico ABS para mayor durabilidad y resistencia a los impactos, as\u00ed como componentes electr\u00f3nicos sellados que garantizan un funcionamiento fiable y seguro en cualquier condici\u00f3n.<\/p>\n<h2>Especificaciones:<\/h2>\n<ul>\n<li><span class=\"highlight\">Cantidad de LED:<\/span> 4 fuentes de luz LED de alta intensidad para una iluminaci\u00f3n \u00f3ptima.<\/li>\n<li><span class=\"highlight\">Finalizar:<\/span> Una llamativa carcasa cromada.<\/li>\n<li><span class=\"highlight\">Material:<\/span> Carcasa de pl\u00e1stico ABS con acabado cromado.<\/li>\n<li><span class=\"highlight\">Protecci\u00f3n:<\/span> Electr\u00f3nica sellada contra fugas.<\/li>\n<\/ul>\n<h2>Caracter\u00edsticas:<\/h2>\n<ul>\n<li>Iluminaci\u00f3n \u00f3ptima gracias a fuentes de luz LED de alta intensidad.<\/li>\n<li>Dise\u00f1o moderno y llamativo con acabado cromado.<\/li>\n<li>Uso duradero y fiable con componentes electr\u00f3nicos a prueba de fugas.<\/li>\n<li>Uso vers\u00e1til en una variedad de tipos de veh\u00edculos.<\/li>\n<\/ul>","protected":false},"excerpt":{"rendered":"<p>Modern LED Markeringslampa med Kromfinish Denna eleganta och funktionella LED markeringslampa \u00e4r en utm\u00e4rkt uppgradering f\u00f6r alla typer av fordon, erbjudande en kombination av stil och prestanda. Med fyra ljusstarka LED:er inkapslade i en sl\u00e5ende kromsarg, ger denna lampa en distinkt och attraktiv belysning. Dess robusta design inkluderar ABS-plast f\u00f6r \u00f6kad h\u00e5llbarhet och motst\u00e5ndskraft mot [&hellip;]<\/p>","protected":false},"featured_media":7017,"comment_status":"closed","ping_status":"open","template":"","meta":{"_acf_changed":false,"_smort_price_nok":"320","_smort_price_dkk":"204","_smort_price_eur":"27.27","_smort_sale_price_nok":"","_smort_sale_price_dkk":"","_smort_sale_price_eur":"","smort_restorder":"","shipmondo_restorder":"","_kad_blocks_custom_css":"","_kad_blocks_head_custom_js":"","_kad_blocks_body_custom_js":"","_kad_blocks_footer_custom_js":"","smort_custom_pricelist_1":"168","smort_custom_pricelist_2":"168","smort_custom_pricelist_3":"159.6","smort_custom_pricelist_4":"240","smort_custom_pricelist_5":"168"},"anvandningsomrade":[166,238,2816],"bilmarken":[],"product_brand":[1252],"product_cat":[2478],"product_tag":[],"class_list":{"0":"post-7016","1":"product","2":"type-product","3":"status-publish","4":"has-post-thumbnail","6":"anvandningsomrade-lastbil","7":"anvandningsomrade-slap","8":"anvandningsomrade-trailer","9":"product_brand-lea","10":"product_cat-positionsljus-slap","11":"pa_fuktskydd-varde-ipxx-ip67","12":"pa_godkannande-ece-r10","13":"pa_storlek-mm-58x35x19","14":"pa_stromforbrukning-002a-28v","15":"pa_stromforbrukning-004a-138v","16":"pa_volt-v-12-24","18":"first","19":"onbackorder","20":"taxable","21":"shipping-taxable","22":"purchasable","23":"product-type-simple"},"bundled_by":[],"bundle_stock_status":"onbackorder","bundle_stock_quantity":0,"bundle_virtual":false,"bundle_layout":"","bundle_add_to_cart_form_location":"","bundle_editable_in_cart":false,"bundle_sold_individually_context":"","bundle_item_grouping":"","bundle_min_size":"","bundle_max_size":"","bundle_price":[],"bundled_items":[],"bundle_sell_ids":[],"acf":[],"yoast_head":"<!-- This site is optimized with the Yoast SEO plugin v27.0 - https:\/\/yoast.com\/product\/yoast-seo-wordpress\/ -->\n<title>ABS Markeringsljus 4LED Gr\u00f6n Chrome - Xenonkungen<\/title>\n<meta name=\"robots\" content=\"index, follow, max-snippet:-1, max-image-preview:large, max-video-preview:-1\" \/>\n<link rel=\"canonical\" href=\"https:\/\/xenonkungen.com\/es\/producto\/luz-de-posicion-abs-4-led-verde-cromada\/\" \/>\n<meta property=\"og:locale\" content=\"es_ES\" \/>\n<meta property=\"og:type\" content=\"article\" \/>\n<meta property=\"og:title\" content=\"ABS Markeringsljus 4LED Gr\u00f6n Chrome - Xenonkungen\" \/>\n<meta property=\"og:description\" content=\"Modern LED Markeringslampa med Kromfinish Denna eleganta och funktionella LED markeringslampa \u00e4r en utm\u00e4rkt uppgradering f\u00f6r alla typer av fordon, erbjudande en kombination av stil och prestanda. Med fyra ljusstarka LED:er inkapslade i en sl\u00e5ende kromsarg, ger denna lampa en distinkt och attraktiv belysning. Dess robusta design inkluderar ABS-plast f\u00f6r \u00f6kad h\u00e5llbarhet och motst\u00e5ndskraft mot [&hellip;]\" \/>\n<meta property=\"og:url\" content=\"https:\/\/xenonkungen.com\/es\/producto\/luz-de-posicion-abs-4-led-verde-cromada\/\" \/>\n<meta property=\"og:site_name\" content=\"Xenonkungen\" \/>\n<meta property=\"article:modified_time\" content=\"2026-04-10T23:45:52+00:00\" \/>\n<meta property=\"og:image\" content=\"https:\/\/xenonkungen.com\/wp-content\/uploads\/2025\/04\/7324261-origpic-d6afa2.jpg\" \/>\n\t<meta property=\"og:image:width\" content=\"600\" \/>\n\t<meta property=\"og:image:height\" content=\"600\" \/>\n\t<meta property=\"og:image:type\" content=\"image\/jpeg\" \/>\n<meta name=\"twitter:card\" content=\"summary_large_image\" \/>\n<meta name=\"twitter:label1\" content=\"Tiempo de lectura\" \/>\n\t<meta name=\"twitter:data1\" content=\"1 minuto\" \/>\n<script type=\"application\/ld+json\" class=\"yoast-schema-graph\">{\"@context\":\"https:\/\/schema.org\",\"@graph\":[{\"@type\":\"WebPage\",\"@id\":\"https:\/\/xenonkungen.com\/dk\/vare\/abs-markeringslys-4-led-gron-krom\/\",\"url\":\"https:\/\/xenonkungen.com\/dk\/vare\/abs-markeringslys-4-led-gron-krom\/\",\"name\":\"ABS Markeringsljus 4LED Gr\u00f6n Chrome - Xenonkungen\",\"isPartOf\":{\"@id\":\"https:\/\/xenonkungen.com\/#website\"},\"primaryImageOfPage\":{\"@id\":\"https:\/\/xenonkungen.com\/dk\/vare\/abs-markeringslys-4-led-gron-krom\/#primaryimage\"},\"image\":{\"@id\":\"https:\/\/xenonkungen.com\/dk\/vare\/abs-markeringslys-4-led-gron-krom\/#primaryimage\"},\"thumbnailUrl\":\"https:\/\/xenonkungen.com\/wp-content\/uploads\/2025\/04\/7324261-origpic-d6afa2.jpg\",\"datePublished\":\"2025-04-15T09:51:41+00:00\",\"dateModified\":\"2026-04-10T23:45:52+00:00\",\"breadcrumb\":{\"@id\":\"https:\/\/xenonkungen.com\/dk\/vare\/abs-markeringslys-4-led-gron-krom\/#breadcrumb\"},\"inLanguage\":\"es\",\"potentialAction\":[{\"@type\":\"ReadAction\",\"target\":[\"https:\/\/xenonkungen.com\/dk\/vare\/abs-markeringslys-4-led-gron-krom\/\"]}]},{\"@type\":\"ImageObject\",\"inLanguage\":\"es\",\"@id\":\"https:\/\/xenonkungen.com\/dk\/vare\/abs-markeringslys-4-led-gron-krom\/#primaryimage\",\"url\":\"https:\/\/xenonkungen.com\/wp-content\/uploads\/2025\/04\/7324261-origpic-d6afa2.jpg\",\"contentUrl\":\"https:\/\/xenonkungen.com\/wp-content\/uploads\/2025\/04\/7324261-origpic-d6afa2.jpg\",\"width\":600,\"height\":600},{\"@type\":\"BreadcrumbList\",\"@id\":\"https:\/\/xenonkungen.com\/dk\/vare\/abs-markeringslys-4-led-gron-krom\/#breadcrumb\",\"itemListElement\":[{\"@type\":\"ListItem\",\"position\":1,\"name\":\"Hem\",\"item\":\"https:\/\/xenonkungen.com\/\"},{\"@type\":\"ListItem\",\"position\":2,\"name\":\"Shop\",\"item\":\"https:\/\/xenonkungen.com\/shop\/\"},{\"@type\":\"ListItem\",\"position\":3,\"name\":\"ABS Markeringsljus 4LED Gr\u00f6n Chrome\"}]},{\"@type\":\"WebSite\",\"@id\":\"https:\/\/xenonkungen.com\/#website\",\"url\":\"https:\/\/xenonkungen.com\/\",\"name\":\"Xenonkungen\",\"description\":\"\",\"potentialAction\":[{\"@type\":\"SearchAction\",\"target\":{\"@type\":\"EntryPoint\",\"urlTemplate\":\"https:\/\/xenonkungen.com\/?s={search_term_string}\"},\"query-input\":{\"@type\":\"PropertyValueSpecification\",\"valueRequired\":true,\"valueName\":\"search_term_string\"}}],\"inLanguage\":\"es\"}]}<\/script>\n<!-- \/ Yoast SEO plugin. -->","yoast_head_json":{"title":"Luz de posici\u00f3n ABS 4LED verde cromada - Xenonkungen","robots":{"index":"index","follow":"follow","max-snippet":"max-snippet:-1","max-image-preview":"max-image-preview:large","max-video-preview":"max-video-preview:-1"},"canonical":"https:\/\/xenonkungen.com\/es\/producto\/luz-de-posicion-abs-4-led-verde-cromada\/","og_locale":"es_ES","og_type":"article","og_title":"ABS Markeringsljus 4LED Gr\u00f6n Chrome - Xenonkungen","og_description":"Modern LED Markeringslampa med Kromfinish Denna eleganta och funktionella LED markeringslampa \u00e4r en utm\u00e4rkt uppgradering f\u00f6r alla typer av fordon, erbjudande en kombination av stil och prestanda. Med fyra ljusstarka LED:er inkapslade i en sl\u00e5ende kromsarg, ger denna lampa en distinkt och attraktiv belysning. Dess robusta design inkluderar ABS-plast f\u00f6r \u00f6kad h\u00e5llbarhet och motst\u00e5ndskraft mot [&hellip;]","og_url":"https:\/\/xenonkungen.com\/es\/producto\/luz-de-posicion-abs-4-led-verde-cromada\/","og_site_name":"Xenonkungen","article_modified_time":"2026-04-10T23:45:52+00:00","og_image":[{"width":600,"height":600,"url":"https:\/\/xenonkungen.com\/wp-content\/uploads\/2025\/04\/7324261-origpic-d6afa2.jpg","type":"image\/jpeg"}],"twitter_card":"summary_large_image","twitter_misc":{"Tiempo de lectura":"1 minuto"},"schema":{"@context":"https:\/\/schema.org","@graph":[{"@type":"WebPage","@id":"https:\/\/xenonkungen.com\/dk\/vare\/abs-markeringslys-4-led-gron-krom\/","url":"https:\/\/xenonkungen.com\/dk\/vare\/abs-markeringslys-4-led-gron-krom\/","name":"Luz de posici\u00f3n ABS 4LED verde cromada - Xenonkungen","isPartOf":{"@id":"https:\/\/xenonkungen.com\/#website"},"primaryImageOfPage":{"@id":"https:\/\/xenonkungen.com\/dk\/vare\/abs-markeringslys-4-led-gron-krom\/#primaryimage"},"image":{"@id":"https:\/\/xenonkungen.com\/dk\/vare\/abs-markeringslys-4-led-gron-krom\/#primaryimage"},"thumbnailUrl":"https:\/\/xenonkungen.com\/wp-content\/uploads\/2025\/04\/7324261-origpic-d6afa2.jpg","datePublished":"2025-04-15T09:51:41+00:00","dateModified":"2026-04-10T23:45:52+00:00","breadcrumb":{"@id":"https:\/\/xenonkungen.com\/dk\/vare\/abs-markeringslys-4-led-gron-krom\/#breadcrumb"},"inLanguage":"es","potentialAction":[{"@type":"ReadAction","target":["https:\/\/xenonkungen.com\/dk\/vare\/abs-markeringslys-4-led-gron-krom\/"]}]},{"@type":"ImageObject","inLanguage":"es","@id":"https:\/\/xenonkungen.com\/dk\/vare\/abs-markeringslys-4-led-gron-krom\/#primaryimage","url":"https:\/\/xenonkungen.com\/wp-content\/uploads\/2025\/04\/7324261-origpic-d6afa2.jpg","contentUrl":"https:\/\/xenonkungen.com\/wp-content\/uploads\/2025\/04\/7324261-origpic-d6afa2.jpg","width":600,"height":600},{"@type":"BreadcrumbList","@id":"https:\/\/xenonkungen.com\/dk\/vare\/abs-markeringslys-4-led-gron-krom\/#breadcrumb","itemListElement":[{"@type":"ListItem","position":1,"name":"Hem","item":"https:\/\/xenonkungen.com\/"},{"@type":"ListItem","position":2,"name":"Shop","item":"https:\/\/xenonkungen.com\/shop\/"},{"@type":"ListItem","position":3,"name":"ABS Markeringsljus 4LED Gr\u00f6n Chrome"}]},{"@type":"WebSite","@id":"https:\/\/xenonkungen.com\/#website","url":"https:\/\/xenonkungen.com\/","name":"Xenonkungen","description":"","potentialAction":[{"@type":"SearchAction","target":{"@type":"EntryPoint","urlTemplate":"https:\/\/xenonkungen.com\/?s={search_term_string}"},"query-input":{"@type":"PropertyValueSpecification","valueRequired":true,"valueName":"search_term_string"}}],"inLanguage":"es"}]}},"taxonomy_info":{"anvandningsomrade":[{"value":166,"label":"Lastbil"},{"value":238,"label":"SL\u00c4P"},{"value":2816,"label":"TRAILER"}],"product_brand":[{"value":1252,"label":"LEA"}],"product_cat":[{"value":2478,"label":"Positionsljus"}],"pa_fuktskydd-varde-ipxx":[{"value":333,"label":"IP67"}],"pa_godkannande":[{"value":966,"label":"ECE, R10"}],"pa_storlek-mm":[{"value":1868,"label":"58x35x19"}],"pa_stromforbrukning":[{"value":1874,"label":"0,02A @28V"},{"value":1871,"label":"0,04A @13,8V"}],"pa_volt-v":[{"value":348,"label":"12, 24"}]},"featured_image_src_large":["https:\/\/xenonkungen.com\/wp-content\/uploads\/2025\/04\/7324261-origpic-d6afa2.jpg",600,600,false],"author_info":[],"comment_info":0,"_links":{"self":[{"href":"https:\/\/xenonkungen.com\/es\/wp-json\/wp\/v2\/product\/7016","targetHints":{"allow":["GET"]}}],"collection":[{"href":"https:\/\/xenonkungen.com\/es\/wp-json\/wp\/v2\/product"}],"about":[{"href":"https:\/\/xenonkungen.com\/es\/wp-json\/wp\/v2\/types\/product"}],"replies":[{"embeddable":true,"href":"https:\/\/xenonkungen.com\/es\/wp-json\/wp\/v2\/comments?post=7016"}],"wp:featuredmedia":[{"embeddable":true,"href":"https:\/\/xenonkungen.com\/es\/wp-json\/wp\/v2\/media\/7017"}],"wp:attachment":[{"href":"https:\/\/xenonkungen.com\/es\/wp-json\/wp\/v2\/media?parent=7016"}],"wp:term":[{"taxonomy":"anvandningsomrade","embeddable":true,"href":"https:\/\/xenonkungen.com\/es\/wp-json\/wp\/v2\/anvandningsomrade?post=7016"},{"taxonomy":"bilmarken","embeddable":true,"href":"https:\/\/xenonkungen.com\/es\/wp-json\/wp\/v2\/bilmarken?post=7016"},{"taxonomy":"product_brand","embeddable":true,"href":"https:\/\/xenonkungen.com\/es\/wp-json\/wp\/v2\/product_brand?post=7016"},{"taxonomy":"product_cat","embeddable":true,"href":"https:\/\/xenonkungen.com\/es\/wp-json\/wp\/v2\/product_cat?post=7016"},{"taxonomy":"product_tag","embeddable":true,"href":"https:\/\/xenonkungen.com\/es\/wp-json\/wp\/v2\/product_tag?post=7016"}],"curies":[{"name":"wp","href":"https:\/\/api.w.org\/{rel}","templated":true}]}}