{"id":7022,"date":"2025-04-15T09:51:47","date_gmt":"2025-04-15T09:51:47","guid":{"rendered":"https:\/\/xenonkungen.com\/product\/frontmarkering-4led-vit-chrome\/"},"modified":"2026-04-11T00:45:58","modified_gmt":"2026-04-10T23:45:58","slug":"marcacion-frontal-4-led-blanco-cromado","status":"publish","type":"product","link":"https:\/\/xenonkungen.com\/es\/producto\/marcacion-frontal-4-led-blanco-cromado\/","title":{"rendered":"Marcaje delantero 4LED Blanco Cromado"},"content":{"rendered":"<h1>Luz de posici\u00f3n delantera LED cromada moderna con 4 LED<\/h1>\n<p>Esta luz de posici\u00f3n delantera LED de alta calidad, con un elegante marco cromado, est\u00e1 dise\u00f1ada a medida para proporcionar una luz brillante y n\u00edtida gracias a sus cuatro bombillas LED. Perfecta para instalar tanto en el interior como en el exterior de todo tipo de veh\u00edculos, esta luz ilumina la carretera con una luz blanca distintiva y atractiva. Gracias a su electr\u00f3nica a prueba de fugas, ofrece una soluci\u00f3n de iluminaci\u00f3n fiable y duradera en cualquier condici\u00f3n.<\/p>\n<h2>Especificaciones<\/h2>\n<ul>\n<li>Fuente de luz: 4 LED de alto rendimiento<\/li>\n<li>Material: Armaz\u00f3n cromado, sistema electr\u00f3nico herm\u00e9tico<\/li>\n<li>Color: blanco<\/li>\n<li>Distribuci\u00f3n de la luz: optimizada para una m\u00e1xima visibilidad<\/li>\n<li>Clasificaci\u00f3n IP67: Alta resistencia a golpes, vibraciones y completamente impermeable.<\/li>\n<li>Caracter\u00edsticas de seguridad: Protecci\u00f3n contra cortocircuitos<\/li>\n<\/ul>\n<h2>Caracter\u00edsticas y ventajas<\/h2>\n<p>Esta moderna luz de posici\u00f3n delantera LED cromada combina caracter\u00edsticas de iluminaci\u00f3n de vanguardia con un dise\u00f1o elegante para mejorar no solo la visibilidad, sino tambi\u00e9n la apariencia general del veh\u00edculo. Es ideal para una variedad de veh\u00edculos, desde turismos y veh\u00edculos utilitarios hasta veh\u00edculos recreativos, gracias a sus flexibles opciones de montaje y su construcci\u00f3n duradera.<\/p>\n<ul>\n<li>Cuatro LED potentes para un brillo y una eficiencia excepcionales<\/li>\n<li>Elegante moldura cromada que a\u00f1ade un toque lujoso a la est\u00e9tica del veh\u00edculo.<\/li>\n<li>La electr\u00f3nica a prueba de fugas garantiza un rendimiento duradero en condiciones dif\u00edciles<\/li>\n<li>F\u00e1cil instalaci\u00f3n gracias al dise\u00f1o robusto y flexible.<\/li>\n<li>Perfecto para mejorar la seguridad y la visibilidad en la carretera.<\/li>\n<\/ul>","protected":false},"excerpt":{"rendered":"<p>Modernt Kromad LED Frontmarkeringslampa med 4 LED Denna h\u00f6gkvalitativa LED frontmarkeringslampa, framh\u00e4vd med en elegant kromsarg, \u00e4r skr\u00e4ddarsydd f\u00f6r att ge ett starkt och klart ljus fr\u00e5n fyra LED-lampor. Perfekt f\u00f6r montage b\u00e5de p\u00e5 interi\u00f6r och exteri\u00f6r del av alla typer av fordon, denna lampa \u00e4r utformad f\u00f6r att belysa v\u00e4gen framf\u00f6r med ett distinkt [&hellip;]<\/p>","protected":false},"featured_media":7023,"comment_status":"closed","ping_status":"open","template":"","meta":{"_acf_changed":false,"_smort_price_nok":"320","_smort_price_dkk":"204","_smort_price_eur":"27.27","_smort_sale_price_nok":"","_smort_sale_price_dkk":"","_smort_sale_price_eur":"","smort_restorder":"","shipmondo_restorder":"","_kad_blocks_custom_css":"","_kad_blocks_head_custom_js":"","_kad_blocks_body_custom_js":"","_kad_blocks_footer_custom_js":"","smort_custom_pricelist_1":"168","smort_custom_pricelist_2":"168","smort_custom_pricelist_3":"159.6","smort_custom_pricelist_4":"240","smort_custom_pricelist_5":"168"},"anvandningsomrade":[166,238,2816],"bilmarken":[],"product_brand":[1252],"product_cat":[2810,2478],"product_tag":[],"class_list":{"0":"post-7022","1":"product","2":"type-product","3":"status-publish","4":"has-post-thumbnail","6":"anvandningsomrade-lastbil","7":"anvandningsomrade-slap","8":"anvandningsomrade-trailer","9":"product_brand-lea","10":"product_cat-front","11":"product_cat-positionsljus-slap","12":"pa_fuktskydd-varde-ipxx-ip67","13":"pa_godkannande-ece-r10","14":"pa_storlek-mm-58x35x19","15":"pa_stromforbrukning-004a-28v","16":"pa_stromforbrukning-005a-138v","17":"pa_volt-v-12-24","19":"first","20":"onbackorder","21":"taxable","22":"shipping-taxable","23":"purchasable","24":"product-type-simple"},"bundled_by":[],"bundle_stock_status":"onbackorder","bundle_stock_quantity":0,"bundle_virtual":false,"bundle_layout":"","bundle_add_to_cart_form_location":"","bundle_editable_in_cart":false,"bundle_sold_individually_context":"","bundle_item_grouping":"","bundle_min_size":"","bundle_max_size":"","bundle_price":[],"bundled_items":[],"bundle_sell_ids":[],"acf":[],"yoast_head":"<!-- This site is optimized with the Yoast SEO plugin v27.0 - https:\/\/yoast.com\/product\/yoast-seo-wordpress\/ -->\n<title>Frontmarkering 4LED Vit Chrome - Xenonkungen<\/title>\n<meta name=\"robots\" content=\"index, follow, max-snippet:-1, max-image-preview:large, max-video-preview:-1\" \/>\n<link rel=\"canonical\" href=\"https:\/\/xenonkungen.com\/es\/producto\/marcacion-frontal-4-led-blanco-cromado\/\" \/>\n<meta property=\"og:locale\" content=\"es_ES\" \/>\n<meta property=\"og:type\" content=\"article\" \/>\n<meta property=\"og:title\" content=\"Frontmarkering 4LED Vit Chrome - Xenonkungen\" \/>\n<meta property=\"og:description\" content=\"Modernt Kromad LED Frontmarkeringslampa med 4 LED Denna h\u00f6gkvalitativa LED frontmarkeringslampa, framh\u00e4vd med en elegant kromsarg, \u00e4r skr\u00e4ddarsydd f\u00f6r att ge ett starkt och klart ljus fr\u00e5n fyra LED-lampor. Perfekt f\u00f6r montage b\u00e5de p\u00e5 interi\u00f6r och exteri\u00f6r del av alla typer av fordon, denna lampa \u00e4r utformad f\u00f6r att belysa v\u00e4gen framf\u00f6r med ett distinkt [&hellip;]\" \/>\n<meta property=\"og:url\" content=\"https:\/\/xenonkungen.com\/es\/producto\/marcacion-frontal-4-led-blanco-cromado\/\" \/>\n<meta property=\"og:site_name\" content=\"Xenonkungen\" \/>\n<meta property=\"article:modified_time\" content=\"2026-04-10T23:45:58+00:00\" \/>\n<meta property=\"og:image\" content=\"https:\/\/xenonkungen.com\/wp-content\/uploads\/2025\/04\/7324310-origpic-8693fd.jpg\" \/>\n\t<meta property=\"og:image:width\" content=\"600\" \/>\n\t<meta property=\"og:image:height\" content=\"600\" \/>\n\t<meta property=\"og:image:type\" content=\"image\/jpeg\" \/>\n<meta name=\"twitter:card\" content=\"summary_large_image\" \/>\n<meta name=\"twitter:label1\" content=\"Tiempo de lectura\" \/>\n\t<meta name=\"twitter:data1\" content=\"1 minuto\" \/>\n<script type=\"application\/ld+json\" class=\"yoast-schema-graph\">{\"@context\":\"https:\/\/schema.org\",\"@graph\":[{\"@type\":\"WebPage\",\"@id\":\"https:\/\/xenonkungen.com\/fi\/tuote\/etumerkinta-4-ledia-valkoinen-kromi\/\",\"url\":\"https:\/\/xenonkungen.com\/fi\/tuote\/etumerkinta-4-ledia-valkoinen-kromi\/\",\"name\":\"Frontmarkering 4LED Vit Chrome - Xenonkungen\",\"isPartOf\":{\"@id\":\"https:\/\/xenonkungen.com\/#website\"},\"primaryImageOfPage\":{\"@id\":\"https:\/\/xenonkungen.com\/fi\/tuote\/etumerkinta-4-ledia-valkoinen-kromi\/#primaryimage\"},\"image\":{\"@id\":\"https:\/\/xenonkungen.com\/fi\/tuote\/etumerkinta-4-ledia-valkoinen-kromi\/#primaryimage\"},\"thumbnailUrl\":\"https:\/\/xenonkungen.com\/wp-content\/uploads\/2025\/04\/7324310-origpic-8693fd.jpg\",\"datePublished\":\"2025-04-15T09:51:47+00:00\",\"dateModified\":\"2026-04-10T23:45:58+00:00\",\"breadcrumb\":{\"@id\":\"https:\/\/xenonkungen.com\/fi\/tuote\/etumerkinta-4-ledia-valkoinen-kromi\/#breadcrumb\"},\"inLanguage\":\"es\",\"potentialAction\":[{\"@type\":\"ReadAction\",\"target\":[\"https:\/\/xenonkungen.com\/fi\/tuote\/etumerkinta-4-ledia-valkoinen-kromi\/\"]}]},{\"@type\":\"ImageObject\",\"inLanguage\":\"es\",\"@id\":\"https:\/\/xenonkungen.com\/fi\/tuote\/etumerkinta-4-ledia-valkoinen-kromi\/#primaryimage\",\"url\":\"https:\/\/xenonkungen.com\/wp-content\/uploads\/2025\/04\/7324310-origpic-8693fd.jpg\",\"contentUrl\":\"https:\/\/xenonkungen.com\/wp-content\/uploads\/2025\/04\/7324310-origpic-8693fd.jpg\",\"width\":600,\"height\":600},{\"@type\":\"BreadcrumbList\",\"@id\":\"https:\/\/xenonkungen.com\/fi\/tuote\/etumerkinta-4-ledia-valkoinen-kromi\/#breadcrumb\",\"itemListElement\":[{\"@type\":\"ListItem\",\"position\":1,\"name\":\"Hem\",\"item\":\"https:\/\/xenonkungen.com\/\"},{\"@type\":\"ListItem\",\"position\":2,\"name\":\"Shop\",\"item\":\"https:\/\/xenonkungen.com\/shop\/\"},{\"@type\":\"ListItem\",\"position\":3,\"name\":\"Frontmarkering 4LED Vit Chrome\"}]},{\"@type\":\"WebSite\",\"@id\":\"https:\/\/xenonkungen.com\/#website\",\"url\":\"https:\/\/xenonkungen.com\/\",\"name\":\"Xenonkungen\",\"description\":\"\",\"potentialAction\":[{\"@type\":\"SearchAction\",\"target\":{\"@type\":\"EntryPoint\",\"urlTemplate\":\"https:\/\/xenonkungen.com\/?s={search_term_string}\"},\"query-input\":{\"@type\":\"PropertyValueSpecification\",\"valueRequired\":true,\"valueName\":\"search_term_string\"}}],\"inLanguage\":\"es\"}]}<\/script>\n<!-- \/ Yoast SEO plugin. -->","yoast_head_json":{"title":"Intermitentes delanteros 4LED Blanco Cromado - El Rey del Xen\u00f3n","robots":{"index":"index","follow":"follow","max-snippet":"max-snippet:-1","max-image-preview":"max-image-preview:large","max-video-preview":"max-video-preview:-1"},"canonical":"https:\/\/xenonkungen.com\/es\/producto\/marcacion-frontal-4-led-blanco-cromado\/","og_locale":"es_ES","og_type":"article","og_title":"Frontmarkering 4LED Vit Chrome - Xenonkungen","og_description":"Modernt Kromad LED Frontmarkeringslampa med 4 LED Denna h\u00f6gkvalitativa LED frontmarkeringslampa, framh\u00e4vd med en elegant kromsarg, \u00e4r skr\u00e4ddarsydd f\u00f6r att ge ett starkt och klart ljus fr\u00e5n fyra LED-lampor. Perfekt f\u00f6r montage b\u00e5de p\u00e5 interi\u00f6r och exteri\u00f6r del av alla typer av fordon, denna lampa \u00e4r utformad f\u00f6r att belysa v\u00e4gen framf\u00f6r med ett distinkt [&hellip;]","og_url":"https:\/\/xenonkungen.com\/es\/producto\/marcacion-frontal-4-led-blanco-cromado\/","og_site_name":"Xenonkungen","article_modified_time":"2026-04-10T23:45:58+00:00","og_image":[{"width":600,"height":600,"url":"https:\/\/xenonkungen.com\/wp-content\/uploads\/2025\/04\/7324310-origpic-8693fd.jpg","type":"image\/jpeg"}],"twitter_card":"summary_large_image","twitter_misc":{"Tiempo de lectura":"1 minuto"},"schema":{"@context":"https:\/\/schema.org","@graph":[{"@type":"WebPage","@id":"https:\/\/xenonkungen.com\/fi\/tuote\/etumerkinta-4-ledia-valkoinen-kromi\/","url":"https:\/\/xenonkungen.com\/fi\/tuote\/etumerkinta-4-ledia-valkoinen-kromi\/","name":"Intermitentes delanteros 4LED Blanco Cromado - El Rey del Xen\u00f3n","isPartOf":{"@id":"https:\/\/xenonkungen.com\/#website"},"primaryImageOfPage":{"@id":"https:\/\/xenonkungen.com\/fi\/tuote\/etumerkinta-4-ledia-valkoinen-kromi\/#primaryimage"},"image":{"@id":"https:\/\/xenonkungen.com\/fi\/tuote\/etumerkinta-4-ledia-valkoinen-kromi\/#primaryimage"},"thumbnailUrl":"https:\/\/xenonkungen.com\/wp-content\/uploads\/2025\/04\/7324310-origpic-8693fd.jpg","datePublished":"2025-04-15T09:51:47+00:00","dateModified":"2026-04-10T23:45:58+00:00","breadcrumb":{"@id":"https:\/\/xenonkungen.com\/fi\/tuote\/etumerkinta-4-ledia-valkoinen-kromi\/#breadcrumb"},"inLanguage":"es","potentialAction":[{"@type":"ReadAction","target":["https:\/\/xenonkungen.com\/fi\/tuote\/etumerkinta-4-ledia-valkoinen-kromi\/"]}]},{"@type":"ImageObject","inLanguage":"es","@id":"https:\/\/xenonkungen.com\/fi\/tuote\/etumerkinta-4-ledia-valkoinen-kromi\/#primaryimage","url":"https:\/\/xenonkungen.com\/wp-content\/uploads\/2025\/04\/7324310-origpic-8693fd.jpg","contentUrl":"https:\/\/xenonkungen.com\/wp-content\/uploads\/2025\/04\/7324310-origpic-8693fd.jpg","width":600,"height":600},{"@type":"BreadcrumbList","@id":"https:\/\/xenonkungen.com\/fi\/tuote\/etumerkinta-4-ledia-valkoinen-kromi\/#breadcrumb","itemListElement":[{"@type":"ListItem","position":1,"name":"Hem","item":"https:\/\/xenonkungen.com\/"},{"@type":"ListItem","position":2,"name":"Shop","item":"https:\/\/xenonkungen.com\/shop\/"},{"@type":"ListItem","position":3,"name":"Frontmarkering 4LED Vit Chrome"}]},{"@type":"WebSite","@id":"https:\/\/xenonkungen.com\/#website","url":"https:\/\/xenonkungen.com\/","name":"Xenonkungen","description":"","potentialAction":[{"@type":"SearchAction","target":{"@type":"EntryPoint","urlTemplate":"https:\/\/xenonkungen.com\/?s={search_term_string}"},"query-input":{"@type":"PropertyValueSpecification","valueRequired":true,"valueName":"search_term_string"}}],"inLanguage":"es"}]}},"taxonomy_info":{"anvandningsomrade":[{"value":166,"label":"Lastbil"},{"value":238,"label":"SL\u00c4P"},{"value":2816,"label":"TRAILER"}],"product_brand":[{"value":1252,"label":"LEA"}],"product_cat":[{"value":2810,"label":"Front"},{"value":2478,"label":"Positionsljus"}],"pa_fuktskydd-varde-ipxx":[{"value":333,"label":"IP67"}],"pa_godkannande":[{"value":966,"label":"ECE, R10"}],"pa_storlek-mm":[{"value":1868,"label":"58x35x19"}],"pa_stromforbrukning":[{"value":1872,"label":"0,04A @28V"},{"value":1877,"label":"0,05A @13,8V"}],"pa_volt-v":[{"value":348,"label":"12, 24"}]},"featured_image_src_large":["https:\/\/xenonkungen.com\/wp-content\/uploads\/2025\/04\/7324310-origpic-8693fd.jpg",600,600,false],"author_info":[],"comment_info":0,"_links":{"self":[{"href":"https:\/\/xenonkungen.com\/es\/wp-json\/wp\/v2\/product\/7022","targetHints":{"allow":["GET"]}}],"collection":[{"href":"https:\/\/xenonkungen.com\/es\/wp-json\/wp\/v2\/product"}],"about":[{"href":"https:\/\/xenonkungen.com\/es\/wp-json\/wp\/v2\/types\/product"}],"replies":[{"embeddable":true,"href":"https:\/\/xenonkungen.com\/es\/wp-json\/wp\/v2\/comments?post=7022"}],"wp:featuredmedia":[{"embeddable":true,"href":"https:\/\/xenonkungen.com\/es\/wp-json\/wp\/v2\/media\/7023"}],"wp:attachment":[{"href":"https:\/\/xenonkungen.com\/es\/wp-json\/wp\/v2\/media?parent=7022"}],"wp:term":[{"taxonomy":"anvandningsomrade","embeddable":true,"href":"https:\/\/xenonkungen.com\/es\/wp-json\/wp\/v2\/anvandningsomrade?post=7022"},{"taxonomy":"bilmarken","embeddable":true,"href":"https:\/\/xenonkungen.com\/es\/wp-json\/wp\/v2\/bilmarken?post=7022"},{"taxonomy":"product_brand","embeddable":true,"href":"https:\/\/xenonkungen.com\/es\/wp-json\/wp\/v2\/product_brand?post=7022"},{"taxonomy":"product_cat","embeddable":true,"href":"https:\/\/xenonkungen.com\/es\/wp-json\/wp\/v2\/product_cat?post=7022"},{"taxonomy":"product_tag","embeddable":true,"href":"https:\/\/xenonkungen.com\/es\/wp-json\/wp\/v2\/product_tag?post=7022"}],"curies":[{"name":"wp","href":"https:\/\/api.w.org\/{rel}","templated":true}]}}