{"id":7054,"date":"2025-04-15T09:51:53","date_gmt":"2025-04-15T09:51:53","guid":{"rendered":"https:\/\/xenonkungen.com\/product\/frontmarkering-37cwm2p\/"},"modified":"2026-04-24T17:14:47","modified_gmt":"2026-04-24T16:14:47","slug":"marca-frontal-37cwm2p","status":"publish","type":"product","link":"https:\/\/xenonkungen.com\/es\/producto\/marca-frontal-37cwm2p\/","title":{"rendered":"Marcado frontal 37CWM2P"},"content":{"rendered":"<h1>Elegante luz de posici\u00f3n LED blanca con marco cromado<\/h1>\n<p>Esta moderna luz de posici\u00f3n delantera es ideal para resaltar los contornos del veh\u00edculo con una luz blanca y brillante. Espec\u00edficamente dise\u00f1ada para un f\u00e1cil montaje en el exterior del veh\u00edculo, combina la avanzada tecnolog\u00eda LED con un elegante bisel cromado para un aspecto distintivo y sofisticado. Su sistema electr\u00f3nico herm\u00e9tico y su sencillo sistema de montaje con cinta 3M, tapones y un conector \"Push and Seal\" de 2 patillas hacen que la instalaci\u00f3n sea r\u00e1pida y segura.<\/p>\n<h2>Especificaciones<\/h2>\n<ul>\n<li>Color de la luz: blanco<\/li>\n<li>M\u00e9todo de montaje: montaje sencillo con cinta 3M, tacos y conector \"Push and Seal\" de 2 patillas<\/li>\n<li>Material: Armaz\u00f3n cromado, sistema electr\u00f3nico herm\u00e9tico<\/li>\n<li>Clasificaci\u00f3n IP67: resistente al agua y al polvo, a los golpes y a las vibraciones<\/li>\n<li>Caracter\u00edsticas de seguridad: Protecci\u00f3n contra cortocircuitos<\/li>\n<\/ul>\n<h2>Caracter\u00edsticas y ventajas<\/h2>\n<p>El elegante dise\u00f1o y la avanzada tecnolog\u00eda de esta luz de posici\u00f3n delantera LED blanca la convierten en una excelente opci\u00f3n para quienes buscan tanto est\u00e9tica como funcionalidad. Su marco cromado a\u00f1ade un acabado lujoso, mientras que la iluminaci\u00f3n LED blanca garantiza una gran visibilidad y un perfil de seguridad mejorado para el veh\u00edculo. Con una soluci\u00f3n de montaje sencilla pero robusta, este modelo de luz ofrece una instalaci\u00f3n sin complicaciones y un rendimiento duradero.<\/p>\n<ul>\n<li>Iluminaci\u00f3n LED blanca potente y energ\u00e9ticamente eficiente para una m\u00e1xima visibilidad<\/li>\n<li>Elegante marco cromado que a\u00f1ade un toque lujoso al dise\u00f1o del veh\u00edculo<\/li>\n<li>Instalaci\u00f3n f\u00e1cil y segura con la innovadora tecnolog\u00eda \"Push and Seal\" y cinta 3M<\/li>\n<li>Ideal para una amplia gama de veh\u00edculos, desde turismos hasta veh\u00edculos de trabajo y de recreo.<\/li>\n<\/ul>","protected":false},"excerpt":{"rendered":"<p>Stilfull Vit LED Frontmarkeringslampa med Kromsarg Denna moderna frontmarkeringslampa \u00e4r idealisk f\u00f6r att framh\u00e4va fordonets konturer med ett skarpt, vitt ljus. Den \u00e4r s\u00e4rskilt utformad f\u00f6r enkel montering p\u00e5 fordonets yttre delar, och kombinerar avancerad LED-teknologi med en elegant kromsarg f\u00f6r en distinkt och sofistikerad look. Dess l\u00e4ckagef\u00f6rseglade elektronik och det enkla monteringssystemet med 3M-tejp, [&hellip;]<\/p>","protected":false},"featured_media":7055,"comment_status":"closed","ping_status":"open","template":"","meta":{"_acf_changed":false,"_smort_price_nok":"160","_smort_price_dkk":"102","_smort_price_eur":"13.64","_smort_sale_price_nok":"","_smort_sale_price_dkk":"","_smort_sale_price_eur":"","smort_restorder":"","shipmondo_restorder":"","_kad_blocks_custom_css":"","_kad_blocks_head_custom_js":"","_kad_blocks_body_custom_js":"","_kad_blocks_footer_custom_js":"","smort_custom_pricelist_1":"84","smort_custom_pricelist_2":"84","smort_custom_pricelist_3":"79.8","smort_custom_pricelist_4":"120","smort_custom_pricelist_5":"84"},"anvandningsomrade":[166,238,2816],"bilmarken":[],"product_brand":[1252],"product_cat":[2810,2478],"product_tag":[],"class_list":{"0":"post-7054","1":"product","2":"type-product","3":"status-publish","4":"has-post-thumbnail","6":"anvandningsomrade-lastbil","7":"anvandningsomrade-slap","8":"anvandningsomrade-trailer","9":"product_brand-lea","10":"product_cat-front","11":"product_cat-positionsljus-slap","12":"pa_fuktskydd-varde-ipxx-ip67","13":"pa_godkannande-ece-emc","14":"pa_storlek-mm-70x35x20","15":"pa_stromforbrukning-002a-28v","16":"pa_stromforbrukning-003a-138v","17":"pa_volt-v-12-24","19":"first","20":"instock","21":"taxable","22":"shipping-taxable","23":"purchasable","24":"product-type-simple"},"bundled_by":[],"bundle_stock_status":"instock","bundle_stock_quantity":2,"bundle_virtual":false,"bundle_layout":"","bundle_add_to_cart_form_location":"","bundle_editable_in_cart":false,"bundle_sold_individually_context":"","bundle_item_grouping":"","bundle_min_size":"","bundle_max_size":"","bundle_price":[],"bundled_items":[],"bundle_sell_ids":[],"acf":[],"yoast_head":"<!-- This site is optimized with the Yoast SEO plugin v27.0 - https:\/\/yoast.com\/product\/yoast-seo-wordpress\/ -->\n<title>Frontmarkering 37CWM2P - Xenonkungen<\/title>\n<meta name=\"robots\" content=\"index, follow, max-snippet:-1, max-image-preview:large, max-video-preview:-1\" \/>\n<link rel=\"canonical\" href=\"https:\/\/xenonkungen.com\/es\/producto\/marca-frontal-37cwm2p\/\" \/>\n<meta property=\"og:locale\" content=\"es_ES\" \/>\n<meta property=\"og:type\" content=\"article\" \/>\n<meta property=\"og:title\" content=\"Frontmarkering 37CWM2P - Xenonkungen\" \/>\n<meta property=\"og:description\" content=\"Stilfull Vit LED Frontmarkeringslampa med Kromsarg Denna moderna frontmarkeringslampa \u00e4r idealisk f\u00f6r att framh\u00e4va fordonets konturer med ett skarpt, vitt ljus. Den \u00e4r s\u00e4rskilt utformad f\u00f6r enkel montering p\u00e5 fordonets yttre delar, och kombinerar avancerad LED-teknologi med en elegant kromsarg f\u00f6r en distinkt och sofistikerad look. Dess l\u00e4ckagef\u00f6rseglade elektronik och det enkla monteringssystemet med 3M-tejp, [&hellip;]\" \/>\n<meta property=\"og:url\" content=\"https:\/\/xenonkungen.com\/es\/producto\/marca-frontal-37cwm2p\/\" \/>\n<meta property=\"og:site_name\" content=\"Xenonkungen\" \/>\n<meta property=\"article:modified_time\" content=\"2026-04-24T16:14:47+00:00\" \/>\n<meta property=\"og:image\" content=\"https:\/\/xenonkungen.com\/wp-content\/uploads\/2025\/04\/37CWM-800x800-1.jpg\" \/>\n\t<meta property=\"og:image:width\" content=\"800\" \/>\n\t<meta property=\"og:image:height\" content=\"800\" \/>\n\t<meta property=\"og:image:type\" content=\"image\/jpeg\" \/>\n<meta name=\"twitter:card\" content=\"summary_large_image\" \/>\n<meta name=\"twitter:label1\" content=\"Tiempo de lectura\" \/>\n\t<meta name=\"twitter:data1\" content=\"1 minuto\" \/>\n<script type=\"application\/ld+json\" class=\"yoast-schema-graph\">{\"@context\":\"https:\/\/schema.org\",\"@graph\":[{\"@type\":\"WebPage\",\"@id\":\"https:\/\/xenonkungen.com\/produkt\/frontmarkering-37cwm2p\/\",\"url\":\"https:\/\/xenonkungen.com\/produkt\/frontmarkering-37cwm2p\/\",\"name\":\"Frontmarkering 37CWM2P - Xenonkungen\",\"isPartOf\":{\"@id\":\"https:\/\/xenonkungen.com\/#website\"},\"primaryImageOfPage\":{\"@id\":\"https:\/\/xenonkungen.com\/produkt\/frontmarkering-37cwm2p\/#primaryimage\"},\"image\":{\"@id\":\"https:\/\/xenonkungen.com\/produkt\/frontmarkering-37cwm2p\/#primaryimage\"},\"thumbnailUrl\":\"https:\/\/xenonkungen.com\/wp-content\/uploads\/2025\/04\/37CWM-800x800-1.jpg\",\"datePublished\":\"2025-04-15T09:51:53+00:00\",\"dateModified\":\"2026-04-24T16:14:47+00:00\",\"breadcrumb\":{\"@id\":\"https:\/\/xenonkungen.com\/produkt\/frontmarkering-37cwm2p\/#breadcrumb\"},\"inLanguage\":\"es\",\"potentialAction\":[{\"@type\":\"ReadAction\",\"target\":[\"https:\/\/xenonkungen.com\/produkt\/frontmarkering-37cwm2p\/\"]}]},{\"@type\":\"ImageObject\",\"inLanguage\":\"es\",\"@id\":\"https:\/\/xenonkungen.com\/produkt\/frontmarkering-37cwm2p\/#primaryimage\",\"url\":\"https:\/\/xenonkungen.com\/wp-content\/uploads\/2025\/04\/37CWM-800x800-1.jpg\",\"contentUrl\":\"https:\/\/xenonkungen.com\/wp-content\/uploads\/2025\/04\/37CWM-800x800-1.jpg\",\"width\":800,\"height\":800},{\"@type\":\"BreadcrumbList\",\"@id\":\"https:\/\/xenonkungen.com\/produkt\/frontmarkering-37cwm2p\/#breadcrumb\",\"itemListElement\":[{\"@type\":\"ListItem\",\"position\":1,\"name\":\"Hem\",\"item\":\"https:\/\/xenonkungen.com\/\"},{\"@type\":\"ListItem\",\"position\":2,\"name\":\"Shop\",\"item\":\"https:\/\/xenonkungen.com\/shop\/\"},{\"@type\":\"ListItem\",\"position\":3,\"name\":\"Frontmarkering 37CWM2P\"}]},{\"@type\":\"WebSite\",\"@id\":\"https:\/\/xenonkungen.com\/#website\",\"url\":\"https:\/\/xenonkungen.com\/\",\"name\":\"Xenonkungen\",\"description\":\"\",\"potentialAction\":[{\"@type\":\"SearchAction\",\"target\":{\"@type\":\"EntryPoint\",\"urlTemplate\":\"https:\/\/xenonkungen.com\/?s={search_term_string}\"},\"query-input\":{\"@type\":\"PropertyValueSpecification\",\"valueRequired\":true,\"valueName\":\"search_term_string\"}}],\"inLanguage\":\"es\"}]}<\/script>\n<!-- \/ Yoast SEO plugin. -->","yoast_head_json":{"title":"Marcado frontal 37CWM2P - El Rey del Xen\u00f3n","robots":{"index":"index","follow":"follow","max-snippet":"max-snippet:-1","max-image-preview":"max-image-preview:large","max-video-preview":"max-video-preview:-1"},"canonical":"https:\/\/xenonkungen.com\/es\/producto\/marca-frontal-37cwm2p\/","og_locale":"es_ES","og_type":"article","og_title":"Frontmarkering 37CWM2P - Xenonkungen","og_description":"Stilfull Vit LED Frontmarkeringslampa med Kromsarg Denna moderna frontmarkeringslampa \u00e4r idealisk f\u00f6r att framh\u00e4va fordonets konturer med ett skarpt, vitt ljus. Den \u00e4r s\u00e4rskilt utformad f\u00f6r enkel montering p\u00e5 fordonets yttre delar, och kombinerar avancerad LED-teknologi med en elegant kromsarg f\u00f6r en distinkt och sofistikerad look. Dess l\u00e4ckagef\u00f6rseglade elektronik och det enkla monteringssystemet med 3M-tejp, [&hellip;]","og_url":"https:\/\/xenonkungen.com\/es\/producto\/marca-frontal-37cwm2p\/","og_site_name":"Xenonkungen","article_modified_time":"2026-04-24T16:14:47+00:00","og_image":[{"width":800,"height":800,"url":"https:\/\/xenonkungen.com\/wp-content\/uploads\/2025\/04\/37CWM-800x800-1.jpg","type":"image\/jpeg"}],"twitter_card":"summary_large_image","twitter_misc":{"Tiempo de lectura":"1 minuto"},"schema":{"@context":"https:\/\/schema.org","@graph":[{"@type":"WebPage","@id":"https:\/\/xenonkungen.com\/produkt\/frontmarkering-37cwm2p\/","url":"https:\/\/xenonkungen.com\/produkt\/frontmarkering-37cwm2p\/","name":"Marcado frontal 37CWM2P - El Rey del Xen\u00f3n","isPartOf":{"@id":"https:\/\/xenonkungen.com\/#website"},"primaryImageOfPage":{"@id":"https:\/\/xenonkungen.com\/produkt\/frontmarkering-37cwm2p\/#primaryimage"},"image":{"@id":"https:\/\/xenonkungen.com\/produkt\/frontmarkering-37cwm2p\/#primaryimage"},"thumbnailUrl":"https:\/\/xenonkungen.com\/wp-content\/uploads\/2025\/04\/37CWM-800x800-1.jpg","datePublished":"2025-04-15T09:51:53+00:00","dateModified":"2026-04-24T16:14:47+00:00","breadcrumb":{"@id":"https:\/\/xenonkungen.com\/produkt\/frontmarkering-37cwm2p\/#breadcrumb"},"inLanguage":"es","potentialAction":[{"@type":"ReadAction","target":["https:\/\/xenonkungen.com\/produkt\/frontmarkering-37cwm2p\/"]}]},{"@type":"ImageObject","inLanguage":"es","@id":"https:\/\/xenonkungen.com\/produkt\/frontmarkering-37cwm2p\/#primaryimage","url":"https:\/\/xenonkungen.com\/wp-content\/uploads\/2025\/04\/37CWM-800x800-1.jpg","contentUrl":"https:\/\/xenonkungen.com\/wp-content\/uploads\/2025\/04\/37CWM-800x800-1.jpg","width":800,"height":800},{"@type":"BreadcrumbList","@id":"https:\/\/xenonkungen.com\/produkt\/frontmarkering-37cwm2p\/#breadcrumb","itemListElement":[{"@type":"ListItem","position":1,"name":"Hem","item":"https:\/\/xenonkungen.com\/"},{"@type":"ListItem","position":2,"name":"Shop","item":"https:\/\/xenonkungen.com\/shop\/"},{"@type":"ListItem","position":3,"name":"Frontmarkering 37CWM2P"}]},{"@type":"WebSite","@id":"https:\/\/xenonkungen.com\/#website","url":"https:\/\/xenonkungen.com\/","name":"Xenonkungen","description":"","potentialAction":[{"@type":"SearchAction","target":{"@type":"EntryPoint","urlTemplate":"https:\/\/xenonkungen.com\/?s={search_term_string}"},"query-input":{"@type":"PropertyValueSpecification","valueRequired":true,"valueName":"search_term_string"}}],"inLanguage":"es"}]}},"taxonomy_info":{"anvandningsomrade":[{"value":166,"label":"Lastbil"},{"value":238,"label":"SL\u00c4P"},{"value":2816,"label":"TRAILER"}],"product_brand":[{"value":1252,"label":"LEA"}],"product_cat":[{"value":2810,"label":"Front"},{"value":2478,"label":"Positionsljus"}],"pa_fuktskydd-varde-ipxx":[{"value":333,"label":"IP67"}],"pa_godkannande":[{"value":1262,"label":"ECE, EMC"}],"pa_storlek-mm":[{"value":1878,"label":"70x35x20"}],"pa_stromforbrukning":[{"value":1874,"label":"0,02A @28V"},{"value":1829,"label":"0,03A @13,8V"}],"pa_volt-v":[{"value":348,"label":"12, 24"}]},"featured_image_src_large":["https:\/\/xenonkungen.com\/wp-content\/uploads\/2025\/04\/37CWM-800x800-1.jpg",800,800,false],"author_info":[],"comment_info":0,"_links":{"self":[{"href":"https:\/\/xenonkungen.com\/es\/wp-json\/wp\/v2\/product\/7054","targetHints":{"allow":["GET"]}}],"collection":[{"href":"https:\/\/xenonkungen.com\/es\/wp-json\/wp\/v2\/product"}],"about":[{"href":"https:\/\/xenonkungen.com\/es\/wp-json\/wp\/v2\/types\/product"}],"replies":[{"embeddable":true,"href":"https:\/\/xenonkungen.com\/es\/wp-json\/wp\/v2\/comments?post=7054"}],"wp:featuredmedia":[{"embeddable":true,"href":"https:\/\/xenonkungen.com\/es\/wp-json\/wp\/v2\/media\/7055"}],"wp:attachment":[{"href":"https:\/\/xenonkungen.com\/es\/wp-json\/wp\/v2\/media?parent=7054"}],"wp:term":[{"taxonomy":"anvandningsomrade","embeddable":true,"href":"https:\/\/xenonkungen.com\/es\/wp-json\/wp\/v2\/anvandningsomrade?post=7054"},{"taxonomy":"bilmarken","embeddable":true,"href":"https:\/\/xenonkungen.com\/es\/wp-json\/wp\/v2\/bilmarken?post=7054"},{"taxonomy":"product_brand","embeddable":true,"href":"https:\/\/xenonkungen.com\/es\/wp-json\/wp\/v2\/product_brand?post=7054"},{"taxonomy":"product_cat","embeddable":true,"href":"https:\/\/xenonkungen.com\/es\/wp-json\/wp\/v2\/product_cat?post=7054"},{"taxonomy":"product_tag","embeddable":true,"href":"https:\/\/xenonkungen.com\/es\/wp-json\/wp\/v2\/product_tag?post=7054"}],"curies":[{"name":"wp","href":"https:\/\/api.w.org\/{rel}","templated":true}]}}