{"id":7113,"date":"2025-04-15T09:52:30","date_gmt":"2025-04-15T09:52:30","guid":{"rendered":"https:\/\/xenonkungen.com\/product\/bakmarkering-3led-rod\/"},"modified":"2026-04-17T12:08:18","modified_gmt":"2026-04-17T11:08:18","slug":"varilla-de-3-leds-para-senalizacion-trasera","status":"publish","type":"product","link":"https:\/\/xenonkungen.com\/es\/producto\/varilla-de-3-leds-para-senalizacion-trasera\/","title":{"rendered":"Se\u00f1alizaci\u00f3n trasera 3LED Rojo"},"content":{"rendered":"<h1>Luz de posici\u00f3n trasera LED innovadora con placa reflectante y marco negro.<\/h1>\n<p>Esta luz de posici\u00f3n trasera LED de \u00faltima generaci\u00f3n est\u00e1 dise\u00f1ada para ofrecer una visibilidad y durabilidad excepcionales en todo tipo de veh\u00edculos. Equipada con tres bombillas LED SMD y una placa reflectora integrada, garantiza un brillo y una visibilidad \u00f3ptimos.<\/p>\n<h2>Especificaciones<\/h2>\n<ul>\n<li>Iluminaci\u00f3n: 3 LED SMD de alto rendimiento<\/li>\n<li>Placa reflectante: Integrada para m\u00e1xima visibilidad<\/li>\n<li>Marco: Dise\u00f1o moderno en negro<\/li>\n<li>Protecci\u00f3n: Clasificaci\u00f3n IP67 para resistencia al agua y al polvo<\/li>\n<li>Montaje: F\u00e1cil instalaci\u00f3n con opciones de montaje flexibles<\/li>\n<\/ul>\n<h2>Caracter\u00edsticas y ventajas<\/h2>\n<p>Esta luz de posici\u00f3n trasera LED combina tecnolog\u00eda avanzada con un dise\u00f1o robusto para un rendimiento y una durabilidad superiores.<\/p>\n<ul>\n<li>Brillo y visibilidad excepcionales gracias a la avanzada tecnolog\u00eda LED y la placa reflectante.<\/li>\n<li>Elegantes detalles en negro que complementan la apariencia del veh\u00edculo.<\/li>\n<li>Clasificaci\u00f3n IP67 para un alto nivel de protecci\u00f3n contra el agua y el polvo.<\/li>\n<li>Montaje flexible para una instalaci\u00f3n a medida en diferentes tipos de veh\u00edculos<\/li>\n<li>Duradero y fiable con componentes electr\u00f3nicos a prueba de fugas<\/li>\n<\/ul>","protected":false},"excerpt":{"rendered":"<p>Innovativ LED Bakmarkeringslampa med Reflexplatta i Svart Sarg Denna toppmoderna LED bakmarkeringslampa \u00e4r designad f\u00f6r att erbjuda exceptionell synlighet och h\u00e5llbarhet f\u00f6r alla fordonstyper. Med tre SMD LED-lampor och en integrerad reflexplatta, s\u00e4kerst\u00e4ller denna lampa optimal ljusstyrka och synlighet. Specifikationer Belysning: 3st h\u00f6gpresterande SMD LED Reflexplatta: Integrerad f\u00f6r maximal synlighet Sarg: Modern svart design Skydd: [&hellip;]<\/p>","protected":false},"featured_media":7114,"comment_status":"closed","ping_status":"open","template":"","meta":{"_acf_changed":false,"_smort_price_nok":"176","_smort_price_dkk":"112","_smort_price_eur":"15","_smort_sale_price_nok":"","_smort_sale_price_dkk":"","_smort_sale_price_eur":"","smort_restorder":"","shipmondo_restorder":"","_kad_blocks_custom_css":"","_kad_blocks_head_custom_js":"","_kad_blocks_body_custom_js":"","_kad_blocks_footer_custom_js":"","smort_custom_pricelist_1":"105.6","smort_custom_pricelist_2":"92.4","smort_custom_pricelist_3":"85.8","smort_custom_pricelist_4":"132","smort_custom_pricelist_5":"92.4"},"anvandningsomrade":[166,238,2816],"bilmarken":[],"product_brand":[1252],"product_cat":[2811,2478],"product_tag":[],"class_list":{"0":"post-7113","1":"product","2":"type-product","3":"status-publish","4":"has-post-thumbnail","6":"anvandningsomrade-lastbil","7":"anvandningsomrade-slap","8":"anvandningsomrade-trailer","9":"product_brand-lea","10":"product_cat-bak","11":"product_cat-positionsljus-slap","12":"pa_fuktskydd-varde-ipxx-ip67","13":"pa_godkannande-ece-r7","14":"pa_storlek-mm-100x44x12","15":"pa_stromforbrukning-002a-138v","16":"pa_stromforbrukning-003a-28v","17":"pa_volt-v-12-24","19":"first","20":"onbackorder","21":"taxable","22":"shipping-taxable","23":"purchasable","24":"product-type-simple"},"bundled_by":[],"bundle_stock_status":"onbackorder","bundle_stock_quantity":-6,"bundle_virtual":false,"bundle_layout":"","bundle_add_to_cart_form_location":"","bundle_editable_in_cart":false,"bundle_sold_individually_context":"","bundle_item_grouping":"","bundle_min_size":"","bundle_max_size":"","bundle_price":[],"bundled_items":[],"bundle_sell_ids":[],"acf":[],"yoast_head":"<!-- This site is optimized with the Yoast SEO plugin v27.0 - https:\/\/yoast.com\/product\/yoast-seo-wordpress\/ -->\n<title>Bakmarkering 3LED R\u00f6d - Xenonkungen<\/title>\n<meta name=\"robots\" content=\"index, follow, max-snippet:-1, max-image-preview:large, max-video-preview:-1\" \/>\n<link rel=\"canonical\" href=\"https:\/\/xenonkungen.com\/es\/producto\/varilla-de-3-leds-para-senalizacion-trasera\/\" \/>\n<meta property=\"og:locale\" content=\"es_ES\" \/>\n<meta property=\"og:type\" content=\"article\" \/>\n<meta property=\"og:title\" content=\"Bakmarkering 3LED R\u00f6d - Xenonkungen\" \/>\n<meta property=\"og:description\" content=\"Innovativ LED Bakmarkeringslampa med Reflexplatta i Svart Sarg Denna toppmoderna LED bakmarkeringslampa \u00e4r designad f\u00f6r att erbjuda exceptionell synlighet och h\u00e5llbarhet f\u00f6r alla fordonstyper. Med tre SMD LED-lampor och en integrerad reflexplatta, s\u00e4kerst\u00e4ller denna lampa optimal ljusstyrka och synlighet. Specifikationer Belysning: 3st h\u00f6gpresterande SMD LED Reflexplatta: Integrerad f\u00f6r maximal synlighet Sarg: Modern svart design Skydd: [&hellip;]\" \/>\n<meta property=\"og:url\" content=\"https:\/\/xenonkungen.com\/es\/producto\/varilla-de-3-leds-para-senalizacion-trasera\/\" \/>\n<meta property=\"og:site_name\" content=\"Xenonkungen\" \/>\n<meta property=\"article:modified_time\" content=\"2026-04-17T11:08:18+00:00\" \/>\n<meta property=\"og:image\" content=\"https:\/\/xenonkungen.com\/wp-content\/uploads\/2025\/04\/7328101-origpic-c4750a.jpg\" \/>\n\t<meta property=\"og:image:width\" content=\"600\" \/>\n\t<meta property=\"og:image:height\" content=\"600\" \/>\n\t<meta property=\"og:image:type\" content=\"image\/jpeg\" \/>\n<meta name=\"twitter:card\" content=\"summary_large_image\" \/>\n<meta name=\"twitter:label1\" content=\"Tiempo de lectura\" \/>\n\t<meta name=\"twitter:data1\" content=\"1 minuto\" \/>\n<script type=\"application\/ld+json\" class=\"yoast-schema-graph\">{\"@context\":\"https:\/\/schema.org\",\"@graph\":[{\"@type\":\"WebPage\",\"@id\":\"https:\/\/xenonkungen.com\/no\/produkt\/bakre-markeringsstang-med-3-led-lamper\/\",\"url\":\"https:\/\/xenonkungen.com\/no\/produkt\/bakre-markeringsstang-med-3-led-lamper\/\",\"name\":\"Bakmarkering 3LED R\u00f6d - Xenonkungen\",\"isPartOf\":{\"@id\":\"https:\/\/xenonkungen.com\/#website\"},\"primaryImageOfPage\":{\"@id\":\"https:\/\/xenonkungen.com\/no\/produkt\/bakre-markeringsstang-med-3-led-lamper\/#primaryimage\"},\"image\":{\"@id\":\"https:\/\/xenonkungen.com\/no\/produkt\/bakre-markeringsstang-med-3-led-lamper\/#primaryimage\"},\"thumbnailUrl\":\"https:\/\/xenonkungen.com\/wp-content\/uploads\/2025\/04\/7328101-origpic-c4750a.jpg\",\"datePublished\":\"2025-04-15T09:52:30+00:00\",\"dateModified\":\"2026-04-17T11:08:18+00:00\",\"breadcrumb\":{\"@id\":\"https:\/\/xenonkungen.com\/no\/produkt\/bakre-markeringsstang-med-3-led-lamper\/#breadcrumb\"},\"inLanguage\":\"es\",\"potentialAction\":[{\"@type\":\"ReadAction\",\"target\":[\"https:\/\/xenonkungen.com\/no\/produkt\/bakre-markeringsstang-med-3-led-lamper\/\"]}]},{\"@type\":\"ImageObject\",\"inLanguage\":\"es\",\"@id\":\"https:\/\/xenonkungen.com\/no\/produkt\/bakre-markeringsstang-med-3-led-lamper\/#primaryimage\",\"url\":\"https:\/\/xenonkungen.com\/wp-content\/uploads\/2025\/04\/7328101-origpic-c4750a.jpg\",\"contentUrl\":\"https:\/\/xenonkungen.com\/wp-content\/uploads\/2025\/04\/7328101-origpic-c4750a.jpg\",\"width\":600,\"height\":600},{\"@type\":\"BreadcrumbList\",\"@id\":\"https:\/\/xenonkungen.com\/no\/produkt\/bakre-markeringsstang-med-3-led-lamper\/#breadcrumb\",\"itemListElement\":[{\"@type\":\"ListItem\",\"position\":1,\"name\":\"Hem\",\"item\":\"https:\/\/xenonkungen.com\/\"},{\"@type\":\"ListItem\",\"position\":2,\"name\":\"Shop\",\"item\":\"https:\/\/xenonkungen.com\/shop\/\"},{\"@type\":\"ListItem\",\"position\":3,\"name\":\"Bakmarkering 3LED R\u00f6d\"}]},{\"@type\":\"WebSite\",\"@id\":\"https:\/\/xenonkungen.com\/#website\",\"url\":\"https:\/\/xenonkungen.com\/\",\"name\":\"Xenonkungen\",\"description\":\"\",\"potentialAction\":[{\"@type\":\"SearchAction\",\"target\":{\"@type\":\"EntryPoint\",\"urlTemplate\":\"https:\/\/xenonkungen.com\/?s={search_term_string}\"},\"query-input\":{\"@type\":\"PropertyValueSpecification\",\"valueRequired\":true,\"valueName\":\"search_term_string\"}}],\"inLanguage\":\"es\"}]}<\/script>\n<!-- \/ Yoast SEO plugin. -->","yoast_head_json":{"title":"Marcaci\u00f3n trasera 3LED roja - Xenonkungen","robots":{"index":"index","follow":"follow","max-snippet":"max-snippet:-1","max-image-preview":"max-image-preview:large","max-video-preview":"max-video-preview:-1"},"canonical":"https:\/\/xenonkungen.com\/es\/producto\/varilla-de-3-leds-para-senalizacion-trasera\/","og_locale":"es_ES","og_type":"article","og_title":"Bakmarkering 3LED R\u00f6d - Xenonkungen","og_description":"Innovativ LED Bakmarkeringslampa med Reflexplatta i Svart Sarg Denna toppmoderna LED bakmarkeringslampa \u00e4r designad f\u00f6r att erbjuda exceptionell synlighet och h\u00e5llbarhet f\u00f6r alla fordonstyper. Med tre SMD LED-lampor och en integrerad reflexplatta, s\u00e4kerst\u00e4ller denna lampa optimal ljusstyrka och synlighet. Specifikationer Belysning: 3st h\u00f6gpresterande SMD LED Reflexplatta: Integrerad f\u00f6r maximal synlighet Sarg: Modern svart design Skydd: [&hellip;]","og_url":"https:\/\/xenonkungen.com\/es\/producto\/varilla-de-3-leds-para-senalizacion-trasera\/","og_site_name":"Xenonkungen","article_modified_time":"2026-04-17T11:08:18+00:00","og_image":[{"width":600,"height":600,"url":"https:\/\/xenonkungen.com\/wp-content\/uploads\/2025\/04\/7328101-origpic-c4750a.jpg","type":"image\/jpeg"}],"twitter_card":"summary_large_image","twitter_misc":{"Tiempo de lectura":"1 minuto"},"schema":{"@context":"https:\/\/schema.org","@graph":[{"@type":"WebPage","@id":"https:\/\/xenonkungen.com\/no\/produkt\/bakre-markeringsstang-med-3-led-lamper\/","url":"https:\/\/xenonkungen.com\/no\/produkt\/bakre-markeringsstang-med-3-led-lamper\/","name":"Marcaci\u00f3n trasera 3LED roja - Xenonkungen","isPartOf":{"@id":"https:\/\/xenonkungen.com\/#website"},"primaryImageOfPage":{"@id":"https:\/\/xenonkungen.com\/no\/produkt\/bakre-markeringsstang-med-3-led-lamper\/#primaryimage"},"image":{"@id":"https:\/\/xenonkungen.com\/no\/produkt\/bakre-markeringsstang-med-3-led-lamper\/#primaryimage"},"thumbnailUrl":"https:\/\/xenonkungen.com\/wp-content\/uploads\/2025\/04\/7328101-origpic-c4750a.jpg","datePublished":"2025-04-15T09:52:30+00:00","dateModified":"2026-04-17T11:08:18+00:00","breadcrumb":{"@id":"https:\/\/xenonkungen.com\/no\/produkt\/bakre-markeringsstang-med-3-led-lamper\/#breadcrumb"},"inLanguage":"es","potentialAction":[{"@type":"ReadAction","target":["https:\/\/xenonkungen.com\/no\/produkt\/bakre-markeringsstang-med-3-led-lamper\/"]}]},{"@type":"ImageObject","inLanguage":"es","@id":"https:\/\/xenonkungen.com\/no\/produkt\/bakre-markeringsstang-med-3-led-lamper\/#primaryimage","url":"https:\/\/xenonkungen.com\/wp-content\/uploads\/2025\/04\/7328101-origpic-c4750a.jpg","contentUrl":"https:\/\/xenonkungen.com\/wp-content\/uploads\/2025\/04\/7328101-origpic-c4750a.jpg","width":600,"height":600},{"@type":"BreadcrumbList","@id":"https:\/\/xenonkungen.com\/no\/produkt\/bakre-markeringsstang-med-3-led-lamper\/#breadcrumb","itemListElement":[{"@type":"ListItem","position":1,"name":"Hem","item":"https:\/\/xenonkungen.com\/"},{"@type":"ListItem","position":2,"name":"Shop","item":"https:\/\/xenonkungen.com\/shop\/"},{"@type":"ListItem","position":3,"name":"Bakmarkering 3LED R\u00f6d"}]},{"@type":"WebSite","@id":"https:\/\/xenonkungen.com\/#website","url":"https:\/\/xenonkungen.com\/","name":"Xenonkungen","description":"","potentialAction":[{"@type":"SearchAction","target":{"@type":"EntryPoint","urlTemplate":"https:\/\/xenonkungen.com\/?s={search_term_string}"},"query-input":{"@type":"PropertyValueSpecification","valueRequired":true,"valueName":"search_term_string"}}],"inLanguage":"es"}]}},"taxonomy_info":{"anvandningsomrade":[{"value":166,"label":"Lastbil"},{"value":238,"label":"SL\u00c4P"},{"value":2816,"label":"TRAILER"}],"product_brand":[{"value":1252,"label":"LEA"}],"product_cat":[{"value":2811,"label":"Bak"},{"value":2478,"label":"Positionsljus"}],"pa_fuktskydd-varde-ipxx":[{"value":333,"label":"IP67"}],"pa_godkannande":[{"value":1347,"label":"ECE, R7"}],"pa_storlek-mm":[{"value":1823,"label":"100x44x12"}],"pa_stromforbrukning":[{"value":1832,"label":"0,02A @13,8V"},{"value":1825,"label":"0,03A @28V"}],"pa_volt-v":[{"value":348,"label":"12, 24"}]},"featured_image_src_large":["https:\/\/xenonkungen.com\/wp-content\/uploads\/2025\/04\/7328101-origpic-c4750a.jpg",600,600,false],"author_info":[],"comment_info":0,"_links":{"self":[{"href":"https:\/\/xenonkungen.com\/es\/wp-json\/wp\/v2\/product\/7113","targetHints":{"allow":["GET"]}}],"collection":[{"href":"https:\/\/xenonkungen.com\/es\/wp-json\/wp\/v2\/product"}],"about":[{"href":"https:\/\/xenonkungen.com\/es\/wp-json\/wp\/v2\/types\/product"}],"replies":[{"embeddable":true,"href":"https:\/\/xenonkungen.com\/es\/wp-json\/wp\/v2\/comments?post=7113"}],"wp:featuredmedia":[{"embeddable":true,"href":"https:\/\/xenonkungen.com\/es\/wp-json\/wp\/v2\/media\/7114"}],"wp:attachment":[{"href":"https:\/\/xenonkungen.com\/es\/wp-json\/wp\/v2\/media?parent=7113"}],"wp:term":[{"taxonomy":"anvandningsomrade","embeddable":true,"href":"https:\/\/xenonkungen.com\/es\/wp-json\/wp\/v2\/anvandningsomrade?post=7113"},{"taxonomy":"bilmarken","embeddable":true,"href":"https:\/\/xenonkungen.com\/es\/wp-json\/wp\/v2\/bilmarken?post=7113"},{"taxonomy":"product_brand","embeddable":true,"href":"https:\/\/xenonkungen.com\/es\/wp-json\/wp\/v2\/product_brand?post=7113"},{"taxonomy":"product_cat","embeddable":true,"href":"https:\/\/xenonkungen.com\/es\/wp-json\/wp\/v2\/product_cat?post=7113"},{"taxonomy":"product_tag","embeddable":true,"href":"https:\/\/xenonkungen.com\/es\/wp-json\/wp\/v2\/product_tag?post=7113"}],"curies":[{"name":"wp","href":"https:\/\/api.w.org\/{rel}","templated":true}]}}