{"id":7160,"date":"2025-04-15T09:52:46","date_gmt":"2025-04-15T09:52:46","guid":{"rendered":"https:\/\/xenonkungen.com\/product\/frontmarkering-2led-vit\/"},"modified":"2026-05-13T10:03:41","modified_gmt":"2026-05-13T09:03:41","slug":"senalizacion-frontal-2-leds-blancos","status":"publish","type":"product","link":"https:\/\/xenonkungen.com\/es\/producto\/senalizacion-frontal-2-leds-blancos\/","title":{"rendered":"Marcaje frontal 2LED Blanco"},"content":{"rendered":"<h1>Moderna luz de posici\u00f3n delantera LED<\/h1>\n<p>Dise\u00f1ada con un discreto bisel negro y equipada con dos potentes LED, esta moderna luz de posici\u00f3n delantera LED ofrece una soluci\u00f3n de iluminaci\u00f3n muy eficaz y duradera para su veh\u00edculo. Se ha dise\u00f1ado espec\u00edficamente para aumentar la visibilidad y la seguridad en la parte delantera del veh\u00edculo, por lo que es ideal para su uso en una amplia gama de tipos de veh\u00edculos, desde camiones pesados hasta turismos y remolques.<\/p>\n<p>Gracias a su sistema electr\u00f3nico estanco, esta l\u00e1mpara est\u00e1 dise\u00f1ada para soportar condiciones meteorol\u00f3gicas adversas y es resistente a golpes y vibraciones. Esto garantiza que la l\u00e1mpara conserve su integridad y funcionamiento incluso en las condiciones m\u00e1s exigentes, proporcionando una soluci\u00f3n fiable para la iluminaci\u00f3n del veh\u00edculo.<\/p>\n<p>El ribete negro de la l\u00e1mpara complementa el aspecto est\u00e9tico del veh\u00edculo, mientras que los dos LED proporcionan una iluminaci\u00f3n brillante y energ\u00e9ticamente eficiente. Se ha dise\u00f1ado para que sea f\u00e1cil de instalar y puede montarse tanto horizontal como verticalmente para adaptarse a sus requisitos de montaje espec\u00edficos.<\/p>\n<p>Con una clasificaci\u00f3n IP67, esta luz es totalmente sumergible y est\u00e1 protegida contra la entrada de polvo, lo que la convierte en una excelente opci\u00f3n para su uso en todo tipo de entornos exteriores. Tanto si necesita actualizar su veh\u00edculo para aumentar la seguridad como si simplemente desea mejorar su aspecto con una iluminaci\u00f3n moderna, esta luz de posici\u00f3n delantera LED ofrece una combinaci\u00f3n de durabilidad, rendimiento y estilo.<\/p>","protected":false},"excerpt":{"rendered":"<p>Modern LED Frontmarkeringslampa Denna moderna LED frontmarkeringslampa, framtagen med en diskret svart sarg och utrustad med tv\u00e5 kraftfulla LED-dioder, erbjuder en h\u00f6geffektiv och h\u00e5llbar belysningsl\u00f6sning f\u00f6r ditt fordon. Den \u00e4r s\u00e4rskilt designad f\u00f6r att \u00f6ka synligheten och s\u00e4kerheten p\u00e5 fordonets frontparti, vilket g\u00f6r den idealisk f\u00f6r anv\u00e4ndning p\u00e5 en m\u00e4ngd olika fordonstyper, fr\u00e5n tunga lastbilar [&hellip;]<\/p>","protected":false},"featured_media":7161,"comment_status":"closed","ping_status":"open","template":"","meta":{"_acf_changed":false,"_smort_price_nok":"171","_smort_price_dkk":"109","_smort_price_eur":"14.54","_smort_sale_price_nok":"","_smort_sale_price_dkk":"","_smort_sale_price_eur":"","smort_restorder":"","shipmondo_restorder":"","_kad_blocks_custom_css":"","_kad_blocks_head_custom_js":"","_kad_blocks_body_custom_js":"","_kad_blocks_footer_custom_js":"","smort_custom_pricelist_1":"89.6","smort_custom_pricelist_2":"89.6","smort_custom_pricelist_3":"85.12","smort_custom_pricelist_4":"128","smort_custom_pricelist_5":"89.6"},"anvandningsomrade":[166,238,2816],"bilmarken":[],"product_brand":[1252],"product_cat":[2810,2478],"product_tag":[],"class_list":{"0":"post-7160","1":"product","2":"type-product","3":"status-publish","4":"has-post-thumbnail","6":"anvandningsomrade-lastbil","7":"anvandningsomrade-slap","8":"anvandningsomrade-trailer","9":"product_brand-lea","10":"product_cat-front","11":"product_cat-positionsljus-slap","12":"pa_fuktskydd-varde-ipxx-ip67","13":"pa_godkannande-ece-r7","14":"pa_storlek-mm-58x35x19","15":"pa_stromforbrukning-004a-28v","16":"pa_stromforbrukning-010a-138v","17":"pa_volt-v-12-24","19":"first","20":"instock","21":"taxable","22":"shipping-taxable","23":"purchasable","24":"product-type-simple"},"bundled_by":[],"bundle_stock_status":"instock","bundle_stock_quantity":1,"bundle_virtual":false,"bundle_layout":"","bundle_add_to_cart_form_location":"","bundle_editable_in_cart":false,"bundle_sold_individually_context":"","bundle_item_grouping":"","bundle_min_size":"","bundle_max_size":"","bundle_price":[],"bundled_items":[],"bundle_sell_ids":[],"acf":[],"yoast_head":"<!-- This site is optimized with the Yoast SEO plugin v27.0 - https:\/\/yoast.com\/product\/yoast-seo-wordpress\/ -->\n<title>Frontmarkering 2LED Vit - Xenonkungen<\/title>\n<meta name=\"robots\" content=\"index, follow, max-snippet:-1, max-image-preview:large, max-video-preview:-1\" \/>\n<link rel=\"canonical\" href=\"https:\/\/xenonkungen.com\/es\/producto\/senalizacion-frontal-2-leds-blancos\/\" \/>\n<meta property=\"og:locale\" content=\"es_ES\" \/>\n<meta property=\"og:type\" content=\"article\" \/>\n<meta property=\"og:title\" content=\"Frontmarkering 2LED Vit - Xenonkungen\" \/>\n<meta property=\"og:description\" content=\"Modern LED Frontmarkeringslampa Denna moderna LED frontmarkeringslampa, framtagen med en diskret svart sarg och utrustad med tv\u00e5 kraftfulla LED-dioder, erbjuder en h\u00f6geffektiv och h\u00e5llbar belysningsl\u00f6sning f\u00f6r ditt fordon. Den \u00e4r s\u00e4rskilt designad f\u00f6r att \u00f6ka synligheten och s\u00e4kerheten p\u00e5 fordonets frontparti, vilket g\u00f6r den idealisk f\u00f6r anv\u00e4ndning p\u00e5 en m\u00e4ngd olika fordonstyper, fr\u00e5n tunga lastbilar [&hellip;]\" \/>\n<meta property=\"og:url\" content=\"https:\/\/xenonkungen.com\/es\/producto\/senalizacion-frontal-2-leds-blancos\/\" \/>\n<meta property=\"og:site_name\" content=\"Xenonkungen\" \/>\n<meta property=\"article:modified_time\" content=\"2026-05-13T09:03:41+00:00\" \/>\n<meta property=\"og:image\" content=\"https:\/\/xenonkungen.com\/wp-content\/uploads\/2025\/04\/7323108-origpic-9d115d.jpg\" \/>\n\t<meta property=\"og:image:width\" content=\"600\" \/>\n\t<meta property=\"og:image:height\" content=\"600\" \/>\n\t<meta property=\"og:image:type\" content=\"image\/jpeg\" \/>\n<meta name=\"twitter:card\" content=\"summary_large_image\" \/>\n<meta name=\"twitter:label1\" content=\"Tiempo de lectura\" \/>\n\t<meta name=\"twitter:data1\" content=\"1 minuto\" \/>\n<script type=\"application\/ld+json\" class=\"yoast-schema-graph\">{\"@context\":\"https:\/\/schema.org\",\"@graph\":[{\"@type\":\"WebPage\",\"@id\":\"https:\/\/xenonkungen.com\/produkt\/frontmarkering-2led-vit\/\",\"url\":\"https:\/\/xenonkungen.com\/produkt\/frontmarkering-2led-vit\/\",\"name\":\"Frontmarkering 2LED Vit - Xenonkungen\",\"isPartOf\":{\"@id\":\"https:\/\/xenonkungen.com\/#website\"},\"primaryImageOfPage\":{\"@id\":\"https:\/\/xenonkungen.com\/produkt\/frontmarkering-2led-vit\/#primaryimage\"},\"image\":{\"@id\":\"https:\/\/xenonkungen.com\/produkt\/frontmarkering-2led-vit\/#primaryimage\"},\"thumbnailUrl\":\"https:\/\/xenonkungen.com\/wp-content\/uploads\/2025\/04\/7323108-origpic-9d115d.jpg\",\"datePublished\":\"2025-04-15T09:52:46+00:00\",\"dateModified\":\"2026-05-13T09:03:41+00:00\",\"breadcrumb\":{\"@id\":\"https:\/\/xenonkungen.com\/produkt\/frontmarkering-2led-vit\/#breadcrumb\"},\"inLanguage\":\"es\",\"potentialAction\":[{\"@type\":\"ReadAction\",\"target\":[\"https:\/\/xenonkungen.com\/produkt\/frontmarkering-2led-vit\/\"]}]},{\"@type\":\"ImageObject\",\"inLanguage\":\"es\",\"@id\":\"https:\/\/xenonkungen.com\/produkt\/frontmarkering-2led-vit\/#primaryimage\",\"url\":\"https:\/\/xenonkungen.com\/wp-content\/uploads\/2025\/04\/7323108-origpic-9d115d.jpg\",\"contentUrl\":\"https:\/\/xenonkungen.com\/wp-content\/uploads\/2025\/04\/7323108-origpic-9d115d.jpg\",\"width\":600,\"height\":600},{\"@type\":\"BreadcrumbList\",\"@id\":\"https:\/\/xenonkungen.com\/produkt\/frontmarkering-2led-vit\/#breadcrumb\",\"itemListElement\":[{\"@type\":\"ListItem\",\"position\":1,\"name\":\"Hem\",\"item\":\"https:\/\/xenonkungen.com\/\"},{\"@type\":\"ListItem\",\"position\":2,\"name\":\"Shop\",\"item\":\"https:\/\/xenonkungen.com\/shop\/\"},{\"@type\":\"ListItem\",\"position\":3,\"name\":\"Frontmarkering 2LED Vit\"}]},{\"@type\":\"WebSite\",\"@id\":\"https:\/\/xenonkungen.com\/#website\",\"url\":\"https:\/\/xenonkungen.com\/\",\"name\":\"Xenonkungen\",\"description\":\"\",\"potentialAction\":[{\"@type\":\"SearchAction\",\"target\":{\"@type\":\"EntryPoint\",\"urlTemplate\":\"https:\/\/xenonkungen.com\/?s={search_term_string}\"},\"query-input\":{\"@type\":\"PropertyValueSpecification\",\"valueRequired\":true,\"valueName\":\"search_term_string\"}}],\"inLanguage\":\"es\"}]}<\/script>\n<!-- \/ Yoast SEO plugin. -->","yoast_head_json":{"title":"Marcaci\u00f3n frontal 2LED Blanco - El rey del xen\u00f3n","robots":{"index":"index","follow":"follow","max-snippet":"max-snippet:-1","max-image-preview":"max-image-preview:large","max-video-preview":"max-video-preview:-1"},"canonical":"https:\/\/xenonkungen.com\/es\/producto\/senalizacion-frontal-2-leds-blancos\/","og_locale":"es_ES","og_type":"article","og_title":"Frontmarkering 2LED Vit - Xenonkungen","og_description":"Modern LED Frontmarkeringslampa Denna moderna LED frontmarkeringslampa, framtagen med en diskret svart sarg och utrustad med tv\u00e5 kraftfulla LED-dioder, erbjuder en h\u00f6geffektiv och h\u00e5llbar belysningsl\u00f6sning f\u00f6r ditt fordon. Den \u00e4r s\u00e4rskilt designad f\u00f6r att \u00f6ka synligheten och s\u00e4kerheten p\u00e5 fordonets frontparti, vilket g\u00f6r den idealisk f\u00f6r anv\u00e4ndning p\u00e5 en m\u00e4ngd olika fordonstyper, fr\u00e5n tunga lastbilar [&hellip;]","og_url":"https:\/\/xenonkungen.com\/es\/producto\/senalizacion-frontal-2-leds-blancos\/","og_site_name":"Xenonkungen","article_modified_time":"2026-05-13T09:03:41+00:00","og_image":[{"width":600,"height":600,"url":"https:\/\/xenonkungen.com\/wp-content\/uploads\/2025\/04\/7323108-origpic-9d115d.jpg","type":"image\/jpeg"}],"twitter_card":"summary_large_image","twitter_misc":{"Tiempo de lectura":"1 minuto"},"schema":{"@context":"https:\/\/schema.org","@graph":[{"@type":"WebPage","@id":"https:\/\/xenonkungen.com\/produkt\/frontmarkering-2led-vit\/","url":"https:\/\/xenonkungen.com\/produkt\/frontmarkering-2led-vit\/","name":"Marcaci\u00f3n frontal 2LED Blanco - El rey del xen\u00f3n","isPartOf":{"@id":"https:\/\/xenonkungen.com\/#website"},"primaryImageOfPage":{"@id":"https:\/\/xenonkungen.com\/produkt\/frontmarkering-2led-vit\/#primaryimage"},"image":{"@id":"https:\/\/xenonkungen.com\/produkt\/frontmarkering-2led-vit\/#primaryimage"},"thumbnailUrl":"https:\/\/xenonkungen.com\/wp-content\/uploads\/2025\/04\/7323108-origpic-9d115d.jpg","datePublished":"2025-04-15T09:52:46+00:00","dateModified":"2026-05-13T09:03:41+00:00","breadcrumb":{"@id":"https:\/\/xenonkungen.com\/produkt\/frontmarkering-2led-vit\/#breadcrumb"},"inLanguage":"es","potentialAction":[{"@type":"ReadAction","target":["https:\/\/xenonkungen.com\/produkt\/frontmarkering-2led-vit\/"]}]},{"@type":"ImageObject","inLanguage":"es","@id":"https:\/\/xenonkungen.com\/produkt\/frontmarkering-2led-vit\/#primaryimage","url":"https:\/\/xenonkungen.com\/wp-content\/uploads\/2025\/04\/7323108-origpic-9d115d.jpg","contentUrl":"https:\/\/xenonkungen.com\/wp-content\/uploads\/2025\/04\/7323108-origpic-9d115d.jpg","width":600,"height":600},{"@type":"BreadcrumbList","@id":"https:\/\/xenonkungen.com\/produkt\/frontmarkering-2led-vit\/#breadcrumb","itemListElement":[{"@type":"ListItem","position":1,"name":"Hem","item":"https:\/\/xenonkungen.com\/"},{"@type":"ListItem","position":2,"name":"Shop","item":"https:\/\/xenonkungen.com\/shop\/"},{"@type":"ListItem","position":3,"name":"Frontmarkering 2LED Vit"}]},{"@type":"WebSite","@id":"https:\/\/xenonkungen.com\/#website","url":"https:\/\/xenonkungen.com\/","name":"Xenonkungen","description":"","potentialAction":[{"@type":"SearchAction","target":{"@type":"EntryPoint","urlTemplate":"https:\/\/xenonkungen.com\/?s={search_term_string}"},"query-input":{"@type":"PropertyValueSpecification","valueRequired":true,"valueName":"search_term_string"}}],"inLanguage":"es"}]}},"taxonomy_info":{"anvandningsomrade":[{"value":166,"label":"Lastbil"},{"value":238,"label":"SL\u00c4P"},{"value":2816,"label":"TRAILER"}],"product_brand":[{"value":1252,"label":"LEA"}],"product_cat":[{"value":2810,"label":"Front"},{"value":2478,"label":"Positionsljus"}],"pa_fuktskydd-varde-ipxx":[{"value":333,"label":"IP67"}],"pa_godkannande":[{"value":1347,"label":"ECE, R7"}],"pa_storlek-mm":[{"value":1868,"label":"58x35x19"}],"pa_stromforbrukning":[{"value":1872,"label":"0,04A @28V"},{"value":1886,"label":"0,10A @13,8V"}],"pa_volt-v":[{"value":348,"label":"12, 24"}]},"featured_image_src_large":["https:\/\/xenonkungen.com\/wp-content\/uploads\/2025\/04\/7323108-origpic-9d115d.jpg",600,600,false],"author_info":[],"comment_info":0,"_links":{"self":[{"href":"https:\/\/xenonkungen.com\/es\/wp-json\/wp\/v2\/product\/7160","targetHints":{"allow":["GET"]}}],"collection":[{"href":"https:\/\/xenonkungen.com\/es\/wp-json\/wp\/v2\/product"}],"about":[{"href":"https:\/\/xenonkungen.com\/es\/wp-json\/wp\/v2\/types\/product"}],"replies":[{"embeddable":true,"href":"https:\/\/xenonkungen.com\/es\/wp-json\/wp\/v2\/comments?post=7160"}],"wp:featuredmedia":[{"embeddable":true,"href":"https:\/\/xenonkungen.com\/es\/wp-json\/wp\/v2\/media\/7161"}],"wp:attachment":[{"href":"https:\/\/xenonkungen.com\/es\/wp-json\/wp\/v2\/media?parent=7160"}],"wp:term":[{"taxonomy":"anvandningsomrade","embeddable":true,"href":"https:\/\/xenonkungen.com\/es\/wp-json\/wp\/v2\/anvandningsomrade?post=7160"},{"taxonomy":"bilmarken","embeddable":true,"href":"https:\/\/xenonkungen.com\/es\/wp-json\/wp\/v2\/bilmarken?post=7160"},{"taxonomy":"product_brand","embeddable":true,"href":"https:\/\/xenonkungen.com\/es\/wp-json\/wp\/v2\/product_brand?post=7160"},{"taxonomy":"product_cat","embeddable":true,"href":"https:\/\/xenonkungen.com\/es\/wp-json\/wp\/v2\/product_cat?post=7160"},{"taxonomy":"product_tag","embeddable":true,"href":"https:\/\/xenonkungen.com\/es\/wp-json\/wp\/v2\/product_tag?post=7160"}],"curies":[{"name":"wp","href":"https:\/\/api.w.org\/{rel}","templated":true}]}}