{"id":7266,"date":"2025-04-15T09:53:42","date_gmt":"2025-04-15T09:53:42","guid":{"rendered":"https:\/\/xenonkungen.com\/product\/d4s-osram-xenarc\/"},"modified":"2026-04-11T01:27:19","modified_gmt":"2026-04-11T00:27:19","slug":"osram-xenarc-d4s","status":"publish","type":"product","link":"https:\/\/xenonkungen.com\/es\/producto\/osram-xenarc-d4s\/","title":{"rendered":"D4S OSRAM XENARC"},"content":{"rendered":"<p>Las l\u00e1mparas XENARC ORIGINAL impresionan por su amplia gama de productos y su fiable calidad OEM. Se utilizan con \u00e9xito en millones de coches nuevos de fabricantes de renombre, ya sea como equipamiento de serie o como recambios originales. Con una temperatura de color de hasta 4500 Kelvin, la luz se asemeja m\u00e1s a la luz natural que las l\u00e1mparas hal\u00f3genas convencionales de 3200 Kelvin, lo que resulta m\u00e1s agradable a la vista. Gracias a su impresionante luminosidad, las l\u00e1mparas proporcionan una mejor visibilidad en carretera. Estas l\u00e1mparas duraderas sirven como recambios originales para su veh\u00edculo y destacan por su larga vida \u00fatil. OSRAM ofrece una garant\u00eda de 4 a\u00f1os para las l\u00e1mparas XENARC ORIGINAL defectuosas en aplicaciones no comerciales. Nota: La sustituci\u00f3n de las l\u00e1mparas XENARC debe ser realizada por un especialista.<\/p>","protected":false},"excerpt":{"rendered":"<p>La serie Osram Xenarc\u00ae est\u00e1 dise\u00f1ada para conductores frecuentes o para veh\u00edculos con instalaci\u00f3n y sustituci\u00f3n de l\u00e1mparas complejas. Nota: Precio por unidad.<\/p>","protected":false},"featured_media":7267,"comment_status":"closed","ping_status":"open","template":"","meta":{"_acf_changed":false,"_smort_price_nok":"587","_smort_price_dkk":"373","_smort_price_eur":"50","_smort_sale_price_nok":"","_smort_sale_price_dkk":"","_smort_sale_price_eur":"","smort_restorder":"","shipmondo_restorder":"","_kad_blocks_custom_css":"","_kad_blocks_head_custom_js":"","_kad_blocks_body_custom_js":"","_kad_blocks_footer_custom_js":"","smort_custom_pricelist_1":"352","smort_custom_pricelist_2":"352","smort_custom_pricelist_3":"334.4","smort_custom_pricelist_4":"440","smort_custom_pricelist_5":"352"},"anvandningsomrade":[],"bilmarken":[],"product_brand":[108],"product_cat":[2483,733],"product_tag":[],"class_list":{"0":"post-7266","1":"product","2":"type-product","3":"status-publish","4":"has-post-thumbnail","6":"product_brand-osram","7":"product_cat-xenon","8":"product_cat-halvljus-helljus","9":"pa_faktisk-effekts-forbrukning-847","10":"pa_fargtemperatur-4300k","11":"pa_lampsockel-kontakt-d4s","13":"first","14":"instock","15":"taxable","16":"shipping-taxable","17":"purchasable","18":"product-type-simple"},"bundled_by":[],"bundle_stock_status":"instock","bundle_stock_quantity":18,"bundle_virtual":false,"bundle_layout":"","bundle_add_to_cart_form_location":"","bundle_editable_in_cart":false,"bundle_sold_individually_context":"","bundle_item_grouping":"","bundle_min_size":"","bundle_max_size":"","bundle_price":[],"bundled_items":[],"bundle_sell_ids":[],"acf":[],"yoast_head":"<!-- This site is optimized with the Yoast SEO plugin v27.0 - https:\/\/yoast.com\/product\/yoast-seo-wordpress\/ -->\n<title>D4S OSRAM XENARC\u00ae - Xenonkungen<\/title>\n<meta name=\"robots\" content=\"index, follow, max-snippet:-1, max-image-preview:large, max-video-preview:-1\" \/>\n<link rel=\"canonical\" href=\"https:\/\/xenonkungen.com\/es\/producto\/osram-xenarc-d4s\/\" \/>\n<meta property=\"og:locale\" content=\"es_ES\" \/>\n<meta property=\"og:type\" content=\"article\" \/>\n<meta property=\"og:title\" content=\"D4S OSRAM XENARC\u00ae - Xenonkungen\" \/>\n<meta property=\"og:description\" content=\"Osram Xenarc\u00ae serien \u00e4r avsedd f\u00f6r dig som k\u00f6r mycket eller bilar med komplicerad montering\/lampbyte. Obs! Pris per styck.\" \/>\n<meta property=\"og:url\" content=\"https:\/\/xenonkungen.com\/es\/producto\/osram-xenarc-d4s\/\" \/>\n<meta property=\"og:site_name\" content=\"Xenonkungen\" \/>\n<meta property=\"article:modified_time\" content=\"2026-04-11T00:27:19+00:00\" \/>\n<meta property=\"og:image\" content=\"https:\/\/xenonkungen.com\/wp-content\/uploads\/2025\/04\/179337029-origpic-f4fb7e.jpg\" \/>\n\t<meta property=\"og:image:width\" content=\"900\" \/>\n\t<meta property=\"og:image:height\" content=\"1040\" \/>\n\t<meta property=\"og:image:type\" content=\"image\/jpeg\" \/>\n<meta name=\"twitter:card\" content=\"summary_large_image\" \/>\n<meta name=\"twitter:label1\" content=\"Tiempo de lectura\" \/>\n\t<meta name=\"twitter:data1\" content=\"1 minuto\" \/>\n<script type=\"application\/ld+json\" class=\"yoast-schema-graph\">{\"@context\":\"https:\/\/schema.org\",\"@graph\":[{\"@type\":\"WebPage\",\"@id\":\"https:\/\/xenonkungen.com\/produkt\/d4s-osram-xenarc\/\",\"url\":\"https:\/\/xenonkungen.com\/produkt\/d4s-osram-xenarc\/\",\"name\":\"D4S OSRAM XENARC\u00ae - Xenonkungen\",\"isPartOf\":{\"@id\":\"https:\/\/xenonkungen.com\/#website\"},\"primaryImageOfPage\":{\"@id\":\"https:\/\/xenonkungen.com\/produkt\/d4s-osram-xenarc\/#primaryimage\"},\"image\":{\"@id\":\"https:\/\/xenonkungen.com\/produkt\/d4s-osram-xenarc\/#primaryimage\"},\"thumbnailUrl\":\"https:\/\/xenonkungen.com\/wp-content\/uploads\/2025\/04\/179337029-origpic-f4fb7e.jpg\",\"datePublished\":\"2025-04-15T09:53:42+00:00\",\"dateModified\":\"2026-04-11T00:27:19+00:00\",\"breadcrumb\":{\"@id\":\"https:\/\/xenonkungen.com\/produkt\/d4s-osram-xenarc\/#breadcrumb\"},\"inLanguage\":\"es\",\"potentialAction\":[{\"@type\":\"ReadAction\",\"target\":[\"https:\/\/xenonkungen.com\/produkt\/d4s-osram-xenarc\/\"]}]},{\"@type\":\"ImageObject\",\"inLanguage\":\"es\",\"@id\":\"https:\/\/xenonkungen.com\/produkt\/d4s-osram-xenarc\/#primaryimage\",\"url\":\"https:\/\/xenonkungen.com\/wp-content\/uploads\/2025\/04\/179337029-origpic-f4fb7e.jpg\",\"contentUrl\":\"https:\/\/xenonkungen.com\/wp-content\/uploads\/2025\/04\/179337029-origpic-f4fb7e.jpg\",\"width\":900,\"height\":1040},{\"@type\":\"BreadcrumbList\",\"@id\":\"https:\/\/xenonkungen.com\/produkt\/d4s-osram-xenarc\/#breadcrumb\",\"itemListElement\":[{\"@type\":\"ListItem\",\"position\":1,\"name\":\"Hem\",\"item\":\"https:\/\/xenonkungen.com\/\"},{\"@type\":\"ListItem\",\"position\":2,\"name\":\"Shop\",\"item\":\"https:\/\/xenonkungen.com\/shop\/\"},{\"@type\":\"ListItem\",\"position\":3,\"name\":\"D4S OSRAM XENARC\u00ae\"}]},{\"@type\":\"WebSite\",\"@id\":\"https:\/\/xenonkungen.com\/#website\",\"url\":\"https:\/\/xenonkungen.com\/\",\"name\":\"Xenonkungen\",\"description\":\"\",\"potentialAction\":[{\"@type\":\"SearchAction\",\"target\":{\"@type\":\"EntryPoint\",\"urlTemplate\":\"https:\/\/xenonkungen.com\/?s={search_term_string}\"},\"query-input\":{\"@type\":\"PropertyValueSpecification\",\"valueRequired\":true,\"valueName\":\"search_term_string\"}}],\"inLanguage\":\"es\"}]}<\/script>\n<!-- \/ Yoast SEO plugin. -->","yoast_head_json":{"title":"D4S OSRAM XENARC\u00ae - El rey del xen\u00f3n","robots":{"index":"index","follow":"follow","max-snippet":"max-snippet:-1","max-image-preview":"max-image-preview:large","max-video-preview":"max-video-preview:-1"},"canonical":"https:\/\/xenonkungen.com\/es\/producto\/osram-xenarc-d4s\/","og_locale":"es_ES","og_type":"article","og_title":"D4S OSRAM XENARC\u00ae - Xenonkungen","og_description":"Osram Xenarc\u00ae serien \u00e4r avsedd f\u00f6r dig som k\u00f6r mycket eller bilar med komplicerad montering\/lampbyte. Obs! Pris per styck.","og_url":"https:\/\/xenonkungen.com\/es\/producto\/osram-xenarc-d4s\/","og_site_name":"Xenonkungen","article_modified_time":"2026-04-11T00:27:19+00:00","og_image":[{"width":900,"height":1040,"url":"https:\/\/xenonkungen.com\/wp-content\/uploads\/2025\/04\/179337029-origpic-f4fb7e.jpg","type":"image\/jpeg"}],"twitter_card":"summary_large_image","twitter_misc":{"Tiempo de lectura":"1 minuto"},"schema":{"@context":"https:\/\/schema.org","@graph":[{"@type":"WebPage","@id":"https:\/\/xenonkungen.com\/produkt\/d4s-osram-xenarc\/","url":"https:\/\/xenonkungen.com\/produkt\/d4s-osram-xenarc\/","name":"D4S OSRAM XENARC\u00ae - El rey del xen\u00f3n","isPartOf":{"@id":"https:\/\/xenonkungen.com\/#website"},"primaryImageOfPage":{"@id":"https:\/\/xenonkungen.com\/produkt\/d4s-osram-xenarc\/#primaryimage"},"image":{"@id":"https:\/\/xenonkungen.com\/produkt\/d4s-osram-xenarc\/#primaryimage"},"thumbnailUrl":"https:\/\/xenonkungen.com\/wp-content\/uploads\/2025\/04\/179337029-origpic-f4fb7e.jpg","datePublished":"2025-04-15T09:53:42+00:00","dateModified":"2026-04-11T00:27:19+00:00","breadcrumb":{"@id":"https:\/\/xenonkungen.com\/produkt\/d4s-osram-xenarc\/#breadcrumb"},"inLanguage":"es","potentialAction":[{"@type":"ReadAction","target":["https:\/\/xenonkungen.com\/produkt\/d4s-osram-xenarc\/"]}]},{"@type":"ImageObject","inLanguage":"es","@id":"https:\/\/xenonkungen.com\/produkt\/d4s-osram-xenarc\/#primaryimage","url":"https:\/\/xenonkungen.com\/wp-content\/uploads\/2025\/04\/179337029-origpic-f4fb7e.jpg","contentUrl":"https:\/\/xenonkungen.com\/wp-content\/uploads\/2025\/04\/179337029-origpic-f4fb7e.jpg","width":900,"height":1040},{"@type":"BreadcrumbList","@id":"https:\/\/xenonkungen.com\/produkt\/d4s-osram-xenarc\/#breadcrumb","itemListElement":[{"@type":"ListItem","position":1,"name":"Hem","item":"https:\/\/xenonkungen.com\/"},{"@type":"ListItem","position":2,"name":"Shop","item":"https:\/\/xenonkungen.com\/shop\/"},{"@type":"ListItem","position":3,"name":"D4S OSRAM XENARC\u00ae"}]},{"@type":"WebSite","@id":"https:\/\/xenonkungen.com\/#website","url":"https:\/\/xenonkungen.com\/","name":"Xenonkungen","description":"","potentialAction":[{"@type":"SearchAction","target":{"@type":"EntryPoint","urlTemplate":"https:\/\/xenonkungen.com\/?s={search_term_string}"},"query-input":{"@type":"PropertyValueSpecification","valueRequired":true,"valueName":"search_term_string"}}],"inLanguage":"es"}]}},"taxonomy_info":{"product_brand":[{"value":108,"label":"OSRAM"}],"product_cat":[{"value":2483,"label":"Xenon"},{"value":733,"label":"Halvljus \/ Helljus"}],"pa_faktisk-effekts-forbrukning":[{"value":847,"label":"35"}],"pa_fargtemperatur":[{"value":755,"label":"4300K"}],"pa_lampsockel-kontakt":[{"value":762,"label":"D4S"}]},"featured_image_src_large":["https:\/\/xenonkungen.com\/wp-content\/uploads\/2025\/04\/179337029-origpic-f4fb7e-886x1024.jpg",886,1024,true],"author_info":[],"comment_info":0,"_links":{"self":[{"href":"https:\/\/xenonkungen.com\/es\/wp-json\/wp\/v2\/product\/7266","targetHints":{"allow":["GET"]}}],"collection":[{"href":"https:\/\/xenonkungen.com\/es\/wp-json\/wp\/v2\/product"}],"about":[{"href":"https:\/\/xenonkungen.com\/es\/wp-json\/wp\/v2\/types\/product"}],"replies":[{"embeddable":true,"href":"https:\/\/xenonkungen.com\/es\/wp-json\/wp\/v2\/comments?post=7266"}],"wp:featuredmedia":[{"embeddable":true,"href":"https:\/\/xenonkungen.com\/es\/wp-json\/wp\/v2\/media\/7267"}],"wp:attachment":[{"href":"https:\/\/xenonkungen.com\/es\/wp-json\/wp\/v2\/media?parent=7266"}],"wp:term":[{"taxonomy":"anvandningsomrade","embeddable":true,"href":"https:\/\/xenonkungen.com\/es\/wp-json\/wp\/v2\/anvandningsomrade?post=7266"},{"taxonomy":"bilmarken","embeddable":true,"href":"https:\/\/xenonkungen.com\/es\/wp-json\/wp\/v2\/bilmarken?post=7266"},{"taxonomy":"product_brand","embeddable":true,"href":"https:\/\/xenonkungen.com\/es\/wp-json\/wp\/v2\/product_brand?post=7266"},{"taxonomy":"product_cat","embeddable":true,"href":"https:\/\/xenonkungen.com\/es\/wp-json\/wp\/v2\/product_cat?post=7266"},{"taxonomy":"product_tag","embeddable":true,"href":"https:\/\/xenonkungen.com\/es\/wp-json\/wp\/v2\/product_tag?post=7266"}],"curies":[{"name":"wp","href":"https:\/\/api.w.org\/{rel}","templated":true}]}}