{"id":7292,"date":"2025-04-15T09:53:57","date_gmt":"2025-04-15T09:53:57","guid":{"rendered":"https:\/\/xenonkungen.com\/product\/d8s-osram-xenarc-original\/"},"modified":"2026-04-11T01:27:38","modified_gmt":"2026-04-11T00:27:38","slug":"osram-xenarc-d8s-original","status":"publish","type":"product","link":"https:\/\/xenonkungen.com\/es\/producto\/osram-xenarc-d8s-original\/","title":{"rendered":"D8S Osram Xenarc\u00ae Original"},"content":{"rendered":"<p>Osram Xenarc\u00ae L\u00e1mpara de xen\u00f3n de recambio original para coches equipados de f\u00e1brica con D8S.<\/p>\n<p>Las l\u00e1mparas XENARC ORIGINAL impresionan con una amplia gama de productos y una calidad OEM fiable. Se utilizan con \u00e9xito en millones de coches nuevos de fabricantes reconocidos, ya sea como equipamiento de serie o como piezas de recambio originales. Con una temperatura de color de hasta 4.500 Kelvin, la luz es m\u00e1s similar a la luz natural que las l\u00e1mparas hal\u00f3genas est\u00e1ndar de 3.200 Kelvin ? y, por tanto, es m\u00e1s agradable a la vista. Gracias a su impresionante luminosidad, las l\u00e1mparas proporcionan una mejor visibilidad en carretera. Las l\u00e1mparas duraderas sirven como piezas de repuesto originales para su veh\u00edculo y convencen por su larga vida \u00fatil. OSRAM ofrece una garant\u00eda de 4 a\u00f1os para l\u00e1mparas XENARC ORIGINAL defectuosas en aplicaciones no comerciales. Nota: La sustituci\u00f3n de las l\u00e1mparas XENARC debe ser realizada por un profesional.<\/p>\n<p>La l\u00e1mpara no es compatible con otros sistemas de luces de xen\u00f3n (D1S, D3S).<\/p>\n<p>La luz de xen\u00f3n D8S est\u00e1 disponible, entre otros, en los siguientes autom\u00f3viles:<br \/>Audi A1 Sportback<br \/>Audi A1<br \/>Tesla<br \/>VW Caddy 2017<\/p>\n<p>Garant\u00eda Osram 4 a\u00f1os.<\/p>\n<p>Tenga en cuenta que esta l\u00e1mpara se vende por unidades.<\/p>","protected":false},"excerpt":{"rendered":"<p>L\u00e1mpara de xen\u00f3n Xenarc D8S de Osram, apta para Tesla, VW, etc.<\/p>","protected":false},"featured_media":7293,"comment_status":"closed","ping_status":"open","template":"","meta":{"_acf_changed":false,"_smort_price_nok":"1175","_smort_price_dkk":"746","_smort_price_eur":"100","_smort_sale_price_nok":"","_smort_sale_price_dkk":"","_smort_sale_price_eur":"75","smort_restorder":"","shipmondo_restorder":"","_kad_blocks_custom_css":"","_kad_blocks_head_custom_js":"","_kad_blocks_body_custom_js":"","_kad_blocks_footer_custom_js":"","smort_custom_pricelist_1":"704","smort_custom_pricelist_2":"704","smort_custom_pricelist_3":"668.8","smort_custom_pricelist_4":"880","smort_custom_pricelist_5":"704"},"anvandningsomrade":[],"bilmarken":[],"product_brand":[108],"product_cat":[2483,733],"product_tag":[],"class_list":{"0":"post-7292","1":"product","2":"type-product","3":"status-publish","4":"has-post-thumbnail","6":"product_brand-osram","7":"product_cat-xenon","8":"product_cat-halvljus-helljus","9":"pa_faktisk-effekts-forbrukning-847","10":"pa_fargtemperatur-4500k","11":"pa_lampsockel-kontakt-d8s","13":"first","14":"instock","15":"taxable","16":"shipping-taxable","17":"purchasable","18":"product-type-simple"},"bundled_by":[],"bundle_stock_status":"instock","bundle_stock_quantity":26,"bundle_virtual":false,"bundle_layout":"","bundle_add_to_cart_form_location":"","bundle_editable_in_cart":false,"bundle_sold_individually_context":"","bundle_item_grouping":"","bundle_min_size":"","bundle_max_size":"","bundle_price":[],"bundled_items":[],"bundle_sell_ids":[],"acf":[],"yoast_head":"<!-- This site is optimized with the Yoast SEO plugin v27.0 - https:\/\/yoast.com\/product\/yoast-seo-wordpress\/ -->\n<title>D8S Osram Xenarc\u00ae Original - Xenonkungen<\/title>\n<meta name=\"robots\" content=\"index, follow, max-snippet:-1, max-image-preview:large, max-video-preview:-1\" \/>\n<link rel=\"canonical\" href=\"https:\/\/xenonkungen.com\/es\/producto\/osram-xenarc-d8s-original\/\" \/>\n<meta property=\"og:locale\" content=\"es_ES\" \/>\n<meta property=\"og:type\" content=\"article\" \/>\n<meta property=\"og:title\" content=\"D8S Osram Xenarc\u00ae Original - Xenonkungen\" \/>\n<meta property=\"og:description\" content=\"Xenarc D8S Xenonlampa fr\u00e5n Osram. Passar tex Tesla, VW mfl.\" \/>\n<meta property=\"og:url\" content=\"https:\/\/xenonkungen.com\/es\/producto\/osram-xenarc-d8s-original\/\" \/>\n<meta property=\"og:site_name\" content=\"Xenonkungen\" \/>\n<meta property=\"article:modified_time\" content=\"2026-04-11T00:27:38+00:00\" \/>\n<meta property=\"og:image\" content=\"https:\/\/xenonkungen.com\/wp-content\/uploads\/2025\/04\/156033812-origpic-c3899c.jpg\" \/>\n\t<meta property=\"og:image:width\" content=\"600\" \/>\n\t<meta property=\"og:image:height\" content=\"600\" \/>\n\t<meta property=\"og:image:type\" content=\"image\/jpeg\" \/>\n<meta name=\"twitter:card\" content=\"summary_large_image\" \/>\n<meta name=\"twitter:label1\" content=\"Tiempo de lectura\" \/>\n\t<meta name=\"twitter:data1\" content=\"1 minuto\" \/>\n<script type=\"application\/ld+json\" class=\"yoast-schema-graph\">{\"@context\":\"https:\/\/schema.org\",\"@graph\":[{\"@type\":\"WebPage\",\"@id\":\"https:\/\/xenonkungen.com\/produkt\/d8s-osram-xenarc-original\/\",\"url\":\"https:\/\/xenonkungen.com\/produkt\/d8s-osram-xenarc-original\/\",\"name\":\"D8S Osram Xenarc\u00ae Original - Xenonkungen\",\"isPartOf\":{\"@id\":\"https:\/\/xenonkungen.com\/#website\"},\"primaryImageOfPage\":{\"@id\":\"https:\/\/xenonkungen.com\/produkt\/d8s-osram-xenarc-original\/#primaryimage\"},\"image\":{\"@id\":\"https:\/\/xenonkungen.com\/produkt\/d8s-osram-xenarc-original\/#primaryimage\"},\"thumbnailUrl\":\"https:\/\/xenonkungen.com\/wp-content\/uploads\/2025\/04\/156033812-origpic-c3899c.jpg\",\"datePublished\":\"2025-04-15T09:53:57+00:00\",\"dateModified\":\"2026-04-11T00:27:38+00:00\",\"breadcrumb\":{\"@id\":\"https:\/\/xenonkungen.com\/produkt\/d8s-osram-xenarc-original\/#breadcrumb\"},\"inLanguage\":\"es\",\"potentialAction\":[{\"@type\":\"ReadAction\",\"target\":[\"https:\/\/xenonkungen.com\/produkt\/d8s-osram-xenarc-original\/\"]}]},{\"@type\":\"ImageObject\",\"inLanguage\":\"es\",\"@id\":\"https:\/\/xenonkungen.com\/produkt\/d8s-osram-xenarc-original\/#primaryimage\",\"url\":\"https:\/\/xenonkungen.com\/wp-content\/uploads\/2025\/04\/156033812-origpic-c3899c.jpg\",\"contentUrl\":\"https:\/\/xenonkungen.com\/wp-content\/uploads\/2025\/04\/156033812-origpic-c3899c.jpg\",\"width\":600,\"height\":600},{\"@type\":\"BreadcrumbList\",\"@id\":\"https:\/\/xenonkungen.com\/produkt\/d8s-osram-xenarc-original\/#breadcrumb\",\"itemListElement\":[{\"@type\":\"ListItem\",\"position\":1,\"name\":\"Hem\",\"item\":\"https:\/\/xenonkungen.com\/\"},{\"@type\":\"ListItem\",\"position\":2,\"name\":\"Shop\",\"item\":\"https:\/\/xenonkungen.com\/shop\/\"},{\"@type\":\"ListItem\",\"position\":3,\"name\":\"D8S Osram Xenarc\u00ae Original\"}]},{\"@type\":\"WebSite\",\"@id\":\"https:\/\/xenonkungen.com\/#website\",\"url\":\"https:\/\/xenonkungen.com\/\",\"name\":\"Xenonkungen\",\"description\":\"\",\"potentialAction\":[{\"@type\":\"SearchAction\",\"target\":{\"@type\":\"EntryPoint\",\"urlTemplate\":\"https:\/\/xenonkungen.com\/?s={search_term_string}\"},\"query-input\":{\"@type\":\"PropertyValueSpecification\",\"valueRequired\":true,\"valueName\":\"search_term_string\"}}],\"inLanguage\":\"es\"}]}<\/script>\n<!-- \/ Yoast SEO plugin. -->","yoast_head_json":{"title":"D8S Osram Xenarc\u00ae Original - El rey del xen\u00f3n","robots":{"index":"index","follow":"follow","max-snippet":"max-snippet:-1","max-image-preview":"max-image-preview:large","max-video-preview":"max-video-preview:-1"},"canonical":"https:\/\/xenonkungen.com\/es\/producto\/osram-xenarc-d8s-original\/","og_locale":"es_ES","og_type":"article","og_title":"D8S Osram Xenarc\u00ae Original - Xenonkungen","og_description":"Xenarc D8S Xenonlampa fr\u00e5n Osram. Passar tex Tesla, VW mfl.","og_url":"https:\/\/xenonkungen.com\/es\/producto\/osram-xenarc-d8s-original\/","og_site_name":"Xenonkungen","article_modified_time":"2026-04-11T00:27:38+00:00","og_image":[{"width":600,"height":600,"url":"https:\/\/xenonkungen.com\/wp-content\/uploads\/2025\/04\/156033812-origpic-c3899c.jpg","type":"image\/jpeg"}],"twitter_card":"summary_large_image","twitter_misc":{"Tiempo de lectura":"1 minuto"},"schema":{"@context":"https:\/\/schema.org","@graph":[{"@type":"WebPage","@id":"https:\/\/xenonkungen.com\/produkt\/d8s-osram-xenarc-original\/","url":"https:\/\/xenonkungen.com\/produkt\/d8s-osram-xenarc-original\/","name":"D8S Osram Xenarc\u00ae Original - El rey del xen\u00f3n","isPartOf":{"@id":"https:\/\/xenonkungen.com\/#website"},"primaryImageOfPage":{"@id":"https:\/\/xenonkungen.com\/produkt\/d8s-osram-xenarc-original\/#primaryimage"},"image":{"@id":"https:\/\/xenonkungen.com\/produkt\/d8s-osram-xenarc-original\/#primaryimage"},"thumbnailUrl":"https:\/\/xenonkungen.com\/wp-content\/uploads\/2025\/04\/156033812-origpic-c3899c.jpg","datePublished":"2025-04-15T09:53:57+00:00","dateModified":"2026-04-11T00:27:38+00:00","breadcrumb":{"@id":"https:\/\/xenonkungen.com\/produkt\/d8s-osram-xenarc-original\/#breadcrumb"},"inLanguage":"es","potentialAction":[{"@type":"ReadAction","target":["https:\/\/xenonkungen.com\/produkt\/d8s-osram-xenarc-original\/"]}]},{"@type":"ImageObject","inLanguage":"es","@id":"https:\/\/xenonkungen.com\/produkt\/d8s-osram-xenarc-original\/#primaryimage","url":"https:\/\/xenonkungen.com\/wp-content\/uploads\/2025\/04\/156033812-origpic-c3899c.jpg","contentUrl":"https:\/\/xenonkungen.com\/wp-content\/uploads\/2025\/04\/156033812-origpic-c3899c.jpg","width":600,"height":600},{"@type":"BreadcrumbList","@id":"https:\/\/xenonkungen.com\/produkt\/d8s-osram-xenarc-original\/#breadcrumb","itemListElement":[{"@type":"ListItem","position":1,"name":"Hem","item":"https:\/\/xenonkungen.com\/"},{"@type":"ListItem","position":2,"name":"Shop","item":"https:\/\/xenonkungen.com\/shop\/"},{"@type":"ListItem","position":3,"name":"D8S Osram Xenarc\u00ae Original"}]},{"@type":"WebSite","@id":"https:\/\/xenonkungen.com\/#website","url":"https:\/\/xenonkungen.com\/","name":"Xenonkungen","description":"","potentialAction":[{"@type":"SearchAction","target":{"@type":"EntryPoint","urlTemplate":"https:\/\/xenonkungen.com\/?s={search_term_string}"},"query-input":{"@type":"PropertyValueSpecification","valueRequired":true,"valueName":"search_term_string"}}],"inLanguage":"es"}]}},"taxonomy_info":{"product_brand":[{"value":108,"label":"OSRAM"}],"product_cat":[{"value":2483,"label":"Xenon"},{"value":733,"label":"Halvljus \/ Helljus"}],"pa_faktisk-effekts-forbrukning":[{"value":847,"label":"35"}],"pa_fargtemperatur":[{"value":842,"label":"4500K"}],"pa_lampsockel-kontakt":[{"value":764,"label":"D8S"}]},"featured_image_src_large":["https:\/\/xenonkungen.com\/wp-content\/uploads\/2025\/04\/156033812-origpic-c3899c.jpg",600,600,false],"author_info":[],"comment_info":0,"_links":{"self":[{"href":"https:\/\/xenonkungen.com\/es\/wp-json\/wp\/v2\/product\/7292","targetHints":{"allow":["GET"]}}],"collection":[{"href":"https:\/\/xenonkungen.com\/es\/wp-json\/wp\/v2\/product"}],"about":[{"href":"https:\/\/xenonkungen.com\/es\/wp-json\/wp\/v2\/types\/product"}],"replies":[{"embeddable":true,"href":"https:\/\/xenonkungen.com\/es\/wp-json\/wp\/v2\/comments?post=7292"}],"wp:featuredmedia":[{"embeddable":true,"href":"https:\/\/xenonkungen.com\/es\/wp-json\/wp\/v2\/media\/7293"}],"wp:attachment":[{"href":"https:\/\/xenonkungen.com\/es\/wp-json\/wp\/v2\/media?parent=7292"}],"wp:term":[{"taxonomy":"anvandningsomrade","embeddable":true,"href":"https:\/\/xenonkungen.com\/es\/wp-json\/wp\/v2\/anvandningsomrade?post=7292"},{"taxonomy":"bilmarken","embeddable":true,"href":"https:\/\/xenonkungen.com\/es\/wp-json\/wp\/v2\/bilmarken?post=7292"},{"taxonomy":"product_brand","embeddable":true,"href":"https:\/\/xenonkungen.com\/es\/wp-json\/wp\/v2\/product_brand?post=7292"},{"taxonomy":"product_cat","embeddable":true,"href":"https:\/\/xenonkungen.com\/es\/wp-json\/wp\/v2\/product_cat?post=7292"},{"taxonomy":"product_tag","embeddable":true,"href":"https:\/\/xenonkungen.com\/es\/wp-json\/wp\/v2\/product_tag?post=7292"}],"curies":[{"name":"wp","href":"https:\/\/api.w.org\/{rel}","templated":true}]}}