{"id":7308,"date":"2025-04-15T09:54:10","date_gmt":"2025-04-15T09:54:10","guid":{"rendered":"https:\/\/xenonkungen.com\/product\/ledriving-ledlampa-sl-w21w\/"},"modified":"2026-04-11T01:27:55","modified_gmt":"2026-04-11T00:27:55","slug":"lampara-led-de-conduccion-sl-w21w","status":"publish","type":"product","link":"https:\/\/xenonkungen.com\/es\/producto\/lampara-led-de-conduccion-sl-w21w\/","title":{"rendered":"LEDriving\u00ae L\u00e1mpara LED SL W21W"},"content":{"rendered":"<p>L\u00e1mpara LED de repuesto adecuada para W21W<\/p>\n<p>Las l\u00e1mparas de repuesto LEDriving SL W21W ofrecen una luz moderna e intensa con una temperatura de color de hasta 6000 Kelvin. Estas l\u00e1mparas de repuesto se adaptan a todos los casquillos de l\u00e1mpara W21W convencionales.<\/p>\n<p>Datos el\u00e9ctricos:<br \/>- Potencia m\u00e1xima: 2,8 W<br \/>- Tensi\u00f3n nominal: 12,0 V<br \/>- Potencia nominal: 2,00 W<br \/>- Tolerancia de consumo: \u00b110 %<br \/>- Tensi\u00f3n de prueba en voltios: 13,5 V<\/p>\n<p>Datos fotom\u00e9tricos:<br \/>- Flujo luminoso: 145 lm<br \/>- Flujo luminoso, tolerancia: \u00b125 %<br \/>- Temperatura de color: 6000 K<br \/>- Color de la luz LED: blanco fr\u00edo<\/p>\n<p>Dimensiones:<br \/>- Di\u00e1metro: 20,0 mm<br \/>- Peso del producto: 11,30 g<br \/>- Longitud: 47,5 mm<\/p>\n<p>Esperanza de vida:<br \/>- Vida \u00fatil B3: 1500 h<br \/>- Vida \u00fatil Tc en horas: 4000 h<br \/>- Garant\u00eda: 4 a\u00f1os<\/p>\n<p>Datos suplementarios del producto:<br \/>- Base: W3x16d<\/p>\n<p>En comparaci\u00f3n con las l\u00e1mparas normales, estas l\u00e1mparas LED de repuesto consumen hasta 80 % menos de energ\u00eda. OSRAM ofrece una garant\u00eda de 4 a\u00f1os para estas l\u00e1mparas LEDriving SL.<\/p>\n<p>Estos productos no est\u00e1n homologados por la CEPE y no deben utilizarse en la v\u00eda p\u00fablica en aplicaciones exteriores.<\/p>","protected":false},"excerpt":{"rendered":"<p>Actualice sus luces traseras con la tecnolog\u00eda LED de alta calidad de OSRAM. La l\u00e1mpara LED LEDriving\u00ae SL W21W proporciona una iluminaci\u00f3n fiable y duradera, as\u00ed como una mejor visibilidad en el tr\u00e1fico. Adem\u00e1s, es f\u00e1cil de instalar sin necesidad de herramientas especiales. Actualice su coche con la \u00faltima tecnolog\u00eda LED con la l\u00e1mpara LEDriving\u00ae SL W21W. \u00a1C\u00f3mprela ahora en nuestra tienda online!<\/p>","protected":false},"featured_media":7309,"comment_status":"closed","ping_status":"open","template":"","meta":{"_acf_changed":false,"_smort_price_nok":"198","_smort_price_dkk":"126","_smort_price_eur":"16.82","_smort_sale_price_nok":"","_smort_sale_price_dkk":"","_smort_sale_price_eur":"","smort_restorder":"","shipmondo_restorder":"","_kad_blocks_custom_css":"","_kad_blocks_head_custom_js":"","_kad_blocks_body_custom_js":"","_kad_blocks_footer_custom_js":"","smort_custom_pricelist_1":"118.4","smort_custom_pricelist_2":"111","smort_custom_pricelist_3":"105.45","smort_custom_pricelist_4":"148","smort_custom_pricelist_5":"110.19"},"anvandningsomrade":[],"bilmarken":[],"product_brand":[108],"product_cat":[2526,2524,338],"product_tag":[],"class_list":{"0":"post-7308","1":"product","2":"type-product","3":"status-publish","4":"has-post-thumbnail","6":"product_brand-osram","7":"product_cat-2526","8":"product_cat-t20","9":"product_cat-diodlampor","10":"pa_faktisk-effekts-forbrukning-1896","11":"pa_fargtemperatur-6000k","12":"pa_lampsockel-kontakt-w21w","13":"pa_volt-v-159","15":"first","16":"instock","17":"taxable","18":"shipping-taxable","19":"purchasable","20":"product-type-simple"},"bundled_by":[],"bundle_stock_status":"instock","bundle_stock_quantity":10,"bundle_virtual":false,"bundle_layout":"","bundle_add_to_cart_form_location":"","bundle_editable_in_cart":false,"bundle_sold_individually_context":"","bundle_item_grouping":"","bundle_min_size":"","bundle_max_size":"","bundle_price":[],"bundled_items":[],"bundle_sell_ids":[],"acf":[],"yoast_head":"<!-- This site is optimized with the Yoast SEO plugin v27.0 - https:\/\/yoast.com\/product\/yoast-seo-wordpress\/ -->\n<title>LEDriving\u00ae LEDlampa SL W21W - Xenonkungen<\/title>\n<meta name=\"robots\" content=\"index, follow, max-snippet:-1, max-image-preview:large, max-video-preview:-1\" \/>\n<link rel=\"canonical\" href=\"https:\/\/xenonkungen.com\/es\/producto\/lampara-led-de-conduccion-sl-w21w\/\" \/>\n<meta property=\"og:locale\" content=\"es_ES\" \/>\n<meta property=\"og:type\" content=\"article\" \/>\n<meta property=\"og:title\" content=\"LEDriving\u00ae LEDlampa SL W21W - Xenonkungen\" \/>\n<meta property=\"og:description\" content=\"Uppgradera dina bakljus med h\u00f6gkvalitativ LED-teknologi fr\u00e5n OSRAM. LEDriving\u00ae LEDlampa SL W21W ger en p\u00e5litlig och l\u00e5ngvarig belysning samt f\u00f6rb\u00e4ttrad synlighet i trafiken. Dessutom \u00e4r det enkelt att installera utan behov av specialverktyg. Uppdatera din bil med det senaste inom LED-teknologi med LEDriving\u00ae LEDlampa SL W21W. K\u00f6p den nu fr\u00e5n v\u00e5r webbutik!\" \/>\n<meta property=\"og:url\" content=\"https:\/\/xenonkungen.com\/es\/producto\/lampara-led-de-conduccion-sl-w21w\/\" \/>\n<meta property=\"og:site_name\" content=\"Xenonkungen\" \/>\n<meta property=\"article:modified_time\" content=\"2026-04-11T00:27:55+00:00\" \/>\n<meta property=\"og:image\" content=\"https:\/\/xenonkungen.com\/wp-content\/uploads\/2025\/04\/201830671-origpic-8aa31a.jpg\" \/>\n\t<meta property=\"og:image:width\" content=\"691\" \/>\n\t<meta property=\"og:image:height\" content=\"1000\" \/>\n\t<meta property=\"og:image:type\" content=\"image\/jpeg\" \/>\n<meta name=\"twitter:card\" content=\"summary_large_image\" \/>\n<meta name=\"twitter:label1\" content=\"Tiempo de lectura\" \/>\n\t<meta name=\"twitter:data1\" content=\"1 minuto\" \/>\n<script type=\"application\/ld+json\" class=\"yoast-schema-graph\">{\"@context\":\"https:\/\/schema.org\",\"@graph\":[{\"@type\":\"WebPage\",\"@id\":\"https:\/\/xenonkungen.com\/produkt\/ledriving-ledlampa-sl-w21w\/\",\"url\":\"https:\/\/xenonkungen.com\/produkt\/ledriving-ledlampa-sl-w21w\/\",\"name\":\"LEDriving\u00ae LEDlampa SL W21W - Xenonkungen\",\"isPartOf\":{\"@id\":\"https:\/\/xenonkungen.com\/#website\"},\"primaryImageOfPage\":{\"@id\":\"https:\/\/xenonkungen.com\/produkt\/ledriving-ledlampa-sl-w21w\/#primaryimage\"},\"image\":{\"@id\":\"https:\/\/xenonkungen.com\/produkt\/ledriving-ledlampa-sl-w21w\/#primaryimage\"},\"thumbnailUrl\":\"https:\/\/xenonkungen.com\/wp-content\/uploads\/2025\/04\/201830671-origpic-8aa31a.jpg\",\"datePublished\":\"2025-04-15T09:54:10+00:00\",\"dateModified\":\"2026-04-11T00:27:55+00:00\",\"breadcrumb\":{\"@id\":\"https:\/\/xenonkungen.com\/produkt\/ledriving-ledlampa-sl-w21w\/#breadcrumb\"},\"inLanguage\":\"es\",\"potentialAction\":[{\"@type\":\"ReadAction\",\"target\":[\"https:\/\/xenonkungen.com\/produkt\/ledriving-ledlampa-sl-w21w\/\"]}]},{\"@type\":\"ImageObject\",\"inLanguage\":\"es\",\"@id\":\"https:\/\/xenonkungen.com\/produkt\/ledriving-ledlampa-sl-w21w\/#primaryimage\",\"url\":\"https:\/\/xenonkungen.com\/wp-content\/uploads\/2025\/04\/201830671-origpic-8aa31a.jpg\",\"contentUrl\":\"https:\/\/xenonkungen.com\/wp-content\/uploads\/2025\/04\/201830671-origpic-8aa31a.jpg\",\"width\":691,\"height\":1000},{\"@type\":\"BreadcrumbList\",\"@id\":\"https:\/\/xenonkungen.com\/produkt\/ledriving-ledlampa-sl-w21w\/#breadcrumb\",\"itemListElement\":[{\"@type\":\"ListItem\",\"position\":1,\"name\":\"Hem\",\"item\":\"https:\/\/xenonkungen.com\/\"},{\"@type\":\"ListItem\",\"position\":2,\"name\":\"Shop\",\"item\":\"https:\/\/xenonkungen.com\/shop\/\"},{\"@type\":\"ListItem\",\"position\":3,\"name\":\"LEDriving\u00ae LEDlampa SL W21W\"}]},{\"@type\":\"WebSite\",\"@id\":\"https:\/\/xenonkungen.com\/#website\",\"url\":\"https:\/\/xenonkungen.com\/\",\"name\":\"Xenonkungen\",\"description\":\"\",\"potentialAction\":[{\"@type\":\"SearchAction\",\"target\":{\"@type\":\"EntryPoint\",\"urlTemplate\":\"https:\/\/xenonkungen.com\/?s={search_term_string}\"},\"query-input\":{\"@type\":\"PropertyValueSpecification\",\"valueRequired\":true,\"valueName\":\"search_term_string\"}}],\"inLanguage\":\"es\"}]}<\/script>\n<!-- \/ Yoast SEO plugin. -->","yoast_head_json":{"title":"L\u00e1mpara LED LEDriving\u00ae SL W21W - El rey del xen\u00f3n","robots":{"index":"index","follow":"follow","max-snippet":"max-snippet:-1","max-image-preview":"max-image-preview:large","max-video-preview":"max-video-preview:-1"},"canonical":"https:\/\/xenonkungen.com\/es\/producto\/lampara-led-de-conduccion-sl-w21w\/","og_locale":"es_ES","og_type":"article","og_title":"LEDriving\u00ae LEDlampa SL W21W - Xenonkungen","og_description":"Uppgradera dina bakljus med h\u00f6gkvalitativ LED-teknologi fr\u00e5n OSRAM. LEDriving\u00ae LEDlampa SL W21W ger en p\u00e5litlig och l\u00e5ngvarig belysning samt f\u00f6rb\u00e4ttrad synlighet i trafiken. Dessutom \u00e4r det enkelt att installera utan behov av specialverktyg. Uppdatera din bil med det senaste inom LED-teknologi med LEDriving\u00ae LEDlampa SL W21W. K\u00f6p den nu fr\u00e5n v\u00e5r webbutik!","og_url":"https:\/\/xenonkungen.com\/es\/producto\/lampara-led-de-conduccion-sl-w21w\/","og_site_name":"Xenonkungen","article_modified_time":"2026-04-11T00:27:55+00:00","og_image":[{"width":691,"height":1000,"url":"https:\/\/xenonkungen.com\/wp-content\/uploads\/2025\/04\/201830671-origpic-8aa31a.jpg","type":"image\/jpeg"}],"twitter_card":"summary_large_image","twitter_misc":{"Tiempo de lectura":"1 minuto"},"schema":{"@context":"https:\/\/schema.org","@graph":[{"@type":"WebPage","@id":"https:\/\/xenonkungen.com\/produkt\/ledriving-ledlampa-sl-w21w\/","url":"https:\/\/xenonkungen.com\/produkt\/ledriving-ledlampa-sl-w21w\/","name":"L\u00e1mpara LED LEDriving\u00ae SL W21W - El rey del xen\u00f3n","isPartOf":{"@id":"https:\/\/xenonkungen.com\/#website"},"primaryImageOfPage":{"@id":"https:\/\/xenonkungen.com\/produkt\/ledriving-ledlampa-sl-w21w\/#primaryimage"},"image":{"@id":"https:\/\/xenonkungen.com\/produkt\/ledriving-ledlampa-sl-w21w\/#primaryimage"},"thumbnailUrl":"https:\/\/xenonkungen.com\/wp-content\/uploads\/2025\/04\/201830671-origpic-8aa31a.jpg","datePublished":"2025-04-15T09:54:10+00:00","dateModified":"2026-04-11T00:27:55+00:00","breadcrumb":{"@id":"https:\/\/xenonkungen.com\/produkt\/ledriving-ledlampa-sl-w21w\/#breadcrumb"},"inLanguage":"es","potentialAction":[{"@type":"ReadAction","target":["https:\/\/xenonkungen.com\/produkt\/ledriving-ledlampa-sl-w21w\/"]}]},{"@type":"ImageObject","inLanguage":"es","@id":"https:\/\/xenonkungen.com\/produkt\/ledriving-ledlampa-sl-w21w\/#primaryimage","url":"https:\/\/xenonkungen.com\/wp-content\/uploads\/2025\/04\/201830671-origpic-8aa31a.jpg","contentUrl":"https:\/\/xenonkungen.com\/wp-content\/uploads\/2025\/04\/201830671-origpic-8aa31a.jpg","width":691,"height":1000},{"@type":"BreadcrumbList","@id":"https:\/\/xenonkungen.com\/produkt\/ledriving-ledlampa-sl-w21w\/#breadcrumb","itemListElement":[{"@type":"ListItem","position":1,"name":"Hem","item":"https:\/\/xenonkungen.com\/"},{"@type":"ListItem","position":2,"name":"Shop","item":"https:\/\/xenonkungen.com\/shop\/"},{"@type":"ListItem","position":3,"name":"LEDriving\u00ae LEDlampa SL W21W"}]},{"@type":"WebSite","@id":"https:\/\/xenonkungen.com\/#website","url":"https:\/\/xenonkungen.com\/","name":"Xenonkungen","description":"","potentialAction":[{"@type":"SearchAction","target":{"@type":"EntryPoint","urlTemplate":"https:\/\/xenonkungen.com\/?s={search_term_string}"},"query-input":{"@type":"PropertyValueSpecification","valueRequired":true,"valueName":"search_term_string"}}],"inLanguage":"es"}]}},"taxonomy_info":{"product_brand":[{"value":108,"label":"OSRAM"}],"product_cat":[{"value":2526,"label":"7440"},{"value":2524,"label":"T20"},{"value":338,"label":"Diodlampor"}],"pa_faktisk-effekts-forbrukning":[{"value":1896,"label":"2,8"}],"pa_fargtemperatur":[{"value":188,"label":"6000K"}],"pa_lampsockel-kontakt":[{"value":1895,"label":"W21W"}],"pa_volt-v":[{"value":159,"label":"12"}]},"featured_image_src_large":["https:\/\/xenonkungen.com\/wp-content\/uploads\/2025\/04\/201830671-origpic-8aa31a.jpg",691,1000,false],"author_info":[],"comment_info":1,"_links":{"self":[{"href":"https:\/\/xenonkungen.com\/es\/wp-json\/wp\/v2\/product\/7308","targetHints":{"allow":["GET"]}}],"collection":[{"href":"https:\/\/xenonkungen.com\/es\/wp-json\/wp\/v2\/product"}],"about":[{"href":"https:\/\/xenonkungen.com\/es\/wp-json\/wp\/v2\/types\/product"}],"replies":[{"embeddable":true,"href":"https:\/\/xenonkungen.com\/es\/wp-json\/wp\/v2\/comments?post=7308"}],"wp:featuredmedia":[{"embeddable":true,"href":"https:\/\/xenonkungen.com\/es\/wp-json\/wp\/v2\/media\/7309"}],"wp:attachment":[{"href":"https:\/\/xenonkungen.com\/es\/wp-json\/wp\/v2\/media?parent=7308"}],"wp:term":[{"taxonomy":"anvandningsomrade","embeddable":true,"href":"https:\/\/xenonkungen.com\/es\/wp-json\/wp\/v2\/anvandningsomrade?post=7308"},{"taxonomy":"bilmarken","embeddable":true,"href":"https:\/\/xenonkungen.com\/es\/wp-json\/wp\/v2\/bilmarken?post=7308"},{"taxonomy":"product_brand","embeddable":true,"href":"https:\/\/xenonkungen.com\/es\/wp-json\/wp\/v2\/product_brand?post=7308"},{"taxonomy":"product_cat","embeddable":true,"href":"https:\/\/xenonkungen.com\/es\/wp-json\/wp\/v2\/product_cat?post=7308"},{"taxonomy":"product_tag","embeddable":true,"href":"https:\/\/xenonkungen.com\/es\/wp-json\/wp\/v2\/product_tag?post=7308"}],"curies":[{"name":"wp","href":"https:\/\/api.w.org\/{rel}","templated":true}]}}