{"id":7354,"date":"2025-04-15T09:54:34","date_gmt":"2025-04-15T09:54:34","guid":{"rendered":"https:\/\/xenonkungen.com\/product\/ledriving-hl-bright-h7-h18\/"},"modified":"2026-04-11T01:25:02","modified_gmt":"2026-04-11T00:25:02","slug":"led-de-conduccion-hl-brillante-h7-h18","status":"publish","type":"product","link":"https:\/\/xenonkungen.com\/es\/producto\/led-de-conduccion-hl-brillante-h7-h18\/","title":{"rendered":"LEDriving\u00ae HL BRIGHT H7\/H18"},"content":{"rendered":"<h1>Descubra OSRAM LEDriving HL BRIGHT<\/h1>\n<p>La luz LED retrofit definitiva para una luminosidad y un estilo superiores. Con hasta <strong>+300% m\u00e1s luz<\/strong> en comparaci\u00f3n con las l\u00e1mparas hal\u00f3genas est\u00e1ndar (seg\u00fan ECE R112), no s\u00f3lo se obtiene una mejor visibilidad, sino tambi\u00e9n un aspecto moderno con luz blanca fr\u00eda en <strong>6 000K<\/strong>. Estas luces facilitan la detecci\u00f3n a tiempo de se\u00f1ales, obst\u00e1culos y peligros, al tiempo que reducen el deslumbramiento gracias a una distribuci\u00f3n optimizada de la luz.<\/p>\n<p>Con una vida \u00fatil de hasta <strong>5 veces m\u00e1s<\/strong> que las l\u00e1mparas normales y la calidad superior de OSRAM, est\u00e1 invirtiendo en una soluci\u00f3n duradera.<\/p>\n<h2>F\u00e1cil instalaci\u00f3n y alta compatibilidad<\/h2>\n<p>Las l\u00e1mparas compactas LEDriving HL BRIGHT son <strong>f\u00e1cil de instalar<\/strong> y compatibles con 12V, lo que las convierte en la elecci\u00f3n perfecta para coches que utilizan l\u00e1mparas hal\u00f3genas. D\u00e9 a su veh\u00edculo una actualizaci\u00f3n con una iluminaci\u00f3n moderna y una seguridad mejorada - todo con la reconocida calidad de OSRAM y a <strong>4 a\u00f1os de garant\u00eda<\/strong>.<\/p>\n<p>Tenga en cuenta que estas luces est\u00e1n destinadas a uso fuera de carretera y no son <strong>Homologado por la CEPE<\/strong> para carreteras p\u00fablicas.<\/p>\n<p><strong>Ad\u00e9ntrese en el futuro de la iluminaci\u00f3n<\/strong> con OSRAM LEDriving HL BRIGHT - \u00a1conduce m\u00e1s seguro, ve m\u00e1s lejos y experimenta una luz completamente nueva!<\/p>\n<h3><strong>Especificaciones t\u00e9cnicas<\/strong><\/h3>\n<p><strong>Datos el\u00e9ctricos<\/strong><\/p>\n<p>- Consumo: 19 W<br \/>- Tensi\u00f3n nominal: 12,0 V<br \/>- Potencia nominal: 19 W<\/p>\n<p><strong>Datos fotom\u00e9tricos<\/strong><\/p>\n<p>\u2013 Flujo luminoso nominal: 1700 lm<br \/>- Tolerancia del flujo luminoso: \u00b120 %<br \/>- Color de la luz LED: blanco fr\u00edo<br \/>- Temperatura de color: 6000 K<\/p>\n<p><strong>Propiedades f\u00edsicas y dimensiones<\/strong><\/p>\n<p>- Longitud: 76,2 mm<br \/>- Di\u00e1metro: 14,0 mm<br \/>\u2013 Peso del producto: 60,00 g<br \/>- Portal\u00e1mparas: <span>PX26d<\/span><\/p>\n<p><strong>Datos de por vida<\/strong><\/p>\n<p>- Vida \u00fatil Tc: 5000 horas<\/p>\n<p><strong>Garant\u00eda:<\/strong><\/p>\n<p>- 4 a\u00f1os<\/p>","protected":false},"excerpt":{"rendered":"<p>Descubre la LEDriving\u00ae HL BRIGHT H7\/H18, una potente bombilla LED de 12 V con un flujo luminoso de 1700 l\u00famenes y una temperatura de color blanco fr\u00edo de 6000 K. Perfecta para veh\u00edculos modernos, ofrece mayor visibilidad y un aspecto elegante en la carretera.<\/p>","protected":false},"featured_media":7355,"comment_status":"closed","ping_status":"open","template":"","meta":{"_acf_changed":false,"_smort_price_nok":"1383","_smort_price_dkk":"879","_smort_price_eur":"117.72","_smort_sale_price_nok":"","_smort_sale_price_dkk":"","_smort_sale_price_eur":"","smort_restorder":"","shipmondo_restorder":"","_kad_blocks_custom_css":"","_kad_blocks_head_custom_js":"","_kad_blocks_body_custom_js":"","_kad_blocks_footer_custom_js":"","smort_custom_pricelist_1":"828.8","smort_custom_pricelist_2":"725.2","smort_custom_pricelist_3":"673.4","smort_custom_pricelist_4":"1036","smort_custom_pricelist_5":"725.2"},"anvandningsomrade":[],"bilmarken":[],"product_brand":[108],"product_cat":[2633,733],"product_tag":[],"class_list":{"0":"post-7354","1":"product","2":"type-product","3":"status-publish","4":"has-post-thumbnail","6":"product_brand-osram","7":"product_cat-osram-ledriving-halvljus-helljus","8":"product_cat-halvljus-helljus","9":"pa_faktisk-effekts-forbrukning-1904","10":"pa_fargtemperatur-6000k","11":"pa_lampsockel-kontakt-h7-h18","12":"pa_volt-v-159","14":"first","15":"instock","16":"taxable","17":"shipping-taxable","18":"purchasable","19":"product-type-simple"},"bundled_by":[],"bundle_stock_status":"instock","bundle_stock_quantity":15,"bundle_virtual":false,"bundle_layout":"","bundle_add_to_cart_form_location":"","bundle_editable_in_cart":false,"bundle_sold_individually_context":"","bundle_item_grouping":"","bundle_min_size":"","bundle_max_size":"","bundle_price":[],"bundled_items":[],"bundle_sell_ids":[],"acf":[],"yoast_head":"<!-- This site is optimized with the Yoast SEO plugin v27.0 - https:\/\/yoast.com\/product\/yoast-seo-wordpress\/ -->\n<title>LEDriving\u00ae HL BRIGHT H7\/H18 - Xenonkungen<\/title>\n<meta name=\"robots\" content=\"index, follow, max-snippet:-1, max-image-preview:large, max-video-preview:-1\" \/>\n<link rel=\"canonical\" href=\"https:\/\/xenonkungen.com\/es\/producto\/led-de-conduccion-hl-brillante-h7-h18\/\" \/>\n<meta property=\"og:locale\" content=\"es_ES\" \/>\n<meta property=\"og:type\" content=\"article\" \/>\n<meta property=\"og:title\" content=\"LEDriving\u00ae HL BRIGHT H7\/H18 - Xenonkungen\" \/>\n<meta property=\"og:description\" content=\"Uppt\u00e4ck LEDriving\u00ae HL BRIGHT H7\/H18, en kraftfull LED-lampa med 12V och ett ljusfl\u00f6de p\u00e5 1700 lumen och en kall vit f\u00e4rgtemperatur p\u00e5 6000K. Perfekt f\u00f6r moderna fordon, den erbjuder starkare sikt och ett stilrent utseende p\u00e5 v\u00e4gen.\" \/>\n<meta property=\"og:url\" content=\"https:\/\/xenonkungen.com\/es\/producto\/led-de-conduccion-hl-brillante-h7-h18\/\" \/>\n<meta property=\"og:site_name\" content=\"Xenonkungen\" \/>\n<meta property=\"article:modified_time\" content=\"2026-04-11T00:25:02+00:00\" \/>\n<meta property=\"og:image\" content=\"https:\/\/xenonkungen.com\/wp-content\/uploads\/2025\/04\/215797579-origpic-5dd45e.jpg\" \/>\n\t<meta property=\"og:image:width\" content=\"1024\" \/>\n\t<meta property=\"og:image:height\" content=\"674\" \/>\n\t<meta property=\"og:image:type\" content=\"image\/jpeg\" \/>\n<meta name=\"twitter:card\" content=\"summary_large_image\" \/>\n<meta name=\"twitter:label1\" content=\"Tiempo de lectura\" \/>\n\t<meta name=\"twitter:data1\" content=\"1 minuto\" \/>\n<script type=\"application\/ld+json\" class=\"yoast-schema-graph\">{\"@context\":\"https:\/\/schema.org\",\"@graph\":[{\"@type\":\"WebPage\",\"@id\":\"https:\/\/xenonkungen.com\/produkt\/ledriving-hl-bright-h7-h18\/\",\"url\":\"https:\/\/xenonkungen.com\/produkt\/ledriving-hl-bright-h7-h18\/\",\"name\":\"LEDriving\u00ae HL BRIGHT H7\/H18 - Xenonkungen\",\"isPartOf\":{\"@id\":\"https:\/\/xenonkungen.com\/#website\"},\"primaryImageOfPage\":{\"@id\":\"https:\/\/xenonkungen.com\/produkt\/ledriving-hl-bright-h7-h18\/#primaryimage\"},\"image\":{\"@id\":\"https:\/\/xenonkungen.com\/produkt\/ledriving-hl-bright-h7-h18\/#primaryimage\"},\"thumbnailUrl\":\"https:\/\/xenonkungen.com\/wp-content\/uploads\/2025\/04\/215797579-origpic-5dd45e.jpg\",\"datePublished\":\"2025-04-15T09:54:34+00:00\",\"dateModified\":\"2026-04-11T00:25:02+00:00\",\"breadcrumb\":{\"@id\":\"https:\/\/xenonkungen.com\/produkt\/ledriving-hl-bright-h7-h18\/#breadcrumb\"},\"inLanguage\":\"es\",\"potentialAction\":[{\"@type\":\"ReadAction\",\"target\":[\"https:\/\/xenonkungen.com\/produkt\/ledriving-hl-bright-h7-h18\/\"]}]},{\"@type\":\"ImageObject\",\"inLanguage\":\"es\",\"@id\":\"https:\/\/xenonkungen.com\/produkt\/ledriving-hl-bright-h7-h18\/#primaryimage\",\"url\":\"https:\/\/xenonkungen.com\/wp-content\/uploads\/2025\/04\/215797579-origpic-5dd45e.jpg\",\"contentUrl\":\"https:\/\/xenonkungen.com\/wp-content\/uploads\/2025\/04\/215797579-origpic-5dd45e.jpg\",\"width\":1024,\"height\":674},{\"@type\":\"BreadcrumbList\",\"@id\":\"https:\/\/xenonkungen.com\/produkt\/ledriving-hl-bright-h7-h18\/#breadcrumb\",\"itemListElement\":[{\"@type\":\"ListItem\",\"position\":1,\"name\":\"Hem\",\"item\":\"https:\/\/xenonkungen.com\/\"},{\"@type\":\"ListItem\",\"position\":2,\"name\":\"Shop\",\"item\":\"https:\/\/xenonkungen.com\/shop\/\"},{\"@type\":\"ListItem\",\"position\":3,\"name\":\"LEDriving\u00ae HL BRIGHT H7\/H18\"}]},{\"@type\":\"WebSite\",\"@id\":\"https:\/\/xenonkungen.com\/#website\",\"url\":\"https:\/\/xenonkungen.com\/\",\"name\":\"Xenonkungen\",\"description\":\"\",\"potentialAction\":[{\"@type\":\"SearchAction\",\"target\":{\"@type\":\"EntryPoint\",\"urlTemplate\":\"https:\/\/xenonkungen.com\/?s={search_term_string}\"},\"query-input\":{\"@type\":\"PropertyValueSpecification\",\"valueRequired\":true,\"valueName\":\"search_term_string\"}}],\"inLanguage\":\"es\"}]}<\/script>\n<!-- \/ Yoast SEO plugin. -->","yoast_head_json":{"title":"LEDriving\u00ae HL BRIGHT H7\/H18 - El rey del xen\u00f3n","robots":{"index":"index","follow":"follow","max-snippet":"max-snippet:-1","max-image-preview":"max-image-preview:large","max-video-preview":"max-video-preview:-1"},"canonical":"https:\/\/xenonkungen.com\/es\/producto\/led-de-conduccion-hl-brillante-h7-h18\/","og_locale":"es_ES","og_type":"article","og_title":"LEDriving\u00ae HL BRIGHT H7\/H18 - Xenonkungen","og_description":"Uppt\u00e4ck LEDriving\u00ae HL BRIGHT H7\/H18, en kraftfull LED-lampa med 12V och ett ljusfl\u00f6de p\u00e5 1700 lumen och en kall vit f\u00e4rgtemperatur p\u00e5 6000K. Perfekt f\u00f6r moderna fordon, den erbjuder starkare sikt och ett stilrent utseende p\u00e5 v\u00e4gen.","og_url":"https:\/\/xenonkungen.com\/es\/producto\/led-de-conduccion-hl-brillante-h7-h18\/","og_site_name":"Xenonkungen","article_modified_time":"2026-04-11T00:25:02+00:00","og_image":[{"width":1024,"height":674,"url":"https:\/\/xenonkungen.com\/wp-content\/uploads\/2025\/04\/215797579-origpic-5dd45e.jpg","type":"image\/jpeg"}],"twitter_card":"summary_large_image","twitter_misc":{"Tiempo de lectura":"1 minuto"},"schema":{"@context":"https:\/\/schema.org","@graph":[{"@type":"WebPage","@id":"https:\/\/xenonkungen.com\/produkt\/ledriving-hl-bright-h7-h18\/","url":"https:\/\/xenonkungen.com\/produkt\/ledriving-hl-bright-h7-h18\/","name":"LEDriving\u00ae HL BRIGHT H7\/H18 - El rey del xen\u00f3n","isPartOf":{"@id":"https:\/\/xenonkungen.com\/#website"},"primaryImageOfPage":{"@id":"https:\/\/xenonkungen.com\/produkt\/ledriving-hl-bright-h7-h18\/#primaryimage"},"image":{"@id":"https:\/\/xenonkungen.com\/produkt\/ledriving-hl-bright-h7-h18\/#primaryimage"},"thumbnailUrl":"https:\/\/xenonkungen.com\/wp-content\/uploads\/2025\/04\/215797579-origpic-5dd45e.jpg","datePublished":"2025-04-15T09:54:34+00:00","dateModified":"2026-04-11T00:25:02+00:00","breadcrumb":{"@id":"https:\/\/xenonkungen.com\/produkt\/ledriving-hl-bright-h7-h18\/#breadcrumb"},"inLanguage":"es","potentialAction":[{"@type":"ReadAction","target":["https:\/\/xenonkungen.com\/produkt\/ledriving-hl-bright-h7-h18\/"]}]},{"@type":"ImageObject","inLanguage":"es","@id":"https:\/\/xenonkungen.com\/produkt\/ledriving-hl-bright-h7-h18\/#primaryimage","url":"https:\/\/xenonkungen.com\/wp-content\/uploads\/2025\/04\/215797579-origpic-5dd45e.jpg","contentUrl":"https:\/\/xenonkungen.com\/wp-content\/uploads\/2025\/04\/215797579-origpic-5dd45e.jpg","width":1024,"height":674},{"@type":"BreadcrumbList","@id":"https:\/\/xenonkungen.com\/produkt\/ledriving-hl-bright-h7-h18\/#breadcrumb","itemListElement":[{"@type":"ListItem","position":1,"name":"Hem","item":"https:\/\/xenonkungen.com\/"},{"@type":"ListItem","position":2,"name":"Shop","item":"https:\/\/xenonkungen.com\/shop\/"},{"@type":"ListItem","position":3,"name":"LEDriving\u00ae HL BRIGHT H7\/H18"}]},{"@type":"WebSite","@id":"https:\/\/xenonkungen.com\/#website","url":"https:\/\/xenonkungen.com\/","name":"Xenonkungen","description":"","potentialAction":[{"@type":"SearchAction","target":{"@type":"EntryPoint","urlTemplate":"https:\/\/xenonkungen.com\/?s={search_term_string}"},"query-input":{"@type":"PropertyValueSpecification","valueRequired":true,"valueName":"search_term_string"}}],"inLanguage":"es"}]}},"taxonomy_info":{"product_brand":[{"value":108,"label":"OSRAM"}],"product_cat":[{"value":2633,"label":"OSRAM Ledriving"},{"value":733,"label":"Halvljus \/ Helljus"}],"pa_faktisk-effekts-forbrukning":[{"value":1904,"label":"19"}],"pa_fargtemperatur":[{"value":188,"label":"6000K"}],"pa_lampsockel-kontakt":[{"value":1905,"label":"H7\/H18"}],"pa_volt-v":[{"value":159,"label":"12"}]},"featured_image_src_large":["https:\/\/xenonkungen.com\/wp-content\/uploads\/2025\/04\/215797579-origpic-5dd45e.jpg",1024,674,false],"author_info":[],"comment_info":0,"_links":{"self":[{"href":"https:\/\/xenonkungen.com\/es\/wp-json\/wp\/v2\/product\/7354","targetHints":{"allow":["GET"]}}],"collection":[{"href":"https:\/\/xenonkungen.com\/es\/wp-json\/wp\/v2\/product"}],"about":[{"href":"https:\/\/xenonkungen.com\/es\/wp-json\/wp\/v2\/types\/product"}],"replies":[{"embeddable":true,"href":"https:\/\/xenonkungen.com\/es\/wp-json\/wp\/v2\/comments?post=7354"}],"wp:featuredmedia":[{"embeddable":true,"href":"https:\/\/xenonkungen.com\/es\/wp-json\/wp\/v2\/media\/7355"}],"wp:attachment":[{"href":"https:\/\/xenonkungen.com\/es\/wp-json\/wp\/v2\/media?parent=7354"}],"wp:term":[{"taxonomy":"anvandningsomrade","embeddable":true,"href":"https:\/\/xenonkungen.com\/es\/wp-json\/wp\/v2\/anvandningsomrade?post=7354"},{"taxonomy":"bilmarken","embeddable":true,"href":"https:\/\/xenonkungen.com\/es\/wp-json\/wp\/v2\/bilmarken?post=7354"},{"taxonomy":"product_brand","embeddable":true,"href":"https:\/\/xenonkungen.com\/es\/wp-json\/wp\/v2\/product_brand?post=7354"},{"taxonomy":"product_cat","embeddable":true,"href":"https:\/\/xenonkungen.com\/es\/wp-json\/wp\/v2\/product_cat?post=7354"},{"taxonomy":"product_tag","embeddable":true,"href":"https:\/\/xenonkungen.com\/es\/wp-json\/wp\/v2\/product_tag?post=7354"}],"curies":[{"name":"wp","href":"https:\/\/api.w.org\/{rel}","templated":true}]}}