{"id":7367,"date":"2025-04-15T09:54:51","date_gmt":"2025-04-15T09:54:51","guid":{"rendered":"https:\/\/xenonkungen.com\/product\/osram-ledriving-hl-intense-nxt-h7-canbus\/"},"modified":"2026-04-24T17:37:05","modified_gmt":"2026-04-24T16:37:05","slug":"osram-ledriving-hl-intense-nxt-h7-canbus","status":"publish","type":"product","link":"https:\/\/xenonkungen.com\/es\/producto\/osram-ledriving-hl-intense-nxt-h7-canbus\/","title":{"rendered":"OSRAM LEDriving HL INTENSE NXT H7 | Canbus"},"content":{"rendered":"<h1>OSRAM LEDriving\u00ae H7 HL INTENSE NXT<\/h1>\n<h3>\u00a1Experimenta el siguiente nivel de iluminaci\u00f3n automotriz!<\/h3>\n<p>Dale a tu coche una mejora premium con el reemplazo LED m\u00e1s avanzado para bombillas H7 y H4.<br \/>Gracias a la innovadora tecnolog\u00eda OSRAM, se obtiene un brillo excepcional, una salida de luz perfecta y una temperatura de color blanco fr\u00edo de 6000 K para una apariencia moderna y elegante.<\/p>\n<h3>\u00bfPor qu\u00e9 elegir OSRAM LEDriving H7 HL INTENSE NXT?<\/h3>\n<ul>\n<li>\u2714 <strong>Luz extremadamente potente<\/strong> \u2013 Hasta <strong>+400% mayor brillo<\/strong><\/li>\n<li>\u2714 <strong>Mayor seguridad<\/strong> \u2013 Detectar obst\u00e1culos, se\u00f1ales de tr\u00e1fico y peligros m\u00e1s r\u00e1pidamente<\/li>\n<li>\u2714 <strong>\u00d3ptica avanzada<\/strong> \u2013 Distribuci\u00f3n de luz optimizada que minimiza el deslumbramiento<\/li>\n<li>\u2714 <strong>F\u00e1cil instalaci\u00f3n<\/strong> \u2013 Amplia gama de accesorios de montaje OSRAM<\/li>\n<li>\u2714 <strong>Alto rendimiento y larga vida \u00fatil<\/strong> \u2013 Refrigeraci\u00f3n activa con ventilador de alta velocidad<\/li>\n<li>\u2714 <strong>M\u00e1xima calidad de OSRAM<\/strong> \u2013 Fabricado en una planta de producci\u00f3n certificada<\/li>\n<li>\u2714 <strong>5 a\u00f1os de garant\u00eda<\/strong><\/li>\n<\/ul>\n<p>\u00a1Perfecto para quienes buscan la mejor iluminaci\u00f3n para su coche! Disfrute de una conducci\u00f3n m\u00e1s segura, n\u00edtida y con m\u00e1s estilo, tanto de d\u00eda como de noche.<\/p>\n<p><strong>Especificaciones t\u00e9cnicas<\/strong><\/p>\n<p>Tecnolog\u00eda: LED<\/p>\n<p>Tensi\u00f3n: 12 V<\/p>\n<p>Potencia: 42,00 W<\/p>\n<p>Modelo de bombilla: H7<\/p>\n<p>Tipo de z\u00f3calo: PX26D<\/p>\n<p>Color de la luz: 6000 K<\/p>\n<p>Flujo luminoso: 4000 lm<\/p>\n<p>Vida \u00fatil: 5000 horas<\/p>\n<p>Con ventilador<\/p>\n<p>Garant\u00eda: 60 meses<\/p>\n<p>No se requiere control CANBUS<\/p>","protected":false},"excerpt":{"rendered":"<p>Canbus | 42 W | 6000 K<\/p>","protected":false},"featured_media":7368,"comment_status":"closed","ping_status":"closed","template":"","meta":{"_acf_changed":false,"_smort_price_nok":"2345","_smort_price_dkk":"1489","_smort_price_eur":"199.54","_smort_sale_price_nok":"","_smort_sale_price_dkk":"","_smort_sale_price_eur":"","smort_restorder":"","shipmondo_restorder":"","_kad_blocks_custom_css":"","_kad_blocks_head_custom_js":"","_kad_blocks_body_custom_js":"","_kad_blocks_footer_custom_js":"","smort_custom_pricelist_1":"1404.8","smort_custom_pricelist_2":"1229.2","smort_custom_pricelist_3":"1141.4","smort_custom_pricelist_4":"1756","smort_custom_pricelist_5":"1229.2"},"anvandningsomrade":[],"bilmarken":[],"product_brand":[108],"product_cat":[2633,733],"product_tag":[],"class_list":{"0":"post-7367","1":"product","2":"type-product","3":"status-publish","4":"has-post-thumbnail","6":"product_brand-osram","7":"product_cat-osram-ledriving-halvljus-helljus","8":"product_cat-halvljus-helljus","9":"pa_faktisk-effekts-forbrukning-1097","10":"pa_fargtemperatur-6000k","11":"pa_lampsockel-kontakt-h7","12":"pa_volt-v-159","14":"first","15":"instock","16":"taxable","17":"shipping-taxable","18":"purchasable","19":"product-type-simple"},"bundled_by":[],"bundle_stock_status":"instock","bundle_stock_quantity":15,"bundle_virtual":false,"bundle_layout":"","bundle_add_to_cart_form_location":"","bundle_editable_in_cart":false,"bundle_sold_individually_context":"","bundle_item_grouping":"","bundle_min_size":"","bundle_max_size":"","bundle_price":[],"bundled_items":[],"bundle_sell_ids":[],"acf":[],"yoast_head":"<!-- This site is optimized with the Yoast SEO plugin v27.0 - https:\/\/yoast.com\/product\/yoast-seo-wordpress\/ -->\n<title>OSRAM LEDriving HL INTENSE NXT H7 | Canbus - Xenonkungen<\/title>\n<meta name=\"robots\" content=\"index, follow, max-snippet:-1, max-image-preview:large, max-video-preview:-1\" \/>\n<link rel=\"canonical\" href=\"https:\/\/xenonkungen.com\/es\/producto\/osram-ledriving-hl-intense-nxt-h7-canbus\/\" \/>\n<meta property=\"og:locale\" content=\"es_ES\" \/>\n<meta property=\"og:type\" content=\"article\" \/>\n<meta property=\"og:title\" content=\"OSRAM LEDriving HL INTENSE NXT H7 | Canbus - Xenonkungen\" \/>\n<meta property=\"og:description\" content=\"Canbus | 42W | 6000K\" \/>\n<meta property=\"og:url\" content=\"https:\/\/xenonkungen.com\/es\/producto\/osram-ledriving-hl-intense-nxt-h7-canbus\/\" \/>\n<meta property=\"og:site_name\" content=\"Xenonkungen\" \/>\n<meta property=\"article:modified_time\" content=\"2026-04-24T16:37:05+00:00\" \/>\n<meta property=\"og:image\" content=\"https:\/\/xenonkungen.com\/wp-content\/uploads\/2025\/04\/218607769-origpic-39963c.png\" \/>\n\t<meta property=\"og:image:width\" content=\"600\" \/>\n\t<meta property=\"og:image:height\" content=\"600\" \/>\n\t<meta property=\"og:image:type\" content=\"image\/png\" \/>\n<meta name=\"twitter:card\" content=\"summary_large_image\" \/>\n<meta name=\"twitter:label1\" content=\"Tiempo de lectura\" \/>\n\t<meta name=\"twitter:data1\" content=\"1 minuto\" \/>\n<script type=\"application\/ld+json\" class=\"yoast-schema-graph\">{\"@context\":\"https:\/\/schema.org\",\"@graph\":[{\"@type\":\"WebPage\",\"@id\":\"https:\/\/xenonkungen.com\/produkt\/osram-ledriving-hl-intense-nxt-h7-canbus\/\",\"url\":\"https:\/\/xenonkungen.com\/produkt\/osram-ledriving-hl-intense-nxt-h7-canbus\/\",\"name\":\"OSRAM LEDriving HL INTENSE NXT H7 | Canbus - Xenonkungen\",\"isPartOf\":{\"@id\":\"https:\/\/xenonkungen.com\/#website\"},\"primaryImageOfPage\":{\"@id\":\"https:\/\/xenonkungen.com\/produkt\/osram-ledriving-hl-intense-nxt-h7-canbus\/#primaryimage\"},\"image\":{\"@id\":\"https:\/\/xenonkungen.com\/produkt\/osram-ledriving-hl-intense-nxt-h7-canbus\/#primaryimage\"},\"thumbnailUrl\":\"https:\/\/xenonkungen.com\/wp-content\/uploads\/2025\/04\/218607769-origpic-39963c.png\",\"datePublished\":\"2025-04-15T09:54:51+00:00\",\"dateModified\":\"2026-04-24T16:37:05+00:00\",\"breadcrumb\":{\"@id\":\"https:\/\/xenonkungen.com\/produkt\/osram-ledriving-hl-intense-nxt-h7-canbus\/#breadcrumb\"},\"inLanguage\":\"es\",\"potentialAction\":[{\"@type\":\"ReadAction\",\"target\":[\"https:\/\/xenonkungen.com\/produkt\/osram-ledriving-hl-intense-nxt-h7-canbus\/\"]}]},{\"@type\":\"ImageObject\",\"inLanguage\":\"es\",\"@id\":\"https:\/\/xenonkungen.com\/produkt\/osram-ledriving-hl-intense-nxt-h7-canbus\/#primaryimage\",\"url\":\"https:\/\/xenonkungen.com\/wp-content\/uploads\/2025\/04\/218607769-origpic-39963c.png\",\"contentUrl\":\"https:\/\/xenonkungen.com\/wp-content\/uploads\/2025\/04\/218607769-origpic-39963c.png\",\"width\":600,\"height\":600},{\"@type\":\"BreadcrumbList\",\"@id\":\"https:\/\/xenonkungen.com\/produkt\/osram-ledriving-hl-intense-nxt-h7-canbus\/#breadcrumb\",\"itemListElement\":[{\"@type\":\"ListItem\",\"position\":1,\"name\":\"Hem\",\"item\":\"https:\/\/xenonkungen.com\/\"},{\"@type\":\"ListItem\",\"position\":2,\"name\":\"Shop\",\"item\":\"https:\/\/xenonkungen.com\/shop\/\"},{\"@type\":\"ListItem\",\"position\":3,\"name\":\"OSRAM LEDriving HL INTENSE NXT H7 | Canbus\"}]},{\"@type\":\"WebSite\",\"@id\":\"https:\/\/xenonkungen.com\/#website\",\"url\":\"https:\/\/xenonkungen.com\/\",\"name\":\"Xenonkungen\",\"description\":\"\",\"potentialAction\":[{\"@type\":\"SearchAction\",\"target\":{\"@type\":\"EntryPoint\",\"urlTemplate\":\"https:\/\/xenonkungen.com\/?s={search_term_string}\"},\"query-input\":{\"@type\":\"PropertyValueSpecification\",\"valueRequired\":true,\"valueName\":\"search_term_string\"}}],\"inLanguage\":\"es\"}]}<\/script>\n<!-- \/ Yoast SEO plugin. -->","yoast_head_json":{"title":"OSRAM LEDriving HL INTENSE NXT H7 | Canbus - El rey del xen\u00f3n","robots":{"index":"index","follow":"follow","max-snippet":"max-snippet:-1","max-image-preview":"max-image-preview:large","max-video-preview":"max-video-preview:-1"},"canonical":"https:\/\/xenonkungen.com\/es\/producto\/osram-ledriving-hl-intense-nxt-h7-canbus\/","og_locale":"es_ES","og_type":"article","og_title":"OSRAM LEDriving HL INTENSE NXT H7 | Canbus - Xenonkungen","og_description":"Canbus | 42W | 6000K","og_url":"https:\/\/xenonkungen.com\/es\/producto\/osram-ledriving-hl-intense-nxt-h7-canbus\/","og_site_name":"Xenonkungen","article_modified_time":"2026-04-24T16:37:05+00:00","og_image":[{"width":600,"height":600,"url":"https:\/\/xenonkungen.com\/wp-content\/uploads\/2025\/04\/218607769-origpic-39963c.png","type":"image\/png"}],"twitter_card":"summary_large_image","twitter_misc":{"Tiempo de lectura":"1 minuto"},"schema":{"@context":"https:\/\/schema.org","@graph":[{"@type":"WebPage","@id":"https:\/\/xenonkungen.com\/produkt\/osram-ledriving-hl-intense-nxt-h7-canbus\/","url":"https:\/\/xenonkungen.com\/produkt\/osram-ledriving-hl-intense-nxt-h7-canbus\/","name":"OSRAM LEDriving HL INTENSE NXT H7 | Canbus - El rey del xen\u00f3n","isPartOf":{"@id":"https:\/\/xenonkungen.com\/#website"},"primaryImageOfPage":{"@id":"https:\/\/xenonkungen.com\/produkt\/osram-ledriving-hl-intense-nxt-h7-canbus\/#primaryimage"},"image":{"@id":"https:\/\/xenonkungen.com\/produkt\/osram-ledriving-hl-intense-nxt-h7-canbus\/#primaryimage"},"thumbnailUrl":"https:\/\/xenonkungen.com\/wp-content\/uploads\/2025\/04\/218607769-origpic-39963c.png","datePublished":"2025-04-15T09:54:51+00:00","dateModified":"2026-04-24T16:37:05+00:00","breadcrumb":{"@id":"https:\/\/xenonkungen.com\/produkt\/osram-ledriving-hl-intense-nxt-h7-canbus\/#breadcrumb"},"inLanguage":"es","potentialAction":[{"@type":"ReadAction","target":["https:\/\/xenonkungen.com\/produkt\/osram-ledriving-hl-intense-nxt-h7-canbus\/"]}]},{"@type":"ImageObject","inLanguage":"es","@id":"https:\/\/xenonkungen.com\/produkt\/osram-ledriving-hl-intense-nxt-h7-canbus\/#primaryimage","url":"https:\/\/xenonkungen.com\/wp-content\/uploads\/2025\/04\/218607769-origpic-39963c.png","contentUrl":"https:\/\/xenonkungen.com\/wp-content\/uploads\/2025\/04\/218607769-origpic-39963c.png","width":600,"height":600},{"@type":"BreadcrumbList","@id":"https:\/\/xenonkungen.com\/produkt\/osram-ledriving-hl-intense-nxt-h7-canbus\/#breadcrumb","itemListElement":[{"@type":"ListItem","position":1,"name":"Hem","item":"https:\/\/xenonkungen.com\/"},{"@type":"ListItem","position":2,"name":"Shop","item":"https:\/\/xenonkungen.com\/shop\/"},{"@type":"ListItem","position":3,"name":"OSRAM LEDriving HL INTENSE NXT H7 | Canbus"}]},{"@type":"WebSite","@id":"https:\/\/xenonkungen.com\/#website","url":"https:\/\/xenonkungen.com\/","name":"Xenonkungen","description":"","potentialAction":[{"@type":"SearchAction","target":{"@type":"EntryPoint","urlTemplate":"https:\/\/xenonkungen.com\/?s={search_term_string}"},"query-input":{"@type":"PropertyValueSpecification","valueRequired":true,"valueName":"search_term_string"}}],"inLanguage":"es"}]}},"taxonomy_info":{"product_brand":[{"value":108,"label":"OSRAM"}],"product_cat":[{"value":2633,"label":"OSRAM Ledriving"},{"value":733,"label":"Halvljus \/ Helljus"}],"pa_faktisk-effekts-forbrukning":[{"value":1097,"label":"42"}],"pa_fargtemperatur":[{"value":188,"label":"6000K"}],"pa_lampsockel-kontakt":[{"value":206,"label":"H7"}],"pa_volt-v":[{"value":159,"label":"12"}]},"featured_image_src_large":["https:\/\/xenonkungen.com\/wp-content\/uploads\/2025\/04\/218607769-origpic-39963c.png",600,600,false],"author_info":[],"comment_info":0,"_links":{"self":[{"href":"https:\/\/xenonkungen.com\/es\/wp-json\/wp\/v2\/product\/7367","targetHints":{"allow":["GET"]}}],"collection":[{"href":"https:\/\/xenonkungen.com\/es\/wp-json\/wp\/v2\/product"}],"about":[{"href":"https:\/\/xenonkungen.com\/es\/wp-json\/wp\/v2\/types\/product"}],"replies":[{"embeddable":true,"href":"https:\/\/xenonkungen.com\/es\/wp-json\/wp\/v2\/comments?post=7367"}],"wp:featuredmedia":[{"embeddable":true,"href":"https:\/\/xenonkungen.com\/es\/wp-json\/wp\/v2\/media\/7368"}],"wp:attachment":[{"href":"https:\/\/xenonkungen.com\/es\/wp-json\/wp\/v2\/media?parent=7367"}],"wp:term":[{"taxonomy":"anvandningsomrade","embeddable":true,"href":"https:\/\/xenonkungen.com\/es\/wp-json\/wp\/v2\/anvandningsomrade?post=7367"},{"taxonomy":"bilmarken","embeddable":true,"href":"https:\/\/xenonkungen.com\/es\/wp-json\/wp\/v2\/bilmarken?post=7367"},{"taxonomy":"product_brand","embeddable":true,"href":"https:\/\/xenonkungen.com\/es\/wp-json\/wp\/v2\/product_brand?post=7367"},{"taxonomy":"product_cat","embeddable":true,"href":"https:\/\/xenonkungen.com\/es\/wp-json\/wp\/v2\/product_cat?post=7367"},{"taxonomy":"product_tag","embeddable":true,"href":"https:\/\/xenonkungen.com\/es\/wp-json\/wp\/v2\/product_tag?post=7367"}],"curies":[{"name":"wp","href":"https:\/\/api.w.org\/{rel}","templated":true}]}}