{"id":7376,"date":"2025-04-15T09:54:51","date_gmt":"2025-04-15T09:54:51","guid":{"rendered":"https:\/\/xenonkungen.com\/product\/osram-night-breaker-220-h7\/"},"modified":"2026-05-08T13:23:51","modified_gmt":"2026-05-08T12:23:51","slug":"osram-night-breaker-220-h7","status":"publish","type":"product","link":"https:\/\/xenonkungen.com\/es\/producto\/osram-night-breaker-220-h7\/","title":{"rendered":"OSRAM Night Breaker\u00ae 220 | H7"},"content":{"rendered":"<h2 class=\"font-headline-text-bold orange\">La l\u00e1mpara hal\u00f3gena m\u00e1s potente de OSRAM<\/h2>\n<p><span>Estos faros de \u00faltima generaci\u00f3n impresionan con hasta 220 lux m\u00e1s brillantes y una luz hasta 20 lux m\u00e1s blanca en comparaci\u00f3n con el est\u00e1ndar legal m\u00ednimo, y proporcionan un alcance de visibilidad de hasta 150 metros. Mayor luminosidad y mejor visibilidad ayudan a los conductores a detectar y reaccionar m\u00e1s r\u00e1pidamente ante los peligros del tr\u00e1fico. <br \/>La luz perfecta para los conductores que aprecian la diferencia que puede marcar una iluminaci\u00f3n potente del autom\u00f3vil. Disponible en H4 y H7 con una nueva parte superior de color dorado.<\/span><\/p>\n<p><span><strong>Datos el\u00e9ctricos:<\/strong><br \/>\u2013 Potencia m\u00e1xima: 58 W<br \/>- Tensi\u00f3n nominal: 12,0 V<br \/>\u2013 Potencia nominal: 55 W<br \/>- Tensi\u00f3n de prueba en voltios: 13,2 V<br \/><\/span><\/p>\n<p><span><strong>Datos fotom\u00e9tricos:<\/strong><br \/>\u2013 Flujo luminoso: 1500 lm<br \/>\u2013 Flujo luminoso, tolerancia: \u00b110 %<br \/><\/span><\/p>\n<p><span><strong>Dimensiones:<\/strong><br \/>\u2013 Di\u00e1metro: 12,0 mm<br \/>\u2013 Longitud: 59,0 mm<br \/>\u2013 Peso del producto: 12,50 g<br \/><\/span><\/p>\n<p><span><strong>Esperanza de vida:<\/strong><br \/>\u2013 Vida \u00fatil B3: 150 h<br \/>\u2013 Vida \u00fatil Tc en horas: 250 h<\/span><\/p>","protected":false},"excerpt":{"rendered":"<p>Pase al siguiente nivel de luz: con NIGHT BREAKER 220 - \u00a1la l\u00e1mpara hal\u00f3gena para autom\u00f3viles m\u00e1s brillante de OSRAM!<\/p>","protected":false},"featured_media":7377,"comment_status":"closed","ping_status":"open","template":"","meta":{"_acf_changed":false,"_smort_price_nok":"486","_smort_price_dkk":"309","_smort_price_eur":"41.36","_smort_sale_price_nok":"","_smort_sale_price_dkk":"","_smort_sale_price_eur":"","smort_restorder":"","shipmondo_restorder":"","_kad_blocks_custom_css":"","_kad_blocks_head_custom_js":"","_kad_blocks_body_custom_js":"","_kad_blocks_footer_custom_js":"","smort_custom_pricelist_1":"291.2","smort_custom_pricelist_2":"254.8","smort_custom_pricelist_3":"236.6","smort_custom_pricelist_4":"364","smort_custom_pricelist_5":"254.8"},"anvandningsomrade":[],"bilmarken":[],"product_brand":[108],"product_cat":[2543,733],"product_tag":[],"class_list":{"0":"post-7376","1":"product","2":"type-product","3":"status-publish","4":"has-post-thumbnail","6":"product_brand-osram","7":"product_cat-halogen-halvljus-helljus","8":"product_cat-halvljus-helljus","9":"pa_faktisk-effekts-forbrukning-1907","10":"pa_lampsockel-kontakt-h7","11":"pa_volt-v-159","13":"first","14":"instock","15":"taxable","16":"shipping-taxable","17":"purchasable","18":"product-type-simple"},"bundled_by":[],"bundle_stock_status":"instock","bundle_stock_quantity":10,"bundle_virtual":false,"bundle_layout":"","bundle_add_to_cart_form_location":"","bundle_editable_in_cart":false,"bundle_sold_individually_context":"","bundle_item_grouping":"","bundle_min_size":"","bundle_max_size":"","bundle_price":[],"bundled_items":[],"bundle_sell_ids":[],"acf":[],"yoast_head":"<!-- This site is optimized with the Yoast SEO plugin v27.0 - https:\/\/yoast.com\/product\/yoast-seo-wordpress\/ -->\n<title>OSRAM Night Breaker\u00ae 220 | H7 - Xenonkungen<\/title>\n<meta name=\"robots\" content=\"index, follow, max-snippet:-1, max-image-preview:large, max-video-preview:-1\" \/>\n<link rel=\"canonical\" href=\"https:\/\/xenonkungen.com\/es\/producto\/osram-night-breaker-220-h7\/\" \/>\n<meta property=\"og:locale\" content=\"es_ES\" \/>\n<meta property=\"og:type\" content=\"article\" \/>\n<meta property=\"og:title\" content=\"OSRAM Night Breaker\u00ae 220 | H7 - Xenonkungen\" \/>\n<meta property=\"og:description\" content=\"G\u00e5 till n\u00e4sta ljusniv\u00e5: Med NIGHT BREAKER 220 \u2013 OSRAMs ljusstarkaste halogenlampa f\u00f6r fordon!\" \/>\n<meta property=\"og:url\" content=\"https:\/\/xenonkungen.com\/es\/producto\/osram-night-breaker-220-h7\/\" \/>\n<meta property=\"og:site_name\" content=\"Xenonkungen\" \/>\n<meta property=\"article:modified_time\" content=\"2026-05-08T12:23:51+00:00\" \/>\n<meta property=\"og:image\" content=\"https:\/\/xenonkungen.com\/wp-content\/uploads\/2025\/04\/213583435-origpic-cc600d.jpg\" \/>\n\t<meta property=\"og:image:width\" content=\"728\" \/>\n\t<meta property=\"og:image:height\" content=\"775\" \/>\n\t<meta property=\"og:image:type\" content=\"image\/jpeg\" \/>\n<meta name=\"twitter:card\" content=\"summary_large_image\" \/>\n<meta name=\"twitter:label1\" content=\"Tiempo de lectura\" \/>\n\t<meta name=\"twitter:data1\" content=\"1 minuto\" \/>\n<script type=\"application\/ld+json\" class=\"yoast-schema-graph\">{\"@context\":\"https:\/\/schema.org\",\"@graph\":[{\"@type\":\"WebPage\",\"@id\":\"https:\/\/xenonkungen.com\/produkt\/osram-night-breaker-220-h7\/\",\"url\":\"https:\/\/xenonkungen.com\/produkt\/osram-night-breaker-220-h7\/\",\"name\":\"OSRAM Night Breaker\u00ae 220 | H7 - Xenonkungen\",\"isPartOf\":{\"@id\":\"https:\/\/xenonkungen.com\/#website\"},\"primaryImageOfPage\":{\"@id\":\"https:\/\/xenonkungen.com\/produkt\/osram-night-breaker-220-h7\/#primaryimage\"},\"image\":{\"@id\":\"https:\/\/xenonkungen.com\/produkt\/osram-night-breaker-220-h7\/#primaryimage\"},\"thumbnailUrl\":\"https:\/\/xenonkungen.com\/wp-content\/uploads\/2025\/04\/213583435-origpic-cc600d.jpg\",\"datePublished\":\"2025-04-15T09:54:51+00:00\",\"dateModified\":\"2026-05-08T12:23:51+00:00\",\"breadcrumb\":{\"@id\":\"https:\/\/xenonkungen.com\/produkt\/osram-night-breaker-220-h7\/#breadcrumb\"},\"inLanguage\":\"es\",\"potentialAction\":[{\"@type\":\"ReadAction\",\"target\":[\"https:\/\/xenonkungen.com\/produkt\/osram-night-breaker-220-h7\/\"]}]},{\"@type\":\"ImageObject\",\"inLanguage\":\"es\",\"@id\":\"https:\/\/xenonkungen.com\/produkt\/osram-night-breaker-220-h7\/#primaryimage\",\"url\":\"https:\/\/xenonkungen.com\/wp-content\/uploads\/2025\/04\/213583435-origpic-cc600d.jpg\",\"contentUrl\":\"https:\/\/xenonkungen.com\/wp-content\/uploads\/2025\/04\/213583435-origpic-cc600d.jpg\",\"width\":728,\"height\":775},{\"@type\":\"BreadcrumbList\",\"@id\":\"https:\/\/xenonkungen.com\/produkt\/osram-night-breaker-220-h7\/#breadcrumb\",\"itemListElement\":[{\"@type\":\"ListItem\",\"position\":1,\"name\":\"Hem\",\"item\":\"https:\/\/xenonkungen.com\/\"},{\"@type\":\"ListItem\",\"position\":2,\"name\":\"Shop\",\"item\":\"https:\/\/xenonkungen.com\/shop\/\"},{\"@type\":\"ListItem\",\"position\":3,\"name\":\"OSRAM Night Breaker\u00ae 220 | H7\"}]},{\"@type\":\"WebSite\",\"@id\":\"https:\/\/xenonkungen.com\/#website\",\"url\":\"https:\/\/xenonkungen.com\/\",\"name\":\"Xenonkungen\",\"description\":\"\",\"potentialAction\":[{\"@type\":\"SearchAction\",\"target\":{\"@type\":\"EntryPoint\",\"urlTemplate\":\"https:\/\/xenonkungen.com\/?s={search_term_string}\"},\"query-input\":{\"@type\":\"PropertyValueSpecification\",\"valueRequired\":true,\"valueName\":\"search_term_string\"}}],\"inLanguage\":\"es\"}]}<\/script>\n<!-- \/ Yoast SEO plugin. -->","yoast_head_json":{"title":"OSRAM Night Breaker\u00ae 220 | H7 - El rey del xen\u00f3n","robots":{"index":"index","follow":"follow","max-snippet":"max-snippet:-1","max-image-preview":"max-image-preview:large","max-video-preview":"max-video-preview:-1"},"canonical":"https:\/\/xenonkungen.com\/es\/producto\/osram-night-breaker-220-h7\/","og_locale":"es_ES","og_type":"article","og_title":"OSRAM Night Breaker\u00ae 220 | H7 - Xenonkungen","og_description":"G\u00e5 till n\u00e4sta ljusniv\u00e5: Med NIGHT BREAKER 220 \u2013 OSRAMs ljusstarkaste halogenlampa f\u00f6r fordon!","og_url":"https:\/\/xenonkungen.com\/es\/producto\/osram-night-breaker-220-h7\/","og_site_name":"Xenonkungen","article_modified_time":"2026-05-08T12:23:51+00:00","og_image":[{"width":728,"height":775,"url":"https:\/\/xenonkungen.com\/wp-content\/uploads\/2025\/04\/213583435-origpic-cc600d.jpg","type":"image\/jpeg"}],"twitter_card":"summary_large_image","twitter_misc":{"Tiempo de lectura":"1 minuto"},"schema":{"@context":"https:\/\/schema.org","@graph":[{"@type":"WebPage","@id":"https:\/\/xenonkungen.com\/produkt\/osram-night-breaker-220-h7\/","url":"https:\/\/xenonkungen.com\/produkt\/osram-night-breaker-220-h7\/","name":"OSRAM Night Breaker\u00ae 220 | H7 - El rey del xen\u00f3n","isPartOf":{"@id":"https:\/\/xenonkungen.com\/#website"},"primaryImageOfPage":{"@id":"https:\/\/xenonkungen.com\/produkt\/osram-night-breaker-220-h7\/#primaryimage"},"image":{"@id":"https:\/\/xenonkungen.com\/produkt\/osram-night-breaker-220-h7\/#primaryimage"},"thumbnailUrl":"https:\/\/xenonkungen.com\/wp-content\/uploads\/2025\/04\/213583435-origpic-cc600d.jpg","datePublished":"2025-04-15T09:54:51+00:00","dateModified":"2026-05-08T12:23:51+00:00","breadcrumb":{"@id":"https:\/\/xenonkungen.com\/produkt\/osram-night-breaker-220-h7\/#breadcrumb"},"inLanguage":"es","potentialAction":[{"@type":"ReadAction","target":["https:\/\/xenonkungen.com\/produkt\/osram-night-breaker-220-h7\/"]}]},{"@type":"ImageObject","inLanguage":"es","@id":"https:\/\/xenonkungen.com\/produkt\/osram-night-breaker-220-h7\/#primaryimage","url":"https:\/\/xenonkungen.com\/wp-content\/uploads\/2025\/04\/213583435-origpic-cc600d.jpg","contentUrl":"https:\/\/xenonkungen.com\/wp-content\/uploads\/2025\/04\/213583435-origpic-cc600d.jpg","width":728,"height":775},{"@type":"BreadcrumbList","@id":"https:\/\/xenonkungen.com\/produkt\/osram-night-breaker-220-h7\/#breadcrumb","itemListElement":[{"@type":"ListItem","position":1,"name":"Hem","item":"https:\/\/xenonkungen.com\/"},{"@type":"ListItem","position":2,"name":"Shop","item":"https:\/\/xenonkungen.com\/shop\/"},{"@type":"ListItem","position":3,"name":"OSRAM Night Breaker\u00ae 220 | H7"}]},{"@type":"WebSite","@id":"https:\/\/xenonkungen.com\/#website","url":"https:\/\/xenonkungen.com\/","name":"Xenonkungen","description":"","potentialAction":[{"@type":"SearchAction","target":{"@type":"EntryPoint","urlTemplate":"https:\/\/xenonkungen.com\/?s={search_term_string}"},"query-input":{"@type":"PropertyValueSpecification","valueRequired":true,"valueName":"search_term_string"}}],"inLanguage":"es"}]}},"taxonomy_info":{"product_brand":[{"value":108,"label":"OSRAM"}],"product_cat":[{"value":2543,"label":"Halogen"},{"value":733,"label":"Halvljus \/ Helljus"}],"pa_faktisk-effekts-forbrukning":[{"value":1907,"label":"58"}],"pa_lampsockel-kontakt":[{"value":206,"label":"H7"}],"pa_volt-v":[{"value":159,"label":"12"}]},"featured_image_src_large":["https:\/\/xenonkungen.com\/wp-content\/uploads\/2025\/04\/213583435-origpic-cc600d.jpg",728,775,false],"author_info":[],"comment_info":1,"_links":{"self":[{"href":"https:\/\/xenonkungen.com\/es\/wp-json\/wp\/v2\/product\/7376","targetHints":{"allow":["GET"]}}],"collection":[{"href":"https:\/\/xenonkungen.com\/es\/wp-json\/wp\/v2\/product"}],"about":[{"href":"https:\/\/xenonkungen.com\/es\/wp-json\/wp\/v2\/types\/product"}],"replies":[{"embeddable":true,"href":"https:\/\/xenonkungen.com\/es\/wp-json\/wp\/v2\/comments?post=7376"}],"wp:featuredmedia":[{"embeddable":true,"href":"https:\/\/xenonkungen.com\/es\/wp-json\/wp\/v2\/media\/7377"}],"wp:attachment":[{"href":"https:\/\/xenonkungen.com\/es\/wp-json\/wp\/v2\/media?parent=7376"}],"wp:term":[{"taxonomy":"anvandningsomrade","embeddable":true,"href":"https:\/\/xenonkungen.com\/es\/wp-json\/wp\/v2\/anvandningsomrade?post=7376"},{"taxonomy":"bilmarken","embeddable":true,"href":"https:\/\/xenonkungen.com\/es\/wp-json\/wp\/v2\/bilmarken?post=7376"},{"taxonomy":"product_brand","embeddable":true,"href":"https:\/\/xenonkungen.com\/es\/wp-json\/wp\/v2\/product_brand?post=7376"},{"taxonomy":"product_cat","embeddable":true,"href":"https:\/\/xenonkungen.com\/es\/wp-json\/wp\/v2\/product_cat?post=7376"},{"taxonomy":"product_tag","embeddable":true,"href":"https:\/\/xenonkungen.com\/es\/wp-json\/wp\/v2\/product_tag?post=7376"}],"curies":[{"name":"wp","href":"https:\/\/api.w.org\/{rel}","templated":true}]}}