{"id":7446,"date":"2025-04-15T09:55:46","date_gmt":"2025-04-15T09:55:46","guid":{"rendered":"https:\/\/xenonkungen.com\/product\/osram-ledriving-sl-c5w-31-mm\/"},"modified":"2026-04-11T01:26:17","modified_gmt":"2026-04-11T00:26:17","slug":"osram-led-driving-sl-c5w-31-mm","status":"publish","type":"product","link":"https:\/\/xenonkungen.com\/es\/producto\/osram-led-driving-sl-c5w-31-mm\/","title":{"rendered":"OSRAM LEDriving SL C5W (29 mm)"},"content":{"rendered":"<p>Bombilla LED de repuesto adecuada para C5W<\/p>\n<p>Las bombillas de repuesto LEDriving SL C5W ofrecen una luz moderna e intensa con una temperatura de color de hasta 6000 Kelvin. Estas bombillas de repuesto son compatibles con todos los casquillos convencionales C5W.<\/p>\n<p>En comparaci\u00f3n con las l\u00e1mparas normales, estas l\u00e1mparas LED de repuesto consumen hasta 80 % menos de energ\u00eda. OSRAM ofrece una garant\u00eda de 4 a\u00f1os para estas l\u00e1mparas LEDriving SL.<\/p>\n<p>Estos productos no est\u00e1n homologados por la CEPE y no deben utilizarse en la v\u00eda p\u00fablica en aplicaciones exteriores.<\/p>\n<p>Informaci\u00f3n sobre el producto<br \/>\nTipo de producto (todoterreno o carretera)<br \/>\nTodoterreno \u2259 C5W<\/p>\n<p>Aplicaci\u00f3n (categor\u00eda y especificaciones del producto)<br \/>\nPrincipalmente para aplicaciones de placas de matr\u00edcula\/interiores<\/p>\n<p>Datos el\u00e9ctricos<br \/>\nPotencia m\u00e1xima<br \/>\n1,2 W<\/p>\n<p>Tensi\u00f3n nominal<br \/>\n12,0 V<\/p>\n<p>Potencia nominal<br \/>\n1,00 W<\/p>\n<p>Voltaje de prueba en voltios<br \/>\n13,5 V<\/p>\n<p>Tolerancia de potencia ocupada<br \/>\n\u00b125 %<\/p>\n<p>Datos fotom\u00e9tricos<br \/>\nflujo luminoso<br \/>\n45 lm<\/p>\n<p>Flujo luminoso, tolerancia<br \/>\n\u00b130 %<\/p>\n<p>Temperatura de color<br \/>\n6000 K<\/p>\n<p>LED de color claro<br \/>\nBlanco fr\u00edo<\/p>\n<p>Dimensiones<br \/>\nDi\u00e1metro<br \/>\n11,0 mm<\/p>\n<p>peso del producto<br \/>\n2,90 g<\/p>\n<p>Longitud<br \/>\n29,0 mm<\/p>\n<p>Esperanza de vida<br \/>\nVida \u00fatil B3<br \/>\n2500 horas<\/p>\n<p>Tiempo de vida \u00fatil Tc en horas<br \/>\n5000 horas<\/p>\n<p>Garant\u00eda<br \/>\n4 a\u00f1os<\/p>\n<p>Datos complementarios del producto<br \/>\nPedestal<br \/>\nSV8.5-8<\/p>","protected":false},"excerpt":{"rendered":"<p>\u00a1Renueva el interior de tu coche con las bombillas OSRAM LEDriving SL C5W! Estas bombillas LED est\u00e1n dise\u00f1adas para casquillos de 29 mm y ofrecen una iluminaci\u00f3n brillante con un consumo m\u00ednimo. \u00a1Reemplaza tus bombillas antiguas hoy mismo e ilumina tu coche de forma moderna! Compatibles con la mayor\u00eda de los coches. \u00a1P\u00eddelas ya en nuestra tienda online!<\/p>","protected":false},"featured_media":25376,"comment_status":"closed","ping_status":"closed","template":"","meta":{"_acf_changed":false,"_smort_price_nok":"59","_smort_price_dkk":"37","_smort_price_eur":"5","_smort_sale_price_nok":"","_smort_sale_price_dkk":"","_smort_sale_price_eur":"","smort_restorder":"","shipmondo_restorder":"","_kad_blocks_custom_css":"","_kad_blocks_head_custom_js":"","_kad_blocks_body_custom_js":"","_kad_blocks_footer_custom_js":"","smort_custom_pricelist_1":"35.2","smort_custom_pricelist_2":"33","smort_custom_pricelist_3":"31.35","smort_custom_pricelist_4":"44","smort_custom_pricelist_5":"32.76"},"anvandningsomrade":[],"bilmarken":[],"product_brand":[108],"product_cat":[2454,2452,2453,338],"product_tag":[],"class_list":{"0":"post-7446","1":"product","2":"type-product","3":"status-publish","4":"has-post-thumbnail","6":"product_brand-osram","7":"product_cat-31-42mm","8":"product_cat-c5w","9":"product_cat-sv85","10":"product_cat-diodlampor","11":"pa_faktisk-effekts-forbrukning-715","12":"pa_fargtemperatur-6000k","13":"pa_lampsockel-kontakt-c5w","14":"pa_volt-v-159","16":"first","17":"instock","18":"taxable","19":"shipping-taxable","20":"purchasable","21":"product-type-simple"},"bundled_by":[],"bundle_stock_status":"instock","bundle_stock_quantity":10,"bundle_virtual":false,"bundle_layout":"","bundle_add_to_cart_form_location":"","bundle_editable_in_cart":false,"bundle_sold_individually_context":"","bundle_item_grouping":"","bundle_min_size":"","bundle_max_size":"","bundle_price":[],"bundled_items":[],"bundle_sell_ids":[],"acf":[],"yoast_head":"<!-- This site is optimized with the Yoast SEO plugin v27.0 - https:\/\/yoast.com\/product\/yoast-seo-wordpress\/ -->\n<title>OSRAM LEDriving SL C5W (29 mm) - Xenonkungen<\/title>\n<meta name=\"robots\" content=\"index, follow, max-snippet:-1, max-image-preview:large, max-video-preview:-1\" \/>\n<link rel=\"canonical\" href=\"https:\/\/xenonkungen.com\/es\/producto\/osram-led-driving-sl-c5w-31-mm\/\" \/>\n<meta property=\"og:locale\" content=\"es_ES\" \/>\n<meta property=\"og:type\" content=\"article\" \/>\n<meta property=\"og:title\" content=\"OSRAM LEDriving SL C5W (29 mm) - Xenonkungen\" \/>\n<meta property=\"og:description\" content=\"Uppdatera din bils interi\u00f6r med OSRAM LEDriving SL C5W! Dessa LED-lampor \u00e4r utformade f\u00f6r att passa en 29 mm sockel och ger stark belysning med minimal energif\u00f6rbrukning. Byt ut dina gamla lampor idag och belys din bil p\u00e5 ett modernt s\u00e4tt! Passar till de flesta bilar. Best\u00e4ll nu fr\u00e5n v\u00e5r webbutik!\" \/>\n<meta property=\"og:url\" content=\"https:\/\/xenonkungen.com\/es\/producto\/osram-led-driving-sl-c5w-31-mm\/\" \/>\n<meta property=\"og:site_name\" content=\"Xenonkungen\" \/>\n<meta property=\"article:modified_time\" content=\"2026-04-11T00:26:17+00:00\" \/>\n<meta property=\"og:image\" content=\"https:\/\/xenonkungen.com\/wp-content\/uploads\/2025\/04\/Small-for-web-and-ppt-Packshot_G15140144_AM_1BL_6438DWP_2B_MiCh_OSRAM_01.jpg\" \/>\n\t<meta property=\"og:image:width\" content=\"1024\" \/>\n\t<meta property=\"og:image:height\" content=\"1340\" \/>\n\t<meta property=\"og:image:type\" content=\"image\/jpeg\" \/>\n<meta name=\"twitter:card\" content=\"summary_large_image\" \/>\n<meta name=\"twitter:label1\" content=\"Tiempo de lectura\" \/>\n\t<meta name=\"twitter:data1\" content=\"1 minuto\" \/>\n<script type=\"application\/ld+json\" class=\"yoast-schema-graph\">{\"@context\":\"https:\/\/schema.org\",\"@graph\":[{\"@type\":\"WebPage\",\"@id\":\"https:\/\/xenonkungen.com\/produkt\/osram-ledriving-sl-c5w-31-mm\/\",\"url\":\"https:\/\/xenonkungen.com\/produkt\/osram-ledriving-sl-c5w-31-mm\/\",\"name\":\"OSRAM LEDriving SL C5W (29 mm) - Xenonkungen\",\"isPartOf\":{\"@id\":\"https:\/\/xenonkungen.com\/#website\"},\"primaryImageOfPage\":{\"@id\":\"https:\/\/xenonkungen.com\/produkt\/osram-ledriving-sl-c5w-31-mm\/#primaryimage\"},\"image\":{\"@id\":\"https:\/\/xenonkungen.com\/produkt\/osram-ledriving-sl-c5w-31-mm\/#primaryimage\"},\"thumbnailUrl\":\"https:\/\/xenonkungen.com\/wp-content\/uploads\/2025\/04\/Small-for-web-and-ppt-Packshot_G15140144_AM_1BL_6438DWP_2B_MiCh_OSRAM_01.jpg\",\"datePublished\":\"2025-04-15T09:55:46+00:00\",\"dateModified\":\"2026-04-11T00:26:17+00:00\",\"breadcrumb\":{\"@id\":\"https:\/\/xenonkungen.com\/produkt\/osram-ledriving-sl-c5w-31-mm\/#breadcrumb\"},\"inLanguage\":\"es\",\"potentialAction\":[{\"@type\":\"ReadAction\",\"target\":[\"https:\/\/xenonkungen.com\/produkt\/osram-ledriving-sl-c5w-31-mm\/\"]}]},{\"@type\":\"ImageObject\",\"inLanguage\":\"es\",\"@id\":\"https:\/\/xenonkungen.com\/produkt\/osram-ledriving-sl-c5w-31-mm\/#primaryimage\",\"url\":\"https:\/\/xenonkungen.com\/wp-content\/uploads\/2025\/04\/Small-for-web-and-ppt-Packshot_G15140144_AM_1BL_6438DWP_2B_MiCh_OSRAM_01.jpg\",\"contentUrl\":\"https:\/\/xenonkungen.com\/wp-content\/uploads\/2025\/04\/Small-for-web-and-ppt-Packshot_G15140144_AM_1BL_6438DWP_2B_MiCh_OSRAM_01.jpg\",\"width\":1024,\"height\":1340},{\"@type\":\"BreadcrumbList\",\"@id\":\"https:\/\/xenonkungen.com\/produkt\/osram-ledriving-sl-c5w-31-mm\/#breadcrumb\",\"itemListElement\":[{\"@type\":\"ListItem\",\"position\":1,\"name\":\"Hem\",\"item\":\"https:\/\/xenonkungen.com\/\"},{\"@type\":\"ListItem\",\"position\":2,\"name\":\"Shop\",\"item\":\"https:\/\/xenonkungen.com\/shop\/\"},{\"@type\":\"ListItem\",\"position\":3,\"name\":\"OSRAM LEDriving SL C5W (29 mm)\"}]},{\"@type\":\"WebSite\",\"@id\":\"https:\/\/xenonkungen.com\/#website\",\"url\":\"https:\/\/xenonkungen.com\/\",\"name\":\"Xenonkungen\",\"description\":\"\",\"potentialAction\":[{\"@type\":\"SearchAction\",\"target\":{\"@type\":\"EntryPoint\",\"urlTemplate\":\"https:\/\/xenonkungen.com\/?s={search_term_string}\"},\"query-input\":{\"@type\":\"PropertyValueSpecification\",\"valueRequired\":true,\"valueName\":\"search_term_string\"}}],\"inLanguage\":\"es\"}]}<\/script>\n<!-- \/ Yoast SEO plugin. -->","yoast_head_json":{"title":"OSRAM LEDriving SL C5W (29 mm) - El rey del xen\u00f3n","robots":{"index":"index","follow":"follow","max-snippet":"max-snippet:-1","max-image-preview":"max-image-preview:large","max-video-preview":"max-video-preview:-1"},"canonical":"https:\/\/xenonkungen.com\/es\/producto\/osram-led-driving-sl-c5w-31-mm\/","og_locale":"es_ES","og_type":"article","og_title":"OSRAM LEDriving SL C5W (29 mm) - Xenonkungen","og_description":"Uppdatera din bils interi\u00f6r med OSRAM LEDriving SL C5W! Dessa LED-lampor \u00e4r utformade f\u00f6r att passa en 29 mm sockel och ger stark belysning med minimal energif\u00f6rbrukning. Byt ut dina gamla lampor idag och belys din bil p\u00e5 ett modernt s\u00e4tt! Passar till de flesta bilar. Best\u00e4ll nu fr\u00e5n v\u00e5r webbutik!","og_url":"https:\/\/xenonkungen.com\/es\/producto\/osram-led-driving-sl-c5w-31-mm\/","og_site_name":"Xenonkungen","article_modified_time":"2026-04-11T00:26:17+00:00","og_image":[{"width":1024,"height":1340,"url":"https:\/\/xenonkungen.com\/wp-content\/uploads\/2025\/04\/Small-for-web-and-ppt-Packshot_G15140144_AM_1BL_6438DWP_2B_MiCh_OSRAM_01.jpg","type":"image\/jpeg"}],"twitter_card":"summary_large_image","twitter_misc":{"Tiempo de lectura":"1 minuto"},"schema":{"@context":"https:\/\/schema.org","@graph":[{"@type":"WebPage","@id":"https:\/\/xenonkungen.com\/produkt\/osram-ledriving-sl-c5w-31-mm\/","url":"https:\/\/xenonkungen.com\/produkt\/osram-ledriving-sl-c5w-31-mm\/","name":"OSRAM LEDriving SL C5W (29 mm) - El rey del xen\u00f3n","isPartOf":{"@id":"https:\/\/xenonkungen.com\/#website"},"primaryImageOfPage":{"@id":"https:\/\/xenonkungen.com\/produkt\/osram-ledriving-sl-c5w-31-mm\/#primaryimage"},"image":{"@id":"https:\/\/xenonkungen.com\/produkt\/osram-ledriving-sl-c5w-31-mm\/#primaryimage"},"thumbnailUrl":"https:\/\/xenonkungen.com\/wp-content\/uploads\/2025\/04\/Small-for-web-and-ppt-Packshot_G15140144_AM_1BL_6438DWP_2B_MiCh_OSRAM_01.jpg","datePublished":"2025-04-15T09:55:46+00:00","dateModified":"2026-04-11T00:26:17+00:00","breadcrumb":{"@id":"https:\/\/xenonkungen.com\/produkt\/osram-ledriving-sl-c5w-31-mm\/#breadcrumb"},"inLanguage":"es","potentialAction":[{"@type":"ReadAction","target":["https:\/\/xenonkungen.com\/produkt\/osram-ledriving-sl-c5w-31-mm\/"]}]},{"@type":"ImageObject","inLanguage":"es","@id":"https:\/\/xenonkungen.com\/produkt\/osram-ledriving-sl-c5w-31-mm\/#primaryimage","url":"https:\/\/xenonkungen.com\/wp-content\/uploads\/2025\/04\/Small-for-web-and-ppt-Packshot_G15140144_AM_1BL_6438DWP_2B_MiCh_OSRAM_01.jpg","contentUrl":"https:\/\/xenonkungen.com\/wp-content\/uploads\/2025\/04\/Small-for-web-and-ppt-Packshot_G15140144_AM_1BL_6438DWP_2B_MiCh_OSRAM_01.jpg","width":1024,"height":1340},{"@type":"BreadcrumbList","@id":"https:\/\/xenonkungen.com\/produkt\/osram-ledriving-sl-c5w-31-mm\/#breadcrumb","itemListElement":[{"@type":"ListItem","position":1,"name":"Hem","item":"https:\/\/xenonkungen.com\/"},{"@type":"ListItem","position":2,"name":"Shop","item":"https:\/\/xenonkungen.com\/shop\/"},{"@type":"ListItem","position":3,"name":"OSRAM LEDriving SL C5W (29 mm)"}]},{"@type":"WebSite","@id":"https:\/\/xenonkungen.com\/#website","url":"https:\/\/xenonkungen.com\/","name":"Xenonkungen","description":"","potentialAction":[{"@type":"SearchAction","target":{"@type":"EntryPoint","urlTemplate":"https:\/\/xenonkungen.com\/?s={search_term_string}"},"query-input":{"@type":"PropertyValueSpecification","valueRequired":true,"valueName":"search_term_string"}}],"inLanguage":"es"}]}},"taxonomy_info":{"product_brand":[{"value":108,"label":"OSRAM"}],"product_cat":[{"value":2454,"label":"31-42mm"},{"value":2452,"label":"C5W"},{"value":2453,"label":"SV8,5"},{"value":338,"label":"Diodlampor"}],"pa_faktisk-effekts-forbrukning":[{"value":715,"label":"12"}],"pa_fargtemperatur":[{"value":188,"label":"6000K"}],"pa_lampsockel-kontakt":[{"value":380,"label":"C5W"}],"pa_volt-v":[{"value":159,"label":"12"}]},"featured_image_src_large":["https:\/\/xenonkungen.com\/wp-content\/uploads\/2025\/04\/Small-for-web-and-ppt-Packshot_G15140144_AM_1BL_6438DWP_2B_MiCh_OSRAM_01-783x1024.jpg",783,1024,true],"author_info":[],"comment_info":0,"_links":{"self":[{"href":"https:\/\/xenonkungen.com\/es\/wp-json\/wp\/v2\/product\/7446","targetHints":{"allow":["GET"]}}],"collection":[{"href":"https:\/\/xenonkungen.com\/es\/wp-json\/wp\/v2\/product"}],"about":[{"href":"https:\/\/xenonkungen.com\/es\/wp-json\/wp\/v2\/types\/product"}],"replies":[{"embeddable":true,"href":"https:\/\/xenonkungen.com\/es\/wp-json\/wp\/v2\/comments?post=7446"}],"wp:featuredmedia":[{"embeddable":true,"href":"https:\/\/xenonkungen.com\/es\/wp-json\/wp\/v2\/media\/25376"}],"wp:attachment":[{"href":"https:\/\/xenonkungen.com\/es\/wp-json\/wp\/v2\/media?parent=7446"}],"wp:term":[{"taxonomy":"anvandningsomrade","embeddable":true,"href":"https:\/\/xenonkungen.com\/es\/wp-json\/wp\/v2\/anvandningsomrade?post=7446"},{"taxonomy":"bilmarken","embeddable":true,"href":"https:\/\/xenonkungen.com\/es\/wp-json\/wp\/v2\/bilmarken?post=7446"},{"taxonomy":"product_brand","embeddable":true,"href":"https:\/\/xenonkungen.com\/es\/wp-json\/wp\/v2\/product_brand?post=7446"},{"taxonomy":"product_cat","embeddable":true,"href":"https:\/\/xenonkungen.com\/es\/wp-json\/wp\/v2\/product_cat?post=7446"},{"taxonomy":"product_tag","embeddable":true,"href":"https:\/\/xenonkungen.com\/es\/wp-json\/wp\/v2\/product_tag?post=7446"}],"curies":[{"name":"wp","href":"https:\/\/api.w.org\/{rel}","templated":true}]}}