{"id":7479,"date":"2025-04-15T09:56:07","date_gmt":"2025-04-15T09:56:07","guid":{"rendered":"https:\/\/xenonkungen.com\/product\/ledriving-lightbar-fx500-cb-sm\/"},"modified":"2026-04-24T17:40:51","modified_gmt":"2026-04-24T16:40:51","slug":"barra-de-luces-ledriving-fx500-cb-sm","status":"publish","type":"product","link":"https:\/\/xenonkungen.com\/es\/producto\/barra-de-luces-ledriving-fx500-cb-sm\/","title":{"rendered":"LEDriving\u00ae LIGHTBAR FX500-CB SM <56cm>"},"content":{"rendered":"<p>Las luces auxiliares LED proporcionan un mayor placer de conducci\u00f3n<br \/>Mejor iluminaci\u00f3n a largas distancias en caminos rurales oscuros y de grava: sin problema para la barra de luces LEDriving FX500-CB. Los 20 LED potentes y de alto rendimiento proporcionan a la luz de carretera LED un haz de luz de hasta 440 m de longitud, lo que garantiza una mayor seguridad para los conductores.<\/p>\n<p>Incluso al anochecer o con poca luz, las tiras de luz LED ofrecen condiciones similares a la luz natural con una brillantez de 6000 Kelvin, sin deslumbrar innecesariamente a los veh\u00edculos que circulan en sentido contrario. El ingenioso dise\u00f1o de los reflectores desv\u00eda la luz LED para que los veh\u00edculos que circulan en sentido contrario solo reciban luz indirecta. La luz se distribuye uniformemente en un \u00e1ngulo de cinco grados.<\/p>\n<p>Robusto, duradero y flexible.<br \/>Ya sea como luz de trabajo LED o como luz de carretera adicional en un turismo, el potente rendimiento y la larga vida \u00fatil de la barra de luces LEDriving FX500-CB la convierten en una opci\u00f3n convincente. Es adecuada para una amplia gama de aplicaciones, soporta condiciones ambientales adversas y es muy robusta gracias a sus materiales de alta calidad y a su resistente lente de policarbonato.<\/p>\n<p>El controlador integrado y el sistema de gesti\u00f3n t\u00e9rmica regulan la temperatura del faro LED y previenen posibles da\u00f1os por sobrecalentamiento. La protecci\u00f3n total de polaridad garantiza que los LED se apaguen autom\u00e1ticamente en caso de sobretensi\u00f3n.<\/p>\n<p>Luz para muchas aplicaciones diferentes<br \/>La barra de luces LEDriving FX500-CB es un aut\u00e9ntico placer de usar tanto en carretera como fuera de ella. La luz auxiliar LED con homologaci\u00f3n ECE proporciona una mejor visibilidad y, por lo tanto, mayor seguridad en carretera. Adem\u00e1s, realza el estilo todoterreno del veh\u00edculo.<br \/>Los faros LED se pueden instalar en veh\u00edculos con sistemas de 12 V, as\u00ed como en maquinaria agr\u00edcola, utilitaria, recreativa, todoterreno y 4x4. Su intensa potencia luminosa de 5500 l\u00famenes se combina con una alta eficiencia \u00f3ptica, una distribuci\u00f3n uniforme de la luz y un deslumbramiento reducido.<\/p>\n<p><\/p>","protected":false},"excerpt":{"rendered":"<p>Una de las rampas LED m\u00e1s grandes de Osram. \u00a1Con 1 lux a 440 metros!<\/p>","protected":false},"featured_media":7480,"comment_status":"closed","ping_status":"open","template":"","meta":{"_acf_changed":false,"_smort_price_nok":"4337","_smort_price_dkk":"2755","_smort_price_eur":"369.07","_smort_sale_price_nok":"","_smort_sale_price_dkk":"","_smort_sale_price_eur":"","smort_restorder":"","shipmondo_restorder":"","_kad_blocks_custom_css":"","_kad_blocks_head_custom_js":"","_kad_blocks_body_custom_js":"","_kad_blocks_footer_custom_js":"","smort_custom_pricelist_1":"2598.4","smort_custom_pricelist_2":"2598.4","smort_custom_pricelist_3":"2468.48","smort_custom_pricelist_4":"3248","smort_custom_pricelist_5":"2598.4"},"anvandningsomrade":[],"bilmarken":[],"product_brand":[108],"product_cat":[2966,2539,2640,2183],"product_tag":[],"class_list":{"0":"post-7479","1":"product","2":"type-product","3":"status-publish","4":"has-post-thumbnail","6":"product_brand-osram","7":"product_cat-ledramp-rak","8":"product_cat-ledramper","9":"product_cat-osram-ledriving-ledramper","10":"product_cat-osram-ledriving","11":"pa_faktisk-effekts-forbrukning-700","12":"pa_fargtemperatur-1428","13":"pa_fuktskydd-varde-ipxx-ip67","14":"pa_godkannande-r10-r112","15":"pa_ljusbild-combo","16":"pa_storlek-mm-564x935x77","17":"pa_volt-v-12-24","19":"first","20":"onbackorder","21":"taxable","22":"shipping-taxable","23":"purchasable","24":"product-type-simple"},"bundled_by":[],"bundle_stock_status":"onbackorder","bundle_stock_quantity":0,"bundle_virtual":false,"bundle_layout":"","bundle_add_to_cart_form_location":"","bundle_editable_in_cart":false,"bundle_sold_individually_context":"","bundle_item_grouping":"","bundle_min_size":"","bundle_max_size":"","bundle_price":[],"bundled_items":[],"bundle_sell_ids":[],"acf":[],"yoast_head":"<!-- This site is optimized with the Yoast SEO plugin v27.0 - https:\/\/yoast.com\/product\/yoast-seo-wordpress\/ -->\n<title>LEDriving\u00ae LIGHTBAR FX500-CB SM  - Xenonkungen<\/title>\n<meta name=\"robots\" content=\"index, follow, max-snippet:-1, max-image-preview:large, max-video-preview:-1\" \/>\n<link rel=\"canonical\" href=\"https:\/\/xenonkungen.com\/es\/producto\/barra-de-luces-ledriving-fx500-cb-sm\/\" \/>\n<meta property=\"og:locale\" content=\"es_ES\" \/>\n<meta property=\"og:type\" content=\"article\" \/>\n<meta property=\"og:title\" content=\"LEDriving\u00ae LIGHTBAR FX500-CB SM  - Xenonkungen\" \/>\n<meta property=\"og:description\" content=\"En av Osrams st\u00f6rsta LEDramper. Med 1 Lux vid 440 meter!\" \/>\n<meta property=\"og:url\" content=\"https:\/\/xenonkungen.com\/es\/producto\/barra-de-luces-ledriving-fx500-cb-sm\/\" \/>\n<meta property=\"og:site_name\" content=\"Xenonkungen\" \/>\n<meta property=\"article:modified_time\" content=\"2026-04-24T16:40:51+00:00\" \/>\n<meta property=\"og:image\" content=\"https:\/\/xenonkungen.com\/wp-content\/uploads\/2025\/04\/178261779-origpic-1d2b20.jpg\" \/>\n\t<meta property=\"og:image:width\" content=\"760\" \/>\n\t<meta property=\"og:image:height\" content=\"639\" \/>\n\t<meta property=\"og:image:type\" content=\"image\/jpeg\" \/>\n<meta name=\"twitter:card\" content=\"summary_large_image\" \/>\n<meta name=\"twitter:label1\" content=\"Tiempo de lectura\" \/>\n\t<meta name=\"twitter:data1\" content=\"2 minutos\" \/>\n<script type=\"application\/ld+json\" class=\"yoast-schema-graph\">{\"@context\":\"https:\/\/schema.org\",\"@graph\":[{\"@type\":\"WebPage\",\"@id\":\"https:\/\/xenonkungen.com\/produkt\/ledriving-lightbar-fx500-cb-sm\/\",\"url\":\"https:\/\/xenonkungen.com\/produkt\/ledriving-lightbar-fx500-cb-sm\/\",\"name\":\"LEDriving\u00ae LIGHTBAR FX500-CB SM - Xenonkungen\",\"isPartOf\":{\"@id\":\"https:\/\/xenonkungen.com\/#website\"},\"primaryImageOfPage\":{\"@id\":\"https:\/\/xenonkungen.com\/produkt\/ledriving-lightbar-fx500-cb-sm\/#primaryimage\"},\"image\":{\"@id\":\"https:\/\/xenonkungen.com\/produkt\/ledriving-lightbar-fx500-cb-sm\/#primaryimage\"},\"thumbnailUrl\":\"https:\/\/xenonkungen.com\/wp-content\/uploads\/2025\/04\/178261779-origpic-1d2b20.jpg\",\"datePublished\":\"2025-04-15T09:56:07+00:00\",\"dateModified\":\"2026-04-24T16:40:51+00:00\",\"breadcrumb\":{\"@id\":\"https:\/\/xenonkungen.com\/produkt\/ledriving-lightbar-fx500-cb-sm\/#breadcrumb\"},\"inLanguage\":\"es\",\"potentialAction\":[{\"@type\":\"ReadAction\",\"target\":[\"https:\/\/xenonkungen.com\/produkt\/ledriving-lightbar-fx500-cb-sm\/\"]}]},{\"@type\":\"ImageObject\",\"inLanguage\":\"es\",\"@id\":\"https:\/\/xenonkungen.com\/produkt\/ledriving-lightbar-fx500-cb-sm\/#primaryimage\",\"url\":\"https:\/\/xenonkungen.com\/wp-content\/uploads\/2025\/04\/178261779-origpic-1d2b20.jpg\",\"contentUrl\":\"https:\/\/xenonkungen.com\/wp-content\/uploads\/2025\/04\/178261779-origpic-1d2b20.jpg\",\"width\":760,\"height\":639},{\"@type\":\"BreadcrumbList\",\"@id\":\"https:\/\/xenonkungen.com\/produkt\/ledriving-lightbar-fx500-cb-sm\/#breadcrumb\",\"itemListElement\":[{\"@type\":\"ListItem\",\"position\":1,\"name\":\"Hem\",\"item\":\"https:\/\/xenonkungen.com\/\"},{\"@type\":\"ListItem\",\"position\":2,\"name\":\"Shop\",\"item\":\"https:\/\/xenonkungen.com\/shop\/\"},{\"@type\":\"ListItem\",\"position\":3,\"name\":\"LEDriving\u00ae LIGHTBAR FX500-CB SM\"}]},{\"@type\":\"WebSite\",\"@id\":\"https:\/\/xenonkungen.com\/#website\",\"url\":\"https:\/\/xenonkungen.com\/\",\"name\":\"Xenonkungen\",\"description\":\"\",\"potentialAction\":[{\"@type\":\"SearchAction\",\"target\":{\"@type\":\"EntryPoint\",\"urlTemplate\":\"https:\/\/xenonkungen.com\/?s={search_term_string}\"},\"query-input\":{\"@type\":\"PropertyValueSpecification\",\"valueRequired\":true,\"valueName\":\"search_term_string\"}}],\"inLanguage\":\"es\"}]}<\/script>\n<!-- \/ Yoast SEO plugin. -->","yoast_head_json":{"title":"LEDriving\u00ae LIGHTBAR FX500-CB SM - El rey del xen\u00f3n","robots":{"index":"index","follow":"follow","max-snippet":"max-snippet:-1","max-image-preview":"max-image-preview:large","max-video-preview":"max-video-preview:-1"},"canonical":"https:\/\/xenonkungen.com\/es\/producto\/barra-de-luces-ledriving-fx500-cb-sm\/","og_locale":"es_ES","og_type":"article","og_title":"LEDriving\u00ae LIGHTBAR FX500-CB SM  - Xenonkungen","og_description":"En av Osrams st\u00f6rsta LEDramper. Med 1 Lux vid 440 meter!","og_url":"https:\/\/xenonkungen.com\/es\/producto\/barra-de-luces-ledriving-fx500-cb-sm\/","og_site_name":"Xenonkungen","article_modified_time":"2026-04-24T16:40:51+00:00","og_image":[{"width":760,"height":639,"url":"https:\/\/xenonkungen.com\/wp-content\/uploads\/2025\/04\/178261779-origpic-1d2b20.jpg","type":"image\/jpeg"}],"twitter_card":"summary_large_image","twitter_misc":{"Tiempo de lectura":"2 minutos"},"schema":{"@context":"https:\/\/schema.org","@graph":[{"@type":"WebPage","@id":"https:\/\/xenonkungen.com\/produkt\/ledriving-lightbar-fx500-cb-sm\/","url":"https:\/\/xenonkungen.com\/produkt\/ledriving-lightbar-fx500-cb-sm\/","name":"LEDriving\u00ae LIGHTBAR FX500-CB SM - El rey del xen\u00f3n","isPartOf":{"@id":"https:\/\/xenonkungen.com\/#website"},"primaryImageOfPage":{"@id":"https:\/\/xenonkungen.com\/produkt\/ledriving-lightbar-fx500-cb-sm\/#primaryimage"},"image":{"@id":"https:\/\/xenonkungen.com\/produkt\/ledriving-lightbar-fx500-cb-sm\/#primaryimage"},"thumbnailUrl":"https:\/\/xenonkungen.com\/wp-content\/uploads\/2025\/04\/178261779-origpic-1d2b20.jpg","datePublished":"2025-04-15T09:56:07+00:00","dateModified":"2026-04-24T16:40:51+00:00","breadcrumb":{"@id":"https:\/\/xenonkungen.com\/produkt\/ledriving-lightbar-fx500-cb-sm\/#breadcrumb"},"inLanguage":"es","potentialAction":[{"@type":"ReadAction","target":["https:\/\/xenonkungen.com\/produkt\/ledriving-lightbar-fx500-cb-sm\/"]}]},{"@type":"ImageObject","inLanguage":"es","@id":"https:\/\/xenonkungen.com\/produkt\/ledriving-lightbar-fx500-cb-sm\/#primaryimage","url":"https:\/\/xenonkungen.com\/wp-content\/uploads\/2025\/04\/178261779-origpic-1d2b20.jpg","contentUrl":"https:\/\/xenonkungen.com\/wp-content\/uploads\/2025\/04\/178261779-origpic-1d2b20.jpg","width":760,"height":639},{"@type":"BreadcrumbList","@id":"https:\/\/xenonkungen.com\/produkt\/ledriving-lightbar-fx500-cb-sm\/#breadcrumb","itemListElement":[{"@type":"ListItem","position":1,"name":"Hem","item":"https:\/\/xenonkungen.com\/"},{"@type":"ListItem","position":2,"name":"Shop","item":"https:\/\/xenonkungen.com\/shop\/"},{"@type":"ListItem","position":3,"name":"LEDriving\u00ae LIGHTBAR FX500-CB SM"}]},{"@type":"WebSite","@id":"https:\/\/xenonkungen.com\/#website","url":"https:\/\/xenonkungen.com\/","name":"Xenonkungen","description":"","potentialAction":[{"@type":"SearchAction","target":{"@type":"EntryPoint","urlTemplate":"https:\/\/xenonkungen.com\/?s={search_term_string}"},"query-input":{"@type":"PropertyValueSpecification","valueRequired":true,"valueName":"search_term_string"}}],"inLanguage":"es"}]}},"taxonomy_info":{"product_brand":[{"value":108,"label":"OSRAM"}],"product_cat":[{"value":2966,"label":"Ledramp Rak"},{"value":2539,"label":"LEDRAMPER"},{"value":2640,"label":"OSRAM Ledriving Serie"},{"value":2183,"label":"OSRAM LEDriving\u00ae"}],"pa_faktisk-effekts-forbrukning":[{"value":700,"label":"68"}],"pa_fargtemperatur":[{"value":1428,"label":"6000"}],"pa_fuktskydd-varde-ipxx":[{"value":333,"label":"IP67"}],"pa_godkannande":[{"value":1933,"label":"R10 R112"}],"pa_ljusbild":[{"value":804,"label":"Combo"}],"pa_storlek-mm":[{"value":1932,"label":"564x93,5x77"}],"pa_volt-v":[{"value":348,"label":"12, 24"}]},"featured_image_src_large":["https:\/\/xenonkungen.com\/wp-content\/uploads\/2025\/04\/178261779-origpic-1d2b20.jpg",760,639,false],"author_info":[],"comment_info":0,"_links":{"self":[{"href":"https:\/\/xenonkungen.com\/es\/wp-json\/wp\/v2\/product\/7479","targetHints":{"allow":["GET"]}}],"collection":[{"href":"https:\/\/xenonkungen.com\/es\/wp-json\/wp\/v2\/product"}],"about":[{"href":"https:\/\/xenonkungen.com\/es\/wp-json\/wp\/v2\/types\/product"}],"replies":[{"embeddable":true,"href":"https:\/\/xenonkungen.com\/es\/wp-json\/wp\/v2\/comments?post=7479"}],"wp:featuredmedia":[{"embeddable":true,"href":"https:\/\/xenonkungen.com\/es\/wp-json\/wp\/v2\/media\/7480"}],"wp:attachment":[{"href":"https:\/\/xenonkungen.com\/es\/wp-json\/wp\/v2\/media?parent=7479"}],"wp:term":[{"taxonomy":"anvandningsomrade","embeddable":true,"href":"https:\/\/xenonkungen.com\/es\/wp-json\/wp\/v2\/anvandningsomrade?post=7479"},{"taxonomy":"bilmarken","embeddable":true,"href":"https:\/\/xenonkungen.com\/es\/wp-json\/wp\/v2\/bilmarken?post=7479"},{"taxonomy":"product_brand","embeddable":true,"href":"https:\/\/xenonkungen.com\/es\/wp-json\/wp\/v2\/product_brand?post=7479"},{"taxonomy":"product_cat","embeddable":true,"href":"https:\/\/xenonkungen.com\/es\/wp-json\/wp\/v2\/product_cat?post=7479"},{"taxonomy":"product_tag","embeddable":true,"href":"https:\/\/xenonkungen.com\/es\/wp-json\/wp\/v2\/product_tag?post=7479"}],"curies":[{"name":"wp","href":"https:\/\/api.w.org\/{rel}","templated":true}]}}