{"id":7481,"date":"2025-04-15T09:56:07","date_gmt":"2025-04-15T09:56:07","guid":{"rendered":"https:\/\/xenonkungen.com\/product\/osram-ledriving-ledramp-fx500-spot\/"},"modified":"2026-04-21T15:11:06","modified_gmt":"2026-04-21T14:11:06","slug":"foco-osram-ledriving-ledramp-fx500","status":"publish","type":"product","link":"https:\/\/xenonkungen.com\/es\/producto\/foco-osram-ledriving-ledramp-fx500\/","title":{"rendered":"OSRAM LEDriving\u00ae Foco LEDramp FX500 <56cm>"},"content":{"rendered":"<p>\u00a1Ya est\u00e1 aqu\u00ed la nueva serie de tiras LED de Osram!<\/p>\n<p>La iluminaci\u00f3n auxiliar LED mejora el placer de conducir.<br \/>\nIluminaci\u00f3n mejorada a larga distancia en caminos rurales oscuros y de grava: esto no supone ning\u00fan problema para la barra de luces LEDriving FX500-SP. Sus 20 LED de alto rendimiento y gran intensidad proporcionan al faro un alcance lum\u00ednico de hasta 450 metros, garantizando as\u00ed una mayor seguridad vial para los conductores.<br \/>\nIncluso al atardecer o en condiciones de iluminaci\u00f3n reducida, las rampas LED para coches proporcionan una iluminaci\u00f3n similar a la luz del d\u00eda con una temperatura de color de 6000 Kelvin, sin deslumbrar innecesariamente a los veh\u00edculos que circulan en sentido contrario. El dise\u00f1o inteligente del reflector dirige la luz de los LED de forma que los veh\u00edculos que se aproximan solo reciben luz indirectamente. La luz se distribuye uniformemente en un \u00e1ngulo de cinco grados.<\/p>\n<p>Robusto, duradero y vers\u00e1til.<br \/>\nYa sea como luz de trabajo LED o como luz de carretera adicional para el coche, el potente rendimiento y la larga vida \u00fatil de la barra de luces LEDriving FX500-SP la convierten en una excelente opci\u00f3n. Dise\u00f1ada para una amplia gama de usos, resiste las inclemencias del tiempo y es especialmente robusta gracias a la calidad de sus materiales y a sus resistentes lentes de policarbonato.<br \/>\nEl controlador integrado y el sistema de gesti\u00f3n t\u00e9rmica regulan la temperatura de la tira LED y evitan da\u00f1os por sobrecalentamiento. La protecci\u00f3n total contra inversi\u00f3n de polaridad garantiza que los LED se apaguen autom\u00e1ticamente en caso de sobretensi\u00f3n.<\/p>\n<p>Brillo para m\u00faltiples usos.<br \/>\nLa barra de luces LEDriving FX500-SP ofrece diversi\u00f3n asegurada tanto dentro como fuera de la carretera. Su iluminaci\u00f3n auxiliar LED, homologada ECE, proporciona mayor visibilidad y, por lo tanto, mejora la seguridad vial. Adem\u00e1s, le da un toque elegante que realza el estilo todoterreno del veh\u00edculo.<br \/>\nEl faro LED se puede montar en numerosos veh\u00edculos de 12 V, as\u00ed como en maquinaria agr\u00edcola, veh\u00edculos comerciales, veh\u00edculos recreativos, todoterreno y 4x4. Ofrece una potente luminosidad de 4700 l\u00famenes, la m\u00e1xima eficiencia \u00f3ptica y una distribuci\u00f3n de luz homog\u00e9nea con m\u00ednimo deslumbramiento.<\/p>\n<p><strong>Foco<\/strong> tiene una luz direccional que permite que la luz llegue lo m\u00e1s lejos posible.<\/p>","protected":false},"excerpt":{"rendered":"<p>Osrams nya serie med LED-ramper \u00e4r h\u00e4r! LED-extrabelysning f\u00f6rb\u00e4ttrar k\u00f6rgl\u00e4dje. F\u00f6rb\u00e4ttrad fj\u00e4rrbelysning p\u00e5 m\u00f6rka landsbygds- och grusv\u00e4gar &#8211; det \u00e4r inga problem f\u00f6r LEDriving Lightbar FX500-SP. De 20 intensiva, h\u00f6gpresterande lysdioderna ger LED-str\u00e5lkastaren ett ljusavst\u00e5nd upp till 450 meter och s\u00e4kerst\u00e4ller f\u00f6rb\u00e4ttrad trafiks\u00e4kerhet f\u00f6r f\u00f6rarna. Till och med i skymningen eller under komprometterade belysningsf\u00f6rh\u00e5llanden ger [&hellip;]<\/p>","protected":false},"featured_media":7482,"comment_status":"closed","ping_status":"closed","template":"","meta":{"_acf_changed":false,"_smort_price_nok":"1061","_smort_price_dkk":"2361","_smort_price_eur":"316.35","_smort_sale_price_nok":"1061","_smort_sale_price_dkk":"","_smort_sale_price_eur":"173.99","smort_restorder":"","shipmondo_restorder":"","_kad_blocks_custom_css":"","_kad_blocks_head_custom_js":"","_kad_blocks_body_custom_js":"","_kad_blocks_footer_custom_js":"","smort_custom_pricelist_1":"2227.2","smort_custom_pricelist_2":"2227.2","smort_custom_pricelist_3":"2115.84","smort_custom_pricelist_4":"2784","smort_custom_pricelist_5":"2227.2"},"anvandningsomrade":[],"bilmarken":[],"product_brand":[108],"product_cat":[2966,2539,2640,2183],"product_tag":[],"class_list":{"0":"post-7481","1":"product","2":"type-product","3":"status-publish","4":"has-post-thumbnail","6":"product_brand-osram","7":"product_cat-ledramp-rak","8":"product_cat-ledramper","9":"product_cat-osram-ledriving-ledramper","10":"product_cat-osram-ledriving","11":"pa_faktisk-effekts-forbrukning-847","12":"pa_fuktskydd-varde-ipxx-ip67","13":"pa_godkannande-r10","14":"pa_ljusbild-spot","15":"pa_storlek-mm-564x77x94","16":"pa_volt-v-9-30","18":"first","19":"instock","20":"taxable","21":"shipping-taxable","22":"purchasable","23":"product-type-simple"},"bundled_by":[],"bundle_stock_status":"instock","bundle_stock_quantity":6,"bundle_virtual":false,"bundle_layout":"","bundle_add_to_cart_form_location":"","bundle_editable_in_cart":false,"bundle_sold_individually_context":"","bundle_item_grouping":"","bundle_min_size":"","bundle_max_size":"","bundle_price":[],"bundled_items":[],"bundle_sell_ids":[],"acf":[],"yoast_head":"<!-- This site is optimized with the Yoast SEO plugin v27.0 - https:\/\/yoast.com\/product\/yoast-seo-wordpress\/ -->\n<title>OSRAM LEDriving\u00ae LEDramp FX500 Spot  - Xenonkungen<\/title>\n<meta name=\"robots\" content=\"index, follow, max-snippet:-1, max-image-preview:large, max-video-preview:-1\" \/>\n<link rel=\"canonical\" href=\"https:\/\/xenonkungen.com\/es\/producto\/foco-osram-ledriving-ledramp-fx500\/\" \/>\n<meta property=\"og:locale\" content=\"es_ES\" \/>\n<meta property=\"og:type\" content=\"article\" \/>\n<meta property=\"og:title\" content=\"OSRAM LEDriving\u00ae LEDramp FX500 Spot  - Xenonkungen\" \/>\n<meta property=\"og:description\" content=\"Osrams nya serie med LED-ramper \u00e4r h\u00e4r! LED-extrabelysning f\u00f6rb\u00e4ttrar k\u00f6rgl\u00e4dje. F\u00f6rb\u00e4ttrad fj\u00e4rrbelysning p\u00e5 m\u00f6rka landsbygds- och grusv\u00e4gar &#8211; det \u00e4r inga problem f\u00f6r LEDriving Lightbar FX500-SP. De 20 intensiva, h\u00f6gpresterande lysdioderna ger LED-str\u00e5lkastaren ett ljusavst\u00e5nd upp till 450 meter och s\u00e4kerst\u00e4ller f\u00f6rb\u00e4ttrad trafiks\u00e4kerhet f\u00f6r f\u00f6rarna. Till och med i skymningen eller under komprometterade belysningsf\u00f6rh\u00e5llanden ger [&hellip;]\" \/>\n<meta property=\"og:url\" content=\"https:\/\/xenonkungen.com\/es\/producto\/foco-osram-ledriving-ledramp-fx500\/\" \/>\n<meta property=\"og:site_name\" content=\"Xenonkungen\" \/>\n<meta property=\"article:modified_time\" content=\"2026-04-21T14:11:06+00:00\" \/>\n<meta property=\"og:image\" content=\"https:\/\/xenonkungen.com\/wp-content\/uploads\/2025\/04\/163018301-origpic-c80a7d.png\" \/>\n\t<meta property=\"og:image:width\" content=\"1000\" \/>\n\t<meta property=\"og:image:height\" content=\"725\" \/>\n\t<meta property=\"og:image:type\" content=\"image\/png\" \/>\n<meta name=\"twitter:card\" content=\"summary_large_image\" \/>\n<meta name=\"twitter:label1\" content=\"Tiempo de lectura\" \/>\n\t<meta name=\"twitter:data1\" content=\"2 minutos\" \/>\n<script type=\"application\/ld+json\" class=\"yoast-schema-graph\">{\"@context\":\"https:\/\/schema.org\",\"@graph\":[{\"@type\":\"WebPage\",\"@id\":\"https:\/\/xenonkungen.com\/produkt\/osram-ledriving-ledramp-fx500-spot\/\",\"url\":\"https:\/\/xenonkungen.com\/produkt\/osram-ledriving-ledramp-fx500-spot\/\",\"name\":\"OSRAM LEDriving\u00ae LEDramp FX500 Spot - Xenonkungen\",\"isPartOf\":{\"@id\":\"https:\/\/xenonkungen.com\/#website\"},\"primaryImageOfPage\":{\"@id\":\"https:\/\/xenonkungen.com\/produkt\/osram-ledriving-ledramp-fx500-spot\/#primaryimage\"},\"image\":{\"@id\":\"https:\/\/xenonkungen.com\/produkt\/osram-ledriving-ledramp-fx500-spot\/#primaryimage\"},\"thumbnailUrl\":\"https:\/\/xenonkungen.com\/wp-content\/uploads\/2025\/04\/163018301-origpic-c80a7d.png\",\"datePublished\":\"2025-04-15T09:56:07+00:00\",\"dateModified\":\"2026-04-21T14:11:06+00:00\",\"breadcrumb\":{\"@id\":\"https:\/\/xenonkungen.com\/produkt\/osram-ledriving-ledramp-fx500-spot\/#breadcrumb\"},\"inLanguage\":\"es\",\"potentialAction\":[{\"@type\":\"ReadAction\",\"target\":[\"https:\/\/xenonkungen.com\/produkt\/osram-ledriving-ledramp-fx500-spot\/\"]}]},{\"@type\":\"ImageObject\",\"inLanguage\":\"es\",\"@id\":\"https:\/\/xenonkungen.com\/produkt\/osram-ledriving-ledramp-fx500-spot\/#primaryimage\",\"url\":\"https:\/\/xenonkungen.com\/wp-content\/uploads\/2025\/04\/163018301-origpic-c80a7d.png\",\"contentUrl\":\"https:\/\/xenonkungen.com\/wp-content\/uploads\/2025\/04\/163018301-origpic-c80a7d.png\",\"width\":1000,\"height\":725},{\"@type\":\"BreadcrumbList\",\"@id\":\"https:\/\/xenonkungen.com\/produkt\/osram-ledriving-ledramp-fx500-spot\/#breadcrumb\",\"itemListElement\":[{\"@type\":\"ListItem\",\"position\":1,\"name\":\"Hem\",\"item\":\"https:\/\/xenonkungen.com\/\"},{\"@type\":\"ListItem\",\"position\":2,\"name\":\"Shop\",\"item\":\"https:\/\/xenonkungen.com\/shop\/\"},{\"@type\":\"ListItem\",\"position\":3,\"name\":\"OSRAM LEDriving\u00ae LEDramp FX500 Spot\"}]},{\"@type\":\"WebSite\",\"@id\":\"https:\/\/xenonkungen.com\/#website\",\"url\":\"https:\/\/xenonkungen.com\/\",\"name\":\"Xenonkungen\",\"description\":\"\",\"potentialAction\":[{\"@type\":\"SearchAction\",\"target\":{\"@type\":\"EntryPoint\",\"urlTemplate\":\"https:\/\/xenonkungen.com\/?s={search_term_string}\"},\"query-input\":{\"@type\":\"PropertyValueSpecification\",\"valueRequired\":true,\"valueName\":\"search_term_string\"}}],\"inLanguage\":\"es\"}]}<\/script>\n<!-- \/ Yoast SEO plugin. -->","yoast_head_json":{"title":"OSRAM LEDriving\u00ae LEDramp FX500 Spot - El rey del xen\u00f3n","robots":{"index":"index","follow":"follow","max-snippet":"max-snippet:-1","max-image-preview":"max-image-preview:large","max-video-preview":"max-video-preview:-1"},"canonical":"https:\/\/xenonkungen.com\/es\/producto\/foco-osram-ledriving-ledramp-fx500\/","og_locale":"es_ES","og_type":"article","og_title":"OSRAM LEDriving\u00ae LEDramp FX500 Spot  - Xenonkungen","og_description":"Osrams nya serie med LED-ramper \u00e4r h\u00e4r! LED-extrabelysning f\u00f6rb\u00e4ttrar k\u00f6rgl\u00e4dje. F\u00f6rb\u00e4ttrad fj\u00e4rrbelysning p\u00e5 m\u00f6rka landsbygds- och grusv\u00e4gar &#8211; det \u00e4r inga problem f\u00f6r LEDriving Lightbar FX500-SP. De 20 intensiva, h\u00f6gpresterande lysdioderna ger LED-str\u00e5lkastaren ett ljusavst\u00e5nd upp till 450 meter och s\u00e4kerst\u00e4ller f\u00f6rb\u00e4ttrad trafiks\u00e4kerhet f\u00f6r f\u00f6rarna. Till och med i skymningen eller under komprometterade belysningsf\u00f6rh\u00e5llanden ger [&hellip;]","og_url":"https:\/\/xenonkungen.com\/es\/producto\/foco-osram-ledriving-ledramp-fx500\/","og_site_name":"Xenonkungen","article_modified_time":"2026-04-21T14:11:06+00:00","og_image":[{"width":1000,"height":725,"url":"https:\/\/xenonkungen.com\/wp-content\/uploads\/2025\/04\/163018301-origpic-c80a7d.png","type":"image\/png"}],"twitter_card":"summary_large_image","twitter_misc":{"Tiempo de lectura":"2 minutos"},"schema":{"@context":"https:\/\/schema.org","@graph":[{"@type":"WebPage","@id":"https:\/\/xenonkungen.com\/produkt\/osram-ledriving-ledramp-fx500-spot\/","url":"https:\/\/xenonkungen.com\/produkt\/osram-ledriving-ledramp-fx500-spot\/","name":"OSRAM LEDriving\u00ae LEDramp FX500 Spot - El rey del xen\u00f3n","isPartOf":{"@id":"https:\/\/xenonkungen.com\/#website"},"primaryImageOfPage":{"@id":"https:\/\/xenonkungen.com\/produkt\/osram-ledriving-ledramp-fx500-spot\/#primaryimage"},"image":{"@id":"https:\/\/xenonkungen.com\/produkt\/osram-ledriving-ledramp-fx500-spot\/#primaryimage"},"thumbnailUrl":"https:\/\/xenonkungen.com\/wp-content\/uploads\/2025\/04\/163018301-origpic-c80a7d.png","datePublished":"2025-04-15T09:56:07+00:00","dateModified":"2026-04-21T14:11:06+00:00","breadcrumb":{"@id":"https:\/\/xenonkungen.com\/produkt\/osram-ledriving-ledramp-fx500-spot\/#breadcrumb"},"inLanguage":"es","potentialAction":[{"@type":"ReadAction","target":["https:\/\/xenonkungen.com\/produkt\/osram-ledriving-ledramp-fx500-spot\/"]}]},{"@type":"ImageObject","inLanguage":"es","@id":"https:\/\/xenonkungen.com\/produkt\/osram-ledriving-ledramp-fx500-spot\/#primaryimage","url":"https:\/\/xenonkungen.com\/wp-content\/uploads\/2025\/04\/163018301-origpic-c80a7d.png","contentUrl":"https:\/\/xenonkungen.com\/wp-content\/uploads\/2025\/04\/163018301-origpic-c80a7d.png","width":1000,"height":725},{"@type":"BreadcrumbList","@id":"https:\/\/xenonkungen.com\/produkt\/osram-ledriving-ledramp-fx500-spot\/#breadcrumb","itemListElement":[{"@type":"ListItem","position":1,"name":"Hem","item":"https:\/\/xenonkungen.com\/"},{"@type":"ListItem","position":2,"name":"Shop","item":"https:\/\/xenonkungen.com\/shop\/"},{"@type":"ListItem","position":3,"name":"OSRAM LEDriving\u00ae LEDramp FX500 Spot"}]},{"@type":"WebSite","@id":"https:\/\/xenonkungen.com\/#website","url":"https:\/\/xenonkungen.com\/","name":"Xenonkungen","description":"","potentialAction":[{"@type":"SearchAction","target":{"@type":"EntryPoint","urlTemplate":"https:\/\/xenonkungen.com\/?s={search_term_string}"},"query-input":{"@type":"PropertyValueSpecification","valueRequired":true,"valueName":"search_term_string"}}],"inLanguage":"es"}]}},"taxonomy_info":{"product_brand":[{"value":108,"label":"OSRAM"}],"product_cat":[{"value":2966,"label":"Ledramp Rak"},{"value":2539,"label":"LEDRAMPER"},{"value":2640,"label":"OSRAM Ledriving Serie"},{"value":2183,"label":"OSRAM LEDriving\u00ae"}],"pa_faktisk-effekts-forbrukning":[{"value":847,"label":"35"}],"pa_fuktskydd-varde-ipxx":[{"value":333,"label":"IP67"}],"pa_godkannande":[{"value":184,"label":"R10"}],"pa_ljusbild":[{"value":1177,"label":"Spot"}],"pa_storlek-mm":[{"value":1934,"label":"564x77x94"}],"pa_volt-v":[{"value":1538,"label":"9-30"}]},"featured_image_src_large":["https:\/\/xenonkungen.com\/wp-content\/uploads\/2025\/04\/163018301-origpic-c80a7d.png",1000,725,false],"author_info":[],"comment_info":0,"_links":{"self":[{"href":"https:\/\/xenonkungen.com\/es\/wp-json\/wp\/v2\/product\/7481","targetHints":{"allow":["GET"]}}],"collection":[{"href":"https:\/\/xenonkungen.com\/es\/wp-json\/wp\/v2\/product"}],"about":[{"href":"https:\/\/xenonkungen.com\/es\/wp-json\/wp\/v2\/types\/product"}],"replies":[{"embeddable":true,"href":"https:\/\/xenonkungen.com\/es\/wp-json\/wp\/v2\/comments?post=7481"}],"wp:featuredmedia":[{"embeddable":true,"href":"https:\/\/xenonkungen.com\/es\/wp-json\/wp\/v2\/media\/7482"}],"wp:attachment":[{"href":"https:\/\/xenonkungen.com\/es\/wp-json\/wp\/v2\/media?parent=7481"}],"wp:term":[{"taxonomy":"anvandningsomrade","embeddable":true,"href":"https:\/\/xenonkungen.com\/es\/wp-json\/wp\/v2\/anvandningsomrade?post=7481"},{"taxonomy":"bilmarken","embeddable":true,"href":"https:\/\/xenonkungen.com\/es\/wp-json\/wp\/v2\/bilmarken?post=7481"},{"taxonomy":"product_brand","embeddable":true,"href":"https:\/\/xenonkungen.com\/es\/wp-json\/wp\/v2\/product_brand?post=7481"},{"taxonomy":"product_cat","embeddable":true,"href":"https:\/\/xenonkungen.com\/es\/wp-json\/wp\/v2\/product_cat?post=7481"},{"taxonomy":"product_tag","embeddable":true,"href":"https:\/\/xenonkungen.com\/es\/wp-json\/wp\/v2\/product_tag?post=7481"}],"curies":[{"name":"wp","href":"https:\/\/api.w.org\/{rel}","templated":true}]}}