{"id":7495,"date":"2025-04-15T09:56:07","date_gmt":"2025-04-15T09:56:07","guid":{"rendered":"https:\/\/xenonkungen.com\/product\/ledriving-ledramp-sx300-cb\/"},"modified":"2026-03-25T14:30:19","modified_gmt":"2026-03-25T13:30:19","slug":"rampa-led-para-conduccion-sx300-cb","status":"publish","type":"product","link":"https:\/\/xenonkungen.com\/es\/producto\/rampa-led-para-conduccion-sx300-cb\/","title":{"rendered":"LEDriving\u00ae Rampa LED SX300-CB <35cm>"},"content":{"rendered":"<p>Ilumina tu vida con las luces de trabajo y conducci\u00f3n LEDriving de OSRAM<br \/>La barra de luces LEDriving SX300-CB de OSRAM ilumina los oscuros caminos rurales y pistas forestales. <\/p>\n<p>Con 12 potentes LEDs de larga duraci\u00f3n y alto rendimiento, la OSRAM LEDriving Lightbar SX300-CB tiene un alcance de hasta 210 metros y proporciona a los conductores un mont\u00f3n de advertencias tanto en carretera como fuera de ella. Incluso en condiciones de poca luz, la OSRAM LEDriving Lightbar SX300-CB proporciona un ambiente similar a la luz del d\u00eda gracias a una temperatura de color de hasta 6.000 Kelvin. El intenso flujo luminoso de hasta 2.600 l\u00famenes se combina con una eficiencia \u00f3ptica muy alta y una distribuci\u00f3n uniforme de la luz. Esto le permite ver mejor y que su veh\u00edculo sea percibido m\u00e1s f\u00e1cilmente por otros usuarios de la carretera, contribuyendo a una mayor seguridad vial tanto en carretera como fuera de ella.<\/p>\n<p>\u00bfEn la carretera o fuera de ella? La OSRAM LEDriving Lightbar SX300-CB impresiona por su potente rendimiento y su larga vida \u00fatil de hasta 5.000 horas. Gracias a sus materiales de alta calidad, como la carcasa de aluminio y la robusta lente de policarbonato, esta vers\u00e1til barra de luces es ligera y resistente a la vez. La OSRAM LEDriving Lightbar SX300-CB ha sido probada en nuestro laboratorio de simulaci\u00f3n medioambiental con certificaci\u00f3n DIN para condiciones externas extremas como agua, polvo, golpes, altas y bajas temperaturas y vibraciones permanentes y validada con la clase de protecci\u00f3n IP69K. Una unidad de accionamiento integrada y un sistema de gesti\u00f3n t\u00e9rmica regulan la temperatura de la LED Lightbar y evitan da\u00f1os causados por sobrecalentamiento. La protecci\u00f3n de polaridad evita la polaridad incorrecta en la fuente de alimentaci\u00f3n y previene posibles da\u00f1os mediante la desconexi\u00f3n autom\u00e1tica de los LED. <br \/>\u00bfEn carretera o fuera de ella? La barra de luces LEDriving SX300-CB de OSRAM es una actualizaci\u00f3n eficaz para su veh\u00edculo. Las luces de conducci\u00f3n LED con certificaci\u00f3n ECE no requieren ning\u00fan nuevo registro y ninguna adici\u00f3n a la documentaci\u00f3n del veh\u00edculo.<br \/>N\u00famero de referencia CEPE: 10<\/p>\n<p>La barra de luces LEDriving SX300-CB de OSRAM se puede montar en coches, camiones, maquinaria agr\u00edcola, veh\u00edculos utilitarios, veh\u00edculos de construcci\u00f3n, maquinaria forestal, caravanas, veh\u00edculos todoterreno y quads.<br \/>La barra de luces LEDriving SX300-CB de OSRAM es vers\u00e1til y flexible.<\/p>","protected":false},"excerpt":{"rendered":"<p>Ledramp flexible de Osram. Perfectamente adecuado para su instalaci\u00f3n en el interior de la parrilla.<\/p>","protected":false},"featured_media":7496,"comment_status":"closed","ping_status":"open","template":"","meta":{"_acf_changed":false,"_smort_price_nok":"2489","_smort_price_dkk":"1581","_smort_price_eur":"211.81","_smort_sale_price_nok":"","_smort_sale_price_dkk":"","_smort_sale_price_eur":"","smort_restorder":"","shipmondo_restorder":"","_kad_blocks_custom_css":"","_kad_blocks_head_custom_js":"","_kad_blocks_body_custom_js":"","_kad_blocks_footer_custom_js":"","smort_custom_pricelist_1":"1491.2","smort_custom_pricelist_2":"1491.2","smort_custom_pricelist_3":"1416.64","smort_custom_pricelist_4":"1864","smort_custom_pricelist_5":"1491.2"},"anvandningsomrade":[],"bilmarken":[],"product_brand":[108],"product_cat":[2966,2539,2640,2183],"product_tag":[],"class_list":{"0":"post-7495","1":"product","2":"type-product","3":"status-publish","4":"has-post-thumbnail","6":"product_brand-osram","7":"product_cat-ledramp-rak","8":"product_cat-ledramper","9":"product_cat-osram-ledriving-ledramper","10":"product_cat-osram-ledriving","11":"pa_faktisk-effekts-forbrukning-1937","12":"pa_fargtemperatur-1428","13":"pa_fuktskydd-varde-ipxx-ip69k","14":"pa_godkannande-r10-r112","15":"pa_ljusbild-combo","16":"pa_storlek-mm-350x615x38","17":"pa_volt-v-12-24","19":"first","20":"instock","21":"taxable","22":"shipping-taxable","23":"purchasable","24":"product-type-simple"},"bundled_by":[],"bundle_stock_status":"instock","bundle_stock_quantity":1,"bundle_virtual":false,"bundle_layout":"","bundle_add_to_cart_form_location":"","bundle_editable_in_cart":false,"bundle_sold_individually_context":"","bundle_item_grouping":"","bundle_min_size":"","bundle_max_size":"","bundle_price":[],"bundled_items":[],"bundle_sell_ids":[],"acf":[],"yoast_head":"<!-- This site is optimized with the Yoast SEO plugin v27.0 - https:\/\/yoast.com\/product\/yoast-seo-wordpress\/ -->\n<title>LEDriving\u00ae LEDramp SX300-CB  - Xenonkungen<\/title>\n<meta name=\"robots\" content=\"index, follow, max-snippet:-1, max-image-preview:large, max-video-preview:-1\" \/>\n<link rel=\"canonical\" href=\"https:\/\/xenonkungen.com\/es\/producto\/rampa-led-para-conduccion-sx300-cb\/\" \/>\n<meta property=\"og:locale\" content=\"es_ES\" \/>\n<meta property=\"og:type\" content=\"article\" \/>\n<meta property=\"og:title\" content=\"LEDriving\u00ae LEDramp SX300-CB  - Xenonkungen\" \/>\n<meta property=\"og:description\" content=\"Smidig Ledramp fr\u00e5n Osram. Passar perfekt f\u00f6r byggas in innanf\u00f6r grillen.\" \/>\n<meta property=\"og:url\" content=\"https:\/\/xenonkungen.com\/es\/producto\/rampa-led-para-conduccion-sx300-cb\/\" \/>\n<meta property=\"og:site_name\" content=\"Xenonkungen\" \/>\n<meta property=\"article:modified_time\" content=\"2026-03-25T13:30:19+00:00\" \/>\n<meta property=\"og:image\" content=\"https:\/\/xenonkungen.com\/wp-content\/uploads\/2025\/04\/178262089-origpic-b00fff.jpg\" \/>\n\t<meta property=\"og:image:width\" content=\"900\" \/>\n\t<meta property=\"og:image:height\" content=\"552\" \/>\n\t<meta property=\"og:image:type\" content=\"image\/jpeg\" \/>\n<meta name=\"twitter:card\" content=\"summary_large_image\" \/>\n<meta name=\"twitter:label1\" content=\"Tiempo de lectura\" \/>\n\t<meta name=\"twitter:data1\" content=\"2 minutos\" \/>\n<script type=\"application\/ld+json\" class=\"yoast-schema-graph\">{\"@context\":\"https:\/\/schema.org\",\"@graph\":[{\"@type\":\"WebPage\",\"@id\":\"https:\/\/xenonkungen.com\/produkt\/ledriving-ledramp-sx300-cb\/\",\"url\":\"https:\/\/xenonkungen.com\/produkt\/ledriving-ledramp-sx300-cb\/\",\"name\":\"LEDriving\u00ae LEDramp SX300-CB - Xenonkungen\",\"isPartOf\":{\"@id\":\"https:\/\/xenonkungen.com\/#website\"},\"primaryImageOfPage\":{\"@id\":\"https:\/\/xenonkungen.com\/produkt\/ledriving-ledramp-sx300-cb\/#primaryimage\"},\"image\":{\"@id\":\"https:\/\/xenonkungen.com\/produkt\/ledriving-ledramp-sx300-cb\/#primaryimage\"},\"thumbnailUrl\":\"https:\/\/xenonkungen.com\/wp-content\/uploads\/2025\/04\/178262089-origpic-b00fff.jpg\",\"datePublished\":\"2025-04-15T09:56:07+00:00\",\"dateModified\":\"2026-03-25T13:30:19+00:00\",\"breadcrumb\":{\"@id\":\"https:\/\/xenonkungen.com\/produkt\/ledriving-ledramp-sx300-cb\/#breadcrumb\"},\"inLanguage\":\"es\",\"potentialAction\":[{\"@type\":\"ReadAction\",\"target\":[\"https:\/\/xenonkungen.com\/produkt\/ledriving-ledramp-sx300-cb\/\"]}]},{\"@type\":\"ImageObject\",\"inLanguage\":\"es\",\"@id\":\"https:\/\/xenonkungen.com\/produkt\/ledriving-ledramp-sx300-cb\/#primaryimage\",\"url\":\"https:\/\/xenonkungen.com\/wp-content\/uploads\/2025\/04\/178262089-origpic-b00fff.jpg\",\"contentUrl\":\"https:\/\/xenonkungen.com\/wp-content\/uploads\/2025\/04\/178262089-origpic-b00fff.jpg\",\"width\":900,\"height\":552},{\"@type\":\"BreadcrumbList\",\"@id\":\"https:\/\/xenonkungen.com\/produkt\/ledriving-ledramp-sx300-cb\/#breadcrumb\",\"itemListElement\":[{\"@type\":\"ListItem\",\"position\":1,\"name\":\"Hem\",\"item\":\"https:\/\/xenonkungen.com\/\"},{\"@type\":\"ListItem\",\"position\":2,\"name\":\"Shop\",\"item\":\"https:\/\/xenonkungen.com\/shop\/\"},{\"@type\":\"ListItem\",\"position\":3,\"name\":\"LEDriving\u00ae LEDramp SX300-CB\"}]},{\"@type\":\"WebSite\",\"@id\":\"https:\/\/xenonkungen.com\/#website\",\"url\":\"https:\/\/xenonkungen.com\/\",\"name\":\"Xenonkungen\",\"description\":\"\",\"potentialAction\":[{\"@type\":\"SearchAction\",\"target\":{\"@type\":\"EntryPoint\",\"urlTemplate\":\"https:\/\/xenonkungen.com\/?s={search_term_string}\"},\"query-input\":{\"@type\":\"PropertyValueSpecification\",\"valueRequired\":true,\"valueName\":\"search_term_string\"}}],\"inLanguage\":\"es\"}]}<\/script>\n<!-- \/ Yoast SEO plugin. -->","yoast_head_json":{"title":"LEDriving\u00ae LEDramp SX300-CB - El rey del xen\u00f3n","robots":{"index":"index","follow":"follow","max-snippet":"max-snippet:-1","max-image-preview":"max-image-preview:large","max-video-preview":"max-video-preview:-1"},"canonical":"https:\/\/xenonkungen.com\/es\/producto\/rampa-led-para-conduccion-sx300-cb\/","og_locale":"es_ES","og_type":"article","og_title":"LEDriving\u00ae LEDramp SX300-CB  - Xenonkungen","og_description":"Smidig Ledramp fr\u00e5n Osram. Passar perfekt f\u00f6r byggas in innanf\u00f6r grillen.","og_url":"https:\/\/xenonkungen.com\/es\/producto\/rampa-led-para-conduccion-sx300-cb\/","og_site_name":"Xenonkungen","article_modified_time":"2026-03-25T13:30:19+00:00","og_image":[{"width":900,"height":552,"url":"https:\/\/xenonkungen.com\/wp-content\/uploads\/2025\/04\/178262089-origpic-b00fff.jpg","type":"image\/jpeg"}],"twitter_card":"summary_large_image","twitter_misc":{"Tiempo de lectura":"2 minutos"},"schema":{"@context":"https:\/\/schema.org","@graph":[{"@type":"WebPage","@id":"https:\/\/xenonkungen.com\/produkt\/ledriving-ledramp-sx300-cb\/","url":"https:\/\/xenonkungen.com\/produkt\/ledriving-ledramp-sx300-cb\/","name":"LEDriving\u00ae LEDramp SX300-CB - El rey del xen\u00f3n","isPartOf":{"@id":"https:\/\/xenonkungen.com\/#website"},"primaryImageOfPage":{"@id":"https:\/\/xenonkungen.com\/produkt\/ledriving-ledramp-sx300-cb\/#primaryimage"},"image":{"@id":"https:\/\/xenonkungen.com\/produkt\/ledriving-ledramp-sx300-cb\/#primaryimage"},"thumbnailUrl":"https:\/\/xenonkungen.com\/wp-content\/uploads\/2025\/04\/178262089-origpic-b00fff.jpg","datePublished":"2025-04-15T09:56:07+00:00","dateModified":"2026-03-25T13:30:19+00:00","breadcrumb":{"@id":"https:\/\/xenonkungen.com\/produkt\/ledriving-ledramp-sx300-cb\/#breadcrumb"},"inLanguage":"es","potentialAction":[{"@type":"ReadAction","target":["https:\/\/xenonkungen.com\/produkt\/ledriving-ledramp-sx300-cb\/"]}]},{"@type":"ImageObject","inLanguage":"es","@id":"https:\/\/xenonkungen.com\/produkt\/ledriving-ledramp-sx300-cb\/#primaryimage","url":"https:\/\/xenonkungen.com\/wp-content\/uploads\/2025\/04\/178262089-origpic-b00fff.jpg","contentUrl":"https:\/\/xenonkungen.com\/wp-content\/uploads\/2025\/04\/178262089-origpic-b00fff.jpg","width":900,"height":552},{"@type":"BreadcrumbList","@id":"https:\/\/xenonkungen.com\/produkt\/ledriving-ledramp-sx300-cb\/#breadcrumb","itemListElement":[{"@type":"ListItem","position":1,"name":"Hem","item":"https:\/\/xenonkungen.com\/"},{"@type":"ListItem","position":2,"name":"Shop","item":"https:\/\/xenonkungen.com\/shop\/"},{"@type":"ListItem","position":3,"name":"LEDriving\u00ae LEDramp SX300-CB"}]},{"@type":"WebSite","@id":"https:\/\/xenonkungen.com\/#website","url":"https:\/\/xenonkungen.com\/","name":"Xenonkungen","description":"","potentialAction":[{"@type":"SearchAction","target":{"@type":"EntryPoint","urlTemplate":"https:\/\/xenonkungen.com\/?s={search_term_string}"},"query-input":{"@type":"PropertyValueSpecification","valueRequired":true,"valueName":"search_term_string"}}],"inLanguage":"es"}]}},"taxonomy_info":{"product_brand":[{"value":108,"label":"OSRAM"}],"product_cat":[{"value":2966,"label":"Ledramp Rak"},{"value":2539,"label":"LEDRAMPER"},{"value":2640,"label":"OSRAM Ledriving"},{"value":2183,"label":"OSRAM LEDriving\u00ae"}],"pa_faktisk-effekts-forbrukning":[{"value":1937,"label":"29"}],"pa_fargtemperatur":[{"value":1428,"label":"6000"}],"pa_fuktskydd-varde-ipxx":[{"value":155,"label":"IP69K"}],"pa_godkannande":[{"value":1933,"label":"R10 R112"}],"pa_ljusbild":[{"value":804,"label":"Combo"}],"pa_storlek-mm":[{"value":1936,"label":"350x61,5x38"}],"pa_volt-v":[{"value":348,"label":"12, 24"}]},"featured_image_src_large":["https:\/\/xenonkungen.com\/wp-content\/uploads\/2025\/04\/178262089-origpic-b00fff.jpg",900,552,false],"author_info":[],"comment_info":0,"_links":{"self":[{"href":"https:\/\/xenonkungen.com\/es\/wp-json\/wp\/v2\/product\/7495","targetHints":{"allow":["GET"]}}],"collection":[{"href":"https:\/\/xenonkungen.com\/es\/wp-json\/wp\/v2\/product"}],"about":[{"href":"https:\/\/xenonkungen.com\/es\/wp-json\/wp\/v2\/types\/product"}],"replies":[{"embeddable":true,"href":"https:\/\/xenonkungen.com\/es\/wp-json\/wp\/v2\/comments?post=7495"}],"wp:featuredmedia":[{"embeddable":true,"href":"https:\/\/xenonkungen.com\/es\/wp-json\/wp\/v2\/media\/7496"}],"wp:attachment":[{"href":"https:\/\/xenonkungen.com\/es\/wp-json\/wp\/v2\/media?parent=7495"}],"wp:term":[{"taxonomy":"anvandningsomrade","embeddable":true,"href":"https:\/\/xenonkungen.com\/es\/wp-json\/wp\/v2\/anvandningsomrade?post=7495"},{"taxonomy":"bilmarken","embeddable":true,"href":"https:\/\/xenonkungen.com\/es\/wp-json\/wp\/v2\/bilmarken?post=7495"},{"taxonomy":"product_brand","embeddable":true,"href":"https:\/\/xenonkungen.com\/es\/wp-json\/wp\/v2\/product_brand?post=7495"},{"taxonomy":"product_cat","embeddable":true,"href":"https:\/\/xenonkungen.com\/es\/wp-json\/wp\/v2\/product_cat?post=7495"},{"taxonomy":"product_tag","embeddable":true,"href":"https:\/\/xenonkungen.com\/es\/wp-json\/wp\/v2\/product_tag?post=7495"}],"curies":[{"name":"wp","href":"https:\/\/api.w.org\/{rel}","templated":true}]}}