{"id":7515,"date":"2025-04-15T09:56:25","date_gmt":"2025-04-15T09:56:25","guid":{"rendered":"https:\/\/xenonkungen.com\/product\/ledriving-reversing-vx120r-wd\/"},"modified":"2026-01-08T18:06:07","modified_gmt":"2026-01-08T17:06:07","slug":"conduccion-marcha-atras-vx120r-wd","status":"publish","type":"product","link":"https:\/\/xenonkungen.com\/es\/producto\/conduccion-marcha-atras-vx120r-wd\/","title":{"rendered":"LEDriving\u00ae REVERSING VX120R-WD"},"content":{"rendered":"<h1>Ilumina tu vida con las luces de trabajo y conducci\u00f3n LEDriving de OSRAM<\/h1>\n<p>Las luces de marcha atr\u00e1s OSRAM LEDriving Reversing FX120R-WD iluminan caminos rurales oscuros y senderos forestales.<\/p>\n<p>Los 14 LED potentes y de alto rendimiento tienen un alcance de 36 metros y ofrecen al conductor una amplia advertencia tanto en carretera como fuera de ella. Incluso en condiciones de poca luz, la OSRAM LEDriving Reversing FX120R-WD proporciona un entorno similar a la luz natural gracias a una temperatura de color de hasta 6000 Kelvin. <\/p>\n<p>La intensa emisi\u00f3n de luz de 1100 l\u00famenes se combina con una alt\u00edsima eficiencia \u00f3ptica y una distribuci\u00f3n uniforme de la luz. Esto significa que usted ve mejor y que su veh\u00edculo es percibido con mayor facilidad por otros usuarios de la v\u00eda, lo que contribuye a una mayor seguridad vial tanto en carretera como fuera de ella.<\/p>\n<p>\u00bfEn carretera o fuera de ella? <br \/>La luz de marcha atr\u00e1s OSRAM LEDriving Reversing FX120R-WD impresiona por su potente rendimiento y larga vida \u00fatil. Esta vers\u00e1til luz de marcha atr\u00e1s soporta condiciones ambientales adversas gracias a sus materiales de alta calidad, como una carcasa termopl\u00e1stica y una robusta lente de policarbonato, adem\u00e1s de ser ligera y duradera. La luz de marcha atr\u00e1s LEDriving Reversing FX120R-WD ha sido probada en nuestro laboratorio de simulaci\u00f3n ambiental con certificaci\u00f3n DIN contra condiciones externas extremas como agua, polvo, golpes, altas y bajas temperaturas y vibraciones constantes, y ha sido validada con la clase de protecci\u00f3n IP69K. Un controlador integrado y un sistema de gesti\u00f3n t\u00e9rmica regulan la temperatura de la luz de marcha atr\u00e1s LED y previenen da\u00f1os por sobrecalentamiento. La protecci\u00f3n de polaridad evita la polaridad incorrecta en la fuente de alimentaci\u00f3n y previene posibles da\u00f1os al apagar autom\u00e1ticamente las luces LED. <\/p>\n<p>\u00bfEn carretera o fuera de ella? <br \/>La luz de marcha atr\u00e1s OSRAM LEDriving Reversing FX120R-WD es una mejora eficaz para su veh\u00edculo. Estas luces LED de marcha atr\u00e1s con certificaci\u00f3n ECE no requieren nueva matriculaci\u00f3n ni documentaci\u00f3n adicional.<\/p>\n<p>La luz de marcha atr\u00e1s LED se puede montar en autom\u00f3viles, camiones, maquinaria agr\u00edcola, veh\u00edculos comerciales, veh\u00edculos de construcci\u00f3n, maquinaria forestal, caravanas, veh\u00edculos todoterreno y quads.<\/p>\n<p>Las luces de marcha atr\u00e1s OSRAM LEDriving Reversing FX120R-WD son vers\u00e1tiles y flexibles.<\/p>","protected":false},"excerpt":{"rendered":"<p>Luz de trabajo s\u00f3lida de Osram. Con 1 lux a 36 metros. Perfecta como luz de trabajo o luz de marcha atr\u00e1s.<\/p>","protected":false},"featured_media":7516,"comment_status":"closed","ping_status":"open","template":"","meta":{"_acf_changed":false,"_smort_price_nok":"566","_smort_price_dkk":"360","_smort_price_eur":"48.18","_smort_sale_price_nok":"","_smort_sale_price_dkk":"","_smort_sale_price_eur":"","smort_restorder":"","shipmondo_restorder":"","_kad_blocks_custom_css":"","_kad_blocks_head_custom_js":"","_kad_blocks_body_custom_js":"","_kad_blocks_footer_custom_js":"","smort_custom_pricelist_1":"339.2","smort_custom_pricelist_2":"339.2","smort_custom_pricelist_3":"322.24","smort_custom_pricelist_4":"424","smort_custom_pricelist_5":"339.2"},"anvandningsomrade":[],"bilmarken":[],"product_brand":[108],"product_cat":[2639,2642,508],"product_tag":[],"class_list":{"0":"post-7515","1":"product","2":"type-product","3":"status-publish","4":"has-post-thumbnail","6":"product_brand-osram","7":"product_cat-osram-ledriving-arbetsbelysning","8":"product_cat-osram-ledriving-backljus-backljus-osram-ledriving-arbetsbelysning","9":"product_cat-arbetsbelysning","10":"pa_faktisk-effekts-forbrukning-537","11":"pa_fargtemperatur-1428","12":"pa_fuktskydd-varde-ipxx-ip69","13":"pa_godkannande-e9-ece-r10-r23","14":"pa_lampsockel-kontakt-dt","15":"pa_storlek-mm-48x131x121","16":"pa_volt-v-12-24","18":"first","19":"instock","20":"taxable","21":"shipping-taxable","22":"purchasable","23":"product-type-simple"},"bundled_by":[],"bundle_stock_status":"instock","bundle_stock_quantity":5,"bundle_virtual":false,"bundle_layout":"","bundle_add_to_cart_form_location":"","bundle_editable_in_cart":false,"bundle_sold_individually_context":"","bundle_item_grouping":"","bundle_min_size":"","bundle_max_size":"","bundle_price":[],"bundled_items":[],"bundle_sell_ids":[],"acf":[],"yoast_head":"<!-- This site is optimized with the Yoast SEO plugin v27.0 - https:\/\/yoast.com\/product\/yoast-seo-wordpress\/ -->\n<title>LEDriving\u00ae REVERSING VX120R-WD - Xenonkungen<\/title>\n<meta name=\"robots\" content=\"index, follow, max-snippet:-1, max-image-preview:large, max-video-preview:-1\" \/>\n<link rel=\"canonical\" href=\"https:\/\/xenonkungen.com\/es\/producto\/conduccion-marcha-atras-vx120r-wd\/\" \/>\n<meta property=\"og:locale\" content=\"es_ES\" \/>\n<meta property=\"og:type\" content=\"article\" \/>\n<meta property=\"og:title\" content=\"LEDriving\u00ae REVERSING VX120R-WD - Xenonkungen\" \/>\n<meta property=\"og:description\" content=\"Rej\u00e4lt Arbetsljus fr\u00e5n Osram. Med 1 Lux p\u00e5 36 meter. Passar perfekt som arbetsljus\/backljus\" \/>\n<meta property=\"og:url\" content=\"https:\/\/xenonkungen.com\/es\/producto\/conduccion-marcha-atras-vx120r-wd\/\" \/>\n<meta property=\"og:site_name\" content=\"Xenonkungen\" \/>\n<meta property=\"article:modified_time\" content=\"2026-01-08T17:06:07+00:00\" \/>\n<meta property=\"og:image\" content=\"https:\/\/xenonkungen.com\/wp-content\/uploads\/2025\/04\/178262325-origpic-a4ca1e.jpg\" \/>\n\t<meta property=\"og:image:width\" content=\"760\" \/>\n\t<meta property=\"og:image:height\" content=\"760\" \/>\n\t<meta property=\"og:image:type\" content=\"image\/jpeg\" \/>\n<meta name=\"twitter:card\" content=\"summary_large_image\" \/>\n<meta name=\"twitter:label1\" content=\"Tiempo de lectura\" \/>\n\t<meta name=\"twitter:data1\" content=\"2 minutos\" \/>\n<script type=\"application\/ld+json\" class=\"yoast-schema-graph\">{\"@context\":\"https:\/\/schema.org\",\"@graph\":[{\"@type\":\"WebPage\",\"@id\":\"https:\/\/xenonkungen.com\/produkt\/ledriving-reversing-vx120r-wd\/\",\"url\":\"https:\/\/xenonkungen.com\/produkt\/ledriving-reversing-vx120r-wd\/\",\"name\":\"LEDriving\u00ae REVERSING VX120R-WD - Xenonkungen\",\"isPartOf\":{\"@id\":\"https:\/\/xenonkungen.com\/#website\"},\"primaryImageOfPage\":{\"@id\":\"https:\/\/xenonkungen.com\/produkt\/ledriving-reversing-vx120r-wd\/#primaryimage\"},\"image\":{\"@id\":\"https:\/\/xenonkungen.com\/produkt\/ledriving-reversing-vx120r-wd\/#primaryimage\"},\"thumbnailUrl\":\"https:\/\/xenonkungen.com\/wp-content\/uploads\/2025\/04\/178262325-origpic-a4ca1e.jpg\",\"datePublished\":\"2025-04-15T09:56:25+00:00\",\"dateModified\":\"2026-01-08T17:06:07+00:00\",\"breadcrumb\":{\"@id\":\"https:\/\/xenonkungen.com\/produkt\/ledriving-reversing-vx120r-wd\/#breadcrumb\"},\"inLanguage\":\"es\",\"potentialAction\":[{\"@type\":\"ReadAction\",\"target\":[\"https:\/\/xenonkungen.com\/produkt\/ledriving-reversing-vx120r-wd\/\"]}]},{\"@type\":\"ImageObject\",\"inLanguage\":\"es\",\"@id\":\"https:\/\/xenonkungen.com\/produkt\/ledriving-reversing-vx120r-wd\/#primaryimage\",\"url\":\"https:\/\/xenonkungen.com\/wp-content\/uploads\/2025\/04\/178262325-origpic-a4ca1e.jpg\",\"contentUrl\":\"https:\/\/xenonkungen.com\/wp-content\/uploads\/2025\/04\/178262325-origpic-a4ca1e.jpg\",\"width\":760,\"height\":760},{\"@type\":\"BreadcrumbList\",\"@id\":\"https:\/\/xenonkungen.com\/produkt\/ledriving-reversing-vx120r-wd\/#breadcrumb\",\"itemListElement\":[{\"@type\":\"ListItem\",\"position\":1,\"name\":\"Hem\",\"item\":\"https:\/\/xenonkungen.com\/\"},{\"@type\":\"ListItem\",\"position\":2,\"name\":\"Shop\",\"item\":\"https:\/\/xenonkungen.com\/shop\/\"},{\"@type\":\"ListItem\",\"position\":3,\"name\":\"LEDriving\u00ae REVERSING VX120R-WD\"}]},{\"@type\":\"WebSite\",\"@id\":\"https:\/\/xenonkungen.com\/#website\",\"url\":\"https:\/\/xenonkungen.com\/\",\"name\":\"Xenonkungen\",\"description\":\"\",\"potentialAction\":[{\"@type\":\"SearchAction\",\"target\":{\"@type\":\"EntryPoint\",\"urlTemplate\":\"https:\/\/xenonkungen.com\/?s={search_term_string}\"},\"query-input\":{\"@type\":\"PropertyValueSpecification\",\"valueRequired\":true,\"valueName\":\"search_term_string\"}}],\"inLanguage\":\"es\"}]}<\/script>\n<!-- \/ Yoast SEO plugin. -->","yoast_head_json":{"title":"LEDriving\u00ae REVERSING VX120R-WD - El rey del xen\u00f3n","robots":{"index":"index","follow":"follow","max-snippet":"max-snippet:-1","max-image-preview":"max-image-preview:large","max-video-preview":"max-video-preview:-1"},"canonical":"https:\/\/xenonkungen.com\/es\/producto\/conduccion-marcha-atras-vx120r-wd\/","og_locale":"es_ES","og_type":"article","og_title":"LEDriving\u00ae REVERSING VX120R-WD - Xenonkungen","og_description":"Rej\u00e4lt Arbetsljus fr\u00e5n Osram. Med 1 Lux p\u00e5 36 meter. Passar perfekt som arbetsljus\/backljus","og_url":"https:\/\/xenonkungen.com\/es\/producto\/conduccion-marcha-atras-vx120r-wd\/","og_site_name":"Xenonkungen","article_modified_time":"2026-01-08T17:06:07+00:00","og_image":[{"width":760,"height":760,"url":"https:\/\/xenonkungen.com\/wp-content\/uploads\/2025\/04\/178262325-origpic-a4ca1e.jpg","type":"image\/jpeg"}],"twitter_card":"summary_large_image","twitter_misc":{"Tiempo de lectura":"2 minutos"},"schema":{"@context":"https:\/\/schema.org","@graph":[{"@type":"WebPage","@id":"https:\/\/xenonkungen.com\/produkt\/ledriving-reversing-vx120r-wd\/","url":"https:\/\/xenonkungen.com\/produkt\/ledriving-reversing-vx120r-wd\/","name":"LEDriving\u00ae REVERSING VX120R-WD - El rey del xen\u00f3n","isPartOf":{"@id":"https:\/\/xenonkungen.com\/#website"},"primaryImageOfPage":{"@id":"https:\/\/xenonkungen.com\/produkt\/ledriving-reversing-vx120r-wd\/#primaryimage"},"image":{"@id":"https:\/\/xenonkungen.com\/produkt\/ledriving-reversing-vx120r-wd\/#primaryimage"},"thumbnailUrl":"https:\/\/xenonkungen.com\/wp-content\/uploads\/2025\/04\/178262325-origpic-a4ca1e.jpg","datePublished":"2025-04-15T09:56:25+00:00","dateModified":"2026-01-08T17:06:07+00:00","breadcrumb":{"@id":"https:\/\/xenonkungen.com\/produkt\/ledriving-reversing-vx120r-wd\/#breadcrumb"},"inLanguage":"es","potentialAction":[{"@type":"ReadAction","target":["https:\/\/xenonkungen.com\/produkt\/ledriving-reversing-vx120r-wd\/"]}]},{"@type":"ImageObject","inLanguage":"es","@id":"https:\/\/xenonkungen.com\/produkt\/ledriving-reversing-vx120r-wd\/#primaryimage","url":"https:\/\/xenonkungen.com\/wp-content\/uploads\/2025\/04\/178262325-origpic-a4ca1e.jpg","contentUrl":"https:\/\/xenonkungen.com\/wp-content\/uploads\/2025\/04\/178262325-origpic-a4ca1e.jpg","width":760,"height":760},{"@type":"BreadcrumbList","@id":"https:\/\/xenonkungen.com\/produkt\/ledriving-reversing-vx120r-wd\/#breadcrumb","itemListElement":[{"@type":"ListItem","position":1,"name":"Hem","item":"https:\/\/xenonkungen.com\/"},{"@type":"ListItem","position":2,"name":"Shop","item":"https:\/\/xenonkungen.com\/shop\/"},{"@type":"ListItem","position":3,"name":"LEDriving\u00ae REVERSING VX120R-WD"}]},{"@type":"WebSite","@id":"https:\/\/xenonkungen.com\/#website","url":"https:\/\/xenonkungen.com\/","name":"Xenonkungen","description":"","potentialAction":[{"@type":"SearchAction","target":{"@type":"EntryPoint","urlTemplate":"https:\/\/xenonkungen.com\/?s={search_term_string}"},"query-input":{"@type":"PropertyValueSpecification","valueRequired":true,"valueName":"search_term_string"}}],"inLanguage":"es"}]}},"taxonomy_info":{"product_brand":[{"value":108,"label":"OSRAM"}],"product_cat":[{"value":2639,"label":"OSRAM Ledriving"},{"value":2642,"label":"OSRAM Ledriving"},{"value":508,"label":"Arbetsbelysning"}],"pa_faktisk-effekts-forbrukning":[{"value":537,"label":"15"}],"pa_fargtemperatur":[{"value":1428,"label":"6000"}],"pa_fuktskydd-varde-ipxx":[{"value":960,"label":"IP69"}],"pa_godkannande":[{"value":1944,"label":"E9 , ECE R10 , R23"}],"pa_lampsockel-kontakt":[{"value":329,"label":"DT"}],"pa_storlek-mm":[{"value":1943,"label":"48x131x121"}],"pa_volt-v":[{"value":348,"label":"12, 24"}]},"featured_image_src_large":["https:\/\/xenonkungen.com\/wp-content\/uploads\/2025\/04\/178262325-origpic-a4ca1e.jpg",760,760,false],"author_info":[],"comment_info":1,"_links":{"self":[{"href":"https:\/\/xenonkungen.com\/es\/wp-json\/wp\/v2\/product\/7515","targetHints":{"allow":["GET"]}}],"collection":[{"href":"https:\/\/xenonkungen.com\/es\/wp-json\/wp\/v2\/product"}],"about":[{"href":"https:\/\/xenonkungen.com\/es\/wp-json\/wp\/v2\/types\/product"}],"replies":[{"embeddable":true,"href":"https:\/\/xenonkungen.com\/es\/wp-json\/wp\/v2\/comments?post=7515"}],"wp:featuredmedia":[{"embeddable":true,"href":"https:\/\/xenonkungen.com\/es\/wp-json\/wp\/v2\/media\/7516"}],"wp:attachment":[{"href":"https:\/\/xenonkungen.com\/es\/wp-json\/wp\/v2\/media?parent=7515"}],"wp:term":[{"taxonomy":"anvandningsomrade","embeddable":true,"href":"https:\/\/xenonkungen.com\/es\/wp-json\/wp\/v2\/anvandningsomrade?post=7515"},{"taxonomy":"bilmarken","embeddable":true,"href":"https:\/\/xenonkungen.com\/es\/wp-json\/wp\/v2\/bilmarken?post=7515"},{"taxonomy":"product_brand","embeddable":true,"href":"https:\/\/xenonkungen.com\/es\/wp-json\/wp\/v2\/product_brand?post=7515"},{"taxonomy":"product_cat","embeddable":true,"href":"https:\/\/xenonkungen.com\/es\/wp-json\/wp\/v2\/product_cat?post=7515"},{"taxonomy":"product_tag","embeddable":true,"href":"https:\/\/xenonkungen.com\/es\/wp-json\/wp\/v2\/product_tag?post=7515"}],"curies":[{"name":"wp","href":"https:\/\/api.w.org\/{rel}","templated":true}]}}