{"id":7534,"date":"2025-04-15T09:56:39","date_gmt":"2025-04-15T09:56:39","guid":{"rendered":"https:\/\/xenonkungen.com\/product\/ledriving-round-mx180-cb\/"},"modified":"2026-04-11T01:31:02","modified_gmt":"2026-04-11T00:31:02","slug":"conduccion-redonda-mx180-cb","status":"publish","type":"product","link":"https:\/\/xenonkungen.com\/es\/producto\/conduccion-redonda-mx180-cb\/","title":{"rendered":"LEDriving\u00ae ROUND MX180-CB"},"content":{"rendered":"<h2>Ilumina tu vida con la luz auxiliar OSRAM LEDriving<\/h2>\n<p>La OSRAM LEDriving Round MX180-CB ilumina caminos rurales oscuros y senderos forestales. <\/p>\n<p>Con 12 potentes LED de alto rendimiento y larga duraci\u00f3n, la OSRAM LEDriving Round MX180-CB tiene un alcance de hasta 300 metros y proporciona al conductor una amplia visibilidad tanto en carretera como fuera de ella. Incluso en condiciones de poca luz, la OSRAM LEDriving Round MX180-CB ofrece una iluminaci\u00f3n similar a la luz del d\u00eda gracias a una temperatura de color de hasta 6000 Kelvin. Su intensa emisi\u00f3n de luz de hasta 3000 l\u00famenes se combina con una alta eficiencia \u00f3ptica y una distribuci\u00f3n uniforme de la luz. Esto se traduce en una mejor visibilidad y una mayor facilidad para que otros usuarios de la v\u00eda perciban su veh\u00edculo, lo que contribuye a una mayor seguridad vial tanto en carretera como fuera de ella.<\/p>\n<p>\u00bfEn carretera o fuera de ella? <br \/>La luminaria OSRAM LEDriving Round MX180-CB destaca por su potente rendimiento y una larga vida \u00fatil de hasta 5000 horas. Esta vers\u00e1til luminaria soporta condiciones ambientales adversas gracias a sus materiales de alta calidad, como una carcasa de aluminio y una robusta lente de policarbonato, y es a la vez ligera y duradera. La OSRAM LEDriving Round MX180-CB ha sido sometida a pruebas en nuestro laboratorio de simulaci\u00f3n ambiental con certificaci\u00f3n DIN, donde ha sido sometida a condiciones externas extremas como agua, polvo, golpes, temperaturas altas y bajas y vibraciones constantes, y cuenta con la certificaci\u00f3n de protecci\u00f3n IP69K. Un controlador integrado y un sistema de gesti\u00f3n t\u00e9rmica regulan la temperatura de la OSRAM LEDriving Round MX180-CB y previenen da\u00f1os por sobrecalentamiento. La protecci\u00f3n contra inversi\u00f3n de polaridad evita conexiones incorrectas en la fuente de alimentaci\u00f3n y previene posibles da\u00f1os apagando autom\u00e1ticamente los LED. <\/p>\n<p>\u00bfEn carretera o fuera de ella? <br \/>La luz auxiliar LED OSRAM LEDriving Round MX180-CB es una mejora eficaz para su veh\u00edculo. Estas luces auxiliares LED con certificaci\u00f3n ECE no requieren un nuevo registro ni modificaciones en la documentaci\u00f3n del veh\u00edculo.<br \/>N\u00famero de referencia ECE: 25<\/p>\n<p>La OSRAM LEDriving Round MX180-CB se puede montar en autom\u00f3viles, camiones, maquinaria agr\u00edcola, veh\u00edculos comerciales, veh\u00edculos de construcci\u00f3n, maquinaria forestal, caravanas, veh\u00edculos todoterreno y quads.<br \/>El OSRAM LEDriving Round MX180-CB es vers\u00e1til y flexible.<\/p>","protected":false},"excerpt":{"rendered":"<p>\u00a1Potente luz auxiliar LED de 7 pulgadas de Osram!<\/p>","protected":false},"featured_media":7535,"comment_status":"closed","ping_status":"open","template":"","meta":{"_acf_changed":false,"_smort_price_nok":"3397","_smort_price_dkk":"2158","_smort_price_eur":"289.08","_smort_sale_price_nok":"","_smort_sale_price_dkk":"","_smort_sale_price_eur":"","smort_restorder":"","shipmondo_restorder":"","_kad_blocks_custom_css":"","_kad_blocks_head_custom_js":"","_kad_blocks_body_custom_js":"","_kad_blocks_footer_custom_js":"","smort_custom_pricelist_1":"2035.2","smort_custom_pricelist_2":"2035.2","smort_custom_pricelist_3":"1933.44","smort_custom_pricelist_4":"2544","smort_custom_pricelist_5":"2035.2"},"anvandningsomrade":[],"bilmarken":[],"product_brand":[108],"product_cat":[2840,142],"product_tag":[],"class_list":{"0":"post-7534","1":"product","2":"type-product","3":"status-publish","4":"has-post-thumbnail","6":"product_brand-osram","7":"product_cat-extraljus-ovriga-storlekar","8":"product_cat-extraljus","9":"pa_faktisk-effekts-forbrukning-751","10":"pa_fargtemperatur-1428","11":"pa_fuktskydd-varde-ipxx-ip69k","12":"pa_godkannande-e4-ece-r10-r112-r7","13":"pa_lampsockel-kontakt-open-wire","14":"pa_storlek-mm-126x201x176","15":"pa_volt-v-12-24","17":"first","18":"instock","19":"taxable","20":"shipping-taxable","21":"purchasable","22":"product-type-simple"},"bundled_by":[],"bundle_stock_status":"instock","bundle_stock_quantity":2,"bundle_virtual":false,"bundle_layout":"","bundle_add_to_cart_form_location":"","bundle_editable_in_cart":false,"bundle_sold_individually_context":"","bundle_item_grouping":"","bundle_min_size":"","bundle_max_size":"","bundle_price":[],"bundled_items":[],"bundle_sell_ids":[],"acf":[],"yoast_head":"<!-- This site is optimized with the Yoast SEO plugin v27.0 - https:\/\/yoast.com\/product\/yoast-seo-wordpress\/ -->\n<title>LEDriving\u00ae ROUND MX180-CB - Xenonkungen<\/title>\n<meta name=\"robots\" content=\"index, follow, max-snippet:-1, max-image-preview:large, max-video-preview:-1\" \/>\n<link rel=\"canonical\" href=\"https:\/\/xenonkungen.com\/es\/producto\/conduccion-redonda-mx180-cb\/\" \/>\n<meta property=\"og:locale\" content=\"es_ES\" \/>\n<meta property=\"og:type\" content=\"article\" \/>\n<meta property=\"og:title\" content=\"LEDriving\u00ae ROUND MX180-CB - Xenonkungen\" \/>\n<meta property=\"og:description\" content=\"Starkt 7 tums LEDextraljus fr\u00e5n Osram!\" \/>\n<meta property=\"og:url\" content=\"https:\/\/xenonkungen.com\/es\/producto\/conduccion-redonda-mx180-cb\/\" \/>\n<meta property=\"og:site_name\" content=\"Xenonkungen\" \/>\n<meta property=\"article:modified_time\" content=\"2026-04-11T00:31:02+00:00\" \/>\n<meta property=\"og:image\" content=\"https:\/\/xenonkungen.com\/wp-content\/uploads\/2025\/04\/178262485-origpic-493768.jpg\" \/>\n\t<meta property=\"og:image:width\" content=\"900\" \/>\n\t<meta property=\"og:image:height\" content=\"900\" \/>\n\t<meta property=\"og:image:type\" content=\"image\/jpeg\" \/>\n<meta name=\"twitter:card\" content=\"summary_large_image\" \/>\n<meta name=\"twitter:label1\" content=\"Tiempo de lectura\" \/>\n\t<meta name=\"twitter:data1\" content=\"2 minutos\" \/>\n<script type=\"application\/ld+json\" class=\"yoast-schema-graph\">{\"@context\":\"https:\/\/schema.org\",\"@graph\":[{\"@type\":\"WebPage\",\"@id\":\"https:\/\/xenonkungen.com\/produkt\/ledriving-round-mx180-cb\/\",\"url\":\"https:\/\/xenonkungen.com\/produkt\/ledriving-round-mx180-cb\/\",\"name\":\"LEDriving\u00ae ROUND MX180-CB - Xenonkungen\",\"isPartOf\":{\"@id\":\"https:\/\/xenonkungen.com\/#website\"},\"primaryImageOfPage\":{\"@id\":\"https:\/\/xenonkungen.com\/produkt\/ledriving-round-mx180-cb\/#primaryimage\"},\"image\":{\"@id\":\"https:\/\/xenonkungen.com\/produkt\/ledriving-round-mx180-cb\/#primaryimage\"},\"thumbnailUrl\":\"https:\/\/xenonkungen.com\/wp-content\/uploads\/2025\/04\/178262485-origpic-493768.jpg\",\"datePublished\":\"2025-04-15T09:56:39+00:00\",\"dateModified\":\"2026-04-11T00:31:02+00:00\",\"breadcrumb\":{\"@id\":\"https:\/\/xenonkungen.com\/produkt\/ledriving-round-mx180-cb\/#breadcrumb\"},\"inLanguage\":\"es\",\"potentialAction\":[{\"@type\":\"ReadAction\",\"target\":[\"https:\/\/xenonkungen.com\/produkt\/ledriving-round-mx180-cb\/\"]}]},{\"@type\":\"ImageObject\",\"inLanguage\":\"es\",\"@id\":\"https:\/\/xenonkungen.com\/produkt\/ledriving-round-mx180-cb\/#primaryimage\",\"url\":\"https:\/\/xenonkungen.com\/wp-content\/uploads\/2025\/04\/178262485-origpic-493768.jpg\",\"contentUrl\":\"https:\/\/xenonkungen.com\/wp-content\/uploads\/2025\/04\/178262485-origpic-493768.jpg\",\"width\":900,\"height\":900},{\"@type\":\"BreadcrumbList\",\"@id\":\"https:\/\/xenonkungen.com\/produkt\/ledriving-round-mx180-cb\/#breadcrumb\",\"itemListElement\":[{\"@type\":\"ListItem\",\"position\":1,\"name\":\"Hem\",\"item\":\"https:\/\/xenonkungen.com\/\"},{\"@type\":\"ListItem\",\"position\":2,\"name\":\"Shop\",\"item\":\"https:\/\/xenonkungen.com\/shop\/\"},{\"@type\":\"ListItem\",\"position\":3,\"name\":\"LEDriving\u00ae ROUND MX180-CB\"}]},{\"@type\":\"WebSite\",\"@id\":\"https:\/\/xenonkungen.com\/#website\",\"url\":\"https:\/\/xenonkungen.com\/\",\"name\":\"Xenonkungen\",\"description\":\"\",\"potentialAction\":[{\"@type\":\"SearchAction\",\"target\":{\"@type\":\"EntryPoint\",\"urlTemplate\":\"https:\/\/xenonkungen.com\/?s={search_term_string}\"},\"query-input\":{\"@type\":\"PropertyValueSpecification\",\"valueRequired\":true,\"valueName\":\"search_term_string\"}}],\"inLanguage\":\"es\"}]}<\/script>\n<!-- \/ Yoast SEO plugin. -->","yoast_head_json":{"title":"LEDriving\u00ae ROUND MX180-CB - El rey del xen\u00f3n","robots":{"index":"index","follow":"follow","max-snippet":"max-snippet:-1","max-image-preview":"max-image-preview:large","max-video-preview":"max-video-preview:-1"},"canonical":"https:\/\/xenonkungen.com\/es\/producto\/conduccion-redonda-mx180-cb\/","og_locale":"es_ES","og_type":"article","og_title":"LEDriving\u00ae ROUND MX180-CB - Xenonkungen","og_description":"Starkt 7 tums LEDextraljus fr\u00e5n Osram!","og_url":"https:\/\/xenonkungen.com\/es\/producto\/conduccion-redonda-mx180-cb\/","og_site_name":"Xenonkungen","article_modified_time":"2026-04-11T00:31:02+00:00","og_image":[{"width":900,"height":900,"url":"https:\/\/xenonkungen.com\/wp-content\/uploads\/2025\/04\/178262485-origpic-493768.jpg","type":"image\/jpeg"}],"twitter_card":"summary_large_image","twitter_misc":{"Tiempo de lectura":"2 minutos"},"schema":{"@context":"https:\/\/schema.org","@graph":[{"@type":"WebPage","@id":"https:\/\/xenonkungen.com\/produkt\/ledriving-round-mx180-cb\/","url":"https:\/\/xenonkungen.com\/produkt\/ledriving-round-mx180-cb\/","name":"LEDriving\u00ae ROUND MX180-CB - El rey del xen\u00f3n","isPartOf":{"@id":"https:\/\/xenonkungen.com\/#website"},"primaryImageOfPage":{"@id":"https:\/\/xenonkungen.com\/produkt\/ledriving-round-mx180-cb\/#primaryimage"},"image":{"@id":"https:\/\/xenonkungen.com\/produkt\/ledriving-round-mx180-cb\/#primaryimage"},"thumbnailUrl":"https:\/\/xenonkungen.com\/wp-content\/uploads\/2025\/04\/178262485-origpic-493768.jpg","datePublished":"2025-04-15T09:56:39+00:00","dateModified":"2026-04-11T00:31:02+00:00","breadcrumb":{"@id":"https:\/\/xenonkungen.com\/produkt\/ledriving-round-mx180-cb\/#breadcrumb"},"inLanguage":"es","potentialAction":[{"@type":"ReadAction","target":["https:\/\/xenonkungen.com\/produkt\/ledriving-round-mx180-cb\/"]}]},{"@type":"ImageObject","inLanguage":"es","@id":"https:\/\/xenonkungen.com\/produkt\/ledriving-round-mx180-cb\/#primaryimage","url":"https:\/\/xenonkungen.com\/wp-content\/uploads\/2025\/04\/178262485-origpic-493768.jpg","contentUrl":"https:\/\/xenonkungen.com\/wp-content\/uploads\/2025\/04\/178262485-origpic-493768.jpg","width":900,"height":900},{"@type":"BreadcrumbList","@id":"https:\/\/xenonkungen.com\/produkt\/ledriving-round-mx180-cb\/#breadcrumb","itemListElement":[{"@type":"ListItem","position":1,"name":"Hem","item":"https:\/\/xenonkungen.com\/"},{"@type":"ListItem","position":2,"name":"Shop","item":"https:\/\/xenonkungen.com\/shop\/"},{"@type":"ListItem","position":3,"name":"LEDriving\u00ae ROUND MX180-CB"}]},{"@type":"WebSite","@id":"https:\/\/xenonkungen.com\/#website","url":"https:\/\/xenonkungen.com\/","name":"Xenonkungen","description":"","potentialAction":[{"@type":"SearchAction","target":{"@type":"EntryPoint","urlTemplate":"https:\/\/xenonkungen.com\/?s={search_term_string}"},"query-input":{"@type":"PropertyValueSpecification","valueRequired":true,"valueName":"search_term_string"}}],"inLanguage":"es"}]}},"taxonomy_info":{"product_brand":[{"value":108,"label":"OSRAM"}],"product_cat":[{"value":2840,"label":"Extraljus \u00d6vriga storlekar"},{"value":142,"label":"Extraljus"}],"pa_faktisk-effekts-forbrukning":[{"value":751,"label":"3,9"}],"pa_fargtemperatur":[{"value":1428,"label":"6000"}],"pa_fuktskydd-varde-ipxx":[{"value":155,"label":"IP69K"}],"pa_godkannande":[{"value":1948,"label":"E4 , ECE R10 , R112 , R7"}],"pa_lampsockel-kontakt":[{"value":324,"label":"Open Wire"}],"pa_storlek-mm":[{"value":1949,"label":"126x201x176"}],"pa_volt-v":[{"value":348,"label":"12, 24"}]},"featured_image_src_large":["https:\/\/xenonkungen.com\/wp-content\/uploads\/2025\/04\/178262485-origpic-493768.jpg",900,900,false],"author_info":[],"comment_info":0,"_links":{"self":[{"href":"https:\/\/xenonkungen.com\/es\/wp-json\/wp\/v2\/product\/7534","targetHints":{"allow":["GET"]}}],"collection":[{"href":"https:\/\/xenonkungen.com\/es\/wp-json\/wp\/v2\/product"}],"about":[{"href":"https:\/\/xenonkungen.com\/es\/wp-json\/wp\/v2\/types\/product"}],"replies":[{"embeddable":true,"href":"https:\/\/xenonkungen.com\/es\/wp-json\/wp\/v2\/comments?post=7534"}],"wp:featuredmedia":[{"embeddable":true,"href":"https:\/\/xenonkungen.com\/es\/wp-json\/wp\/v2\/media\/7535"}],"wp:attachment":[{"href":"https:\/\/xenonkungen.com\/es\/wp-json\/wp\/v2\/media?parent=7534"}],"wp:term":[{"taxonomy":"anvandningsomrade","embeddable":true,"href":"https:\/\/xenonkungen.com\/es\/wp-json\/wp\/v2\/anvandningsomrade?post=7534"},{"taxonomy":"bilmarken","embeddable":true,"href":"https:\/\/xenonkungen.com\/es\/wp-json\/wp\/v2\/bilmarken?post=7534"},{"taxonomy":"product_brand","embeddable":true,"href":"https:\/\/xenonkungen.com\/es\/wp-json\/wp\/v2\/product_brand?post=7534"},{"taxonomy":"product_cat","embeddable":true,"href":"https:\/\/xenonkungen.com\/es\/wp-json\/wp\/v2\/product_cat?post=7534"},{"taxonomy":"product_tag","embeddable":true,"href":"https:\/\/xenonkungen.com\/es\/wp-json\/wp\/v2\/product_tag?post=7534"}],"curies":[{"name":"wp","href":"https:\/\/api.w.org\/{rel}","templated":true}]}}