{"id":7541,"date":"2025-04-15T09:56:39","date_gmt":"2025-04-15T09:56:39","guid":{"rendered":"https:\/\/xenonkungen.com\/product\/ledriving-round-mx260-cb\/"},"modified":"2026-04-11T01:31:05","modified_gmt":"2026-04-11T00:31:05","slug":"conduccion-redonda-mx260-cb","status":"publish","type":"product","link":"https:\/\/xenonkungen.com\/es\/producto\/conduccion-redonda-mx260-cb\/","title":{"rendered":"LEDriving\u00ae ROUND MX260-CB"},"content":{"rendered":"<h2>\u00a1Ilumina tu vida con OSRAM LEDriving Extra Light!<\/h2>\n<p>La OSRAM LEDriving Round MX260-CB ilumina los oscuros caminos rurales y pistas forestales. Con 16 potentes LEDs de larga duraci\u00f3n y alto rendimiento, la OSRAM LEDriving Round MX260-CB tiene un alcance de hasta 350 metros y proporciona al conductor un mont\u00f3n de advertencias tanto en carretera como fuera de ella. Incluso en condiciones de poca luz, la OSRAM LEDriving Round MX260-CB proporciona un entorno similar a la luz diurna gracias a una temperatura de color de hasta 6.000 Kelvin. El intenso flujo luminoso de hasta 3.500 l\u00famenes se combina con una eficiencia \u00f3ptica muy alta y una distribuci\u00f3n uniforme de la luz. Esto le permite ver mejor y que su veh\u00edculo sea percibido m\u00e1s f\u00e1cilmente por otros usuarios de la carretera, contribuyendo a una mayor seguridad vial tanto en carretera como fuera de ella.<\/p>\n<p>La OSRAM LEDriving Round MX260-CB impresiona por su potente rendimiento y su larga vida \u00fatil de hasta 5.000 horas. Gracias a sus materiales de alta calidad, como una carcasa de aluminio y una robusta lente de policarbonato, esta vers\u00e1til l\u00e1mpara resiste las duras condiciones ambientales y es ligera y robusta a la vez. La OSRAM LEDriving Round MX260-CB ha sido probada en nuestro laboratorio de simulaci\u00f3n medioambiental con certificaci\u00f3n DIN para condiciones externas extremas como agua, polvo, golpes, altas y bajas temperaturas y vibraciones permanentes y validada con la clase de protecci\u00f3n IP69K. Un controlador integrado y un sistema de gesti\u00f3n t\u00e9rmica regulan la temperatura de la luz LED adicional y evitan los da\u00f1os causados por el sobrecalentamiento. La protecci\u00f3n de polaridad evita la polaridad incorrecta de la fuente de alimentaci\u00f3n y previene posibles da\u00f1os mediante la desconexi\u00f3n autom\u00e1tica de los LED. <\/p>\n<p>\u00bfEn carretera o fuera de ella? <br \/>El OSRAM LEDriving Round MX260-CB es una actualizaci\u00f3n eficiente para su veh\u00edculo. Los faros de carretera LED con certificaci\u00f3n ECE no requieren una nueva matriculaci\u00f3n ni adiciones a la documentaci\u00f3n del veh\u00edculo.<br \/>N\u00famero de referencia CEPE: 50<\/p>\n<p>La OSRAM LEDriving Round MX260-CB se puede montar en coches, camiones, maquinaria agr\u00edcola, veh\u00edculos utilitarios, veh\u00edculos de construcci\u00f3n, maquinaria forestal, caravanas, veh\u00edculos todoterreno y quads.<br \/>La OSRAM LEDriving Round MX260-CB es vers\u00e1til y flexible.<\/p>\n<p>Las luces auxiliares OSRAM LEDriving est\u00e1n aprobadas por la ECE y por lo tanto pueden ser instaladas y utilizadas en la v\u00eda p\u00fablica. NOTA: Se aplican normas de instalaci\u00f3n especiales. Adem\u00e1s de la aprobaci\u00f3n ECE, deben observarse los requisitos especiales individuales y la legislaci\u00f3n de cada pa\u00eds.<\/p>","protected":false},"excerpt":{"rendered":"<p>Luz extra grande, potente y redonda de Osram.<\/p>","protected":false},"featured_media":7542,"comment_status":"closed","ping_status":"open","template":"","meta":{"_acf_changed":false,"_smort_price_nok":"4710","_smort_price_dkk":"2992","_smort_price_eur":"400.89","_smort_sale_price_nok":"","_smort_sale_price_dkk":"","_smort_sale_price_eur":"","smort_restorder":"","shipmondo_restorder":"","_kad_blocks_custom_css":"","_kad_blocks_head_custom_js":"","_kad_blocks_body_custom_js":"","_kad_blocks_footer_custom_js":"","smort_custom_pricelist_1":"2822.4","smort_custom_pricelist_2":"2822.4","smort_custom_pricelist_3":"2681.28","smort_custom_pricelist_4":"3528","smort_custom_pricelist_5":"2822.4"},"anvandningsomrade":[],"bilmarken":[],"product_brand":[108],"product_cat":[142],"product_tag":[],"class_list":{"0":"post-7541","1":"product","2":"type-product","3":"status-publish","4":"has-post-thumbnail","6":"product_brand-osram","7":"product_cat-extraljus","8":"pa_faktisk-effekts-forbrukning-401","9":"pa_fargtemperatur-1428","10":"pa_fuktskydd-varde-ipxx-ip69k","11":"pa_godkannande-e4-ece-r10-r112-r7","12":"pa_lampsockel-kontakt-open-wire","13":"pa_storlek-mm-261x150x229","14":"pa_volt-v-12-24","16":"first","17":"instock","18":"taxable","19":"shipping-taxable","20":"purchasable","21":"product-type-simple"},"bundled_by":[],"bundle_stock_status":"instock","bundle_stock_quantity":6,"bundle_virtual":false,"bundle_layout":"","bundle_add_to_cart_form_location":"","bundle_editable_in_cart":false,"bundle_sold_individually_context":"","bundle_item_grouping":"","bundle_min_size":"","bundle_max_size":"","bundle_price":[],"bundled_items":[],"bundle_sell_ids":[],"acf":[],"yoast_head":"<!-- This site is optimized with the Yoast SEO plugin v27.0 - https:\/\/yoast.com\/product\/yoast-seo-wordpress\/ -->\n<title>LEDriving\u00ae ROUND MX260-CB - Xenonkungen<\/title>\n<meta name=\"robots\" content=\"index, follow, max-snippet:-1, max-image-preview:large, max-video-preview:-1\" \/>\n<link rel=\"canonical\" href=\"https:\/\/xenonkungen.com\/es\/producto\/conduccion-redonda-mx260-cb\/\" \/>\n<meta property=\"og:locale\" content=\"es_ES\" \/>\n<meta property=\"og:type\" content=\"article\" \/>\n<meta property=\"og:title\" content=\"LEDriving\u00ae ROUND MX260-CB - Xenonkungen\" \/>\n<meta property=\"og:description\" content=\"Stort, Kraftigt, Runt Extraljus fr\u00e5n Osram!\" \/>\n<meta property=\"og:url\" content=\"https:\/\/xenonkungen.com\/es\/producto\/conduccion-redonda-mx260-cb\/\" \/>\n<meta property=\"og:site_name\" content=\"Xenonkungen\" \/>\n<meta property=\"article:modified_time\" content=\"2026-04-11T00:31:05+00:00\" \/>\n<meta property=\"og:image\" content=\"https:\/\/xenonkungen.com\/wp-content\/uploads\/2025\/04\/178264095-origpic-7f19c8.jpg\" \/>\n\t<meta property=\"og:image:width\" content=\"900\" \/>\n\t<meta property=\"og:image:height\" content=\"900\" \/>\n\t<meta property=\"og:image:type\" content=\"image\/jpeg\" \/>\n<meta name=\"twitter:card\" content=\"summary_large_image\" \/>\n<meta name=\"twitter:label1\" content=\"Tiempo de lectura\" \/>\n\t<meta name=\"twitter:data1\" content=\"2 minutos\" \/>\n<script type=\"application\/ld+json\" class=\"yoast-schema-graph\">{\"@context\":\"https:\/\/schema.org\",\"@graph\":[{\"@type\":\"WebPage\",\"@id\":\"https:\/\/xenonkungen.com\/produkt\/ledriving-round-mx260-cb\/\",\"url\":\"https:\/\/xenonkungen.com\/produkt\/ledriving-round-mx260-cb\/\",\"name\":\"LEDriving\u00ae ROUND MX260-CB - Xenonkungen\",\"isPartOf\":{\"@id\":\"https:\/\/xenonkungen.com\/#website\"},\"primaryImageOfPage\":{\"@id\":\"https:\/\/xenonkungen.com\/produkt\/ledriving-round-mx260-cb\/#primaryimage\"},\"image\":{\"@id\":\"https:\/\/xenonkungen.com\/produkt\/ledriving-round-mx260-cb\/#primaryimage\"},\"thumbnailUrl\":\"https:\/\/xenonkungen.com\/wp-content\/uploads\/2025\/04\/178264095-origpic-7f19c8.jpg\",\"datePublished\":\"2025-04-15T09:56:39+00:00\",\"dateModified\":\"2026-04-11T00:31:05+00:00\",\"breadcrumb\":{\"@id\":\"https:\/\/xenonkungen.com\/produkt\/ledriving-round-mx260-cb\/#breadcrumb\"},\"inLanguage\":\"es\",\"potentialAction\":[{\"@type\":\"ReadAction\",\"target\":[\"https:\/\/xenonkungen.com\/produkt\/ledriving-round-mx260-cb\/\"]}]},{\"@type\":\"ImageObject\",\"inLanguage\":\"es\",\"@id\":\"https:\/\/xenonkungen.com\/produkt\/ledriving-round-mx260-cb\/#primaryimage\",\"url\":\"https:\/\/xenonkungen.com\/wp-content\/uploads\/2025\/04\/178264095-origpic-7f19c8.jpg\",\"contentUrl\":\"https:\/\/xenonkungen.com\/wp-content\/uploads\/2025\/04\/178264095-origpic-7f19c8.jpg\",\"width\":900,\"height\":900},{\"@type\":\"BreadcrumbList\",\"@id\":\"https:\/\/xenonkungen.com\/produkt\/ledriving-round-mx260-cb\/#breadcrumb\",\"itemListElement\":[{\"@type\":\"ListItem\",\"position\":1,\"name\":\"Hem\",\"item\":\"https:\/\/xenonkungen.com\/\"},{\"@type\":\"ListItem\",\"position\":2,\"name\":\"Shop\",\"item\":\"https:\/\/xenonkungen.com\/shop\/\"},{\"@type\":\"ListItem\",\"position\":3,\"name\":\"LEDriving\u00ae ROUND MX260-CB\"}]},{\"@type\":\"WebSite\",\"@id\":\"https:\/\/xenonkungen.com\/#website\",\"url\":\"https:\/\/xenonkungen.com\/\",\"name\":\"Xenonkungen\",\"description\":\"\",\"potentialAction\":[{\"@type\":\"SearchAction\",\"target\":{\"@type\":\"EntryPoint\",\"urlTemplate\":\"https:\/\/xenonkungen.com\/?s={search_term_string}\"},\"query-input\":{\"@type\":\"PropertyValueSpecification\",\"valueRequired\":true,\"valueName\":\"search_term_string\"}}],\"inLanguage\":\"es\"}]}<\/script>\n<!-- \/ Yoast SEO plugin. -->","yoast_head_json":{"title":"LEDriving\u00ae ROUND MX260-CB - El rey del xen\u00f3n","robots":{"index":"index","follow":"follow","max-snippet":"max-snippet:-1","max-image-preview":"max-image-preview:large","max-video-preview":"max-video-preview:-1"},"canonical":"https:\/\/xenonkungen.com\/es\/producto\/conduccion-redonda-mx260-cb\/","og_locale":"es_ES","og_type":"article","og_title":"LEDriving\u00ae ROUND MX260-CB - Xenonkungen","og_description":"Stort, Kraftigt, Runt Extraljus fr\u00e5n Osram!","og_url":"https:\/\/xenonkungen.com\/es\/producto\/conduccion-redonda-mx260-cb\/","og_site_name":"Xenonkungen","article_modified_time":"2026-04-11T00:31:05+00:00","og_image":[{"width":900,"height":900,"url":"https:\/\/xenonkungen.com\/wp-content\/uploads\/2025\/04\/178264095-origpic-7f19c8.jpg","type":"image\/jpeg"}],"twitter_card":"summary_large_image","twitter_misc":{"Tiempo de lectura":"2 minutos"},"schema":{"@context":"https:\/\/schema.org","@graph":[{"@type":"WebPage","@id":"https:\/\/xenonkungen.com\/produkt\/ledriving-round-mx260-cb\/","url":"https:\/\/xenonkungen.com\/produkt\/ledriving-round-mx260-cb\/","name":"LEDriving\u00ae ROUND MX260-CB - El rey del xen\u00f3n","isPartOf":{"@id":"https:\/\/xenonkungen.com\/#website"},"primaryImageOfPage":{"@id":"https:\/\/xenonkungen.com\/produkt\/ledriving-round-mx260-cb\/#primaryimage"},"image":{"@id":"https:\/\/xenonkungen.com\/produkt\/ledriving-round-mx260-cb\/#primaryimage"},"thumbnailUrl":"https:\/\/xenonkungen.com\/wp-content\/uploads\/2025\/04\/178264095-origpic-7f19c8.jpg","datePublished":"2025-04-15T09:56:39+00:00","dateModified":"2026-04-11T00:31:05+00:00","breadcrumb":{"@id":"https:\/\/xenonkungen.com\/produkt\/ledriving-round-mx260-cb\/#breadcrumb"},"inLanguage":"es","potentialAction":[{"@type":"ReadAction","target":["https:\/\/xenonkungen.com\/produkt\/ledriving-round-mx260-cb\/"]}]},{"@type":"ImageObject","inLanguage":"es","@id":"https:\/\/xenonkungen.com\/produkt\/ledriving-round-mx260-cb\/#primaryimage","url":"https:\/\/xenonkungen.com\/wp-content\/uploads\/2025\/04\/178264095-origpic-7f19c8.jpg","contentUrl":"https:\/\/xenonkungen.com\/wp-content\/uploads\/2025\/04\/178264095-origpic-7f19c8.jpg","width":900,"height":900},{"@type":"BreadcrumbList","@id":"https:\/\/xenonkungen.com\/produkt\/ledriving-round-mx260-cb\/#breadcrumb","itemListElement":[{"@type":"ListItem","position":1,"name":"Hem","item":"https:\/\/xenonkungen.com\/"},{"@type":"ListItem","position":2,"name":"Shop","item":"https:\/\/xenonkungen.com\/shop\/"},{"@type":"ListItem","position":3,"name":"LEDriving\u00ae ROUND MX260-CB"}]},{"@type":"WebSite","@id":"https:\/\/xenonkungen.com\/#website","url":"https:\/\/xenonkungen.com\/","name":"Xenonkungen","description":"","potentialAction":[{"@type":"SearchAction","target":{"@type":"EntryPoint","urlTemplate":"https:\/\/xenonkungen.com\/?s={search_term_string}"},"query-input":{"@type":"PropertyValueSpecification","valueRequired":true,"valueName":"search_term_string"}}],"inLanguage":"es"}]}},"taxonomy_info":{"product_brand":[{"value":108,"label":"OSRAM"}],"product_cat":[{"value":142,"label":"Extraljus"}],"pa_faktisk-effekts-forbrukning":[{"value":401,"label":"60"}],"pa_fargtemperatur":[{"value":1428,"label":"6000"}],"pa_fuktskydd-varde-ipxx":[{"value":155,"label":"IP69K"}],"pa_godkannande":[{"value":1948,"label":"E4 , ECE R10 , R112 , R7"}],"pa_lampsockel-kontakt":[{"value":324,"label":"Open Wire"}],"pa_storlek-mm":[{"value":1950,"label":"261x150x229"}],"pa_volt-v":[{"value":348,"label":"12, 24"}]},"featured_image_src_large":["https:\/\/xenonkungen.com\/wp-content\/uploads\/2025\/04\/178264095-origpic-7f19c8.jpg",900,900,false],"author_info":[],"comment_info":0,"_links":{"self":[{"href":"https:\/\/xenonkungen.com\/es\/wp-json\/wp\/v2\/product\/7541","targetHints":{"allow":["GET"]}}],"collection":[{"href":"https:\/\/xenonkungen.com\/es\/wp-json\/wp\/v2\/product"}],"about":[{"href":"https:\/\/xenonkungen.com\/es\/wp-json\/wp\/v2\/types\/product"}],"replies":[{"embeddable":true,"href":"https:\/\/xenonkungen.com\/es\/wp-json\/wp\/v2\/comments?post=7541"}],"wp:featuredmedia":[{"embeddable":true,"href":"https:\/\/xenonkungen.com\/es\/wp-json\/wp\/v2\/media\/7542"}],"wp:attachment":[{"href":"https:\/\/xenonkungen.com\/es\/wp-json\/wp\/v2\/media?parent=7541"}],"wp:term":[{"taxonomy":"anvandningsomrade","embeddable":true,"href":"https:\/\/xenonkungen.com\/es\/wp-json\/wp\/v2\/anvandningsomrade?post=7541"},{"taxonomy":"bilmarken","embeddable":true,"href":"https:\/\/xenonkungen.com\/es\/wp-json\/wp\/v2\/bilmarken?post=7541"},{"taxonomy":"product_brand","embeddable":true,"href":"https:\/\/xenonkungen.com\/es\/wp-json\/wp\/v2\/product_brand?post=7541"},{"taxonomy":"product_cat","embeddable":true,"href":"https:\/\/xenonkungen.com\/es\/wp-json\/wp\/v2\/product_cat?post=7541"},{"taxonomy":"product_tag","embeddable":true,"href":"https:\/\/xenonkungen.com\/es\/wp-json\/wp\/v2\/product_tag?post=7541"}],"curies":[{"name":"wp","href":"https:\/\/api.w.org\/{rel}","templated":true}]}}