{"id":7573,"date":"2025-04-15T09:57:00","date_gmt":"2025-04-15T09:57:00","guid":{"rendered":"https:\/\/xenonkungen.com\/product\/ledriving-ledramp-vx500-cb\/"},"modified":"2026-03-25T14:30:14","modified_gmt":"2026-03-25T13:30:14","slug":"rampa-led-para-conduccion-vx500-cb","status":"publish","type":"product","link":"https:\/\/xenonkungen.com\/es\/producto\/rampa-led-para-conduccion-vx500-cb\/","title":{"rendered":"Rampa LEDriving\u00ae VX500-CB <52cm>"},"content":{"rendered":"<h1>Ilumina tu vida con las luces de trabajo y conducci\u00f3n LEDriving de OSRAM<\/h1>\n<p>La barra de luces OSRAM LEDriving VX500-CB ilumina caminos rurales oscuros y senderos forestales. <\/p>\n<p>Con 48 potentes LED de alto rendimiento y larga duraci\u00f3n, la barra de luces OSRAM LEDriving Lightbar VX500-CB tiene un alcance de hasta 238 metros y proporciona al conductor una excelente visibilidad tanto en carretera como fuera de ella. Incluso en condiciones de poca luz, la OSRAM LEDriving Lightbar VX500-CB ofrece una iluminaci\u00f3n similar a la luz del d\u00eda gracias a una temperatura de color de hasta 6000 Kelvin. Su intensa potencia lum\u00ednica de hasta 4100 l\u00famenes se combina con una alta eficiencia \u00f3ptica y una distribuci\u00f3n uniforme de la luz. Esto se traduce en una mejor visibilidad y una mayor facilidad para que otros usuarios de la v\u00eda perciban su veh\u00edculo, lo que contribuye a una mayor seguridad vial tanto en carretera como fuera de ella.<\/p>\n<p>\u00bfEn carretera o fuera de ella? <\/p>\n<p>La barra de luces OSRAM LEDriving VX500-CB destaca por su potente rendimiento y su larga vida \u00fatil de hasta 5000 horas. Esta vers\u00e1til luz soporta condiciones ambientales adversas gracias a sus materiales de alta calidad, como la carcasa de aluminio y la robusta lente de policarbonato, y es a la vez ligera y duradera. <\/p>\n<p>La barra de luces OSRAM LEDriving VX500-CB ha sido sometida a pruebas en nuestro laboratorio de simulaci\u00f3n ambiental con certificaci\u00f3n DIN, donde ha sido probada en condiciones externas extremas como agua, polvo, golpes, temperaturas altas y bajas y vibraciones constantes, obteniendo la clasificaci\u00f3n de protecci\u00f3n IP67. Un controlador integrado y un sistema de gesti\u00f3n t\u00e9rmica regulan la temperatura de la barra de luces LED y previenen da\u00f1os por sobrecalentamiento. La protecci\u00f3n contra inversi\u00f3n de polaridad evita conexiones incorrectas en la fuente de alimentaci\u00f3n y previene posibles da\u00f1os apagando autom\u00e1ticamente las l\u00e1mparas LED. <\/p>\n<p>\u00bfEn carretera o fuera de ella? La barra de luces LED OSRAM LEDriving VX500-CB es una mejora eficaz para su veh\u00edculo. Estas luces auxiliares LED con certificaci\u00f3n ECE no requieren ning\u00fan tipo de registro adicional ni modificaciones en la documentaci\u00f3n del veh\u00edculo.<br \/>N\u00famero de referencia ECE: 17.5<\/p>\n<p>La barra de luces OSRAM LEDriving VX500-CB se puede montar en autom\u00f3viles, camiones, maquinaria agr\u00edcola, veh\u00edculos comerciales, veh\u00edculos de construcci\u00f3n, maquinaria forestal, caravanas, veh\u00edculos todoterreno y quads.<br \/>El OSRAM LEDriving VX500-CB es vers\u00e1til y flexible.<\/p>","protected":false},"excerpt":{"rendered":"<p>Barra de luz combinada de Osram. Proporciona una luz amplia y de largo alcance. Perfecta para nuestro clima n\u00f3rdico.<\/p>","protected":false},"featured_media":7574,"comment_status":"closed","ping_status":"open","template":"","meta":{"_acf_changed":false,"_smort_price_nok":"1559","_smort_price_dkk":"991","_smort_price_eur":"132.72","_smort_sale_price_nok":"","_smort_sale_price_dkk":"","_smort_sale_price_eur":"","smort_restorder":"","shipmondo_restorder":"","_kad_blocks_custom_css":"","_kad_blocks_head_custom_js":"","_kad_blocks_body_custom_js":"","_kad_blocks_footer_custom_js":"","smort_custom_pricelist_1":"934.4","smort_custom_pricelist_2":"934.4","smort_custom_pricelist_3":"887.68","smort_custom_pricelist_4":"1168","smort_custom_pricelist_5":"934.4"},"anvandningsomrade":[],"bilmarken":[],"product_brand":[108],"product_cat":[2966,2539,2640,2183],"product_tag":[],"class_list":{"0":"post-7573","1":"product","2":"type-product","3":"status-publish","4":"has-post-thumbnail","6":"product_brand-osram","7":"product_cat-ledramp-rak","8":"product_cat-ledramper","9":"product_cat-osram-ledriving-ledramper","10":"product_cat-osram-ledriving","11":"pa_faktisk-effekts-forbrukning-1958","12":"pa_fargtemperatur-1428","13":"pa_fuktskydd-varde-ipxx-ip67","14":"pa_godkannande-e4-ece-r10-r112","15":"pa_lampsockel-kontakt-oppna-kablar","16":"pa_storlek-mm-80x62x582","17":"pa_volt-v-12-24","19":"first","20":"onbackorder","21":"taxable","22":"shipping-taxable","23":"purchasable","24":"product-type-simple"},"bundled_by":[],"bundle_stock_status":"onbackorder","bundle_stock_quantity":0,"bundle_virtual":false,"bundle_layout":"","bundle_add_to_cart_form_location":"","bundle_editable_in_cart":false,"bundle_sold_individually_context":"","bundle_item_grouping":"","bundle_min_size":"","bundle_max_size":"","bundle_price":[],"bundled_items":[],"bundle_sell_ids":[],"acf":[],"yoast_head":"<!-- This site is optimized with the Yoast SEO plugin v27.0 - https:\/\/yoast.com\/product\/yoast-seo-wordpress\/ -->\n<title>LEDriving\u00ae LEDramp VX500-CB  - Xenonkungen<\/title>\n<meta name=\"robots\" content=\"index, follow, max-snippet:-1, max-image-preview:large, max-video-preview:-1\" \/>\n<link rel=\"canonical\" href=\"https:\/\/xenonkungen.com\/es\/producto\/rampa-led-para-conduccion-vx500-cb\/\" \/>\n<meta property=\"og:locale\" content=\"es_ES\" \/>\n<meta property=\"og:type\" content=\"article\" \/>\n<meta property=\"og:title\" content=\"LEDriving\u00ae LEDramp VX500-CB  - Xenonkungen\" \/>\n<meta property=\"og:description\" content=\"Combo ljusramp fr\u00e5n Osram. Ger er b\u00e5de l\u00e5ngt och brett ljus. Perfekt f\u00f6r v\u00e5rt nordiska klimat.\" \/>\n<meta property=\"og:url\" content=\"https:\/\/xenonkungen.com\/es\/producto\/rampa-led-para-conduccion-vx500-cb\/\" \/>\n<meta property=\"og:site_name\" content=\"Xenonkungen\" \/>\n<meta property=\"article:modified_time\" content=\"2026-03-25T13:30:14+00:00\" \/>\n<meta property=\"og:image\" content=\"https:\/\/xenonkungen.com\/wp-content\/uploads\/2025\/04\/178266117-origpic-65a03d.jpg\" \/>\n\t<meta property=\"og:image:width\" content=\"900\" \/>\n\t<meta property=\"og:image:height\" content=\"900\" \/>\n\t<meta property=\"og:image:type\" content=\"image\/jpeg\" \/>\n<meta name=\"twitter:card\" content=\"summary_large_image\" \/>\n<meta name=\"twitter:label1\" content=\"Tiempo de lectura\" \/>\n\t<meta name=\"twitter:data1\" content=\"2 minutos\" \/>\n<script type=\"application\/ld+json\" class=\"yoast-schema-graph\">{\"@context\":\"https:\/\/schema.org\",\"@graph\":[{\"@type\":\"WebPage\",\"@id\":\"https:\/\/xenonkungen.com\/produkt\/ledriving-ledramp-vx500-cb\/\",\"url\":\"https:\/\/xenonkungen.com\/produkt\/ledriving-ledramp-vx500-cb\/\",\"name\":\"LEDriving\u00ae LEDramp VX500-CB - Xenonkungen\",\"isPartOf\":{\"@id\":\"https:\/\/xenonkungen.com\/#website\"},\"primaryImageOfPage\":{\"@id\":\"https:\/\/xenonkungen.com\/produkt\/ledriving-ledramp-vx500-cb\/#primaryimage\"},\"image\":{\"@id\":\"https:\/\/xenonkungen.com\/produkt\/ledriving-ledramp-vx500-cb\/#primaryimage\"},\"thumbnailUrl\":\"https:\/\/xenonkungen.com\/wp-content\/uploads\/2025\/04\/178266117-origpic-65a03d.jpg\",\"datePublished\":\"2025-04-15T09:57:00+00:00\",\"dateModified\":\"2026-03-25T13:30:14+00:00\",\"breadcrumb\":{\"@id\":\"https:\/\/xenonkungen.com\/produkt\/ledriving-ledramp-vx500-cb\/#breadcrumb\"},\"inLanguage\":\"es\",\"potentialAction\":[{\"@type\":\"ReadAction\",\"target\":[\"https:\/\/xenonkungen.com\/produkt\/ledriving-ledramp-vx500-cb\/\"]}]},{\"@type\":\"ImageObject\",\"inLanguage\":\"es\",\"@id\":\"https:\/\/xenonkungen.com\/produkt\/ledriving-ledramp-vx500-cb\/#primaryimage\",\"url\":\"https:\/\/xenonkungen.com\/wp-content\/uploads\/2025\/04\/178266117-origpic-65a03d.jpg\",\"contentUrl\":\"https:\/\/xenonkungen.com\/wp-content\/uploads\/2025\/04\/178266117-origpic-65a03d.jpg\",\"width\":900,\"height\":900},{\"@type\":\"BreadcrumbList\",\"@id\":\"https:\/\/xenonkungen.com\/produkt\/ledriving-ledramp-vx500-cb\/#breadcrumb\",\"itemListElement\":[{\"@type\":\"ListItem\",\"position\":1,\"name\":\"Hem\",\"item\":\"https:\/\/xenonkungen.com\/\"},{\"@type\":\"ListItem\",\"position\":2,\"name\":\"Shop\",\"item\":\"https:\/\/xenonkungen.com\/shop\/\"},{\"@type\":\"ListItem\",\"position\":3,\"name\":\"LEDriving\u00ae LEDramp VX500-CB\"}]},{\"@type\":\"WebSite\",\"@id\":\"https:\/\/xenonkungen.com\/#website\",\"url\":\"https:\/\/xenonkungen.com\/\",\"name\":\"Xenonkungen\",\"description\":\"\",\"potentialAction\":[{\"@type\":\"SearchAction\",\"target\":{\"@type\":\"EntryPoint\",\"urlTemplate\":\"https:\/\/xenonkungen.com\/?s={search_term_string}\"},\"query-input\":{\"@type\":\"PropertyValueSpecification\",\"valueRequired\":true,\"valueName\":\"search_term_string\"}}],\"inLanguage\":\"es\"}]}<\/script>\n<!-- \/ Yoast SEO plugin. -->","yoast_head_json":{"title":"LEDriving\u00ae LEDramp VX500-CB - El rey del xen\u00f3n","robots":{"index":"index","follow":"follow","max-snippet":"max-snippet:-1","max-image-preview":"max-image-preview:large","max-video-preview":"max-video-preview:-1"},"canonical":"https:\/\/xenonkungen.com\/es\/producto\/rampa-led-para-conduccion-vx500-cb\/","og_locale":"es_ES","og_type":"article","og_title":"LEDriving\u00ae LEDramp VX500-CB  - Xenonkungen","og_description":"Combo ljusramp fr\u00e5n Osram. Ger er b\u00e5de l\u00e5ngt och brett ljus. Perfekt f\u00f6r v\u00e5rt nordiska klimat.","og_url":"https:\/\/xenonkungen.com\/es\/producto\/rampa-led-para-conduccion-vx500-cb\/","og_site_name":"Xenonkungen","article_modified_time":"2026-03-25T13:30:14+00:00","og_image":[{"width":900,"height":900,"url":"https:\/\/xenonkungen.com\/wp-content\/uploads\/2025\/04\/178266117-origpic-65a03d.jpg","type":"image\/jpeg"}],"twitter_card":"summary_large_image","twitter_misc":{"Tiempo de lectura":"2 minutos"},"schema":{"@context":"https:\/\/schema.org","@graph":[{"@type":"WebPage","@id":"https:\/\/xenonkungen.com\/produkt\/ledriving-ledramp-vx500-cb\/","url":"https:\/\/xenonkungen.com\/produkt\/ledriving-ledramp-vx500-cb\/","name":"LEDriving\u00ae LEDramp VX500-CB - El rey del xen\u00f3n","isPartOf":{"@id":"https:\/\/xenonkungen.com\/#website"},"primaryImageOfPage":{"@id":"https:\/\/xenonkungen.com\/produkt\/ledriving-ledramp-vx500-cb\/#primaryimage"},"image":{"@id":"https:\/\/xenonkungen.com\/produkt\/ledriving-ledramp-vx500-cb\/#primaryimage"},"thumbnailUrl":"https:\/\/xenonkungen.com\/wp-content\/uploads\/2025\/04\/178266117-origpic-65a03d.jpg","datePublished":"2025-04-15T09:57:00+00:00","dateModified":"2026-03-25T13:30:14+00:00","breadcrumb":{"@id":"https:\/\/xenonkungen.com\/produkt\/ledriving-ledramp-vx500-cb\/#breadcrumb"},"inLanguage":"es","potentialAction":[{"@type":"ReadAction","target":["https:\/\/xenonkungen.com\/produkt\/ledriving-ledramp-vx500-cb\/"]}]},{"@type":"ImageObject","inLanguage":"es","@id":"https:\/\/xenonkungen.com\/produkt\/ledriving-ledramp-vx500-cb\/#primaryimage","url":"https:\/\/xenonkungen.com\/wp-content\/uploads\/2025\/04\/178266117-origpic-65a03d.jpg","contentUrl":"https:\/\/xenonkungen.com\/wp-content\/uploads\/2025\/04\/178266117-origpic-65a03d.jpg","width":900,"height":900},{"@type":"BreadcrumbList","@id":"https:\/\/xenonkungen.com\/produkt\/ledriving-ledramp-vx500-cb\/#breadcrumb","itemListElement":[{"@type":"ListItem","position":1,"name":"Hem","item":"https:\/\/xenonkungen.com\/"},{"@type":"ListItem","position":2,"name":"Shop","item":"https:\/\/xenonkungen.com\/shop\/"},{"@type":"ListItem","position":3,"name":"LEDriving\u00ae LEDramp VX500-CB"}]},{"@type":"WebSite","@id":"https:\/\/xenonkungen.com\/#website","url":"https:\/\/xenonkungen.com\/","name":"Xenonkungen","description":"","potentialAction":[{"@type":"SearchAction","target":{"@type":"EntryPoint","urlTemplate":"https:\/\/xenonkungen.com\/?s={search_term_string}"},"query-input":{"@type":"PropertyValueSpecification","valueRequired":true,"valueName":"search_term_string"}}],"inLanguage":"es"}]}},"taxonomy_info":{"product_brand":[{"value":108,"label":"OSRAM"}],"product_cat":[{"value":2966,"label":"Ledramp Rak"},{"value":2539,"label":"LEDRAMPER"},{"value":2640,"label":"OSRAM Ledriving"},{"value":2183,"label":"OSRAM LEDriving\u00ae"}],"pa_faktisk-effekts-forbrukning":[{"value":1958,"label":"72"}],"pa_fargtemperatur":[{"value":1428,"label":"6000"}],"pa_fuktskydd-varde-ipxx":[{"value":333,"label":"IP67"}],"pa_godkannande":[{"value":1930,"label":"E4, ECE R10, R112"}],"pa_lampsockel-kontakt":[{"value":1955,"label":"\u00d6ppna kablar"}],"pa_storlek-mm":[{"value":1957,"label":"80x62x582"}],"pa_volt-v":[{"value":348,"label":"12, 24"}]},"featured_image_src_large":["https:\/\/xenonkungen.com\/wp-content\/uploads\/2025\/04\/178266117-origpic-65a03d.jpg",900,900,false],"author_info":[],"comment_info":0,"_links":{"self":[{"href":"https:\/\/xenonkungen.com\/es\/wp-json\/wp\/v2\/product\/7573","targetHints":{"allow":["GET"]}}],"collection":[{"href":"https:\/\/xenonkungen.com\/es\/wp-json\/wp\/v2\/product"}],"about":[{"href":"https:\/\/xenonkungen.com\/es\/wp-json\/wp\/v2\/types\/product"}],"replies":[{"embeddable":true,"href":"https:\/\/xenonkungen.com\/es\/wp-json\/wp\/v2\/comments?post=7573"}],"wp:featuredmedia":[{"embeddable":true,"href":"https:\/\/xenonkungen.com\/es\/wp-json\/wp\/v2\/media\/7574"}],"wp:attachment":[{"href":"https:\/\/xenonkungen.com\/es\/wp-json\/wp\/v2\/media?parent=7573"}],"wp:term":[{"taxonomy":"anvandningsomrade","embeddable":true,"href":"https:\/\/xenonkungen.com\/es\/wp-json\/wp\/v2\/anvandningsomrade?post=7573"},{"taxonomy":"bilmarken","embeddable":true,"href":"https:\/\/xenonkungen.com\/es\/wp-json\/wp\/v2\/bilmarken?post=7573"},{"taxonomy":"product_brand","embeddable":true,"href":"https:\/\/xenonkungen.com\/es\/wp-json\/wp\/v2\/product_brand?post=7573"},{"taxonomy":"product_cat","embeddable":true,"href":"https:\/\/xenonkungen.com\/es\/wp-json\/wp\/v2\/product_cat?post=7573"},{"taxonomy":"product_tag","embeddable":true,"href":"https:\/\/xenonkungen.com\/es\/wp-json\/wp\/v2\/product_tag?post=7573"}],"curies":[{"name":"wp","href":"https:\/\/api.w.org\/{rel}","templated":true}]}}