{"id":7584,"date":"2025-04-15T09:57:00","date_gmt":"2025-04-15T09:57:00","guid":{"rendered":"https:\/\/xenonkungen.com\/product\/tyreinflate-cykelpump-2000-fs1\/"},"modified":"2026-04-11T01:36:32","modified_gmt":"2026-04-11T00:36:32","slug":"bomba-de-inflado-de-neumaticos-de-bicicleta-2000-fs1","status":"publish","type":"product","link":"https:\/\/xenonkungen.com\/es\/producto\/bomba-de-inflado-de-neumaticos-de-bicicleta-2000-fs1\/","title":{"rendered":"TYREINFLATE Bomba de bicicleta 2000 FS1"},"content":{"rendered":"<h2>OSRAM TYREinflate 2000 - Su inflador de neum\u00e1ticos compacto y recargable para todas las ocasiones<\/h2>\n<p>Experimente la comodidad de <strong>OSRAM TYREinflado 2000<\/strong>Un inflador de neum\u00e1ticos inteligente y recargable que permite inflar los neum\u00e1ticos de forma f\u00e1cil y precisa. Con su pantalla digital retroiluminada, obtendr\u00e1 mediciones precisas de la presi\u00f3n en BAR, kPA y PSI, y con la funci\u00f3n de memoria inteligente, podr\u00e1 guardar hasta 4 valores diferentes de presi\u00f3n de los neum\u00e1ticos. Perfecto para neum\u00e1ticos de coche, bicicleta, scooter y motocicleta.<\/p>\n<p><strong>Funci\u00f3n de parada autom\u00e1tica<\/strong> garantiza que la bomba se detenga autom\u00e1ticamente cuando se alcanza la presi\u00f3n adecuada, lo que le ofrece tranquilidad y comodidad en todo momento. Con la <strong>Carga USB<\/strong> no se necesita una toma de 12 V, por lo que es perfecto para utilizarlo sobre la marcha: \u00a1se acabaron las preocupaciones por la presi\u00f3n de los neum\u00e1ticos est\u00e9s donde est\u00e9s!<\/p>\n<p>Gracias a su dise\u00f1o compacto y ligero, puedes guardar f\u00e1cilmente <strong>OSRAM TYREinflado 2000<\/strong> en la guantera del coche, en una mochila o con el soporte para bicicleta incluido. Tambi\u00e9n funciona como <strong>banco de energ\u00eda<\/strong> para tus dispositivos electr\u00f3nicos, para que puedas cargar tu m\u00f3vil est\u00e9s donde est\u00e9s. Y con la linterna incorporada, tendr\u00e1s luz incluso en situaciones de oscuridad.<\/p>\n<p>Ideal para neum\u00e1ticos, balones y otros inflables con v\u00e1lvulas Presta, se incluye un kit adaptador de 2 piezas para un uso m\u00e1ximo.<\/p>\n<h3>\u00bfPor qu\u00e9 elegir OSRAM TYREinflate 2000?<\/h3>\n<ul>\n<li><strong>Precisi\u00f3n digital<\/strong> - Obt\u00e9n mediciones de presi\u00f3n precisas y guarda tus ajustes<\/li>\n<li><strong>En autostop<\/strong> - La bomba se detiene autom\u00e1ticamente a la presi\u00f3n adecuada<\/li>\n<li><strong>Recargable por USB<\/strong> - No necesita toma de 12 V<\/li>\n<li><strong>Funci\u00f3n Powerbank<\/strong> - Carga tus dispositivos est\u00e9s donde est\u00e9s<\/li>\n<li><strong>Dise\u00f1o compacto<\/strong> - F\u00e1cil de llevar de viaje<\/li>\n<li><strong>Linterna incorporada<\/strong> - Para iluminar en la oscuridad<\/li>\n<\/ul>\n<p>Med <strong>OSRAM TYREinflado 2000<\/strong> siempre tendr\u00e1 a mano un inflador de neum\u00e1ticos fiable y vers\u00e1til. OSRAM tambi\u00e9n ofrece <strong>2 a\u00f1os de garant\u00eda<\/strong>para que pueda estar seguro de su compra.<\/p>","protected":false},"excerpt":{"rendered":"<p>Descubra el OSRAM TYREinflate 2000, un inflador de neum\u00e1ticos compacto y recargable perfecto para bicicletas, motocicletas y coches. Con precisi\u00f3n digital, funci\u00f3n de parada autom\u00e1tica y carga USB, el inflado de neum\u00e1ticos es r\u00e1pido, f\u00e1cil y siempre est\u00e1 disponible cuando lo necesitas.<\/p>","protected":false},"featured_media":7585,"comment_status":"closed","ping_status":"closed","template":"","meta":{"_acf_changed":false,"_smort_price_nok":"641","_smort_price_dkk":"577","_smort_price_eur":"77.27","_smort_sale_price_nok":"641","_smort_sale_price_dkk":"","_smort_sale_price_eur":"","smort_restorder":"","shipmondo_restorder":"","_kad_blocks_custom_css":"","_kad_blocks_head_custom_js":"","_kad_blocks_body_custom_js":"","_kad_blocks_footer_custom_js":"","smort_custom_pricelist_1":"544","smort_custom_pricelist_2":"476","smort_custom_pricelist_3":"442","smort_custom_pricelist_4":"680","smort_custom_pricelist_5":"476"},"anvandningsomrade":[],"bilmarken":[],"product_brand":[108],"product_cat":[377,1962,1402],"product_tag":[],"class_list":{"0":"post-7584","1":"product","2":"type-product","3":"status-publish","4":"has-post-thumbnail","6":"product_brand-osram","7":"product_cat-biltillbehor","8":"product_cat-cykel","9":"product_cat-outlet","10":"pa_storlek-mm-170x70x70","12":"first","13":"instock","14":"sale","15":"taxable","16":"shipping-taxable","17":"purchasable","18":"product-type-simple"},"bundled_by":[],"bundle_stock_status":"instock","bundle_stock_quantity":7,"bundle_virtual":false,"bundle_layout":"","bundle_add_to_cart_form_location":"","bundle_editable_in_cart":false,"bundle_sold_individually_context":"","bundle_item_grouping":"","bundle_min_size":"","bundle_max_size":"","bundle_price":[],"bundled_items":[],"bundle_sell_ids":[],"acf":[],"yoast_head":"<!-- This site is optimized with the Yoast SEO plugin v27.0 - https:\/\/yoast.com\/product\/yoast-seo-wordpress\/ -->\n<title>TYREINFLATE Cykelpump 2000 FS1 - Xenonkungen<\/title>\n<meta name=\"robots\" content=\"index, follow, max-snippet:-1, max-image-preview:large, max-video-preview:-1\" \/>\n<link rel=\"canonical\" href=\"https:\/\/xenonkungen.com\/es\/producto\/bomba-de-inflado-de-neumaticos-de-bicicleta-2000-fs1\/\" \/>\n<meta property=\"og:locale\" content=\"es_ES\" \/>\n<meta property=\"og:type\" content=\"article\" \/>\n<meta property=\"og:title\" content=\"TYREINFLATE Cykelpump 2000 FS1 - Xenonkungen\" \/>\n<meta property=\"og:description\" content=\"Uppt\u00e4ck OSRAM TYREinflate 2000, en kompakt och laddningsbar d\u00e4ckpump som \u00e4r perfekt f\u00f6r cyklar, motorcyklar och bilar. Med digital precision, auto-stop-funktion och USB-laddning blir d\u00e4ckpumpningen snabb, enkel och alltid tillg\u00e4nglig n\u00e4r du beh\u00f6ver det.\" \/>\n<meta property=\"og:url\" content=\"https:\/\/xenonkungen.com\/es\/producto\/bomba-de-inflado-de-neumaticos-de-bicicleta-2000-fs1\/\" \/>\n<meta property=\"og:site_name\" content=\"Xenonkungen\" \/>\n<meta property=\"article:modified_time\" content=\"2026-04-11T00:36:32+00:00\" \/>\n<meta property=\"og:image\" content=\"https:\/\/xenonkungen.com\/wp-content\/uploads\/2025\/04\/215792521-origpic-249647.jpg\" \/>\n\t<meta property=\"og:image:width\" content=\"912\" \/>\n\t<meta property=\"og:image:height\" content=\"914\" \/>\n\t<meta property=\"og:image:type\" content=\"image\/jpeg\" \/>\n<meta name=\"twitter:card\" content=\"summary_large_image\" \/>\n<meta name=\"twitter:label1\" content=\"Tiempo de lectura\" \/>\n\t<meta name=\"twitter:data1\" content=\"2 minutos\" \/>\n<script type=\"application\/ld+json\" class=\"yoast-schema-graph\">{\"@context\":\"https:\/\/schema.org\",\"@graph\":[{\"@type\":\"WebPage\",\"@id\":\"https:\/\/xenonkungen.com\/produkt\/tyreinflate-cykelpump-2000-fs1\/\",\"url\":\"https:\/\/xenonkungen.com\/produkt\/tyreinflate-cykelpump-2000-fs1\/\",\"name\":\"TYREINFLATE Cykelpump 2000 FS1 - Xenonkungen\",\"isPartOf\":{\"@id\":\"https:\/\/xenonkungen.com\/#website\"},\"primaryImageOfPage\":{\"@id\":\"https:\/\/xenonkungen.com\/produkt\/tyreinflate-cykelpump-2000-fs1\/#primaryimage\"},\"image\":{\"@id\":\"https:\/\/xenonkungen.com\/produkt\/tyreinflate-cykelpump-2000-fs1\/#primaryimage\"},\"thumbnailUrl\":\"https:\/\/xenonkungen.com\/wp-content\/uploads\/2025\/04\/215792521-origpic-249647.jpg\",\"datePublished\":\"2025-04-15T09:57:00+00:00\",\"dateModified\":\"2026-04-11T00:36:32+00:00\",\"breadcrumb\":{\"@id\":\"https:\/\/xenonkungen.com\/produkt\/tyreinflate-cykelpump-2000-fs1\/#breadcrumb\"},\"inLanguage\":\"es\",\"potentialAction\":[{\"@type\":\"ReadAction\",\"target\":[\"https:\/\/xenonkungen.com\/produkt\/tyreinflate-cykelpump-2000-fs1\/\"]}]},{\"@type\":\"ImageObject\",\"inLanguage\":\"es\",\"@id\":\"https:\/\/xenonkungen.com\/produkt\/tyreinflate-cykelpump-2000-fs1\/#primaryimage\",\"url\":\"https:\/\/xenonkungen.com\/wp-content\/uploads\/2025\/04\/215792521-origpic-249647.jpg\",\"contentUrl\":\"https:\/\/xenonkungen.com\/wp-content\/uploads\/2025\/04\/215792521-origpic-249647.jpg\",\"width\":912,\"height\":914},{\"@type\":\"BreadcrumbList\",\"@id\":\"https:\/\/xenonkungen.com\/produkt\/tyreinflate-cykelpump-2000-fs1\/#breadcrumb\",\"itemListElement\":[{\"@type\":\"ListItem\",\"position\":1,\"name\":\"Hem\",\"item\":\"https:\/\/xenonkungen.com\/\"},{\"@type\":\"ListItem\",\"position\":2,\"name\":\"Shop\",\"item\":\"https:\/\/xenonkungen.com\/shop\/\"},{\"@type\":\"ListItem\",\"position\":3,\"name\":\"TYREINFLATE Cykelpump 2000 FS1\"}]},{\"@type\":\"WebSite\",\"@id\":\"https:\/\/xenonkungen.com\/#website\",\"url\":\"https:\/\/xenonkungen.com\/\",\"name\":\"Xenonkungen\",\"description\":\"\",\"potentialAction\":[{\"@type\":\"SearchAction\",\"target\":{\"@type\":\"EntryPoint\",\"urlTemplate\":\"https:\/\/xenonkungen.com\/?s={search_term_string}\"},\"query-input\":{\"@type\":\"PropertyValueSpecification\",\"valueRequired\":true,\"valueName\":\"search_term_string\"}}],\"inLanguage\":\"es\"}]}<\/script>\n<!-- \/ Yoast SEO plugin. -->","yoast_head_json":{"title":"Bomba de bicicleta TYREINFLATE 2000 FS1 - El rey del xen\u00f3n","robots":{"index":"index","follow":"follow","max-snippet":"max-snippet:-1","max-image-preview":"max-image-preview:large","max-video-preview":"max-video-preview:-1"},"canonical":"https:\/\/xenonkungen.com\/es\/producto\/bomba-de-inflado-de-neumaticos-de-bicicleta-2000-fs1\/","og_locale":"es_ES","og_type":"article","og_title":"TYREINFLATE Cykelpump 2000 FS1 - Xenonkungen","og_description":"Uppt\u00e4ck OSRAM TYREinflate 2000, en kompakt och laddningsbar d\u00e4ckpump som \u00e4r perfekt f\u00f6r cyklar, motorcyklar och bilar. Med digital precision, auto-stop-funktion och USB-laddning blir d\u00e4ckpumpningen snabb, enkel och alltid tillg\u00e4nglig n\u00e4r du beh\u00f6ver det.","og_url":"https:\/\/xenonkungen.com\/es\/producto\/bomba-de-inflado-de-neumaticos-de-bicicleta-2000-fs1\/","og_site_name":"Xenonkungen","article_modified_time":"2026-04-11T00:36:32+00:00","og_image":[{"width":912,"height":914,"url":"https:\/\/xenonkungen.com\/wp-content\/uploads\/2025\/04\/215792521-origpic-249647.jpg","type":"image\/jpeg"}],"twitter_card":"summary_large_image","twitter_misc":{"Tiempo de lectura":"2 minutos"},"schema":{"@context":"https:\/\/schema.org","@graph":[{"@type":"WebPage","@id":"https:\/\/xenonkungen.com\/produkt\/tyreinflate-cykelpump-2000-fs1\/","url":"https:\/\/xenonkungen.com\/produkt\/tyreinflate-cykelpump-2000-fs1\/","name":"Bomba de bicicleta TYREINFLATE 2000 FS1 - El rey del xen\u00f3n","isPartOf":{"@id":"https:\/\/xenonkungen.com\/#website"},"primaryImageOfPage":{"@id":"https:\/\/xenonkungen.com\/produkt\/tyreinflate-cykelpump-2000-fs1\/#primaryimage"},"image":{"@id":"https:\/\/xenonkungen.com\/produkt\/tyreinflate-cykelpump-2000-fs1\/#primaryimage"},"thumbnailUrl":"https:\/\/xenonkungen.com\/wp-content\/uploads\/2025\/04\/215792521-origpic-249647.jpg","datePublished":"2025-04-15T09:57:00+00:00","dateModified":"2026-04-11T00:36:32+00:00","breadcrumb":{"@id":"https:\/\/xenonkungen.com\/produkt\/tyreinflate-cykelpump-2000-fs1\/#breadcrumb"},"inLanguage":"es","potentialAction":[{"@type":"ReadAction","target":["https:\/\/xenonkungen.com\/produkt\/tyreinflate-cykelpump-2000-fs1\/"]}]},{"@type":"ImageObject","inLanguage":"es","@id":"https:\/\/xenonkungen.com\/produkt\/tyreinflate-cykelpump-2000-fs1\/#primaryimage","url":"https:\/\/xenonkungen.com\/wp-content\/uploads\/2025\/04\/215792521-origpic-249647.jpg","contentUrl":"https:\/\/xenonkungen.com\/wp-content\/uploads\/2025\/04\/215792521-origpic-249647.jpg","width":912,"height":914},{"@type":"BreadcrumbList","@id":"https:\/\/xenonkungen.com\/produkt\/tyreinflate-cykelpump-2000-fs1\/#breadcrumb","itemListElement":[{"@type":"ListItem","position":1,"name":"Hem","item":"https:\/\/xenonkungen.com\/"},{"@type":"ListItem","position":2,"name":"Shop","item":"https:\/\/xenonkungen.com\/shop\/"},{"@type":"ListItem","position":3,"name":"TYREINFLATE Cykelpump 2000 FS1"}]},{"@type":"WebSite","@id":"https:\/\/xenonkungen.com\/#website","url":"https:\/\/xenonkungen.com\/","name":"Xenonkungen","description":"","potentialAction":[{"@type":"SearchAction","target":{"@type":"EntryPoint","urlTemplate":"https:\/\/xenonkungen.com\/?s={search_term_string}"},"query-input":{"@type":"PropertyValueSpecification","valueRequired":true,"valueName":"search_term_string"}}],"inLanguage":"es"}]}},"taxonomy_info":{"product_brand":[{"value":108,"label":"OSRAM"}],"product_cat":[{"value":377,"label":"Biltillbeh\u00f6r"},{"value":1962,"label":"Cykel"},{"value":1402,"label":"Outlet"}],"pa_storlek-mm":[{"value":1960,"label":"170x70x70"}]},"featured_image_src_large":["https:\/\/xenonkungen.com\/wp-content\/uploads\/2025\/04\/215792521-origpic-249647.jpg",912,914,false],"author_info":[],"comment_info":1,"_links":{"self":[{"href":"https:\/\/xenonkungen.com\/es\/wp-json\/wp\/v2\/product\/7584","targetHints":{"allow":["GET"]}}],"collection":[{"href":"https:\/\/xenonkungen.com\/es\/wp-json\/wp\/v2\/product"}],"about":[{"href":"https:\/\/xenonkungen.com\/es\/wp-json\/wp\/v2\/types\/product"}],"replies":[{"embeddable":true,"href":"https:\/\/xenonkungen.com\/es\/wp-json\/wp\/v2\/comments?post=7584"}],"wp:featuredmedia":[{"embeddable":true,"href":"https:\/\/xenonkungen.com\/es\/wp-json\/wp\/v2\/media\/7585"}],"wp:attachment":[{"href":"https:\/\/xenonkungen.com\/es\/wp-json\/wp\/v2\/media?parent=7584"}],"wp:term":[{"taxonomy":"anvandningsomrade","embeddable":true,"href":"https:\/\/xenonkungen.com\/es\/wp-json\/wp\/v2\/anvandningsomrade?post=7584"},{"taxonomy":"bilmarken","embeddable":true,"href":"https:\/\/xenonkungen.com\/es\/wp-json\/wp\/v2\/bilmarken?post=7584"},{"taxonomy":"product_brand","embeddable":true,"href":"https:\/\/xenonkungen.com\/es\/wp-json\/wp\/v2\/product_brand?post=7584"},{"taxonomy":"product_cat","embeddable":true,"href":"https:\/\/xenonkungen.com\/es\/wp-json\/wp\/v2\/product_cat?post=7584"},{"taxonomy":"product_tag","embeddable":true,"href":"https:\/\/xenonkungen.com\/es\/wp-json\/wp\/v2\/product_tag?post=7584"}],"curies":[{"name":"wp","href":"https:\/\/api.w.org\/{rel}","templated":true}]}}