{"id":7599,"date":"2025-04-15T09:57:25","date_gmt":"2025-04-15T09:57:25","guid":{"rendered":"https:\/\/xenonkungen.com\/product\/tyreinflate-dackpump-200-fs1\/"},"modified":"2026-04-24T17:43:46","modified_gmt":"2026-04-24T16:43:46","slug":"bomba-de-inflado-de-neumaticos-tyreinflate-200-fs1","status":"publish","type":"product","link":"https:\/\/xenonkungen.com\/es\/producto\/bomba-de-inflado-de-neumaticos-tyreinflate-200-fs1\/","title":{"rendered":"TYREINFLATE Inflador de neum\u00e1ticos 200 FS1"},"content":{"rendered":"<h1>OSRAM TYREinflado 200<\/h1>\n<p>El compresor anal\u00f3gico OSRAM TYREinflate 200 puede llenar un neum\u00e1tico vac\u00edo de 13' en 4,5 minutos. Pero, por supuesto, puede manejar neum\u00e1ticos mucho m\u00e1s grandes que eso. Dispone de un sencillo interruptor de encendido\/apagado para facilitar su manejo. El compresor es estable y se mantiene perfectamente inm\u00f3vil durante su uso. El TYREinflate 200 se alimenta de la toma de 12 V existente en el coche, y el cable de alimentaci\u00f3n de 3 m permite llegar f\u00e1cilmente a todos los neum\u00e1ticos del coche. El man\u00f3metro anal\u00f3gico proporciona informaci\u00f3n sobre la presi\u00f3n de los neum\u00e1ticos en kPa, bar y PSI. <\/p>\n<p>En la parte superior de la bomba hay un compartimento donde puedes poner los tapones de las v\u00e1lvulas mientras bombeas, para que no se pierdan. <br \/>Se incluye un kit de 3 adaptadores para neum\u00e1ticos de bicicleta, neum\u00e1ticos de motocicleta, pelotas y otros objetos inflables.<\/p>","protected":false},"excerpt":{"rendered":"<p>La bomba de neum\u00e1ticos m\u00e1s peque\u00f1a de Osram. F\u00e1cil de llevar, tanto si conduce un coche peque\u00f1o como grande.<\/p>","protected":false},"featured_media":7600,"comment_status":"closed","ping_status":"open","template":"","meta":{"_acf_changed":false,"_smort_price_nok":"299","_smort_price_dkk":"190","_smort_price_eur":"25.45","_smort_sale_price_nok":"","_smort_sale_price_dkk":"","_smort_sale_price_eur":"","smort_restorder":"","shipmondo_restorder":"","_kad_blocks_custom_css":"","_kad_blocks_head_custom_js":"","_kad_blocks_body_custom_js":"","_kad_blocks_footer_custom_js":"","smort_custom_pricelist_1":"179.2","smort_custom_pricelist_2":"179.2","smort_custom_pricelist_3":"170.24","smort_custom_pricelist_4":"224","smort_custom_pricelist_5":"179.2"},"anvandningsomrade":[],"bilmarken":[],"product_brand":[108],"product_cat":[2653,377],"product_tag":[],"class_list":{"0":"post-7599","1":"product","2":"type-product","3":"status-publish","4":"has-post-thumbnail","6":"product_brand-osram","7":"product_cat-dackpump","8":"product_cat-biltillbehor","9":"pa_storlek-mm-79x180x197","10":"pa_volt-v-159","12":"first","13":"instock","14":"taxable","15":"shipping-taxable","16":"purchasable","17":"product-type-simple"},"bundled_by":[],"bundle_stock_status":"instock","bundle_stock_quantity":3,"bundle_virtual":false,"bundle_layout":"","bundle_add_to_cart_form_location":"","bundle_editable_in_cart":false,"bundle_sold_individually_context":"","bundle_item_grouping":"","bundle_min_size":"","bundle_max_size":"","bundle_price":[],"bundled_items":[],"bundle_sell_ids":[],"acf":[],"yoast_head":"<!-- This site is optimized with the Yoast SEO plugin v27.0 - https:\/\/yoast.com\/product\/yoast-seo-wordpress\/ -->\n<title>TYREINFLATE D\u00e4ckpump 200 FS1 - Xenonkungen<\/title>\n<meta name=\"robots\" content=\"index, follow, max-snippet:-1, max-image-preview:large, max-video-preview:-1\" \/>\n<link rel=\"canonical\" href=\"https:\/\/xenonkungen.com\/es\/producto\/bomba-de-inflado-de-neumaticos-tyreinflate-200-fs1\/\" \/>\n<meta property=\"og:locale\" content=\"es_ES\" \/>\n<meta property=\"og:type\" content=\"article\" \/>\n<meta property=\"og:title\" content=\"TYREINFLATE D\u00e4ckpump 200 FS1 - Xenonkungen\" \/>\n<meta property=\"og:description\" content=\"Osrams minsta D\u00e4ckpump. Enkel att ha med sig oavsett om ni k\u00f6r liten eller stor bil.\" \/>\n<meta property=\"og:url\" content=\"https:\/\/xenonkungen.com\/es\/producto\/bomba-de-inflado-de-neumaticos-tyreinflate-200-fs1\/\" \/>\n<meta property=\"og:site_name\" content=\"Xenonkungen\" \/>\n<meta property=\"article:modified_time\" content=\"2026-04-24T16:43:46+00:00\" \/>\n<meta property=\"og:image\" content=\"https:\/\/xenonkungen.com\/wp-content\/uploads\/2025\/04\/182442315-origpic-c5da70.jpg\" \/>\n\t<meta property=\"og:image:width\" content=\"900\" \/>\n\t<meta property=\"og:image:height\" content=\"900\" \/>\n\t<meta property=\"og:image:type\" content=\"image\/jpeg\" \/>\n<meta name=\"twitter:card\" content=\"summary_large_image\" \/>\n<meta name=\"twitter:label1\" content=\"Tiempo de lectura\" \/>\n\t<meta name=\"twitter:data1\" content=\"1 minuto\" \/>\n<script type=\"application\/ld+json\" class=\"yoast-schema-graph\">{\"@context\":\"https:\/\/schema.org\",\"@graph\":[{\"@type\":\"WebPage\",\"@id\":\"https:\/\/xenonkungen.com\/produkt\/tyreinflate-dackpump-200-fs1\/\",\"url\":\"https:\/\/xenonkungen.com\/produkt\/tyreinflate-dackpump-200-fs1\/\",\"name\":\"TYREINFLATE D\u00e4ckpump 200 FS1 - Xenonkungen\",\"isPartOf\":{\"@id\":\"https:\/\/xenonkungen.com\/#website\"},\"primaryImageOfPage\":{\"@id\":\"https:\/\/xenonkungen.com\/produkt\/tyreinflate-dackpump-200-fs1\/#primaryimage\"},\"image\":{\"@id\":\"https:\/\/xenonkungen.com\/produkt\/tyreinflate-dackpump-200-fs1\/#primaryimage\"},\"thumbnailUrl\":\"https:\/\/xenonkungen.com\/wp-content\/uploads\/2025\/04\/182442315-origpic-c5da70.jpg\",\"datePublished\":\"2025-04-15T09:57:25+00:00\",\"dateModified\":\"2026-04-24T16:43:46+00:00\",\"breadcrumb\":{\"@id\":\"https:\/\/xenonkungen.com\/produkt\/tyreinflate-dackpump-200-fs1\/#breadcrumb\"},\"inLanguage\":\"es\",\"potentialAction\":[{\"@type\":\"ReadAction\",\"target\":[\"https:\/\/xenonkungen.com\/produkt\/tyreinflate-dackpump-200-fs1\/\"]}]},{\"@type\":\"ImageObject\",\"inLanguage\":\"es\",\"@id\":\"https:\/\/xenonkungen.com\/produkt\/tyreinflate-dackpump-200-fs1\/#primaryimage\",\"url\":\"https:\/\/xenonkungen.com\/wp-content\/uploads\/2025\/04\/182442315-origpic-c5da70.jpg\",\"contentUrl\":\"https:\/\/xenonkungen.com\/wp-content\/uploads\/2025\/04\/182442315-origpic-c5da70.jpg\",\"width\":900,\"height\":900},{\"@type\":\"BreadcrumbList\",\"@id\":\"https:\/\/xenonkungen.com\/produkt\/tyreinflate-dackpump-200-fs1\/#breadcrumb\",\"itemListElement\":[{\"@type\":\"ListItem\",\"position\":1,\"name\":\"Hem\",\"item\":\"https:\/\/xenonkungen.com\/\"},{\"@type\":\"ListItem\",\"position\":2,\"name\":\"Shop\",\"item\":\"https:\/\/xenonkungen.com\/shop\/\"},{\"@type\":\"ListItem\",\"position\":3,\"name\":\"TYREINFLATE D\u00e4ckpump 200 FS1\"}]},{\"@type\":\"WebSite\",\"@id\":\"https:\/\/xenonkungen.com\/#website\",\"url\":\"https:\/\/xenonkungen.com\/\",\"name\":\"Xenonkungen\",\"description\":\"\",\"potentialAction\":[{\"@type\":\"SearchAction\",\"target\":{\"@type\":\"EntryPoint\",\"urlTemplate\":\"https:\/\/xenonkungen.com\/?s={search_term_string}\"},\"query-input\":{\"@type\":\"PropertyValueSpecification\",\"valueRequired\":true,\"valueName\":\"search_term_string\"}}],\"inLanguage\":\"es\"}]}<\/script>\n<!-- \/ Yoast SEO plugin. -->","yoast_head_json":{"title":"Bomba de neum\u00e1ticos TYREINFLATE 200 FS1 - El Rey del Xen\u00f3n","robots":{"index":"index","follow":"follow","max-snippet":"max-snippet:-1","max-image-preview":"max-image-preview:large","max-video-preview":"max-video-preview:-1"},"canonical":"https:\/\/xenonkungen.com\/es\/producto\/bomba-de-inflado-de-neumaticos-tyreinflate-200-fs1\/","og_locale":"es_ES","og_type":"article","og_title":"TYREINFLATE D\u00e4ckpump 200 FS1 - Xenonkungen","og_description":"Osrams minsta D\u00e4ckpump. Enkel att ha med sig oavsett om ni k\u00f6r liten eller stor bil.","og_url":"https:\/\/xenonkungen.com\/es\/producto\/bomba-de-inflado-de-neumaticos-tyreinflate-200-fs1\/","og_site_name":"Xenonkungen","article_modified_time":"2026-04-24T16:43:46+00:00","og_image":[{"width":900,"height":900,"url":"https:\/\/xenonkungen.com\/wp-content\/uploads\/2025\/04\/182442315-origpic-c5da70.jpg","type":"image\/jpeg"}],"twitter_card":"summary_large_image","twitter_misc":{"Tiempo de lectura":"1 minuto"},"schema":{"@context":"https:\/\/schema.org","@graph":[{"@type":"WebPage","@id":"https:\/\/xenonkungen.com\/produkt\/tyreinflate-dackpump-200-fs1\/","url":"https:\/\/xenonkungen.com\/produkt\/tyreinflate-dackpump-200-fs1\/","name":"Bomba de neum\u00e1ticos TYREINFLATE 200 FS1 - El Rey del Xen\u00f3n","isPartOf":{"@id":"https:\/\/xenonkungen.com\/#website"},"primaryImageOfPage":{"@id":"https:\/\/xenonkungen.com\/produkt\/tyreinflate-dackpump-200-fs1\/#primaryimage"},"image":{"@id":"https:\/\/xenonkungen.com\/produkt\/tyreinflate-dackpump-200-fs1\/#primaryimage"},"thumbnailUrl":"https:\/\/xenonkungen.com\/wp-content\/uploads\/2025\/04\/182442315-origpic-c5da70.jpg","datePublished":"2025-04-15T09:57:25+00:00","dateModified":"2026-04-24T16:43:46+00:00","breadcrumb":{"@id":"https:\/\/xenonkungen.com\/produkt\/tyreinflate-dackpump-200-fs1\/#breadcrumb"},"inLanguage":"es","potentialAction":[{"@type":"ReadAction","target":["https:\/\/xenonkungen.com\/produkt\/tyreinflate-dackpump-200-fs1\/"]}]},{"@type":"ImageObject","inLanguage":"es","@id":"https:\/\/xenonkungen.com\/produkt\/tyreinflate-dackpump-200-fs1\/#primaryimage","url":"https:\/\/xenonkungen.com\/wp-content\/uploads\/2025\/04\/182442315-origpic-c5da70.jpg","contentUrl":"https:\/\/xenonkungen.com\/wp-content\/uploads\/2025\/04\/182442315-origpic-c5da70.jpg","width":900,"height":900},{"@type":"BreadcrumbList","@id":"https:\/\/xenonkungen.com\/produkt\/tyreinflate-dackpump-200-fs1\/#breadcrumb","itemListElement":[{"@type":"ListItem","position":1,"name":"Hem","item":"https:\/\/xenonkungen.com\/"},{"@type":"ListItem","position":2,"name":"Shop","item":"https:\/\/xenonkungen.com\/shop\/"},{"@type":"ListItem","position":3,"name":"TYREINFLATE D\u00e4ckpump 200 FS1"}]},{"@type":"WebSite","@id":"https:\/\/xenonkungen.com\/#website","url":"https:\/\/xenonkungen.com\/","name":"Xenonkungen","description":"","potentialAction":[{"@type":"SearchAction","target":{"@type":"EntryPoint","urlTemplate":"https:\/\/xenonkungen.com\/?s={search_term_string}"},"query-input":{"@type":"PropertyValueSpecification","valueRequired":true,"valueName":"search_term_string"}}],"inLanguage":"es"}]}},"taxonomy_info":{"product_brand":[{"value":108,"label":"OSRAM"}],"product_cat":[{"value":2653,"label":"D\u00e4ckpump"},{"value":377,"label":"Biltillbeh\u00f6r"}],"pa_storlek-mm":[{"value":1964,"label":"79x180x197"}],"pa_volt-v":[{"value":159,"label":"12"}]},"featured_image_src_large":["https:\/\/xenonkungen.com\/wp-content\/uploads\/2025\/04\/182442315-origpic-c5da70.jpg",900,900,false],"author_info":[],"comment_info":0,"_links":{"self":[{"href":"https:\/\/xenonkungen.com\/es\/wp-json\/wp\/v2\/product\/7599","targetHints":{"allow":["GET"]}}],"collection":[{"href":"https:\/\/xenonkungen.com\/es\/wp-json\/wp\/v2\/product"}],"about":[{"href":"https:\/\/xenonkungen.com\/es\/wp-json\/wp\/v2\/types\/product"}],"replies":[{"embeddable":true,"href":"https:\/\/xenonkungen.com\/es\/wp-json\/wp\/v2\/comments?post=7599"}],"wp:featuredmedia":[{"embeddable":true,"href":"https:\/\/xenonkungen.com\/es\/wp-json\/wp\/v2\/media\/7600"}],"wp:attachment":[{"href":"https:\/\/xenonkungen.com\/es\/wp-json\/wp\/v2\/media?parent=7599"}],"wp:term":[{"taxonomy":"anvandningsomrade","embeddable":true,"href":"https:\/\/xenonkungen.com\/es\/wp-json\/wp\/v2\/anvandningsomrade?post=7599"},{"taxonomy":"bilmarken","embeddable":true,"href":"https:\/\/xenonkungen.com\/es\/wp-json\/wp\/v2\/bilmarken?post=7599"},{"taxonomy":"product_brand","embeddable":true,"href":"https:\/\/xenonkungen.com\/es\/wp-json\/wp\/v2\/product_brand?post=7599"},{"taxonomy":"product_cat","embeddable":true,"href":"https:\/\/xenonkungen.com\/es\/wp-json\/wp\/v2\/product_cat?post=7599"},{"taxonomy":"product_tag","embeddable":true,"href":"https:\/\/xenonkungen.com\/es\/wp-json\/wp\/v2\/product_tag?post=7599"}],"curies":[{"name":"wp","href":"https:\/\/api.w.org\/{rel}","templated":true}]}}