{"id":7647,"date":"2025-04-15T09:57:53","date_gmt":"2025-04-15T09:57:53","guid":{"rendered":"https:\/\/xenonkungen.com\/product\/batterycharge-7pin-1phase-16-amp\/"},"modified":"2026-04-11T01:35:24","modified_gmt":"2026-04-11T00:35:24","slug":"cargador-de-bateria-de-7-pines-monofasico-16-amperios","status":"publish","type":"product","link":"https:\/\/xenonkungen.com\/es\/producto\/cargador-de-bateria-de-7-pines-monofasico-16-amperios\/","title":{"rendered":"BATTERYcharge 7PIN | 1PHASE | 16 AMP"},"content":{"rendered":"<div class=\"container\">\n<h1 class=\"product-title\">Cargadores para veh\u00edculos el\u00e9ctricos de OSRAM - Eficiencia y seguridad en armon\u00eda<\/h1>\n<p class=\"product-description\">Entre en el futuro con el innovador cargador para veh\u00edculos el\u00e9ctricos de OSRAM. El Xenon King presenta una soluci\u00f3n de carga que no s\u00f3lo es potente, sino tambi\u00e9n respetuosa con el medio ambiente y f\u00e1cil de usar. Este cargador es perfecto para todas las necesidades de su coche el\u00e9ctrico e h\u00edbrido enchufable, con un pr\u00e1ctico conector de tipo 2 que se adapta a la mayor\u00eda de los veh\u00edculos modernos. Con su cable de 5 metros y su asa ergon\u00f3mica, su uso es c\u00f3modo y flexible, tanto si recarga en casa como en una estaci\u00f3n de carga p\u00fablica.<\/p>\n<p class=\"product-description\">El cable de carga no s\u00f3lo es robusto, sino que tambi\u00e9n est\u00e1 bien protegido con la certificaci\u00f3n IP65 de resistencia al agua y la certificaci\u00f3n IK10 de resistencia a los golpes, lo que garantiza su durabilidad a largo plazo. La cubierta antipolvo incluida para los conectores garantiza una experiencia de carga sin interferencias incluso en entornos dif\u00edciles. Para mayor comodidad, se incluye un estuche resistente y compacto que facilita el almacenamiento del cable cuando no se utiliza.<\/p>\n<p class=\"product-description\">El producto cuenta con los certificados T\u00dcV y CE y una garant\u00eda de dos a\u00f1os, lo que confirma sus elevados niveles de calidad y seguridad.<\/p>","protected":false},"excerpt":{"rendered":"<p>\"Descubra el cargador OSRAM Tipo 2 EV con Xenon King, dise\u00f1ado para el conductor moderno. Con una robusta capacidad de 16 A, este cargador garantiza una carga r\u00e1pida y eficiente, compatible con una gran variedad de veh\u00edculos y equipado para el futuro.\"<\/p>","protected":false},"featured_media":7648,"comment_status":"closed","ping_status":"closed","template":"","meta":{"_acf_changed":false,"_smort_price_nok":"1972","_smort_price_dkk":"1693","_smort_price_eur":"226.81","_smort_sale_price_nok":"1972","_smort_sale_price_dkk":"","_smort_sale_price_eur":"209.79","smort_restorder":"","shipmondo_restorder":"","_kad_blocks_custom_css":"","_kad_blocks_head_custom_js":"","_kad_blocks_body_custom_js":"","_kad_blocks_footer_custom_js":"","smort_custom_pricelist_1":"1796.4","smort_custom_pricelist_2":"1596.8","smort_custom_pricelist_3":"1596.8","smort_custom_pricelist_4":"1996","smort_custom_pricelist_5":"1596.8"},"anvandningsomrade":[],"bilmarken":[],"product_brand":[108],"product_cat":[2650,377,1402],"product_tag":[],"class_list":{"0":"post-7647","1":"product","2":"type-product","3":"status-publish","4":"has-post-thumbnail","6":"product_brand-osram","7":"product_cat-elbilsladdare","8":"product_cat-biltillbehor","9":"product_cat-outlet","10":"pa_fuktskydd-varde-ipxx-ip65","11":"pa_storlek-mm-5000x120x70","13":"first","14":"instock","15":"sale","16":"taxable","17":"shipping-taxable","18":"purchasable","19":"product-type-simple"},"bundled_by":[],"bundle_stock_status":"instock","bundle_stock_quantity":1,"bundle_virtual":false,"bundle_layout":"","bundle_add_to_cart_form_location":"","bundle_editable_in_cart":false,"bundle_sold_individually_context":"","bundle_item_grouping":"","bundle_min_size":"","bundle_max_size":"","bundle_price":[],"bundled_items":[],"bundle_sell_ids":[],"acf":[],"yoast_head":"<!-- This site is optimized with the Yoast SEO plugin v27.0 - https:\/\/yoast.com\/product\/yoast-seo-wordpress\/ -->\n<title>BATTERYcharge 7PIN | 1PHASE | 16 AMP - Xenonkungen<\/title>\n<meta name=\"robots\" content=\"index, follow, max-snippet:-1, max-image-preview:large, max-video-preview:-1\" \/>\n<link rel=\"canonical\" href=\"https:\/\/xenonkungen.com\/es\/producto\/cargador-de-bateria-de-7-pines-monofasico-16-amperios\/\" \/>\n<meta property=\"og:locale\" content=\"es_ES\" \/>\n<meta property=\"og:type\" content=\"article\" \/>\n<meta property=\"og:title\" content=\"BATTERYcharge 7PIN | 1PHASE | 16 AMP - Xenonkungen\" \/>\n<meta property=\"og:description\" content=\"&quot;Uppt\u00e4ck OSRAMs Typ 2-elbilsladdare med Xenonkungen, utformad f\u00f6r den moderna f\u00f6raren. Med en robust 16 A-kapacitet s\u00e4kerst\u00e4ller denna laddare snabb och effektiv laddning, kompatibel med en m\u00e4ngd fordon och utrustad f\u00f6r framtiden.&quot;\" \/>\n<meta property=\"og:url\" content=\"https:\/\/xenonkungen.com\/es\/producto\/cargador-de-bateria-de-7-pines-monofasico-16-amperios\/\" \/>\n<meta property=\"og:site_name\" content=\"Xenonkungen\" \/>\n<meta property=\"article:modified_time\" content=\"2026-04-11T00:35:24+00:00\" \/>\n<meta property=\"og:image\" content=\"https:\/\/xenonkungen.com\/wp-content\/uploads\/2025\/04\/208003923-origpic-b28800.jpg\" \/>\n\t<meta property=\"og:image:width\" content=\"900\" \/>\n\t<meta property=\"og:image:height\" content=\"900\" \/>\n\t<meta property=\"og:image:type\" content=\"image\/jpeg\" \/>\n<meta name=\"twitter:card\" content=\"summary_large_image\" \/>\n<meta name=\"twitter:label1\" content=\"Tiempo de lectura\" \/>\n\t<meta name=\"twitter:data1\" content=\"1 minuto\" \/>\n<script type=\"application\/ld+json\" class=\"yoast-schema-graph\">{\"@context\":\"https:\/\/schema.org\",\"@graph\":[{\"@type\":\"WebPage\",\"@id\":\"https:\/\/xenonkungen.com\/produkt\/batterycharge-7pin-1phase-16-amp\/\",\"url\":\"https:\/\/xenonkungen.com\/produkt\/batterycharge-7pin-1phase-16-amp\/\",\"name\":\"BATTERYcharge 7PIN | 1PHASE | 16 AMP - Xenonkungen\",\"isPartOf\":{\"@id\":\"https:\/\/xenonkungen.com\/#website\"},\"primaryImageOfPage\":{\"@id\":\"https:\/\/xenonkungen.com\/produkt\/batterycharge-7pin-1phase-16-amp\/#primaryimage\"},\"image\":{\"@id\":\"https:\/\/xenonkungen.com\/produkt\/batterycharge-7pin-1phase-16-amp\/#primaryimage\"},\"thumbnailUrl\":\"https:\/\/xenonkungen.com\/wp-content\/uploads\/2025\/04\/208003923-origpic-b28800.jpg\",\"datePublished\":\"2025-04-15T09:57:53+00:00\",\"dateModified\":\"2026-04-11T00:35:24+00:00\",\"breadcrumb\":{\"@id\":\"https:\/\/xenonkungen.com\/produkt\/batterycharge-7pin-1phase-16-amp\/#breadcrumb\"},\"inLanguage\":\"es\",\"potentialAction\":[{\"@type\":\"ReadAction\",\"target\":[\"https:\/\/xenonkungen.com\/produkt\/batterycharge-7pin-1phase-16-amp\/\"]}]},{\"@type\":\"ImageObject\",\"inLanguage\":\"es\",\"@id\":\"https:\/\/xenonkungen.com\/produkt\/batterycharge-7pin-1phase-16-amp\/#primaryimage\",\"url\":\"https:\/\/xenonkungen.com\/wp-content\/uploads\/2025\/04\/208003923-origpic-b28800.jpg\",\"contentUrl\":\"https:\/\/xenonkungen.com\/wp-content\/uploads\/2025\/04\/208003923-origpic-b28800.jpg\",\"width\":900,\"height\":900},{\"@type\":\"BreadcrumbList\",\"@id\":\"https:\/\/xenonkungen.com\/produkt\/batterycharge-7pin-1phase-16-amp\/#breadcrumb\",\"itemListElement\":[{\"@type\":\"ListItem\",\"position\":1,\"name\":\"Hem\",\"item\":\"https:\/\/xenonkungen.com\/\"},{\"@type\":\"ListItem\",\"position\":2,\"name\":\"Shop\",\"item\":\"https:\/\/xenonkungen.com\/shop\/\"},{\"@type\":\"ListItem\",\"position\":3,\"name\":\"BATTERYcharge 7PIN | 1PHASE | 16 AMP\"}]},{\"@type\":\"WebSite\",\"@id\":\"https:\/\/xenonkungen.com\/#website\",\"url\":\"https:\/\/xenonkungen.com\/\",\"name\":\"Xenonkungen\",\"description\":\"\",\"potentialAction\":[{\"@type\":\"SearchAction\",\"target\":{\"@type\":\"EntryPoint\",\"urlTemplate\":\"https:\/\/xenonkungen.com\/?s={search_term_string}\"},\"query-input\":{\"@type\":\"PropertyValueSpecification\",\"valueRequired\":true,\"valueName\":\"search_term_string\"}}],\"inLanguage\":\"es\"}]}<\/script>\n<!-- \/ Yoast SEO plugin. -->","yoast_head_json":{"title":"Cargador de bater\u00eda de 7 pines | Monof\u00e1sico | 16 amperios - El rey del xen\u00f3n","robots":{"index":"index","follow":"follow","max-snippet":"max-snippet:-1","max-image-preview":"max-image-preview:large","max-video-preview":"max-video-preview:-1"},"canonical":"https:\/\/xenonkungen.com\/es\/producto\/cargador-de-bateria-de-7-pines-monofasico-16-amperios\/","og_locale":"es_ES","og_type":"article","og_title":"BATTERYcharge 7PIN | 1PHASE | 16 AMP - Xenonkungen","og_description":"\"Uppt\u00e4ck OSRAMs Typ 2-elbilsladdare med Xenonkungen, utformad f\u00f6r den moderna f\u00f6raren. Med en robust 16 A-kapacitet s\u00e4kerst\u00e4ller denna laddare snabb och effektiv laddning, kompatibel med en m\u00e4ngd fordon och utrustad f\u00f6r framtiden.\"","og_url":"https:\/\/xenonkungen.com\/es\/producto\/cargador-de-bateria-de-7-pines-monofasico-16-amperios\/","og_site_name":"Xenonkungen","article_modified_time":"2026-04-11T00:35:24+00:00","og_image":[{"width":900,"height":900,"url":"https:\/\/xenonkungen.com\/wp-content\/uploads\/2025\/04\/208003923-origpic-b28800.jpg","type":"image\/jpeg"}],"twitter_card":"summary_large_image","twitter_misc":{"Tiempo de lectura":"1 minuto"},"schema":{"@context":"https:\/\/schema.org","@graph":[{"@type":"WebPage","@id":"https:\/\/xenonkungen.com\/produkt\/batterycharge-7pin-1phase-16-amp\/","url":"https:\/\/xenonkungen.com\/produkt\/batterycharge-7pin-1phase-16-amp\/","name":"Cargador de bater\u00eda de 7 pines | Monof\u00e1sico | 16 amperios - El rey del xen\u00f3n","isPartOf":{"@id":"https:\/\/xenonkungen.com\/#website"},"primaryImageOfPage":{"@id":"https:\/\/xenonkungen.com\/produkt\/batterycharge-7pin-1phase-16-amp\/#primaryimage"},"image":{"@id":"https:\/\/xenonkungen.com\/produkt\/batterycharge-7pin-1phase-16-amp\/#primaryimage"},"thumbnailUrl":"https:\/\/xenonkungen.com\/wp-content\/uploads\/2025\/04\/208003923-origpic-b28800.jpg","datePublished":"2025-04-15T09:57:53+00:00","dateModified":"2026-04-11T00:35:24+00:00","breadcrumb":{"@id":"https:\/\/xenonkungen.com\/produkt\/batterycharge-7pin-1phase-16-amp\/#breadcrumb"},"inLanguage":"es","potentialAction":[{"@type":"ReadAction","target":["https:\/\/xenonkungen.com\/produkt\/batterycharge-7pin-1phase-16-amp\/"]}]},{"@type":"ImageObject","inLanguage":"es","@id":"https:\/\/xenonkungen.com\/produkt\/batterycharge-7pin-1phase-16-amp\/#primaryimage","url":"https:\/\/xenonkungen.com\/wp-content\/uploads\/2025\/04\/208003923-origpic-b28800.jpg","contentUrl":"https:\/\/xenonkungen.com\/wp-content\/uploads\/2025\/04\/208003923-origpic-b28800.jpg","width":900,"height":900},{"@type":"BreadcrumbList","@id":"https:\/\/xenonkungen.com\/produkt\/batterycharge-7pin-1phase-16-amp\/#breadcrumb","itemListElement":[{"@type":"ListItem","position":1,"name":"Hem","item":"https:\/\/xenonkungen.com\/"},{"@type":"ListItem","position":2,"name":"Shop","item":"https:\/\/xenonkungen.com\/shop\/"},{"@type":"ListItem","position":3,"name":"BATTERYcharge 7PIN | 1PHASE | 16 AMP"}]},{"@type":"WebSite","@id":"https:\/\/xenonkungen.com\/#website","url":"https:\/\/xenonkungen.com\/","name":"Xenonkungen","description":"","potentialAction":[{"@type":"SearchAction","target":{"@type":"EntryPoint","urlTemplate":"https:\/\/xenonkungen.com\/?s={search_term_string}"},"query-input":{"@type":"PropertyValueSpecification","valueRequired":true,"valueName":"search_term_string"}}],"inLanguage":"es"}]}},"taxonomy_info":{"product_brand":[{"value":108,"label":"OSRAM"}],"product_cat":[{"value":2650,"label":"Elbilsladdare"},{"value":377,"label":"Biltillbeh\u00f6r"},{"value":1402,"label":"Outlet"}],"pa_fuktskydd-varde-ipxx":[{"value":520,"label":"IP65"}],"pa_storlek-mm":[{"value":1973,"label":"5000x120x70"}]},"featured_image_src_large":["https:\/\/xenonkungen.com\/wp-content\/uploads\/2025\/04\/208003923-origpic-b28800.jpg",900,900,false],"author_info":[],"comment_info":0,"_links":{"self":[{"href":"https:\/\/xenonkungen.com\/es\/wp-json\/wp\/v2\/product\/7647","targetHints":{"allow":["GET"]}}],"collection":[{"href":"https:\/\/xenonkungen.com\/es\/wp-json\/wp\/v2\/product"}],"about":[{"href":"https:\/\/xenonkungen.com\/es\/wp-json\/wp\/v2\/types\/product"}],"replies":[{"embeddable":true,"href":"https:\/\/xenonkungen.com\/es\/wp-json\/wp\/v2\/comments?post=7647"}],"wp:featuredmedia":[{"embeddable":true,"href":"https:\/\/xenonkungen.com\/es\/wp-json\/wp\/v2\/media\/7648"}],"wp:attachment":[{"href":"https:\/\/xenonkungen.com\/es\/wp-json\/wp\/v2\/media?parent=7647"}],"wp:term":[{"taxonomy":"anvandningsomrade","embeddable":true,"href":"https:\/\/xenonkungen.com\/es\/wp-json\/wp\/v2\/anvandningsomrade?post=7647"},{"taxonomy":"bilmarken","embeddable":true,"href":"https:\/\/xenonkungen.com\/es\/wp-json\/wp\/v2\/bilmarken?post=7647"},{"taxonomy":"product_brand","embeddable":true,"href":"https:\/\/xenonkungen.com\/es\/wp-json\/wp\/v2\/product_brand?post=7647"},{"taxonomy":"product_cat","embeddable":true,"href":"https:\/\/xenonkungen.com\/es\/wp-json\/wp\/v2\/product_cat?post=7647"},{"taxonomy":"product_tag","embeddable":true,"href":"https:\/\/xenonkungen.com\/es\/wp-json\/wp\/v2\/product_tag?post=7647"}],"curies":[{"name":"wp","href":"https:\/\/api.w.org\/{rel}","templated":true}]}}