{"id":7672,"date":"2025-04-15T09:58:07","date_gmt":"2025-04-15T09:58:07","guid":{"rendered":"https:\/\/xenonkungen.com\/product\/ledriving-round-vx70-sp\/"},"modified":"2026-04-11T01:35:03","modified_gmt":"2026-04-11T00:35:03","slug":"conduccion-redonda-vx70-sp","status":"publish","type":"product","link":"https:\/\/xenonkungen.com\/es\/producto\/conduccion-redonda-vx70-sp\/","title":{"rendered":"LEDriving\u00ae ROUND VX70-SP"},"content":{"rendered":"<h1>Ilumina tu vida con las luces de trabajo y conducci\u00f3n LEDriving de OSRAM<\/h1>\n<p>La OSRAM LEDriving Round VX70-SP ilumina caminos rurales oscuros, senderos forestales y campos. <\/p>\n<p>Con 5 potentes LED de alto rendimiento y larga duraci\u00f3n, la OSRAM LEDriving Round VX70-SP tiene un alcance de hasta 53 metros y proporciona al conductor una amplia visibilidad tanto en el trabajo como en exteriores. Incluso en condiciones de poca luz, la OSRAM LEDriving Round VX70-SP ofrece una iluminaci\u00f3n similar a la luz del d\u00eda gracias a una temperatura de color de hasta 6000 Kelvin. Su intensa salida de luz de hasta 550 l\u00famenes se combina con una eficiencia \u00f3ptica muy alta y una distribuci\u00f3n uniforme de la luz. Esto se traduce en una mejor visibilidad y una percepci\u00f3n m\u00e1s clara del entorno de trabajo, lo que contribuye a una mayor seguridad.<\/p>\n<p>La linterna OSRAM LEDriving Round VX70-SP destaca por su potente rendimiento y una larga vida \u00fatil de hasta 5000 horas. Esta vers\u00e1til linterna soporta condiciones ambientales adversas gracias a sus materiales de alta calidad, como la carcasa de aluminio y la robusta lente de policarbonato, y es a la vez ligera y duradera. <\/p>\n<p>El foco LED OSRAM LEDriving Round VX70-SP ha sido sometido a pruebas en nuestro laboratorio de simulaci\u00f3n ambiental con certificaci\u00f3n DIN, donde ha sido probado en condiciones externas extremas como agua, polvo, golpes, temperaturas altas y bajas y vibraciones constantes, y cuenta con la certificaci\u00f3n de protecci\u00f3n IP67. Un controlador integrado y un sistema de gesti\u00f3n t\u00e9rmica regulan la temperatura del foco LED y previenen da\u00f1os por sobrecalentamiento. La protecci\u00f3n contra inversi\u00f3n de polaridad evita conexiones incorrectas en la fuente de alimentaci\u00f3n y previene posibles da\u00f1os apagando autom\u00e1ticamente las l\u00e1mparas LED. <\/p>\n<p>La OSRAM LEDriving Round VX70-SP es una mejora efectiva para su veh\u00edculo.<br \/>La OSRAM LEDriving Round VX70-SP se puede montar en autom\u00f3viles, camiones, maquinaria agr\u00edcola, veh\u00edculos comerciales, veh\u00edculos de construcci\u00f3n, maquinaria forestal, veh\u00edculos todoterreno y cuadriciclos.<br \/>El OSRAM LEDriving Round VX70-SP es vers\u00e1til y flexible.<\/p>","protected":false},"excerpt":{"rendered":"<p>\u00a1Peque\u00f1a y resistente luz de trabajo de Osram! Imagen puntual que proporciona una buena iluminaci\u00f3n de trabajo a mayor distancia.<\/p>","protected":false},"featured_media":7673,"comment_status":"closed","ping_status":"open","template":"","meta":{"_acf_changed":false,"_smort_price_nok":"865","_smort_price_dkk":"550","_smort_price_eur":"73.63","_smort_sale_price_nok":"","_smort_sale_price_dkk":"","_smort_sale_price_eur":"","smort_restorder":"","shipmondo_restorder":"","_kad_blocks_custom_css":"","_kad_blocks_head_custom_js":"","_kad_blocks_body_custom_js":"","_kad_blocks_footer_custom_js":"","smort_custom_pricelist_1":"518.4","smort_custom_pricelist_2":"518.4","smort_custom_pricelist_3":"492.48","smort_custom_pricelist_4":"648","smort_custom_pricelist_5":"518.4"},"anvandningsomrade":[],"bilmarken":[],"product_brand":[108],"product_cat":[2639,508],"product_tag":[],"class_list":{"0":"post-7672","1":"product","2":"type-product","3":"status-publish","4":"has-post-thumbnail","6":"product_brand-osram","7":"product_cat-osram-ledriving-arbetsbelysning","8":"product_cat-arbetsbelysning","9":"pa_fargtemperatur-6000-k","10":"pa_fuktskydd-varde-ipxx-ip67","11":"pa_godkannande-e4-ece-r10","12":"pa_storlek-mm-75x30x93","13":"pa_volt-v-12-24","15":"first","16":"onbackorder","17":"taxable","18":"shipping-taxable","19":"purchasable","20":"product-type-simple"},"bundled_by":[],"bundle_stock_status":"onbackorder","bundle_stock_quantity":0,"bundle_virtual":false,"bundle_layout":"","bundle_add_to_cart_form_location":"","bundle_editable_in_cart":false,"bundle_sold_individually_context":"","bundle_item_grouping":"","bundle_min_size":"","bundle_max_size":"","bundle_price":[],"bundled_items":[],"bundle_sell_ids":[],"acf":[],"yoast_head":"<!-- This site is optimized with the Yoast SEO plugin v27.0 - https:\/\/yoast.com\/product\/yoast-seo-wordpress\/ -->\n<title>LEDriving\u00ae ROUND VX70-SP - Xenonkungen<\/title>\n<meta name=\"robots\" content=\"index, follow, max-snippet:-1, max-image-preview:large, max-video-preview:-1\" \/>\n<link rel=\"canonical\" href=\"https:\/\/xenonkungen.com\/es\/producto\/conduccion-redonda-vx70-sp\/\" \/>\n<meta property=\"og:locale\" content=\"es_ES\" \/>\n<meta property=\"og:type\" content=\"article\" \/>\n<meta property=\"og:title\" content=\"LEDriving\u00ae ROUND VX70-SP - Xenonkungen\" \/>\n<meta property=\"og:description\" content=\"Litet t\u00e5ligt Arbetsljus fr\u00e5n Osram! Spotljusbild som ger er god arbetsbelysning l\u00e4ngre bort.\" \/>\n<meta property=\"og:url\" content=\"https:\/\/xenonkungen.com\/es\/producto\/conduccion-redonda-vx70-sp\/\" \/>\n<meta property=\"og:site_name\" content=\"Xenonkungen\" \/>\n<meta property=\"article:modified_time\" content=\"2026-04-11T00:35:03+00:00\" \/>\n<meta property=\"og:image\" content=\"https:\/\/xenonkungen.com\/wp-content\/uploads\/2025\/04\/178266539-origpic-11023b.jpg\" \/>\n\t<meta property=\"og:image:width\" content=\"900\" \/>\n\t<meta property=\"og:image:height\" content=\"900\" \/>\n\t<meta property=\"og:image:type\" content=\"image\/jpeg\" \/>\n<meta name=\"twitter:card\" content=\"summary_large_image\" \/>\n<meta name=\"twitter:label1\" content=\"Tiempo de lectura\" \/>\n\t<meta name=\"twitter:data1\" content=\"2 minutos\" \/>\n<script type=\"application\/ld+json\" class=\"yoast-schema-graph\">{\"@context\":\"https:\/\/schema.org\",\"@graph\":[{\"@type\":\"WebPage\",\"@id\":\"https:\/\/xenonkungen.com\/produkt\/ledriving-round-vx70-sp\/\",\"url\":\"https:\/\/xenonkungen.com\/produkt\/ledriving-round-vx70-sp\/\",\"name\":\"LEDriving\u00ae ROUND VX70-SP - Xenonkungen\",\"isPartOf\":{\"@id\":\"https:\/\/xenonkungen.com\/#website\"},\"primaryImageOfPage\":{\"@id\":\"https:\/\/xenonkungen.com\/produkt\/ledriving-round-vx70-sp\/#primaryimage\"},\"image\":{\"@id\":\"https:\/\/xenonkungen.com\/produkt\/ledriving-round-vx70-sp\/#primaryimage\"},\"thumbnailUrl\":\"https:\/\/xenonkungen.com\/wp-content\/uploads\/2025\/04\/178266539-origpic-11023b.jpg\",\"datePublished\":\"2025-04-15T09:58:07+00:00\",\"dateModified\":\"2026-04-11T00:35:03+00:00\",\"breadcrumb\":{\"@id\":\"https:\/\/xenonkungen.com\/produkt\/ledriving-round-vx70-sp\/#breadcrumb\"},\"inLanguage\":\"es\",\"potentialAction\":[{\"@type\":\"ReadAction\",\"target\":[\"https:\/\/xenonkungen.com\/produkt\/ledriving-round-vx70-sp\/\"]}]},{\"@type\":\"ImageObject\",\"inLanguage\":\"es\",\"@id\":\"https:\/\/xenonkungen.com\/produkt\/ledriving-round-vx70-sp\/#primaryimage\",\"url\":\"https:\/\/xenonkungen.com\/wp-content\/uploads\/2025\/04\/178266539-origpic-11023b.jpg\",\"contentUrl\":\"https:\/\/xenonkungen.com\/wp-content\/uploads\/2025\/04\/178266539-origpic-11023b.jpg\",\"width\":900,\"height\":900},{\"@type\":\"BreadcrumbList\",\"@id\":\"https:\/\/xenonkungen.com\/produkt\/ledriving-round-vx70-sp\/#breadcrumb\",\"itemListElement\":[{\"@type\":\"ListItem\",\"position\":1,\"name\":\"Hem\",\"item\":\"https:\/\/xenonkungen.com\/\"},{\"@type\":\"ListItem\",\"position\":2,\"name\":\"Shop\",\"item\":\"https:\/\/xenonkungen.com\/shop\/\"},{\"@type\":\"ListItem\",\"position\":3,\"name\":\"LEDriving\u00ae ROUND VX70-SP\"}]},{\"@type\":\"WebSite\",\"@id\":\"https:\/\/xenonkungen.com\/#website\",\"url\":\"https:\/\/xenonkungen.com\/\",\"name\":\"Xenonkungen\",\"description\":\"\",\"potentialAction\":[{\"@type\":\"SearchAction\",\"target\":{\"@type\":\"EntryPoint\",\"urlTemplate\":\"https:\/\/xenonkungen.com\/?s={search_term_string}\"},\"query-input\":{\"@type\":\"PropertyValueSpecification\",\"valueRequired\":true,\"valueName\":\"search_term_string\"}}],\"inLanguage\":\"es\"}]}<\/script>\n<!-- \/ Yoast SEO plugin. -->","yoast_head_json":{"title":"LEDriving\u00ae ROUND VX70-SP - El rey del xen\u00f3n","robots":{"index":"index","follow":"follow","max-snippet":"max-snippet:-1","max-image-preview":"max-image-preview:large","max-video-preview":"max-video-preview:-1"},"canonical":"https:\/\/xenonkungen.com\/es\/producto\/conduccion-redonda-vx70-sp\/","og_locale":"es_ES","og_type":"article","og_title":"LEDriving\u00ae ROUND VX70-SP - Xenonkungen","og_description":"Litet t\u00e5ligt Arbetsljus fr\u00e5n Osram! Spotljusbild som ger er god arbetsbelysning l\u00e4ngre bort.","og_url":"https:\/\/xenonkungen.com\/es\/producto\/conduccion-redonda-vx70-sp\/","og_site_name":"Xenonkungen","article_modified_time":"2026-04-11T00:35:03+00:00","og_image":[{"width":900,"height":900,"url":"https:\/\/xenonkungen.com\/wp-content\/uploads\/2025\/04\/178266539-origpic-11023b.jpg","type":"image\/jpeg"}],"twitter_card":"summary_large_image","twitter_misc":{"Tiempo de lectura":"2 minutos"},"schema":{"@context":"https:\/\/schema.org","@graph":[{"@type":"WebPage","@id":"https:\/\/xenonkungen.com\/produkt\/ledriving-round-vx70-sp\/","url":"https:\/\/xenonkungen.com\/produkt\/ledriving-round-vx70-sp\/","name":"LEDriving\u00ae ROUND VX70-SP - El rey del xen\u00f3n","isPartOf":{"@id":"https:\/\/xenonkungen.com\/#website"},"primaryImageOfPage":{"@id":"https:\/\/xenonkungen.com\/produkt\/ledriving-round-vx70-sp\/#primaryimage"},"image":{"@id":"https:\/\/xenonkungen.com\/produkt\/ledriving-round-vx70-sp\/#primaryimage"},"thumbnailUrl":"https:\/\/xenonkungen.com\/wp-content\/uploads\/2025\/04\/178266539-origpic-11023b.jpg","datePublished":"2025-04-15T09:58:07+00:00","dateModified":"2026-04-11T00:35:03+00:00","breadcrumb":{"@id":"https:\/\/xenonkungen.com\/produkt\/ledriving-round-vx70-sp\/#breadcrumb"},"inLanguage":"es","potentialAction":[{"@type":"ReadAction","target":["https:\/\/xenonkungen.com\/produkt\/ledriving-round-vx70-sp\/"]}]},{"@type":"ImageObject","inLanguage":"es","@id":"https:\/\/xenonkungen.com\/produkt\/ledriving-round-vx70-sp\/#primaryimage","url":"https:\/\/xenonkungen.com\/wp-content\/uploads\/2025\/04\/178266539-origpic-11023b.jpg","contentUrl":"https:\/\/xenonkungen.com\/wp-content\/uploads\/2025\/04\/178266539-origpic-11023b.jpg","width":900,"height":900},{"@type":"BreadcrumbList","@id":"https:\/\/xenonkungen.com\/produkt\/ledriving-round-vx70-sp\/#breadcrumb","itemListElement":[{"@type":"ListItem","position":1,"name":"Hem","item":"https:\/\/xenonkungen.com\/"},{"@type":"ListItem","position":2,"name":"Shop","item":"https:\/\/xenonkungen.com\/shop\/"},{"@type":"ListItem","position":3,"name":"LEDriving\u00ae ROUND VX70-SP"}]},{"@type":"WebSite","@id":"https:\/\/xenonkungen.com\/#website","url":"https:\/\/xenonkungen.com\/","name":"Xenonkungen","description":"","potentialAction":[{"@type":"SearchAction","target":{"@type":"EntryPoint","urlTemplate":"https:\/\/xenonkungen.com\/?s={search_term_string}"},"query-input":{"@type":"PropertyValueSpecification","valueRequired":true,"valueName":"search_term_string"}}],"inLanguage":"es"}]}},"taxonomy_info":{"product_brand":[{"value":108,"label":"OSRAM"}],"product_cat":[{"value":2639,"label":"OSRAM Ledriving"},{"value":508,"label":"Arbetsbelysning"}],"pa_fargtemperatur":[{"value":1980,"label":"6000 k"}],"pa_fuktskydd-varde-ipxx":[{"value":333,"label":"IP67"}],"pa_godkannande":[{"value":1978,"label":"E4, ECE R10"}],"pa_storlek-mm":[{"value":1979,"label":"75x30x93"}],"pa_volt-v":[{"value":348,"label":"12, 24"}]},"featured_image_src_large":["https:\/\/xenonkungen.com\/wp-content\/uploads\/2025\/04\/178266539-origpic-11023b.jpg",900,900,false],"author_info":[],"comment_info":0,"_links":{"self":[{"href":"https:\/\/xenonkungen.com\/es\/wp-json\/wp\/v2\/product\/7672","targetHints":{"allow":["GET"]}}],"collection":[{"href":"https:\/\/xenonkungen.com\/es\/wp-json\/wp\/v2\/product"}],"about":[{"href":"https:\/\/xenonkungen.com\/es\/wp-json\/wp\/v2\/types\/product"}],"replies":[{"embeddable":true,"href":"https:\/\/xenonkungen.com\/es\/wp-json\/wp\/v2\/comments?post=7672"}],"wp:featuredmedia":[{"embeddable":true,"href":"https:\/\/xenonkungen.com\/es\/wp-json\/wp\/v2\/media\/7673"}],"wp:attachment":[{"href":"https:\/\/xenonkungen.com\/es\/wp-json\/wp\/v2\/media?parent=7672"}],"wp:term":[{"taxonomy":"anvandningsomrade","embeddable":true,"href":"https:\/\/xenonkungen.com\/es\/wp-json\/wp\/v2\/anvandningsomrade?post=7672"},{"taxonomy":"bilmarken","embeddable":true,"href":"https:\/\/xenonkungen.com\/es\/wp-json\/wp\/v2\/bilmarken?post=7672"},{"taxonomy":"product_brand","embeddable":true,"href":"https:\/\/xenonkungen.com\/es\/wp-json\/wp\/v2\/product_brand?post=7672"},{"taxonomy":"product_cat","embeddable":true,"href":"https:\/\/xenonkungen.com\/es\/wp-json\/wp\/v2\/product_cat?post=7672"},{"taxonomy":"product_tag","embeddable":true,"href":"https:\/\/xenonkungen.com\/es\/wp-json\/wp\/v2\/product_tag?post=7672"}],"curies":[{"name":"wp","href":"https:\/\/api.w.org\/{rel}","templated":true}]}}