{"id":7695,"date":"2025-04-15T09:58:35","date_gmt":"2025-04-15T09:58:35","guid":{"rendered":"https:\/\/xenonkungen.com\/product\/ledguardian-truck-flare-signal-ta19\/"},"modified":"2026-04-11T01:34:43","modified_gmt":"2026-04-11T00:34:43","slug":"senal-de-bengala-para-camion-ledguardian-ta19","status":"publish","type":"product","link":"https:\/\/xenonkungen.com\/es\/producto\/senal-de-bengala-para-camion-ledguardian-ta19\/","title":{"rendered":"LEDguardian\u00ae TRUCK FLARE Se\u00f1al TA19"},"content":{"rendered":"<section>\n<h1>Ver y ser visto con OSRAM LEDguardian TRUCK FLARE Se\u00f1al TA19 - Para su seguridad en carretera<\/h1>\n<p>Cuando la seguridad es lo m\u00e1s importante, puede confiar en la OSRAM LEDguardian TRUCK FLARE Signal TA19. Esta potente luz LED de advertencia es su compa\u00f1era indispensable en situaciones de emergencia en la carretera. Con una clara funci\u00f3n de parpadeo naranja visible a distancia, le hace visible tanto de d\u00eda como de noche, advirtiendo eficazmente a otros usuarios de la carretera de una situaci\u00f3n peligrosa.<\/p>\n<h3>Obligatorio para los veh\u00edculos pesados, pero recomendado para todos<\/h3>\n<p>Para todos los veh\u00edculos de m\u00e1s de 3,5 toneladas, el OSRAM LEDguardian TRUCK FLARE Signal TA19 es requerido por la ley alemana (\u00a753a StVZO), pero lo recomendamos encarecidamente para todos los veh\u00edculos. Estar preparado con el equipo de advertencia adecuado puede marcar la diferencia entre una situaci\u00f3n segura y un accidente peligroso.<\/p>\n<h3>Dise\u00f1ado para durar en todas las condiciones<\/h3>\n<p>Su dise\u00f1o compacto y robusto hace que TRUCK FLARE sea f\u00e1cil de guardar y colocar cuando se necesite. Con patas antideslizantes desplegables, puede colocarse r\u00e1pidamente en el tri\u00e1ngulo de advertencia para marcar claramente la zona de peligro. Adem\u00e1s, ha sido sometida a rigurosas pruebas en nuestro laboratorio certificado y est\u00e1 protegida contra el agua, el polvo y los impactos con una clasificaci\u00f3n IP54. Haga el tiempo que haga, TRUCK FLARE resiste.<\/p>\n<h3>Uso vers\u00e1til: m\u00e1s que luces de advertencia<\/h3>\n<p>Adem\u00e1s de su prop\u00f3sito principal como luz de advertencia, la TRUCK FLARE tambi\u00e9n sirve como una potente linterna. Con seis LED de alto rendimiento y una luminosidad de hasta 6000K, no solo estar\u00e1s seguro, sino que tambi\u00e9n podr\u00e1s utilizarla para iluminar zonas oscuras o como luz de inspecci\u00f3n por la noche.<\/p>\n<h3>Listo para funcionar - Pilas incluidas<\/h3>\n<p>Con las pilas incluidas en el paquete, su OSRAM LEDguardian TRUCK FLARE est\u00e1 lista para usar de inmediato. Y con un tiempo de funcionamiento de al menos 15 horas, puede sentirse seguro, incluso durante emergencias m\u00e1s largas.<\/p>\n<h3>Elija seguridad - elija OSRAM LEDguardian TRUCK FLARE<\/h3>\n<p>Ofrezca a usted y a los dem\u00e1s usuarios de la carretera la seguridad adicional necesaria en caso de emergencia. Con el OSRAM LEDguardian TRUCK FLARE no s\u00f3lo obtendr\u00e1 una luz de advertencia - obtendr\u00e1 una soluci\u00f3n de seguridad fiable que dura en cualquier situaci\u00f3n.<\/p>\n<p>><img loading=\"lazy\" decoding=\"async\" src=\"https:\/\/cdn.abicart.com\/shop\/4404\/files\/Produkter\/Osram\/Web%20publishing-AM_Icon_Cool%20White.webp\" alt=\"\" width=\"84\" height=\"84\" \/> \u00a0 <img loading=\"lazy\" decoding=\"async\" src=\"https:\/\/cdn.abicart.com\/shop\/4404\/files\/Produkter\/Osram\/Web%20publishing-AM_Icon_IP54.webp\" alt=\"\" width=\"84\" height=\"84\" \/> \u00a0 <img loading=\"lazy\" decoding=\"async\" src=\"https:\/\/cdn.abicart.com\/shop\/4404\/files\/Produkter\/Osram\/Web%20publishing-AM_Icon_TA19_Certified.webp\" alt=\"\" width=\"84\" height=\"84\" \/> \u00a0 <img loading=\"lazy\" decoding=\"async\" src=\"https:\/\/cdn.abicart.com\/shop\/4404\/files\/Produkter\/Osram\/Web%20publishing-AM_Icon_2in1_amber.webp\" alt=\"\" width=\"84\" height=\"84\" \/> \u00a0 <img loading=\"lazy\" decoding=\"async\" src=\"https:\/\/cdn.abicart.com\/shop\/4404\/files\/Produkter\/Osram\/Web%20publishing-AM_Icon_4x%20AA%20Dry.webp\" alt=\"\" width=\"84\" height=\"84\" \/><\/p>\n<\/section>","protected":false},"excerpt":{"rendered":"<p>La OSRAM LEDguardian TRUCK FLARE Signal TA19 es una potente luz LED de advertencia que proporciona una mayor seguridad en caso de situaciones de emergencia en la carretera. Con una bater\u00eda de larga duraci\u00f3n, un dise\u00f1o robusto y una gran visibilidad, es una herramienta fiable para todos los propietarios de veh\u00edculos.<\/p>","protected":false},"featured_media":7696,"comment_status":"closed","ping_status":"closed","template":"","meta":{"_acf_changed":false,"_smort_price_nok":"600","_smort_price_dkk":"539","_smort_price_eur":"72.27","_smort_sale_price_nok":"600","_smort_sale_price_dkk":"","_smort_sale_price_eur":"51.04","smort_restorder":"","shipmondo_restorder":"","_kad_blocks_custom_css":"","_kad_blocks_head_custom_js":"","_kad_blocks_body_custom_js":"","_kad_blocks_footer_custom_js":"","smort_custom_pricelist_1":"508.8","smort_custom_pricelist_2":"445.2","smort_custom_pricelist_3":"413.4","smort_custom_pricelist_4":"636","smort_custom_pricelist_5":"445.2"},"anvandningsomrade":[],"bilmarken":[],"product_brand":[108],"product_cat":[2647,1320],"product_tag":[],"class_list":{"0":"post-7695","1":"product","2":"type-product","3":"status-publish","4":"has-post-thumbnail","6":"product_brand-osram","7":"product_cat-osram-ficklampor","8":"product_cat-ficklampor","9":"pa_fargtemperatur-2000-6000","10":"pa_fuktskydd-varde-ipxx-ip54","11":"pa_godkannande-ce","12":"pa_storlek-mm-91x43x236","14":"first","15":"instock","16":"sale","17":"taxable","18":"shipping-taxable","19":"purchasable","20":"product-type-simple"},"bundled_by":[],"bundle_stock_status":"instock","bundle_stock_quantity":2,"bundle_virtual":false,"bundle_layout":"","bundle_add_to_cart_form_location":"","bundle_editable_in_cart":false,"bundle_sold_individually_context":"","bundle_item_grouping":"","bundle_min_size":"","bundle_max_size":"","bundle_price":[],"bundled_items":[],"bundle_sell_ids":[],"acf":[],"yoast_head":"<!-- This site is optimized with the Yoast SEO plugin v27.0 - https:\/\/yoast.com\/product\/yoast-seo-wordpress\/ -->\n<title>LEDguardian\u00ae TRUCK FLARE Signal TA19 - Xenonkungen<\/title>\n<meta name=\"robots\" content=\"index, follow, max-snippet:-1, max-image-preview:large, max-video-preview:-1\" \/>\n<link rel=\"canonical\" href=\"https:\/\/xenonkungen.com\/es\/producto\/senal-de-bengala-para-camion-ledguardian-ta19\/\" \/>\n<meta property=\"og:locale\" content=\"es_ES\" \/>\n<meta property=\"og:type\" content=\"article\" \/>\n<meta property=\"og:title\" content=\"LEDguardian\u00ae TRUCK FLARE Signal TA19 - Xenonkungen\" \/>\n<meta property=\"og:description\" content=\"OSRAM LEDguardian TRUCK FLARE Signal TA19 \u00e4r en kraftfull LED-varningslampa som ger \u00f6kad s\u00e4kerhet vid n\u00f6dsituationer p\u00e5 v\u00e4gen. Med l\u00e5ng batteritid, robust design och h\u00f6g synlighet, \u00e4r den ett p\u00e5litligt verktyg f\u00f6r alla fordons\u00e4gare.\" \/>\n<meta property=\"og:url\" content=\"https:\/\/xenonkungen.com\/es\/producto\/senal-de-bengala-para-camion-ledguardian-ta19\/\" \/>\n<meta property=\"og:site_name\" content=\"Xenonkungen\" \/>\n<meta property=\"article:modified_time\" content=\"2026-04-11T00:34:43+00:00\" \/>\n<meta property=\"og:image\" content=\"https:\/\/xenonkungen.com\/wp-content\/uploads\/2025\/04\/215900685-origpic-35924f.jpg\" \/>\n\t<meta property=\"og:image:width\" content=\"1024\" \/>\n\t<meta property=\"og:image:height\" content=\"1024\" \/>\n\t<meta property=\"og:image:type\" content=\"image\/jpeg\" \/>\n<meta name=\"twitter:card\" content=\"summary_large_image\" \/>\n<meta name=\"twitter:label1\" content=\"Tiempo de lectura\" \/>\n\t<meta name=\"twitter:data1\" content=\"2 minutos\" \/>\n<script type=\"application\/ld+json\" class=\"yoast-schema-graph\">{\"@context\":\"https:\/\/schema.org\",\"@graph\":[{\"@type\":\"WebPage\",\"@id\":\"https:\/\/xenonkungen.com\/produkt\/ledguardian-truck-flare-signal-ta19\/\",\"url\":\"https:\/\/xenonkungen.com\/produkt\/ledguardian-truck-flare-signal-ta19\/\",\"name\":\"LEDguardian\u00ae TRUCK FLARE Signal TA19 - Xenonkungen\",\"isPartOf\":{\"@id\":\"https:\/\/xenonkungen.com\/#website\"},\"primaryImageOfPage\":{\"@id\":\"https:\/\/xenonkungen.com\/produkt\/ledguardian-truck-flare-signal-ta19\/#primaryimage\"},\"image\":{\"@id\":\"https:\/\/xenonkungen.com\/produkt\/ledguardian-truck-flare-signal-ta19\/#primaryimage\"},\"thumbnailUrl\":\"https:\/\/xenonkungen.com\/wp-content\/uploads\/2025\/04\/215900685-origpic-35924f.jpg\",\"datePublished\":\"2025-04-15T09:58:35+00:00\",\"dateModified\":\"2026-04-11T00:34:43+00:00\",\"breadcrumb\":{\"@id\":\"https:\/\/xenonkungen.com\/produkt\/ledguardian-truck-flare-signal-ta19\/#breadcrumb\"},\"inLanguage\":\"es\",\"potentialAction\":[{\"@type\":\"ReadAction\",\"target\":[\"https:\/\/xenonkungen.com\/produkt\/ledguardian-truck-flare-signal-ta19\/\"]}]},{\"@type\":\"ImageObject\",\"inLanguage\":\"es\",\"@id\":\"https:\/\/xenonkungen.com\/produkt\/ledguardian-truck-flare-signal-ta19\/#primaryimage\",\"url\":\"https:\/\/xenonkungen.com\/wp-content\/uploads\/2025\/04\/215900685-origpic-35924f.jpg\",\"contentUrl\":\"https:\/\/xenonkungen.com\/wp-content\/uploads\/2025\/04\/215900685-origpic-35924f.jpg\",\"width\":1024,\"height\":1024},{\"@type\":\"BreadcrumbList\",\"@id\":\"https:\/\/xenonkungen.com\/produkt\/ledguardian-truck-flare-signal-ta19\/#breadcrumb\",\"itemListElement\":[{\"@type\":\"ListItem\",\"position\":1,\"name\":\"Hem\",\"item\":\"https:\/\/xenonkungen.com\/\"},{\"@type\":\"ListItem\",\"position\":2,\"name\":\"Shop\",\"item\":\"https:\/\/xenonkungen.com\/shop\/\"},{\"@type\":\"ListItem\",\"position\":3,\"name\":\"LEDguardian\u00ae TRUCK FLARE Signal TA19\"}]},{\"@type\":\"WebSite\",\"@id\":\"https:\/\/xenonkungen.com\/#website\",\"url\":\"https:\/\/xenonkungen.com\/\",\"name\":\"Xenonkungen\",\"description\":\"\",\"potentialAction\":[{\"@type\":\"SearchAction\",\"target\":{\"@type\":\"EntryPoint\",\"urlTemplate\":\"https:\/\/xenonkungen.com\/?s={search_term_string}\"},\"query-input\":{\"@type\":\"PropertyValueSpecification\",\"valueRequired\":true,\"valueName\":\"search_term_string\"}}],\"inLanguage\":\"es\"}]}<\/script>\n<!-- \/ Yoast SEO plugin. -->","yoast_head_json":{"title":"LEDguardian\u00ae TRUCK FLARE Signal TA19 - El rey del xen\u00f3n","robots":{"index":"index","follow":"follow","max-snippet":"max-snippet:-1","max-image-preview":"max-image-preview:large","max-video-preview":"max-video-preview:-1"},"canonical":"https:\/\/xenonkungen.com\/es\/producto\/senal-de-bengala-para-camion-ledguardian-ta19\/","og_locale":"es_ES","og_type":"article","og_title":"LEDguardian\u00ae TRUCK FLARE Signal TA19 - Xenonkungen","og_description":"OSRAM LEDguardian TRUCK FLARE Signal TA19 \u00e4r en kraftfull LED-varningslampa som ger \u00f6kad s\u00e4kerhet vid n\u00f6dsituationer p\u00e5 v\u00e4gen. Med l\u00e5ng batteritid, robust design och h\u00f6g synlighet, \u00e4r den ett p\u00e5litligt verktyg f\u00f6r alla fordons\u00e4gare.","og_url":"https:\/\/xenonkungen.com\/es\/producto\/senal-de-bengala-para-camion-ledguardian-ta19\/","og_site_name":"Xenonkungen","article_modified_time":"2026-04-11T00:34:43+00:00","og_image":[{"width":1024,"height":1024,"url":"https:\/\/xenonkungen.com\/wp-content\/uploads\/2025\/04\/215900685-origpic-35924f.jpg","type":"image\/jpeg"}],"twitter_card":"summary_large_image","twitter_misc":{"Tiempo de lectura":"2 minutos"},"schema":{"@context":"https:\/\/schema.org","@graph":[{"@type":"WebPage","@id":"https:\/\/xenonkungen.com\/produkt\/ledguardian-truck-flare-signal-ta19\/","url":"https:\/\/xenonkungen.com\/produkt\/ledguardian-truck-flare-signal-ta19\/","name":"LEDguardian\u00ae TRUCK FLARE Signal TA19 - El rey del xen\u00f3n","isPartOf":{"@id":"https:\/\/xenonkungen.com\/#website"},"primaryImageOfPage":{"@id":"https:\/\/xenonkungen.com\/produkt\/ledguardian-truck-flare-signal-ta19\/#primaryimage"},"image":{"@id":"https:\/\/xenonkungen.com\/produkt\/ledguardian-truck-flare-signal-ta19\/#primaryimage"},"thumbnailUrl":"https:\/\/xenonkungen.com\/wp-content\/uploads\/2025\/04\/215900685-origpic-35924f.jpg","datePublished":"2025-04-15T09:58:35+00:00","dateModified":"2026-04-11T00:34:43+00:00","breadcrumb":{"@id":"https:\/\/xenonkungen.com\/produkt\/ledguardian-truck-flare-signal-ta19\/#breadcrumb"},"inLanguage":"es","potentialAction":[{"@type":"ReadAction","target":["https:\/\/xenonkungen.com\/produkt\/ledguardian-truck-flare-signal-ta19\/"]}]},{"@type":"ImageObject","inLanguage":"es","@id":"https:\/\/xenonkungen.com\/produkt\/ledguardian-truck-flare-signal-ta19\/#primaryimage","url":"https:\/\/xenonkungen.com\/wp-content\/uploads\/2025\/04\/215900685-origpic-35924f.jpg","contentUrl":"https:\/\/xenonkungen.com\/wp-content\/uploads\/2025\/04\/215900685-origpic-35924f.jpg","width":1024,"height":1024},{"@type":"BreadcrumbList","@id":"https:\/\/xenonkungen.com\/produkt\/ledguardian-truck-flare-signal-ta19\/#breadcrumb","itemListElement":[{"@type":"ListItem","position":1,"name":"Hem","item":"https:\/\/xenonkungen.com\/"},{"@type":"ListItem","position":2,"name":"Shop","item":"https:\/\/xenonkungen.com\/shop\/"},{"@type":"ListItem","position":3,"name":"LEDguardian\u00ae TRUCK FLARE Signal TA19"}]},{"@type":"WebSite","@id":"https:\/\/xenonkungen.com\/#website","url":"https:\/\/xenonkungen.com\/","name":"Xenonkungen","description":"","potentialAction":[{"@type":"SearchAction","target":{"@type":"EntryPoint","urlTemplate":"https:\/\/xenonkungen.com\/?s={search_term_string}"},"query-input":{"@type":"PropertyValueSpecification","valueRequired":true,"valueName":"search_term_string"}}],"inLanguage":"es"}]}},"taxonomy_info":{"product_brand":[{"value":108,"label":"OSRAM"}],"product_cat":[{"value":2647,"label":"Osram"},{"value":1320,"label":"Ficklampor"}],"pa_fargtemperatur":[{"value":1989,"label":"2000 , 6000"}],"pa_fuktskydd-varde-ipxx":[{"value":1318,"label":"IP54"}],"pa_godkannande":[{"value":794,"label":"CE"}],"pa_storlek-mm":[{"value":1988,"label":"91x43x236"}]},"featured_image_src_large":["https:\/\/xenonkungen.com\/wp-content\/uploads\/2025\/04\/215900685-origpic-35924f.jpg",1024,1024,false],"author_info":[],"comment_info":0,"_links":{"self":[{"href":"https:\/\/xenonkungen.com\/es\/wp-json\/wp\/v2\/product\/7695","targetHints":{"allow":["GET"]}}],"collection":[{"href":"https:\/\/xenonkungen.com\/es\/wp-json\/wp\/v2\/product"}],"about":[{"href":"https:\/\/xenonkungen.com\/es\/wp-json\/wp\/v2\/types\/product"}],"replies":[{"embeddable":true,"href":"https:\/\/xenonkungen.com\/es\/wp-json\/wp\/v2\/comments?post=7695"}],"wp:featuredmedia":[{"embeddable":true,"href":"https:\/\/xenonkungen.com\/es\/wp-json\/wp\/v2\/media\/7696"}],"wp:attachment":[{"href":"https:\/\/xenonkungen.com\/es\/wp-json\/wp\/v2\/media?parent=7695"}],"wp:term":[{"taxonomy":"anvandningsomrade","embeddable":true,"href":"https:\/\/xenonkungen.com\/es\/wp-json\/wp\/v2\/anvandningsomrade?post=7695"},{"taxonomy":"bilmarken","embeddable":true,"href":"https:\/\/xenonkungen.com\/es\/wp-json\/wp\/v2\/bilmarken?post=7695"},{"taxonomy":"product_brand","embeddable":true,"href":"https:\/\/xenonkungen.com\/es\/wp-json\/wp\/v2\/product_brand?post=7695"},{"taxonomy":"product_cat","embeddable":true,"href":"https:\/\/xenonkungen.com\/es\/wp-json\/wp\/v2\/product_cat?post=7695"},{"taxonomy":"product_tag","embeddable":true,"href":"https:\/\/xenonkungen.com\/es\/wp-json\/wp\/v2\/product_tag?post=7695"}],"curies":[{"name":"wp","href":"https:\/\/api.w.org\/{rel}","templated":true}]}}