{"id":7727,"date":"2025-04-15T09:58:58","date_gmt":"2025-04-15T09:58:58","guid":{"rendered":"https:\/\/xenonkungen.com\/product\/ledriving-monterings-kit-px-serien\/"},"modified":"2026-04-11T01:34:13","modified_gmt":"2026-04-11T00:34:13","slug":"kit-de-montaje-para-conduccion-de-vehiculos-serie-px","status":"publish","type":"product","link":"https:\/\/xenonkungen.com\/es\/producto\/kit-de-montaje-para-conduccion-de-vehiculos-serie-px\/","title":{"rendered":"Kit de montaje LEDriving\u00ae serie PX"},"content":{"rendered":"<h1>OSRAM LEDriving Professional Series PX: Soluciones de iluminaci\u00f3n para cada tarea<\/h1>\n<h2>Crea el entorno de trabajo perfecto con las luces de trabajo OSRAM.<\/h2>\n<p>Gracias a las luces de trabajo de la serie OSRAM LEDriving Professional Series PX, ahora puede encontrar la iluminaci\u00f3n perfecta para una amplia gama de tareas y aplicaciones profesionales. Con opciones de montaje directo, montaje est\u00e1ndar flexible y montaje reforzado, estas luces ofrecen soluciones para cada situaci\u00f3n. Adem\u00e1s, OSRAM ha desarrollado kits de montaje especialmente dise\u00f1ados y un cable con conector DT para una f\u00e1cil instalaci\u00f3n.<\/p>\n<h2>Kit de montaje LEDriving PX para un montaje extra flexible<\/h2>\n<p>El kit de montaje LEDriving PX est\u00e1 dise\u00f1ado para una instalaci\u00f3n extremadamente flexible y es compatible con todas las luces de trabajo OSRAM LEDriving de la serie Professional PX. Con un solo tornillo central, podr\u00e1 instalar su luz de trabajo LEDriving de forma r\u00e1pida y sencilla, lo que har\u00e1 que su sistema Professional Series PX sea a\u00fan m\u00e1s pr\u00e1ctico. Todos los componentes del kit de montaje est\u00e1n fabricados en acero inoxidable y tienen una resistencia a la vibraci\u00f3n de al menos 8 g rms, lo que los hace especialmente adecuados para el uso diario en veh\u00edculos de construcci\u00f3n y tractores.<\/p>\n<h2>Ajusta la iluminaci\u00f3n a tu gusto.<\/h2>\n<p>Gracias a su \u00e1ngulo de inclinaci\u00f3n ajustable de hasta +\/- 15 grados y a la capacidad de girar 360 grados, puedes dirigir tu luz de trabajo exactamente donde se necesita.<\/p>","protected":false},"excerpt":{"rendered":"<p>OSRAM LEDriving Professional Series PX: Belysningsl\u00f6sningar f\u00f6r Varje Arbetsuppgift Skapa den Perfekta Arbetsmilj\u00f6n med OSRAM Arbetsljus Tack vare arbetsljusen i serien OSRAM LEDriving Professional Series PX, har du nu m\u00f6jlighet att hitta exakt r\u00e4tt belysning f\u00f6r ett brett utbud av yrkesm\u00e4ssiga arbetsuppgifter och till\u00e4mpningar. Med alternativ f\u00f6r direktmontering, flexibel standardmontering och extra kraftig montering, erbjuder [&hellip;]<\/p>","protected":false},"featured_media":7728,"comment_status":"closed","ping_status":"open","template":"","meta":{"_acf_changed":false,"_smort_price_nok":"294","_smort_price_dkk":"187","_smort_price_eur":"25","_smort_sale_price_nok":"","_smort_sale_price_dkk":"","_smort_sale_price_eur":"","smort_restorder":"","shipmondo_restorder":"","_kad_blocks_custom_css":"","_kad_blocks_head_custom_js":"","_kad_blocks_body_custom_js":"","_kad_blocks_footer_custom_js":"","smort_custom_pricelist_1":"176","smort_custom_pricelist_2":"165","smort_custom_pricelist_3":"156.75","smort_custom_pricelist_4":"220","smort_custom_pricelist_5":"163.8"},"anvandningsomrade":[],"bilmarken":[],"product_brand":[108],"product_cat":[2841,2601,390],"product_tag":[],"class_list":{"0":"post-7727","1":"product","2":"type-product","3":"status-publish","4":"has-post-thumbnail","6":"product_brand-osram","7":"product_cat-installation-extraljus","8":"product_cat-monteringstillbehor-fasten-arbetsbelysning","9":"product_cat-installation","11":"first","12":"onbackorder","13":"taxable","14":"shipping-taxable","15":"purchasable","16":"product-type-simple"},"bundled_by":[],"bundle_stock_status":"onbackorder","bundle_stock_quantity":0,"bundle_virtual":false,"bundle_layout":"","bundle_add_to_cart_form_location":"","bundle_editable_in_cart":false,"bundle_sold_individually_context":"","bundle_item_grouping":"","bundle_min_size":"","bundle_max_size":"","bundle_price":[],"bundled_items":[],"bundle_sell_ids":[],"acf":[],"yoast_head":"<!-- This site is optimized with the Yoast SEO plugin v27.0 - https:\/\/yoast.com\/product\/yoast-seo-wordpress\/ -->\n<title>LEDriving\u00ae Monterings Kit PX-serien - Xenonkungen<\/title>\n<meta name=\"robots\" content=\"index, follow, max-snippet:-1, max-image-preview:large, max-video-preview:-1\" \/>\n<link rel=\"canonical\" href=\"https:\/\/xenonkungen.com\/es\/producto\/kit-de-montaje-para-conduccion-de-vehiculos-serie-px\/\" \/>\n<meta property=\"og:locale\" content=\"es_ES\" \/>\n<meta property=\"og:type\" content=\"article\" \/>\n<meta property=\"og:title\" content=\"LEDriving\u00ae Monterings Kit PX-serien - Xenonkungen\" \/>\n<meta property=\"og:description\" content=\"OSRAM LEDriving Professional Series PX: Belysningsl\u00f6sningar f\u00f6r Varje Arbetsuppgift Skapa den Perfekta Arbetsmilj\u00f6n med OSRAM Arbetsljus Tack vare arbetsljusen i serien OSRAM LEDriving Professional Series PX, har du nu m\u00f6jlighet att hitta exakt r\u00e4tt belysning f\u00f6r ett brett utbud av yrkesm\u00e4ssiga arbetsuppgifter och till\u00e4mpningar. Med alternativ f\u00f6r direktmontering, flexibel standardmontering och extra kraftig montering, erbjuder [&hellip;]\" \/>\n<meta property=\"og:url\" content=\"https:\/\/xenonkungen.com\/es\/producto\/kit-de-montaje-para-conduccion-de-vehiculos-serie-px\/\" \/>\n<meta property=\"og:site_name\" content=\"Xenonkungen\" \/>\n<meta property=\"article:modified_time\" content=\"2026-04-11T00:34:13+00:00\" \/>\n<meta property=\"og:image\" content=\"https:\/\/xenonkungen.com\/wp-content\/uploads\/2025\/04\/201830733-origpic-b7d57e.jpg\" \/>\n\t<meta property=\"og:image:width\" content=\"900\" \/>\n\t<meta property=\"og:image:height\" content=\"900\" \/>\n\t<meta property=\"og:image:type\" content=\"image\/jpeg\" \/>\n<meta name=\"twitter:card\" content=\"summary_large_image\" \/>\n<meta name=\"twitter:label1\" content=\"Tiempo de lectura\" \/>\n\t<meta name=\"twitter:data1\" content=\"1 minuto\" \/>\n<script type=\"application\/ld+json\" class=\"yoast-schema-graph\">{\"@context\":\"https:\/\/schema.org\",\"@graph\":[{\"@type\":\"WebPage\",\"@id\":\"https:\/\/xenonkungen.com\/produkt\/ledriving-monterings-kit-px-serien\/\",\"url\":\"https:\/\/xenonkungen.com\/produkt\/ledriving-monterings-kit-px-serien\/\",\"name\":\"LEDriving\u00ae Monterings Kit PX-serien - Xenonkungen\",\"isPartOf\":{\"@id\":\"https:\/\/xenonkungen.com\/#website\"},\"primaryImageOfPage\":{\"@id\":\"https:\/\/xenonkungen.com\/produkt\/ledriving-monterings-kit-px-serien\/#primaryimage\"},\"image\":{\"@id\":\"https:\/\/xenonkungen.com\/produkt\/ledriving-monterings-kit-px-serien\/#primaryimage\"},\"thumbnailUrl\":\"https:\/\/xenonkungen.com\/wp-content\/uploads\/2025\/04\/201830733-origpic-b7d57e.jpg\",\"datePublished\":\"2025-04-15T09:58:58+00:00\",\"dateModified\":\"2026-04-11T00:34:13+00:00\",\"breadcrumb\":{\"@id\":\"https:\/\/xenonkungen.com\/produkt\/ledriving-monterings-kit-px-serien\/#breadcrumb\"},\"inLanguage\":\"es\",\"potentialAction\":[{\"@type\":\"ReadAction\",\"target\":[\"https:\/\/xenonkungen.com\/produkt\/ledriving-monterings-kit-px-serien\/\"]}]},{\"@type\":\"ImageObject\",\"inLanguage\":\"es\",\"@id\":\"https:\/\/xenonkungen.com\/produkt\/ledriving-monterings-kit-px-serien\/#primaryimage\",\"url\":\"https:\/\/xenonkungen.com\/wp-content\/uploads\/2025\/04\/201830733-origpic-b7d57e.jpg\",\"contentUrl\":\"https:\/\/xenonkungen.com\/wp-content\/uploads\/2025\/04\/201830733-origpic-b7d57e.jpg\",\"width\":900,\"height\":900},{\"@type\":\"BreadcrumbList\",\"@id\":\"https:\/\/xenonkungen.com\/produkt\/ledriving-monterings-kit-px-serien\/#breadcrumb\",\"itemListElement\":[{\"@type\":\"ListItem\",\"position\":1,\"name\":\"Hem\",\"item\":\"https:\/\/xenonkungen.com\/\"},{\"@type\":\"ListItem\",\"position\":2,\"name\":\"Shop\",\"item\":\"https:\/\/xenonkungen.com\/shop\/\"},{\"@type\":\"ListItem\",\"position\":3,\"name\":\"LEDriving\u00ae Monterings Kit PX-serien\"}]},{\"@type\":\"WebSite\",\"@id\":\"https:\/\/xenonkungen.com\/#website\",\"url\":\"https:\/\/xenonkungen.com\/\",\"name\":\"Xenonkungen\",\"description\":\"\",\"potentialAction\":[{\"@type\":\"SearchAction\",\"target\":{\"@type\":\"EntryPoint\",\"urlTemplate\":\"https:\/\/xenonkungen.com\/?s={search_term_string}\"},\"query-input\":{\"@type\":\"PropertyValueSpecification\",\"valueRequired\":true,\"valueName\":\"search_term_string\"}}],\"inLanguage\":\"es\"}]}<\/script>\n<!-- \/ Yoast SEO plugin. -->","yoast_head_json":{"title":"Kit de montaje LEDriving\u00ae Serie PX - El rey del xen\u00f3n","robots":{"index":"index","follow":"follow","max-snippet":"max-snippet:-1","max-image-preview":"max-image-preview:large","max-video-preview":"max-video-preview:-1"},"canonical":"https:\/\/xenonkungen.com\/es\/producto\/kit-de-montaje-para-conduccion-de-vehiculos-serie-px\/","og_locale":"es_ES","og_type":"article","og_title":"LEDriving\u00ae Monterings Kit PX-serien - Xenonkungen","og_description":"OSRAM LEDriving Professional Series PX: Belysningsl\u00f6sningar f\u00f6r Varje Arbetsuppgift Skapa den Perfekta Arbetsmilj\u00f6n med OSRAM Arbetsljus Tack vare arbetsljusen i serien OSRAM LEDriving Professional Series PX, har du nu m\u00f6jlighet att hitta exakt r\u00e4tt belysning f\u00f6r ett brett utbud av yrkesm\u00e4ssiga arbetsuppgifter och till\u00e4mpningar. Med alternativ f\u00f6r direktmontering, flexibel standardmontering och extra kraftig montering, erbjuder [&hellip;]","og_url":"https:\/\/xenonkungen.com\/es\/producto\/kit-de-montaje-para-conduccion-de-vehiculos-serie-px\/","og_site_name":"Xenonkungen","article_modified_time":"2026-04-11T00:34:13+00:00","og_image":[{"width":900,"height":900,"url":"https:\/\/xenonkungen.com\/wp-content\/uploads\/2025\/04\/201830733-origpic-b7d57e.jpg","type":"image\/jpeg"}],"twitter_card":"summary_large_image","twitter_misc":{"Tiempo de lectura":"1 minuto"},"schema":{"@context":"https:\/\/schema.org","@graph":[{"@type":"WebPage","@id":"https:\/\/xenonkungen.com\/produkt\/ledriving-monterings-kit-px-serien\/","url":"https:\/\/xenonkungen.com\/produkt\/ledriving-monterings-kit-px-serien\/","name":"Kit de montaje LEDriving\u00ae Serie PX - El rey del xen\u00f3n","isPartOf":{"@id":"https:\/\/xenonkungen.com\/#website"},"primaryImageOfPage":{"@id":"https:\/\/xenonkungen.com\/produkt\/ledriving-monterings-kit-px-serien\/#primaryimage"},"image":{"@id":"https:\/\/xenonkungen.com\/produkt\/ledriving-monterings-kit-px-serien\/#primaryimage"},"thumbnailUrl":"https:\/\/xenonkungen.com\/wp-content\/uploads\/2025\/04\/201830733-origpic-b7d57e.jpg","datePublished":"2025-04-15T09:58:58+00:00","dateModified":"2026-04-11T00:34:13+00:00","breadcrumb":{"@id":"https:\/\/xenonkungen.com\/produkt\/ledriving-monterings-kit-px-serien\/#breadcrumb"},"inLanguage":"es","potentialAction":[{"@type":"ReadAction","target":["https:\/\/xenonkungen.com\/produkt\/ledriving-monterings-kit-px-serien\/"]}]},{"@type":"ImageObject","inLanguage":"es","@id":"https:\/\/xenonkungen.com\/produkt\/ledriving-monterings-kit-px-serien\/#primaryimage","url":"https:\/\/xenonkungen.com\/wp-content\/uploads\/2025\/04\/201830733-origpic-b7d57e.jpg","contentUrl":"https:\/\/xenonkungen.com\/wp-content\/uploads\/2025\/04\/201830733-origpic-b7d57e.jpg","width":900,"height":900},{"@type":"BreadcrumbList","@id":"https:\/\/xenonkungen.com\/produkt\/ledriving-monterings-kit-px-serien\/#breadcrumb","itemListElement":[{"@type":"ListItem","position":1,"name":"Hem","item":"https:\/\/xenonkungen.com\/"},{"@type":"ListItem","position":2,"name":"Shop","item":"https:\/\/xenonkungen.com\/shop\/"},{"@type":"ListItem","position":3,"name":"LEDriving\u00ae Monterings Kit PX-serien"}]},{"@type":"WebSite","@id":"https:\/\/xenonkungen.com\/#website","url":"https:\/\/xenonkungen.com\/","name":"Xenonkungen","description":"","potentialAction":[{"@type":"SearchAction","target":{"@type":"EntryPoint","urlTemplate":"https:\/\/xenonkungen.com\/?s={search_term_string}"},"query-input":{"@type":"PropertyValueSpecification","valueRequired":true,"valueName":"search_term_string"}}],"inLanguage":"es"}]}},"taxonomy_info":{"product_brand":[{"value":108,"label":"OSRAM"}],"product_cat":[{"value":2841,"label":"Installation extraljus"},{"value":2601,"label":"Monteringstillbeh\u00f6r"},{"value":390,"label":"Installation"}]},"featured_image_src_large":["https:\/\/xenonkungen.com\/wp-content\/uploads\/2025\/04\/201830733-origpic-b7d57e.jpg",900,900,false],"author_info":[],"comment_info":0,"_links":{"self":[{"href":"https:\/\/xenonkungen.com\/es\/wp-json\/wp\/v2\/product\/7727","targetHints":{"allow":["GET"]}}],"collection":[{"href":"https:\/\/xenonkungen.com\/es\/wp-json\/wp\/v2\/product"}],"about":[{"href":"https:\/\/xenonkungen.com\/es\/wp-json\/wp\/v2\/types\/product"}],"replies":[{"embeddable":true,"href":"https:\/\/xenonkungen.com\/es\/wp-json\/wp\/v2\/comments?post=7727"}],"wp:featuredmedia":[{"embeddable":true,"href":"https:\/\/xenonkungen.com\/es\/wp-json\/wp\/v2\/media\/7728"}],"wp:attachment":[{"href":"https:\/\/xenonkungen.com\/es\/wp-json\/wp\/v2\/media?parent=7727"}],"wp:term":[{"taxonomy":"anvandningsomrade","embeddable":true,"href":"https:\/\/xenonkungen.com\/es\/wp-json\/wp\/v2\/anvandningsomrade?post=7727"},{"taxonomy":"bilmarken","embeddable":true,"href":"https:\/\/xenonkungen.com\/es\/wp-json\/wp\/v2\/bilmarken?post=7727"},{"taxonomy":"product_brand","embeddable":true,"href":"https:\/\/xenonkungen.com\/es\/wp-json\/wp\/v2\/product_brand?post=7727"},{"taxonomy":"product_cat","embeddable":true,"href":"https:\/\/xenonkungen.com\/es\/wp-json\/wp\/v2\/product_cat?post=7727"},{"taxonomy":"product_tag","embeddable":true,"href":"https:\/\/xenonkungen.com\/es\/wp-json\/wp\/v2\/product_tag?post=7727"}],"curies":[{"name":"wp","href":"https:\/\/api.w.org\/{rel}","templated":true}]}}