{"id":7980,"date":"2025-04-15T10:01:51","date_gmt":"2025-04-15T10:01:51","guid":{"rendered":"https:\/\/xenonkungen.com\/product\/ledinspect-dual-charge-pad\/"},"modified":"2026-04-11T01:32:58","modified_gmt":"2026-04-11T00:32:58","slug":"plataforma-de-carga-dual-ledinspect","status":"publish","type":"product","link":"https:\/\/xenonkungen.com\/es\/producto\/plataforma-de-carga-dual-ledinspect\/","title":{"rendered":"LEDinspect DUAL CHARGE PAD"},"content":{"rendered":"<h2>LEDinspect DUAL CHARGE PAD<\/h2>\n<p>Su soluci\u00f3n inteligente para la carga eficiente de dos l\u00e1mparas de inspecci\u00f3n al mismo tiempo. Con la placa de carga inal\u00e1mbrica de OSRAM, no tiene que lidiar con la molestia de cables y conexiones. Simplemente coloque sus l\u00e1mparas en la placa, y estar\u00e1n cargadas de forma segura y listas para usar cuando las necesite.<\/p>\n<p>Su innovador dise\u00f1o combina la comodidad con un alto rendimiento, lo que le permite mantener el flujo de trabajo sin interrupciones. <strong>LEDinspect DUAL CHARGE PAD<\/strong> - su socio de confianza para una carga eficiente y sin problemas. Maximice la productividad con una soluci\u00f3n que simplifica su jornada laboral.<\/p>","protected":false},"excerpt":{"rendered":"<p>Placa de carga doble para 2 LEDinspect WIRE-FREE PRO 600 o 2 LEDinspect WIRE-FREE SLIM 600. O por qu\u00e9 no una de cada.<\/p>","protected":false},"featured_media":7981,"comment_status":"closed","ping_status":"closed","template":"","meta":{"_acf_changed":false,"_smort_price_nok":"561","_smort_price_dkk":"472","_smort_price_eur":"63.18","_smort_sale_price_nok":"561","_smort_sale_price_dkk":"","_smort_sale_price_eur":"43.63","smort_restorder":"","shipmondo_restorder":"","_kad_blocks_custom_css":"","_kad_blocks_head_custom_js":"","_kad_blocks_body_custom_js":"","_kad_blocks_footer_custom_js":"","smort_custom_pricelist_1":"444.8","smort_custom_pricelist_2":"389.2","smort_custom_pricelist_3":"361.4","smort_custom_pricelist_4":"556","smort_custom_pricelist_5":"389.2"},"anvandningsomrade":[],"bilmarken":[],"product_brand":[108],"product_cat":[134,1402],"product_tag":[],"class_list":{"0":"post-7980","1":"product","2":"type-product","3":"status-publish","4":"has-post-thumbnail","6":"product_brand-osram","7":"product_cat-inspektionslampor","8":"product_cat-outlet","9":"pa_godkannande-ce-emc-msds-rohs","10":"pa_storlek-mm-105x202x106","12":"first","13":"instock","14":"sale","15":"taxable","16":"shipping-taxable","17":"purchasable","18":"product-type-simple"},"bundled_by":[],"bundle_stock_status":"instock","bundle_stock_quantity":5,"bundle_virtual":false,"bundle_layout":"","bundle_add_to_cart_form_location":"","bundle_editable_in_cart":false,"bundle_sold_individually_context":"","bundle_item_grouping":"","bundle_min_size":"","bundle_max_size":"","bundle_price":[],"bundled_items":[],"bundle_sell_ids":[],"acf":[],"yoast_head":"<!-- This site is optimized with the Yoast SEO plugin v27.0 - https:\/\/yoast.com\/product\/yoast-seo-wordpress\/ -->\n<title>LEDinspect DUAL CHARGE PAD - Xenonkungen<\/title>\n<meta name=\"robots\" content=\"index, follow, max-snippet:-1, max-image-preview:large, max-video-preview:-1\" \/>\n<link rel=\"canonical\" href=\"https:\/\/xenonkungen.com\/es\/producto\/plataforma-de-carga-dual-ledinspect\/\" \/>\n<meta property=\"og:locale\" content=\"es_ES\" \/>\n<meta property=\"og:type\" content=\"article\" \/>\n<meta property=\"og:title\" content=\"LEDinspect DUAL CHARGE PAD - Xenonkungen\" \/>\n<meta property=\"og:description\" content=\"Dubbel laddningsplatta till antingen 2st LEDinspect WIRE-FREE PRO 600 eller 2st LEDinspect WIRE-FREE SLIM 600. Eller varf\u00f6r inte en av varje.\" \/>\n<meta property=\"og:url\" content=\"https:\/\/xenonkungen.com\/es\/producto\/plataforma-de-carga-dual-ledinspect\/\" \/>\n<meta property=\"og:site_name\" content=\"Xenonkungen\" \/>\n<meta property=\"article:modified_time\" content=\"2026-04-11T00:32:58+00:00\" \/>\n<meta property=\"og:image\" content=\"https:\/\/xenonkungen.com\/wp-content\/uploads\/2025\/04\/216175271-origpic-6ff18f.jpg\" \/>\n\t<meta property=\"og:image:width\" content=\"1024\" \/>\n\t<meta property=\"og:image:height\" content=\"1024\" \/>\n\t<meta property=\"og:image:type\" content=\"image\/jpeg\" \/>\n<meta name=\"twitter:card\" content=\"summary_large_image\" \/>\n<meta name=\"twitter:label1\" content=\"Tiempo de lectura\" \/>\n\t<meta name=\"twitter:data1\" content=\"1 minuto\" \/>\n<script type=\"application\/ld+json\" class=\"yoast-schema-graph\">{\"@context\":\"https:\/\/schema.org\",\"@graph\":[{\"@type\":\"WebPage\",\"@id\":\"https:\/\/xenonkungen.com\/produkt\/ledinspect-dual-charge-pad\/\",\"url\":\"https:\/\/xenonkungen.com\/produkt\/ledinspect-dual-charge-pad\/\",\"name\":\"LEDinspect DUAL CHARGE PAD - Xenonkungen\",\"isPartOf\":{\"@id\":\"https:\/\/xenonkungen.com\/#website\"},\"primaryImageOfPage\":{\"@id\":\"https:\/\/xenonkungen.com\/produkt\/ledinspect-dual-charge-pad\/#primaryimage\"},\"image\":{\"@id\":\"https:\/\/xenonkungen.com\/produkt\/ledinspect-dual-charge-pad\/#primaryimage\"},\"thumbnailUrl\":\"https:\/\/xenonkungen.com\/wp-content\/uploads\/2025\/04\/216175271-origpic-6ff18f.jpg\",\"datePublished\":\"2025-04-15T10:01:51+00:00\",\"dateModified\":\"2026-04-11T00:32:58+00:00\",\"breadcrumb\":{\"@id\":\"https:\/\/xenonkungen.com\/produkt\/ledinspect-dual-charge-pad\/#breadcrumb\"},\"inLanguage\":\"es\",\"potentialAction\":[{\"@type\":\"ReadAction\",\"target\":[\"https:\/\/xenonkungen.com\/produkt\/ledinspect-dual-charge-pad\/\"]}]},{\"@type\":\"ImageObject\",\"inLanguage\":\"es\",\"@id\":\"https:\/\/xenonkungen.com\/produkt\/ledinspect-dual-charge-pad\/#primaryimage\",\"url\":\"https:\/\/xenonkungen.com\/wp-content\/uploads\/2025\/04\/216175271-origpic-6ff18f.jpg\",\"contentUrl\":\"https:\/\/xenonkungen.com\/wp-content\/uploads\/2025\/04\/216175271-origpic-6ff18f.jpg\",\"width\":1024,\"height\":1024},{\"@type\":\"BreadcrumbList\",\"@id\":\"https:\/\/xenonkungen.com\/produkt\/ledinspect-dual-charge-pad\/#breadcrumb\",\"itemListElement\":[{\"@type\":\"ListItem\",\"position\":1,\"name\":\"Hem\",\"item\":\"https:\/\/xenonkungen.com\/\"},{\"@type\":\"ListItem\",\"position\":2,\"name\":\"Shop\",\"item\":\"https:\/\/xenonkungen.com\/shop\/\"},{\"@type\":\"ListItem\",\"position\":3,\"name\":\"LEDinspect DUAL CHARGE PAD\"}]},{\"@type\":\"WebSite\",\"@id\":\"https:\/\/xenonkungen.com\/#website\",\"url\":\"https:\/\/xenonkungen.com\/\",\"name\":\"Xenonkungen\",\"description\":\"\",\"potentialAction\":[{\"@type\":\"SearchAction\",\"target\":{\"@type\":\"EntryPoint\",\"urlTemplate\":\"https:\/\/xenonkungen.com\/?s={search_term_string}\"},\"query-input\":{\"@type\":\"PropertyValueSpecification\",\"valueRequired\":true,\"valueName\":\"search_term_string\"}}],\"inLanguage\":\"es\"}]}<\/script>\n<!-- \/ Yoast SEO plugin. -->","yoast_head_json":{"title":"LEDinspect BASE DE CARGA DUAL - El rey del xen\u00f3n","robots":{"index":"index","follow":"follow","max-snippet":"max-snippet:-1","max-image-preview":"max-image-preview:large","max-video-preview":"max-video-preview:-1"},"canonical":"https:\/\/xenonkungen.com\/es\/producto\/plataforma-de-carga-dual-ledinspect\/","og_locale":"es_ES","og_type":"article","og_title":"LEDinspect DUAL CHARGE PAD - Xenonkungen","og_description":"Dubbel laddningsplatta till antingen 2st LEDinspect WIRE-FREE PRO 600 eller 2st LEDinspect WIRE-FREE SLIM 600. Eller varf\u00f6r inte en av varje.","og_url":"https:\/\/xenonkungen.com\/es\/producto\/plataforma-de-carga-dual-ledinspect\/","og_site_name":"Xenonkungen","article_modified_time":"2026-04-11T00:32:58+00:00","og_image":[{"width":1024,"height":1024,"url":"https:\/\/xenonkungen.com\/wp-content\/uploads\/2025\/04\/216175271-origpic-6ff18f.jpg","type":"image\/jpeg"}],"twitter_card":"summary_large_image","twitter_misc":{"Tiempo de lectura":"1 minuto"},"schema":{"@context":"https:\/\/schema.org","@graph":[{"@type":"WebPage","@id":"https:\/\/xenonkungen.com\/produkt\/ledinspect-dual-charge-pad\/","url":"https:\/\/xenonkungen.com\/produkt\/ledinspect-dual-charge-pad\/","name":"LEDinspect BASE DE CARGA DUAL - El rey del xen\u00f3n","isPartOf":{"@id":"https:\/\/xenonkungen.com\/#website"},"primaryImageOfPage":{"@id":"https:\/\/xenonkungen.com\/produkt\/ledinspect-dual-charge-pad\/#primaryimage"},"image":{"@id":"https:\/\/xenonkungen.com\/produkt\/ledinspect-dual-charge-pad\/#primaryimage"},"thumbnailUrl":"https:\/\/xenonkungen.com\/wp-content\/uploads\/2025\/04\/216175271-origpic-6ff18f.jpg","datePublished":"2025-04-15T10:01:51+00:00","dateModified":"2026-04-11T00:32:58+00:00","breadcrumb":{"@id":"https:\/\/xenonkungen.com\/produkt\/ledinspect-dual-charge-pad\/#breadcrumb"},"inLanguage":"es","potentialAction":[{"@type":"ReadAction","target":["https:\/\/xenonkungen.com\/produkt\/ledinspect-dual-charge-pad\/"]}]},{"@type":"ImageObject","inLanguage":"es","@id":"https:\/\/xenonkungen.com\/produkt\/ledinspect-dual-charge-pad\/#primaryimage","url":"https:\/\/xenonkungen.com\/wp-content\/uploads\/2025\/04\/216175271-origpic-6ff18f.jpg","contentUrl":"https:\/\/xenonkungen.com\/wp-content\/uploads\/2025\/04\/216175271-origpic-6ff18f.jpg","width":1024,"height":1024},{"@type":"BreadcrumbList","@id":"https:\/\/xenonkungen.com\/produkt\/ledinspect-dual-charge-pad\/#breadcrumb","itemListElement":[{"@type":"ListItem","position":1,"name":"Hem","item":"https:\/\/xenonkungen.com\/"},{"@type":"ListItem","position":2,"name":"Shop","item":"https:\/\/xenonkungen.com\/shop\/"},{"@type":"ListItem","position":3,"name":"LEDinspect DUAL CHARGE PAD"}]},{"@type":"WebSite","@id":"https:\/\/xenonkungen.com\/#website","url":"https:\/\/xenonkungen.com\/","name":"Xenonkungen","description":"","potentialAction":[{"@type":"SearchAction","target":{"@type":"EntryPoint","urlTemplate":"https:\/\/xenonkungen.com\/?s={search_term_string}"},"query-input":{"@type":"PropertyValueSpecification","valueRequired":true,"valueName":"search_term_string"}}],"inLanguage":"es"}]}},"taxonomy_info":{"product_brand":[{"value":108,"label":"OSRAM"}],"product_cat":[{"value":134,"label":"Inspektionslampor"},{"value":1402,"label":"Outlet"}],"pa_godkannande":[{"value":2011,"label":"CE , EMC , MSDS , ROHS"}],"pa_storlek-mm":[{"value":2010,"label":"105x202x106"}]},"featured_image_src_large":["https:\/\/xenonkungen.com\/wp-content\/uploads\/2025\/04\/216175271-origpic-6ff18f.jpg",1024,1024,false],"author_info":[],"comment_info":0,"_links":{"self":[{"href":"https:\/\/xenonkungen.com\/es\/wp-json\/wp\/v2\/product\/7980","targetHints":{"allow":["GET"]}}],"collection":[{"href":"https:\/\/xenonkungen.com\/es\/wp-json\/wp\/v2\/product"}],"about":[{"href":"https:\/\/xenonkungen.com\/es\/wp-json\/wp\/v2\/types\/product"}],"replies":[{"embeddable":true,"href":"https:\/\/xenonkungen.com\/es\/wp-json\/wp\/v2\/comments?post=7980"}],"wp:featuredmedia":[{"embeddable":true,"href":"https:\/\/xenonkungen.com\/es\/wp-json\/wp\/v2\/media\/7981"}],"wp:attachment":[{"href":"https:\/\/xenonkungen.com\/es\/wp-json\/wp\/v2\/media?parent=7980"}],"wp:term":[{"taxonomy":"anvandningsomrade","embeddable":true,"href":"https:\/\/xenonkungen.com\/es\/wp-json\/wp\/v2\/anvandningsomrade?post=7980"},{"taxonomy":"bilmarken","embeddable":true,"href":"https:\/\/xenonkungen.com\/es\/wp-json\/wp\/v2\/bilmarken?post=7980"},{"taxonomy":"product_brand","embeddable":true,"href":"https:\/\/xenonkungen.com\/es\/wp-json\/wp\/v2\/product_brand?post=7980"},{"taxonomy":"product_cat","embeddable":true,"href":"https:\/\/xenonkungen.com\/es\/wp-json\/wp\/v2\/product_cat?post=7980"},{"taxonomy":"product_tag","embeddable":true,"href":"https:\/\/xenonkungen.com\/es\/wp-json\/wp\/v2\/product_tag?post=7980"}],"curies":[{"name":"wp","href":"https:\/\/api.w.org\/{rel}","templated":true}]}}