{"id":7999,"date":"2025-04-15T10:01:51","date_gmt":"2025-04-15T10:01:51","guid":{"rendered":"https:\/\/xenonkungen.com\/product\/ledinspect-single-charge-pad\/"},"modified":"2026-04-11T01:32:56","modified_gmt":"2026-04-11T00:32:56","slug":"almohadilla-de-carga-unica-ledinspect","status":"publish","type":"product","link":"https:\/\/xenonkungen.com\/es\/producto\/almohadilla-de-carga-unica-ledinspect\/","title":{"rendered":"LEDinspect SINGLE CHARGE PAD"},"content":{"rendered":"<h2>LEDinspect SINGLE CHARGE PAD<\/h2>\n<p>La soluci\u00f3n inteligente para l\u00e1mparas de inspecci\u00f3n profesionales. Con la base de carga inal\u00e1mbrica de OSRAM, no tendr\u00e1 que buscar el cable adecuado. Coloque sus l\u00e1mparas de inspecci\u00f3n en la base y se guardar\u00e1n de forma segura y se cargar\u00e1n autom\u00e1ticamente. Siempre listas para un flujo de trabajo fluido y eficiente sin interrupciones.<\/p>\n<p>Este dise\u00f1o innovador combina comodidad y fiabilidad para una experiencia de trabajo fluida. Experimente un nuevo nivel de flexibilidad y tecnolog\u00eda moderna con <strong>LEDinspect SINGLE CHARGE PAD<\/strong> \u2013 su socio confiable para una carga f\u00e1cil y r\u00e1pida.<\/p>\n<p>","protected":false},"excerpt":{"rendered":"<p>Base de carga para LEDinspect WIRE-FREE PRO 600 y LEDinspect WIRE-FREE SLIM 600<\/p>","protected":false},"featured_media":8000,"comment_status":"closed","ping_status":"closed","template":"","meta":{"_acf_changed":false,"_smort_price_nok":"401","_smort_price_dkk":"336","_smort_price_eur":"45","_smort_sale_price_nok":"401","_smort_sale_price_dkk":"","_smort_sale_price_eur":"29.65","smort_restorder":"","shipmondo_restorder":"","_kad_blocks_custom_css":"","_kad_blocks_head_custom_js":"","_kad_blocks_body_custom_js":"","_kad_blocks_footer_custom_js":"","smort_custom_pricelist_1":"316.8","smort_custom_pricelist_2":"277.2","smort_custom_pricelist_3":"257.4","smort_custom_pricelist_4":"396","smort_custom_pricelist_5":"277.2"},"anvandningsomrade":[],"bilmarken":[],"product_brand":[108],"product_cat":[134,1402],"product_tag":[],"class_list":{"0":"post-7999","1":"product","2":"type-product","3":"status-publish","4":"has-post-thumbnail","6":"product_brand-osram","7":"product_cat-inspektionslampor","8":"product_cat-outlet","9":"pa_godkannande-ce-emc-msds-rohs","10":"pa_storlek-mm-150x150x106","12":"first","13":"instock","14":"sale","15":"taxable","16":"shipping-taxable","17":"purchasable","18":"product-type-simple"},"bundled_by":[],"bundle_stock_status":"instock","bundle_stock_quantity":5,"bundle_virtual":false,"bundle_layout":"","bundle_add_to_cart_form_location":"","bundle_editable_in_cart":false,"bundle_sold_individually_context":"","bundle_item_grouping":"","bundle_min_size":"","bundle_max_size":"","bundle_price":[],"bundled_items":[],"bundle_sell_ids":[],"acf":[],"yoast_head":"<!-- This site is optimized with the Yoast SEO plugin v27.0 - https:\/\/yoast.com\/product\/yoast-seo-wordpress\/ -->\n<title>LEDinspect SINGLE CHARGE PAD - Xenonkungen<\/title>\n<meta name=\"robots\" content=\"index, follow, max-snippet:-1, max-image-preview:large, max-video-preview:-1\" \/>\n<link rel=\"canonical\" href=\"https:\/\/xenonkungen.com\/es\/producto\/almohadilla-de-carga-unica-ledinspect\/\" \/>\n<meta property=\"og:locale\" content=\"es_ES\" \/>\n<meta property=\"og:type\" content=\"article\" \/>\n<meta property=\"og:title\" content=\"LEDinspect SINGLE CHARGE PAD - Xenonkungen\" \/>\n<meta property=\"og:description\" content=\"Laddningsplatta till LEDinspect WIRE-FREE PRO 600 och LEDinspect WIRE-FREE SLIM 600\" \/>\n<meta property=\"og:url\" content=\"https:\/\/xenonkungen.com\/es\/producto\/almohadilla-de-carga-unica-ledinspect\/\" \/>\n<meta property=\"og:site_name\" content=\"Xenonkungen\" \/>\n<meta property=\"article:modified_time\" content=\"2026-04-11T00:32:56+00:00\" \/>\n<meta property=\"og:image\" content=\"https:\/\/xenonkungen.com\/wp-content\/uploads\/2025\/04\/216175021-origpic-ee6882.jpg\" \/>\n\t<meta property=\"og:image:width\" content=\"1024\" \/>\n\t<meta property=\"og:image:height\" content=\"1024\" \/>\n\t<meta property=\"og:image:type\" content=\"image\/jpeg\" \/>\n<meta name=\"twitter:card\" content=\"summary_large_image\" \/>\n<script type=\"application\/ld+json\" class=\"yoast-schema-graph\">{\"@context\":\"https:\/\/schema.org\",\"@graph\":[{\"@type\":\"WebPage\",\"@id\":\"https:\/\/xenonkungen.com\/produkt\/ledinspect-single-charge-pad\/\",\"url\":\"https:\/\/xenonkungen.com\/produkt\/ledinspect-single-charge-pad\/\",\"name\":\"LEDinspect SINGLE CHARGE PAD - Xenonkungen\",\"isPartOf\":{\"@id\":\"https:\/\/xenonkungen.com\/#website\"},\"primaryImageOfPage\":{\"@id\":\"https:\/\/xenonkungen.com\/produkt\/ledinspect-single-charge-pad\/#primaryimage\"},\"image\":{\"@id\":\"https:\/\/xenonkungen.com\/produkt\/ledinspect-single-charge-pad\/#primaryimage\"},\"thumbnailUrl\":\"https:\/\/xenonkungen.com\/wp-content\/uploads\/2025\/04\/216175021-origpic-ee6882.jpg\",\"datePublished\":\"2025-04-15T10:01:51+00:00\",\"dateModified\":\"2026-04-11T00:32:56+00:00\",\"breadcrumb\":{\"@id\":\"https:\/\/xenonkungen.com\/produkt\/ledinspect-single-charge-pad\/#breadcrumb\"},\"inLanguage\":\"es\",\"potentialAction\":[{\"@type\":\"ReadAction\",\"target\":[\"https:\/\/xenonkungen.com\/produkt\/ledinspect-single-charge-pad\/\"]}]},{\"@type\":\"ImageObject\",\"inLanguage\":\"es\",\"@id\":\"https:\/\/xenonkungen.com\/produkt\/ledinspect-single-charge-pad\/#primaryimage\",\"url\":\"https:\/\/xenonkungen.com\/wp-content\/uploads\/2025\/04\/216175021-origpic-ee6882.jpg\",\"contentUrl\":\"https:\/\/xenonkungen.com\/wp-content\/uploads\/2025\/04\/216175021-origpic-ee6882.jpg\",\"width\":1024,\"height\":1024},{\"@type\":\"BreadcrumbList\",\"@id\":\"https:\/\/xenonkungen.com\/produkt\/ledinspect-single-charge-pad\/#breadcrumb\",\"itemListElement\":[{\"@type\":\"ListItem\",\"position\":1,\"name\":\"Hem\",\"item\":\"https:\/\/xenonkungen.com\/\"},{\"@type\":\"ListItem\",\"position\":2,\"name\":\"Shop\",\"item\":\"https:\/\/xenonkungen.com\/shop\/\"},{\"@type\":\"ListItem\",\"position\":3,\"name\":\"LEDinspect SINGLE CHARGE PAD\"}]},{\"@type\":\"WebSite\",\"@id\":\"https:\/\/xenonkungen.com\/#website\",\"url\":\"https:\/\/xenonkungen.com\/\",\"name\":\"Xenonkungen\",\"description\":\"\",\"potentialAction\":[{\"@type\":\"SearchAction\",\"target\":{\"@type\":\"EntryPoint\",\"urlTemplate\":\"https:\/\/xenonkungen.com\/?s={search_term_string}\"},\"query-input\":{\"@type\":\"PropertyValueSpecification\",\"valueRequired\":true,\"valueName\":\"search_term_string\"}}],\"inLanguage\":\"es\"}]}<\/script>\n<!-- \/ Yoast SEO plugin. -->","yoast_head_json":{"title":"LEDinspect BASE DE CARGA \u00daNICA - El rey del xen\u00f3n","robots":{"index":"index","follow":"follow","max-snippet":"max-snippet:-1","max-image-preview":"max-image-preview:large","max-video-preview":"max-video-preview:-1"},"canonical":"https:\/\/xenonkungen.com\/es\/producto\/almohadilla-de-carga-unica-ledinspect\/","og_locale":"es_ES","og_type":"article","og_title":"LEDinspect SINGLE CHARGE PAD - Xenonkungen","og_description":"Laddningsplatta till LEDinspect WIRE-FREE PRO 600 och LEDinspect WIRE-FREE SLIM 600","og_url":"https:\/\/xenonkungen.com\/es\/producto\/almohadilla-de-carga-unica-ledinspect\/","og_site_name":"Xenonkungen","article_modified_time":"2026-04-11T00:32:56+00:00","og_image":[{"width":1024,"height":1024,"url":"https:\/\/xenonkungen.com\/wp-content\/uploads\/2025\/04\/216175021-origpic-ee6882.jpg","type":"image\/jpeg"}],"twitter_card":"summary_large_image","schema":{"@context":"https:\/\/schema.org","@graph":[{"@type":"WebPage","@id":"https:\/\/xenonkungen.com\/produkt\/ledinspect-single-charge-pad\/","url":"https:\/\/xenonkungen.com\/produkt\/ledinspect-single-charge-pad\/","name":"LEDinspect BASE DE CARGA \u00daNICA - El rey del xen\u00f3n","isPartOf":{"@id":"https:\/\/xenonkungen.com\/#website"},"primaryImageOfPage":{"@id":"https:\/\/xenonkungen.com\/produkt\/ledinspect-single-charge-pad\/#primaryimage"},"image":{"@id":"https:\/\/xenonkungen.com\/produkt\/ledinspect-single-charge-pad\/#primaryimage"},"thumbnailUrl":"https:\/\/xenonkungen.com\/wp-content\/uploads\/2025\/04\/216175021-origpic-ee6882.jpg","datePublished":"2025-04-15T10:01:51+00:00","dateModified":"2026-04-11T00:32:56+00:00","breadcrumb":{"@id":"https:\/\/xenonkungen.com\/produkt\/ledinspect-single-charge-pad\/#breadcrumb"},"inLanguage":"es","potentialAction":[{"@type":"ReadAction","target":["https:\/\/xenonkungen.com\/produkt\/ledinspect-single-charge-pad\/"]}]},{"@type":"ImageObject","inLanguage":"es","@id":"https:\/\/xenonkungen.com\/produkt\/ledinspect-single-charge-pad\/#primaryimage","url":"https:\/\/xenonkungen.com\/wp-content\/uploads\/2025\/04\/216175021-origpic-ee6882.jpg","contentUrl":"https:\/\/xenonkungen.com\/wp-content\/uploads\/2025\/04\/216175021-origpic-ee6882.jpg","width":1024,"height":1024},{"@type":"BreadcrumbList","@id":"https:\/\/xenonkungen.com\/produkt\/ledinspect-single-charge-pad\/#breadcrumb","itemListElement":[{"@type":"ListItem","position":1,"name":"Hem","item":"https:\/\/xenonkungen.com\/"},{"@type":"ListItem","position":2,"name":"Shop","item":"https:\/\/xenonkungen.com\/shop\/"},{"@type":"ListItem","position":3,"name":"LEDinspect SINGLE CHARGE PAD"}]},{"@type":"WebSite","@id":"https:\/\/xenonkungen.com\/#website","url":"https:\/\/xenonkungen.com\/","name":"Xenonkungen","description":"","potentialAction":[{"@type":"SearchAction","target":{"@type":"EntryPoint","urlTemplate":"https:\/\/xenonkungen.com\/?s={search_term_string}"},"query-input":{"@type":"PropertyValueSpecification","valueRequired":true,"valueName":"search_term_string"}}],"inLanguage":"es"}]}},"taxonomy_info":{"product_brand":[{"value":108,"label":"OSRAM"}],"product_cat":[{"value":134,"label":"Inspektionslampor"},{"value":1402,"label":"Outlet"}],"pa_godkannande":[{"value":2011,"label":"CE , EMC , MSDS , ROHS"}],"pa_storlek-mm":[{"value":2013,"label":"150x150x106"}]},"featured_image_src_large":["https:\/\/xenonkungen.com\/wp-content\/uploads\/2025\/04\/216175021-origpic-ee6882.jpg",1024,1024,false],"author_info":[],"comment_info":0,"_links":{"self":[{"href":"https:\/\/xenonkungen.com\/es\/wp-json\/wp\/v2\/product\/7999","targetHints":{"allow":["GET"]}}],"collection":[{"href":"https:\/\/xenonkungen.com\/es\/wp-json\/wp\/v2\/product"}],"about":[{"href":"https:\/\/xenonkungen.com\/es\/wp-json\/wp\/v2\/types\/product"}],"replies":[{"embeddable":true,"href":"https:\/\/xenonkungen.com\/es\/wp-json\/wp\/v2\/comments?post=7999"}],"wp:featuredmedia":[{"embeddable":true,"href":"https:\/\/xenonkungen.com\/es\/wp-json\/wp\/v2\/media\/8000"}],"wp:attachment":[{"href":"https:\/\/xenonkungen.com\/es\/wp-json\/wp\/v2\/media?parent=7999"}],"wp:term":[{"taxonomy":"anvandningsomrade","embeddable":true,"href":"https:\/\/xenonkungen.com\/es\/wp-json\/wp\/v2\/anvandningsomrade?post=7999"},{"taxonomy":"bilmarken","embeddable":true,"href":"https:\/\/xenonkungen.com\/es\/wp-json\/wp\/v2\/bilmarken?post=7999"},{"taxonomy":"product_brand","embeddable":true,"href":"https:\/\/xenonkungen.com\/es\/wp-json\/wp\/v2\/product_brand?post=7999"},{"taxonomy":"product_cat","embeddable":true,"href":"https:\/\/xenonkungen.com\/es\/wp-json\/wp\/v2\/product_cat?post=7999"},{"taxonomy":"product_tag","embeddable":true,"href":"https:\/\/xenonkungen.com\/es\/wp-json\/wp\/v2\/product_tag?post=7999"}],"curies":[{"name":"wp","href":"https:\/\/api.w.org\/{rel}","templated":true}]}}