{"id":8063,"date":"2025-04-15T10:02:41","date_gmt":"2025-04-15T10:02:41","guid":{"rendered":"https:\/\/xenonkungen.com\/product\/ledinspect-wearable-necklight\/"},"modified":"2026-04-11T01:32:42","modified_gmt":"2026-04-11T00:32:42","slug":"lampara-de-cuello-portatil-ledinspect","status":"publish","type":"product","link":"https:\/\/xenonkungen.com\/es\/producto\/lampara-de-cuello-portatil-ledinspect\/","title":{"rendered":"L\u00e1mpara LEDinspect\u00ae para llevar en el cuello"},"content":{"rendered":"<h2>Descubre la vers\u00e1til e innovadora linterna de cuello port\u00e1til LEDinspect de OSRAM.<\/h2>\n<p>La soluci\u00f3n de iluminaci\u00f3n perfecta tanto para uso profesional como personal. Con dos linternas desmontables individualmente y un dise\u00f1o flexible que permite llevarla colgada del cuello, usarla como frontal, sujetarla en la mano o fijarla a superficies magn\u00e9ticas, esta l\u00e1mpara te ofrece total libertad para trabajar con las manos libres. Tanto si realizas trabajos de precisi\u00f3n, reparas tu coche o te dedicas a las manualidades, esta l\u00e1mpara es una herramienta indispensable.<\/p>\n<h3>Iluminaci\u00f3n personalizable para cada necesidad<\/h3>\n<p>La l\u00e1mpara ofrece dos modos de potencia con hasta <strong>265 l\u00famenes<\/strong> (alto) o <strong>130 l\u00famenes<\/strong> (bajo) y un \u00e1ngulo ajustable de 90 grados, para que pueda ajustar f\u00e1cilmente la iluminaci\u00f3n a sus necesidades.<\/p>\n<h3>Bater\u00eda duradera y carga r\u00e1pida<\/h3>\n<p>La bater\u00eda recargable proporciona hasta <strong>3 horas de uso<\/strong> a m\u00e1xima potencia y hasta <strong>4,5 horas<\/strong> a menor potencia, y solo toma <strong>1,5 horas<\/strong> Para cargarlas. Tambi\u00e9n se incluye un cable de carga USB Micro B para cargar f\u00e1cilmente las luces individualmente.<\/p>\n<h3>Robusto y fiable<\/h3>\n<p>Med <strong>Protecci\u00f3n IP54<\/strong> resistente al polvo y a las salpicaduras de agua, y con una construcci\u00f3n robusta probada seg\u00fan <strong>IK07<\/strong> Para una mayor durabilidad, esta l\u00e1mpara puede soportar entornos y condiciones de trabajo exigentes.<\/p>\n<h3>Ligero y f\u00e1cil de transportar<\/h3>\n<p>Con un peso ligero de tan solo <strong>115 gramos<\/strong> y un dise\u00f1o liso es <strong>Luz de cuello port\u00e1til LEDinspect<\/strong> F\u00e1cil de guardar y transportar a cualquier lugar. Es ideal para manualidades, reparaciones de autom\u00f3viles y uso diario.<\/p>\n<p>OSRAM tambi\u00e9n ofrece <strong>2 a\u00f1os de garant\u00eda<\/strong>, para que puedas sentirte seguro con tu inversi\u00f3n.<\/p>","protected":false},"excerpt":{"rendered":"<p>Descubre la linterna de cuello LEDinspect de OSRAM: una soluci\u00f3n de iluminaci\u00f3n flexible y potente para uso profesional y personal. Gracias a su dise\u00f1o ajustable, bater\u00eda recargable y gran luminosidad, es ideal para todo tipo de tareas y entornos.<\/p>","protected":false},"featured_media":8064,"comment_status":"closed","ping_status":"closed","template":"","meta":{"_acf_changed":false,"_smort_price_nok":"360","_smort_price_dkk":"305","_smort_price_eur":"40.91","_smort_sale_price_nok":"360","_smort_sale_price_dkk":"","_smort_sale_price_eur":"30.68","smort_restorder":"","shipmondo_restorder":"","_kad_blocks_custom_css":"","_kad_blocks_head_custom_js":"","_kad_blocks_body_custom_js":"","_kad_blocks_footer_custom_js":"","smort_custom_pricelist_1":"288","smort_custom_pricelist_2":"252","smort_custom_pricelist_3":"234","smort_custom_pricelist_4":"360","smort_custom_pricelist_5":"252"},"anvandningsomrade":[237],"bilmarken":[],"product_brand":[108],"product_cat":[2647,1320,1402],"product_tag":[],"class_list":{"0":"post-8063","1":"product","2":"type-product","3":"status-publish","4":"has-post-thumbnail","6":"anvandningsomrade-fritid","7":"product_brand-osram","8":"product_cat-osram-ficklampor","9":"product_cat-ficklampor","10":"product_cat-outlet","11":"pa_fargtemperatur-2019","12":"pa_godkannande-ce-emc-msds-rohs-ukca","13":"pa_led-chips-effekt-w-2007","14":"pa_storlek-mm-25x158x150","15":"pa_volt-v-3-7","17":"first","18":"instock","19":"sale","20":"taxable","21":"shipping-taxable","22":"purchasable","23":"product-type-simple"},"bundled_by":[],"bundle_stock_status":"instock","bundle_stock_quantity":2,"bundle_virtual":false,"bundle_layout":"","bundle_add_to_cart_form_location":"","bundle_editable_in_cart":false,"bundle_sold_individually_context":"","bundle_item_grouping":"","bundle_min_size":"","bundle_max_size":"","bundle_price":[],"bundled_items":[],"bundle_sell_ids":[],"acf":[],"yoast_head":"<!-- This site is optimized with the Yoast SEO plugin v27.0 - https:\/\/yoast.com\/product\/yoast-seo-wordpress\/ -->\n<title>LEDinspect\u00ae Wearable Necklight - Xenonkungen<\/title>\n<meta name=\"robots\" content=\"index, follow, max-snippet:-1, max-image-preview:large, max-video-preview:-1\" \/>\n<link rel=\"canonical\" href=\"https:\/\/xenonkungen.com\/es\/producto\/lampara-de-cuello-portatil-ledinspect\/\" \/>\n<meta property=\"og:locale\" content=\"es_ES\" \/>\n<meta property=\"og:type\" content=\"article\" \/>\n<meta property=\"og:title\" content=\"LEDinspect\u00ae Wearable Necklight - Xenonkungen\" \/>\n<meta property=\"og:description\" content=\"Uppt\u00e4ck LEDinspect Wearable Neck Light fr\u00e5n OSRAM \u2013 en flexibel och kraftfull belysningsl\u00f6sning f\u00f6r b\u00e5de professionellt och privat bruk. Med sin justerbara design, laddningsbara batteri och starka ljusstyrka \u00e4r den idealisk f\u00f6r alla typer av uppgifter och milj\u00f6er.\" \/>\n<meta property=\"og:url\" content=\"https:\/\/xenonkungen.com\/es\/producto\/lampara-de-cuello-portatil-ledinspect\/\" \/>\n<meta property=\"og:site_name\" content=\"Xenonkungen\" \/>\n<meta property=\"article:modified_time\" content=\"2026-04-11T00:32:42+00:00\" \/>\n<meta property=\"og:image\" content=\"https:\/\/xenonkungen.com\/wp-content\/uploads\/2025\/04\/215790437-origpic-4ac9b2.jpg\" \/>\n\t<meta property=\"og:image:width\" content=\"913\" \/>\n\t<meta property=\"og:image:height\" content=\"915\" \/>\n\t<meta property=\"og:image:type\" content=\"image\/jpeg\" \/>\n<meta name=\"twitter:card\" content=\"summary_large_image\" \/>\n<meta name=\"twitter:label1\" content=\"Tiempo de lectura\" \/>\n\t<meta name=\"twitter:data1\" content=\"1 minuto\" \/>\n<script type=\"application\/ld+json\" class=\"yoast-schema-graph\">{\"@context\":\"https:\/\/schema.org\",\"@graph\":[{\"@type\":\"WebPage\",\"@id\":\"https:\/\/xenonkungen.com\/produkt\/ledinspect-wearable-necklight\/\",\"url\":\"https:\/\/xenonkungen.com\/produkt\/ledinspect-wearable-necklight\/\",\"name\":\"LEDinspect\u00ae Wearable Necklight - Xenonkungen\",\"isPartOf\":{\"@id\":\"https:\/\/xenonkungen.com\/#website\"},\"primaryImageOfPage\":{\"@id\":\"https:\/\/xenonkungen.com\/produkt\/ledinspect-wearable-necklight\/#primaryimage\"},\"image\":{\"@id\":\"https:\/\/xenonkungen.com\/produkt\/ledinspect-wearable-necklight\/#primaryimage\"},\"thumbnailUrl\":\"https:\/\/xenonkungen.com\/wp-content\/uploads\/2025\/04\/215790437-origpic-4ac9b2.jpg\",\"datePublished\":\"2025-04-15T10:02:41+00:00\",\"dateModified\":\"2026-04-11T00:32:42+00:00\",\"breadcrumb\":{\"@id\":\"https:\/\/xenonkungen.com\/produkt\/ledinspect-wearable-necklight\/#breadcrumb\"},\"inLanguage\":\"es\",\"potentialAction\":[{\"@type\":\"ReadAction\",\"target\":[\"https:\/\/xenonkungen.com\/produkt\/ledinspect-wearable-necklight\/\"]}]},{\"@type\":\"ImageObject\",\"inLanguage\":\"es\",\"@id\":\"https:\/\/xenonkungen.com\/produkt\/ledinspect-wearable-necklight\/#primaryimage\",\"url\":\"https:\/\/xenonkungen.com\/wp-content\/uploads\/2025\/04\/215790437-origpic-4ac9b2.jpg\",\"contentUrl\":\"https:\/\/xenonkungen.com\/wp-content\/uploads\/2025\/04\/215790437-origpic-4ac9b2.jpg\",\"width\":913,\"height\":915},{\"@type\":\"BreadcrumbList\",\"@id\":\"https:\/\/xenonkungen.com\/produkt\/ledinspect-wearable-necklight\/#breadcrumb\",\"itemListElement\":[{\"@type\":\"ListItem\",\"position\":1,\"name\":\"Hem\",\"item\":\"https:\/\/xenonkungen.com\/\"},{\"@type\":\"ListItem\",\"position\":2,\"name\":\"Shop\",\"item\":\"https:\/\/xenonkungen.com\/shop\/\"},{\"@type\":\"ListItem\",\"position\":3,\"name\":\"LEDinspect\u00ae Wearable Necklight\"}]},{\"@type\":\"WebSite\",\"@id\":\"https:\/\/xenonkungen.com\/#website\",\"url\":\"https:\/\/xenonkungen.com\/\",\"name\":\"Xenonkungen\",\"description\":\"\",\"potentialAction\":[{\"@type\":\"SearchAction\",\"target\":{\"@type\":\"EntryPoint\",\"urlTemplate\":\"https:\/\/xenonkungen.com\/?s={search_term_string}\"},\"query-input\":{\"@type\":\"PropertyValueSpecification\",\"valueRequired\":true,\"valueName\":\"search_term_string\"}}],\"inLanguage\":\"es\"}]}<\/script>\n<!-- \/ Yoast SEO plugin. -->","yoast_head_json":{"title":"Linterna de cuello port\u00e1til LEDinspect\u00ae: el rey del xen\u00f3n","robots":{"index":"index","follow":"follow","max-snippet":"max-snippet:-1","max-image-preview":"max-image-preview:large","max-video-preview":"max-video-preview:-1"},"canonical":"https:\/\/xenonkungen.com\/es\/producto\/lampara-de-cuello-portatil-ledinspect\/","og_locale":"es_ES","og_type":"article","og_title":"LEDinspect\u00ae Wearable Necklight - Xenonkungen","og_description":"Uppt\u00e4ck LEDinspect Wearable Neck Light fr\u00e5n OSRAM \u2013 en flexibel och kraftfull belysningsl\u00f6sning f\u00f6r b\u00e5de professionellt och privat bruk. Med sin justerbara design, laddningsbara batteri och starka ljusstyrka \u00e4r den idealisk f\u00f6r alla typer av uppgifter och milj\u00f6er.","og_url":"https:\/\/xenonkungen.com\/es\/producto\/lampara-de-cuello-portatil-ledinspect\/","og_site_name":"Xenonkungen","article_modified_time":"2026-04-11T00:32:42+00:00","og_image":[{"width":913,"height":915,"url":"https:\/\/xenonkungen.com\/wp-content\/uploads\/2025\/04\/215790437-origpic-4ac9b2.jpg","type":"image\/jpeg"}],"twitter_card":"summary_large_image","twitter_misc":{"Tiempo de lectura":"1 minuto"},"schema":{"@context":"https:\/\/schema.org","@graph":[{"@type":"WebPage","@id":"https:\/\/xenonkungen.com\/produkt\/ledinspect-wearable-necklight\/","url":"https:\/\/xenonkungen.com\/produkt\/ledinspect-wearable-necklight\/","name":"Linterna de cuello port\u00e1til LEDinspect\u00ae: el rey del xen\u00f3n","isPartOf":{"@id":"https:\/\/xenonkungen.com\/#website"},"primaryImageOfPage":{"@id":"https:\/\/xenonkungen.com\/produkt\/ledinspect-wearable-necklight\/#primaryimage"},"image":{"@id":"https:\/\/xenonkungen.com\/produkt\/ledinspect-wearable-necklight\/#primaryimage"},"thumbnailUrl":"https:\/\/xenonkungen.com\/wp-content\/uploads\/2025\/04\/215790437-origpic-4ac9b2.jpg","datePublished":"2025-04-15T10:02:41+00:00","dateModified":"2026-04-11T00:32:42+00:00","breadcrumb":{"@id":"https:\/\/xenonkungen.com\/produkt\/ledinspect-wearable-necklight\/#breadcrumb"},"inLanguage":"es","potentialAction":[{"@type":"ReadAction","target":["https:\/\/xenonkungen.com\/produkt\/ledinspect-wearable-necklight\/"]}]},{"@type":"ImageObject","inLanguage":"es","@id":"https:\/\/xenonkungen.com\/produkt\/ledinspect-wearable-necklight\/#primaryimage","url":"https:\/\/xenonkungen.com\/wp-content\/uploads\/2025\/04\/215790437-origpic-4ac9b2.jpg","contentUrl":"https:\/\/xenonkungen.com\/wp-content\/uploads\/2025\/04\/215790437-origpic-4ac9b2.jpg","width":913,"height":915},{"@type":"BreadcrumbList","@id":"https:\/\/xenonkungen.com\/produkt\/ledinspect-wearable-necklight\/#breadcrumb","itemListElement":[{"@type":"ListItem","position":1,"name":"Hem","item":"https:\/\/xenonkungen.com\/"},{"@type":"ListItem","position":2,"name":"Shop","item":"https:\/\/xenonkungen.com\/shop\/"},{"@type":"ListItem","position":3,"name":"LEDinspect\u00ae Wearable Necklight"}]},{"@type":"WebSite","@id":"https:\/\/xenonkungen.com\/#website","url":"https:\/\/xenonkungen.com\/","name":"Xenonkungen","description":"","potentialAction":[{"@type":"SearchAction","target":{"@type":"EntryPoint","urlTemplate":"https:\/\/xenonkungen.com\/?s={search_term_string}"},"query-input":{"@type":"PropertyValueSpecification","valueRequired":true,"valueName":"search_term_string"}}],"inLanguage":"es"}]}},"taxonomy_info":{"anvandningsomrade":[{"value":237,"label":"Fritid"}],"product_brand":[{"value":108,"label":"OSRAM"}],"product_cat":[{"value":2647,"label":"Osram"},{"value":1320,"label":"Ficklampor"},{"value":1402,"label":"Outlet"}],"pa_fargtemperatur":[{"value":2019,"label":"6500"}],"pa_godkannande":[{"value":2020,"label":"CE , EMC , MSDS , ROHS , UKCA"}],"pa_led-chips-effekt-w":[{"value":2007,"label":"1"}],"pa_storlek-mm":[{"value":2024,"label":"25x158x150"}],"pa_volt-v":[{"value":2016,"label":"3.7"}]},"featured_image_src_large":["https:\/\/xenonkungen.com\/wp-content\/uploads\/2025\/04\/215790437-origpic-4ac9b2.jpg",913,915,false],"author_info":[],"comment_info":0,"_links":{"self":[{"href":"https:\/\/xenonkungen.com\/es\/wp-json\/wp\/v2\/product\/8063","targetHints":{"allow":["GET"]}}],"collection":[{"href":"https:\/\/xenonkungen.com\/es\/wp-json\/wp\/v2\/product"}],"about":[{"href":"https:\/\/xenonkungen.com\/es\/wp-json\/wp\/v2\/types\/product"}],"replies":[{"embeddable":true,"href":"https:\/\/xenonkungen.com\/es\/wp-json\/wp\/v2\/comments?post=8063"}],"wp:featuredmedia":[{"embeddable":true,"href":"https:\/\/xenonkungen.com\/es\/wp-json\/wp\/v2\/media\/8064"}],"wp:attachment":[{"href":"https:\/\/xenonkungen.com\/es\/wp-json\/wp\/v2\/media?parent=8063"}],"wp:term":[{"taxonomy":"anvandningsomrade","embeddable":true,"href":"https:\/\/xenonkungen.com\/es\/wp-json\/wp\/v2\/anvandningsomrade?post=8063"},{"taxonomy":"bilmarken","embeddable":true,"href":"https:\/\/xenonkungen.com\/es\/wp-json\/wp\/v2\/bilmarken?post=8063"},{"taxonomy":"product_brand","embeddable":true,"href":"https:\/\/xenonkungen.com\/es\/wp-json\/wp\/v2\/product_brand?post=8063"},{"taxonomy":"product_cat","embeddable":true,"href":"https:\/\/xenonkungen.com\/es\/wp-json\/wp\/v2\/product_cat?post=8063"},{"taxonomy":"product_tag","embeddable":true,"href":"https:\/\/xenonkungen.com\/es\/wp-json\/wp\/v2\/product_tag?post=8063"}],"curies":[{"name":"wp","href":"https:\/\/api.w.org\/{rel}","templated":true}]}}