{"id":8111,"date":"2025-04-15T10:03:24","date_gmt":"2025-04-15T10:03:24","guid":{"rendered":"https:\/\/xenonkungen.com\/product\/osram-ledriving-lg\/"},"modified":"2026-03-11T09:46:16","modified_gmt":"2026-03-11T08:46:16","slug":"controlador-led-osram-lg","status":"publish","type":"product","link":"https:\/\/xenonkungen.com\/es\/producto\/controlador-led-osram-lg\/","title":{"rendered":"OSRAM LEDriving LG"},"content":{"rendered":"<h1>Detalles de estilo para su coche<\/h1>\n<p>Luz diurna LED con luz homog\u00e9nea y uniforme, sin puntos de luz en la fuente luminosa. Apta para la mayor\u00eda de los modelos de coche. La clasificaci\u00f3n IP69K la hace resistente al lavado intensivo del coche.<\/p>\n<p>Regulable hasta luz de posici\u00f3n cuando la luz de cruce est\u00e1 encendida.<\/p>\n<p>Producto de la m\u00e1s alta calidad con un patr\u00f3n de luz moderno y elegante equivalente al OEM en coches de alta gama.<\/p>\n<p class=\"font-headline-text-bold grey\"><strong>Garant\u00eda:<\/strong><br \/>5 a\u00f1os<\/p>\n<p class=\"font-headline-text-bold grey\"><strong>Info:<br \/><\/strong>2 Osram T10 LED incluido para la sustituci\u00f3n de las l\u00e1mparas de posici\u00f3n W5W del coche (no Canbus). Valor alrededor de 275:-.<\/p>","protected":false},"excerpt":{"rendered":"<p>\u00a1Actualice su coche con DRL de Osram!<\/p>","protected":false},"featured_media":8112,"comment_status":"closed","ping_status":"open","template":"","meta":{"_acf_changed":false,"_smort_price_nok":"1645","_smort_price_dkk":"1045","_smort_price_eur":"139.99","_smort_sale_price_nok":"","_smort_sale_price_dkk":"","_smort_sale_price_eur":"","smort_restorder":"","shipmondo_restorder":"","_kad_blocks_custom_css":"","_kad_blocks_head_custom_js":"","_kad_blocks_body_custom_js":"","_kad_blocks_footer_custom_js":"","smort_custom_pricelist_1":"985.6","smort_custom_pricelist_2":"985.6","smort_custom_pricelist_3":"936.32","smort_custom_pricelist_4":"1232","smort_custom_pricelist_5":"985.6"},"anvandningsomrade":[],"bilmarken":[],"product_brand":[108],"product_cat":[2507,338],"product_tag":[],"class_list":{"0":"post-8111","1":"product","2":"type-product","3":"status-publish","4":"has-post-thumbnail","6":"product_brand-osram","7":"product_cat-ovrig-belysning","8":"product_cat-diodlampor","9":"pa_fargtemperatur-1428","10":"pa_godkannande-ece-r87-r7-e4","11":"pa_led-chips-effekt-w-510","12":"pa_storlek-mm-42x32x167","13":"pa_volt-v-13-5","15":"first","16":"onbackorder","17":"taxable","18":"shipping-taxable","19":"purchasable","20":"product-type-simple"},"bundled_by":[],"bundle_stock_status":"onbackorder","bundle_stock_quantity":0,"bundle_virtual":false,"bundle_layout":"","bundle_add_to_cart_form_location":"","bundle_editable_in_cart":false,"bundle_sold_individually_context":"","bundle_item_grouping":"","bundle_min_size":"","bundle_max_size":"","bundle_price":[],"bundled_items":[],"bundle_sell_ids":[],"acf":[],"yoast_head":"<!-- This site is optimized with the Yoast SEO plugin v27.0 - https:\/\/yoast.com\/product\/yoast-seo-wordpress\/ -->\n<title>OSRAM LEDriving LG - Xenonkungen<\/title>\n<meta name=\"robots\" content=\"index, follow, max-snippet:-1, max-image-preview:large, max-video-preview:-1\" \/>\n<link rel=\"canonical\" href=\"https:\/\/xenonkungen.com\/es\/producto\/controlador-led-osram-lg\/\" \/>\n<meta property=\"og:locale\" content=\"es_ES\" \/>\n<meta property=\"og:type\" content=\"article\" \/>\n<meta property=\"og:title\" content=\"OSRAM LEDriving LG - Xenonkungen\" \/>\n<meta property=\"og:description\" content=\"Uppgradera din bil med DRL fr\u00e5n Osram!\" \/>\n<meta property=\"og:url\" content=\"https:\/\/xenonkungen.com\/es\/producto\/controlador-led-osram-lg\/\" \/>\n<meta property=\"og:site_name\" content=\"Xenonkungen\" \/>\n<meta property=\"article:modified_time\" content=\"2026-03-11T08:46:16+00:00\" \/>\n<meta property=\"og:image\" content=\"https:\/\/xenonkungen.com\/wp-content\/uploads\/2025\/04\/20935285-origpic-a0f18f.jpg\" \/>\n\t<meta property=\"og:image:width\" content=\"900\" \/>\n\t<meta property=\"og:image:height\" content=\"495\" \/>\n\t<meta property=\"og:image:type\" content=\"image\/jpeg\" \/>\n<meta name=\"twitter:card\" content=\"summary_large_image\" \/>\n<script type=\"application\/ld+json\" class=\"yoast-schema-graph\">{\"@context\":\"https:\/\/schema.org\",\"@graph\":[{\"@type\":\"WebPage\",\"@id\":\"https:\/\/xenonkungen.com\/produkt\/osram-ledriving-lg\/\",\"url\":\"https:\/\/xenonkungen.com\/produkt\/osram-ledriving-lg\/\",\"name\":\"OSRAM LEDriving LG - Xenonkungen\",\"isPartOf\":{\"@id\":\"https:\/\/xenonkungen.com\/#website\"},\"primaryImageOfPage\":{\"@id\":\"https:\/\/xenonkungen.com\/produkt\/osram-ledriving-lg\/#primaryimage\"},\"image\":{\"@id\":\"https:\/\/xenonkungen.com\/produkt\/osram-ledriving-lg\/#primaryimage\"},\"thumbnailUrl\":\"https:\/\/xenonkungen.com\/wp-content\/uploads\/2025\/04\/20935285-origpic-a0f18f.jpg\",\"datePublished\":\"2025-04-15T10:03:24+00:00\",\"dateModified\":\"2026-03-11T08:46:16+00:00\",\"breadcrumb\":{\"@id\":\"https:\/\/xenonkungen.com\/produkt\/osram-ledriving-lg\/#breadcrumb\"},\"inLanguage\":\"es\",\"potentialAction\":[{\"@type\":\"ReadAction\",\"target\":[\"https:\/\/xenonkungen.com\/produkt\/osram-ledriving-lg\/\"]}]},{\"@type\":\"ImageObject\",\"inLanguage\":\"es\",\"@id\":\"https:\/\/xenonkungen.com\/produkt\/osram-ledriving-lg\/#primaryimage\",\"url\":\"https:\/\/xenonkungen.com\/wp-content\/uploads\/2025\/04\/20935285-origpic-a0f18f.jpg\",\"contentUrl\":\"https:\/\/xenonkungen.com\/wp-content\/uploads\/2025\/04\/20935285-origpic-a0f18f.jpg\",\"width\":900,\"height\":495},{\"@type\":\"BreadcrumbList\",\"@id\":\"https:\/\/xenonkungen.com\/produkt\/osram-ledriving-lg\/#breadcrumb\",\"itemListElement\":[{\"@type\":\"ListItem\",\"position\":1,\"name\":\"Hem\",\"item\":\"https:\/\/xenonkungen.com\/\"},{\"@type\":\"ListItem\",\"position\":2,\"name\":\"Shop\",\"item\":\"https:\/\/xenonkungen.com\/shop\/\"},{\"@type\":\"ListItem\",\"position\":3,\"name\":\"OSRAM LEDriving LG\"}]},{\"@type\":\"WebSite\",\"@id\":\"https:\/\/xenonkungen.com\/#website\",\"url\":\"https:\/\/xenonkungen.com\/\",\"name\":\"Xenonkungen\",\"description\":\"\",\"potentialAction\":[{\"@type\":\"SearchAction\",\"target\":{\"@type\":\"EntryPoint\",\"urlTemplate\":\"https:\/\/xenonkungen.com\/?s={search_term_string}\"},\"query-input\":{\"@type\":\"PropertyValueSpecification\",\"valueRequired\":true,\"valueName\":\"search_term_string\"}}],\"inLanguage\":\"es\"}]}<\/script>\n<!-- \/ Yoast SEO plugin. -->","yoast_head_json":{"title":"OSRAM LEDriving LG - El rey del xen\u00f3n","robots":{"index":"index","follow":"follow","max-snippet":"max-snippet:-1","max-image-preview":"max-image-preview:large","max-video-preview":"max-video-preview:-1"},"canonical":"https:\/\/xenonkungen.com\/es\/producto\/controlador-led-osram-lg\/","og_locale":"es_ES","og_type":"article","og_title":"OSRAM LEDriving LG - Xenonkungen","og_description":"Uppgradera din bil med DRL fr\u00e5n Osram!","og_url":"https:\/\/xenonkungen.com\/es\/producto\/controlador-led-osram-lg\/","og_site_name":"Xenonkungen","article_modified_time":"2026-03-11T08:46:16+00:00","og_image":[{"width":900,"height":495,"url":"https:\/\/xenonkungen.com\/wp-content\/uploads\/2025\/04\/20935285-origpic-a0f18f.jpg","type":"image\/jpeg"}],"twitter_card":"summary_large_image","schema":{"@context":"https:\/\/schema.org","@graph":[{"@type":"WebPage","@id":"https:\/\/xenonkungen.com\/produkt\/osram-ledriving-lg\/","url":"https:\/\/xenonkungen.com\/produkt\/osram-ledriving-lg\/","name":"OSRAM LEDriving LG - El rey del xen\u00f3n","isPartOf":{"@id":"https:\/\/xenonkungen.com\/#website"},"primaryImageOfPage":{"@id":"https:\/\/xenonkungen.com\/produkt\/osram-ledriving-lg\/#primaryimage"},"image":{"@id":"https:\/\/xenonkungen.com\/produkt\/osram-ledriving-lg\/#primaryimage"},"thumbnailUrl":"https:\/\/xenonkungen.com\/wp-content\/uploads\/2025\/04\/20935285-origpic-a0f18f.jpg","datePublished":"2025-04-15T10:03:24+00:00","dateModified":"2026-03-11T08:46:16+00:00","breadcrumb":{"@id":"https:\/\/xenonkungen.com\/produkt\/osram-ledriving-lg\/#breadcrumb"},"inLanguage":"es","potentialAction":[{"@type":"ReadAction","target":["https:\/\/xenonkungen.com\/produkt\/osram-ledriving-lg\/"]}]},{"@type":"ImageObject","inLanguage":"es","@id":"https:\/\/xenonkungen.com\/produkt\/osram-ledriving-lg\/#primaryimage","url":"https:\/\/xenonkungen.com\/wp-content\/uploads\/2025\/04\/20935285-origpic-a0f18f.jpg","contentUrl":"https:\/\/xenonkungen.com\/wp-content\/uploads\/2025\/04\/20935285-origpic-a0f18f.jpg","width":900,"height":495},{"@type":"BreadcrumbList","@id":"https:\/\/xenonkungen.com\/produkt\/osram-ledriving-lg\/#breadcrumb","itemListElement":[{"@type":"ListItem","position":1,"name":"Hem","item":"https:\/\/xenonkungen.com\/"},{"@type":"ListItem","position":2,"name":"Shop","item":"https:\/\/xenonkungen.com\/shop\/"},{"@type":"ListItem","position":3,"name":"OSRAM LEDriving LG"}]},{"@type":"WebSite","@id":"https:\/\/xenonkungen.com\/#website","url":"https:\/\/xenonkungen.com\/","name":"Xenonkungen","description":"","potentialAction":[{"@type":"SearchAction","target":{"@type":"EntryPoint","urlTemplate":"https:\/\/xenonkungen.com\/?s={search_term_string}"},"query-input":{"@type":"PropertyValueSpecification","valueRequired":true,"valueName":"search_term_string"}}],"inLanguage":"es"}]}},"taxonomy_info":{"product_brand":[{"value":108,"label":"OSRAM"}],"product_cat":[{"value":2507,"label":"\u00d6vrig belysning"},{"value":338,"label":"Diodlampor"}],"pa_fargtemperatur":[{"value":1428,"label":"6000"}],"pa_godkannande":[{"value":2030,"label":"ECE R87, R7, E4"}],"pa_led-chips-effekt-w":[{"value":510,"label":"15"}],"pa_storlek-mm":[{"value":2028,"label":"42x32x167"}],"pa_volt-v":[{"value":2029,"label":"13.5"}]},"featured_image_src_large":["https:\/\/xenonkungen.com\/wp-content\/uploads\/2025\/04\/20935285-origpic-a0f18f.jpg",900,495,false],"author_info":[],"comment_info":0,"_links":{"self":[{"href":"https:\/\/xenonkungen.com\/es\/wp-json\/wp\/v2\/product\/8111","targetHints":{"allow":["GET"]}}],"collection":[{"href":"https:\/\/xenonkungen.com\/es\/wp-json\/wp\/v2\/product"}],"about":[{"href":"https:\/\/xenonkungen.com\/es\/wp-json\/wp\/v2\/types\/product"}],"replies":[{"embeddable":true,"href":"https:\/\/xenonkungen.com\/es\/wp-json\/wp\/v2\/comments?post=8111"}],"wp:featuredmedia":[{"embeddable":true,"href":"https:\/\/xenonkungen.com\/es\/wp-json\/wp\/v2\/media\/8112"}],"wp:attachment":[{"href":"https:\/\/xenonkungen.com\/es\/wp-json\/wp\/v2\/media?parent=8111"}],"wp:term":[{"taxonomy":"anvandningsomrade","embeddable":true,"href":"https:\/\/xenonkungen.com\/es\/wp-json\/wp\/v2\/anvandningsomrade?post=8111"},{"taxonomy":"bilmarken","embeddable":true,"href":"https:\/\/xenonkungen.com\/es\/wp-json\/wp\/v2\/bilmarken?post=8111"},{"taxonomy":"product_brand","embeddable":true,"href":"https:\/\/xenonkungen.com\/es\/wp-json\/wp\/v2\/product_brand?post=8111"},{"taxonomy":"product_cat","embeddable":true,"href":"https:\/\/xenonkungen.com\/es\/wp-json\/wp\/v2\/product_cat?post=8111"},{"taxonomy":"product_tag","embeddable":true,"href":"https:\/\/xenonkungen.com\/es\/wp-json\/wp\/v2\/product_tag?post=8111"}],"curies":[{"name":"wp","href":"https:\/\/api.w.org\/{rel}","templated":true}]}}