{"id":8139,"date":"2025-04-15T10:03:44","date_gmt":"2025-04-15T10:03:44","guid":{"rendered":"https:\/\/xenonkungen.com\/product\/ledriving-dynamiska-spegelblinkers-bmw-1-serie-white\/"},"modified":"2026-04-11T01:31:58","modified_gmt":"2026-04-11T00:31:58","slug":"intermitentes-dinamicos-para-retrovisores-ledriving-bmw-serie-1-color-blanco","status":"publish","type":"product","link":"https:\/\/xenonkungen.com\/es\/producto\/intermitentes-dinamicos-para-retrovisores-ledriving-bmw-serie-1-color-blanco\/","title":{"rendered":"Intermitentes din\u00e1micos LEDriving\u00ae para espejos - BMW Serie 1 (BLANCO)"},"content":{"rendered":"<p>Intermitentes din\u00e1micos para retrovisores exteriores LEDriving de OSRAM <\/p>\n<p><strong>Innovador y actual<\/strong><\/p>\n<p>Impulsados por nuestra b\u00fasqueda de la innovaci\u00f3n y la calidad, estamos redefiniendo la iluminaci\u00f3n del autom\u00f3vil de OSRAM. Junto con los intermitentes din\u00e1micos LEDriving, la amplia gama LED de OSRAM ha recibido una nueva actualizaci\u00f3n. Estos indicadores de espejo LED totalmente din\u00e1micos ofrecen un dise\u00f1o innovador que complementa de forma impresionante su apariencia individual. Se basan en innovadores LEDs de alto rendimiento con hasta 200% m\u00e1s de brillo) y un impresionante alto contraste durante el d\u00eda y la noche debido a la intensa luz LED amarilla) <\/p>\n<p>Gracias a la \u00faltima tecnolog\u00eda de control de luz, tambi\u00e9n ofrecen una distribuci\u00f3n homog\u00e9nea de la luz sobre la superficie a iluminar. Como resultado de todos estos aspectos, existe la posibilidad de mejorar la percepci\u00f3n de su veh\u00edculo por parte del tr\u00e1fico que circula en sentido contrario y, por tanto, aumentar la seguridad en el tr\u00e1fico rodado. (Adem\u00e1s, OSRAM concede una garant\u00eda de 5 a\u00f1os3)<\/p>\n<p><strong>Alta compatibilidad y dise\u00f1o personalizado<\/strong><\/p>\n<p>Los intermitentes din\u00e1micos LED para retrovisores se caracterizan no s\u00f3lo por su innovadora tecnolog\u00eda de iluminaci\u00f3n, sino tambi\u00e9n por un alto nivel de compatibilidad. As\u00ed, son compatibles con una gran variedad de modelos de veh\u00edculos. Tambi\u00e9n hay dos variantes entre las que elegir: BLACK EDITION o WHITE EDITION, ambas dise\u00f1adas para resaltar eficazmente el estilo individual de muchos veh\u00edculos. Mientras que la edici\u00f3n BLACK impresiona con un dise\u00f1o tintado y negro, la edici\u00f3n WHITE tiene un dise\u00f1o claro y blanco. Gracias a las dos versiones diferentes, los intermitentes din\u00e1micos LED para retrovisores se adaptan perfectamente al exterior de una amplia gama de veh\u00edculos.<\/p>\n<p><strong>Conversi\u00f3n sencilla y certificada por la CEPE<\/strong><\/p>\n<p>Acentuar el veh\u00edculo de forma completamente legal, sencilla y extremadamente elegante con llamativos acentos es ahora muy f\u00e1cil con las \u00faltimas innovaciones de OSRAM. De acuerdo con las directrices ECE, se han llevado a cabo las pruebas y aprobaciones necesarias en los intermitentes din\u00e1micos para retrovisores LEDriving, lo que significa que son completamente legales en el tr\u00e1fico rodado y no es necesario registrarlos en la documentaci\u00f3n del veh\u00edculo. Certificado ECE seg\u00fan ECE R6\/R10.<br \/>La tecnolog\u00eda Plug &amp; Play garantiza una instalaci\u00f3n r\u00e1pida y sin complicaciones de los intermitentes din\u00e1micos de retrovisor LEDriving; no es necesario sustituir ni da\u00f1ar los cables existentes.<br \/>Calidad OSRAM probada seg\u00fan DIN EN ISO \/ IEC 17025<\/p>\n<p>El indicador de espejo din\u00e1mico LEDriving ha sido probado en nuestro laboratorio de simulaci\u00f3n medioambiental certificado por la norma DIN frente a influencias externas extremas en t\u00e9rminos de agua, polvo, temperaturas fr\u00edas y calientes, luz ultravioleta y vibraciones permanentes, y validado con la clase de protecci\u00f3n IP6K9K.<\/p>\n<p><strong>Enciende el WOW con los intermitentes din\u00e1micos LEDriving de OSRAM<\/strong><\/p>\n<p>Edici\u00f3n en blanco<\/p>\n<p><strong>Adecuado para<\/strong><\/p>\n<p>BMW Serie 1 F20, F21, F52 (2011-<br \/>BMW serie 2 F22, F23 (2014-<br \/>BMW Serie 3 F30, F31, F35, F34 (2011-2019)<br \/>BMW serie 4 F32, F33, F36 (2013-<br \/>BMW X1 E84 (2009-2015)<\/p>\n<p>N\u00famero de art\u00edculo Osram: LEDDMI F20 BK S<\/p>\n<p><strong>Garant\u00eda 5 a\u00f1os<\/strong><\/p>\n<p><iframe loading=\"lazy\" frameborder=\"0\" height=\"315\" allow=\"accelerometer; autoplay; encrypted-media; gyroscope; picture-in-picture\" src=\"https:\/\/www.youtube.com\/embed\/cUa8TbPyV_M\" width=\"560\" allowfullscreen=\"allowfullscreen\"><\/iframe><\/p>\n<p><iframe loading=\"lazy\" frameborder=\"0\" height=\"315\" allow=\"accelerometer; autoplay; encrypted-media; gyroscope; picture-in-picture\" src=\"https:\/\/www.youtube.com\/embed\/mfQBQt-UfmM\" width=\"560\" allowfullscreen=\"allowfullscreen\"><\/iframe><\/p>","protected":false},"excerpt":{"rendered":"<p>\u00a1Intermitentes din\u00e1micos para retrovisores de Osram! \u00a1Da a su coche un aspecto m\u00e1s agradable, al tiempo que aumenta la seguridad en el tr\u00e1fico!<\/p>","protected":false},"featured_media":8140,"comment_status":"closed","ping_status":"closed","template":"","meta":{"_acf_changed":false,"_smort_price_nok":"2446","_smort_price_dkk":"1554","_smort_price_eur":"208.17","_smort_sale_price_nok":"","_smort_sale_price_dkk":"","_smort_sale_price_eur":"","smort_restorder":"","shipmondo_restorder":"","_kad_blocks_custom_css":"","_kad_blocks_head_custom_js":"","_kad_blocks_body_custom_js":"","_kad_blocks_footer_custom_js":"","smort_custom_pricelist_1":"1465.6","smort_custom_pricelist_2":"1465.6","smort_custom_pricelist_3":"1392.32","smort_custom_pricelist_4":"1832","smort_custom_pricelist_5":"1465.6"},"anvandningsomrade":[],"bilmarken":[],"product_brand":[108],"product_cat":[2644,338],"product_tag":[],"class_list":{"0":"post-8139","1":"product","2":"type-product","3":"status-publish","4":"has-post-thumbnail","6":"product_brand-osram","7":"product_cat-dynamiska-spegelblinkers","8":"product_cat-diodlampor","9":"pa_fuktskydd-varde-ipxx-ip69","10":"pa_godkannande-ece-r7-ece-r10","11":"pa_lampsockel-kontakt-plug-and-play-pnp","12":"pa_volt-v-159","14":"first","15":"instock","16":"taxable","17":"shipping-taxable","18":"purchasable","19":"product-type-simple"},"bundled_by":[],"bundle_stock_status":"instock","bundle_stock_quantity":2,"bundle_virtual":false,"bundle_layout":"","bundle_add_to_cart_form_location":"","bundle_editable_in_cart":false,"bundle_sold_individually_context":"","bundle_item_grouping":"","bundle_min_size":"","bundle_max_size":"","bundle_price":[],"bundled_items":[],"bundle_sell_ids":[],"acf":[],"yoast_head":"<!-- This site is optimized with the Yoast SEO plugin v27.0 - https:\/\/yoast.com\/product\/yoast-seo-wordpress\/ -->\n<title>LEDriving\u00ae Dynamiska spegelblinkers - BMW 1-serie (WHITE) - Xenonkungen<\/title>\n<meta name=\"robots\" content=\"index, follow, max-snippet:-1, max-image-preview:large, max-video-preview:-1\" \/>\n<link rel=\"canonical\" href=\"https:\/\/xenonkungen.com\/es\/producto\/intermitentes-dinamicos-para-retrovisores-ledriving-bmw-serie-1-color-blanco\/\" \/>\n<meta property=\"og:locale\" content=\"es_ES\" \/>\n<meta property=\"og:type\" content=\"article\" \/>\n<meta property=\"og:title\" content=\"LEDriving\u00ae Dynamiska spegelblinkers - BMW 1-serie (WHITE) - Xenonkungen\" \/>\n<meta property=\"og:description\" content=\"Dynamisk Spegelblinkers ifr\u00e5n Osram! Ger er bil ett snyggare utseende, samtidigt som det h\u00f6jer s\u00e4kerheten i trafiken!\" \/>\n<meta property=\"og:url\" content=\"https:\/\/xenonkungen.com\/es\/producto\/intermitentes-dinamicos-para-retrovisores-ledriving-bmw-serie-1-color-blanco\/\" \/>\n<meta property=\"og:site_name\" content=\"Xenonkungen\" \/>\n<meta property=\"article:modified_time\" content=\"2026-04-11T00:31:58+00:00\" \/>\n<meta property=\"og:image\" content=\"https:\/\/xenonkungen.com\/wp-content\/uploads\/2025\/04\/178097999-origpic-56523c.jpg\" \/>\n\t<meta property=\"og:image:width\" content=\"900\" \/>\n\t<meta property=\"og:image:height\" content=\"900\" \/>\n\t<meta property=\"og:image:type\" content=\"image\/jpeg\" \/>\n<meta name=\"twitter:card\" content=\"summary_large_image\" \/>\n<meta name=\"twitter:label1\" content=\"Tiempo de lectura\" \/>\n\t<meta name=\"twitter:data1\" content=\"2 minutos\" \/>\n<script type=\"application\/ld+json\" class=\"yoast-schema-graph\">{\"@context\":\"https:\/\/schema.org\",\"@graph\":[{\"@type\":\"WebPage\",\"@id\":\"https:\/\/xenonkungen.com\/produkt\/ledriving-dynamiska-spegelblinkers-bmw-1-serie-white\/\",\"url\":\"https:\/\/xenonkungen.com\/produkt\/ledriving-dynamiska-spegelblinkers-bmw-1-serie-white\/\",\"name\":\"LEDriving\u00ae Dynamiska spegelblinkers - BMW 1-serie (WHITE) - Xenonkungen\",\"isPartOf\":{\"@id\":\"https:\/\/xenonkungen.com\/#website\"},\"primaryImageOfPage\":{\"@id\":\"https:\/\/xenonkungen.com\/produkt\/ledriving-dynamiska-spegelblinkers-bmw-1-serie-white\/#primaryimage\"},\"image\":{\"@id\":\"https:\/\/xenonkungen.com\/produkt\/ledriving-dynamiska-spegelblinkers-bmw-1-serie-white\/#primaryimage\"},\"thumbnailUrl\":\"https:\/\/xenonkungen.com\/wp-content\/uploads\/2025\/04\/178097999-origpic-56523c.jpg\",\"datePublished\":\"2025-04-15T10:03:44+00:00\",\"dateModified\":\"2026-04-11T00:31:58+00:00\",\"breadcrumb\":{\"@id\":\"https:\/\/xenonkungen.com\/produkt\/ledriving-dynamiska-spegelblinkers-bmw-1-serie-white\/#breadcrumb\"},\"inLanguage\":\"es\",\"potentialAction\":[{\"@type\":\"ReadAction\",\"target\":[\"https:\/\/xenonkungen.com\/produkt\/ledriving-dynamiska-spegelblinkers-bmw-1-serie-white\/\"]}]},{\"@type\":\"ImageObject\",\"inLanguage\":\"es\",\"@id\":\"https:\/\/xenonkungen.com\/produkt\/ledriving-dynamiska-spegelblinkers-bmw-1-serie-white\/#primaryimage\",\"url\":\"https:\/\/xenonkungen.com\/wp-content\/uploads\/2025\/04\/178097999-origpic-56523c.jpg\",\"contentUrl\":\"https:\/\/xenonkungen.com\/wp-content\/uploads\/2025\/04\/178097999-origpic-56523c.jpg\",\"width\":900,\"height\":900},{\"@type\":\"BreadcrumbList\",\"@id\":\"https:\/\/xenonkungen.com\/produkt\/ledriving-dynamiska-spegelblinkers-bmw-1-serie-white\/#breadcrumb\",\"itemListElement\":[{\"@type\":\"ListItem\",\"position\":1,\"name\":\"Hem\",\"item\":\"https:\/\/xenonkungen.com\/\"},{\"@type\":\"ListItem\",\"position\":2,\"name\":\"Shop\",\"item\":\"https:\/\/xenonkungen.com\/shop\/\"},{\"@type\":\"ListItem\",\"position\":3,\"name\":\"LEDriving\u00ae Dynamiska spegelblinkers &#8211; BMW 1-serie (WHITE)\"}]},{\"@type\":\"WebSite\",\"@id\":\"https:\/\/xenonkungen.com\/#website\",\"url\":\"https:\/\/xenonkungen.com\/\",\"name\":\"Xenonkungen\",\"description\":\"\",\"potentialAction\":[{\"@type\":\"SearchAction\",\"target\":{\"@type\":\"EntryPoint\",\"urlTemplate\":\"https:\/\/xenonkungen.com\/?s={search_term_string}\"},\"query-input\":{\"@type\":\"PropertyValueSpecification\",\"valueRequired\":true,\"valueName\":\"search_term_string\"}}],\"inLanguage\":\"es\"}]}<\/script>\n<!-- \/ Yoast SEO plugin. -->","yoast_head_json":{"title":"Intermitentes din\u00e1micos LEDriving\u00ae para retrovisores - BMW Serie 1 (BLANCO) - Xen\u00f3n","robots":{"index":"index","follow":"follow","max-snippet":"max-snippet:-1","max-image-preview":"max-image-preview:large","max-video-preview":"max-video-preview:-1"},"canonical":"https:\/\/xenonkungen.com\/es\/producto\/intermitentes-dinamicos-para-retrovisores-ledriving-bmw-serie-1-color-blanco\/","og_locale":"es_ES","og_type":"article","og_title":"LEDriving\u00ae Dynamiska spegelblinkers - BMW 1-serie (WHITE) - Xenonkungen","og_description":"Dynamisk Spegelblinkers ifr\u00e5n Osram! Ger er bil ett snyggare utseende, samtidigt som det h\u00f6jer s\u00e4kerheten i trafiken!","og_url":"https:\/\/xenonkungen.com\/es\/producto\/intermitentes-dinamicos-para-retrovisores-ledriving-bmw-serie-1-color-blanco\/","og_site_name":"Xenonkungen","article_modified_time":"2026-04-11T00:31:58+00:00","og_image":[{"width":900,"height":900,"url":"https:\/\/xenonkungen.com\/wp-content\/uploads\/2025\/04\/178097999-origpic-56523c.jpg","type":"image\/jpeg"}],"twitter_card":"summary_large_image","twitter_misc":{"Tiempo de lectura":"2 minutos"},"schema":{"@context":"https:\/\/schema.org","@graph":[{"@type":"WebPage","@id":"https:\/\/xenonkungen.com\/produkt\/ledriving-dynamiska-spegelblinkers-bmw-1-serie-white\/","url":"https:\/\/xenonkungen.com\/produkt\/ledriving-dynamiska-spegelblinkers-bmw-1-serie-white\/","name":"Intermitentes din\u00e1micos LEDriving\u00ae para retrovisores - BMW Serie 1 (BLANCO) - Xen\u00f3n","isPartOf":{"@id":"https:\/\/xenonkungen.com\/#website"},"primaryImageOfPage":{"@id":"https:\/\/xenonkungen.com\/produkt\/ledriving-dynamiska-spegelblinkers-bmw-1-serie-white\/#primaryimage"},"image":{"@id":"https:\/\/xenonkungen.com\/produkt\/ledriving-dynamiska-spegelblinkers-bmw-1-serie-white\/#primaryimage"},"thumbnailUrl":"https:\/\/xenonkungen.com\/wp-content\/uploads\/2025\/04\/178097999-origpic-56523c.jpg","datePublished":"2025-04-15T10:03:44+00:00","dateModified":"2026-04-11T00:31:58+00:00","breadcrumb":{"@id":"https:\/\/xenonkungen.com\/produkt\/ledriving-dynamiska-spegelblinkers-bmw-1-serie-white\/#breadcrumb"},"inLanguage":"es","potentialAction":[{"@type":"ReadAction","target":["https:\/\/xenonkungen.com\/produkt\/ledriving-dynamiska-spegelblinkers-bmw-1-serie-white\/"]}]},{"@type":"ImageObject","inLanguage":"es","@id":"https:\/\/xenonkungen.com\/produkt\/ledriving-dynamiska-spegelblinkers-bmw-1-serie-white\/#primaryimage","url":"https:\/\/xenonkungen.com\/wp-content\/uploads\/2025\/04\/178097999-origpic-56523c.jpg","contentUrl":"https:\/\/xenonkungen.com\/wp-content\/uploads\/2025\/04\/178097999-origpic-56523c.jpg","width":900,"height":900},{"@type":"BreadcrumbList","@id":"https:\/\/xenonkungen.com\/produkt\/ledriving-dynamiska-spegelblinkers-bmw-1-serie-white\/#breadcrumb","itemListElement":[{"@type":"ListItem","position":1,"name":"Hem","item":"https:\/\/xenonkungen.com\/"},{"@type":"ListItem","position":2,"name":"Shop","item":"https:\/\/xenonkungen.com\/shop\/"},{"@type":"ListItem","position":3,"name":"LEDriving\u00ae Dynamiska spegelblinkers &#8211; BMW 1-serie (WHITE)"}]},{"@type":"WebSite","@id":"https:\/\/xenonkungen.com\/#website","url":"https:\/\/xenonkungen.com\/","name":"Xenonkungen","description":"","potentialAction":[{"@type":"SearchAction","target":{"@type":"EntryPoint","urlTemplate":"https:\/\/xenonkungen.com\/?s={search_term_string}"},"query-input":{"@type":"PropertyValueSpecification","valueRequired":true,"valueName":"search_term_string"}}],"inLanguage":"es"}]}},"taxonomy_info":{"product_brand":[{"value":108,"label":"OSRAM"}],"product_cat":[{"value":2644,"label":"Dynamiska spegelblinkers"},{"value":338,"label":"Diodlampor"}],"pa_fuktskydd-varde-ipxx":[{"value":960,"label":"IP69"}],"pa_godkannande":[{"value":2033,"label":"ECE R7 , ECE R10"}],"pa_lampsockel-kontakt":[{"value":2032,"label":"Plug and Play (PnP)"}],"pa_volt-v":[{"value":159,"label":"12"}]},"featured_image_src_large":["https:\/\/xenonkungen.com\/wp-content\/uploads\/2025\/04\/178097999-origpic-56523c.jpg",900,900,false],"author_info":[],"comment_info":0,"_links":{"self":[{"href":"https:\/\/xenonkungen.com\/es\/wp-json\/wp\/v2\/product\/8139","targetHints":{"allow":["GET"]}}],"collection":[{"href":"https:\/\/xenonkungen.com\/es\/wp-json\/wp\/v2\/product"}],"about":[{"href":"https:\/\/xenonkungen.com\/es\/wp-json\/wp\/v2\/types\/product"}],"replies":[{"embeddable":true,"href":"https:\/\/xenonkungen.com\/es\/wp-json\/wp\/v2\/comments?post=8139"}],"wp:featuredmedia":[{"embeddable":true,"href":"https:\/\/xenonkungen.com\/es\/wp-json\/wp\/v2\/media\/8140"}],"wp:attachment":[{"href":"https:\/\/xenonkungen.com\/es\/wp-json\/wp\/v2\/media?parent=8139"}],"wp:term":[{"taxonomy":"anvandningsomrade","embeddable":true,"href":"https:\/\/xenonkungen.com\/es\/wp-json\/wp\/v2\/anvandningsomrade?post=8139"},{"taxonomy":"bilmarken","embeddable":true,"href":"https:\/\/xenonkungen.com\/es\/wp-json\/wp\/v2\/bilmarken?post=8139"},{"taxonomy":"product_brand","embeddable":true,"href":"https:\/\/xenonkungen.com\/es\/wp-json\/wp\/v2\/product_brand?post=8139"},{"taxonomy":"product_cat","embeddable":true,"href":"https:\/\/xenonkungen.com\/es\/wp-json\/wp\/v2\/product_cat?post=8139"},{"taxonomy":"product_tag","embeddable":true,"href":"https:\/\/xenonkungen.com\/es\/wp-json\/wp\/v2\/product_tag?post=8139"}],"curies":[{"name":"wp","href":"https:\/\/api.w.org\/{rel}","templated":true}]}}