{"id":8208,"date":"2025-04-15T10:04:26","date_gmt":"2025-04-15T10:04:26","guid":{"rendered":"https:\/\/xenonkungen.com\/product\/ledriving-round-vx80-wd\/"},"modified":"2026-04-24T17:41:14","modified_gmt":"2026-04-24T16:41:14","slug":"conduccion-redonda-vx80-wd","status":"publish","type":"product","link":"https:\/\/xenonkungen.com\/es\/producto\/conduccion-redonda-vx80-wd\/","title":{"rendered":"LEDriving\u00ae ROUND VX80-WD"},"content":{"rendered":"<h1>Ilumina tu vida con las luces de trabajo y conducci\u00f3n LEDriving de OSRAM<\/h1>\n<p>La OSRAM LEDriving Round VX80-WD ilumina los oscuros caminos rurales y pistas forestales.<\/p>\n<p>Con 4 potentes LEDs de larga duraci\u00f3n y alto rendimiento, la OSRAM LEDriving Round VX80-WD tiene un alcance de hasta 240 metros y proporciona a los conductores una gran antelaci\u00f3n tanto en carretera como fuera de ella. Incluso en condiciones de poca luz, la OSRAM LEDriving Round VX80-WD proporciona un entorno similar a la luz diurna gracias a una temperatura de color de hasta 6.000 Kelvin. El intenso flujo luminoso de hasta 1.150 l\u00famenes se combina con una eficiencia \u00f3ptica muy alta y una distribuci\u00f3n uniforme de la luz. Esto le permite ver mejor y que su veh\u00edculo sea percibido m\u00e1s f\u00e1cilmente por otros usuarios de la carretera, contribuyendo a una mayor seguridad vial tanto en carretera como fuera de ella.<\/p>\n<p>\u00bfEn carretera o fuera de ella? <br \/>La OSRAM LEDriving Round VX80-WD impresiona por su potente rendimiento y su larga vida \u00fatil de hasta 5.000 horas. Gracias a sus materiales de alta calidad, como una carcasa de aluminio y una robusta lente de policarbonato, esta vers\u00e1til l\u00e1mpara resiste condiciones ambientales adversas y es ligera y duradera. La OSRAM LEDriving Round VX80-WD ha sido probada en nuestro laboratorio de simulaci\u00f3n ambiental con certificaci\u00f3n DIN para condiciones externas extremas como agua, polvo, golpes, altas y bajas temperaturas y vibraciones permanentes y validada con la clase de protecci\u00f3n IP67. Una unidad de accionamiento integrada y un sistema de gesti\u00f3n t\u00e9rmica regulan la temperatura de la OSRAM LEDriving Round VX80-WD y evitan da\u00f1os causados por sobrecalentamiento. La protecci\u00f3n de polaridad evita una polaridad incorrecta en la fuente de alimentaci\u00f3n y previene posibles da\u00f1os mediante la desconexi\u00f3n autom\u00e1tica de los LED. <\/p>\n<p>\u00bfEn carretera o fuera de ella? <br \/>El OSRAM LEDriving Round VX80-WD es una actualizaci\u00f3n eficiente para su veh\u00edculo. Los faros de carretera LED con certificaci\u00f3n ECE no requieren una nueva matriculaci\u00f3n ni adiciones a la documentaci\u00f3n del veh\u00edculo.<br \/>N\u00famero de referencia CEPE: 12.5<br \/>La OSRAM LEDriving Round VX80-WD se puede montar en coches, camiones, maquinaria agr\u00edcola, veh\u00edculos utilitarios, veh\u00edculos de construcci\u00f3n, maquinaria forestal, caravanas, veh\u00edculos todoterreno y quads.<br \/>La OSRAM LEDriving Round VX80-WD es vers\u00e1til y flexible.<\/p>","protected":false},"excerpt":{"rendered":"<p>Luz de trabajo\/extra duradera con haz ancho de Osram<\/p>","protected":false},"featured_media":8209,"comment_status":"closed","ping_status":"open","template":"","meta":{"_acf_changed":false,"_smort_price_nok":"790","_smort_price_dkk":"502","_smort_price_eur":"67.27","_smort_sale_price_nok":"","_smort_sale_price_dkk":"","_smort_sale_price_eur":"","smort_restorder":"","shipmondo_restorder":"","_kad_blocks_custom_css":"","_kad_blocks_head_custom_js":"","_kad_blocks_body_custom_js":"","_kad_blocks_footer_custom_js":"","smort_custom_pricelist_1":"473.6","smort_custom_pricelist_2":"473.6","smort_custom_pricelist_3":"449.92","smort_custom_pricelist_4":"592","smort_custom_pricelist_5":"473.6"},"anvandningsomrade":[],"bilmarken":[],"product_brand":[108],"product_cat":[2639,508],"product_tag":[],"class_list":{"0":"post-8208","1":"product","2":"type-product","3":"status-publish","4":"has-post-thumbnail","6":"product_brand-osram","7":"product_cat-osram-ledriving-arbetsbelysning","8":"product_cat-arbetsbelysning","9":"pa_fargtemperatur-1428","10":"pa_fuktskydd-varde-ipxx-ip67","11":"pa_godkannande-e4-ece-r10-r112","12":"pa_lampsockel-kontakt-open-wires","13":"pa_led-chips-effekt-w-1371","14":"pa_storlek-mm-82x83x65","15":"pa_volt-v-12-24","17":"first","18":"instock","19":"taxable","20":"shipping-taxable","21":"purchasable","22":"product-type-simple"},"bundled_by":[],"bundle_stock_status":"instock","bundle_stock_quantity":3,"bundle_virtual":false,"bundle_layout":"","bundle_add_to_cart_form_location":"","bundle_editable_in_cart":false,"bundle_sold_individually_context":"","bundle_item_grouping":"","bundle_min_size":"","bundle_max_size":"","bundle_price":[],"bundled_items":[],"bundle_sell_ids":[],"acf":[],"yoast_head":"<!-- This site is optimized with the Yoast SEO plugin v27.0 - https:\/\/yoast.com\/product\/yoast-seo-wordpress\/ -->\n<title>LEDriving\u00ae ROUND VX80-WD - Xenonkungen<\/title>\n<meta name=\"robots\" content=\"index, follow, max-snippet:-1, max-image-preview:large, max-video-preview:-1\" \/>\n<link rel=\"canonical\" href=\"https:\/\/xenonkungen.com\/es\/producto\/conduccion-redonda-vx80-wd\/\" \/>\n<meta property=\"og:locale\" content=\"es_ES\" \/>\n<meta property=\"og:type\" content=\"article\" \/>\n<meta property=\"og:title\" content=\"LEDriving\u00ae ROUND VX80-WD - Xenonkungen\" \/>\n<meta property=\"og:description\" content=\"T\u00e5ligt arbetsljus\/Extraljus Med bred ljusbild fr\u00e5n Osram\" \/>\n<meta property=\"og:url\" content=\"https:\/\/xenonkungen.com\/es\/producto\/conduccion-redonda-vx80-wd\/\" \/>\n<meta property=\"og:site_name\" content=\"Xenonkungen\" \/>\n<meta property=\"article:modified_time\" content=\"2026-04-24T16:41:14+00:00\" \/>\n<meta property=\"og:image\" content=\"https:\/\/xenonkungen.com\/wp-content\/uploads\/2025\/04\/178266187-origpic-ff088a.jpg\" \/>\n\t<meta property=\"og:image:width\" content=\"900\" \/>\n\t<meta property=\"og:image:height\" content=\"900\" \/>\n\t<meta property=\"og:image:type\" content=\"image\/jpeg\" \/>\n<meta name=\"twitter:card\" content=\"summary_large_image\" \/>\n<meta name=\"twitter:label1\" content=\"Tiempo de lectura\" \/>\n\t<meta name=\"twitter:data1\" content=\"2 minutos\" \/>\n<script type=\"application\/ld+json\" class=\"yoast-schema-graph\">{\"@context\":\"https:\/\/schema.org\",\"@graph\":[{\"@type\":\"WebPage\",\"@id\":\"https:\/\/xenonkungen.com\/produkt\/ledriving-round-vx80-wd\/\",\"url\":\"https:\/\/xenonkungen.com\/produkt\/ledriving-round-vx80-wd\/\",\"name\":\"LEDriving\u00ae ROUND VX80-WD - Xenonkungen\",\"isPartOf\":{\"@id\":\"https:\/\/xenonkungen.com\/#website\"},\"primaryImageOfPage\":{\"@id\":\"https:\/\/xenonkungen.com\/produkt\/ledriving-round-vx80-wd\/#primaryimage\"},\"image\":{\"@id\":\"https:\/\/xenonkungen.com\/produkt\/ledriving-round-vx80-wd\/#primaryimage\"},\"thumbnailUrl\":\"https:\/\/xenonkungen.com\/wp-content\/uploads\/2025\/04\/178266187-origpic-ff088a.jpg\",\"datePublished\":\"2025-04-15T10:04:26+00:00\",\"dateModified\":\"2026-04-24T16:41:14+00:00\",\"breadcrumb\":{\"@id\":\"https:\/\/xenonkungen.com\/produkt\/ledriving-round-vx80-wd\/#breadcrumb\"},\"inLanguage\":\"es\",\"potentialAction\":[{\"@type\":\"ReadAction\",\"target\":[\"https:\/\/xenonkungen.com\/produkt\/ledriving-round-vx80-wd\/\"]}]},{\"@type\":\"ImageObject\",\"inLanguage\":\"es\",\"@id\":\"https:\/\/xenonkungen.com\/produkt\/ledriving-round-vx80-wd\/#primaryimage\",\"url\":\"https:\/\/xenonkungen.com\/wp-content\/uploads\/2025\/04\/178266187-origpic-ff088a.jpg\",\"contentUrl\":\"https:\/\/xenonkungen.com\/wp-content\/uploads\/2025\/04\/178266187-origpic-ff088a.jpg\",\"width\":900,\"height\":900},{\"@type\":\"BreadcrumbList\",\"@id\":\"https:\/\/xenonkungen.com\/produkt\/ledriving-round-vx80-wd\/#breadcrumb\",\"itemListElement\":[{\"@type\":\"ListItem\",\"position\":1,\"name\":\"Hem\",\"item\":\"https:\/\/xenonkungen.com\/\"},{\"@type\":\"ListItem\",\"position\":2,\"name\":\"Shop\",\"item\":\"https:\/\/xenonkungen.com\/shop\/\"},{\"@type\":\"ListItem\",\"position\":3,\"name\":\"LEDriving\u00ae ROUND VX80-WD\"}]},{\"@type\":\"WebSite\",\"@id\":\"https:\/\/xenonkungen.com\/#website\",\"url\":\"https:\/\/xenonkungen.com\/\",\"name\":\"Xenonkungen\",\"description\":\"\",\"potentialAction\":[{\"@type\":\"SearchAction\",\"target\":{\"@type\":\"EntryPoint\",\"urlTemplate\":\"https:\/\/xenonkungen.com\/?s={search_term_string}\"},\"query-input\":{\"@type\":\"PropertyValueSpecification\",\"valueRequired\":true,\"valueName\":\"search_term_string\"}}],\"inLanguage\":\"es\"}]}<\/script>\n<!-- \/ Yoast SEO plugin. -->","yoast_head_json":{"title":"LEDriving\u00ae ROUND VX80-WD - El rey del xen\u00f3n","robots":{"index":"index","follow":"follow","max-snippet":"max-snippet:-1","max-image-preview":"max-image-preview:large","max-video-preview":"max-video-preview:-1"},"canonical":"https:\/\/xenonkungen.com\/es\/producto\/conduccion-redonda-vx80-wd\/","og_locale":"es_ES","og_type":"article","og_title":"LEDriving\u00ae ROUND VX80-WD - Xenonkungen","og_description":"T\u00e5ligt arbetsljus\/Extraljus Med bred ljusbild fr\u00e5n Osram","og_url":"https:\/\/xenonkungen.com\/es\/producto\/conduccion-redonda-vx80-wd\/","og_site_name":"Xenonkungen","article_modified_time":"2026-04-24T16:41:14+00:00","og_image":[{"width":900,"height":900,"url":"https:\/\/xenonkungen.com\/wp-content\/uploads\/2025\/04\/178266187-origpic-ff088a.jpg","type":"image\/jpeg"}],"twitter_card":"summary_large_image","twitter_misc":{"Tiempo de lectura":"2 minutos"},"schema":{"@context":"https:\/\/schema.org","@graph":[{"@type":"WebPage","@id":"https:\/\/xenonkungen.com\/produkt\/ledriving-round-vx80-wd\/","url":"https:\/\/xenonkungen.com\/produkt\/ledriving-round-vx80-wd\/","name":"LEDriving\u00ae ROUND VX80-WD - El rey del xen\u00f3n","isPartOf":{"@id":"https:\/\/xenonkungen.com\/#website"},"primaryImageOfPage":{"@id":"https:\/\/xenonkungen.com\/produkt\/ledriving-round-vx80-wd\/#primaryimage"},"image":{"@id":"https:\/\/xenonkungen.com\/produkt\/ledriving-round-vx80-wd\/#primaryimage"},"thumbnailUrl":"https:\/\/xenonkungen.com\/wp-content\/uploads\/2025\/04\/178266187-origpic-ff088a.jpg","datePublished":"2025-04-15T10:04:26+00:00","dateModified":"2026-04-24T16:41:14+00:00","breadcrumb":{"@id":"https:\/\/xenonkungen.com\/produkt\/ledriving-round-vx80-wd\/#breadcrumb"},"inLanguage":"es","potentialAction":[{"@type":"ReadAction","target":["https:\/\/xenonkungen.com\/produkt\/ledriving-round-vx80-wd\/"]}]},{"@type":"ImageObject","inLanguage":"es","@id":"https:\/\/xenonkungen.com\/produkt\/ledriving-round-vx80-wd\/#primaryimage","url":"https:\/\/xenonkungen.com\/wp-content\/uploads\/2025\/04\/178266187-origpic-ff088a.jpg","contentUrl":"https:\/\/xenonkungen.com\/wp-content\/uploads\/2025\/04\/178266187-origpic-ff088a.jpg","width":900,"height":900},{"@type":"BreadcrumbList","@id":"https:\/\/xenonkungen.com\/produkt\/ledriving-round-vx80-wd\/#breadcrumb","itemListElement":[{"@type":"ListItem","position":1,"name":"Hem","item":"https:\/\/xenonkungen.com\/"},{"@type":"ListItem","position":2,"name":"Shop","item":"https:\/\/xenonkungen.com\/shop\/"},{"@type":"ListItem","position":3,"name":"LEDriving\u00ae ROUND VX80-WD"}]},{"@type":"WebSite","@id":"https:\/\/xenonkungen.com\/#website","url":"https:\/\/xenonkungen.com\/","name":"Xenonkungen","description":"","potentialAction":[{"@type":"SearchAction","target":{"@type":"EntryPoint","urlTemplate":"https:\/\/xenonkungen.com\/?s={search_term_string}"},"query-input":{"@type":"PropertyValueSpecification","valueRequired":true,"valueName":"search_term_string"}}],"inLanguage":"es"}]}},"taxonomy_info":{"product_brand":[{"value":108,"label":"OSRAM"}],"product_cat":[{"value":2639,"label":"OSRAM Ledriving"},{"value":508,"label":"Arbetsbelysning"}],"pa_fargtemperatur":[{"value":1428,"label":"6000"}],"pa_fuktskydd-varde-ipxx":[{"value":333,"label":"IP67"}],"pa_godkannande":[{"value":1930,"label":"E4, ECE R10, R112"}],"pa_lampsockel-kontakt":[{"value":2047,"label":"Open Wires"}],"pa_led-chips-effekt-w":[{"value":1371,"label":"22"}],"pa_storlek-mm":[{"value":2046,"label":"82x83x65"}],"pa_volt-v":[{"value":348,"label":"12, 24"}]},"featured_image_src_large":["https:\/\/xenonkungen.com\/wp-content\/uploads\/2025\/04\/178266187-origpic-ff088a.jpg",900,900,false],"author_info":[],"comment_info":0,"_links":{"self":[{"href":"https:\/\/xenonkungen.com\/es\/wp-json\/wp\/v2\/product\/8208","targetHints":{"allow":["GET"]}}],"collection":[{"href":"https:\/\/xenonkungen.com\/es\/wp-json\/wp\/v2\/product"}],"about":[{"href":"https:\/\/xenonkungen.com\/es\/wp-json\/wp\/v2\/types\/product"}],"replies":[{"embeddable":true,"href":"https:\/\/xenonkungen.com\/es\/wp-json\/wp\/v2\/comments?post=8208"}],"wp:featuredmedia":[{"embeddable":true,"href":"https:\/\/xenonkungen.com\/es\/wp-json\/wp\/v2\/media\/8209"}],"wp:attachment":[{"href":"https:\/\/xenonkungen.com\/es\/wp-json\/wp\/v2\/media?parent=8208"}],"wp:term":[{"taxonomy":"anvandningsomrade","embeddable":true,"href":"https:\/\/xenonkungen.com\/es\/wp-json\/wp\/v2\/anvandningsomrade?post=8208"},{"taxonomy":"bilmarken","embeddable":true,"href":"https:\/\/xenonkungen.com\/es\/wp-json\/wp\/v2\/bilmarken?post=8208"},{"taxonomy":"product_brand","embeddable":true,"href":"https:\/\/xenonkungen.com\/es\/wp-json\/wp\/v2\/product_brand?post=8208"},{"taxonomy":"product_cat","embeddable":true,"href":"https:\/\/xenonkungen.com\/es\/wp-json\/wp\/v2\/product_cat?post=8208"},{"taxonomy":"product_tag","embeddable":true,"href":"https:\/\/xenonkungen.com\/es\/wp-json\/wp\/v2\/product_tag?post=8208"}],"curies":[{"name":"wp","href":"https:\/\/api.w.org\/{rel}","templated":true}]}}